{"id":121628,"date":"2020-06-27T14:31:43","date_gmt":"2020-06-27T12:31:43","guid":{"rendered":"https:\/\/dutchhealthstore.com\/product\/oakmoss-absolute\/"},"modified":"2025-03-13T11:43:35","modified_gmt":"2025-03-13T10:43:35","slug":"oakmoss-absolute","status":"publish","type":"product","link":"https:\/\/dutchhealthstore.com\/fr\/product\/oakmoss-absolute\/","title":{"rendered":"Oakmoss Absolute"},"content":{"rendered":"<h3><img decoding=\"async\" class=\"alignright size-full wp-image-69549\" src=\"https:\/\/dutchhealthstore.com\/wp-content\/uploads\/2019\/08\/NEW-Living-Libations-Logo.jpg\" alt=\"NEW - Living Libations - Logo\" width=\"175\" height=\"82\"><\/h3>\n<p><strong>Nom botanique :<\/strong> Evernia prunastri<br \/>\n<strong>Famille botanique :<\/strong> Parmeliaceae<br \/>\n<strong>M\u00e9thode d&rsquo;extraction :<\/strong> Extraction par solvant<br \/>\n<strong>Partie de la plante distill\u00e9e :<\/strong> Lichen<br \/>\n<strong>Pays d&rsquo;origine :<\/strong> Mac\u00e9doine<br \/>\n<strong>M\u00e9thode de culture :<\/strong> Cueillette sauvage<br \/>\n<strong>Composition :<\/strong> \u00c9pais<\/p>\n<h3>Description de l&rsquo;odeur<\/h3>\n<p>Mousse magnifique, terreuse et ros\u00e9e, avec des notes aromatiques de terre foresti\u00e8re fra\u00eeche et de pin.<\/p>\n<h3>Se marie bien avec<\/h3>\n<p>V\u00e9tiver, vanille, patchouli, bois de santal, nard, racine d&rsquo;iris, absolu de cacao, sapin blanc, pin, mousse du Groenland, citron, citron vert, gen\u00e9vrier, cypr\u00e8s et orange sanguine.<\/p>\n<h3>Utilisations<\/h3>\n<p>Parfumerie, m\u00e9ditation, aromath\u00e9rapie<\/p>\n<h3>Contre-indications<\/h3>\n<p>Non recommand\u00e9 pour les enfants, les femmes enceintes, les m\u00e8res qui allaitent, les \u00e9pileptiques et les personnes \u00e2g\u00e9es. Voir la note ci-dessous.*<\/p>\n<p>Notre Oakmoss Absolute est un ar\u00f4me verdoyant et terreux absolument unique parmi les huiles essentielles !<br \/>\nCette absolue visqueuse, de couleur vert fonc\u00e9, est extraite du lichen qui s&rsquo;accroche \u00e0 l&rsquo;\u00e9corce des ch\u00eanes fran\u00e7ais dans les for\u00eats humides.<br \/>\nLe lichen offre une huile aromatique fra\u00eeche et moussue qui est un \u00e9l\u00e9ment de base des accords chypr\u00e9s et des foug\u00e8res en parfumerie depuis des d\u00e9cennies.<\/p>\n<h3>Ingr\u00e9dients biologiques<\/h3>\n<p><strong>Taille : 5 ml (alcool 50:50)<\/strong><\/p>\n<p>100% d&rsquo;absolue de mousse de ch\u00eane (Evernia prunastri).<\/p>\n<p style=\"text-align: center;\"><em>\u00ab\u00a0C&rsquo;est l&rsquo;un des plus fins de tous les fixateurs et, de plus, il donne une note \u00ab\u00a0bois\u00e9e\u00a0\u00bb ou \u00ab\u00a0terreuse\u00a0\u00bb persistante aux parfums. Elle est indispensable \u00e0 la formulation des chypr\u00e9s, dont il existe une multitude de variantes, mais la mousse de ch\u00eane et la bergamote sont pr\u00e9sentes dans toutes. La mousse de ch\u00eane est \u00e9galement une excellente base pour les parfums foug\u00e8res ; et dans la lavande, elle est absolument essentielle. Elle conf\u00e8re une fra\u00eecheur charmante \u00e0 la bergamote, au citron et au citron vert ; et elle ajoute un je ne sais quoi aux fragrances florales du jasmin, de la rose et de la fleur d&rsquo;oranger. \u00c0 l&rsquo;ylang-ylang, \u00e0 la coriandre et \u00e0 la vanille, il donne un certain \u00ab\u00a0ton\u00a0\u00bb, tandis qu&rsquo;au patchouli, au v\u00e9tiver et au musc, il apporte profondeur et stabilit\u00e9&#8230; Il n&rsquo;est donc pas \u00e9tonnant que la mousse de ch\u00eane soit si respect\u00e9e par le parfumeur.\u00a0\u00bb<\/em><br \/>\n~ Jill Jessee, <strong>Perfume Album<\/strong><\/p>\n<p style=\"text-align: center;\"><em>\u00ab\u00a0La fragrance est pleine, moussue, et ressemble un peu \u00e0 du goudron. C&rsquo;est un fixateur naturel pour les parfums.\u00a0\u00bb<\/em><br \/>\n~ Susanne Fischer-Rizzi, <strong>Complete Aromatherapy Handbook<\/strong><\/p>\n<p style=\"text-align: center;\"><em>\u00ab\u00a0L&rsquo;absolue de mousse de ch\u00eane, malgr\u00e9 sa longue tradition d&rsquo;utilisation en parfumerie, son odeur unique et irrempla\u00e7able et sa nature de fixateur, a maintenant une utilisation s\u00e9v\u00e8rement restreinte, et une interdiction compl\u00e8te pourrait \u00eatre imminente. Cela est d\u00fb au fait qu&rsquo;elle est susceptible de provoquer une sensibilisation et une r\u00e9activit\u00e9 crois\u00e9e lorsqu&rsquo;elle est appliqu\u00e9e sur la peau. Cependant, les fabricants de parfums ont fait de nombreux efforts pour identifier les allerg\u00e8nes de la mousse de ch\u00eane et produire des extraits exempts des composants incrimin\u00e9s (tels que l&rsquo;atranorine, la chloroatronine et les h\u00e9matomates). Plusieurs m\u00e9thodes pour l&rsquo;\u00e9limination de ces derniers ont maintenant \u00e9t\u00e9 brevet\u00e9es, et tous les extraits dont les niveaux ont \u00e9t\u00e9 r\u00e9duits ont donn\u00e9 de bons r\u00e9sultats lors des tests.\u00a0\u00bb<\/em><br \/>\n~ Jennifer Peace Rhind, Fragrance and Wellbeing: <strong>Plant Aromatics and Their Influence on the Psyche<\/strong><\/p>\n<p style=\"text-align: center;\"><em>\u00ab\u00a0Il [oakmoss] a \u00e9t\u00e9 trouv\u00e9 dans des tombes \u00e9gyptiennes. Elle \u00e9tait populaire dans les parfums du XVIe si\u00e8cle et reste aujourd&rsquo;hui un fixateur dans les parfums de type chypre (du nom de Chypre, patrie de cette mousse).\u00a0\u00bb<\/em><br \/>\n~ Keville and Green, <strong>Aromatherapy: A Complete Guide to the Art<\/strong><\/p>\n<p style=\"text-align: center;\"><em>\u00ab\u00a0N&rsquo;est-ce pas tout simplement les feuilles de mousse, sauf que<\/em><br \/>\n<em>ils n&rsquo;ont pas de langue, ils pourraient faire la morale<\/em><br \/>\n<em>toute la journ\u00e9e s&rsquo;ils le voulaient sur<\/em><br \/>\n<em>la patience spirituelle ? N&rsquo;est-il pas clair<\/em><br \/>\n<em>les ch\u00eanes noirs le long du chemin sont debout<\/em><br \/>\n<em>comme s&rsquo;il s&rsquo;agissait de la plus fragile des fleurs ?\u00a0\u00bb<\/em><br \/>\n~ Susan Branch, A Fine Romance: <strong>Falling in Love with the English Countryside<\/strong><\/p>\n<p>*<strong>Remarque :<\/strong> Depuis les ann\u00e9es 1940, des restrictions ont \u00e9t\u00e9 impos\u00e9es sur l&rsquo;absolu de mousse de ch\u00eane en raison de son potentiel d&rsquo;irritation et de sensibilisation de la peau. Certains de ses composants, comme l&rsquo;atranorine, les h\u00e9matomates et la chloroatronine, peuvent provoquer des \u00e9ruptions et des r\u00e9actions chez les peaux sensibles.<\/p>\n<p>Pourtant, dans un rapport r\u00e9cent sur l&rsquo;innocuit\u00e9 de Oakmoss Absolute, Joulain et Tabacchi (2009) ont relev\u00e9 de nombreuses incoh\u00e9rences et inexactitudes dans les recherches qui ont contribu\u00e9 aux pr\u00e9occupations actuelles concernant l&rsquo;absolue de mousse de ch\u00eane.<br \/>\nEn examinant les recherches men\u00e9es entre les ann\u00e9es 1940 et 1970, les auteurs de ce rapport ont d\u00e9couvert des publications trompeuses, des informations inexactes et des conclusions non fond\u00e9es tir\u00e9es de tests toxicologiques potentiellement erron\u00e9s. Alors que l&rsquo;innocuit\u00e9 de Oakmoss Absolute de ch\u00eane est assur\u00e9e pour la plupart des types de peau, le potentiel de sensibilisation est une question complexe encore d\u00e9battue par les parfumeurs.<br \/>\nPour cette raison, il est recommand\u00e9 de diluer Oakmoss Absolute \u00e0 0,1% pour \u00e9viter toute possibilit\u00e9 de sensibilisation de la peau.<\/p>\n<p><img fetchpriority=\"high\" decoding=\"async\" class=\"size-medium wp-image-68103 aligncenter\" src=\"https:\/\/dutchhealthstore.com\/wp-content\/uploads\/2018\/02\/Living-Libations-Organic-Logo-800x89.png\" alt=\"Living Libations - Organic Logo\" width=\"800\" height=\"89\" srcset=\"https:\/\/dutchhealthstore.com\/wp-content\/uploads\/2018\/02\/Living-Libations-Organic-Logo-800x89.png 800w, https:\/\/dutchhealthstore.com\/wp-content\/uploads\/2018\/02\/Living-Libations-Organic-Logo-510x57.png 510w, https:\/\/dutchhealthstore.com\/wp-content\/uploads\/2018\/02\/Living-Libations-Organic-Logo-768x85.png 768w, https:\/\/dutchhealthstore.com\/wp-content\/uploads\/2018\/02\/Living-Libations-Organic-Logo.png 1400w\" sizes=\"(max-width: 800px) 100vw, 800px\" \/><\/p>\n","protected":false},"excerpt":{"rendered":"<p>Chaque \u00eatre vivant dans la for\u00eat d\u00e9gage une essence.<br \/>\nLes parures fleuries, les grands arbres, les feuilles de linotte et les racines robustes peuvent recevoir tous les honneurs, mais ce sont les plus petits organismes de la nature qui volent la vedette.<br \/>\nNotre <strong>Oakmoss Absolute<\/strong> est distill\u00e9e \u00e0 partir de lichen fran\u00e7ais qui pousse naturel, une combinaison de champignons et d&rsquo;algues qui enveloppent les ch\u00eanes dans une \u00e9treinte sans fin.<br \/>\nL&rsquo;absolue qui est extraite du lichen offre une essence de mousse majestueuse qui est populaire en parfumerie.<\/p>\n","protected":false},"featured_media":113921,"comment_status":"open","ping_status":"closed","template":"","meta":[],"product_brand":[],"product_cat":[3754,1507,6734,1211,1209,6733],"product_tag":[4495],"class_list":{"0":"post-121628","1":"product","2":"type-product","3":"status-publish","4":"has-post-thumbnail","6":"product_cat-essences-absolues","7":"product_cat-plantes-huiles-essentielles-living-libations","8":"product_cat-essential-oils","9":"product_cat-living-libations-france","10":"product_cat-par-marques","11":"product_cat-wellness-fr-2","12":"product_tag-essential-oil-fr","13":"pa_brand-livinglibations-fr","14":"pa_essential-oils-product-type-absolute-essences-fr","15":"pa_essential-oils-product-type-essential-oils-fr","16":"pa_size-5-ml-50-50-alcohol-fr","18":"first","19":"instock","20":"taxable","21":"shipping-taxable","22":"purchasable","23":"product-type-simple"},"bundled_by":[],"bundle_stock_status":"instock","bundle_stock_quantity":2,"bundle_virtual":false,"bundle_layout":"","bundle_add_to_cart_form_location":"","bundle_editable_in_cart":false,"bundle_sold_individually_context":"","bundle_item_grouping":"","bundle_min_size":"","bundle_max_size":"","bundle_price":[],"bundled_items":[],"bundle_sell_ids":[],"atum_controlled":true,"out_stock_date":null,"out_stock_threshold":null,"inheritable":false,"stock_on_hold":0,"sold_today":0,"sales_last_days":0,"out_stock_days":0,"lost_sales":0,"update_date":"2026-04-09T11:40:11","atum_locations":[],"atum_stock_status":"instock","restock_status":false,"low_stock_amount":"","sales_update_date":"2026-04-09T11:40:11","calc_backorders":null,"group_of_quantity":0,"min_quantity":0,"max_quantity":"","exclude_order_quantity_value_rules":"no","exclude_category_quantity_rules":"no","combine_variations":"no","yoast_head":"<!-- This site is optimized with the Yoast SEO Premium plugin v26.5 (Yoast SEO v26.5) - https:\/\/yoast.com\/wordpress\/plugins\/seo\/ -->\n<title>Oakmoss Absolute | Living Libations<\/title>\n<meta name=\"description\" content=\"Notre mousse de ch\u00eane est distill\u00e9e \u00e0 partir de lichen fran\u00e7ais qui pousse naturel, une combinaison de champignons et d&#039;algues qui enveloppent les ch\u00eanes dans une \u00e9treinte sans fin.\" \/>\n<meta name=\"robots\" content=\"index, follow, max-snippet:-1, max-image-preview:large, max-video-preview:-1\" \/>\n<link rel=\"canonical\" href=\"https:\/\/dutchhealthstore.com\/fr\/product\/oakmoss-absolute\/\" \/>\n<meta property=\"og:locale\" content=\"fr_FR\" \/>\n<meta property=\"og:type\" content=\"article\" \/>\n<meta property=\"og:title\" content=\"Oakmoss Absolute - Dutch Health Store\" \/>\n<meta property=\"og:description\" content=\"Notre mousse de ch\u00eane est distill\u00e9e \u00e0 partir de lichen fran\u00e7ais qui pousse naturel, une combinaison de champignons et d&#039;algues qui enveloppent les ch\u00eanes dans une \u00e9treinte sans fin.\" \/>\n<meta property=\"og:url\" content=\"https:\/\/dutchhealthstore.com\/fr\/product\/oakmoss-absolute\/\" \/>\n<meta property=\"og:site_name\" content=\"Dutch Health Store\" \/>\n<meta property=\"article:publisher\" content=\"https:\/\/www.instagram.com\/dutchhealthstore\/\" \/>\n<meta property=\"article:modified_time\" content=\"2025-03-13T10:43:35+00:00\" \/>\n<meta property=\"og:image\" content=\"https:\/\/dutchhealthstore.com\/wp-content\/uploads\/2020\/06\/Living-Libations-Oakmoss-Absolute-e1594883764434.png\" \/>\n\t<meta property=\"og:image:width\" content=\"500\" \/>\n\t<meta property=\"og:image:height\" content=\"500\" \/>\n\t<meta property=\"og:image:type\" content=\"image\/jpeg\" \/>\n<meta name=\"twitter:card\" content=\"summary_large_image\" \/>\n<meta name=\"twitter:label1\" content=\"Prix\" \/>\n\t<meta name=\"twitter:data1\" content=\"&euro;38,00\" \/>\n\t<meta name=\"twitter:label2\" content=\"Disponibilit\u00e9\" \/>\n\t<meta name=\"twitter:data2\" content=\"En stock\" \/>\n<script type=\"application\/ld+json\" class=\"yoast-schema-graph\">{\"@context\":\"https:\/\/schema.org\",\"@graph\":[{\"@type\":\"WebPage\",\"@id\":\"https:\/\/dutchhealthstore.com\/fr\/product\/oakmoss-absolute\/\",\"url\":\"https:\/\/dutchhealthstore.com\/fr\/product\/oakmoss-absolute\/\",\"name\":\"Oakmoss Absolute | Living Libations\",\"isPartOf\":{\"@id\":\"https:\/\/dutchhealthstore.com\/fr\/#website\"},\"primaryImageOfPage\":{\"@id\":\"https:\/\/dutchhealthstore.com\/fr\/product\/oakmoss-absolute\/#primaryimage\"},\"image\":{\"@id\":\"https:\/\/dutchhealthstore.com\/fr\/product\/oakmoss-absolute\/#primaryimage\"},\"thumbnailUrl\":\"https:\/\/dutchhealthstore.com\/wp-content\/uploads\/2020\/06\/Living-Libations-Oakmoss-Absolute-e1594883764434.png\",\"datePublished\":\"2020-06-27T12:31:43+00:00\",\"dateModified\":\"2025-03-13T10:43:35+00:00\",\"description\":\"Notre mousse de ch\u00eane est distill\u00e9e \u00e0 partir de lichen fran\u00e7ais qui pousse naturel, une combinaison de champignons et d'algues qui enveloppent les ch\u00eanes dans une \u00e9treinte sans fin.\",\"breadcrumb\":{\"@id\":\"https:\/\/dutchhealthstore.com\/fr\/product\/oakmoss-absolute\/#breadcrumb\"},\"inLanguage\":\"fr-FR\",\"potentialAction\":[{\"@type\":\"ReadAction\",\"target\":[\"https:\/\/dutchhealthstore.com\/fr\/product\/oakmoss-absolute\/\"]}]},{\"@type\":\"ImageObject\",\"inLanguage\":\"fr-FR\",\"@id\":\"https:\/\/dutchhealthstore.com\/fr\/product\/oakmoss-absolute\/#primaryimage\",\"url\":\"https:\/\/dutchhealthstore.com\/wp-content\/uploads\/2020\/06\/Living-Libations-Oakmoss-Absolute-e1594883764434.png\",\"contentUrl\":\"https:\/\/dutchhealthstore.com\/wp-content\/uploads\/2020\/06\/Living-Libations-Oakmoss-Absolute-e1594883764434.png\",\"width\":500,\"height\":500,\"caption\":\"Living Libations Oakmoss Absolute\"},{\"@type\":\"BreadcrumbList\",\"@id\":\"https:\/\/dutchhealthstore.com\/fr\/product\/oakmoss-absolute\/#breadcrumb\",\"itemListElement\":[{\"@type\":\"ListItem\",\"position\":1,\"name\":\"Home\",\"item\":\"https:\/\/dutchhealthstore.com\/fr\/\"},{\"@type\":\"ListItem\",\"position\":2,\"name\":\"Shop\",\"item\":\"https:\/\/dutchhealthstore.com\/fr\/shop\/\"},{\"@type\":\"ListItem\",\"position\":3,\"name\":\"Oakmoss Absolute\"}]},{\"@type\":\"WebSite\",\"@id\":\"https:\/\/dutchhealthstore.com\/fr\/#website\",\"url\":\"https:\/\/dutchhealthstore.com\/fr\/\",\"name\":\"Dutch Health Store\",\"description\":\"Enhance Your Beauty with Organic &amp; Natural Skincare\",\"publisher\":{\"@id\":\"https:\/\/dutchhealthstore.com\/fr\/#organization\"},\"potentialAction\":[{\"@type\":\"SearchAction\",\"target\":{\"@type\":\"EntryPoint\",\"urlTemplate\":\"https:\/\/dutchhealthstore.com\/fr\/?s={search_term_string}\"},\"query-input\":{\"@type\":\"PropertyValueSpecification\",\"valueRequired\":true,\"valueName\":\"search_term_string\"}}],\"inLanguage\":\"fr-FR\"},{\"@type\":\"Organization\",\"@id\":\"https:\/\/dutchhealthstore.com\/fr\/#organization\",\"name\":\"Dutch Health Store\",\"url\":\"https:\/\/dutchhealthstore.com\/fr\/\",\"logo\":{\"@type\":\"ImageObject\",\"inLanguage\":\"fr-FR\",\"@id\":\"https:\/\/dutchhealthstore.com\/fr\/#\/schema\/logo\/image\/\",\"url\":\"https:\/\/dutchhealthstore.com\/wp-content\/uploads\/2020\/08\/logo-dutchhealthstore-jpg-e1599484957574.jpg\",\"contentUrl\":\"https:\/\/dutchhealthstore.com\/wp-content\/uploads\/2020\/08\/logo-dutchhealthstore-jpg-e1599484957574.jpg\",\"width\":400,\"height\":62,\"caption\":\"Dutch Health Store\"},\"image\":{\"@id\":\"https:\/\/dutchhealthstore.com\/fr\/#\/schema\/logo\/image\/\"},\"sameAs\":[\"https:\/\/www.instagram.com\/dutchhealthstore\/\",\"https:\/\/www.facebook.com\/dutchhealthstore\"]}]}<\/script>\n<meta property=\"product:brand\" content=\"Living Libations\" \/>\n<meta property=\"product:price:amount\" content=\"38.00\" \/>\n<meta property=\"product:price:currency\" content=\"EUR\" \/>\n<meta property=\"og:availability\" content=\"instock\" \/>\n<meta property=\"product:availability\" content=\"instock\" \/>\n<meta property=\"product:condition\" content=\"new\" \/>\n<!-- \/ Yoast SEO Premium plugin. -->","yoast_head_json":{"title":"Oakmoss Absolute | Living Libations","description":"Notre mousse de ch\u00eane est distill\u00e9e \u00e0 partir de lichen fran\u00e7ais qui pousse naturel, une combinaison de champignons et d'algues qui enveloppent les ch\u00eanes dans une \u00e9treinte sans fin.","robots":{"index":"index","follow":"follow","max-snippet":"max-snippet:-1","max-image-preview":"max-image-preview:large","max-video-preview":"max-video-preview:-1"},"canonical":"https:\/\/dutchhealthstore.com\/fr\/product\/oakmoss-absolute\/","og_locale":"fr_FR","og_type":"article","og_title":"Oakmoss Absolute - Dutch Health Store","og_description":"Notre mousse de ch\u00eane est distill\u00e9e \u00e0 partir de lichen fran\u00e7ais qui pousse naturel, une combinaison de champignons et d'algues qui enveloppent les ch\u00eanes dans une \u00e9treinte sans fin.","og_url":"https:\/\/dutchhealthstore.com\/fr\/product\/oakmoss-absolute\/","og_site_name":"Dutch Health Store","article_publisher":"https:\/\/www.instagram.com\/dutchhealthstore\/","article_modified_time":"2025-03-13T10:43:35+00:00","og_image":[{"width":500,"height":500,"url":"https:\/\/dutchhealthstore.com\/wp-content\/uploads\/2020\/06\/Living-Libations-Oakmoss-Absolute-e1594883764434.png","type":"image\/jpeg"}],"twitter_card":"summary_large_image","twitter_misc":{"Prix":"&euro;38,00","Disponibilit\u00e9":"En stock"},"schema":{"@context":"https:\/\/schema.org","@graph":[{"@type":"WebPage","@id":"https:\/\/dutchhealthstore.com\/fr\/product\/oakmoss-absolute\/","url":"https:\/\/dutchhealthstore.com\/fr\/product\/oakmoss-absolute\/","name":"Oakmoss Absolute | Living Libations","isPartOf":{"@id":"https:\/\/dutchhealthstore.com\/fr\/#website"},"primaryImageOfPage":{"@id":"https:\/\/dutchhealthstore.com\/fr\/product\/oakmoss-absolute\/#primaryimage"},"image":{"@id":"https:\/\/dutchhealthstore.com\/fr\/product\/oakmoss-absolute\/#primaryimage"},"thumbnailUrl":"https:\/\/dutchhealthstore.com\/wp-content\/uploads\/2020\/06\/Living-Libations-Oakmoss-Absolute-e1594883764434.png","datePublished":"2020-06-27T12:31:43+00:00","dateModified":"2025-03-13T10:43:35+00:00","description":"Notre mousse de ch\u00eane est distill\u00e9e \u00e0 partir de lichen fran\u00e7ais qui pousse naturel, une combinaison de champignons et d'algues qui enveloppent les ch\u00eanes dans une \u00e9treinte sans fin.","breadcrumb":{"@id":"https:\/\/dutchhealthstore.com\/fr\/product\/oakmoss-absolute\/#breadcrumb"},"inLanguage":"fr-FR","potentialAction":[{"@type":"ReadAction","target":["https:\/\/dutchhealthstore.com\/fr\/product\/oakmoss-absolute\/"]}]},{"@type":"ImageObject","inLanguage":"fr-FR","@id":"https:\/\/dutchhealthstore.com\/fr\/product\/oakmoss-absolute\/#primaryimage","url":"https:\/\/dutchhealthstore.com\/wp-content\/uploads\/2020\/06\/Living-Libations-Oakmoss-Absolute-e1594883764434.png","contentUrl":"https:\/\/dutchhealthstore.com\/wp-content\/uploads\/2020\/06\/Living-Libations-Oakmoss-Absolute-e1594883764434.png","width":500,"height":500,"caption":"Living Libations Oakmoss Absolute"},{"@type":"BreadcrumbList","@id":"https:\/\/dutchhealthstore.com\/fr\/product\/oakmoss-absolute\/#breadcrumb","itemListElement":[{"@type":"ListItem","position":1,"name":"Home","item":"https:\/\/dutchhealthstore.com\/fr\/"},{"@type":"ListItem","position":2,"name":"Shop","item":"https:\/\/dutchhealthstore.com\/fr\/shop\/"},{"@type":"ListItem","position":3,"name":"Oakmoss Absolute"}]},{"@type":"WebSite","@id":"https:\/\/dutchhealthstore.com\/fr\/#website","url":"https:\/\/dutchhealthstore.com\/fr\/","name":"Dutch Health Store","description":"Enhance Your Beauty with Organic &amp; Natural Skincare","publisher":{"@id":"https:\/\/dutchhealthstore.com\/fr\/#organization"},"potentialAction":[{"@type":"SearchAction","target":{"@type":"EntryPoint","urlTemplate":"https:\/\/dutchhealthstore.com\/fr\/?s={search_term_string}"},"query-input":{"@type":"PropertyValueSpecification","valueRequired":true,"valueName":"search_term_string"}}],"inLanguage":"fr-FR"},{"@type":"Organization","@id":"https:\/\/dutchhealthstore.com\/fr\/#organization","name":"Dutch Health Store","url":"https:\/\/dutchhealthstore.com\/fr\/","logo":{"@type":"ImageObject","inLanguage":"fr-FR","@id":"https:\/\/dutchhealthstore.com\/fr\/#\/schema\/logo\/image\/","url":"https:\/\/dutchhealthstore.com\/wp-content\/uploads\/2020\/08\/logo-dutchhealthstore-jpg-e1599484957574.jpg","contentUrl":"https:\/\/dutchhealthstore.com\/wp-content\/uploads\/2020\/08\/logo-dutchhealthstore-jpg-e1599484957574.jpg","width":400,"height":62,"caption":"Dutch Health Store"},"image":{"@id":"https:\/\/dutchhealthstore.com\/fr\/#\/schema\/logo\/image\/"},"sameAs":["https:\/\/www.instagram.com\/dutchhealthstore\/","https:\/\/www.facebook.com\/dutchhealthstore"]}]},"product_brand":"Living Libations","product_price_amount":"38.00","product_price_currency":"EUR","og_availability":"instock","product_availability":"instock","product_condition":"new"},"_links":{"self":[{"href":"https:\/\/dutchhealthstore.com\/fr\/wp-json\/wp\/v2\/product\/121628","targetHints":{"allow":["GET"]}}],"collection":[{"href":"https:\/\/dutchhealthstore.com\/fr\/wp-json\/wp\/v2\/product"}],"about":[{"href":"https:\/\/dutchhealthstore.com\/fr\/wp-json\/wp\/v2\/types\/product"}],"replies":[{"embeddable":true,"href":"https:\/\/dutchhealthstore.com\/fr\/wp-json\/wp\/v2\/comments?post=121628"}],"wp:featuredmedia":[{"embeddable":true,"href":"https:\/\/dutchhealthstore.com\/fr\/wp-json\/wp\/v2\/media\/113921"}],"wp:attachment":[{"href":"https:\/\/dutchhealthstore.com\/fr\/wp-json\/wp\/v2\/media?parent=121628"}],"wp:term":[{"taxonomy":"product_brand","embeddable":true,"href":"https:\/\/dutchhealthstore.com\/fr\/wp-json\/wp\/v2\/product_brand?post=121628"},{"taxonomy":"product_cat","embeddable":true,"href":"https:\/\/dutchhealthstore.com\/fr\/wp-json\/wp\/v2\/product_cat?post=121628"},{"taxonomy":"product_tag","embeddable":true,"href":"https:\/\/dutchhealthstore.com\/fr\/wp-json\/wp\/v2\/product_tag?post=121628"}],"curies":[{"name":"wp","href":"https:\/\/api.w.org\/{rel}","templated":true}]}}