{"id":121606,"date":"2020-07-16T07:08:33","date_gmt":"2020-07-16T05:08:33","guid":{"rendered":"https:\/\/dutchhealthstore.com\/product\/niaouli-essential-oil\/"},"modified":"2024-10-21T11:07:20","modified_gmt":"2024-10-21T09:07:20","slug":"niaouli-essential-oil","status":"publish","type":"product","link":"https:\/\/dutchhealthstore.com\/fr\/product\/niaouli-essential-oil\/","title":{"rendered":"Niaouli Essential Oil"},"content":{"rendered":"<p><strong><img decoding=\"async\" class=\"size-full wp-image-69549 alignright\" src=\"https:\/\/dutchhealthstore.com\/wp-content\/uploads\/2019\/08\/NEW-Living-Libations-Logo.jpg\" alt=\"NEW - Living Libations - Logo\" width=\"175\" height=\"82\">Nom botanique :<\/strong> Melaleuca quinquenervia<br \/>\n<strong>Famille botanique :<\/strong> Myrtaceae<br \/>\n<strong>M\u00e9thode d&rsquo;extraction :<\/strong> Distillation \u00e0 la vapeur<br \/>\n<strong>Partie de la plante distill\u00e9e :<\/strong> Feuilles<br \/>\n<strong>Pays d&rsquo;origine :<\/strong> Nouvelle-Galles du Sud<br \/>\n<strong>M\u00e9thode de culture :<\/strong> Organique<br \/>\n<strong>Composition :<\/strong> 100% Melaleuca quinquenervia<br \/>\n<strong>Consistance :<\/strong> Viscosit\u00e9 fine<\/p>\n<h3>Description de l&rsquo;odeur<\/h3>\n<p>Le camphre piquant s&rsquo;agenouille devant la terre douce et a\u00e9rienne, embrass\u00e9e par des bords de notes vertes herbac\u00e9es et vivifiantes.<\/p>\n<h3>Dans Living Libations<\/h3>\n<p>Zippity DewDab<\/p>\n<h3>Se marie bien avec<\/h3>\n<p>Tea Tree, Eucalyptus, C\u00e8dre, Cypr\u00e8s bleu, Palmarosa, Myrte \u00e0 miel, Immortelle, Encens, Menthe poivr\u00e9e, Myrrhe, Origan, Cardamome, Citron, Bergamote et Citron vert.<\/p>\n<a href=\"https:\/\/dutchhealthstore.com\/wp-content\/uploads\/2020\/07\/ANALYSIS-Niaouli-Essential-Oil-Living-Libations-4-1.pdf\" class=\"button primary is-primary is-small\"  >\n\t\t<span>ANALYSE DES HUILES ESSENTIELLES &gt;<\/span>\n\t<\/a>\n\n<h3>Utiliser<\/h3>\n<p>Nettoyant pour l&rsquo;acn\u00e9 ; appliquer une noisette sur les zones soign\u00e9es. Diluer pour utiliser dans les m\u00e9langes de massage pour les muscles. Ajoutez une noisette dans le bain. Parfait pour les voyages en avion et le nettoyage de la maison. Purifie par diffusion. Appliquez sur la peau pour purifier les pores et la texture. Elle peut \u00eatre consomm\u00e9e dans du th\u00e9, comme cela se fait souvent dans les pays du Moyen-Orient. Dans les pays occidentaux, le Niaouli est souvent utilis\u00e9 dans les produits buccaux pour une haleine propre et fra\u00eeche.<\/p>\n<p>Peau sensible, c&rsquo;est \u00e0 vous de chanter ! Niaouli Essential Oil est un fantastique tonique pour la peau. Tout comme l&rsquo;huile d&rsquo;arbre \u00e0 th\u00e9 est souvent ajout\u00e9e aux toniques contre l&rsquo;acn\u00e9, le niaouli offre des avantages similaires et est un alli\u00e9 \u00e0 ajouter aux nettoyants pour la peau contre l&rsquo;acn\u00e9.<\/p>\n<p>Oignez les peaux tendres et les probl\u00e8mes spirituels avec l&rsquo;\u00e9nergie de Niaouli Essential Oil, le cousin fort et silencieux de l&rsquo;huile d&rsquo;arbre \u00e0 th\u00e9. Si vous trouvez que le Tea Tree est un peu dur ou astringent, le Niaouli offre la m\u00eame puissance dans un parfum plus doux.<\/p>\n<p>Parfois appel\u00e9 huile d&rsquo;\u00e9corce \u00e0 cinq nervures ou huile essentielle MQV (un surnom bas\u00e9 sur le nom latin Melaleuca quinquenervia), le Niaouli joue un r\u00f4le important dans les cultures du monde entier depuis de nombreux si\u00e8cles. Les peuples d&rsquo;Europe, d&rsquo;Afrique, du Moyen-Orient et du Pacifique connaissent depuis longtemps la puissance v\u00e9g\u00e9tale pure contenue dans l&rsquo;\u00e9corce de l&rsquo;arbre \u00e0 papier, qui est originaire d&rsquo;Australie, de Papouasie-Nouvelle-Guin\u00e9e et de Nouvelle-Cal\u00e9donie. En Nouvelle-Cal\u00e9donie notamment, l&rsquo;huile extraite de cet arbre r\u00e9put\u00e9 a \u00e9t\u00e9 int\u00e9gr\u00e9e dans tous les aspects de la vie des habitants. L&rsquo;abondance d&rsquo;arbres \u00e0 \u00e9corce de papier purifie l&rsquo;air naturel.<\/p>\n<p>Ses mol\u00e9cules camphr\u00e9es et croquantes font du Niaouli un produit id\u00e9al \u00e0 utiliser dans un diffuseur ou une pipe \u00e0 sel pour \u00e9tudier ou effectuer des t\u00e2ches qui demandent une concentration extr\u00eame.<\/p>\n<p><strong>Taille : 5 ml et 15 ml<\/strong><\/p>\n<h3>Ingr\u00e9dients biologiques<\/h3>\n<p>100% huile essentielle de niaouli (melaleuca quinquenervia).<\/p>\n<p style=\"text-align: center;\"><em>\u00a0\u00bb Bowles (2003) donne comme principaux constituants du niaouli de Madagascar le 1,8-cin\u00e9ole \u00e0 41,8%, le viridifloral (un alcool sesquiterp\u00e9nique) \u00e0 18,1% et le limon\u00e8ne \u00e0 5%&#8230;. Une \u00e9tude men\u00e9e par Donoyama et Ichiman (2006) a r\u00e9v\u00e9l\u00e9 que le niaouli \u00e9tait la meilleure huile pour une \u00ab\u00a0pratique hygi\u00e9nique du massage\u00a0\u00bb.<\/em><br \/>\n~ Jennifer Peace Rhind, <strong>Essential Oils: A Handbook for Aromatherapy Practice<\/strong><\/p>\n<p><img fetchpriority=\"high\" decoding=\"async\" class=\"size-medium wp-image-68103 aligncenter\" src=\"https:\/\/dutchhealthstore.com\/wp-content\/uploads\/2018\/02\/Living-Libations-Organic-Logo-800x89.png\" alt=\"Living Libations - Organic Logo\" width=\"800\" height=\"89\" srcset=\"https:\/\/dutchhealthstore.com\/wp-content\/uploads\/2018\/02\/Living-Libations-Organic-Logo-800x89.png 800w, https:\/\/dutchhealthstore.com\/wp-content\/uploads\/2018\/02\/Living-Libations-Organic-Logo-510x57.png 510w, https:\/\/dutchhealthstore.com\/wp-content\/uploads\/2018\/02\/Living-Libations-Organic-Logo-768x85.png 768w, https:\/\/dutchhealthstore.com\/wp-content\/uploads\/2018\/02\/Living-Libations-Organic-Logo.png 1400w\" sizes=\"(max-width: 800px) 100vw, 800px\" \/><\/p>\n","protected":false},"excerpt":{"rendered":"<p>Peaux sensibles, r\u00e9jouissez-vous ! <strong>Niaouli Essential Oil<\/strong> est une huile douce mais puissante qui est optimale pour les peaux sensibles qui ont besoin d&rsquo;un alli\u00e9 solide.<br \/>\nDe composition similaire \u00e0 l&rsquo;huile d&rsquo;arbre \u00e0 th\u00e9, le Niaouli offre les m\u00eames avantages dans une libation beaucoup plus douce, herbac\u00e9e et discr\u00e8te.<\/p>\n","protected":false},"featured_media":120844,"comment_status":"open","ping_status":"closed","template":"","meta":[],"product_brand":[],"product_cat":[1507,6734,1211,1209,1030,3757,1010,6733],"product_tag":[4495],"class_list":{"0":"post-121606","1":"product","2":"type-product","3":"status-publish","4":"has-post-thumbnail","6":"product_cat-plantes-huiles-essentielles-living-libations","7":"product_cat-essential-oils","8":"product_cat-living-libations-france","9":"product_cat-par-marques","10":"product_cat-par-produits","11":"product_cat-plantes-huiles-essentielles","12":"product_cat-notre-boutique","13":"product_cat-wellness-fr-2","14":"product_tag-essential-oil-fr","15":"pa_brand-livinglibations-fr","16":"pa_essential-oils-product-type-essential-oils-fr","17":"pa_size-15-ml-fr","18":"pa_size-5-ml-fr","20":"first","21":"instock","22":"taxable","23":"shipping-taxable","24":"purchasable","25":"product-type-variable"},"bundled_by":[],"bundle_stock_status":"instock","bundle_stock_quantity":null,"bundle_virtual":false,"bundle_layout":"","bundle_add_to_cart_form_location":"","bundle_editable_in_cart":false,"bundle_sold_individually_context":"","bundle_item_grouping":"","bundle_min_size":"","bundle_max_size":"","bundle_price":[],"bundled_items":[],"bundle_sell_ids":[],"atum_controlled":true,"out_stock_date":null,"out_stock_threshold":null,"inheritable":true,"stock_on_hold":0,"sold_today":0,"sales_last_days":0,"out_stock_days":0,"lost_sales":0,"update_date":"2026-04-17T00:06:18","atum_locations":[],"atum_stock_status":"instock","restock_status":false,"low_stock_amount":"","sales_update_date":"2026-04-17T00:06:18","calc_backorders":null,"group_of_quantity":0,"min_quantity":0,"max_quantity":"","exclude_order_quantity_value_rules":"no","exclude_category_quantity_rules":"no","combine_variations":"no","yoast_head":"<!-- This site is optimized with the Yoast SEO Premium plugin v26.5 (Yoast SEO v26.5) - https:\/\/yoast.com\/wordpress\/plugins\/seo\/ -->\n<title>Niaouli Essential Oil | Living Libations<\/title>\n<meta name=\"description\" content=\"Que les peaux sensibles se r\u00e9jouissent ! Niaouli Essential Oil est une huile douce mais puissante qui est optimale pour les peaux sensibles qui ont besoin d&#039;un alli\u00e9 solide.\" \/>\n<meta name=\"robots\" content=\"index, follow, max-snippet:-1, max-image-preview:large, max-video-preview:-1\" \/>\n<link rel=\"canonical\" href=\"https:\/\/dutchhealthstore.com\/fr\/product\/niaouli-essential-oil\/\" \/>\n<meta property=\"og:locale\" content=\"fr_FR\" \/>\n<meta property=\"og:type\" content=\"article\" \/>\n<meta property=\"og:title\" content=\"Niaouli Essential Oil - Dutch Health Store\" \/>\n<meta property=\"og:description\" content=\"Que les peaux sensibles se r\u00e9jouissent ! Niaouli Essential Oil est une huile douce mais puissante qui est optimale pour les peaux sensibles qui ont besoin d&#039;un alli\u00e9 solide.\" \/>\n<meta property=\"og:url\" content=\"https:\/\/dutchhealthstore.com\/fr\/product\/niaouli-essential-oil\/\" \/>\n<meta property=\"og:site_name\" content=\"Dutch Health Store\" \/>\n<meta property=\"article:publisher\" content=\"https:\/\/www.instagram.com\/dutchhealthstore\/\" \/>\n<meta property=\"article:modified_time\" content=\"2024-10-21T09:07:20+00:00\" \/>\n<meta property=\"og:image\" content=\"https:\/\/dutchhealthstore.com\/wp-content\/uploads\/2020\/07\/Living-Libations-Niaouli-Essential-Oil-Round.jpg\" \/>\n\t<meta property=\"og:image:width\" content=\"300\" \/>\n\t<meta property=\"og:image:height\" content=\"300\" \/>\n\t<meta property=\"og:image:type\" content=\"image\/jpeg\" \/>\n<meta name=\"twitter:card\" content=\"summary_large_image\" \/>\n<meta name=\"twitter:label1\" content=\"Disponibilit\u00e9\" \/>\n\t<meta name=\"twitter:data1\" content=\"En stock\" \/>\n<script type=\"application\/ld+json\" class=\"yoast-schema-graph\">{\"@context\":\"https:\/\/schema.org\",\"@graph\":[{\"@type\":\"WebPage\",\"@id\":\"https:\/\/dutchhealthstore.com\/fr\/product\/niaouli-essential-oil\/\",\"url\":\"https:\/\/dutchhealthstore.com\/fr\/product\/niaouli-essential-oil\/\",\"name\":\"Niaouli Essential Oil | Living Libations\",\"isPartOf\":{\"@id\":\"https:\/\/dutchhealthstore.com\/fr\/#website\"},\"primaryImageOfPage\":{\"@id\":\"https:\/\/dutchhealthstore.com\/fr\/product\/niaouli-essential-oil\/#primaryimage\"},\"image\":{\"@id\":\"https:\/\/dutchhealthstore.com\/fr\/product\/niaouli-essential-oil\/#primaryimage\"},\"thumbnailUrl\":\"https:\/\/dutchhealthstore.com\/wp-content\/uploads\/2020\/07\/Living-Libations-Niaouli-Essential-Oil-Round.jpg\",\"datePublished\":\"2020-07-16T05:08:33+00:00\",\"dateModified\":\"2024-10-21T09:07:20+00:00\",\"description\":\"Que les peaux sensibles se r\u00e9jouissent ! Niaouli Essential Oil est une huile douce mais puissante qui est optimale pour les peaux sensibles qui ont besoin d'un alli\u00e9 solide.\",\"breadcrumb\":{\"@id\":\"https:\/\/dutchhealthstore.com\/fr\/product\/niaouli-essential-oil\/#breadcrumb\"},\"inLanguage\":\"fr-FR\",\"potentialAction\":[{\"@type\":\"ReadAction\",\"target\":[\"https:\/\/dutchhealthstore.com\/fr\/product\/niaouli-essential-oil\/\"]}]},{\"@type\":\"ImageObject\",\"inLanguage\":\"fr-FR\",\"@id\":\"https:\/\/dutchhealthstore.com\/fr\/product\/niaouli-essential-oil\/#primaryimage\",\"url\":\"https:\/\/dutchhealthstore.com\/wp-content\/uploads\/2020\/07\/Living-Libations-Niaouli-Essential-Oil-Round.jpg\",\"contentUrl\":\"https:\/\/dutchhealthstore.com\/wp-content\/uploads\/2020\/07\/Living-Libations-Niaouli-Essential-Oil-Round.jpg\",\"width\":300,\"height\":300,\"caption\":\"Living Libations - Niaouli Essential Oil Round\"},{\"@type\":\"BreadcrumbList\",\"@id\":\"https:\/\/dutchhealthstore.com\/fr\/product\/niaouli-essential-oil\/#breadcrumb\",\"itemListElement\":[{\"@type\":\"ListItem\",\"position\":1,\"name\":\"Home\",\"item\":\"https:\/\/dutchhealthstore.com\/fr\/\"},{\"@type\":\"ListItem\",\"position\":2,\"name\":\"Shop\",\"item\":\"https:\/\/dutchhealthstore.com\/fr\/shop\/\"},{\"@type\":\"ListItem\",\"position\":3,\"name\":\"Niaouli Essential Oil\"}]},{\"@type\":\"WebSite\",\"@id\":\"https:\/\/dutchhealthstore.com\/fr\/#website\",\"url\":\"https:\/\/dutchhealthstore.com\/fr\/\",\"name\":\"Dutch Health Store\",\"description\":\"Enhance Your Beauty with Organic &amp; Natural Skincare\",\"publisher\":{\"@id\":\"https:\/\/dutchhealthstore.com\/fr\/#organization\"},\"potentialAction\":[{\"@type\":\"SearchAction\",\"target\":{\"@type\":\"EntryPoint\",\"urlTemplate\":\"https:\/\/dutchhealthstore.com\/fr\/?s={search_term_string}\"},\"query-input\":{\"@type\":\"PropertyValueSpecification\",\"valueRequired\":true,\"valueName\":\"search_term_string\"}}],\"inLanguage\":\"fr-FR\"},{\"@type\":\"Organization\",\"@id\":\"https:\/\/dutchhealthstore.com\/fr\/#organization\",\"name\":\"Dutch Health Store\",\"url\":\"https:\/\/dutchhealthstore.com\/fr\/\",\"logo\":{\"@type\":\"ImageObject\",\"inLanguage\":\"fr-FR\",\"@id\":\"https:\/\/dutchhealthstore.com\/fr\/#\/schema\/logo\/image\/\",\"url\":\"https:\/\/dutchhealthstore.com\/wp-content\/uploads\/2020\/08\/logo-dutchhealthstore-jpg-e1599484957574.jpg\",\"contentUrl\":\"https:\/\/dutchhealthstore.com\/wp-content\/uploads\/2020\/08\/logo-dutchhealthstore-jpg-e1599484957574.jpg\",\"width\":400,\"height\":62,\"caption\":\"Dutch Health Store\"},\"image\":{\"@id\":\"https:\/\/dutchhealthstore.com\/fr\/#\/schema\/logo\/image\/\"},\"sameAs\":[\"https:\/\/www.instagram.com\/dutchhealthstore\/\",\"https:\/\/www.facebook.com\/dutchhealthstore\"]}]}<\/script>\n<meta property=\"product:brand\" content=\"Living Libations\" \/>\n<meta property=\"og:availability\" content=\"instock\" \/>\n<meta property=\"product:availability\" content=\"instock\" \/>\n<meta property=\"product:condition\" content=\"new\" \/>\n<!-- \/ Yoast SEO Premium plugin. -->","yoast_head_json":{"title":"Niaouli Essential Oil | Living Libations","description":"Que les peaux sensibles se r\u00e9jouissent ! Niaouli Essential Oil est une huile douce mais puissante qui est optimale pour les peaux sensibles qui ont besoin d'un alli\u00e9 solide.","robots":{"index":"index","follow":"follow","max-snippet":"max-snippet:-1","max-image-preview":"max-image-preview:large","max-video-preview":"max-video-preview:-1"},"canonical":"https:\/\/dutchhealthstore.com\/fr\/product\/niaouli-essential-oil\/","og_locale":"fr_FR","og_type":"article","og_title":"Niaouli Essential Oil - Dutch Health Store","og_description":"Que les peaux sensibles se r\u00e9jouissent ! Niaouli Essential Oil est une huile douce mais puissante qui est optimale pour les peaux sensibles qui ont besoin d'un alli\u00e9 solide.","og_url":"https:\/\/dutchhealthstore.com\/fr\/product\/niaouli-essential-oil\/","og_site_name":"Dutch Health Store","article_publisher":"https:\/\/www.instagram.com\/dutchhealthstore\/","article_modified_time":"2024-10-21T09:07:20+00:00","og_image":[{"width":300,"height":300,"url":"https:\/\/dutchhealthstore.com\/wp-content\/uploads\/2020\/07\/Living-Libations-Niaouli-Essential-Oil-Round.jpg","type":"image\/jpeg"}],"twitter_card":"summary_large_image","twitter_misc":{"Disponibilit\u00e9":"En stock"},"schema":{"@context":"https:\/\/schema.org","@graph":[{"@type":"WebPage","@id":"https:\/\/dutchhealthstore.com\/fr\/product\/niaouli-essential-oil\/","url":"https:\/\/dutchhealthstore.com\/fr\/product\/niaouli-essential-oil\/","name":"Niaouli Essential Oil | Living Libations","isPartOf":{"@id":"https:\/\/dutchhealthstore.com\/fr\/#website"},"primaryImageOfPage":{"@id":"https:\/\/dutchhealthstore.com\/fr\/product\/niaouli-essential-oil\/#primaryimage"},"image":{"@id":"https:\/\/dutchhealthstore.com\/fr\/product\/niaouli-essential-oil\/#primaryimage"},"thumbnailUrl":"https:\/\/dutchhealthstore.com\/wp-content\/uploads\/2020\/07\/Living-Libations-Niaouli-Essential-Oil-Round.jpg","datePublished":"2020-07-16T05:08:33+00:00","dateModified":"2024-10-21T09:07:20+00:00","description":"Que les peaux sensibles se r\u00e9jouissent ! Niaouli Essential Oil est une huile douce mais puissante qui est optimale pour les peaux sensibles qui ont besoin d'un alli\u00e9 solide.","breadcrumb":{"@id":"https:\/\/dutchhealthstore.com\/fr\/product\/niaouli-essential-oil\/#breadcrumb"},"inLanguage":"fr-FR","potentialAction":[{"@type":"ReadAction","target":["https:\/\/dutchhealthstore.com\/fr\/product\/niaouli-essential-oil\/"]}]},{"@type":"ImageObject","inLanguage":"fr-FR","@id":"https:\/\/dutchhealthstore.com\/fr\/product\/niaouli-essential-oil\/#primaryimage","url":"https:\/\/dutchhealthstore.com\/wp-content\/uploads\/2020\/07\/Living-Libations-Niaouli-Essential-Oil-Round.jpg","contentUrl":"https:\/\/dutchhealthstore.com\/wp-content\/uploads\/2020\/07\/Living-Libations-Niaouli-Essential-Oil-Round.jpg","width":300,"height":300,"caption":"Living Libations - Niaouli Essential Oil Round"},{"@type":"BreadcrumbList","@id":"https:\/\/dutchhealthstore.com\/fr\/product\/niaouli-essential-oil\/#breadcrumb","itemListElement":[{"@type":"ListItem","position":1,"name":"Home","item":"https:\/\/dutchhealthstore.com\/fr\/"},{"@type":"ListItem","position":2,"name":"Shop","item":"https:\/\/dutchhealthstore.com\/fr\/shop\/"},{"@type":"ListItem","position":3,"name":"Niaouli Essential Oil"}]},{"@type":"WebSite","@id":"https:\/\/dutchhealthstore.com\/fr\/#website","url":"https:\/\/dutchhealthstore.com\/fr\/","name":"Dutch Health Store","description":"Enhance Your Beauty with Organic &amp; Natural Skincare","publisher":{"@id":"https:\/\/dutchhealthstore.com\/fr\/#organization"},"potentialAction":[{"@type":"SearchAction","target":{"@type":"EntryPoint","urlTemplate":"https:\/\/dutchhealthstore.com\/fr\/?s={search_term_string}"},"query-input":{"@type":"PropertyValueSpecification","valueRequired":true,"valueName":"search_term_string"}}],"inLanguage":"fr-FR"},{"@type":"Organization","@id":"https:\/\/dutchhealthstore.com\/fr\/#organization","name":"Dutch Health Store","url":"https:\/\/dutchhealthstore.com\/fr\/","logo":{"@type":"ImageObject","inLanguage":"fr-FR","@id":"https:\/\/dutchhealthstore.com\/fr\/#\/schema\/logo\/image\/","url":"https:\/\/dutchhealthstore.com\/wp-content\/uploads\/2020\/08\/logo-dutchhealthstore-jpg-e1599484957574.jpg","contentUrl":"https:\/\/dutchhealthstore.com\/wp-content\/uploads\/2020\/08\/logo-dutchhealthstore-jpg-e1599484957574.jpg","width":400,"height":62,"caption":"Dutch Health Store"},"image":{"@id":"https:\/\/dutchhealthstore.com\/fr\/#\/schema\/logo\/image\/"},"sameAs":["https:\/\/www.instagram.com\/dutchhealthstore\/","https:\/\/www.facebook.com\/dutchhealthstore"]}]},"product_brand":"Living Libations","og_availability":"instock","product_availability":"instock","product_condition":"new"},"_links":{"self":[{"href":"https:\/\/dutchhealthstore.com\/fr\/wp-json\/wp\/v2\/product\/121606","targetHints":{"allow":["GET"]}}],"collection":[{"href":"https:\/\/dutchhealthstore.com\/fr\/wp-json\/wp\/v2\/product"}],"about":[{"href":"https:\/\/dutchhealthstore.com\/fr\/wp-json\/wp\/v2\/types\/product"}],"replies":[{"embeddable":true,"href":"https:\/\/dutchhealthstore.com\/fr\/wp-json\/wp\/v2\/comments?post=121606"}],"wp:featuredmedia":[{"embeddable":true,"href":"https:\/\/dutchhealthstore.com\/fr\/wp-json\/wp\/v2\/media\/120844"}],"wp:attachment":[{"href":"https:\/\/dutchhealthstore.com\/fr\/wp-json\/wp\/v2\/media?parent=121606"}],"wp:term":[{"taxonomy":"product_brand","embeddable":true,"href":"https:\/\/dutchhealthstore.com\/fr\/wp-json\/wp\/v2\/product_brand?post=121606"},{"taxonomy":"product_cat","embeddable":true,"href":"https:\/\/dutchhealthstore.com\/fr\/wp-json\/wp\/v2\/product_cat?post=121606"},{"taxonomy":"product_tag","embeddable":true,"href":"https:\/\/dutchhealthstore.com\/fr\/wp-json\/wp\/v2\/product_tag?post=121606"}],"curies":[{"name":"wp","href":"https:\/\/api.w.org\/{rel}","templated":true}]}}