{"id":121591,"date":"2018-11-27T11:14:44","date_gmt":"2018-11-27T10:14:44","guid":{"rendered":"https:\/\/dutchhealthstore.com\/product\/nerolina-essential-oil\/"},"modified":"2023-02-23T10:20:28","modified_gmt":"2023-02-23T10:20:28","slug":"nerolina-essential-oil","status":"publish","type":"product","link":"https:\/\/dutchhealthstore.com\/fr\/product\/nerolina-essential-oil\/","title":{"rendered":"Nerolina Essential Oil"},"content":{"rendered":"<p><strong><img decoding=\"async\" class=\"size-full wp-image-69549 alignright\" src=\"https:\/\/dutchhealthstore.com\/wp-content\/uploads\/2019\/08\/NEW-Living-Libations-Logo.jpg\" alt=\"NEW - Living Libations - Logo\" width=\"175\" height=\"82\">Nom botanique :<\/strong> N\u00e9rol de Melaleuca quinquenervia<br \/>\n<strong>Famille botanique :<\/strong> Myrtaceae<br \/>\n<strong>M\u00e9thode d&rsquo;extraction:<\/strong> Distillation \u00e0 la vapeur<br \/>\n<strong>Partie de la plante distill\u00e9e :<\/strong> Branches et feuilles<br \/>\n<strong>Pays d&rsquo;origine :<\/strong> Nouvelle-Galles du Sud<br \/>\n<strong>M\u00e9thode de culture :<\/strong> R\u00e9colte sauvage<br \/>\n<strong>Composition :<\/strong> 100% n\u00e9rol de Melaleuca quinquenervia<br \/>\n<strong>Consistance :<\/strong> Mince et un peu collant<\/p>\n<h3>Description de l&rsquo;odeur<\/h3>\n<p>doux et floral<\/p>\n<h3>Se marie bien avec<\/h3>\n<p>Pamplemousse, citron, magnolia, myrte, orange sanguine, g\u00e9ranium, rosalina, myrte citronn\u00e9, lavande, \u00e9pinette noire, sapin blanc, sapin argent\u00e9, sapin de Douglas, encens, ylang, rose, n\u00e9roli, arbre \u00e0 th\u00e9, thym, romarin, immortelle, origan et bergamote.<\/p>\n<a href=\"https:\/\/dutchhealthstore.com\/wp-content\/uploads\/2018\/11\/ANALYSIS-Nerolina-Essential-Oil-Living-Libations.pdf\" class=\"button primary is-primary is-small\"  >\n\t\t<span>ANALYSE DES HUILES ESSENTIELLES &gt;<\/span>\n\t<\/a>\n\n<h3>Utilisations<\/h3>\n<p>Parfumerie. Produits de soins capillaires. Combinez avec un v\u00e9hicule pour obtenir un riche \u00e9mollient. Ajoutez quelques gouttes \u00e0 un diffuseur et au linge. Associez-le \u00e0 Tea Tree essential oil pour obtenir un baume id\u00e9al pour les bobos.<\/p>\n<h3>Constituants<\/h3>\n<p>Des quantit\u00e9s \u00e9lev\u00e9es d&rsquo;alpha-pin\u00e8ne, de linalol et de nerolidol, ce qui en fait une huile au parfum floral tr\u00e8s agr\u00e9able et riche en antioxydants.<\/p>\n<p>Le Nerolina du pays des antipodes est une huile au parfum doux, distill\u00e9e \u00e0 partir des feuilles et des jeunes tiges d&rsquo;un arbuste australien \u00e0 feuilles persistantes connu sous le nom d&rsquo;arbre \u00e0 th\u00e9 \u00e0 \u00e9corce de papier ou Melaleuca quinquenervia. L&rsquo;arbuste Nerolina est fort et r\u00e9silient ; c&rsquo;est l&rsquo;une des premi\u00e8res plantes \u00e0 revenir apr\u00e8s un incendie de for\u00eat. Il pousse \u00e0 l&rsquo;\u00e9tat sauvage dans les zones humides tropicales, mais nos distillateurs soucieux de l&rsquo;environnement le cultivent biologiquement dans des plantations.<\/p>\n<p>Le Nerolina fait partie de la m\u00eame famille botanique que l&rsquo;arbre \u00e0 th\u00e9, et les notes douces de fleurs et la base bois\u00e9e rappellent son cousin, le Niaouli. En Australie et dans le Pacifique Sud, Nerolina Essential Oil est souvent associ\u00e9e \u00e0 Tea Tree Essential Oil pour att\u00e9nuer le parfum rigoureux de l&rsquo;arbre \u00e0 th\u00e9 et doubler son pouvoir nettoyant et rafra\u00eechissant. Il est \u00e9galement appliqu\u00e9 sur le cuir chevelu des enfants pour \u00e9viter les petits envahisseurs de cheveux et de cuir chevelu communs aux enfants.<\/p>\n<p>L&rsquo;essence de Nerolina est aromath\u00e9rapeutique et th\u00e9rapeutique pour la peau. Ses principaux composants, l&rsquo;alpha-pin\u00e8ne et le linalol, peuvent all\u00e9ger votre charge, encourager une respiration profonde et d\u00e9tendue, dissiper les humeurs bleues et apaiser les temp\u00e9raments et les peaux \u00e9chauff\u00e9s. Le nerolidol est un terp\u00e8ne tr\u00e8s agr\u00e9able pour la peau qui favorise une peau lisse et ferme. Gr\u00e2ce \u00e0 lui, l&rsquo;huile enti\u00e8re s&rsquo;absorbe en un clin d&rsquo;\u0153il dans la peau.<\/p>\n<p>La Nerolina peut \u00eatre appliqu\u00e9e pure ou combin\u00e9e avec une huile de support comme \u00e9mollient luxueux pour la peau.<\/p>\n<p><strong>Taille : 5 ml et 15 ml<\/strong><\/p>\n<h3>Ingr\u00e9dients biologiques<\/h3>\n<p>100% d&rsquo;huile essentielle de n\u00e9roli (Melaleuca quinquenervia nerol).<\/p>\n<p><img fetchpriority=\"high\" decoding=\"async\" class=\"size-medium wp-image-68103 aligncenter\" src=\"https:\/\/dutchhealthstore.com\/wp-content\/uploads\/2018\/02\/Living-Libations-Organic-Logo-800x89.png\" alt=\"Living Libations - Organic Logo\" width=\"800\" height=\"89\" srcset=\"https:\/\/dutchhealthstore.com\/wp-content\/uploads\/2018\/02\/Living-Libations-Organic-Logo-800x89.png 800w, https:\/\/dutchhealthstore.com\/wp-content\/uploads\/2018\/02\/Living-Libations-Organic-Logo-510x57.png 510w, https:\/\/dutchhealthstore.com\/wp-content\/uploads\/2018\/02\/Living-Libations-Organic-Logo-768x85.png 768w, https:\/\/dutchhealthstore.com\/wp-content\/uploads\/2018\/02\/Living-Libations-Organic-Logo.png 1400w\" sizes=\"(max-width: 800px) 100vw, 800px\" \/><\/p>\n","protected":false},"excerpt":{"rendered":"<p>Cette offrande \u00e0 feuilles persistantes du pays des antipodes s\u00e9duit les abeilles avec son parfum super doux !<br \/>\nLes feuilles et les branches persistantes de <b>Nerolina<\/b>, l&rsquo;arbre \u00e0 th\u00e9 australien \u00e0 \u00e9corce de papier, sont distill\u00e9es \u00e0 la vapeur pour lib\u00e9rer une huile riche en antioxydants et en terp\u00e8nes qui embellit le bain, les soins de la peau et des cheveux, la lessive et la parfumerie.<\/p>\n","protected":false},"featured_media":113720,"comment_status":"open","ping_status":"closed","template":"","meta":[],"product_brand":[],"product_cat":[6734,1507,1211,1209,3757,1010,6733],"product_tag":[4495],"class_list":{"0":"post-121591","1":"product","2":"type-product","3":"status-publish","4":"has-post-thumbnail","6":"product_cat-essential-oils","7":"product_cat-plantes-huiles-essentielles-living-libations","8":"product_cat-living-libations-france","9":"product_cat-par-marques","10":"product_cat-plantes-huiles-essentielles","11":"product_cat-notre-boutique","12":"product_cat-wellness-fr-2","13":"product_tag-essential-oil-fr","14":"pa_brand-livinglibations-fr","15":"pa_essential-oils-product-type-essential-oils-fr","16":"pa_size-15-ml-fr","17":"pa_size-5-ml-fr","19":"first","20":"instock","21":"taxable","22":"shipping-taxable","23":"purchasable","24":"product-type-variable"},"bundled_by":[],"bundle_stock_status":"instock","bundle_stock_quantity":null,"bundle_virtual":false,"bundle_layout":"","bundle_add_to_cart_form_location":"","bundle_editable_in_cart":false,"bundle_sold_individually_context":"","bundle_item_grouping":"","bundle_min_size":"","bundle_max_size":"","bundle_price":[],"bundled_items":[],"bundle_sell_ids":[],"atum_controlled":true,"out_stock_date":null,"out_stock_threshold":null,"inheritable":true,"stock_on_hold":0,"sold_today":0,"sales_last_days":0,"out_stock_days":0,"lost_sales":0,"update_date":"2026-05-09T00:20:24","atum_locations":[],"atum_stock_status":"instock","restock_status":false,"low_stock_amount":"","sales_update_date":"2026-05-09T00:20:24","calc_backorders":null,"group_of_quantity":0,"min_quantity":0,"max_quantity":"","exclude_order_quantity_value_rules":"no","exclude_category_quantity_rules":"no","combine_variations":"no","yoast_head":"<!-- This site is optimized with the Yoast SEO Premium plugin v26.5 (Yoast SEO v26.5) - https:\/\/yoast.com\/wordpress\/plugins\/seo\/ -->\n<title>Nerolina Essential Oil | Living Libations<\/title>\n<meta name=\"description\" content=\"Cette offrande \u00e0 feuilles persistantes du pays des antipodes s\u00e9duit les abeilles avec son parfum super doux !\" \/>\n<meta name=\"robots\" content=\"index, follow, max-snippet:-1, max-image-preview:large, max-video-preview:-1\" \/>\n<link rel=\"canonical\" href=\"https:\/\/dutchhealthstore.com\/fr\/product\/nerolina-essential-oil\/\" \/>\n<meta property=\"og:locale\" content=\"fr_FR\" \/>\n<meta property=\"og:type\" content=\"article\" \/>\n<meta property=\"og:title\" content=\"Nerolina Essential Oil - Dutch Health Store\" \/>\n<meta property=\"og:description\" content=\"Cette offrande \u00e0 feuilles persistantes du pays des antipodes s\u00e9duit les abeilles avec son parfum super doux !\" \/>\n<meta property=\"og:url\" content=\"https:\/\/dutchhealthstore.com\/fr\/product\/nerolina-essential-oil\/\" \/>\n<meta property=\"og:site_name\" content=\"Dutch Health Store\" \/>\n<meta property=\"article:publisher\" content=\"https:\/\/www.instagram.com\/dutchhealthstore\/\" \/>\n<meta property=\"article:modified_time\" content=\"2023-02-23T10:20:28+00:00\" \/>\n<meta property=\"og:image\" content=\"https:\/\/dutchhealthstore.com\/wp-content\/uploads\/2018\/11\/Living-Libations-Nerolina-Essential-Oil-e1594735301252.jpg\" \/>\n\t<meta property=\"og:image:width\" content=\"500\" \/>\n\t<meta property=\"og:image:height\" content=\"500\" \/>\n\t<meta property=\"og:image:type\" content=\"image\/jpeg\" \/>\n<meta name=\"twitter:card\" content=\"summary_large_image\" \/>\n<meta name=\"twitter:label1\" content=\"Disponibilit\u00e9\" \/>\n\t<meta name=\"twitter:data1\" content=\"En stock\" \/>\n<script type=\"application\/ld+json\" class=\"yoast-schema-graph\">{\"@context\":\"https:\/\/schema.org\",\"@graph\":[{\"@type\":\"WebPage\",\"@id\":\"https:\/\/dutchhealthstore.com\/fr\/product\/nerolina-essential-oil\/\",\"url\":\"https:\/\/dutchhealthstore.com\/fr\/product\/nerolina-essential-oil\/\",\"name\":\"Nerolina Essential Oil | Living Libations\",\"isPartOf\":{\"@id\":\"https:\/\/dutchhealthstore.com\/fr\/#website\"},\"primaryImageOfPage\":{\"@id\":\"https:\/\/dutchhealthstore.com\/fr\/product\/nerolina-essential-oil\/#primaryimage\"},\"image\":{\"@id\":\"https:\/\/dutchhealthstore.com\/fr\/product\/nerolina-essential-oil\/#primaryimage\"},\"thumbnailUrl\":\"https:\/\/dutchhealthstore.com\/wp-content\/uploads\/2018\/11\/Living-Libations-Nerolina-Essential-Oil-e1594735301252.jpg\",\"datePublished\":\"2018-11-27T10:14:44+00:00\",\"dateModified\":\"2023-02-23T10:20:28+00:00\",\"description\":\"Cette offrande \u00e0 feuilles persistantes du pays des antipodes s\u00e9duit les abeilles avec son parfum super doux !\",\"breadcrumb\":{\"@id\":\"https:\/\/dutchhealthstore.com\/fr\/product\/nerolina-essential-oil\/#breadcrumb\"},\"inLanguage\":\"fr-FR\",\"potentialAction\":[{\"@type\":\"ReadAction\",\"target\":[\"https:\/\/dutchhealthstore.com\/fr\/product\/nerolina-essential-oil\/\"]}]},{\"@type\":\"ImageObject\",\"inLanguage\":\"fr-FR\",\"@id\":\"https:\/\/dutchhealthstore.com\/fr\/product\/nerolina-essential-oil\/#primaryimage\",\"url\":\"https:\/\/dutchhealthstore.com\/wp-content\/uploads\/2018\/11\/Living-Libations-Nerolina-Essential-Oil-e1594735301252.jpg\",\"contentUrl\":\"https:\/\/dutchhealthstore.com\/wp-content\/uploads\/2018\/11\/Living-Libations-Nerolina-Essential-Oil-e1594735301252.jpg\",\"width\":500,\"height\":500,\"caption\":\"Living Libations Nerolina Essential Oil\"},{\"@type\":\"BreadcrumbList\",\"@id\":\"https:\/\/dutchhealthstore.com\/fr\/product\/nerolina-essential-oil\/#breadcrumb\",\"itemListElement\":[{\"@type\":\"ListItem\",\"position\":1,\"name\":\"Home\",\"item\":\"https:\/\/dutchhealthstore.com\/fr\/\"},{\"@type\":\"ListItem\",\"position\":2,\"name\":\"Shop\",\"item\":\"https:\/\/dutchhealthstore.com\/fr\/shop\/\"},{\"@type\":\"ListItem\",\"position\":3,\"name\":\"Nerolina Essential Oil\"}]},{\"@type\":\"WebSite\",\"@id\":\"https:\/\/dutchhealthstore.com\/fr\/#website\",\"url\":\"https:\/\/dutchhealthstore.com\/fr\/\",\"name\":\"Dutch Health Store\",\"description\":\"Enhance Your Beauty with Organic &amp; Natural Skincare\",\"publisher\":{\"@id\":\"https:\/\/dutchhealthstore.com\/fr\/#organization\"},\"potentialAction\":[{\"@type\":\"SearchAction\",\"target\":{\"@type\":\"EntryPoint\",\"urlTemplate\":\"https:\/\/dutchhealthstore.com\/fr\/?s={search_term_string}\"},\"query-input\":{\"@type\":\"PropertyValueSpecification\",\"valueRequired\":true,\"valueName\":\"search_term_string\"}}],\"inLanguage\":\"fr-FR\"},{\"@type\":\"Organization\",\"@id\":\"https:\/\/dutchhealthstore.com\/fr\/#organization\",\"name\":\"Dutch Health Store\",\"url\":\"https:\/\/dutchhealthstore.com\/fr\/\",\"logo\":{\"@type\":\"ImageObject\",\"inLanguage\":\"fr-FR\",\"@id\":\"https:\/\/dutchhealthstore.com\/fr\/#\/schema\/logo\/image\/\",\"url\":\"https:\/\/dutchhealthstore.com\/wp-content\/uploads\/2020\/08\/logo-dutchhealthstore-jpg-e1599484957574.jpg\",\"contentUrl\":\"https:\/\/dutchhealthstore.com\/wp-content\/uploads\/2020\/08\/logo-dutchhealthstore-jpg-e1599484957574.jpg\",\"width\":400,\"height\":62,\"caption\":\"Dutch Health Store\"},\"image\":{\"@id\":\"https:\/\/dutchhealthstore.com\/fr\/#\/schema\/logo\/image\/\"},\"sameAs\":[\"https:\/\/www.instagram.com\/dutchhealthstore\/\",\"https:\/\/www.facebook.com\/dutchhealthstore\"]}]}<\/script>\n<meta property=\"product:brand\" content=\"Living Libations\" \/>\n<meta property=\"og:availability\" content=\"instock\" \/>\n<meta property=\"product:availability\" content=\"instock\" \/>\n<meta property=\"product:condition\" content=\"new\" \/>\n<!-- \/ Yoast SEO Premium plugin. -->","yoast_head_json":{"title":"Nerolina Essential Oil | Living Libations","description":"Cette offrande \u00e0 feuilles persistantes du pays des antipodes s\u00e9duit les abeilles avec son parfum super doux !","robots":{"index":"index","follow":"follow","max-snippet":"max-snippet:-1","max-image-preview":"max-image-preview:large","max-video-preview":"max-video-preview:-1"},"canonical":"https:\/\/dutchhealthstore.com\/fr\/product\/nerolina-essential-oil\/","og_locale":"fr_FR","og_type":"article","og_title":"Nerolina Essential Oil - Dutch Health Store","og_description":"Cette offrande \u00e0 feuilles persistantes du pays des antipodes s\u00e9duit les abeilles avec son parfum super doux !","og_url":"https:\/\/dutchhealthstore.com\/fr\/product\/nerolina-essential-oil\/","og_site_name":"Dutch Health Store","article_publisher":"https:\/\/www.instagram.com\/dutchhealthstore\/","article_modified_time":"2023-02-23T10:20:28+00:00","og_image":[{"width":500,"height":500,"url":"https:\/\/dutchhealthstore.com\/wp-content\/uploads\/2018\/11\/Living-Libations-Nerolina-Essential-Oil-e1594735301252.jpg","type":"image\/jpeg"}],"twitter_card":"summary_large_image","twitter_misc":{"Disponibilit\u00e9":"En stock"},"schema":{"@context":"https:\/\/schema.org","@graph":[{"@type":"WebPage","@id":"https:\/\/dutchhealthstore.com\/fr\/product\/nerolina-essential-oil\/","url":"https:\/\/dutchhealthstore.com\/fr\/product\/nerolina-essential-oil\/","name":"Nerolina Essential Oil | Living Libations","isPartOf":{"@id":"https:\/\/dutchhealthstore.com\/fr\/#website"},"primaryImageOfPage":{"@id":"https:\/\/dutchhealthstore.com\/fr\/product\/nerolina-essential-oil\/#primaryimage"},"image":{"@id":"https:\/\/dutchhealthstore.com\/fr\/product\/nerolina-essential-oil\/#primaryimage"},"thumbnailUrl":"https:\/\/dutchhealthstore.com\/wp-content\/uploads\/2018\/11\/Living-Libations-Nerolina-Essential-Oil-e1594735301252.jpg","datePublished":"2018-11-27T10:14:44+00:00","dateModified":"2023-02-23T10:20:28+00:00","description":"Cette offrande \u00e0 feuilles persistantes du pays des antipodes s\u00e9duit les abeilles avec son parfum super doux !","breadcrumb":{"@id":"https:\/\/dutchhealthstore.com\/fr\/product\/nerolina-essential-oil\/#breadcrumb"},"inLanguage":"fr-FR","potentialAction":[{"@type":"ReadAction","target":["https:\/\/dutchhealthstore.com\/fr\/product\/nerolina-essential-oil\/"]}]},{"@type":"ImageObject","inLanguage":"fr-FR","@id":"https:\/\/dutchhealthstore.com\/fr\/product\/nerolina-essential-oil\/#primaryimage","url":"https:\/\/dutchhealthstore.com\/wp-content\/uploads\/2018\/11\/Living-Libations-Nerolina-Essential-Oil-e1594735301252.jpg","contentUrl":"https:\/\/dutchhealthstore.com\/wp-content\/uploads\/2018\/11\/Living-Libations-Nerolina-Essential-Oil-e1594735301252.jpg","width":500,"height":500,"caption":"Living Libations Nerolina Essential Oil"},{"@type":"BreadcrumbList","@id":"https:\/\/dutchhealthstore.com\/fr\/product\/nerolina-essential-oil\/#breadcrumb","itemListElement":[{"@type":"ListItem","position":1,"name":"Home","item":"https:\/\/dutchhealthstore.com\/fr\/"},{"@type":"ListItem","position":2,"name":"Shop","item":"https:\/\/dutchhealthstore.com\/fr\/shop\/"},{"@type":"ListItem","position":3,"name":"Nerolina Essential Oil"}]},{"@type":"WebSite","@id":"https:\/\/dutchhealthstore.com\/fr\/#website","url":"https:\/\/dutchhealthstore.com\/fr\/","name":"Dutch Health Store","description":"Enhance Your Beauty with Organic &amp; Natural Skincare","publisher":{"@id":"https:\/\/dutchhealthstore.com\/fr\/#organization"},"potentialAction":[{"@type":"SearchAction","target":{"@type":"EntryPoint","urlTemplate":"https:\/\/dutchhealthstore.com\/fr\/?s={search_term_string}"},"query-input":{"@type":"PropertyValueSpecification","valueRequired":true,"valueName":"search_term_string"}}],"inLanguage":"fr-FR"},{"@type":"Organization","@id":"https:\/\/dutchhealthstore.com\/fr\/#organization","name":"Dutch Health Store","url":"https:\/\/dutchhealthstore.com\/fr\/","logo":{"@type":"ImageObject","inLanguage":"fr-FR","@id":"https:\/\/dutchhealthstore.com\/fr\/#\/schema\/logo\/image\/","url":"https:\/\/dutchhealthstore.com\/wp-content\/uploads\/2020\/08\/logo-dutchhealthstore-jpg-e1599484957574.jpg","contentUrl":"https:\/\/dutchhealthstore.com\/wp-content\/uploads\/2020\/08\/logo-dutchhealthstore-jpg-e1599484957574.jpg","width":400,"height":62,"caption":"Dutch Health Store"},"image":{"@id":"https:\/\/dutchhealthstore.com\/fr\/#\/schema\/logo\/image\/"},"sameAs":["https:\/\/www.instagram.com\/dutchhealthstore\/","https:\/\/www.facebook.com\/dutchhealthstore"]}]},"product_brand":"Living Libations","og_availability":"instock","product_availability":"instock","product_condition":"new"},"_links":{"self":[{"href":"https:\/\/dutchhealthstore.com\/fr\/wp-json\/wp\/v2\/product\/121591","targetHints":{"allow":["GET"]}}],"collection":[{"href":"https:\/\/dutchhealthstore.com\/fr\/wp-json\/wp\/v2\/product"}],"about":[{"href":"https:\/\/dutchhealthstore.com\/fr\/wp-json\/wp\/v2\/types\/product"}],"replies":[{"embeddable":true,"href":"https:\/\/dutchhealthstore.com\/fr\/wp-json\/wp\/v2\/comments?post=121591"}],"wp:featuredmedia":[{"embeddable":true,"href":"https:\/\/dutchhealthstore.com\/fr\/wp-json\/wp\/v2\/media\/113720"}],"wp:attachment":[{"href":"https:\/\/dutchhealthstore.com\/fr\/wp-json\/wp\/v2\/media?parent=121591"}],"wp:term":[{"taxonomy":"product_brand","embeddable":true,"href":"https:\/\/dutchhealthstore.com\/fr\/wp-json\/wp\/v2\/product_brand?post=121591"},{"taxonomy":"product_cat","embeddable":true,"href":"https:\/\/dutchhealthstore.com\/fr\/wp-json\/wp\/v2\/product_cat?post=121591"},{"taxonomy":"product_tag","embeddable":true,"href":"https:\/\/dutchhealthstore.com\/fr\/wp-json\/wp\/v2\/product_tag?post=121591"}],"curies":[{"name":"wp","href":"https:\/\/api.w.org\/{rel}","templated":true}]}}