{"id":121581,"date":"2018-02-10T19:59:17","date_gmt":"2018-02-10T18:59:17","guid":{"rendered":"https:\/\/dutchhealthstore.com\/product\/neroli-fleurs-sur-petitgrain-essential-oil\/"},"modified":"2025-10-28T10:59:57","modified_gmt":"2025-10-28T09:59:57","slug":"neroli-fleurs-sur-petitgrain-essential-oil","status":"publish","type":"product","link":"https:\/\/dutchhealthstore.com\/fr\/product\/neroli-fleurs-sur-petitgrain-essential-oil\/","title":{"rendered":"Neroli Fleurs sur Petitgrain Essential Oil"},"content":{"rendered":"<p><strong><img decoding=\"async\" class=\"size-full wp-image-69549 alignright\" src=\"https:\/\/dutchhealthstore.com\/wp-content\/uploads\/2019\/08\/NEW-Living-Libations-Logo.jpg\" alt=\"NEW - Living Libations - Logo\" width=\"175\" height=\"82\">Nom botanique:<\/strong> Citrus aurantium var. amara<br \/>\n<strong>Famille botanique :<\/strong> Rutaceae<br \/>\n<strong>M\u00e9thode d&rsquo;extraction:<\/strong> Co-distill\u00e9<br \/>\n<strong>Partie de la plante distill\u00e9e:<\/strong> Fleurs, feuilles et petits fruits d&rsquo;agrumes.<br \/>\n<strong>Pays d&rsquo;origine:<\/strong> \u00c9gypte<br \/>\n<strong>M\u00e9thode de culture :<\/strong> Organique<br \/>\n<strong>Composition:<\/strong> 100% Citrus aurantium var. amara<br \/>\n<strong>Consistance :<\/strong> Viscosit\u00e9 fine<\/p>\n<h3>Description de l&rsquo;odeur<\/h3>\n<p>Des fleurs douces, des agrumes d\u00e9licats et rafra\u00eechissants, et le plus l\u00e9ger soup\u00e7on de c\u00e8dre miell\u00e9.<\/p>\n<h3>Dans Living Libations<\/h3>\n<p>Neroli Best Skin Ever<\/p>\n<h3>Se marie bien avec<\/h3>\n<p>Jasmin, Ylang, Bergamote, Pamplemousse, Mousse du Groenland, Marjolaine, Lavande, Encens, Cypr\u00e8s, Palo Santo, Patchouli, Santal, Nard et Citron.<\/p>\n<h3>Utilisations<\/h3>\n<p>Inhalez \u00e0 partir d&rsquo;une pipe \u00e0 sel ou animez un environnement en le diffusant. D\u00e9licieux dans les bains. Diluer pour l&rsquo;utiliser dans des s\u00e9rums et des huiles corporelles pour le tonus de la peau et pour adoucir l&rsquo;apparence des vergetures, des cicatrices et de la texture de la peau.<\/p>\n<p>Cette co-distillation captivante est sp\u00e9cialement fabriqu\u00e9e pour nous \u00e0 partir d&rsquo;orangers amers \u00e9gyptiens b\u00e9n\u00e9ficiant de soins biologiques. En fusionnant les effets paradisiaques des fleurs de N\u00e9roli avec les composants tonifiants du Petitgrain, nous avons cr\u00e9\u00e9 une huile essentielle charismatique qui sent divinement bon et qui est moins ch\u00e8re que le N\u00e9roli seul et bien plus parfum\u00e9e que le simple Petitgrain. Neroli Fleurs sur Petitgrain est une essence unique avec les avantages synergiques du Neroli et du Petitgrain.<\/p>\n<p><strong>Taille : 5 ml<\/strong><\/p>\n<h3>Ingr\u00e9dients biologiques<\/h3>\n<p>100% d&rsquo;huile essentielle de neroli fleur (Citrus aurantium var. amara) sur petitgrain.<\/p>\n<p style=\"text-align: center;\"><em>\u00ab\u00a0L&rsquo;huile essentielle de petitgrain est distill\u00e9e \u00e0 partir de la taille annuelle des feuilles et des minuscules fruits tr\u00e8s r\u00e9cemment form\u00e9s, que l&rsquo;on appelle petits (ou petits) grains. Cette essence est appr\u00e9ci\u00e9e aussi bien en parfumerie (comme \u00e9l\u00e9ment indispensable de l&rsquo;eau de cologne) qu&rsquo;en aromath\u00e9rapie. L&rsquo;huile essentielle de petitgrain n&rsquo;est pas toxique et peut \u00eatre utilis\u00e9e g\u00e9n\u00e9reusement dans les pr\u00e9parations utilis\u00e9es pour traiter le stress et le d\u00e9s\u00e9quilibre du syst\u00e8me nerveux autonome.\u00a0\u00bb<\/em><br \/>\n~ Kurt Schnaubelt Ph.D., <strong>The Intelligence of Essential Oils<\/strong><\/p>\n<p style=\"text-align: center;\"><em>\u00ab\u00a0Psychologiquement, le petitgrain est vivifiant, \u00e9difiant et clarifiant. C&rsquo;est un tonique r\u00e9confortant&#8230;\u00a0\u00bb<\/em><br \/>\n~ Kate et Peter Damian, <strong>Scent and Psyche<\/strong>.<\/p>\n<p style=\"text-align: center;\"><em>\u00ab\u00a0L&rsquo;esprit du Petitgrain s&rsquo;incarne dans une force douce, encourageant les r\u00e9solutions et les r\u00e9sultats positifs dans les moments difficiles. Il nous permet de voir l&rsquo;avenir et de forger un lien avec notre v\u00e9rit\u00e9 int\u00e9rieure.\u00a0\u00bb<\/em><br \/>\n~ Valerie Ann Worwood, <strong>Aromatherapy for the Soul<\/strong><\/p>\n<p>&nbsp;<\/p>\n<p><img fetchpriority=\"high\" decoding=\"async\" class=\"size-medium wp-image-68103 aligncenter\" src=\"https:\/\/dutchhealthstore.com\/wp-content\/uploads\/2018\/02\/Living-Libations-Organic-Logo-800x89.png\" alt=\"Living Libations - Organic Logo\" width=\"800\" height=\"89\" srcset=\"https:\/\/dutchhealthstore.com\/wp-content\/uploads\/2018\/02\/Living-Libations-Organic-Logo-800x89.png 800w, https:\/\/dutchhealthstore.com\/wp-content\/uploads\/2018\/02\/Living-Libations-Organic-Logo-510x57.png 510w, https:\/\/dutchhealthstore.com\/wp-content\/uploads\/2018\/02\/Living-Libations-Organic-Logo-768x85.png 768w, https:\/\/dutchhealthstore.com\/wp-content\/uploads\/2018\/02\/Living-Libations-Organic-Logo.png 1400w\" sizes=\"(max-width: 800px) 100vw, 800px\" \/><\/p>\n","protected":false},"excerpt":{"rendered":"<p>Les feuilles, les fleurs d&rsquo;oranger et les petites oranges dansent dans une co-distillation chor\u00e9graphi\u00e9e qui enchante un parfum super sensuel envelopp\u00e9 d&rsquo;un vert gai et piquant, le tout incarn\u00e9 par l&rsquo;huile essentielle <strong>Neroli Fleurs sur Petitgrain<\/strong>. C&rsquo;est le r\u00eave de tout amateur d&rsquo;agrumes.<\/p>\n","protected":false},"featured_media":113714,"comment_status":"open","ping_status":"closed","template":"","meta":[],"product_brand":[],"product_cat":[1507,6734,1211,1209,3757,1010,6733],"product_tag":[4495],"class_list":{"0":"post-121581","1":"product","2":"type-product","3":"status-publish","4":"has-post-thumbnail","6":"product_cat-plantes-huiles-essentielles-living-libations","7":"product_cat-essential-oils","8":"product_cat-living-libations-france","9":"product_cat-par-marques","10":"product_cat-plantes-huiles-essentielles","11":"product_cat-notre-boutique","12":"product_cat-wellness-fr-2","13":"product_tag-essential-oil-fr","14":"pa_brand-livinglibations-fr","15":"pa_essential-oils-product-type-essential-oils-fr","16":"pa_size-5-ml-fr","18":"first","19":"instock","20":"taxable","21":"shipping-taxable","22":"purchasable","23":"product-type-simple"},"bundled_by":[],"bundle_stock_status":"instock","bundle_stock_quantity":5,"bundle_virtual":false,"bundle_layout":"","bundle_add_to_cart_form_location":"","bundle_editable_in_cart":false,"bundle_sold_individually_context":"","bundle_item_grouping":"","bundle_min_size":"","bundle_max_size":"","bundle_price":[],"bundled_items":[],"bundle_sell_ids":[],"atum_controlled":true,"out_stock_date":null,"out_stock_threshold":null,"inheritable":false,"stock_on_hold":0,"sold_today":0,"sales_last_days":0,"out_stock_days":0,"lost_sales":0,"update_date":"2026-04-10T08:32:30","atum_locations":[],"atum_stock_status":"instock","restock_status":false,"low_stock_amount":"","sales_update_date":"2026-04-10T08:32:30","calc_backorders":null,"group_of_quantity":0,"min_quantity":0,"max_quantity":"","exclude_order_quantity_value_rules":"no","exclude_category_quantity_rules":"no","combine_variations":"no","yoast_head":"<!-- This site is optimized with the Yoast SEO Premium plugin v26.5 (Yoast SEO v26.5) - https:\/\/yoast.com\/wordpress\/plugins\/seo\/ -->\n<title>Neroli Fleurs sur Petitgrain Essential Oil | Living Libations<\/title>\n<meta name=\"description\" content=\"Feuilles, fleurs d&#039;oranger et petites oranges dansent dans une co-distillation chor\u00e9graphi\u00e9e qui enchante un parfum super sensuel.\" \/>\n<meta name=\"robots\" content=\"index, follow, max-snippet:-1, max-image-preview:large, max-video-preview:-1\" \/>\n<link rel=\"canonical\" href=\"https:\/\/dutchhealthstore.com\/fr\/product\/neroli-fleurs-sur-petitgrain-essential-oil\/\" \/>\n<meta property=\"og:locale\" content=\"fr_FR\" \/>\n<meta property=\"og:type\" content=\"article\" \/>\n<meta property=\"og:title\" content=\"Neroli Fleurs sur Petitgrain Essential Oil - Dutch Health Store\" \/>\n<meta property=\"og:description\" content=\"Feuilles, fleurs d&#039;oranger et petites oranges dansent dans une co-distillation chor\u00e9graphi\u00e9e qui enchante un parfum super sensuel.\" \/>\n<meta property=\"og:url\" content=\"https:\/\/dutchhealthstore.com\/fr\/product\/neroli-fleurs-sur-petitgrain-essential-oil\/\" \/>\n<meta property=\"og:site_name\" content=\"Dutch Health Store\" \/>\n<meta property=\"article:publisher\" content=\"https:\/\/www.instagram.com\/dutchhealthstore\/\" \/>\n<meta property=\"article:modified_time\" content=\"2025-10-28T09:59:57+00:00\" \/>\n<meta property=\"og:image\" content=\"https:\/\/dutchhealthstore.com\/wp-content\/uploads\/2018\/02\/Living-Libations-Neroli-Fleurs-sur-Petitgrain-Essential-Oil-e1594734757405.jpg\" \/>\n\t<meta property=\"og:image:width\" content=\"500\" \/>\n\t<meta property=\"og:image:height\" content=\"500\" \/>\n\t<meta property=\"og:image:type\" content=\"image\/jpeg\" \/>\n<meta name=\"twitter:card\" content=\"summary_large_image\" \/>\n<meta name=\"twitter:label1\" content=\"Prix\" \/>\n\t<meta name=\"twitter:data1\" content=\"&euro;30,00\" \/>\n\t<meta name=\"twitter:label2\" content=\"Disponibilit\u00e9\" \/>\n\t<meta name=\"twitter:data2\" content=\"En stock\" \/>\n<script type=\"application\/ld+json\" class=\"yoast-schema-graph\">{\"@context\":\"https:\/\/schema.org\",\"@graph\":[{\"@type\":\"WebPage\",\"@id\":\"https:\/\/dutchhealthstore.com\/fr\/product\/neroli-fleurs-sur-petitgrain-essential-oil\/\",\"url\":\"https:\/\/dutchhealthstore.com\/fr\/product\/neroli-fleurs-sur-petitgrain-essential-oil\/\",\"name\":\"Neroli Fleurs sur Petitgrain Essential Oil | Living Libations\",\"isPartOf\":{\"@id\":\"https:\/\/dutchhealthstore.com\/fr\/#website\"},\"primaryImageOfPage\":{\"@id\":\"https:\/\/dutchhealthstore.com\/fr\/product\/neroli-fleurs-sur-petitgrain-essential-oil\/#primaryimage\"},\"image\":{\"@id\":\"https:\/\/dutchhealthstore.com\/fr\/product\/neroli-fleurs-sur-petitgrain-essential-oil\/#primaryimage\"},\"thumbnailUrl\":\"https:\/\/dutchhealthstore.com\/wp-content\/uploads\/2018\/02\/Living-Libations-Neroli-Fleurs-sur-Petitgrain-Essential-Oil-e1594734757405.jpg\",\"datePublished\":\"2018-02-10T18:59:17+00:00\",\"dateModified\":\"2025-10-28T09:59:57+00:00\",\"description\":\"Feuilles, fleurs d'oranger et petites oranges dansent dans une co-distillation chor\u00e9graphi\u00e9e qui enchante un parfum super sensuel.\",\"breadcrumb\":{\"@id\":\"https:\/\/dutchhealthstore.com\/fr\/product\/neroli-fleurs-sur-petitgrain-essential-oil\/#breadcrumb\"},\"inLanguage\":\"fr-FR\",\"potentialAction\":[{\"@type\":\"ReadAction\",\"target\":[\"https:\/\/dutchhealthstore.com\/fr\/product\/neroli-fleurs-sur-petitgrain-essential-oil\/\"]}]},{\"@type\":\"ImageObject\",\"inLanguage\":\"fr-FR\",\"@id\":\"https:\/\/dutchhealthstore.com\/fr\/product\/neroli-fleurs-sur-petitgrain-essential-oil\/#primaryimage\",\"url\":\"https:\/\/dutchhealthstore.com\/wp-content\/uploads\/2018\/02\/Living-Libations-Neroli-Fleurs-sur-Petitgrain-Essential-Oil-e1594734757405.jpg\",\"contentUrl\":\"https:\/\/dutchhealthstore.com\/wp-content\/uploads\/2018\/02\/Living-Libations-Neroli-Fleurs-sur-Petitgrain-Essential-Oil-e1594734757405.jpg\",\"width\":500,\"height\":500,\"caption\":\"Living Libations Neroli Fleurs sur Petitgrain Essential Oil\"},{\"@type\":\"BreadcrumbList\",\"@id\":\"https:\/\/dutchhealthstore.com\/fr\/product\/neroli-fleurs-sur-petitgrain-essential-oil\/#breadcrumb\",\"itemListElement\":[{\"@type\":\"ListItem\",\"position\":1,\"name\":\"Home\",\"item\":\"https:\/\/dutchhealthstore.com\/fr\/\"},{\"@type\":\"ListItem\",\"position\":2,\"name\":\"Shop\",\"item\":\"https:\/\/dutchhealthstore.com\/fr\/shop\/\"},{\"@type\":\"ListItem\",\"position\":3,\"name\":\"Neroli Fleurs sur Petitgrain Essential Oil\"}]},{\"@type\":\"WebSite\",\"@id\":\"https:\/\/dutchhealthstore.com\/fr\/#website\",\"url\":\"https:\/\/dutchhealthstore.com\/fr\/\",\"name\":\"Dutch Health Store\",\"description\":\"Enhance Your Beauty with Organic &amp; Natural Skincare\",\"publisher\":{\"@id\":\"https:\/\/dutchhealthstore.com\/fr\/#organization\"},\"potentialAction\":[{\"@type\":\"SearchAction\",\"target\":{\"@type\":\"EntryPoint\",\"urlTemplate\":\"https:\/\/dutchhealthstore.com\/fr\/?s={search_term_string}\"},\"query-input\":{\"@type\":\"PropertyValueSpecification\",\"valueRequired\":true,\"valueName\":\"search_term_string\"}}],\"inLanguage\":\"fr-FR\"},{\"@type\":\"Organization\",\"@id\":\"https:\/\/dutchhealthstore.com\/fr\/#organization\",\"name\":\"Dutch Health Store\",\"url\":\"https:\/\/dutchhealthstore.com\/fr\/\",\"logo\":{\"@type\":\"ImageObject\",\"inLanguage\":\"fr-FR\",\"@id\":\"https:\/\/dutchhealthstore.com\/fr\/#\/schema\/logo\/image\/\",\"url\":\"https:\/\/dutchhealthstore.com\/wp-content\/uploads\/2020\/08\/logo-dutchhealthstore-jpg-e1599484957574.jpg\",\"contentUrl\":\"https:\/\/dutchhealthstore.com\/wp-content\/uploads\/2020\/08\/logo-dutchhealthstore-jpg-e1599484957574.jpg\",\"width\":400,\"height\":62,\"caption\":\"Dutch Health Store\"},\"image\":{\"@id\":\"https:\/\/dutchhealthstore.com\/fr\/#\/schema\/logo\/image\/\"},\"sameAs\":[\"https:\/\/www.instagram.com\/dutchhealthstore\/\",\"https:\/\/www.facebook.com\/dutchhealthstore\"]}]}<\/script>\n<meta property=\"product:brand\" content=\"Living Libations\" \/>\n<meta property=\"product:price:amount\" content=\"30.00\" \/>\n<meta property=\"product:price:currency\" content=\"EUR\" \/>\n<meta property=\"og:availability\" content=\"instock\" \/>\n<meta property=\"product:availability\" content=\"instock\" \/>\n<meta property=\"product:condition\" content=\"new\" \/>\n<!-- \/ Yoast SEO Premium plugin. -->","yoast_head_json":{"title":"Neroli Fleurs sur Petitgrain Essential Oil | Living Libations","description":"Feuilles, fleurs d'oranger et petites oranges dansent dans une co-distillation chor\u00e9graphi\u00e9e qui enchante un parfum super sensuel.","robots":{"index":"index","follow":"follow","max-snippet":"max-snippet:-1","max-image-preview":"max-image-preview:large","max-video-preview":"max-video-preview:-1"},"canonical":"https:\/\/dutchhealthstore.com\/fr\/product\/neroli-fleurs-sur-petitgrain-essential-oil\/","og_locale":"fr_FR","og_type":"article","og_title":"Neroli Fleurs sur Petitgrain Essential Oil - Dutch Health Store","og_description":"Feuilles, fleurs d'oranger et petites oranges dansent dans une co-distillation chor\u00e9graphi\u00e9e qui enchante un parfum super sensuel.","og_url":"https:\/\/dutchhealthstore.com\/fr\/product\/neroli-fleurs-sur-petitgrain-essential-oil\/","og_site_name":"Dutch Health Store","article_publisher":"https:\/\/www.instagram.com\/dutchhealthstore\/","article_modified_time":"2025-10-28T09:59:57+00:00","og_image":[{"width":500,"height":500,"url":"https:\/\/dutchhealthstore.com\/wp-content\/uploads\/2018\/02\/Living-Libations-Neroli-Fleurs-sur-Petitgrain-Essential-Oil-e1594734757405.jpg","type":"image\/jpeg"}],"twitter_card":"summary_large_image","twitter_misc":{"Prix":"&euro;30,00","Disponibilit\u00e9":"En stock"},"schema":{"@context":"https:\/\/schema.org","@graph":[{"@type":"WebPage","@id":"https:\/\/dutchhealthstore.com\/fr\/product\/neroli-fleurs-sur-petitgrain-essential-oil\/","url":"https:\/\/dutchhealthstore.com\/fr\/product\/neroli-fleurs-sur-petitgrain-essential-oil\/","name":"Neroli Fleurs sur Petitgrain Essential Oil | Living Libations","isPartOf":{"@id":"https:\/\/dutchhealthstore.com\/fr\/#website"},"primaryImageOfPage":{"@id":"https:\/\/dutchhealthstore.com\/fr\/product\/neroli-fleurs-sur-petitgrain-essential-oil\/#primaryimage"},"image":{"@id":"https:\/\/dutchhealthstore.com\/fr\/product\/neroli-fleurs-sur-petitgrain-essential-oil\/#primaryimage"},"thumbnailUrl":"https:\/\/dutchhealthstore.com\/wp-content\/uploads\/2018\/02\/Living-Libations-Neroli-Fleurs-sur-Petitgrain-Essential-Oil-e1594734757405.jpg","datePublished":"2018-02-10T18:59:17+00:00","dateModified":"2025-10-28T09:59:57+00:00","description":"Feuilles, fleurs d'oranger et petites oranges dansent dans une co-distillation chor\u00e9graphi\u00e9e qui enchante un parfum super sensuel.","breadcrumb":{"@id":"https:\/\/dutchhealthstore.com\/fr\/product\/neroli-fleurs-sur-petitgrain-essential-oil\/#breadcrumb"},"inLanguage":"fr-FR","potentialAction":[{"@type":"ReadAction","target":["https:\/\/dutchhealthstore.com\/fr\/product\/neroli-fleurs-sur-petitgrain-essential-oil\/"]}]},{"@type":"ImageObject","inLanguage":"fr-FR","@id":"https:\/\/dutchhealthstore.com\/fr\/product\/neroli-fleurs-sur-petitgrain-essential-oil\/#primaryimage","url":"https:\/\/dutchhealthstore.com\/wp-content\/uploads\/2018\/02\/Living-Libations-Neroli-Fleurs-sur-Petitgrain-Essential-Oil-e1594734757405.jpg","contentUrl":"https:\/\/dutchhealthstore.com\/wp-content\/uploads\/2018\/02\/Living-Libations-Neroli-Fleurs-sur-Petitgrain-Essential-Oil-e1594734757405.jpg","width":500,"height":500,"caption":"Living Libations Neroli Fleurs sur Petitgrain Essential Oil"},{"@type":"BreadcrumbList","@id":"https:\/\/dutchhealthstore.com\/fr\/product\/neroli-fleurs-sur-petitgrain-essential-oil\/#breadcrumb","itemListElement":[{"@type":"ListItem","position":1,"name":"Home","item":"https:\/\/dutchhealthstore.com\/fr\/"},{"@type":"ListItem","position":2,"name":"Shop","item":"https:\/\/dutchhealthstore.com\/fr\/shop\/"},{"@type":"ListItem","position":3,"name":"Neroli Fleurs sur Petitgrain Essential Oil"}]},{"@type":"WebSite","@id":"https:\/\/dutchhealthstore.com\/fr\/#website","url":"https:\/\/dutchhealthstore.com\/fr\/","name":"Dutch Health Store","description":"Enhance Your Beauty with Organic &amp; Natural Skincare","publisher":{"@id":"https:\/\/dutchhealthstore.com\/fr\/#organization"},"potentialAction":[{"@type":"SearchAction","target":{"@type":"EntryPoint","urlTemplate":"https:\/\/dutchhealthstore.com\/fr\/?s={search_term_string}"},"query-input":{"@type":"PropertyValueSpecification","valueRequired":true,"valueName":"search_term_string"}}],"inLanguage":"fr-FR"},{"@type":"Organization","@id":"https:\/\/dutchhealthstore.com\/fr\/#organization","name":"Dutch Health Store","url":"https:\/\/dutchhealthstore.com\/fr\/","logo":{"@type":"ImageObject","inLanguage":"fr-FR","@id":"https:\/\/dutchhealthstore.com\/fr\/#\/schema\/logo\/image\/","url":"https:\/\/dutchhealthstore.com\/wp-content\/uploads\/2020\/08\/logo-dutchhealthstore-jpg-e1599484957574.jpg","contentUrl":"https:\/\/dutchhealthstore.com\/wp-content\/uploads\/2020\/08\/logo-dutchhealthstore-jpg-e1599484957574.jpg","width":400,"height":62,"caption":"Dutch Health Store"},"image":{"@id":"https:\/\/dutchhealthstore.com\/fr\/#\/schema\/logo\/image\/"},"sameAs":["https:\/\/www.instagram.com\/dutchhealthstore\/","https:\/\/www.facebook.com\/dutchhealthstore"]}]},"product_brand":"Living Libations","product_price_amount":"30.00","product_price_currency":"EUR","og_availability":"instock","product_availability":"instock","product_condition":"new"},"_links":{"self":[{"href":"https:\/\/dutchhealthstore.com\/fr\/wp-json\/wp\/v2\/product\/121581","targetHints":{"allow":["GET"]}}],"collection":[{"href":"https:\/\/dutchhealthstore.com\/fr\/wp-json\/wp\/v2\/product"}],"about":[{"href":"https:\/\/dutchhealthstore.com\/fr\/wp-json\/wp\/v2\/types\/product"}],"replies":[{"embeddable":true,"href":"https:\/\/dutchhealthstore.com\/fr\/wp-json\/wp\/v2\/comments?post=121581"}],"wp:featuredmedia":[{"embeddable":true,"href":"https:\/\/dutchhealthstore.com\/fr\/wp-json\/wp\/v2\/media\/113714"}],"wp:attachment":[{"href":"https:\/\/dutchhealthstore.com\/fr\/wp-json\/wp\/v2\/media?parent=121581"}],"wp:term":[{"taxonomy":"product_brand","embeddable":true,"href":"https:\/\/dutchhealthstore.com\/fr\/wp-json\/wp\/v2\/product_brand?post=121581"},{"taxonomy":"product_cat","embeddable":true,"href":"https:\/\/dutchhealthstore.com\/fr\/wp-json\/wp\/v2\/product_cat?post=121581"},{"taxonomy":"product_tag","embeddable":true,"href":"https:\/\/dutchhealthstore.com\/fr\/wp-json\/wp\/v2\/product_tag?post=121581"}],"curies":[{"name":"wp","href":"https:\/\/api.w.org\/{rel}","templated":true}]}}