{"id":121540,"date":"2018-02-10T20:08:56","date_gmt":"2018-02-10T19:08:56","guid":{"rendered":"https:\/\/dutchhealthstore.com\/product\/neroli-essential-oil\/"},"modified":"2024-09-12T12:43:39","modified_gmt":"2024-09-12T10:43:39","slug":"neroli-essential-oil","status":"publish","type":"product","link":"https:\/\/dutchhealthstore.com\/fr\/product\/neroli-essential-oil\/","title":{"rendered":"Neroli Essential Oil"},"content":{"rendered":"<p><img decoding=\"async\" class=\"alignright size-full wp-image-37041\" src=\"https:\/\/dutchhealthstore.com\/wp-content\/uploads\/2018\/04\/Living_Libations-1.png\" alt=\"Organic &amp; Natural Beautyproducts - Living Libations\" width=\"175\" height=\"82\">Neroli Essential Oil est une offre exquise est de vastes brins de t\u00e9l\u00e9grammes de beaut\u00e9 toujours acclamations et jamais craintes.<\/p>\n<p>Le n\u00e9roli a \u00e9t\u00e9 nomm\u00e9 d&rsquo;apr\u00e8s Anne Marie Orsini. Orsini \u00e9tait la princesse de Nerola, en Italie, jusqu&rsquo;\u00e0 la fin du 17e et au d\u00e9but du 18e si\u00e8cle. La princesse \u00e9tait une grande adepte de l&rsquo;huile essentielle de fleur d&rsquo;oranger, qu&rsquo;elle ajoutait \u00e0 son bain pour \u00e9chapper aux pressions de la vie politique et royale en Italie. Elle a tellement aim\u00e9 le parfum qu&rsquo;elle a commenc\u00e9 \u00e0 le vaporiser sur ses gants avant de sortir le soir. Bient\u00f4t, tout le monde en Italie portait des gants de n\u00e9roli, et peu apr\u00e8s, tout le monde en Europe admirait et se renseignait sur la fa\u00e7on d&rsquo;obtenir un peu de l&rsquo;huile n\u00e9roli enchanteresse d&rsquo;Orsini.<\/p>\n<p><strong>Nom botanique:<\/strong> Citrus aurantium<br \/>\n<strong>Famille botanique:<\/strong> Rutaceae<br \/>\n<strong>M\u00e9thode d&rsquo;extraction:<\/strong> Distillation \u00e0 la vapeur<br \/>\n<strong>Partie de la plante distill\u00e9e:<\/strong> Fleurs<br \/>\n<strong>Pays d&rsquo;origine:<\/strong> Tunisie<br \/>\n<strong>M\u00e9thode de culture:<\/strong> Organique<br \/>\n<strong>Composition:<\/strong> 100% Citrus aurantium<br \/>\n<strong>Coh\u00e9rence:<\/strong> Mince<\/p>\n<h3>Description de l&rsquo;odeur<\/h3>\n<p>Fleuri doux et \u00e9th\u00e9r\u00e9, avec des notes joyeuses d&rsquo;agrumes ensoleill\u00e9s et de miel.<\/p>\n<h3>Dans Living Libations<\/h3>\n<p>Neroli Best Skin Ever, Neroli Poetic Pits, et Rose Glow Serum.<\/p>\n<h3>Se marie bien avec<\/h3>\n<p>Bergamote, rose, ylang, encens, pamplemousse, orange, lavande, g\u00e9ranium, camomille romaine, sauge sclar\u00e9e et bois de santal.<\/p>\n<a href=\"https:\/\/dutchhealthstore.com\/wp-content\/uploads\/2018\/02\/ESSENTIAL-OIL-ANALYSIS-Neroli-Essential-Oil-Living-Libations.pdf\" class=\"button primary is-primary is-medium\"  >\n\t\t<span>ANALYSE DES HUILES ESSENTIELLES &gt;&gt;<\/span>\n\t<\/a>\n\n<h3>Utilisations<\/h3>\n<p>D\u00e9odorant. Jus de joie. Tonique pour la peau. Enchanteur. Beaut\u00e9 du bain. Adoucisseur de l&rsquo;apparence des cicatrices, des vergetures et de la peau. Parfait dans les parfums et sur les oreillers. Transporte le temps inhal\u00e9 dans le tuyau de sel. Divin en diffusion.<\/p>\n<h3>Contre-indication<\/h3>\n<p>Photosensible. Diluez toujours le produit avant de l&rsquo;utiliser. Ne l&rsquo;utilisez pas non dilu\u00e9 et n&rsquo;exposez pas ensuite votre peau au soleil.<\/p>\n<p><strong>Taille: 5 ml et 15 ml<\/strong><\/p>\n<h3>Ingr\u00e9dients Biologiques<\/h3>\n<p>100% d&rsquo;huile essentielle de n\u00e9roli (Citrus aurantium).<\/p>\n<p style=\"text-align: center;\"><em>\u00ab\u00a0Les orangers en fleurs qui embellissent le soleil de S\u00e9ville pleurent le doux n\u00e9roli.\u00a0\u00bb<\/em><br \/>\n\u223c Anonyme<\/p>\n<p style=\"text-align: center;\"><em>\u00ab\u00a0Le n\u00e9roli est l&rsquo;une des huiles essentielles les plus pr\u00e9cieuses, sa vibration \u00e9tant l&rsquo;une des plus \u00e9lev\u00e9es d&rsquo;entre elles. <\/em><br \/>\n<em>Il se peut qu&rsquo;il r\u00e9sonne avec l&rsquo;\u00e9nergie d&rsquo;un autre temps-lumi\u00e8re de l&rsquo;univers, <\/em><br \/>\n<em>peut-\u00eatre en prenant sa lumi\u00e8re d&rsquo;un autre soleil dans le vaste cosmos. <\/em><br \/>\n<em>D&rsquo;o\u00f9 que vienne sa qualit\u00e9 subtile et luminescente, elle est omnipr\u00e9sente\u00a0\u00bb.<\/em><br \/>\n\u223c Valerie Ann Worwood, <strong>Aromatherapy for the Soul<\/strong><\/p>\n<p style=\"text-align: center;\"><em>\u00ab\u00a0Neroli: Une goutte appliqu\u00e9e n&rsquo;importe o\u00f9, par exemple sur le sternum, soulagera&#8230;\u00a0\u00bb<\/em><br \/>\n\u223c Kurt Schnaubelt, <strong>The Intelligence of Essential Oils<\/strong><\/p>\n<p style=\"text-align: center;\"><em>\u00ab\u00a0Le n\u00e9roli a une action apaisante et de soutien sur le c\u0153ur.\u00a0\u00bb<\/em><br \/>\n\u223c Julia Lawless, <strong>Aromatherapy and the Mind<\/strong><\/p>\n<p style=\"text-align: center;\"><em>\u00ab\u00a0Le nom de cette huile proviendrait d&rsquo;une princesse bien-aim\u00e9e de Nerola, en Italie, qui la prodiguait sur tout. <\/em><br \/>\n<em>Les mari\u00e9es se paraient de fleurs d&rsquo;oranger pour signifier leur puret\u00e9 et leur beaut\u00e9. <\/em><br \/>\n<em>|Neroli a \u00e9t\u00e9 consid\u00e9r\u00e9 par le peuple \u00e9gyptien pour ses grandes qualit\u00e9s d&rsquo;harmonisation de l&rsquo;esprit, du corps et de l&rsquo;\u00e2me. <\/em><br \/>\n<em>Cela permet de tout concentrer sur un seul moment.\u00a0\u00bb<\/em><br \/>\n\u223c Alan Higley, <strong>Reference Guide for Essential Oils<\/strong><\/p>\n<p>&nbsp;<\/p>\n<p><img decoding=\"async\" class=\"aligncenter wp-image-31577\" src=\"https:\/\/dutchhealthstore.com\/wp-content\/uploads\/2018\/03\/organic_big.png\" alt=\"Organic and Natural - Living Libations\" width=\"500\" height=\"83\" srcset=\"https:\/\/dutchhealthstore.com\/wp-content\/uploads\/2018\/03\/organic_big.png 623w, https:\/\/dutchhealthstore.com\/wp-content\/uploads\/2018\/03\/organic_big-510x84.png 510w, https:\/\/dutchhealthstore.com\/wp-content\/uploads\/2018\/03\/organic_big-600x99.png 600w, https:\/\/dutchhealthstore.com\/wp-content\/uploads\/2018\/03\/organic_big-350x58.png 350w\" sizes=\"(max-width: 500px) 100vw, 500px\" \/><\/p>\n","protected":false},"excerpt":{"rendered":"<p style=\"text-align: left;\"><strong>Neroli Essential Oil<\/strong> numineux est un bonheur dans une fantaisie florale hypnotique n\u00e9e de la distillation \u00e0 la vapeur des fleurs bienveillantes de l&rsquo;oranger tunisien. Le n\u00e9roli doit son nom \u00e0 une princesse italienne du XVIIe si\u00e8cle qui \u00e9tait c\u00e9l\u00e8bre pour parfumer ses v\u00eatements et ses bains avec l&rsquo;essence de cet arbre joyeux. Le n\u00e9roli fait des merveilles dans le corps en nichant les nerfs, en chantant une chanson douce \u00e0 la peau et en jouant de la fl\u00fbte florale de son parfum en p\u00e9tales pour inviter les autres.<\/p>\n","protected":false},"featured_media":113707,"comment_status":"open","ping_status":"closed","template":"","meta":[],"product_brand":[],"product_cat":[1507,6734,1211,1209,3757,1010,6733],"product_tag":[4495],"class_list":{"0":"post-121540","1":"product","2":"type-product","3":"status-publish","4":"has-post-thumbnail","6":"product_cat-plantes-huiles-essentielles-living-libations","7":"product_cat-essential-oils","8":"product_cat-living-libations-france","9":"product_cat-par-marques","10":"product_cat-plantes-huiles-essentielles","11":"product_cat-notre-boutique","12":"product_cat-wellness-fr-2","13":"product_tag-essential-oil-fr","14":"pa_brand-livinglibations-fr","15":"pa_essential-oils-product-type-essential-oils-fr","16":"pa_size-5-ml-fr","17":"pa_size-15-ml-fr","19":"first","20":"instock","21":"taxable","22":"shipping-taxable","23":"purchasable","24":"product-type-variable"},"bundled_by":[],"bundle_stock_status":"instock","bundle_stock_quantity":null,"bundle_virtual":false,"bundle_layout":"","bundle_add_to_cart_form_location":"","bundle_editable_in_cart":false,"bundle_sold_individually_context":"","bundle_item_grouping":"","bundle_min_size":"","bundle_max_size":"","bundle_price":[],"bundled_items":[],"bundle_sell_ids":[],"atum_controlled":true,"out_stock_date":null,"out_stock_threshold":null,"inheritable":true,"stock_on_hold":0,"sold_today":0,"sales_last_days":0,"out_stock_days":0,"lost_sales":0,"update_date":"2026-04-12T00:02:29","atum_locations":[],"atum_stock_status":"instock","restock_status":false,"low_stock_amount":"","sales_update_date":"2026-04-12T00:02:29","calc_backorders":null,"group_of_quantity":0,"min_quantity":0,"max_quantity":"","exclude_order_quantity_value_rules":"no","exclude_category_quantity_rules":"no","combine_variations":"no","yoast_head":"<!-- This site is optimized with the Yoast SEO Premium plugin v26.5 (Yoast SEO v26.5) - https:\/\/yoast.com\/wordpress\/plugins\/seo\/ -->\n<title>Neroli Essential Oil | Living Libations<\/title>\n<meta name=\"description\" content=\"Living Libations Neroli Essential Oil est une huile florale hypnotique distill\u00e9e \u00e0 la vapeur \u00e0 partir des fleurs de l&#039;oranger tunisien.\" \/>\n<meta name=\"robots\" content=\"index, follow, max-snippet:-1, max-image-preview:large, max-video-preview:-1\" \/>\n<link rel=\"canonical\" href=\"https:\/\/dutchhealthstore.com\/fr\/product\/neroli-essential-oil\/\" \/>\n<meta property=\"og:locale\" content=\"fr_FR\" \/>\n<meta property=\"og:type\" content=\"article\" \/>\n<meta property=\"og:title\" content=\"Neroli Essential Oil - Dutch Health Store\" \/>\n<meta property=\"og:description\" content=\"Living Libations Neroli Essential Oil est une huile florale hypnotique distill\u00e9e \u00e0 la vapeur \u00e0 partir des fleurs de l&#039;oranger tunisien.\" \/>\n<meta property=\"og:url\" content=\"https:\/\/dutchhealthstore.com\/fr\/product\/neroli-essential-oil\/\" \/>\n<meta property=\"og:site_name\" content=\"Dutch Health Store\" \/>\n<meta property=\"article:publisher\" content=\"https:\/\/www.instagram.com\/dutchhealthstore\/\" \/>\n<meta property=\"article:modified_time\" content=\"2024-09-12T10:43:39+00:00\" \/>\n<meta property=\"og:image\" content=\"https:\/\/dutchhealthstore.com\/wp-content\/uploads\/2018\/02\/Living-Libations-Neroli-Essential-Oil-1-e1594734067524.jpg\" \/>\n\t<meta property=\"og:image:width\" content=\"500\" \/>\n\t<meta property=\"og:image:height\" content=\"500\" \/>\n\t<meta property=\"og:image:type\" content=\"image\/jpeg\" \/>\n<meta name=\"twitter:card\" content=\"summary_large_image\" \/>\n<meta name=\"twitter:label1\" content=\"Disponibilit\u00e9\" \/>\n\t<meta name=\"twitter:data1\" content=\"En stock\" \/>\n<script type=\"application\/ld+json\" class=\"yoast-schema-graph\">{\"@context\":\"https:\/\/schema.org\",\"@graph\":[{\"@type\":\"WebPage\",\"@id\":\"https:\/\/dutchhealthstore.com\/fr\/product\/neroli-essential-oil\/\",\"url\":\"https:\/\/dutchhealthstore.com\/fr\/product\/neroli-essential-oil\/\",\"name\":\"Neroli Essential Oil | Living Libations\",\"isPartOf\":{\"@id\":\"https:\/\/dutchhealthstore.com\/fr\/#website\"},\"primaryImageOfPage\":{\"@id\":\"https:\/\/dutchhealthstore.com\/fr\/product\/neroli-essential-oil\/#primaryimage\"},\"image\":{\"@id\":\"https:\/\/dutchhealthstore.com\/fr\/product\/neroli-essential-oil\/#primaryimage\"},\"thumbnailUrl\":\"https:\/\/dutchhealthstore.com\/wp-content\/uploads\/2018\/02\/Living-Libations-Neroli-Essential-Oil-1-e1594734067524.jpg\",\"datePublished\":\"2018-02-10T19:08:56+00:00\",\"dateModified\":\"2024-09-12T10:43:39+00:00\",\"description\":\"Living Libations Neroli Essential Oil est une huile florale hypnotique distill\u00e9e \u00e0 la vapeur \u00e0 partir des fleurs de l'oranger tunisien.\",\"breadcrumb\":{\"@id\":\"https:\/\/dutchhealthstore.com\/fr\/product\/neroli-essential-oil\/#breadcrumb\"},\"inLanguage\":\"fr-FR\",\"potentialAction\":[{\"@type\":\"ReadAction\",\"target\":[\"https:\/\/dutchhealthstore.com\/fr\/product\/neroli-essential-oil\/\"]}]},{\"@type\":\"ImageObject\",\"inLanguage\":\"fr-FR\",\"@id\":\"https:\/\/dutchhealthstore.com\/fr\/product\/neroli-essential-oil\/#primaryimage\",\"url\":\"https:\/\/dutchhealthstore.com\/wp-content\/uploads\/2018\/02\/Living-Libations-Neroli-Essential-Oil-1-e1594734067524.jpg\",\"contentUrl\":\"https:\/\/dutchhealthstore.com\/wp-content\/uploads\/2018\/02\/Living-Libations-Neroli-Essential-Oil-1-e1594734067524.jpg\",\"width\":500,\"height\":500,\"caption\":\"Living Libations Neroli Essential Oil\"},{\"@type\":\"BreadcrumbList\",\"@id\":\"https:\/\/dutchhealthstore.com\/fr\/product\/neroli-essential-oil\/#breadcrumb\",\"itemListElement\":[{\"@type\":\"ListItem\",\"position\":1,\"name\":\"Home\",\"item\":\"https:\/\/dutchhealthstore.com\/fr\/\"},{\"@type\":\"ListItem\",\"position\":2,\"name\":\"Shop\",\"item\":\"https:\/\/dutchhealthstore.com\/fr\/shop\/\"},{\"@type\":\"ListItem\",\"position\":3,\"name\":\"Neroli Essential Oil\"}]},{\"@type\":\"WebSite\",\"@id\":\"https:\/\/dutchhealthstore.com\/fr\/#website\",\"url\":\"https:\/\/dutchhealthstore.com\/fr\/\",\"name\":\"Dutch Health Store\",\"description\":\"Enhance Your Beauty with Organic &amp; Natural Skincare\",\"publisher\":{\"@id\":\"https:\/\/dutchhealthstore.com\/fr\/#organization\"},\"potentialAction\":[{\"@type\":\"SearchAction\",\"target\":{\"@type\":\"EntryPoint\",\"urlTemplate\":\"https:\/\/dutchhealthstore.com\/fr\/?s={search_term_string}\"},\"query-input\":{\"@type\":\"PropertyValueSpecification\",\"valueRequired\":true,\"valueName\":\"search_term_string\"}}],\"inLanguage\":\"fr-FR\"},{\"@type\":\"Organization\",\"@id\":\"https:\/\/dutchhealthstore.com\/fr\/#organization\",\"name\":\"Dutch Health Store\",\"url\":\"https:\/\/dutchhealthstore.com\/fr\/\",\"logo\":{\"@type\":\"ImageObject\",\"inLanguage\":\"fr-FR\",\"@id\":\"https:\/\/dutchhealthstore.com\/fr\/#\/schema\/logo\/image\/\",\"url\":\"https:\/\/dutchhealthstore.com\/wp-content\/uploads\/2020\/08\/logo-dutchhealthstore-jpg-e1599484957574.jpg\",\"contentUrl\":\"https:\/\/dutchhealthstore.com\/wp-content\/uploads\/2020\/08\/logo-dutchhealthstore-jpg-e1599484957574.jpg\",\"width\":400,\"height\":62,\"caption\":\"Dutch Health Store\"},\"image\":{\"@id\":\"https:\/\/dutchhealthstore.com\/fr\/#\/schema\/logo\/image\/\"},\"sameAs\":[\"https:\/\/www.instagram.com\/dutchhealthstore\/\",\"https:\/\/www.facebook.com\/dutchhealthstore\"]}]}<\/script>\n<meta property=\"product:brand\" content=\"Living Libations\" \/>\n<meta property=\"og:availability\" content=\"instock\" \/>\n<meta property=\"product:availability\" content=\"instock\" \/>\n<meta property=\"product:condition\" content=\"new\" \/>\n<!-- \/ Yoast SEO Premium plugin. -->","yoast_head_json":{"title":"Neroli Essential Oil | Living Libations","description":"Living Libations Neroli Essential Oil est une huile florale hypnotique distill\u00e9e \u00e0 la vapeur \u00e0 partir des fleurs de l'oranger tunisien.","robots":{"index":"index","follow":"follow","max-snippet":"max-snippet:-1","max-image-preview":"max-image-preview:large","max-video-preview":"max-video-preview:-1"},"canonical":"https:\/\/dutchhealthstore.com\/fr\/product\/neroli-essential-oil\/","og_locale":"fr_FR","og_type":"article","og_title":"Neroli Essential Oil - Dutch Health Store","og_description":"Living Libations Neroli Essential Oil est une huile florale hypnotique distill\u00e9e \u00e0 la vapeur \u00e0 partir des fleurs de l'oranger tunisien.","og_url":"https:\/\/dutchhealthstore.com\/fr\/product\/neroli-essential-oil\/","og_site_name":"Dutch Health Store","article_publisher":"https:\/\/www.instagram.com\/dutchhealthstore\/","article_modified_time":"2024-09-12T10:43:39+00:00","og_image":[{"width":500,"height":500,"url":"https:\/\/dutchhealthstore.com\/wp-content\/uploads\/2018\/02\/Living-Libations-Neroli-Essential-Oil-1-e1594734067524.jpg","type":"image\/jpeg"}],"twitter_card":"summary_large_image","twitter_misc":{"Disponibilit\u00e9":"En stock"},"schema":{"@context":"https:\/\/schema.org","@graph":[{"@type":"WebPage","@id":"https:\/\/dutchhealthstore.com\/fr\/product\/neroli-essential-oil\/","url":"https:\/\/dutchhealthstore.com\/fr\/product\/neroli-essential-oil\/","name":"Neroli Essential Oil | Living Libations","isPartOf":{"@id":"https:\/\/dutchhealthstore.com\/fr\/#website"},"primaryImageOfPage":{"@id":"https:\/\/dutchhealthstore.com\/fr\/product\/neroli-essential-oil\/#primaryimage"},"image":{"@id":"https:\/\/dutchhealthstore.com\/fr\/product\/neroli-essential-oil\/#primaryimage"},"thumbnailUrl":"https:\/\/dutchhealthstore.com\/wp-content\/uploads\/2018\/02\/Living-Libations-Neroli-Essential-Oil-1-e1594734067524.jpg","datePublished":"2018-02-10T19:08:56+00:00","dateModified":"2024-09-12T10:43:39+00:00","description":"Living Libations Neroli Essential Oil est une huile florale hypnotique distill\u00e9e \u00e0 la vapeur \u00e0 partir des fleurs de l'oranger tunisien.","breadcrumb":{"@id":"https:\/\/dutchhealthstore.com\/fr\/product\/neroli-essential-oil\/#breadcrumb"},"inLanguage":"fr-FR","potentialAction":[{"@type":"ReadAction","target":["https:\/\/dutchhealthstore.com\/fr\/product\/neroli-essential-oil\/"]}]},{"@type":"ImageObject","inLanguage":"fr-FR","@id":"https:\/\/dutchhealthstore.com\/fr\/product\/neroli-essential-oil\/#primaryimage","url":"https:\/\/dutchhealthstore.com\/wp-content\/uploads\/2018\/02\/Living-Libations-Neroli-Essential-Oil-1-e1594734067524.jpg","contentUrl":"https:\/\/dutchhealthstore.com\/wp-content\/uploads\/2018\/02\/Living-Libations-Neroli-Essential-Oil-1-e1594734067524.jpg","width":500,"height":500,"caption":"Living Libations Neroli Essential Oil"},{"@type":"BreadcrumbList","@id":"https:\/\/dutchhealthstore.com\/fr\/product\/neroli-essential-oil\/#breadcrumb","itemListElement":[{"@type":"ListItem","position":1,"name":"Home","item":"https:\/\/dutchhealthstore.com\/fr\/"},{"@type":"ListItem","position":2,"name":"Shop","item":"https:\/\/dutchhealthstore.com\/fr\/shop\/"},{"@type":"ListItem","position":3,"name":"Neroli Essential Oil"}]},{"@type":"WebSite","@id":"https:\/\/dutchhealthstore.com\/fr\/#website","url":"https:\/\/dutchhealthstore.com\/fr\/","name":"Dutch Health Store","description":"Enhance Your Beauty with Organic &amp; Natural Skincare","publisher":{"@id":"https:\/\/dutchhealthstore.com\/fr\/#organization"},"potentialAction":[{"@type":"SearchAction","target":{"@type":"EntryPoint","urlTemplate":"https:\/\/dutchhealthstore.com\/fr\/?s={search_term_string}"},"query-input":{"@type":"PropertyValueSpecification","valueRequired":true,"valueName":"search_term_string"}}],"inLanguage":"fr-FR"},{"@type":"Organization","@id":"https:\/\/dutchhealthstore.com\/fr\/#organization","name":"Dutch Health Store","url":"https:\/\/dutchhealthstore.com\/fr\/","logo":{"@type":"ImageObject","inLanguage":"fr-FR","@id":"https:\/\/dutchhealthstore.com\/fr\/#\/schema\/logo\/image\/","url":"https:\/\/dutchhealthstore.com\/wp-content\/uploads\/2020\/08\/logo-dutchhealthstore-jpg-e1599484957574.jpg","contentUrl":"https:\/\/dutchhealthstore.com\/wp-content\/uploads\/2020\/08\/logo-dutchhealthstore-jpg-e1599484957574.jpg","width":400,"height":62,"caption":"Dutch Health Store"},"image":{"@id":"https:\/\/dutchhealthstore.com\/fr\/#\/schema\/logo\/image\/"},"sameAs":["https:\/\/www.instagram.com\/dutchhealthstore\/","https:\/\/www.facebook.com\/dutchhealthstore"]}]},"product_brand":"Living Libations","og_availability":"instock","product_availability":"instock","product_condition":"new"},"_links":{"self":[{"href":"https:\/\/dutchhealthstore.com\/fr\/wp-json\/wp\/v2\/product\/121540","targetHints":{"allow":["GET"]}}],"collection":[{"href":"https:\/\/dutchhealthstore.com\/fr\/wp-json\/wp\/v2\/product"}],"about":[{"href":"https:\/\/dutchhealthstore.com\/fr\/wp-json\/wp\/v2\/types\/product"}],"replies":[{"embeddable":true,"href":"https:\/\/dutchhealthstore.com\/fr\/wp-json\/wp\/v2\/comments?post=121540"}],"wp:featuredmedia":[{"embeddable":true,"href":"https:\/\/dutchhealthstore.com\/fr\/wp-json\/wp\/v2\/media\/113707"}],"wp:attachment":[{"href":"https:\/\/dutchhealthstore.com\/fr\/wp-json\/wp\/v2\/media?parent=121540"}],"wp:term":[{"taxonomy":"product_brand","embeddable":true,"href":"https:\/\/dutchhealthstore.com\/fr\/wp-json\/wp\/v2\/product_brand?post=121540"},{"taxonomy":"product_cat","embeddable":true,"href":"https:\/\/dutchhealthstore.com\/fr\/wp-json\/wp\/v2\/product_cat?post=121540"},{"taxonomy":"product_tag","embeddable":true,"href":"https:\/\/dutchhealthstore.com\/fr\/wp-json\/wp\/v2\/product_tag?post=121540"}],"curies":[{"name":"wp","href":"https:\/\/api.w.org\/{rel}","templated":true}]}}