{"id":121495,"date":"2020-06-23T10:35:29","date_gmt":"2020-06-23T08:35:29","guid":{"rendered":"https:\/\/dutchhealthstore.com\/product\/myrtle-lemon-essential-oil\/"},"modified":"2023-02-28T10:17:51","modified_gmt":"2023-02-28T10:17:51","slug":"myrtle-lemon-essential-oil","status":"publish","type":"product","link":"https:\/\/dutchhealthstore.com\/fr\/product\/myrtle-lemon-essential-oil\/","title":{"rendered":"Myrtle, Lemon Essential Oil"},"content":{"rendered":"<h3><img decoding=\"async\" class=\"size-full wp-image-69549 alignright\" src=\"https:\/\/dutchhealthstore.com\/wp-content\/uploads\/2019\/08\/NEW-Living-Libations-Logo.jpg\" alt=\"NEW - Living Libations - Logo\" width=\"175\" height=\"82\"><\/h3>\n<p><strong>Nom botanique :<\/strong> Backhousia citriodora<br \/>\n<strong>Famille botanique :<\/strong> Myrtaceae<br \/>\n<strong>M\u00e9thode d&rsquo;extraction :<\/strong> Distillation \u00e0 la vapeur<br \/>\n<strong>Partie de la plante distill\u00e9e :<\/strong> Feuilles et jeunes branches<br \/>\n<strong>Country of Origin :<\/strong> Australia<br \/>\n<strong>M\u00e9thode de culture :<\/strong> Organique<br \/>\n<strong>Composition :<\/strong> 100 % Backhousia citriodora<br \/>\n<strong>Consistance :<\/strong> Viscosit\u00e9 fine<\/p>\n<h3>Description de l&rsquo;odeur<\/h3>\n<p>Senteur vive et citronn\u00e9e, plus citronn\u00e9e que le citron.<\/p>\n<h3>Se marie bien avec<\/h3>\n<p>Myrte \u00e0 miel, Fragonia, Bergamote, Myrte, Encens, Lavande, Ylang, G\u00e9ranium, Palmarosa, Thym, Marjolaine, Inula, Petitgrain, Menthe poivr\u00e9e et Sauge.<\/p>\n<h3>Utilisations<\/h3>\n<p>D\u00e9licieux \u00e0 diffuser et \u00e0 utiliser dans notre pipe \u00e0 sel pour relancer la respiration. Purifiez l&rsquo;air et nettoyez les espaces en ajoutant cette huile \u00e0 l&rsquo;eau des serpilli\u00e8res, au savon \u00e0 vaisselle, aux nettoyants pour salles de bains et aux sprays pour comptoirs. A appr\u00e9cier dans les bains, les d\u00e9odorants et les m\u00e9langes de massage. Les s\u00e9rums pour la peau \u00e0 la myrte citronn\u00e9e nettoient les peaux \u00e0 tendance acn\u00e9ique et les pores congestionn\u00e9s. Pr\u00eate ses vertus citronn\u00e9es aux sorbets, aux sauces pour salade, aux cr\u00e9ations culinaires de g\u00e2teaux crus et aux eaux de Cologne.<\/p>\n<h3>Contre-indications<\/h3>\n<p>La forte teneur en citral de l&rsquo;huile peut entra\u00eener une sensibilisation cutan\u00e9e chez certaines personnes &#8211; diluer pour l&rsquo;utiliser sur la peau.<\/p>\n<a href=\"https:\/\/dutchhealthstore.com\/wp-content\/uploads\/2020\/06\/ANALYSIS-Myrtle-Lemon-Essential-Oil-Living-Libations-2.pdf\" class=\"button primary is-primary is-small\"  >\n\t\t<span>ANALYSE DES HUILES ESSENTIELLES &gt;<\/span>\n\t<\/a>\n\n<p>Lemon Myrtle est \u00e9galement connu sous le nom de Lemon Ironwood, ou Sweet Verbena Tree. Il est plus r\u00e9cent dans le panth\u00e9on v\u00e9g\u00e9tal des essences distill\u00e9es, mais il devient rapidement un favori en mati\u00e8re de parfum, car il diffuse son parfum agr\u00e9able de la bouteille \u00e0 votre cerveau.<\/p>\n<p>La raison pour laquelle Lemon Myrtle Essential Oil est si r\u00e9jouissante est qu&rsquo;elle contient des quantit\u00e9s importantes de citral (95% !), ainsi que de n\u00e9ral et de g\u00e9ranial.<\/p>\n<p><strong>Taille : 5 ml<\/strong><\/p>\n<h3>Ingr\u00e9dients biologiques<\/h3>\n<p>100% d&rsquo;huile essentielle de myrte citronn\u00e9e (Backhousia citriodora).<\/p>\n<p><img fetchpriority=\"high\" decoding=\"async\" class=\"size-medium wp-image-68103 aligncenter\" src=\"https:\/\/dutchhealthstore.com\/wp-content\/uploads\/2018\/02\/Living-Libations-Organic-Logo-800x89.png\" alt=\"Living Libations - Organic Logo\" width=\"800\" height=\"89\" srcset=\"https:\/\/dutchhealthstore.com\/wp-content\/uploads\/2018\/02\/Living-Libations-Organic-Logo-800x89.png 800w, https:\/\/dutchhealthstore.com\/wp-content\/uploads\/2018\/02\/Living-Libations-Organic-Logo-510x57.png 510w, https:\/\/dutchhealthstore.com\/wp-content\/uploads\/2018\/02\/Living-Libations-Organic-Logo-768x85.png 768w, https:\/\/dutchhealthstore.com\/wp-content\/uploads\/2018\/02\/Living-Libations-Organic-Logo.png 1400w\" sizes=\"(max-width: 800px) 100vw, 800px\" \/><\/p>\n","protected":false},"excerpt":{"rendered":"<p><strong>Lemon Myrtle Essential Oil<\/strong> piquante est plus citronn\u00e9 que le citron. Les feuilles et les jeunes branches du myrte citronn\u00e9 sont distill\u00e9es \u00e0 la vapeur en Australie. Une petite quantit\u00e9 suffit pour cette huile gaie et clarifiante, qui est id\u00e9ale pour \u00e9liminer l&rsquo;air stagnant, l&rsquo;\u00e9nergie s\u00e9dentaire et la peau l\u00e9thargique.<\/p>\n","protected":false},"featured_media":108591,"comment_status":"open","ping_status":"closed","template":"","meta":[],"product_brand":[],"product_cat":[1507,6734,1211,1209,3757,6733],"product_tag":[4495],"class_list":{"0":"post-121495","1":"product","2":"type-product","3":"status-publish","4":"has-post-thumbnail","6":"product_cat-plantes-huiles-essentielles-living-libations","7":"product_cat-essential-oils","8":"product_cat-living-libations-france","9":"product_cat-par-marques","10":"product_cat-plantes-huiles-essentielles","11":"product_cat-wellness-fr-2","12":"product_tag-essential-oil-fr","13":"pa_brand-livinglibations-fr","14":"pa_essential-oils-product-type-essential-oils-fr","15":"pa_size-5-ml-fr","17":"first","18":"instock","19":"taxable","20":"shipping-taxable","21":"purchasable","22":"product-type-simple"},"bundled_by":[],"bundle_stock_status":"instock","bundle_stock_quantity":2,"bundle_virtual":false,"bundle_layout":"","bundle_add_to_cart_form_location":"","bundle_editable_in_cart":false,"bundle_sold_individually_context":"","bundle_item_grouping":"","bundle_min_size":"","bundle_max_size":"","bundle_price":[],"bundled_items":[],"bundle_sell_ids":[],"atum_controlled":true,"out_stock_date":null,"out_stock_threshold":null,"inheritable":false,"stock_on_hold":0,"sold_today":0,"sales_last_days":0,"out_stock_days":0,"lost_sales":0,"update_date":"2026-04-09T01:47:35","atum_locations":[],"atum_stock_status":"instock","restock_status":false,"low_stock_amount":"","sales_update_date":"2026-04-09T01:47:34","calc_backorders":null,"group_of_quantity":0,"min_quantity":0,"max_quantity":"","exclude_order_quantity_value_rules":"no","exclude_category_quantity_rules":"no","combine_variations":"no","yoast_head":"<!-- This site is optimized with the Yoast SEO Premium plugin v26.5 (Yoast SEO v26.5) - https:\/\/yoast.com\/wordpress\/plugins\/seo\/ -->\n<title>\u00c0 la recherche de Myrtle, Lemon Essential Oil ? Commandez Myrtle, Lemon Essential Oil aujourd&#039;hui chez Dutch Health Store. Contact personnel &amp; envoi rapide.<\/title>\n<meta name=\"description\" content=\"Une petite quantit\u00e9 suffit pour cette huile gaie et clarifiante, qui est id\u00e9ale pour \u00e9liminer l&#039;air stagnant, l&#039;\u00e9nergie s\u00e9dentaire et la peau l\u00e9thargique.\" \/>\n<meta name=\"robots\" content=\"index, follow, max-snippet:-1, max-image-preview:large, max-video-preview:-1\" \/>\n<link rel=\"canonical\" href=\"https:\/\/dutchhealthstore.com\/fr\/product\/myrtle-lemon-essential-oil\/\" \/>\n<meta property=\"og:locale\" content=\"fr_FR\" \/>\n<meta property=\"og:type\" content=\"article\" \/>\n<meta property=\"og:title\" content=\"Myrtle, Lemon Essential Oil - Dutch Health Store\" \/>\n<meta property=\"og:description\" content=\"Une petite quantit\u00e9 suffit pour cette huile gaie et clarifiante, qui est id\u00e9ale pour \u00e9liminer l&#039;air stagnant, l&#039;\u00e9nergie s\u00e9dentaire et la peau l\u00e9thargique.\" \/>\n<meta property=\"og:url\" content=\"https:\/\/dutchhealthstore.com\/fr\/product\/myrtle-lemon-essential-oil\/\" \/>\n<meta property=\"og:site_name\" content=\"Dutch Health Store\" \/>\n<meta property=\"article:publisher\" content=\"https:\/\/www.instagram.com\/dutchhealthstore\/\" \/>\n<meta property=\"article:modified_time\" content=\"2023-02-28T10:17:51+00:00\" \/>\n<meta property=\"og:image\" content=\"https:\/\/dutchhealthstore.com\/wp-content\/uploads\/2020\/06\/living-libations-myrtle-lemon-essential-oil-e1592904280752.jpg\" \/>\n\t<meta property=\"og:image:width\" content=\"500\" \/>\n\t<meta property=\"og:image:height\" content=\"500\" \/>\n\t<meta property=\"og:image:type\" content=\"image\/jpeg\" \/>\n<meta name=\"twitter:card\" content=\"summary_large_image\" \/>\n<meta name=\"twitter:label1\" content=\"Prix\" \/>\n\t<meta name=\"twitter:data1\" content=\"&euro;22,00\" \/>\n\t<meta name=\"twitter:label2\" content=\"Disponibilit\u00e9\" \/>\n\t<meta name=\"twitter:data2\" content=\"En stock\" \/>\n<script type=\"application\/ld+json\" class=\"yoast-schema-graph\">{\"@context\":\"https:\/\/schema.org\",\"@graph\":[{\"@type\":\"WebPage\",\"@id\":\"https:\/\/dutchhealthstore.com\/fr\/product\/myrtle-lemon-essential-oil\/\",\"url\":\"https:\/\/dutchhealthstore.com\/fr\/product\/myrtle-lemon-essential-oil\/\",\"name\":\"\u00c0 la recherche de Myrtle, Lemon Essential Oil ? Commandez Myrtle, Lemon Essential Oil aujourd'hui chez Dutch Health Store. Contact personnel & envoi rapide.\",\"isPartOf\":{\"@id\":\"https:\/\/dutchhealthstore.com\/fr\/#website\"},\"primaryImageOfPage\":{\"@id\":\"https:\/\/dutchhealthstore.com\/fr\/product\/myrtle-lemon-essential-oil\/#primaryimage\"},\"image\":{\"@id\":\"https:\/\/dutchhealthstore.com\/fr\/product\/myrtle-lemon-essential-oil\/#primaryimage\"},\"thumbnailUrl\":\"https:\/\/dutchhealthstore.com\/wp-content\/uploads\/2020\/06\/living-libations-myrtle-lemon-essential-oil-e1592904280752.jpg\",\"datePublished\":\"2020-06-23T08:35:29+00:00\",\"dateModified\":\"2023-02-28T10:17:51+00:00\",\"description\":\"Une petite quantit\u00e9 suffit pour cette huile gaie et clarifiante, qui est id\u00e9ale pour \u00e9liminer l'air stagnant, l'\u00e9nergie s\u00e9dentaire et la peau l\u00e9thargique.\",\"breadcrumb\":{\"@id\":\"https:\/\/dutchhealthstore.com\/fr\/product\/myrtle-lemon-essential-oil\/#breadcrumb\"},\"inLanguage\":\"fr-FR\",\"potentialAction\":[{\"@type\":\"ReadAction\",\"target\":[\"https:\/\/dutchhealthstore.com\/fr\/product\/myrtle-lemon-essential-oil\/\"]}]},{\"@type\":\"ImageObject\",\"inLanguage\":\"fr-FR\",\"@id\":\"https:\/\/dutchhealthstore.com\/fr\/product\/myrtle-lemon-essential-oil\/#primaryimage\",\"url\":\"https:\/\/dutchhealthstore.com\/wp-content\/uploads\/2020\/06\/living-libations-myrtle-lemon-essential-oil-e1592904280752.jpg\",\"contentUrl\":\"https:\/\/dutchhealthstore.com\/wp-content\/uploads\/2020\/06\/living-libations-myrtle-lemon-essential-oil-e1592904280752.jpg\",\"width\":500,\"height\":500,\"caption\":\"living libations myrtle lemon essential oil\"},{\"@type\":\"BreadcrumbList\",\"@id\":\"https:\/\/dutchhealthstore.com\/fr\/product\/myrtle-lemon-essential-oil\/#breadcrumb\",\"itemListElement\":[{\"@type\":\"ListItem\",\"position\":1,\"name\":\"Home\",\"item\":\"https:\/\/dutchhealthstore.com\/fr\/\"},{\"@type\":\"ListItem\",\"position\":2,\"name\":\"Shop\",\"item\":\"https:\/\/dutchhealthstore.com\/fr\/shop\/\"},{\"@type\":\"ListItem\",\"position\":3,\"name\":\"Myrtle, Lemon Essential Oil\"}]},{\"@type\":\"WebSite\",\"@id\":\"https:\/\/dutchhealthstore.com\/fr\/#website\",\"url\":\"https:\/\/dutchhealthstore.com\/fr\/\",\"name\":\"Dutch Health Store\",\"description\":\"Enhance Your Beauty with Organic &amp; Natural Skincare\",\"publisher\":{\"@id\":\"https:\/\/dutchhealthstore.com\/fr\/#organization\"},\"potentialAction\":[{\"@type\":\"SearchAction\",\"target\":{\"@type\":\"EntryPoint\",\"urlTemplate\":\"https:\/\/dutchhealthstore.com\/fr\/?s={search_term_string}\"},\"query-input\":{\"@type\":\"PropertyValueSpecification\",\"valueRequired\":true,\"valueName\":\"search_term_string\"}}],\"inLanguage\":\"fr-FR\"},{\"@type\":\"Organization\",\"@id\":\"https:\/\/dutchhealthstore.com\/fr\/#organization\",\"name\":\"Dutch Health Store\",\"url\":\"https:\/\/dutchhealthstore.com\/fr\/\",\"logo\":{\"@type\":\"ImageObject\",\"inLanguage\":\"fr-FR\",\"@id\":\"https:\/\/dutchhealthstore.com\/fr\/#\/schema\/logo\/image\/\",\"url\":\"https:\/\/dutchhealthstore.com\/wp-content\/uploads\/2020\/08\/logo-dutchhealthstore-jpg-e1599484957574.jpg\",\"contentUrl\":\"https:\/\/dutchhealthstore.com\/wp-content\/uploads\/2020\/08\/logo-dutchhealthstore-jpg-e1599484957574.jpg\",\"width\":400,\"height\":62,\"caption\":\"Dutch Health Store\"},\"image\":{\"@id\":\"https:\/\/dutchhealthstore.com\/fr\/#\/schema\/logo\/image\/\"},\"sameAs\":[\"https:\/\/www.instagram.com\/dutchhealthstore\/\",\"https:\/\/www.facebook.com\/dutchhealthstore\"]}]}<\/script>\n<meta property=\"product:brand\" content=\"Living Libations\" \/>\n<meta property=\"product:price:amount\" content=\"22.00\" \/>\n<meta property=\"product:price:currency\" content=\"EUR\" \/>\n<meta property=\"og:availability\" content=\"instock\" \/>\n<meta property=\"product:availability\" content=\"instock\" \/>\n<meta property=\"product:condition\" content=\"new\" \/>\n<!-- \/ Yoast SEO Premium plugin. -->","yoast_head_json":{"title":"\u00c0 la recherche de Myrtle, Lemon Essential Oil ? Commandez Myrtle, Lemon Essential Oil aujourd'hui chez Dutch Health Store. Contact personnel & envoi rapide.","description":"Une petite quantit\u00e9 suffit pour cette huile gaie et clarifiante, qui est id\u00e9ale pour \u00e9liminer l'air stagnant, l'\u00e9nergie s\u00e9dentaire et la peau l\u00e9thargique.","robots":{"index":"index","follow":"follow","max-snippet":"max-snippet:-1","max-image-preview":"max-image-preview:large","max-video-preview":"max-video-preview:-1"},"canonical":"https:\/\/dutchhealthstore.com\/fr\/product\/myrtle-lemon-essential-oil\/","og_locale":"fr_FR","og_type":"article","og_title":"Myrtle, Lemon Essential Oil - Dutch Health Store","og_description":"Une petite quantit\u00e9 suffit pour cette huile gaie et clarifiante, qui est id\u00e9ale pour \u00e9liminer l'air stagnant, l'\u00e9nergie s\u00e9dentaire et la peau l\u00e9thargique.","og_url":"https:\/\/dutchhealthstore.com\/fr\/product\/myrtle-lemon-essential-oil\/","og_site_name":"Dutch Health Store","article_publisher":"https:\/\/www.instagram.com\/dutchhealthstore\/","article_modified_time":"2023-02-28T10:17:51+00:00","og_image":[{"width":500,"height":500,"url":"https:\/\/dutchhealthstore.com\/wp-content\/uploads\/2020\/06\/living-libations-myrtle-lemon-essential-oil-e1592904280752.jpg","type":"image\/jpeg"}],"twitter_card":"summary_large_image","twitter_misc":{"Prix":"&euro;22,00","Disponibilit\u00e9":"En stock"},"schema":{"@context":"https:\/\/schema.org","@graph":[{"@type":"WebPage","@id":"https:\/\/dutchhealthstore.com\/fr\/product\/myrtle-lemon-essential-oil\/","url":"https:\/\/dutchhealthstore.com\/fr\/product\/myrtle-lemon-essential-oil\/","name":"\u00c0 la recherche de Myrtle, Lemon Essential Oil ? Commandez Myrtle, Lemon Essential Oil aujourd'hui chez Dutch Health Store. Contact personnel & envoi rapide.","isPartOf":{"@id":"https:\/\/dutchhealthstore.com\/fr\/#website"},"primaryImageOfPage":{"@id":"https:\/\/dutchhealthstore.com\/fr\/product\/myrtle-lemon-essential-oil\/#primaryimage"},"image":{"@id":"https:\/\/dutchhealthstore.com\/fr\/product\/myrtle-lemon-essential-oil\/#primaryimage"},"thumbnailUrl":"https:\/\/dutchhealthstore.com\/wp-content\/uploads\/2020\/06\/living-libations-myrtle-lemon-essential-oil-e1592904280752.jpg","datePublished":"2020-06-23T08:35:29+00:00","dateModified":"2023-02-28T10:17:51+00:00","description":"Une petite quantit\u00e9 suffit pour cette huile gaie et clarifiante, qui est id\u00e9ale pour \u00e9liminer l'air stagnant, l'\u00e9nergie s\u00e9dentaire et la peau l\u00e9thargique.","breadcrumb":{"@id":"https:\/\/dutchhealthstore.com\/fr\/product\/myrtle-lemon-essential-oil\/#breadcrumb"},"inLanguage":"fr-FR","potentialAction":[{"@type":"ReadAction","target":["https:\/\/dutchhealthstore.com\/fr\/product\/myrtle-lemon-essential-oil\/"]}]},{"@type":"ImageObject","inLanguage":"fr-FR","@id":"https:\/\/dutchhealthstore.com\/fr\/product\/myrtle-lemon-essential-oil\/#primaryimage","url":"https:\/\/dutchhealthstore.com\/wp-content\/uploads\/2020\/06\/living-libations-myrtle-lemon-essential-oil-e1592904280752.jpg","contentUrl":"https:\/\/dutchhealthstore.com\/wp-content\/uploads\/2020\/06\/living-libations-myrtle-lemon-essential-oil-e1592904280752.jpg","width":500,"height":500,"caption":"living libations myrtle lemon essential oil"},{"@type":"BreadcrumbList","@id":"https:\/\/dutchhealthstore.com\/fr\/product\/myrtle-lemon-essential-oil\/#breadcrumb","itemListElement":[{"@type":"ListItem","position":1,"name":"Home","item":"https:\/\/dutchhealthstore.com\/fr\/"},{"@type":"ListItem","position":2,"name":"Shop","item":"https:\/\/dutchhealthstore.com\/fr\/shop\/"},{"@type":"ListItem","position":3,"name":"Myrtle, Lemon Essential Oil"}]},{"@type":"WebSite","@id":"https:\/\/dutchhealthstore.com\/fr\/#website","url":"https:\/\/dutchhealthstore.com\/fr\/","name":"Dutch Health Store","description":"Enhance Your Beauty with Organic &amp; Natural Skincare","publisher":{"@id":"https:\/\/dutchhealthstore.com\/fr\/#organization"},"potentialAction":[{"@type":"SearchAction","target":{"@type":"EntryPoint","urlTemplate":"https:\/\/dutchhealthstore.com\/fr\/?s={search_term_string}"},"query-input":{"@type":"PropertyValueSpecification","valueRequired":true,"valueName":"search_term_string"}}],"inLanguage":"fr-FR"},{"@type":"Organization","@id":"https:\/\/dutchhealthstore.com\/fr\/#organization","name":"Dutch Health Store","url":"https:\/\/dutchhealthstore.com\/fr\/","logo":{"@type":"ImageObject","inLanguage":"fr-FR","@id":"https:\/\/dutchhealthstore.com\/fr\/#\/schema\/logo\/image\/","url":"https:\/\/dutchhealthstore.com\/wp-content\/uploads\/2020\/08\/logo-dutchhealthstore-jpg-e1599484957574.jpg","contentUrl":"https:\/\/dutchhealthstore.com\/wp-content\/uploads\/2020\/08\/logo-dutchhealthstore-jpg-e1599484957574.jpg","width":400,"height":62,"caption":"Dutch Health Store"},"image":{"@id":"https:\/\/dutchhealthstore.com\/fr\/#\/schema\/logo\/image\/"},"sameAs":["https:\/\/www.instagram.com\/dutchhealthstore\/","https:\/\/www.facebook.com\/dutchhealthstore"]}]},"product_brand":"Living Libations","product_price_amount":"22.00","product_price_currency":"EUR","og_availability":"instock","product_availability":"instock","product_condition":"new"},"_links":{"self":[{"href":"https:\/\/dutchhealthstore.com\/fr\/wp-json\/wp\/v2\/product\/121495","targetHints":{"allow":["GET"]}}],"collection":[{"href":"https:\/\/dutchhealthstore.com\/fr\/wp-json\/wp\/v2\/product"}],"about":[{"href":"https:\/\/dutchhealthstore.com\/fr\/wp-json\/wp\/v2\/types\/product"}],"replies":[{"embeddable":true,"href":"https:\/\/dutchhealthstore.com\/fr\/wp-json\/wp\/v2\/comments?post=121495"}],"wp:featuredmedia":[{"embeddable":true,"href":"https:\/\/dutchhealthstore.com\/fr\/wp-json\/wp\/v2\/media\/108591"}],"wp:attachment":[{"href":"https:\/\/dutchhealthstore.com\/fr\/wp-json\/wp\/v2\/media?parent=121495"}],"wp:term":[{"taxonomy":"product_brand","embeddable":true,"href":"https:\/\/dutchhealthstore.com\/fr\/wp-json\/wp\/v2\/product_brand?post=121495"},{"taxonomy":"product_cat","embeddable":true,"href":"https:\/\/dutchhealthstore.com\/fr\/wp-json\/wp\/v2\/product_cat?post=121495"},{"taxonomy":"product_tag","embeddable":true,"href":"https:\/\/dutchhealthstore.com\/fr\/wp-json\/wp\/v2\/product_tag?post=121495"}],"curies":[{"name":"wp","href":"https:\/\/api.w.org\/{rel}","templated":true}]}}