{"id":121485,"date":"2020-06-25T06:40:11","date_gmt":"2020-06-25T04:40:11","guid":{"rendered":"https:\/\/dutchhealthstore.com\/product\/myrtle-honey-essential-oil\/"},"modified":"2023-02-23T13:33:42","modified_gmt":"2023-02-23T13:33:42","slug":"myrtle-honey-essential-oil","status":"publish","type":"product","link":"https:\/\/dutchhealthstore.com\/fr\/product\/myrtle-honey-essential-oil\/","title":{"rendered":"Myrtle, Honey Essential Oil"},"content":{"rendered":"<p><img decoding=\"async\" class=\"size-full wp-image-69549 alignright\" src=\"https:\/\/dutchhealthstore.com\/wp-content\/uploads\/2019\/08\/NEW-Living-Libations-Logo.jpg\" alt=\"NEW - Living Libations - Logo\" width=\"175\" height=\"82\"><strong>Nom botanique :<\/strong> Melaleuca teretifolia<br \/>\n<strong>Famille botanique :<\/strong> Myrtaceae<br \/>\n<strong>M\u00e9thode d&rsquo;extraction :<\/strong> Distillation \u00e0 la vapeur<br \/>\n<strong>Partie de la plante distill\u00e9e :<\/strong> Brindilles, feuilles et tiges<br \/>\n<strong>Country of Origin :<\/strong> Australia<br \/>\n<strong>M\u00e9thode de culture :<\/strong> Sauvage<br \/>\n<strong>Composition :<\/strong> 100% Melaleuca teretifolia<br \/>\n<strong>Consistance :<\/strong> Viscosit\u00e9 fine<\/p>\n<h3>Description de l&rsquo;odeur<\/h3>\n<p>Un citron frais dansant dans un r\u00eave de miel chaud ; l\u00e9ger et d\u00e9licat, avec une pinc\u00e9e parfaite de douceur d&rsquo;agrumes.<\/p>\n<h3>Dans Living Libations<\/h3>\n<p>Honey Myrtle Deep Conditioning Hair Mask<\/p>\n<h3>Se marie bien avec<\/h3>\n<p>Myrte, citron, pamplemousse, bergamote, v\u00e9tiver, jasmin, hysope, eucalyptus, arbre \u00e0 th\u00e9, lavande et sapin de Douglas.<\/p>\n<h3>Utilisations<\/h3>\n<p>Diffusez ou reniflez directement de la bouteille pour obtenir une confiance et un confort calmes. En tant que s\u00e9rum pour la peau, il d\u00e9tend les rougeurs et la chaleur. D\u00e9licieux en diffusion, en inhalation dans les tuyaux de sel, et dans les produits de nettoyage joyeux. Ajoutez aux soins capillaires pour des m\u00e8ches brillantes et soyeuses.<\/p>\n<a href=\"https:\/\/dutchhealthstore.com\/wp-content\/uploads\/2020\/06\/ANALYSIS-Myrtle-Honey-Essential-Oil-Living-Libations-3.pdf\" class=\"button primary is-primary is-small\"  >\n\t\t<span>ANALYSE DES HUILES ESSENTIELLES &gt;<\/span>\n\t<\/a>\n\n<p>Honey Myrtle Essential Oil heureux est l&rsquo;\u00e9quivalent olfactif d&rsquo;une tasse chaude de th\u00e9 au miel et au citron : revigorant mais calmant, fondant mais \u00e9difiant. C&rsquo;est un phare d&rsquo;\u00e9quilibre et de bien-\u00eatre \u00e9nergis\u00e9. C&rsquo;est tout \u00e0 fait logique pour les plantes, car cette essence australienne poss\u00e8de le taux de citral le plus \u00e9lev\u00e9 de toutes les huiles essentielles.<\/p>\n<p>Cette huile douce stimule \u00e9galement le psychisme et l&rsquo;esprit. Il s&rsquo;agit d&rsquo;une option merveilleuse pour toute personne souffrant de soucis, de tristesse ou d&rsquo;un coup de blues. Le parfum du miel inspirera \u00e9galement une concentration calme. C&rsquo;est une option merveilleuse pour les \u00e9tudiants qui passent des examens finaux. Honey myrtle Essential Oil dissipe les \u00e9motions intenses, ramenant l&rsquo;esprit dans l&rsquo;\u00e9ternel moment d&rsquo;expansion.<\/p>\n<p><strong>Taille : 5 ml et 15 ml<\/strong><\/p>\n<h3>Ingr\u00e9dients biologiques<\/h3>\n<p>100% d&rsquo;huile essentielle de myrte \u00e0 miel (Melaleuca teretifolia).<\/p>\n<p style=\"text-align: center;\"><em>\u00ab\u00a0L&rsquo;huile essentielle de Melaleuca uncinata peut avoir un niveau de complexit\u00e9 int\u00e9ressant et il existe un certain nombre de ch\u00e9motypes d&rsquo;huile. Elle peut donner une huile riche en cin\u00e9ole, ainsi que contenir d&rsquo;autres composants d&rsquo;int\u00e9r\u00eat comme l&rsquo;eudesmol, le pin\u00e8ne, le terpin\u00e8ne et la p-cynine.\u00a0\u00bb<\/em><br \/>\n~ Cheryll Williams, <strong>Herbal Plants in Australia Volume 2: Gums, Resins, Tannin and Essential Oils<\/strong><\/p>\n<p><img fetchpriority=\"high\" decoding=\"async\" class=\"size-medium wp-image-68103 aligncenter\" src=\"https:\/\/dutchhealthstore.com\/wp-content\/uploads\/2018\/02\/Living-Libations-Organic-Logo-800x89.png\" alt=\"Living Libations - Organic Logo\" width=\"800\" height=\"89\" srcset=\"https:\/\/dutchhealthstore.com\/wp-content\/uploads\/2018\/02\/Living-Libations-Organic-Logo-800x89.png 800w, https:\/\/dutchhealthstore.com\/wp-content\/uploads\/2018\/02\/Living-Libations-Organic-Logo-510x57.png 510w, https:\/\/dutchhealthstore.com\/wp-content\/uploads\/2018\/02\/Living-Libations-Organic-Logo-768x85.png 768w, https:\/\/dutchhealthstore.com\/wp-content\/uploads\/2018\/02\/Living-Libations-Organic-Logo.png 1400w\" sizes=\"(max-width: 800px) 100vw, 800px\" \/><\/p>\n","protected":false},"excerpt":{"rendered":"<p><strong>Honey Myrtle Essential Oil<\/strong> harmonieux est zesty citron lassoed et apprivois\u00e9 par apaisant, des notes chaudes de miel sur la gamme.<br \/>\nLa libert\u00e9 fra\u00eeche et citronn\u00e9e d&rsquo;un jour d&rsquo;\u00e9t\u00e9 naissant pourrait s&rsquo;enfuir s&rsquo;il n&rsquo;y avait pas la chaleur rassurante du miel pur &#8211; l&rsquo;homonyme scintillant de notre Honey Myrtle Essential Oil.<br \/>\nUtilisez cette huile au parfum unique et d\u00e9licieusement dynamique pour remonter le moral, inspirer la concentration et vous mettre en valeur.<\/p>\n","protected":false},"featured_media":108927,"comment_status":"open","ping_status":"closed","template":"","meta":[],"product_brand":[],"product_cat":[6734,1507,1211,1209,3757,6733],"product_tag":[4495],"class_list":{"0":"post-121485","1":"product","2":"type-product","3":"status-publish","4":"has-post-thumbnail","6":"product_cat-essential-oils","7":"product_cat-plantes-huiles-essentielles-living-libations","8":"product_cat-living-libations-france","9":"product_cat-par-marques","10":"product_cat-plantes-huiles-essentielles","11":"product_cat-wellness-fr-2","12":"product_tag-essential-oil-fr","13":"pa_brand-livinglibations-fr","14":"pa_essential-oils-product-type-essential-oils-fr","15":"pa_size-15-ml-fr","16":"pa_size-5-ml-fr","18":"first","19":"instock","20":"taxable","21":"shipping-taxable","22":"purchasable","23":"product-type-variable"},"bundled_by":[],"bundle_stock_status":"instock","bundle_stock_quantity":null,"bundle_virtual":false,"bundle_layout":"","bundle_add_to_cart_form_location":"","bundle_editable_in_cart":false,"bundle_sold_individually_context":"","bundle_item_grouping":"","bundle_min_size":"","bundle_max_size":"","bundle_price":[],"bundled_items":[],"bundle_sell_ids":[],"atum_controlled":true,"out_stock_date":"2021-03-04 07:39:19","out_stock_threshold":null,"inheritable":true,"stock_on_hold":0,"sold_today":0,"sales_last_days":0,"out_stock_days":1867,"lost_sales":0,"update_date":"2026-04-17T11:58:48","atum_locations":[],"atum_stock_status":"instock","restock_status":false,"low_stock_amount":"","sales_update_date":"2026-04-17T11:58:48","calc_backorders":null,"group_of_quantity":0,"min_quantity":0,"max_quantity":"","exclude_order_quantity_value_rules":"no","exclude_category_quantity_rules":"no","combine_variations":"no","yoast_head":"<!-- This site is optimized with the Yoast SEO Premium plugin v26.5 (Yoast SEO v26.5) - https:\/\/yoast.com\/wordpress\/plugins\/seo\/ -->\n<title>Myrtle, Honey Essential Oil | Living Libations<\/title>\n<meta name=\"description\" content=\"Honey Myrtle Essential Oil harmonieux est zesty citron lassoed et apprivois\u00e9 par apaisant, des notes chaudes de miel sur la gamme.\" \/>\n<meta name=\"robots\" content=\"index, follow, max-snippet:-1, max-image-preview:large, max-video-preview:-1\" \/>\n<link rel=\"canonical\" href=\"https:\/\/dutchhealthstore.com\/fr\/product\/myrtle-honey-essential-oil\/\" \/>\n<meta property=\"og:locale\" content=\"fr_FR\" \/>\n<meta property=\"og:type\" content=\"article\" \/>\n<meta property=\"og:title\" content=\"Myrtle, Honey Essential Oil - Dutch Health Store\" \/>\n<meta property=\"og:description\" content=\"Honey Myrtle Essential Oil harmonieux est zesty citron lassoed et apprivois\u00e9 par apaisant, des notes chaudes de miel sur la gamme.\" \/>\n<meta property=\"og:url\" content=\"https:\/\/dutchhealthstore.com\/fr\/product\/myrtle-honey-essential-oil\/\" \/>\n<meta property=\"og:site_name\" content=\"Dutch Health Store\" \/>\n<meta property=\"article:publisher\" content=\"https:\/\/www.instagram.com\/dutchhealthstore\/\" \/>\n<meta property=\"article:modified_time\" content=\"2023-02-23T13:33:42+00:00\" \/>\n<meta property=\"og:image\" content=\"https:\/\/dutchhealthstore.com\/wp-content\/uploads\/2020\/06\/living-libations-Myrtle-Honey-Essential-Oil-e1593066809600.png\" \/>\n\t<meta property=\"og:image:width\" content=\"500\" \/>\n\t<meta property=\"og:image:height\" content=\"500\" \/>\n\t<meta property=\"og:image:type\" content=\"image\/jpeg\" \/>\n<meta name=\"twitter:card\" content=\"summary_large_image\" \/>\n<meta name=\"twitter:label1\" content=\"Disponibilit\u00e9\" \/>\n\t<meta name=\"twitter:data1\" content=\"En stock\" \/>\n<script type=\"application\/ld+json\" class=\"yoast-schema-graph\">{\"@context\":\"https:\/\/schema.org\",\"@graph\":[{\"@type\":\"WebPage\",\"@id\":\"https:\/\/dutchhealthstore.com\/fr\/product\/myrtle-honey-essential-oil\/\",\"url\":\"https:\/\/dutchhealthstore.com\/fr\/product\/myrtle-honey-essential-oil\/\",\"name\":\"Myrtle, Honey Essential Oil | Living Libations\",\"isPartOf\":{\"@id\":\"https:\/\/dutchhealthstore.com\/fr\/#website\"},\"primaryImageOfPage\":{\"@id\":\"https:\/\/dutchhealthstore.com\/fr\/product\/myrtle-honey-essential-oil\/#primaryimage\"},\"image\":{\"@id\":\"https:\/\/dutchhealthstore.com\/fr\/product\/myrtle-honey-essential-oil\/#primaryimage\"},\"thumbnailUrl\":\"https:\/\/dutchhealthstore.com\/wp-content\/uploads\/2020\/06\/living-libations-Myrtle-Honey-Essential-Oil-e1593066809600.png\",\"datePublished\":\"2020-06-25T04:40:11+00:00\",\"dateModified\":\"2023-02-23T13:33:42+00:00\",\"description\":\"Honey Myrtle Essential Oil harmonieux est zesty citron lassoed et apprivois\u00e9 par apaisant, des notes chaudes de miel sur la gamme.\",\"breadcrumb\":{\"@id\":\"https:\/\/dutchhealthstore.com\/fr\/product\/myrtle-honey-essential-oil\/#breadcrumb\"},\"inLanguage\":\"fr-FR\",\"potentialAction\":[{\"@type\":\"ReadAction\",\"target\":[\"https:\/\/dutchhealthstore.com\/fr\/product\/myrtle-honey-essential-oil\/\"]}]},{\"@type\":\"ImageObject\",\"inLanguage\":\"fr-FR\",\"@id\":\"https:\/\/dutchhealthstore.com\/fr\/product\/myrtle-honey-essential-oil\/#primaryimage\",\"url\":\"https:\/\/dutchhealthstore.com\/wp-content\/uploads\/2020\/06\/living-libations-Myrtle-Honey-Essential-Oil-e1593066809600.png\",\"contentUrl\":\"https:\/\/dutchhealthstore.com\/wp-content\/uploads\/2020\/06\/living-libations-Myrtle-Honey-Essential-Oil-e1593066809600.png\",\"width\":500,\"height\":500,\"caption\":\"living libations Myrtle, Honey Essential Oil\"},{\"@type\":\"BreadcrumbList\",\"@id\":\"https:\/\/dutchhealthstore.com\/fr\/product\/myrtle-honey-essential-oil\/#breadcrumb\",\"itemListElement\":[{\"@type\":\"ListItem\",\"position\":1,\"name\":\"Home\",\"item\":\"https:\/\/dutchhealthstore.com\/fr\/\"},{\"@type\":\"ListItem\",\"position\":2,\"name\":\"Shop\",\"item\":\"https:\/\/dutchhealthstore.com\/fr\/shop\/\"},{\"@type\":\"ListItem\",\"position\":3,\"name\":\"Myrtle, Honey Essential Oil\"}]},{\"@type\":\"WebSite\",\"@id\":\"https:\/\/dutchhealthstore.com\/fr\/#website\",\"url\":\"https:\/\/dutchhealthstore.com\/fr\/\",\"name\":\"Dutch Health Store\",\"description\":\"Enhance Your Beauty with Organic &amp; Natural Skincare\",\"publisher\":{\"@id\":\"https:\/\/dutchhealthstore.com\/fr\/#organization\"},\"potentialAction\":[{\"@type\":\"SearchAction\",\"target\":{\"@type\":\"EntryPoint\",\"urlTemplate\":\"https:\/\/dutchhealthstore.com\/fr\/?s={search_term_string}\"},\"query-input\":{\"@type\":\"PropertyValueSpecification\",\"valueRequired\":true,\"valueName\":\"search_term_string\"}}],\"inLanguage\":\"fr-FR\"},{\"@type\":\"Organization\",\"@id\":\"https:\/\/dutchhealthstore.com\/fr\/#organization\",\"name\":\"Dutch Health Store\",\"url\":\"https:\/\/dutchhealthstore.com\/fr\/\",\"logo\":{\"@type\":\"ImageObject\",\"inLanguage\":\"fr-FR\",\"@id\":\"https:\/\/dutchhealthstore.com\/fr\/#\/schema\/logo\/image\/\",\"url\":\"https:\/\/dutchhealthstore.com\/wp-content\/uploads\/2020\/08\/logo-dutchhealthstore-jpg-e1599484957574.jpg\",\"contentUrl\":\"https:\/\/dutchhealthstore.com\/wp-content\/uploads\/2020\/08\/logo-dutchhealthstore-jpg-e1599484957574.jpg\",\"width\":400,\"height\":62,\"caption\":\"Dutch Health Store\"},\"image\":{\"@id\":\"https:\/\/dutchhealthstore.com\/fr\/#\/schema\/logo\/image\/\"},\"sameAs\":[\"https:\/\/www.instagram.com\/dutchhealthstore\/\",\"https:\/\/www.facebook.com\/dutchhealthstore\"]}]}<\/script>\n<meta property=\"product:brand\" content=\"Living Libations\" \/>\n<meta property=\"og:availability\" content=\"instock\" \/>\n<meta property=\"product:availability\" content=\"instock\" \/>\n<meta property=\"product:condition\" content=\"new\" \/>\n<!-- \/ Yoast SEO Premium plugin. -->","yoast_head_json":{"title":"Myrtle, Honey Essential Oil | Living Libations","description":"Honey Myrtle Essential Oil harmonieux est zesty citron lassoed et apprivois\u00e9 par apaisant, des notes chaudes de miel sur la gamme.","robots":{"index":"index","follow":"follow","max-snippet":"max-snippet:-1","max-image-preview":"max-image-preview:large","max-video-preview":"max-video-preview:-1"},"canonical":"https:\/\/dutchhealthstore.com\/fr\/product\/myrtle-honey-essential-oil\/","og_locale":"fr_FR","og_type":"article","og_title":"Myrtle, Honey Essential Oil - Dutch Health Store","og_description":"Honey Myrtle Essential Oil harmonieux est zesty citron lassoed et apprivois\u00e9 par apaisant, des notes chaudes de miel sur la gamme.","og_url":"https:\/\/dutchhealthstore.com\/fr\/product\/myrtle-honey-essential-oil\/","og_site_name":"Dutch Health Store","article_publisher":"https:\/\/www.instagram.com\/dutchhealthstore\/","article_modified_time":"2023-02-23T13:33:42+00:00","og_image":[{"width":500,"height":500,"url":"https:\/\/dutchhealthstore.com\/wp-content\/uploads\/2020\/06\/living-libations-Myrtle-Honey-Essential-Oil-e1593066809600.png","type":"image\/jpeg"}],"twitter_card":"summary_large_image","twitter_misc":{"Disponibilit\u00e9":"En stock"},"schema":{"@context":"https:\/\/schema.org","@graph":[{"@type":"WebPage","@id":"https:\/\/dutchhealthstore.com\/fr\/product\/myrtle-honey-essential-oil\/","url":"https:\/\/dutchhealthstore.com\/fr\/product\/myrtle-honey-essential-oil\/","name":"Myrtle, Honey Essential Oil | Living Libations","isPartOf":{"@id":"https:\/\/dutchhealthstore.com\/fr\/#website"},"primaryImageOfPage":{"@id":"https:\/\/dutchhealthstore.com\/fr\/product\/myrtle-honey-essential-oil\/#primaryimage"},"image":{"@id":"https:\/\/dutchhealthstore.com\/fr\/product\/myrtle-honey-essential-oil\/#primaryimage"},"thumbnailUrl":"https:\/\/dutchhealthstore.com\/wp-content\/uploads\/2020\/06\/living-libations-Myrtle-Honey-Essential-Oil-e1593066809600.png","datePublished":"2020-06-25T04:40:11+00:00","dateModified":"2023-02-23T13:33:42+00:00","description":"Honey Myrtle Essential Oil harmonieux est zesty citron lassoed et apprivois\u00e9 par apaisant, des notes chaudes de miel sur la gamme.","breadcrumb":{"@id":"https:\/\/dutchhealthstore.com\/fr\/product\/myrtle-honey-essential-oil\/#breadcrumb"},"inLanguage":"fr-FR","potentialAction":[{"@type":"ReadAction","target":["https:\/\/dutchhealthstore.com\/fr\/product\/myrtle-honey-essential-oil\/"]}]},{"@type":"ImageObject","inLanguage":"fr-FR","@id":"https:\/\/dutchhealthstore.com\/fr\/product\/myrtle-honey-essential-oil\/#primaryimage","url":"https:\/\/dutchhealthstore.com\/wp-content\/uploads\/2020\/06\/living-libations-Myrtle-Honey-Essential-Oil-e1593066809600.png","contentUrl":"https:\/\/dutchhealthstore.com\/wp-content\/uploads\/2020\/06\/living-libations-Myrtle-Honey-Essential-Oil-e1593066809600.png","width":500,"height":500,"caption":"living libations Myrtle, Honey Essential Oil"},{"@type":"BreadcrumbList","@id":"https:\/\/dutchhealthstore.com\/fr\/product\/myrtle-honey-essential-oil\/#breadcrumb","itemListElement":[{"@type":"ListItem","position":1,"name":"Home","item":"https:\/\/dutchhealthstore.com\/fr\/"},{"@type":"ListItem","position":2,"name":"Shop","item":"https:\/\/dutchhealthstore.com\/fr\/shop\/"},{"@type":"ListItem","position":3,"name":"Myrtle, Honey Essential Oil"}]},{"@type":"WebSite","@id":"https:\/\/dutchhealthstore.com\/fr\/#website","url":"https:\/\/dutchhealthstore.com\/fr\/","name":"Dutch Health Store","description":"Enhance Your Beauty with Organic &amp; Natural Skincare","publisher":{"@id":"https:\/\/dutchhealthstore.com\/fr\/#organization"},"potentialAction":[{"@type":"SearchAction","target":{"@type":"EntryPoint","urlTemplate":"https:\/\/dutchhealthstore.com\/fr\/?s={search_term_string}"},"query-input":{"@type":"PropertyValueSpecification","valueRequired":true,"valueName":"search_term_string"}}],"inLanguage":"fr-FR"},{"@type":"Organization","@id":"https:\/\/dutchhealthstore.com\/fr\/#organization","name":"Dutch Health Store","url":"https:\/\/dutchhealthstore.com\/fr\/","logo":{"@type":"ImageObject","inLanguage":"fr-FR","@id":"https:\/\/dutchhealthstore.com\/fr\/#\/schema\/logo\/image\/","url":"https:\/\/dutchhealthstore.com\/wp-content\/uploads\/2020\/08\/logo-dutchhealthstore-jpg-e1599484957574.jpg","contentUrl":"https:\/\/dutchhealthstore.com\/wp-content\/uploads\/2020\/08\/logo-dutchhealthstore-jpg-e1599484957574.jpg","width":400,"height":62,"caption":"Dutch Health Store"},"image":{"@id":"https:\/\/dutchhealthstore.com\/fr\/#\/schema\/logo\/image\/"},"sameAs":["https:\/\/www.instagram.com\/dutchhealthstore\/","https:\/\/www.facebook.com\/dutchhealthstore"]}]},"product_brand":"Living Libations","og_availability":"instock","product_availability":"instock","product_condition":"new"},"_links":{"self":[{"href":"https:\/\/dutchhealthstore.com\/fr\/wp-json\/wp\/v2\/product\/121485","targetHints":{"allow":["GET"]}}],"collection":[{"href":"https:\/\/dutchhealthstore.com\/fr\/wp-json\/wp\/v2\/product"}],"about":[{"href":"https:\/\/dutchhealthstore.com\/fr\/wp-json\/wp\/v2\/types\/product"}],"replies":[{"embeddable":true,"href":"https:\/\/dutchhealthstore.com\/fr\/wp-json\/wp\/v2\/comments?post=121485"}],"wp:featuredmedia":[{"embeddable":true,"href":"https:\/\/dutchhealthstore.com\/fr\/wp-json\/wp\/v2\/media\/108927"}],"wp:attachment":[{"href":"https:\/\/dutchhealthstore.com\/fr\/wp-json\/wp\/v2\/media?parent=121485"}],"wp:term":[{"taxonomy":"product_brand","embeddable":true,"href":"https:\/\/dutchhealthstore.com\/fr\/wp-json\/wp\/v2\/product_brand?post=121485"},{"taxonomy":"product_cat","embeddable":true,"href":"https:\/\/dutchhealthstore.com\/fr\/wp-json\/wp\/v2\/product_cat?post=121485"},{"taxonomy":"product_tag","embeddable":true,"href":"https:\/\/dutchhealthstore.com\/fr\/wp-json\/wp\/v2\/product_tag?post=121485"}],"curies":[{"name":"wp","href":"https:\/\/api.w.org\/{rel}","templated":true}]}}