{"id":121443,"date":"2020-07-14T13:30:53","date_gmt":"2020-07-14T11:30:53","guid":{"rendered":"https:\/\/dutchhealthstore.com\/product\/myrtle-essential-oil\/"},"modified":"2023-02-02T12:14:12","modified_gmt":"2023-02-02T12:14:12","slug":"myrtle-essential-oil","status":"publish","type":"product","link":"https:\/\/dutchhealthstore.com\/fr\/product\/myrtle-essential-oil\/","title":{"rendered":"Myrtle Essential Oil"},"content":{"rendered":"<p><strong><img decoding=\"async\" class=\"size-full wp-image-69549 alignright\" src=\"https:\/\/dutchhealthstore.com\/wp-content\/uploads\/2019\/08\/NEW-Living-Libations-Logo.jpg\" alt=\"NEW - Living Libations - Logo\" width=\"175\" height=\"82\"><\/strong><\/p>\n<p>Puissante Aphrodite ! Le myrte magnifique est un \u00e9lixir des dieux ! Consid\u00e9r\u00e9 comme un tonique verdoyant, son abondance de linalol, qui prot\u00e8ge la peau, en fait un produit optimal pour l&rsquo;\u00e9clat du teint, le plaisir du parfum et l&rsquo;\u00e9quilibre du corps.<\/p>\n<p>Le myrte est utilis\u00e9 depuis des milliers d&rsquo;ann\u00e9es comme un symbole d&rsquo;amour, de puret\u00e9 et de g\u00e9n\u00e9rosit\u00e9. Les soldats grecs \u00e9taient par\u00e9s de feuilles de myrte \u00e0 leur retour de la guerre. Les mari\u00e9es se paraient de guirlandes de myrte pour b\u00e9nir et sanctifier leur lit de noces. Au XVIe si\u00e8cle, il \u00e9tait un ingr\u00e9dient cl\u00e9 des lotions, parfums et produits pour le bain. Aujourd&rsquo;hui, de nombreuses mari\u00e9es le portent encore le jour de leur mariage, comme un symbole de puret\u00e9 et de d\u00e9votion.<\/p>\n<p><strong>Nom botanique :<\/strong> Myrtus communis<br \/>\n<strong>Famille botanique :<\/strong> Myrtaceae<br \/>\n<strong>M\u00e9thode d&rsquo;extraction :<\/strong> Distillation \u00e0 la vapeur<br \/>\n<strong>Partie de la plante distill\u00e9e :<\/strong> Extr\u00e9mit\u00e9s et branches fleuries<br \/>\n<strong>Pays d&rsquo;origine :<\/strong> Morrocco<br \/>\n<strong>M\u00e9thode de culture :<\/strong> Organique<br \/>\n<strong>Composition :<\/strong> 100% Myrtus communis<br \/>\n<strong>Consistance :<\/strong> Viscosit\u00e9 fine<\/p>\n<h3>Description de l&rsquo;odeur<\/h3>\n<p>Une note fruit\u00e9e d\u00e9licate, verte et sucr\u00e9e, a enfin le courage de demander au camphre de danser.<\/p>\n<h3>Se marie bien avec<\/h3>\n<p>Encens, bois de santal, tout agrume, romarin, bergamote et thym.<\/p>\n<h3>Utilisations<\/h3>\n<p>Tonique pour la peau. Diffuseur. Essence de m\u00e9ditation pour l&rsquo;alignement. Excellent dans les tuyaux de sel. Un plaisir dans les bains. Oindre pour la communion du couple et atteindre les royaumes \u00e9quilibr\u00e9s.<\/p>\n<h3>Constituants<\/h3>\n<p>Comprend le linalool.<\/p>\n<p><strong>Taille : 5 ml et 15 ml<\/strong><\/p>\n<h3>Ingr\u00e9dients biologiques<\/h3>\n<p>100% d&rsquo;huile essentielle de myrte (Myrtus communis).<\/p>\n<p>Myrtle Essential Oil chor\u00e9graphie une danse d\u00e9licate de beaut\u00e9 \u00e9quilibr\u00e9e.<\/p>\n<p style=\"text-align: center;\">\u00ab\u00a0La ville est un tr\u00e8s long po\u00e8me. Des jardins pleins de pens\u00e9es, de p\u00e9tunias roses, d&rsquo;opiac\u00e9s. Des sanctuaires fleuris, des myrtes blancs, des bougainvilliers et des lauriers roses stimulent vos sens, vous font sentir frais et clair \u00e0 l&rsquo;int\u00e9rieur.\u00a0\u00bb<br \/>\n~ Bob Dylan<\/p>\n<p style=\"text-align: center;\">En Europe, au XVIe si\u00e8cle, une lotion de soin de la peau appel\u00e9e \u00ab\u00a0eau des anges\u00a0\u00bb \u00e9tait \u00e0 base de feuilles et de fleurs de myrte.<br \/>\n~ Jennifer Peace Rhind, <strong>Fragrance and Wellbeing<\/strong><\/p>\n<p style=\"text-align: center;\">Le contentement se refl\u00e8te dans la magie des huiles essentielles, puisque le myrte soutient ceux qui ont besoin de traverser des p\u00e9riodes sombres et de se pr\u00e9parer \u00e0 des temps plus lumineux. L&rsquo;huile agit comme un ami dans les transitions de la vie. Comme l&rsquo;huile essentielle de rose, cette huile, porteuse d&rsquo;une profonde sagesse int\u00e9rieure, peut servir d&rsquo;accompagnateur aux mourants.\u00a0\u00bb<br \/>\n~ Suzanne Fischer-Rizzi, <strong>The Complete Aromatherapy Handbook (Manuel complet d&rsquo;aromath\u00e9rapie)<\/strong><\/p>\n<p style=\"text-align: center;\">Lorsqu&rsquo;elle est utilis\u00e9e en aromath\u00e9rapie ou en m\u00e9ditation, myrtle essential oil aide \u00e0 lib\u00e9rer les conflits et les sentiments de confusion et peut contribuer \u00e0 promouvoir un sentiment de clart\u00e9.\u00a0\u00bb<br \/>\n~ Althea Press, <strong>Essential Oils for Beginners: The Guide to Get Started with Essential Oils<\/strong><\/p>\n<p>&nbsp;<\/p>\n<p><img fetchpriority=\"high\" decoding=\"async\" class=\"size-medium wp-image-68103 aligncenter\" src=\"https:\/\/dutchhealthstore.com\/wp-content\/uploads\/2018\/02\/Living-Libations-Organic-Logo-800x89.png\" alt=\"Living Libations - Organic Logo\" width=\"800\" height=\"89\" srcset=\"https:\/\/dutchhealthstore.com\/wp-content\/uploads\/2018\/02\/Living-Libations-Organic-Logo-800x89.png 800w, https:\/\/dutchhealthstore.com\/wp-content\/uploads\/2018\/02\/Living-Libations-Organic-Logo-510x57.png 510w, https:\/\/dutchhealthstore.com\/wp-content\/uploads\/2018\/02\/Living-Libations-Organic-Logo-768x85.png 768w, https:\/\/dutchhealthstore.com\/wp-content\/uploads\/2018\/02\/Living-Libations-Organic-Logo.png 1400w\" sizes=\"(max-width: 800px) 100vw, 800px\" \/><\/p>\n","protected":false},"excerpt":{"rendered":"<p><strong>Myrtle essential oil<\/strong> merveilleux est l&rsquo;\u00e9quilibre rendu manifeste. Le myrte permet d&rsquo;\u00e9quilibrer les \u00e9nergies yin et yang. Ce parfum l\u00e9g\u00e8rement sucr\u00e9 et d\u00e9licat a incit\u00e9 la d\u00e9esse Aphrodite \u00e0 choisir le myrte comme sa plante sacr\u00e9e la plus aim\u00e9e. On dit de cette huile pr\u00e9cieuse qu&rsquo;elle \u00e9l\u00e8ve l&rsquo;esprit, nettoie la peau, lib\u00e8re les r\u00e9sistances et apporte un \u00e9quilibre \u00e0 l&rsquo;ensemble du syst\u00e8me.<\/p>\n","protected":false},"featured_media":113696,"comment_status":"open","ping_status":"closed","template":"","meta":[],"product_brand":[],"product_cat":[1507,6734,1211,1209,3757,6733],"product_tag":[4495],"class_list":{"0":"post-121443","1":"product","2":"type-product","3":"status-publish","4":"has-post-thumbnail","6":"product_cat-plantes-huiles-essentielles-living-libations","7":"product_cat-essential-oils","8":"product_cat-living-libations-france","9":"product_cat-par-marques","10":"product_cat-plantes-huiles-essentielles","11":"product_cat-wellness-fr-2","12":"product_tag-essential-oil-fr","13":"pa_brand-livinglibations-fr","14":"pa_essential-oils-product-type-essential-oils-fr","15":"pa_size-5-ml-fr","16":"pa_size-15-ml-fr","18":"first","19":"instock","20":"taxable","21":"shipping-taxable","22":"purchasable","23":"product-type-variable"},"bundled_by":[],"bundle_stock_status":"instock","bundle_stock_quantity":null,"bundle_virtual":false,"bundle_layout":"","bundle_add_to_cart_form_location":"","bundle_editable_in_cart":false,"bundle_sold_individually_context":"","bundle_item_grouping":"","bundle_min_size":"","bundle_max_size":"","bundle_price":[],"bundled_items":[],"bundle_sell_ids":[],"atum_controlled":true,"out_stock_date":null,"out_stock_threshold":null,"inheritable":true,"stock_on_hold":0,"sold_today":0,"sales_last_days":0,"out_stock_days":0,"lost_sales":0,"update_date":"2026-04-04T01:46:08","atum_locations":[],"atum_stock_status":"instock","restock_status":false,"low_stock_amount":"","sales_update_date":"2026-04-04T01:46:08","calc_backorders":null,"group_of_quantity":0,"min_quantity":0,"max_quantity":"","exclude_order_quantity_value_rules":"no","exclude_category_quantity_rules":"no","combine_variations":"no","yoast_head":"<!-- This site is optimized with the Yoast SEO Premium plugin v26.5 (Yoast SEO v26.5) - https:\/\/yoast.com\/wordpress\/plugins\/seo\/ -->\n<title>Myrtle Essential Oil | Living Libations<\/title>\n<meta name=\"description\" content=\"Ce parfum l\u00e9g\u00e8rement sucr\u00e9 et d\u00e9licat a incit\u00e9 la d\u00e9esse Aphrodite \u00e0 choisir le myrte comme sa plante sacr\u00e9e la plus aim\u00e9e.\" \/>\n<meta name=\"robots\" content=\"index, follow, max-snippet:-1, max-image-preview:large, max-video-preview:-1\" \/>\n<link rel=\"canonical\" href=\"https:\/\/dutchhealthstore.com\/fr\/product\/myrtle-essential-oil\/\" \/>\n<meta property=\"og:locale\" content=\"fr_FR\" \/>\n<meta property=\"og:type\" content=\"article\" \/>\n<meta property=\"og:title\" content=\"Myrtle Essential Oil - Dutch Health Store\" \/>\n<meta property=\"og:description\" content=\"Ce parfum l\u00e9g\u00e8rement sucr\u00e9 et d\u00e9licat a incit\u00e9 la d\u00e9esse Aphrodite \u00e0 choisir le myrte comme sa plante sacr\u00e9e la plus aim\u00e9e.\" \/>\n<meta property=\"og:url\" content=\"https:\/\/dutchhealthstore.com\/fr\/product\/myrtle-essential-oil\/\" \/>\n<meta property=\"og:site_name\" content=\"Dutch Health Store\" \/>\n<meta property=\"article:publisher\" content=\"https:\/\/www.instagram.com\/dutchhealthstore\/\" \/>\n<meta property=\"article:modified_time\" content=\"2023-02-02T12:14:12+00:00\" \/>\n<meta property=\"og:image\" content=\"https:\/\/dutchhealthstore.com\/wp-content\/uploads\/2020\/07\/Living-Libations-Myrtle-Essential-Oil-e1594732310297.png\" \/>\n\t<meta property=\"og:image:width\" content=\"500\" \/>\n\t<meta property=\"og:image:height\" content=\"500\" \/>\n\t<meta property=\"og:image:type\" content=\"image\/jpeg\" \/>\n<meta name=\"twitter:card\" content=\"summary_large_image\" \/>\n<meta name=\"twitter:label1\" content=\"Disponibilit\u00e9\" \/>\n\t<meta name=\"twitter:data1\" content=\"En stock\" \/>\n<script type=\"application\/ld+json\" class=\"yoast-schema-graph\">{\"@context\":\"https:\/\/schema.org\",\"@graph\":[{\"@type\":\"WebPage\",\"@id\":\"https:\/\/dutchhealthstore.com\/fr\/product\/myrtle-essential-oil\/\",\"url\":\"https:\/\/dutchhealthstore.com\/fr\/product\/myrtle-essential-oil\/\",\"name\":\"Myrtle Essential Oil | Living Libations\",\"isPartOf\":{\"@id\":\"https:\/\/dutchhealthstore.com\/fr\/#website\"},\"primaryImageOfPage\":{\"@id\":\"https:\/\/dutchhealthstore.com\/fr\/product\/myrtle-essential-oil\/#primaryimage\"},\"image\":{\"@id\":\"https:\/\/dutchhealthstore.com\/fr\/product\/myrtle-essential-oil\/#primaryimage\"},\"thumbnailUrl\":\"https:\/\/dutchhealthstore.com\/wp-content\/uploads\/2020\/07\/Living-Libations-Myrtle-Essential-Oil-e1594732310297.png\",\"datePublished\":\"2020-07-14T11:30:53+00:00\",\"dateModified\":\"2023-02-02T12:14:12+00:00\",\"description\":\"Ce parfum l\u00e9g\u00e8rement sucr\u00e9 et d\u00e9licat a incit\u00e9 la d\u00e9esse Aphrodite \u00e0 choisir le myrte comme sa plante sacr\u00e9e la plus aim\u00e9e.\",\"breadcrumb\":{\"@id\":\"https:\/\/dutchhealthstore.com\/fr\/product\/myrtle-essential-oil\/#breadcrumb\"},\"inLanguage\":\"fr-FR\",\"potentialAction\":[{\"@type\":\"ReadAction\",\"target\":[\"https:\/\/dutchhealthstore.com\/fr\/product\/myrtle-essential-oil\/\"]}]},{\"@type\":\"ImageObject\",\"inLanguage\":\"fr-FR\",\"@id\":\"https:\/\/dutchhealthstore.com\/fr\/product\/myrtle-essential-oil\/#primaryimage\",\"url\":\"https:\/\/dutchhealthstore.com\/wp-content\/uploads\/2020\/07\/Living-Libations-Myrtle-Essential-Oil-e1594732310297.png\",\"contentUrl\":\"https:\/\/dutchhealthstore.com\/wp-content\/uploads\/2020\/07\/Living-Libations-Myrtle-Essential-Oil-e1594732310297.png\",\"width\":500,\"height\":500,\"caption\":\"Living Libations Myrtle Essential Oil\"},{\"@type\":\"BreadcrumbList\",\"@id\":\"https:\/\/dutchhealthstore.com\/fr\/product\/myrtle-essential-oil\/#breadcrumb\",\"itemListElement\":[{\"@type\":\"ListItem\",\"position\":1,\"name\":\"Home\",\"item\":\"https:\/\/dutchhealthstore.com\/fr\/\"},{\"@type\":\"ListItem\",\"position\":2,\"name\":\"Shop\",\"item\":\"https:\/\/dutchhealthstore.com\/fr\/shop\/\"},{\"@type\":\"ListItem\",\"position\":3,\"name\":\"Myrtle Essential Oil\"}]},{\"@type\":\"WebSite\",\"@id\":\"https:\/\/dutchhealthstore.com\/fr\/#website\",\"url\":\"https:\/\/dutchhealthstore.com\/fr\/\",\"name\":\"Dutch Health Store\",\"description\":\"Enhance Your Beauty with Organic &amp; Natural Skincare\",\"publisher\":{\"@id\":\"https:\/\/dutchhealthstore.com\/fr\/#organization\"},\"potentialAction\":[{\"@type\":\"SearchAction\",\"target\":{\"@type\":\"EntryPoint\",\"urlTemplate\":\"https:\/\/dutchhealthstore.com\/fr\/?s={search_term_string}\"},\"query-input\":{\"@type\":\"PropertyValueSpecification\",\"valueRequired\":true,\"valueName\":\"search_term_string\"}}],\"inLanguage\":\"fr-FR\"},{\"@type\":\"Organization\",\"@id\":\"https:\/\/dutchhealthstore.com\/fr\/#organization\",\"name\":\"Dutch Health Store\",\"url\":\"https:\/\/dutchhealthstore.com\/fr\/\",\"logo\":{\"@type\":\"ImageObject\",\"inLanguage\":\"fr-FR\",\"@id\":\"https:\/\/dutchhealthstore.com\/fr\/#\/schema\/logo\/image\/\",\"url\":\"https:\/\/dutchhealthstore.com\/wp-content\/uploads\/2020\/08\/logo-dutchhealthstore-jpg-e1599484957574.jpg\",\"contentUrl\":\"https:\/\/dutchhealthstore.com\/wp-content\/uploads\/2020\/08\/logo-dutchhealthstore-jpg-e1599484957574.jpg\",\"width\":400,\"height\":62,\"caption\":\"Dutch Health Store\"},\"image\":{\"@id\":\"https:\/\/dutchhealthstore.com\/fr\/#\/schema\/logo\/image\/\"},\"sameAs\":[\"https:\/\/www.instagram.com\/dutchhealthstore\/\",\"https:\/\/www.facebook.com\/dutchhealthstore\"]}]}<\/script>\n<meta property=\"product:brand\" content=\"Living Libations\" \/>\n<meta property=\"og:availability\" content=\"instock\" \/>\n<meta property=\"product:availability\" content=\"instock\" \/>\n<meta property=\"product:condition\" content=\"new\" \/>\n<!-- \/ Yoast SEO Premium plugin. -->","yoast_head_json":{"title":"Myrtle Essential Oil | Living Libations","description":"Ce parfum l\u00e9g\u00e8rement sucr\u00e9 et d\u00e9licat a incit\u00e9 la d\u00e9esse Aphrodite \u00e0 choisir le myrte comme sa plante sacr\u00e9e la plus aim\u00e9e.","robots":{"index":"index","follow":"follow","max-snippet":"max-snippet:-1","max-image-preview":"max-image-preview:large","max-video-preview":"max-video-preview:-1"},"canonical":"https:\/\/dutchhealthstore.com\/fr\/product\/myrtle-essential-oil\/","og_locale":"fr_FR","og_type":"article","og_title":"Myrtle Essential Oil - Dutch Health Store","og_description":"Ce parfum l\u00e9g\u00e8rement sucr\u00e9 et d\u00e9licat a incit\u00e9 la d\u00e9esse Aphrodite \u00e0 choisir le myrte comme sa plante sacr\u00e9e la plus aim\u00e9e.","og_url":"https:\/\/dutchhealthstore.com\/fr\/product\/myrtle-essential-oil\/","og_site_name":"Dutch Health Store","article_publisher":"https:\/\/www.instagram.com\/dutchhealthstore\/","article_modified_time":"2023-02-02T12:14:12+00:00","og_image":[{"width":500,"height":500,"url":"https:\/\/dutchhealthstore.com\/wp-content\/uploads\/2020\/07\/Living-Libations-Myrtle-Essential-Oil-e1594732310297.png","type":"image\/jpeg"}],"twitter_card":"summary_large_image","twitter_misc":{"Disponibilit\u00e9":"En stock"},"schema":{"@context":"https:\/\/schema.org","@graph":[{"@type":"WebPage","@id":"https:\/\/dutchhealthstore.com\/fr\/product\/myrtle-essential-oil\/","url":"https:\/\/dutchhealthstore.com\/fr\/product\/myrtle-essential-oil\/","name":"Myrtle Essential Oil | Living Libations","isPartOf":{"@id":"https:\/\/dutchhealthstore.com\/fr\/#website"},"primaryImageOfPage":{"@id":"https:\/\/dutchhealthstore.com\/fr\/product\/myrtle-essential-oil\/#primaryimage"},"image":{"@id":"https:\/\/dutchhealthstore.com\/fr\/product\/myrtle-essential-oil\/#primaryimage"},"thumbnailUrl":"https:\/\/dutchhealthstore.com\/wp-content\/uploads\/2020\/07\/Living-Libations-Myrtle-Essential-Oil-e1594732310297.png","datePublished":"2020-07-14T11:30:53+00:00","dateModified":"2023-02-02T12:14:12+00:00","description":"Ce parfum l\u00e9g\u00e8rement sucr\u00e9 et d\u00e9licat a incit\u00e9 la d\u00e9esse Aphrodite \u00e0 choisir le myrte comme sa plante sacr\u00e9e la plus aim\u00e9e.","breadcrumb":{"@id":"https:\/\/dutchhealthstore.com\/fr\/product\/myrtle-essential-oil\/#breadcrumb"},"inLanguage":"fr-FR","potentialAction":[{"@type":"ReadAction","target":["https:\/\/dutchhealthstore.com\/fr\/product\/myrtle-essential-oil\/"]}]},{"@type":"ImageObject","inLanguage":"fr-FR","@id":"https:\/\/dutchhealthstore.com\/fr\/product\/myrtle-essential-oil\/#primaryimage","url":"https:\/\/dutchhealthstore.com\/wp-content\/uploads\/2020\/07\/Living-Libations-Myrtle-Essential-Oil-e1594732310297.png","contentUrl":"https:\/\/dutchhealthstore.com\/wp-content\/uploads\/2020\/07\/Living-Libations-Myrtle-Essential-Oil-e1594732310297.png","width":500,"height":500,"caption":"Living Libations Myrtle Essential Oil"},{"@type":"BreadcrumbList","@id":"https:\/\/dutchhealthstore.com\/fr\/product\/myrtle-essential-oil\/#breadcrumb","itemListElement":[{"@type":"ListItem","position":1,"name":"Home","item":"https:\/\/dutchhealthstore.com\/fr\/"},{"@type":"ListItem","position":2,"name":"Shop","item":"https:\/\/dutchhealthstore.com\/fr\/shop\/"},{"@type":"ListItem","position":3,"name":"Myrtle Essential Oil"}]},{"@type":"WebSite","@id":"https:\/\/dutchhealthstore.com\/fr\/#website","url":"https:\/\/dutchhealthstore.com\/fr\/","name":"Dutch Health Store","description":"Enhance Your Beauty with Organic &amp; Natural Skincare","publisher":{"@id":"https:\/\/dutchhealthstore.com\/fr\/#organization"},"potentialAction":[{"@type":"SearchAction","target":{"@type":"EntryPoint","urlTemplate":"https:\/\/dutchhealthstore.com\/fr\/?s={search_term_string}"},"query-input":{"@type":"PropertyValueSpecification","valueRequired":true,"valueName":"search_term_string"}}],"inLanguage":"fr-FR"},{"@type":"Organization","@id":"https:\/\/dutchhealthstore.com\/fr\/#organization","name":"Dutch Health Store","url":"https:\/\/dutchhealthstore.com\/fr\/","logo":{"@type":"ImageObject","inLanguage":"fr-FR","@id":"https:\/\/dutchhealthstore.com\/fr\/#\/schema\/logo\/image\/","url":"https:\/\/dutchhealthstore.com\/wp-content\/uploads\/2020\/08\/logo-dutchhealthstore-jpg-e1599484957574.jpg","contentUrl":"https:\/\/dutchhealthstore.com\/wp-content\/uploads\/2020\/08\/logo-dutchhealthstore-jpg-e1599484957574.jpg","width":400,"height":62,"caption":"Dutch Health Store"},"image":{"@id":"https:\/\/dutchhealthstore.com\/fr\/#\/schema\/logo\/image\/"},"sameAs":["https:\/\/www.instagram.com\/dutchhealthstore\/","https:\/\/www.facebook.com\/dutchhealthstore"]}]},"product_brand":"Living Libations","og_availability":"instock","product_availability":"instock","product_condition":"new"},"_links":{"self":[{"href":"https:\/\/dutchhealthstore.com\/fr\/wp-json\/wp\/v2\/product\/121443","targetHints":{"allow":["GET"]}}],"collection":[{"href":"https:\/\/dutchhealthstore.com\/fr\/wp-json\/wp\/v2\/product"}],"about":[{"href":"https:\/\/dutchhealthstore.com\/fr\/wp-json\/wp\/v2\/types\/product"}],"replies":[{"embeddable":true,"href":"https:\/\/dutchhealthstore.com\/fr\/wp-json\/wp\/v2\/comments?post=121443"}],"wp:featuredmedia":[{"embeddable":true,"href":"https:\/\/dutchhealthstore.com\/fr\/wp-json\/wp\/v2\/media\/113696"}],"wp:attachment":[{"href":"https:\/\/dutchhealthstore.com\/fr\/wp-json\/wp\/v2\/media?parent=121443"}],"wp:term":[{"taxonomy":"product_brand","embeddable":true,"href":"https:\/\/dutchhealthstore.com\/fr\/wp-json\/wp\/v2\/product_brand?post=121443"},{"taxonomy":"product_cat","embeddable":true,"href":"https:\/\/dutchhealthstore.com\/fr\/wp-json\/wp\/v2\/product_cat?post=121443"},{"taxonomy":"product_tag","embeddable":true,"href":"https:\/\/dutchhealthstore.com\/fr\/wp-json\/wp\/v2\/product_tag?post=121443"}],"curies":[{"name":"wp","href":"https:\/\/api.w.org\/{rel}","templated":true}]}}