{"id":121413,"date":"2018-02-10T22:17:03","date_gmt":"2018-02-10T21:17:03","guid":{"rendered":"https:\/\/dutchhealthstore.com\/product\/myrrh-essential-oil\/"},"modified":"2025-11-23T13:05:08","modified_gmt":"2025-11-23T12:05:08","slug":"myrrh-essential-oil","status":"publish","type":"product","link":"https:\/\/dutchhealthstore.com\/fr\/product\/myrrh-essential-oil\/","title":{"rendered":"Myrrh Essential Oil"},"content":{"rendered":"<p><strong><img decoding=\"async\" class=\"alignright size-full wp-image-37041\" src=\"https:\/\/dutchhealthstore.com\/wp-content\/uploads\/2018\/04\/Living_Libations-1.png\" alt=\"Organic &amp; Natural Beautyproducts - Living Libations\" width=\"175\" height=\"82\">Myrrh Essential Oil mythique<\/strong> est distill\u00e9e \u00e0 partir de la riche r\u00e9sine ambr\u00e9e des arbres \u00e9thiopiens Commiphora myrrha. Consid\u00e9r\u00e9e comme sacr\u00e9e et largement v\u00e9n\u00e9r\u00e9e \u00e0 travers l&rsquo;histoire, l&rsquo;utilisation de Myrrh Essential Oil remonte \u00e0 l&rsquo;\u00e9poque des anciens \u00c9gyptiens, qui l&rsquo;utilisaient pour embaumer, encenser, parfumer et purifier. Il \u00e9tait \u00e9galement utilis\u00e9 dans les premi\u00e8res pratiques chinoises et ayurv\u00e9diques. Cette huile contient de puissantes propri\u00e9t\u00e9s de sesquiterp\u00e8nes apaisantes. Il est traditionnellement utilis\u00e9 pour adoucir l&rsquo;haleine, hydrater la peau et att\u00e9nuer l&rsquo;apparence des cicatrices.<\/p>\n<p>Myrrh Essential Oil mythique mystcontient le m\u00eame ar\u00f4me et la quintessence de l&rsquo;autre monde qui en a fait une star de tant de civilisations anciennes. \u00ab\u00a0En \u00c9gypte, \u00e0 H\u00e9liopolis, ville du dieu soleil R\u00ea, on br\u00fblait de l&rsquo;encens trois fois par jour pour marquer les stations du voyage du soleil et on utilisait de la myrrhe \u00e0 midi.\u00a0\u00bb Les \u00c9gyptiens de l&rsquo;Antiquit\u00e9 utilisaient la myrrhe pour embaumer leurs morts, et ont exploit\u00e9 les m\u00eames propri\u00e9t\u00e9s pour les vivants en tant qu&rsquo;onguent de beaut\u00e9 et parfum pour la maison. C\u00e9l\u00e8bre pour avoir \u00e9t\u00e9 l&rsquo;un des trois cadeaux pr\u00e9cieux offerts \u00e0 la naissance de J\u00e9sus par les trois rois mages, la myrrhe \u00e9tait consid\u00e9r\u00e9e comme sacr\u00e9e par le peuple juif. Ils oignaient les autels avec cette s\u00e8ve sacr\u00e9e, qui \u00e9tait consid\u00e9r\u00e9e comme le summum de la puret\u00e9. Un cadeau de Myrrh Essential Oil aurait certainement \u00e9t\u00e9 un tr\u00e9sor sp\u00e9cial.<\/p>\n<p>La sacralit\u00e9 de l&rsquo;essence de myrrhe nous rappelle la sacralit\u00e9 s\u00e9culaire de l&rsquo;\u00eatre dans la peau de la forme humaine, la pr\u00e9sence de l&rsquo;esprit et la magnifique capacit\u00e9 du corps \u00e0 se raviver, \u00e9tant donn\u00e9 le don de la vie.<\/p>\n<p><strong>Nom botanique: <\/strong>Commiphora myrrha<br \/>\n<strong>Famille botanique:<\/strong> Burseraceae<br \/>\n<strong>M\u00e9thode d&rsquo;extraction:<\/strong> CO2 Partie de la plante distill\u00e9e: R\u00e9sine<br \/>\n<strong>Pays d&rsquo;origine:<\/strong> Somalie<br \/>\n<strong>M\u00e9thode de culture:<\/strong> Organique<br \/>\n<strong>Composition:<\/strong> 100 % Commiphora myrrha<br \/>\n<strong>Consistance:<\/strong> \u00c9pais<\/p>\n<a href=\"https:\/\/dutchhealthstore.com\/wp-content\/uploads\/2019\/04\/ANALYSIS-Myrrh-Essential-Oil-Living-Libations.pdf\" class=\"button primary is-primary is-small\"  >\n\t\t<span>ANALYSE &gt;&gt;<\/span>\n\t<\/a>\n\n<h3>Description de l&rsquo;odeur<\/h3>\n<p>Baume terreux et ambr\u00e9 avec des notes chaudes, dor\u00e9es, r\u00e9sineuses et pointues de s\u00e8ve.<\/p>\n<h3>Dans Living Libations<\/h3>\n<p>Mint &amp; Myrrh Tooth Serum, Epiphany Elixir, et Jewel Dab.<\/p>\n<h3>Se marie bien avec<\/h3>\n<p>Encens, rose, santal, ciste, palmarosa, graines de carotte, bergamote, orange sanguine, citron, achill\u00e9e millefeuille, immortelle et lavande.<\/p>\n<h3>Utilisations<\/h3>\n<p>S&rsquo;applique \u00e0 une myriade de d\u00e9s\u00e9quilibres cutan\u00e9s. Dilu\u00e9 dans des s\u00e9rums pour adoucir et apaiser ou utilis\u00e9 pur pour att\u00e9nuer les taches et rafra\u00eechir l&rsquo;haleine. Diluez dans du jojoba pour l&rsquo;utiliser comme nettoyant visage tonifiant. Oindre comme un parfum et une aide \u00e0 la m\u00e9ditation. Pimpant comme d\u00e9odorant au bois de santal. Ajoutez trois gouttes de myrrhe et de bois de santal pour un bain r\u00e9confortant et r\u00e9parateur.<\/p>\n<h3>Ingr\u00e9dients Biologiques<\/h3>\n<p>100% d&rsquo;huile essentielle de myrrhe (Commiphora myrrha).<\/p>\n<p style=\"text-align: center;\"><i><span style=\"font-weight: 400;\">\u00ab\u00a0La myrrhe a un effet tr\u00e8s profond sur tout l&rsquo;\u00eatre d&rsquo;une personne en r\u00e9\u00e9quilibrant les syst\u00e8mes psycho-neuro-endocrinien-immunologique.<br \/>\nLa myrrhe induit l&rsquo;apoptose cellulaire. \u00a0\u00bb<br \/>\n<\/span><\/i><span style=\"font-weight: 400;\">\u223c Kurt Schnaubelt, <strong>Ph.D., The Healing Intelligence of Essential Oils<\/strong>.<\/span><\/p>\n<p style=\"text-align: center;\"><em>\u00a0\u00bb La myrrhe est particuli\u00e8rement pr\u00e9cieuse pour les personnes qui se sentent bloqu\u00e9es sur le plan \u00e9motionnel ou spirituel et qui veulent avancer dans leur vie \u00a0\u00bb<br \/>\n<\/em>\u223c Patricia Davis, <strong>Aromatherapy A to Z<\/strong>.<\/p>\n<p style=\"text-align: center;\"><em>\u00ab\u00a0En Occident, la myrrhe est traditionnellement consid\u00e9r\u00e9e comme ayant une nature ouvrante, chauffante et ass\u00e9chante, qui stimule l&rsquo;esprit et fortifie les nerfs&#8230;. Comme de nombreux aromates, elle combine un effet apaisant, apaisant et r\u00e9parateur sur les nerfs avec un effet stimulant et rajeunissant sur l&rsquo;esprit et l&rsquo;\u00e2me.\u00a0\u00bb<\/em><br \/>\n\u223c Julia Lawless, <strong>Aromatherapy and the Mind<\/strong><\/p>\n<p style=\"text-align: center;\"><em>\u00ab\u00a0Il serait si facile de marcher sur n&rsquo;importe quelle route, en s&rsquo;accrochant \u00e0 nos blessures, mais la myrrhe nous aide \u00e0 r\u00e9aliser la n\u00e9cessit\u00e9 de l\u00e2cher prise, de pardonner et d&rsquo;aller de l&rsquo;avant.\u00a0\u00bb<\/em><br \/>\n\u223c Valerie Ann Worwood, <strong>Aromatherapy for the Soul<\/strong><\/p>\n<p>&nbsp;<\/p>\n<p><img fetchpriority=\"high\" decoding=\"async\" class=\"aligncenter size-full wp-image-31577\" src=\"https:\/\/dutchhealthstore.com\/wp-content\/uploads\/2018\/03\/organic_big.png\" alt=\"Organic and Natural - Living Libations\" width=\"623\" height=\"103\" srcset=\"https:\/\/dutchhealthstore.com\/wp-content\/uploads\/2018\/03\/organic_big.png 623w, https:\/\/dutchhealthstore.com\/wp-content\/uploads\/2018\/03\/organic_big-510x84.png 510w, https:\/\/dutchhealthstore.com\/wp-content\/uploads\/2018\/03\/organic_big-600x99.png 600w, https:\/\/dutchhealthstore.com\/wp-content\/uploads\/2018\/03\/organic_big-350x58.png 350w\" sizes=\"(max-width: 623px) 100vw, 623px\" \/><\/p>\n","protected":false},"excerpt":{"rendered":"<p><strong>Myrrh Essential Oil<\/strong> mythique est distill\u00e9e \u00e0 partir de la riche r\u00e9sine ambr\u00e9e des arbres Commiphora myrrha. Consid\u00e9r\u00e9e comme sacr\u00e9e et largement v\u00e9n\u00e9r\u00e9e \u00e0 travers l&rsquo;histoire, l&rsquo;utilisation de Myrrh Essential Oil remonte \u00e0 l&rsquo;\u00e9poque des anciens \u00c9gyptiens, qui l&rsquo;utilisaient pour embaumer, encenser, parfumer et purifier. Il \u00e9tait \u00e9galement utilis\u00e9 dans les premi\u00e8res pratiques chinoises et ayurv\u00e9diques. Cette huile contient de puissantes propri\u00e9t\u00e9s de sesquiterp\u00e8nes apaisantes. Il est traditionnellement utilis\u00e9 pour adoucir l&rsquo;haleine, hydrater la peau et att\u00e9nuer l&rsquo;apparence des cicatrices.<\/p>\n","protected":false},"featured_media":55988,"comment_status":"open","ping_status":"closed","template":"","meta":[],"product_brand":[],"product_cat":[6734,1507,1211,1209,3757,1010,6733],"product_tag":[4495],"class_list":{"0":"post-121413","1":"product","2":"type-product","3":"status-publish","4":"has-post-thumbnail","6":"product_cat-essential-oils","7":"product_cat-plantes-huiles-essentielles-living-libations","8":"product_cat-living-libations-france","9":"product_cat-par-marques","10":"product_cat-plantes-huiles-essentielles","11":"product_cat-notre-boutique","12":"product_cat-wellness-fr-2","13":"product_tag-essential-oil-fr","14":"pa_brand-livinglibations-fr","15":"pa_essential-oils-product-type-essential-oils-fr","16":"pa_size-15-ml-fr","17":"pa_size-5-ml-fr","19":"first","20":"instock","21":"taxable","22":"shipping-taxable","23":"purchasable","24":"product-type-variable"},"bundled_by":[],"bundle_stock_status":"instock","bundle_stock_quantity":null,"bundle_virtual":false,"bundle_layout":"","bundle_add_to_cart_form_location":"","bundle_editable_in_cart":false,"bundle_sold_individually_context":"","bundle_item_grouping":"","bundle_min_size":"","bundle_max_size":"","bundle_price":[],"bundled_items":[],"bundle_sell_ids":[],"atum_controlled":true,"out_stock_date":null,"out_stock_threshold":null,"inheritable":true,"stock_on_hold":0,"sold_today":0,"sales_last_days":0,"out_stock_days":0,"lost_sales":0,"update_date":"2026-04-17T00:06:14","atum_locations":[],"atum_stock_status":"instock","restock_status":false,"low_stock_amount":"","sales_update_date":"2026-04-17T00:06:14","calc_backorders":null,"group_of_quantity":0,"min_quantity":0,"max_quantity":"","exclude_order_quantity_value_rules":"no","exclude_category_quantity_rules":"no","combine_variations":"no","yoast_head":"<!-- This site is optimized with the Yoast SEO Premium plugin v26.5 (Yoast SEO v26.5) - https:\/\/yoast.com\/wordpress\/plugins\/seo\/ -->\n<title>Myrrh Essential Oil | Living Libations<\/title>\n<meta name=\"description\" content=\"Cette huile contient de puissantes propri\u00e9t\u00e9s de sesquiterp\u00e8nes apaisantes. Elle est traditionnellement utilis\u00e9e pour hydrater la peau et att\u00e9nuer l&#039;apparence des cicatrices.\" \/>\n<meta name=\"robots\" content=\"index, follow, max-snippet:-1, max-image-preview:large, max-video-preview:-1\" \/>\n<link rel=\"canonical\" href=\"https:\/\/dutchhealthstore.com\/fr\/product\/myrrh-essential-oil\/\" \/>\n<meta property=\"og:locale\" content=\"fr_FR\" \/>\n<meta property=\"og:type\" content=\"article\" \/>\n<meta property=\"og:title\" content=\"Myrrh Essential Oil - Dutch Health Store\" \/>\n<meta property=\"og:description\" content=\"Cette huile contient de puissantes propri\u00e9t\u00e9s de sesquiterp\u00e8nes apaisantes. Elle est traditionnellement utilis\u00e9e pour hydrater la peau et att\u00e9nuer l&#039;apparence des cicatrices.\" \/>\n<meta property=\"og:url\" content=\"https:\/\/dutchhealthstore.com\/fr\/product\/myrrh-essential-oil\/\" \/>\n<meta property=\"og:site_name\" content=\"Dutch Health Store\" \/>\n<meta property=\"article:publisher\" content=\"https:\/\/www.instagram.com\/dutchhealthstore\/\" \/>\n<meta property=\"article:modified_time\" content=\"2025-11-23T12:05:08+00:00\" \/>\n<meta property=\"og:image\" content=\"https:\/\/dutchhealthstore.com\/wp-content\/uploads\/2018\/02\/Myrrh-Essential-Oil-Living-Libations.jpg\" \/>\n\t<meta property=\"og:image:width\" content=\"1200\" \/>\n\t<meta property=\"og:image:height\" content=\"1200\" \/>\n\t<meta property=\"og:image:type\" content=\"image\/jpeg\" \/>\n<meta name=\"twitter:card\" content=\"summary_large_image\" \/>\n<meta name=\"twitter:label1\" content=\"Disponibilit\u00e9\" \/>\n\t<meta name=\"twitter:data1\" content=\"En stock\" \/>\n<script type=\"application\/ld+json\" class=\"yoast-schema-graph\">{\"@context\":\"https:\/\/schema.org\",\"@graph\":[{\"@type\":\"WebPage\",\"@id\":\"https:\/\/dutchhealthstore.com\/fr\/product\/myrrh-essential-oil\/\",\"url\":\"https:\/\/dutchhealthstore.com\/fr\/product\/myrrh-essential-oil\/\",\"name\":\"Myrrh Essential Oil | Living Libations\",\"isPartOf\":{\"@id\":\"https:\/\/dutchhealthstore.com\/fr\/#website\"},\"primaryImageOfPage\":{\"@id\":\"https:\/\/dutchhealthstore.com\/fr\/product\/myrrh-essential-oil\/#primaryimage\"},\"image\":{\"@id\":\"https:\/\/dutchhealthstore.com\/fr\/product\/myrrh-essential-oil\/#primaryimage\"},\"thumbnailUrl\":\"https:\/\/dutchhealthstore.com\/wp-content\/uploads\/2018\/02\/Myrrh-Essential-Oil-Living-Libations.jpg\",\"datePublished\":\"2018-02-10T21:17:03+00:00\",\"dateModified\":\"2025-11-23T12:05:08+00:00\",\"description\":\"Cette huile contient de puissantes propri\u00e9t\u00e9s de sesquiterp\u00e8nes apaisantes. Elle est traditionnellement utilis\u00e9e pour hydrater la peau et att\u00e9nuer l'apparence des cicatrices.\",\"breadcrumb\":{\"@id\":\"https:\/\/dutchhealthstore.com\/fr\/product\/myrrh-essential-oil\/#breadcrumb\"},\"inLanguage\":\"fr-FR\",\"potentialAction\":[{\"@type\":\"ReadAction\",\"target\":[\"https:\/\/dutchhealthstore.com\/fr\/product\/myrrh-essential-oil\/\"]}]},{\"@type\":\"ImageObject\",\"inLanguage\":\"fr-FR\",\"@id\":\"https:\/\/dutchhealthstore.com\/fr\/product\/myrrh-essential-oil\/#primaryimage\",\"url\":\"https:\/\/dutchhealthstore.com\/wp-content\/uploads\/2018\/02\/Myrrh-Essential-Oil-Living-Libations.jpg\",\"contentUrl\":\"https:\/\/dutchhealthstore.com\/wp-content\/uploads\/2018\/02\/Myrrh-Essential-Oil-Living-Libations.jpg\",\"width\":1200,\"height\":1200,\"caption\":\"Myrrh Essential Oil - Living Libations\"},{\"@type\":\"BreadcrumbList\",\"@id\":\"https:\/\/dutchhealthstore.com\/fr\/product\/myrrh-essential-oil\/#breadcrumb\",\"itemListElement\":[{\"@type\":\"ListItem\",\"position\":1,\"name\":\"Home\",\"item\":\"https:\/\/dutchhealthstore.com\/fr\/\"},{\"@type\":\"ListItem\",\"position\":2,\"name\":\"Shop\",\"item\":\"https:\/\/dutchhealthstore.com\/fr\/shop\/\"},{\"@type\":\"ListItem\",\"position\":3,\"name\":\"Myrrh Essential Oil\"}]},{\"@type\":\"WebSite\",\"@id\":\"https:\/\/dutchhealthstore.com\/fr\/#website\",\"url\":\"https:\/\/dutchhealthstore.com\/fr\/\",\"name\":\"Dutch Health Store\",\"description\":\"Enhance Your Beauty with Organic &amp; Natural Skincare\",\"publisher\":{\"@id\":\"https:\/\/dutchhealthstore.com\/fr\/#organization\"},\"potentialAction\":[{\"@type\":\"SearchAction\",\"target\":{\"@type\":\"EntryPoint\",\"urlTemplate\":\"https:\/\/dutchhealthstore.com\/fr\/?s={search_term_string}\"},\"query-input\":{\"@type\":\"PropertyValueSpecification\",\"valueRequired\":true,\"valueName\":\"search_term_string\"}}],\"inLanguage\":\"fr-FR\"},{\"@type\":\"Organization\",\"@id\":\"https:\/\/dutchhealthstore.com\/fr\/#organization\",\"name\":\"Dutch Health Store\",\"url\":\"https:\/\/dutchhealthstore.com\/fr\/\",\"logo\":{\"@type\":\"ImageObject\",\"inLanguage\":\"fr-FR\",\"@id\":\"https:\/\/dutchhealthstore.com\/fr\/#\/schema\/logo\/image\/\",\"url\":\"https:\/\/dutchhealthstore.com\/wp-content\/uploads\/2020\/08\/logo-dutchhealthstore-jpg-e1599484957574.jpg\",\"contentUrl\":\"https:\/\/dutchhealthstore.com\/wp-content\/uploads\/2020\/08\/logo-dutchhealthstore-jpg-e1599484957574.jpg\",\"width\":400,\"height\":62,\"caption\":\"Dutch Health Store\"},\"image\":{\"@id\":\"https:\/\/dutchhealthstore.com\/fr\/#\/schema\/logo\/image\/\"},\"sameAs\":[\"https:\/\/www.instagram.com\/dutchhealthstore\/\",\"https:\/\/www.facebook.com\/dutchhealthstore\"]}]}<\/script>\n<meta property=\"product:brand\" content=\"Living Libations\" \/>\n<meta property=\"og:availability\" content=\"instock\" \/>\n<meta property=\"product:availability\" content=\"instock\" \/>\n<meta property=\"product:condition\" content=\"new\" \/>\n<!-- \/ Yoast SEO Premium plugin. -->","yoast_head_json":{"title":"Myrrh Essential Oil | Living Libations","description":"Cette huile contient de puissantes propri\u00e9t\u00e9s de sesquiterp\u00e8nes apaisantes. Elle est traditionnellement utilis\u00e9e pour hydrater la peau et att\u00e9nuer l'apparence des cicatrices.","robots":{"index":"index","follow":"follow","max-snippet":"max-snippet:-1","max-image-preview":"max-image-preview:large","max-video-preview":"max-video-preview:-1"},"canonical":"https:\/\/dutchhealthstore.com\/fr\/product\/myrrh-essential-oil\/","og_locale":"fr_FR","og_type":"article","og_title":"Myrrh Essential Oil - Dutch Health Store","og_description":"Cette huile contient de puissantes propri\u00e9t\u00e9s de sesquiterp\u00e8nes apaisantes. Elle est traditionnellement utilis\u00e9e pour hydrater la peau et att\u00e9nuer l'apparence des cicatrices.","og_url":"https:\/\/dutchhealthstore.com\/fr\/product\/myrrh-essential-oil\/","og_site_name":"Dutch Health Store","article_publisher":"https:\/\/www.instagram.com\/dutchhealthstore\/","article_modified_time":"2025-11-23T12:05:08+00:00","og_image":[{"width":1200,"height":1200,"url":"https:\/\/dutchhealthstore.com\/wp-content\/uploads\/2018\/02\/Myrrh-Essential-Oil-Living-Libations.jpg","type":"image\/jpeg"}],"twitter_card":"summary_large_image","twitter_misc":{"Disponibilit\u00e9":"En stock"},"schema":{"@context":"https:\/\/schema.org","@graph":[{"@type":"WebPage","@id":"https:\/\/dutchhealthstore.com\/fr\/product\/myrrh-essential-oil\/","url":"https:\/\/dutchhealthstore.com\/fr\/product\/myrrh-essential-oil\/","name":"Myrrh Essential Oil | Living Libations","isPartOf":{"@id":"https:\/\/dutchhealthstore.com\/fr\/#website"},"primaryImageOfPage":{"@id":"https:\/\/dutchhealthstore.com\/fr\/product\/myrrh-essential-oil\/#primaryimage"},"image":{"@id":"https:\/\/dutchhealthstore.com\/fr\/product\/myrrh-essential-oil\/#primaryimage"},"thumbnailUrl":"https:\/\/dutchhealthstore.com\/wp-content\/uploads\/2018\/02\/Myrrh-Essential-Oil-Living-Libations.jpg","datePublished":"2018-02-10T21:17:03+00:00","dateModified":"2025-11-23T12:05:08+00:00","description":"Cette huile contient de puissantes propri\u00e9t\u00e9s de sesquiterp\u00e8nes apaisantes. Elle est traditionnellement utilis\u00e9e pour hydrater la peau et att\u00e9nuer l'apparence des cicatrices.","breadcrumb":{"@id":"https:\/\/dutchhealthstore.com\/fr\/product\/myrrh-essential-oil\/#breadcrumb"},"inLanguage":"fr-FR","potentialAction":[{"@type":"ReadAction","target":["https:\/\/dutchhealthstore.com\/fr\/product\/myrrh-essential-oil\/"]}]},{"@type":"ImageObject","inLanguage":"fr-FR","@id":"https:\/\/dutchhealthstore.com\/fr\/product\/myrrh-essential-oil\/#primaryimage","url":"https:\/\/dutchhealthstore.com\/wp-content\/uploads\/2018\/02\/Myrrh-Essential-Oil-Living-Libations.jpg","contentUrl":"https:\/\/dutchhealthstore.com\/wp-content\/uploads\/2018\/02\/Myrrh-Essential-Oil-Living-Libations.jpg","width":1200,"height":1200,"caption":"Myrrh Essential Oil - Living Libations"},{"@type":"BreadcrumbList","@id":"https:\/\/dutchhealthstore.com\/fr\/product\/myrrh-essential-oil\/#breadcrumb","itemListElement":[{"@type":"ListItem","position":1,"name":"Home","item":"https:\/\/dutchhealthstore.com\/fr\/"},{"@type":"ListItem","position":2,"name":"Shop","item":"https:\/\/dutchhealthstore.com\/fr\/shop\/"},{"@type":"ListItem","position":3,"name":"Myrrh Essential Oil"}]},{"@type":"WebSite","@id":"https:\/\/dutchhealthstore.com\/fr\/#website","url":"https:\/\/dutchhealthstore.com\/fr\/","name":"Dutch Health Store","description":"Enhance Your Beauty with Organic &amp; Natural Skincare","publisher":{"@id":"https:\/\/dutchhealthstore.com\/fr\/#organization"},"potentialAction":[{"@type":"SearchAction","target":{"@type":"EntryPoint","urlTemplate":"https:\/\/dutchhealthstore.com\/fr\/?s={search_term_string}"},"query-input":{"@type":"PropertyValueSpecification","valueRequired":true,"valueName":"search_term_string"}}],"inLanguage":"fr-FR"},{"@type":"Organization","@id":"https:\/\/dutchhealthstore.com\/fr\/#organization","name":"Dutch Health Store","url":"https:\/\/dutchhealthstore.com\/fr\/","logo":{"@type":"ImageObject","inLanguage":"fr-FR","@id":"https:\/\/dutchhealthstore.com\/fr\/#\/schema\/logo\/image\/","url":"https:\/\/dutchhealthstore.com\/wp-content\/uploads\/2020\/08\/logo-dutchhealthstore-jpg-e1599484957574.jpg","contentUrl":"https:\/\/dutchhealthstore.com\/wp-content\/uploads\/2020\/08\/logo-dutchhealthstore-jpg-e1599484957574.jpg","width":400,"height":62,"caption":"Dutch Health Store"},"image":{"@id":"https:\/\/dutchhealthstore.com\/fr\/#\/schema\/logo\/image\/"},"sameAs":["https:\/\/www.instagram.com\/dutchhealthstore\/","https:\/\/www.facebook.com\/dutchhealthstore"]}]},"product_brand":"Living Libations","og_availability":"instock","product_availability":"instock","product_condition":"new"},"_links":{"self":[{"href":"https:\/\/dutchhealthstore.com\/fr\/wp-json\/wp\/v2\/product\/121413","targetHints":{"allow":["GET"]}}],"collection":[{"href":"https:\/\/dutchhealthstore.com\/fr\/wp-json\/wp\/v2\/product"}],"about":[{"href":"https:\/\/dutchhealthstore.com\/fr\/wp-json\/wp\/v2\/types\/product"}],"replies":[{"embeddable":true,"href":"https:\/\/dutchhealthstore.com\/fr\/wp-json\/wp\/v2\/comments?post=121413"}],"wp:featuredmedia":[{"embeddable":true,"href":"https:\/\/dutchhealthstore.com\/fr\/wp-json\/wp\/v2\/media\/55988"}],"wp:attachment":[{"href":"https:\/\/dutchhealthstore.com\/fr\/wp-json\/wp\/v2\/media?parent=121413"}],"wp:term":[{"taxonomy":"product_brand","embeddable":true,"href":"https:\/\/dutchhealthstore.com\/fr\/wp-json\/wp\/v2\/product_brand?post=121413"},{"taxonomy":"product_cat","embeddable":true,"href":"https:\/\/dutchhealthstore.com\/fr\/wp-json\/wp\/v2\/product_cat?post=121413"},{"taxonomy":"product_tag","embeddable":true,"href":"https:\/\/dutchhealthstore.com\/fr\/wp-json\/wp\/v2\/product_tag?post=121413"}],"curies":[{"name":"wp","href":"https:\/\/api.w.org\/{rel}","templated":true}]}}