{"id":121369,"date":"2018-02-10T19:55:05","date_gmt":"2018-02-10T18:55:05","guid":{"rendered":"https:\/\/dutchhealthstore.com\/product\/musk-mallow-seed-essential-oil\/"},"modified":"2025-10-28T11:31:28","modified_gmt":"2025-10-28T10:31:28","slug":"musk-mallow-seed-essential-oil","status":"publish","type":"product","link":"https:\/\/dutchhealthstore.com\/fr\/product\/musk-mallow-seed-essential-oil\/","title":{"rendered":"Musk Mallow Essential Oil"},"content":{"rendered":"<p><img decoding=\"async\" class=\"size-full wp-image-69549 alignright\" src=\"https:\/\/dutchhealthstore.com\/wp-content\/uploads\/2019\/08\/NEW-Living-Libations-Logo.jpg\" alt=\"NEW - Living Libations - Logo\" width=\"175\" height=\"82\"><\/p>\n<p><strong>Nom botanique:<\/strong> Hibiscus abelmoschus<br \/>\n<strong>Famille botanique: <\/strong>Malvaceae<br \/>\n<strong>M\u00e9thode d&rsquo;extraction:<\/strong> CO2<br \/>\n<strong>Partie de la plante distill\u00e9e:<\/strong> Graines<br \/>\n<strong>Pays d&rsquo;origine:<\/strong> Inde<br \/>\n<strong>M\u00e9thode de culture:<\/strong> Cueillette sauvage<br \/>\n<strong>Composition:<\/strong> 100% Hibiscus abelmoschus<br \/>\n<strong>Consistance:<\/strong> Viscosit\u00e9 moyenne<\/p>\n<h3>Description de l&rsquo;odeur<\/h3>\n<p>Un musc riche, anim\u00e9 et aromatique avec des nuances de tabac doux, d&rsquo;ambre et un soup\u00e7on de noix et de fleurs.<\/p>\n<h3>Se marie bien avec<\/h3>\n<p>Santal, v\u00e9tiver, patchouli, jasmin, tub\u00e9reuse, encens, pamplemousse, \u00e9pinette noire, ylang, cardamome, rose otto, rose absolue, ciste, bergamote, palo santo, gingembre, myrrhe et nard.<\/p>\n<a href=\"https:\/\/dutchhealthstore.com\/wp-content\/uploads\/2018\/02\/ANALYSIS-Musk-Mallow-Essential-Oil-Living-Libations-1.pdf\" class=\"button primary is-primary is-small\"  >\n\t\t<span>ANALYSE DES HUILES ESSENTIELLES &gt;<\/span>\n\t<\/a>\n\n<h3>Utilisations<\/h3>\n<p>Parfums et m\u00e9langes aromatiques.<\/p>\n<p>Notre Musk Mallow Essential Oil est un parfum intens\u00e9ment sensuel avec des notes musqu\u00e9es et ambr\u00e9es. Cette huile unique est r\u00e9put\u00e9e pour son \u00e9nergie myst\u00e9rieuse. Extraite des graines piquantes de la fleur amicale, Musk Mallow Essential Oil est le seul musc non d\u00e9riv\u00e9 d&rsquo;animaux disponible pour la parfumerie naturel exotique. Son parfum de terre douce, opulent et tout \u00e0 fait unique, annonce d&rsquo;anciennes \u00e9manations qui sont cens\u00e9es \u00e9quilibrer et rajeunir la peau.<\/p>\n<p>Traditionnellement, les graines sont utilis\u00e9es pour aromatiser le caf\u00e9, parfumer les cheveux et parfumer les oreillers. Une addition puissante \u00e0 n&rsquo;importe quel parfum &#8211; quelques gouttes seulement ajoutent une \u00e9piphanie aromatique-amoureuse de vrilles tantriques qui se r\u00e9percuteront profond\u00e9ment dans le corps et cr\u00e9eront l&rsquo;ambiance parfaite pour la romance.<\/p>\n<p>Ceux qui recherchent la puret\u00e9 adoreront l&rsquo;\u00e9nergie enchanteresse de Musk Mallow Essential Oil pure.<\/p>\n<p><strong>Taille: 2.5 ml, 5 ml et 15 ml<\/strong><\/p>\n<h3>Ingr\u00e9dients biologiques<\/h3>\n<p>100% huile essentielle de mauve musqu\u00e9e (Hibiscus abelmoschus).<\/p>\n<p style=\"text-align: center;\"><em>\u00ab\u00a0L&rsquo;ambre et la myrrhe, le benjoin et le musc se condensent<\/em><br \/>\n<em>aux transports de l&rsquo;esprit et des sens !\u00a0\u00bb<\/em><br \/>\n~ Allen Tate, <strong>20e si\u00e8cle<\/strong><\/p>\n<p style=\"text-align: center;\"><em>\u00ab\u00a0Les graines, parfois appel\u00e9es graines de musc, graines musqu\u00e9es, graines d&rsquo;abelmosk, graines d&rsquo;ambrette ou graines d&rsquo;ambre, conservent leur odeur pendant tr\u00e8s longtemps et \u00e9taient autrefois tr\u00e8s utilis\u00e9es par les parfumeurs pour parfumer les gants, les matelas et les oreillers. Aujourd&rsquo;hui, ils sont utilis\u00e9s dans les sachets et pour adult\u00e9rer le musc. L&rsquo;huile est utilis\u00e9e dans les parfums de qualit\u00e9 [like] L&rsquo;Egoiste et Heaven.\u00a0\u00bb<\/em><br \/>\n~ N. Groom, <strong>New Perfume Handbook<\/strong>.<\/p>\n<p><img fetchpriority=\"high\" decoding=\"async\" class=\"size-medium wp-image-68103 aligncenter\" src=\"https:\/\/dutchhealthstore.com\/wp-content\/uploads\/2018\/02\/Living-Libations-Organic-Logo-800x89.png\" alt=\"Living Libations - Organic Logo\" width=\"800\" height=\"89\" srcset=\"https:\/\/dutchhealthstore.com\/wp-content\/uploads\/2018\/02\/Living-Libations-Organic-Logo-800x89.png 800w, https:\/\/dutchhealthstore.com\/wp-content\/uploads\/2018\/02\/Living-Libations-Organic-Logo-510x57.png 510w, https:\/\/dutchhealthstore.com\/wp-content\/uploads\/2018\/02\/Living-Libations-Organic-Logo-768x85.png 768w, https:\/\/dutchhealthstore.com\/wp-content\/uploads\/2018\/02\/Living-Libations-Organic-Logo.png 1400w\" sizes=\"(max-width: 800px) 100vw, 800px\" \/><\/p>\n","protected":false},"excerpt":{"rendered":"<p><strong>Musk Mallow Essential Oil<\/strong>, \u00e9galement connue sous le nom d&rsquo;huile de graines d&rsquo;ambrette, appartient \u00e0 la famille botanique des <em>Malvaceae<\/em> et constitue un ajout sp\u00e9cial \u00e0 la collection Living Libations.<br \/>\nCet \u00e9lixir ancien vient d&rsquo;Inde, o\u00f9 il est fabriqu\u00e9 de fa\u00e7on sauvage et extrait au CO2 pour capturer les pouvoirs naturel des graines parfum\u00e9es au musc de la plante.<br \/>\nCe type particulier d&rsquo;huile de musc est la seule essence de ce type qui n&rsquo;est ni synth\u00e9tique ni d\u00e9riv\u00e9e de sources animales.<br \/>\nLes secrets ayurv\u00e9diques anciens du bien-\u00eatre se trouvent dans les plis f\u00e9eriques de son pouvoir v\u00e9g\u00e9tal pur.<\/p>\n","protected":false},"featured_media":337396,"comment_status":"open","ping_status":"closed","template":"","meta":[],"product_brand":[],"product_cat":[1507,6734,1211,1209,3757,1010,6733],"product_tag":[4495],"class_list":{"0":"post-121369","1":"product","2":"type-product","3":"status-publish","4":"has-post-thumbnail","6":"product_cat-plantes-huiles-essentielles-living-libations","7":"product_cat-essential-oils","8":"product_cat-living-libations-france","9":"product_cat-par-marques","10":"product_cat-plantes-huiles-essentielles","11":"product_cat-notre-boutique","12":"product_cat-wellness-fr-2","13":"product_tag-essential-oil-fr","14":"pa_brand-livinglibations-fr","15":"pa_essential-oils-product-type-essential-oils-fr","16":"pa_size-2-5-ml-fr","17":"pa_size-5-ml-fr","18":"pa_size-15-ml-fr","20":"first","21":"instock","22":"taxable","23":"shipping-taxable","24":"purchasable","25":"product-type-variable"},"bundled_by":[],"bundle_stock_status":"instock","bundle_stock_quantity":null,"bundle_virtual":false,"bundle_layout":"","bundle_add_to_cart_form_location":"","bundle_editable_in_cart":false,"bundle_sold_individually_context":"","bundle_item_grouping":"","bundle_min_size":"","bundle_max_size":"","bundle_price":[],"bundled_items":[],"bundle_sell_ids":[],"atum_controlled":true,"out_stock_date":null,"out_stock_threshold":null,"inheritable":true,"stock_on_hold":0,"sold_today":0,"sales_last_days":0,"out_stock_days":0,"lost_sales":0,"update_date":"2026-04-10T00:00:53","atum_locations":[],"atum_stock_status":"instock","restock_status":false,"low_stock_amount":"","sales_update_date":"2026-04-10T00:00:53","calc_backorders":null,"group_of_quantity":0,"min_quantity":0,"max_quantity":"","exclude_order_quantity_value_rules":"no","exclude_category_quantity_rules":"no","combine_variations":"no","yoast_head":"<!-- This site is optimized with the Yoast SEO Premium plugin v26.5 (Yoast SEO v26.5) - https:\/\/yoast.com\/wordpress\/plugins\/seo\/ -->\n<title>Musk Mallow Seed Essential Oil | Living Libations<\/title>\n<meta name=\"description\" content=\"Cet \u00e9lixir ancien vient d&#039;Inde, o\u00f9 il est fabriqu\u00e9 de fa\u00e7on sauvage et extrait au CO2 pour capturer les pouvoirs naturel des graines parfum\u00e9es au musc de la plante.\" \/>\n<meta name=\"robots\" content=\"index, follow, max-snippet:-1, max-image-preview:large, max-video-preview:-1\" \/>\n<link rel=\"canonical\" href=\"https:\/\/dutchhealthstore.com\/fr\/product\/musk-mallow-seed-essential-oil\/\" \/>\n<meta property=\"og:locale\" content=\"fr_FR\" \/>\n<meta property=\"og:type\" content=\"article\" \/>\n<meta property=\"og:title\" content=\"Musk Mallow Essential Oil - Dutch Health Store\" \/>\n<meta property=\"og:description\" content=\"Cet \u00e9lixir ancien vient d&#039;Inde, o\u00f9 il est fabriqu\u00e9 de fa\u00e7on sauvage et extrait au CO2 pour capturer les pouvoirs naturel des graines parfum\u00e9es au musc de la plante.\" \/>\n<meta property=\"og:url\" content=\"https:\/\/dutchhealthstore.com\/fr\/product\/musk-mallow-seed-essential-oil\/\" \/>\n<meta property=\"og:site_name\" content=\"Dutch Health Store\" \/>\n<meta property=\"article:publisher\" content=\"https:\/\/www.instagram.com\/dutchhealthstore\/\" \/>\n<meta property=\"article:modified_time\" content=\"2025-10-28T10:31:28+00:00\" \/>\n<meta property=\"og:image\" content=\"https:\/\/dutchhealthstore.com\/wp-content\/uploads\/2018\/02\/Living-Libations-Musk-Mallow-Essential-Oil.jpg\" \/>\n\t<meta property=\"og:image:width\" content=\"500\" \/>\n\t<meta property=\"og:image:height\" content=\"500\" \/>\n\t<meta property=\"og:image:type\" content=\"image\/jpeg\" \/>\n<meta name=\"twitter:card\" content=\"summary_large_image\" \/>\n<meta name=\"twitter:label1\" content=\"Disponibilit\u00e9\" \/>\n\t<meta name=\"twitter:data1\" content=\"En stock\" \/>\n<script type=\"application\/ld+json\" class=\"yoast-schema-graph\">{\"@context\":\"https:\/\/schema.org\",\"@graph\":[{\"@type\":\"WebPage\",\"@id\":\"https:\/\/dutchhealthstore.com\/fr\/product\/musk-mallow-seed-essential-oil\/\",\"url\":\"https:\/\/dutchhealthstore.com\/fr\/product\/musk-mallow-seed-essential-oil\/\",\"name\":\"Musk Mallow Seed Essential Oil | Living Libations\",\"isPartOf\":{\"@id\":\"https:\/\/dutchhealthstore.com\/fr\/#website\"},\"primaryImageOfPage\":{\"@id\":\"https:\/\/dutchhealthstore.com\/fr\/product\/musk-mallow-seed-essential-oil\/#primaryimage\"},\"image\":{\"@id\":\"https:\/\/dutchhealthstore.com\/fr\/product\/musk-mallow-seed-essential-oil\/#primaryimage\"},\"thumbnailUrl\":\"https:\/\/dutchhealthstore.com\/wp-content\/uploads\/2018\/02\/2025-04-15-13_32_21-Musk-Mallow-Essential-Oil-\u2013-Living-Libations-INT.jpg\",\"datePublished\":\"2018-02-10T18:55:05+00:00\",\"dateModified\":\"2025-10-28T10:31:28+00:00\",\"description\":\"Cet \u00e9lixir ancien vient d'Inde, o\u00f9 il est fabriqu\u00e9 de fa\u00e7on sauvage et extrait au CO2 pour capturer les pouvoirs naturel des graines parfum\u00e9es au musc de la plante.\",\"breadcrumb\":{\"@id\":\"https:\/\/dutchhealthstore.com\/fr\/product\/musk-mallow-seed-essential-oil\/#breadcrumb\"},\"inLanguage\":\"fr-FR\",\"potentialAction\":[{\"@type\":\"ReadAction\",\"target\":[\"https:\/\/dutchhealthstore.com\/fr\/product\/musk-mallow-seed-essential-oil\/\"]}]},{\"@type\":\"ImageObject\",\"inLanguage\":\"fr-FR\",\"@id\":\"https:\/\/dutchhealthstore.com\/fr\/product\/musk-mallow-seed-essential-oil\/#primaryimage\",\"url\":\"https:\/\/dutchhealthstore.com\/wp-content\/uploads\/2018\/02\/2025-04-15-13_32_21-Musk-Mallow-Essential-Oil-\u2013-Living-Libations-INT.jpg\",\"contentUrl\":\"https:\/\/dutchhealthstore.com\/wp-content\/uploads\/2018\/02\/2025-04-15-13_32_21-Musk-Mallow-Essential-Oil-\u2013-Living-Libations-INT.jpg\",\"width\":530,\"height\":530},{\"@type\":\"BreadcrumbList\",\"@id\":\"https:\/\/dutchhealthstore.com\/fr\/product\/musk-mallow-seed-essential-oil\/#breadcrumb\",\"itemListElement\":[{\"@type\":\"ListItem\",\"position\":1,\"name\":\"Home\",\"item\":\"https:\/\/dutchhealthstore.com\/fr\/\"},{\"@type\":\"ListItem\",\"position\":2,\"name\":\"Shop\",\"item\":\"https:\/\/dutchhealthstore.com\/fr\/shop\/\"},{\"@type\":\"ListItem\",\"position\":3,\"name\":\"Musk Mallow Essential Oil\"}]},{\"@type\":\"WebSite\",\"@id\":\"https:\/\/dutchhealthstore.com\/fr\/#website\",\"url\":\"https:\/\/dutchhealthstore.com\/fr\/\",\"name\":\"Dutch Health Store\",\"description\":\"Enhance Your Beauty with Organic &amp; Natural Skincare\",\"publisher\":{\"@id\":\"https:\/\/dutchhealthstore.com\/fr\/#organization\"},\"potentialAction\":[{\"@type\":\"SearchAction\",\"target\":{\"@type\":\"EntryPoint\",\"urlTemplate\":\"https:\/\/dutchhealthstore.com\/fr\/?s={search_term_string}\"},\"query-input\":{\"@type\":\"PropertyValueSpecification\",\"valueRequired\":true,\"valueName\":\"search_term_string\"}}],\"inLanguage\":\"fr-FR\"},{\"@type\":\"Organization\",\"@id\":\"https:\/\/dutchhealthstore.com\/fr\/#organization\",\"name\":\"Dutch Health Store\",\"url\":\"https:\/\/dutchhealthstore.com\/fr\/\",\"logo\":{\"@type\":\"ImageObject\",\"inLanguage\":\"fr-FR\",\"@id\":\"https:\/\/dutchhealthstore.com\/fr\/#\/schema\/logo\/image\/\",\"url\":\"https:\/\/dutchhealthstore.com\/wp-content\/uploads\/2020\/08\/logo-dutchhealthstore-jpg-e1599484957574.jpg\",\"contentUrl\":\"https:\/\/dutchhealthstore.com\/wp-content\/uploads\/2020\/08\/logo-dutchhealthstore-jpg-e1599484957574.jpg\",\"width\":400,\"height\":62,\"caption\":\"Dutch Health Store\"},\"image\":{\"@id\":\"https:\/\/dutchhealthstore.com\/fr\/#\/schema\/logo\/image\/\"},\"sameAs\":[\"https:\/\/www.instagram.com\/dutchhealthstore\/\",\"https:\/\/www.facebook.com\/dutchhealthstore\"]}]}<\/script>\n<meta property=\"product:brand\" content=\"Living Libations\" \/>\n<meta property=\"og:availability\" content=\"instock\" \/>\n<meta property=\"product:availability\" content=\"instock\" \/>\n<meta property=\"product:condition\" content=\"new\" \/>\n<!-- \/ Yoast SEO Premium plugin. -->","yoast_head_json":{"title":"Musk Mallow Seed Essential Oil | Living Libations","description":"Cet \u00e9lixir ancien vient d'Inde, o\u00f9 il est fabriqu\u00e9 de fa\u00e7on sauvage et extrait au CO2 pour capturer les pouvoirs naturel des graines parfum\u00e9es au musc de la plante.","robots":{"index":"index","follow":"follow","max-snippet":"max-snippet:-1","max-image-preview":"max-image-preview:large","max-video-preview":"max-video-preview:-1"},"canonical":"https:\/\/dutchhealthstore.com\/fr\/product\/musk-mallow-seed-essential-oil\/","og_locale":"fr_FR","og_type":"article","og_title":"Musk Mallow Essential Oil - Dutch Health Store","og_description":"Cet \u00e9lixir ancien vient d'Inde, o\u00f9 il est fabriqu\u00e9 de fa\u00e7on sauvage et extrait au CO2 pour capturer les pouvoirs naturel des graines parfum\u00e9es au musc de la plante.","og_url":"https:\/\/dutchhealthstore.com\/fr\/product\/musk-mallow-seed-essential-oil\/","og_site_name":"Dutch Health Store","article_publisher":"https:\/\/www.instagram.com\/dutchhealthstore\/","article_modified_time":"2025-10-28T10:31:28+00:00","og_image":[{"width":500,"height":500,"url":"https:\/\/dutchhealthstore.com\/wp-content\/uploads\/2018\/02\/Living-Libations-Musk-Mallow-Essential-Oil.jpg","type":"image\/jpeg"}],"twitter_card":"summary_large_image","twitter_misc":{"Disponibilit\u00e9":"En stock"},"schema":{"@context":"https:\/\/schema.org","@graph":[{"@type":"WebPage","@id":"https:\/\/dutchhealthstore.com\/fr\/product\/musk-mallow-seed-essential-oil\/","url":"https:\/\/dutchhealthstore.com\/fr\/product\/musk-mallow-seed-essential-oil\/","name":"Musk Mallow Seed Essential Oil | Living Libations","isPartOf":{"@id":"https:\/\/dutchhealthstore.com\/fr\/#website"},"primaryImageOfPage":{"@id":"https:\/\/dutchhealthstore.com\/fr\/product\/musk-mallow-seed-essential-oil\/#primaryimage"},"image":{"@id":"https:\/\/dutchhealthstore.com\/fr\/product\/musk-mallow-seed-essential-oil\/#primaryimage"},"thumbnailUrl":"https:\/\/dutchhealthstore.com\/wp-content\/uploads\/2018\/02\/2025-04-15-13_32_21-Musk-Mallow-Essential-Oil-\u2013-Living-Libations-INT.jpg","datePublished":"2018-02-10T18:55:05+00:00","dateModified":"2025-10-28T10:31:28+00:00","description":"Cet \u00e9lixir ancien vient d'Inde, o\u00f9 il est fabriqu\u00e9 de fa\u00e7on sauvage et extrait au CO2 pour capturer les pouvoirs naturel des graines parfum\u00e9es au musc de la plante.","breadcrumb":{"@id":"https:\/\/dutchhealthstore.com\/fr\/product\/musk-mallow-seed-essential-oil\/#breadcrumb"},"inLanguage":"fr-FR","potentialAction":[{"@type":"ReadAction","target":["https:\/\/dutchhealthstore.com\/fr\/product\/musk-mallow-seed-essential-oil\/"]}]},{"@type":"ImageObject","inLanguage":"fr-FR","@id":"https:\/\/dutchhealthstore.com\/fr\/product\/musk-mallow-seed-essential-oil\/#primaryimage","url":"https:\/\/dutchhealthstore.com\/wp-content\/uploads\/2018\/02\/2025-04-15-13_32_21-Musk-Mallow-Essential-Oil-\u2013-Living-Libations-INT.jpg","contentUrl":"https:\/\/dutchhealthstore.com\/wp-content\/uploads\/2018\/02\/2025-04-15-13_32_21-Musk-Mallow-Essential-Oil-\u2013-Living-Libations-INT.jpg","width":530,"height":530},{"@type":"BreadcrumbList","@id":"https:\/\/dutchhealthstore.com\/fr\/product\/musk-mallow-seed-essential-oil\/#breadcrumb","itemListElement":[{"@type":"ListItem","position":1,"name":"Home","item":"https:\/\/dutchhealthstore.com\/fr\/"},{"@type":"ListItem","position":2,"name":"Shop","item":"https:\/\/dutchhealthstore.com\/fr\/shop\/"},{"@type":"ListItem","position":3,"name":"Musk Mallow Essential Oil"}]},{"@type":"WebSite","@id":"https:\/\/dutchhealthstore.com\/fr\/#website","url":"https:\/\/dutchhealthstore.com\/fr\/","name":"Dutch Health Store","description":"Enhance Your Beauty with Organic &amp; Natural Skincare","publisher":{"@id":"https:\/\/dutchhealthstore.com\/fr\/#organization"},"potentialAction":[{"@type":"SearchAction","target":{"@type":"EntryPoint","urlTemplate":"https:\/\/dutchhealthstore.com\/fr\/?s={search_term_string}"},"query-input":{"@type":"PropertyValueSpecification","valueRequired":true,"valueName":"search_term_string"}}],"inLanguage":"fr-FR"},{"@type":"Organization","@id":"https:\/\/dutchhealthstore.com\/fr\/#organization","name":"Dutch Health Store","url":"https:\/\/dutchhealthstore.com\/fr\/","logo":{"@type":"ImageObject","inLanguage":"fr-FR","@id":"https:\/\/dutchhealthstore.com\/fr\/#\/schema\/logo\/image\/","url":"https:\/\/dutchhealthstore.com\/wp-content\/uploads\/2020\/08\/logo-dutchhealthstore-jpg-e1599484957574.jpg","contentUrl":"https:\/\/dutchhealthstore.com\/wp-content\/uploads\/2020\/08\/logo-dutchhealthstore-jpg-e1599484957574.jpg","width":400,"height":62,"caption":"Dutch Health Store"},"image":{"@id":"https:\/\/dutchhealthstore.com\/fr\/#\/schema\/logo\/image\/"},"sameAs":["https:\/\/www.instagram.com\/dutchhealthstore\/","https:\/\/www.facebook.com\/dutchhealthstore"]}]},"product_brand":"Living Libations","og_availability":"instock","product_availability":"instock","product_condition":"new"},"_links":{"self":[{"href":"https:\/\/dutchhealthstore.com\/fr\/wp-json\/wp\/v2\/product\/121369","targetHints":{"allow":["GET"]}}],"collection":[{"href":"https:\/\/dutchhealthstore.com\/fr\/wp-json\/wp\/v2\/product"}],"about":[{"href":"https:\/\/dutchhealthstore.com\/fr\/wp-json\/wp\/v2\/types\/product"}],"replies":[{"embeddable":true,"href":"https:\/\/dutchhealthstore.com\/fr\/wp-json\/wp\/v2\/comments?post=121369"}],"wp:featuredmedia":[{"embeddable":true,"href":"https:\/\/dutchhealthstore.com\/fr\/wp-json\/wp\/v2\/media\/337396"}],"wp:attachment":[{"href":"https:\/\/dutchhealthstore.com\/fr\/wp-json\/wp\/v2\/media?parent=121369"}],"wp:term":[{"taxonomy":"product_brand","embeddable":true,"href":"https:\/\/dutchhealthstore.com\/fr\/wp-json\/wp\/v2\/product_brand?post=121369"},{"taxonomy":"product_cat","embeddable":true,"href":"https:\/\/dutchhealthstore.com\/fr\/wp-json\/wp\/v2\/product_cat?post=121369"},{"taxonomy":"product_tag","embeddable":true,"href":"https:\/\/dutchhealthstore.com\/fr\/wp-json\/wp\/v2\/product_tag?post=121369"}],"curies":[{"name":"wp","href":"https:\/\/api.w.org\/{rel}","templated":true}]}}