{"id":121333,"date":"2020-07-14T12:47:57","date_gmt":"2020-07-14T10:47:57","guid":{"rendered":"https:\/\/dutchhealthstore.com\/product\/moena-essential-oil\/"},"modified":"2025-04-07T12:09:06","modified_gmt":"2025-04-07T10:09:06","slug":"moena-essential-oil","status":"publish","type":"product","link":"https:\/\/dutchhealthstore.com\/fr\/product\/moena-essential-oil\/","title":{"rendered":"Moena Essential Oil"},"content":{"rendered":"<p><strong><img decoding=\"async\" class=\"size-full wp-image-69549 alignright\" src=\"https:\/\/dutchhealthstore.com\/wp-content\/uploads\/2019\/08\/NEW-Living-Libations-Logo.jpg\" alt=\"NEW - Living Libations - Logo\" width=\"175\" height=\"82\">Nom botanique :<\/strong> Endlicheria metallica<br \/>\n<strong>Famille botanique : <\/strong>Lauraceae<br \/>\n<strong>M\u00e9thode d&rsquo;extraction :<\/strong> Distillation \u00e0 la vapeur<br \/>\n<strong>Partie de la plante distill\u00e9e :<\/strong> Branches et feuilles<br \/>\n<strong>Pays d&rsquo;origine :<\/strong> P\u00e9rou<br \/>\n<strong>M\u00e9thode de culture :<\/strong> Reforestation<br \/>\n<strong>Composition :<\/strong> 100% Endlicheria metallica<br \/>\n<strong>Coh\u00e9rence :<\/strong> Mince<\/p>\n<h3>Description de l&rsquo;odeur<\/h3>\n<p>Du camphre doux et rafra\u00eechissant envelopp\u00e9 dans de la verdure terrestre.<\/p>\n<h3>Se marie bien avec<\/h3>\n<p>Bois de santal, encens, bergamote, rose, palo santo, lavande, marjolaine et tanaisie.<\/p>\n<a href=\"https:\/\/dutchhealthstore.com\/wp-content\/uploads\/2020\/07\/ANALYSIS-Moena-Essential-Oil-Living-Libations-1.pdf\" class=\"button primary is-primary is-small\"  >\n\t\t<span> ANALYSE &gt;<\/span>\n\t<\/a>\n\n<h3>Utilisations<\/h3>\n<p>Quelques gouttes sur le bain ; diluer et appliquer en massage. Inhaler dans une pipe \u00e0 sel ou ajouter \u00e0 un diffuseur.<\/p>\n<p>Connue localement sous le nom de Moena Alcanforada ou Moena camphr\u00e9e, cette huile essentielle rare est utilis\u00e9e par les populations indig\u00e8nes d&rsquo;Amazonie et par les habitants de Madre de Dios pour ses propri\u00e9t\u00e9s rafra\u00eechissantes et apaisantes.<\/p>\n<p>Il existe de nombreux types diff\u00e9rents d&rsquo;arbres Moena, qui appartiennent tous \u00e0 la famille botanique des Lauraceae. Cette famille comprend le bois de rose br\u00e9silien, qui a fait l&rsquo;objet d&rsquo;une culture excessive au P\u00e9rou en raison de sa popularit\u00e9 dans l&rsquo;industrie de la parfumerie et de son utilisation dans des eaux de Cologne telles que le Chanel n\u00b0 5.<\/p>\n<p>En faisant des recherches sur le Moena comme alternative au bois de rose, notre distillateur a appris que le Moena \u00e9tait tr\u00e8s similaire au bois de rose en termes de parfum et d&rsquo;avantages pour les soins personnels, mais qu&rsquo;il ne posait pas les m\u00eames menaces \u00e9cologiques et environnementales que le bois de rose. En fait, la culture consciente des arbres Moena \u00e0 Madre de Dios a b\u00e9n\u00e9fici\u00e9 \u00e0 l&rsquo;\u00e9conomie et \u00e0 l&rsquo;\u00e9cologie locales.<\/p>\n<p>En 2010, notre distillateur a plant\u00e9 500 arbres Moena Alcanforada dans le cadre d&rsquo;un effort de reforestation qui est aujourd&rsquo;hui le plus important de ce type au monde. De plus, ils travaillent avec la communaut\u00e9 locale pour apprendre aux agriculteurs \u00e0 mon\u00e9tiser la plantation d&rsquo;arbres par le biais de produits forestiers non ligneux, comme la distillation d&rsquo;huiles essentielles. Gr\u00e2ce \u00e0 ce projet, il est d\u00e9sormais plus rentable de planter des arbres que de les abattre, ce qui a eu un impact miraculeux et harmonisant sur la for\u00eat tropicale locale.<\/p>\n<p>Une seule bouteille de Moena Essential oil permet de soutenir un environnement et un \u00e9cosyst\u00e8me sains, de pr\u00e9server la for\u00eat tropicale du P\u00e9rou et de donner aux habitants un moyen durable de gagner de l&rsquo;argent en plantant des arbres et en distillant des huiles essentielles.<\/p>\n<p>Il existe de nombreuses vari\u00e9t\u00e9s d&rsquo;arbres Moena dans cette famille, et toutes sont appr\u00e9ci\u00e9es par les habitants pour leurs parfums d\u00e9licieux et leur bois pr\u00e9cieux. Il s&rsquo;agit de la cannelle, de l&rsquo;anis, de l&rsquo;avocat et de la Moena jaune, ainsi que du camphre rafra\u00eechissant de la Moena Alcanforada. C&rsquo;est cette esp\u00e8ce particuli\u00e8re qui a interpell\u00e9 notre distillateur avant tout gr\u00e2ce \u00e0 ses bienfaits apaisants pour l&rsquo;auto-soin. L&rsquo;huile de Moena est \u00e9galement utilis\u00e9e pour allumer la clart\u00e9 et purifier les inqui\u00e9tudes.<\/p>\n<p><strong>Taille : 5 ml et 15 ml<\/strong><\/p>\n<h3>Ingr\u00e9dients biologiques<\/h3>\n<p>100% d&rsquo;huile essentielle de moena (Endlicheria metallica).<\/p>\n<p><img fetchpriority=\"high\" decoding=\"async\" class=\"size-medium wp-image-68103 aligncenter\" src=\"https:\/\/dutchhealthstore.com\/wp-content\/uploads\/2018\/02\/Living-Libations-Organic-Logo-800x89.png\" alt=\"Living Libations - Organic Logo\" width=\"800\" height=\"89\" srcset=\"https:\/\/dutchhealthstore.com\/wp-content\/uploads\/2018\/02\/Living-Libations-Organic-Logo-800x89.png 800w, https:\/\/dutchhealthstore.com\/wp-content\/uploads\/2018\/02\/Living-Libations-Organic-Logo-510x57.png 510w, https:\/\/dutchhealthstore.com\/wp-content\/uploads\/2018\/02\/Living-Libations-Organic-Logo-768x85.png 768w, https:\/\/dutchhealthstore.com\/wp-content\/uploads\/2018\/02\/Living-Libations-Organic-Logo.png 1400w\" sizes=\"(max-width: 800px) 100vw, 800px\" \/><\/p>\n","protected":false},"excerpt":{"rendered":"<p>Living Libations <strong> Moena Essential Oil<\/strong> est une trouvaille ravissante et rare provenant des profondeurs de l&rsquo;Amazonie p\u00e9ruvienne.<br \/>\nCette huile essentielle \u00e9l\u00e9gante, dont le parfum est similaire \u00e0 celui du bois de rose br\u00e9silien, est distill\u00e9e \u00e0 partir d&rsquo;arbres qui font partie d&rsquo;un projet de reforestation r\u00e9volutionnaire \u00e0 Madre de Dios.<br \/>\nNotre distillateur est le seul au monde \u00e0 distiller actuellement cette esp\u00e8ce particuli\u00e8re d&rsquo;arbre Moena, ce qui fait de cette huile non seulement un nouvel ajout \u00e0 l&rsquo;aromath\u00e9rapie, mais une trouvaille rare et un parfum de plante pr\u00e9cieux.<\/p>\n","protected":false},"featured_media":337464,"comment_status":"open","ping_status":"closed","template":"","meta":[],"product_brand":[],"product_cat":[1507,6734,1211,1209,3757,6733],"product_tag":[4495],"class_list":{"0":"post-121333","1":"product","2":"type-product","3":"status-publish","4":"has-post-thumbnail","6":"product_cat-plantes-huiles-essentielles-living-libations","7":"product_cat-essential-oils","8":"product_cat-living-libations-france","9":"product_cat-par-marques","10":"product_cat-plantes-huiles-essentielles","11":"product_cat-wellness-fr-2","12":"product_tag-essential-oil-fr","13":"pa_brand-livinglibations-fr","14":"pa_essential-oils-product-type-essential-oils-fr","15":"pa_size-15-ml-fr","16":"pa_size-5-ml-fr","18":"first","19":"instock","20":"taxable","21":"shipping-taxable","22":"purchasable","23":"product-type-variable"},"bundled_by":[],"bundle_stock_status":"instock","bundle_stock_quantity":null,"bundle_virtual":false,"bundle_layout":"","bundle_add_to_cart_form_location":"","bundle_editable_in_cart":false,"bundle_sold_individually_context":"","bundle_item_grouping":"","bundle_min_size":"","bundle_max_size":"","bundle_price":[],"bundled_items":[],"bundle_sell_ids":[],"atum_controlled":true,"out_stock_date":null,"out_stock_threshold":null,"inheritable":true,"stock_on_hold":0,"sold_today":0,"sales_last_days":0,"out_stock_days":0,"lost_sales":0,"update_date":"2026-05-14T00:21:13","atum_locations":[],"atum_stock_status":"instock","restock_status":false,"low_stock_amount":"","sales_update_date":"2026-05-14T00:21:13","calc_backorders":null,"group_of_quantity":0,"min_quantity":0,"max_quantity":"","exclude_order_quantity_value_rules":"no","exclude_category_quantity_rules":"no","combine_variations":"no","yoast_head":"<!-- This site is optimized with the Yoast SEO Premium plugin v26.5 (Yoast SEO v26.5) - https:\/\/yoast.com\/wordpress\/plugins\/seo\/ -->\n<title>Moena Essential Oil | Living Libations<\/title>\n<meta name=\"description\" content=\"Cette huile essentielle \u00e9l\u00e9gante est distill\u00e9e \u00e0 partir d&#039;arbres qui font partie d&#039;un projet de reforestation r\u00e9volutionnaire \u00e0 Madre de Dios.\" \/>\n<meta name=\"robots\" content=\"index, follow, max-snippet:-1, max-image-preview:large, max-video-preview:-1\" \/>\n<link rel=\"canonical\" href=\"https:\/\/dutchhealthstore.com\/fr\/product\/moena-essential-oil\/\" \/>\n<meta property=\"og:locale\" content=\"fr_FR\" \/>\n<meta property=\"og:type\" content=\"article\" \/>\n<meta property=\"og:title\" content=\"Moena Essential Oil - Dutch Health Store\" \/>\n<meta property=\"og:description\" content=\"Cette huile essentielle \u00e9l\u00e9gante est distill\u00e9e \u00e0 partir d&#039;arbres qui font partie d&#039;un projet de reforestation r\u00e9volutionnaire \u00e0 Madre de Dios.\" \/>\n<meta property=\"og:url\" content=\"https:\/\/dutchhealthstore.com\/fr\/product\/moena-essential-oil\/\" \/>\n<meta property=\"og:site_name\" content=\"Dutch Health Store\" \/>\n<meta property=\"article:publisher\" content=\"https:\/\/www.instagram.com\/dutchhealthstore\/\" \/>\n<meta property=\"article:modified_time\" content=\"2025-04-07T10:09:06+00:00\" \/>\n<meta property=\"og:image\" content=\"https:\/\/dutchhealthstore.com\/wp-content\/uploads\/2020\/07\/Living-Libations-Moena-Essential-Oil.jpg\" \/>\n\t<meta property=\"og:image:width\" content=\"500\" \/>\n\t<meta property=\"og:image:height\" content=\"500\" \/>\n\t<meta property=\"og:image:type\" content=\"image\/jpeg\" \/>\n<meta name=\"twitter:card\" content=\"summary_large_image\" \/>\n<meta name=\"twitter:label1\" content=\"Disponibilit\u00e9\" \/>\n\t<meta name=\"twitter:data1\" content=\"En stock\" \/>\n<script type=\"application\/ld+json\" class=\"yoast-schema-graph\">{\"@context\":\"https:\/\/schema.org\",\"@graph\":[{\"@type\":\"WebPage\",\"@id\":\"https:\/\/dutchhealthstore.com\/fr\/product\/moena-essential-oil\/\",\"url\":\"https:\/\/dutchhealthstore.com\/fr\/product\/moena-essential-oil\/\",\"name\":\"Moena Essential Oil | Living Libations\",\"isPartOf\":{\"@id\":\"https:\/\/dutchhealthstore.com\/fr\/#website\"},\"primaryImageOfPage\":{\"@id\":\"https:\/\/dutchhealthstore.com\/fr\/product\/moena-essential-oil\/#primaryimage\"},\"image\":{\"@id\":\"https:\/\/dutchhealthstore.com\/fr\/product\/moena-essential-oil\/#primaryimage\"},\"thumbnailUrl\":\"https:\/\/dutchhealthstore.com\/wp-content\/uploads\/2020\/07\/2025-04-15-13_43_00-Moena-Essential-Oil-\u2013-Living-Libations-INT.jpg\",\"datePublished\":\"2020-07-14T10:47:57+00:00\",\"dateModified\":\"2025-04-07T10:09:06+00:00\",\"description\":\"Cette huile essentielle \u00e9l\u00e9gante est distill\u00e9e \u00e0 partir d'arbres qui font partie d'un projet de reforestation r\u00e9volutionnaire \u00e0 Madre de Dios.\",\"breadcrumb\":{\"@id\":\"https:\/\/dutchhealthstore.com\/fr\/product\/moena-essential-oil\/#breadcrumb\"},\"inLanguage\":\"fr-FR\",\"potentialAction\":[{\"@type\":\"ReadAction\",\"target\":[\"https:\/\/dutchhealthstore.com\/fr\/product\/moena-essential-oil\/\"]}]},{\"@type\":\"ImageObject\",\"inLanguage\":\"fr-FR\",\"@id\":\"https:\/\/dutchhealthstore.com\/fr\/product\/moena-essential-oil\/#primaryimage\",\"url\":\"https:\/\/dutchhealthstore.com\/wp-content\/uploads\/2020\/07\/2025-04-15-13_43_00-Moena-Essential-Oil-\u2013-Living-Libations-INT.jpg\",\"contentUrl\":\"https:\/\/dutchhealthstore.com\/wp-content\/uploads\/2020\/07\/2025-04-15-13_43_00-Moena-Essential-Oil-\u2013-Living-Libations-INT.jpg\",\"width\":530,\"height\":530},{\"@type\":\"BreadcrumbList\",\"@id\":\"https:\/\/dutchhealthstore.com\/fr\/product\/moena-essential-oil\/#breadcrumb\",\"itemListElement\":[{\"@type\":\"ListItem\",\"position\":1,\"name\":\"Home\",\"item\":\"https:\/\/dutchhealthstore.com\/fr\/\"},{\"@type\":\"ListItem\",\"position\":2,\"name\":\"Shop\",\"item\":\"https:\/\/dutchhealthstore.com\/fr\/shop\/\"},{\"@type\":\"ListItem\",\"position\":3,\"name\":\"Moena Essential Oil\"}]},{\"@type\":\"WebSite\",\"@id\":\"https:\/\/dutchhealthstore.com\/fr\/#website\",\"url\":\"https:\/\/dutchhealthstore.com\/fr\/\",\"name\":\"Dutch Health Store\",\"description\":\"Enhance Your Beauty with Organic &amp; Natural Skincare\",\"publisher\":{\"@id\":\"https:\/\/dutchhealthstore.com\/fr\/#organization\"},\"potentialAction\":[{\"@type\":\"SearchAction\",\"target\":{\"@type\":\"EntryPoint\",\"urlTemplate\":\"https:\/\/dutchhealthstore.com\/fr\/?s={search_term_string}\"},\"query-input\":{\"@type\":\"PropertyValueSpecification\",\"valueRequired\":true,\"valueName\":\"search_term_string\"}}],\"inLanguage\":\"fr-FR\"},{\"@type\":\"Organization\",\"@id\":\"https:\/\/dutchhealthstore.com\/fr\/#organization\",\"name\":\"Dutch Health Store\",\"url\":\"https:\/\/dutchhealthstore.com\/fr\/\",\"logo\":{\"@type\":\"ImageObject\",\"inLanguage\":\"fr-FR\",\"@id\":\"https:\/\/dutchhealthstore.com\/fr\/#\/schema\/logo\/image\/\",\"url\":\"https:\/\/dutchhealthstore.com\/wp-content\/uploads\/2020\/08\/logo-dutchhealthstore-jpg-e1599484957574.jpg\",\"contentUrl\":\"https:\/\/dutchhealthstore.com\/wp-content\/uploads\/2020\/08\/logo-dutchhealthstore-jpg-e1599484957574.jpg\",\"width\":400,\"height\":62,\"caption\":\"Dutch Health Store\"},\"image\":{\"@id\":\"https:\/\/dutchhealthstore.com\/fr\/#\/schema\/logo\/image\/\"},\"sameAs\":[\"https:\/\/www.instagram.com\/dutchhealthstore\/\",\"https:\/\/www.facebook.com\/dutchhealthstore\"]}]}<\/script>\n<meta property=\"product:brand\" content=\"Living Libations\" \/>\n<meta property=\"og:availability\" content=\"instock\" \/>\n<meta property=\"product:availability\" content=\"instock\" \/>\n<meta property=\"product:condition\" content=\"new\" \/>\n<!-- \/ Yoast SEO Premium plugin. -->","yoast_head_json":{"title":"Moena Essential Oil | Living Libations","description":"Cette huile essentielle \u00e9l\u00e9gante est distill\u00e9e \u00e0 partir d'arbres qui font partie d'un projet de reforestation r\u00e9volutionnaire \u00e0 Madre de Dios.","robots":{"index":"index","follow":"follow","max-snippet":"max-snippet:-1","max-image-preview":"max-image-preview:large","max-video-preview":"max-video-preview:-1"},"canonical":"https:\/\/dutchhealthstore.com\/fr\/product\/moena-essential-oil\/","og_locale":"fr_FR","og_type":"article","og_title":"Moena Essential Oil - Dutch Health Store","og_description":"Cette huile essentielle \u00e9l\u00e9gante est distill\u00e9e \u00e0 partir d'arbres qui font partie d'un projet de reforestation r\u00e9volutionnaire \u00e0 Madre de Dios.","og_url":"https:\/\/dutchhealthstore.com\/fr\/product\/moena-essential-oil\/","og_site_name":"Dutch Health Store","article_publisher":"https:\/\/www.instagram.com\/dutchhealthstore\/","article_modified_time":"2025-04-07T10:09:06+00:00","og_image":[{"width":500,"height":500,"url":"https:\/\/dutchhealthstore.com\/wp-content\/uploads\/2020\/07\/Living-Libations-Moena-Essential-Oil.jpg","type":"image\/jpeg"}],"twitter_card":"summary_large_image","twitter_misc":{"Disponibilit\u00e9":"En stock"},"schema":{"@context":"https:\/\/schema.org","@graph":[{"@type":"WebPage","@id":"https:\/\/dutchhealthstore.com\/fr\/product\/moena-essential-oil\/","url":"https:\/\/dutchhealthstore.com\/fr\/product\/moena-essential-oil\/","name":"Moena Essential Oil | Living Libations","isPartOf":{"@id":"https:\/\/dutchhealthstore.com\/fr\/#website"},"primaryImageOfPage":{"@id":"https:\/\/dutchhealthstore.com\/fr\/product\/moena-essential-oil\/#primaryimage"},"image":{"@id":"https:\/\/dutchhealthstore.com\/fr\/product\/moena-essential-oil\/#primaryimage"},"thumbnailUrl":"https:\/\/dutchhealthstore.com\/wp-content\/uploads\/2020\/07\/2025-04-15-13_43_00-Moena-Essential-Oil-\u2013-Living-Libations-INT.jpg","datePublished":"2020-07-14T10:47:57+00:00","dateModified":"2025-04-07T10:09:06+00:00","description":"Cette huile essentielle \u00e9l\u00e9gante est distill\u00e9e \u00e0 partir d'arbres qui font partie d'un projet de reforestation r\u00e9volutionnaire \u00e0 Madre de Dios.","breadcrumb":{"@id":"https:\/\/dutchhealthstore.com\/fr\/product\/moena-essential-oil\/#breadcrumb"},"inLanguage":"fr-FR","potentialAction":[{"@type":"ReadAction","target":["https:\/\/dutchhealthstore.com\/fr\/product\/moena-essential-oil\/"]}]},{"@type":"ImageObject","inLanguage":"fr-FR","@id":"https:\/\/dutchhealthstore.com\/fr\/product\/moena-essential-oil\/#primaryimage","url":"https:\/\/dutchhealthstore.com\/wp-content\/uploads\/2020\/07\/2025-04-15-13_43_00-Moena-Essential-Oil-\u2013-Living-Libations-INT.jpg","contentUrl":"https:\/\/dutchhealthstore.com\/wp-content\/uploads\/2020\/07\/2025-04-15-13_43_00-Moena-Essential-Oil-\u2013-Living-Libations-INT.jpg","width":530,"height":530},{"@type":"BreadcrumbList","@id":"https:\/\/dutchhealthstore.com\/fr\/product\/moena-essential-oil\/#breadcrumb","itemListElement":[{"@type":"ListItem","position":1,"name":"Home","item":"https:\/\/dutchhealthstore.com\/fr\/"},{"@type":"ListItem","position":2,"name":"Shop","item":"https:\/\/dutchhealthstore.com\/fr\/shop\/"},{"@type":"ListItem","position":3,"name":"Moena Essential Oil"}]},{"@type":"WebSite","@id":"https:\/\/dutchhealthstore.com\/fr\/#website","url":"https:\/\/dutchhealthstore.com\/fr\/","name":"Dutch Health Store","description":"Enhance Your Beauty with Organic &amp; Natural Skincare","publisher":{"@id":"https:\/\/dutchhealthstore.com\/fr\/#organization"},"potentialAction":[{"@type":"SearchAction","target":{"@type":"EntryPoint","urlTemplate":"https:\/\/dutchhealthstore.com\/fr\/?s={search_term_string}"},"query-input":{"@type":"PropertyValueSpecification","valueRequired":true,"valueName":"search_term_string"}}],"inLanguage":"fr-FR"},{"@type":"Organization","@id":"https:\/\/dutchhealthstore.com\/fr\/#organization","name":"Dutch Health Store","url":"https:\/\/dutchhealthstore.com\/fr\/","logo":{"@type":"ImageObject","inLanguage":"fr-FR","@id":"https:\/\/dutchhealthstore.com\/fr\/#\/schema\/logo\/image\/","url":"https:\/\/dutchhealthstore.com\/wp-content\/uploads\/2020\/08\/logo-dutchhealthstore-jpg-e1599484957574.jpg","contentUrl":"https:\/\/dutchhealthstore.com\/wp-content\/uploads\/2020\/08\/logo-dutchhealthstore-jpg-e1599484957574.jpg","width":400,"height":62,"caption":"Dutch Health Store"},"image":{"@id":"https:\/\/dutchhealthstore.com\/fr\/#\/schema\/logo\/image\/"},"sameAs":["https:\/\/www.instagram.com\/dutchhealthstore\/","https:\/\/www.facebook.com\/dutchhealthstore"]}]},"product_brand":"Living Libations","og_availability":"instock","product_availability":"instock","product_condition":"new"},"_links":{"self":[{"href":"https:\/\/dutchhealthstore.com\/fr\/wp-json\/wp\/v2\/product\/121333","targetHints":{"allow":["GET"]}}],"collection":[{"href":"https:\/\/dutchhealthstore.com\/fr\/wp-json\/wp\/v2\/product"}],"about":[{"href":"https:\/\/dutchhealthstore.com\/fr\/wp-json\/wp\/v2\/types\/product"}],"replies":[{"embeddable":true,"href":"https:\/\/dutchhealthstore.com\/fr\/wp-json\/wp\/v2\/comments?post=121333"}],"wp:featuredmedia":[{"embeddable":true,"href":"https:\/\/dutchhealthstore.com\/fr\/wp-json\/wp\/v2\/media\/337464"}],"wp:attachment":[{"href":"https:\/\/dutchhealthstore.com\/fr\/wp-json\/wp\/v2\/media?parent=121333"}],"wp:term":[{"taxonomy":"product_brand","embeddable":true,"href":"https:\/\/dutchhealthstore.com\/fr\/wp-json\/wp\/v2\/product_brand?post=121333"},{"taxonomy":"product_cat","embeddable":true,"href":"https:\/\/dutchhealthstore.com\/fr\/wp-json\/wp\/v2\/product_cat?post=121333"},{"taxonomy":"product_tag","embeddable":true,"href":"https:\/\/dutchhealthstore.com\/fr\/wp-json\/wp\/v2\/product_tag?post=121333"}],"curies":[{"name":"wp","href":"https:\/\/api.w.org\/{rel}","templated":true}]}}