{"id":121245,"date":"2020-07-14T12:10:56","date_gmt":"2020-07-14T10:10:56","guid":{"rendered":"https:\/\/dutchhealthstore.com\/product\/melissa-essential-oil\/"},"modified":"2025-04-07T12:07:30","modified_gmt":"2025-04-07T10:07:30","slug":"melissa-essential-oil","status":"publish","type":"product","link":"https:\/\/dutchhealthstore.com\/fr\/product\/melissa-essential-oil\/","title":{"rendered":"Melissa Essential Oil"},"content":{"rendered":"<p><strong><img decoding=\"async\" class=\"size-full wp-image-69549 alignright\" src=\"https:\/\/dutchhealthstore.com\/wp-content\/uploads\/2019\/08\/NEW-Living-Libations-Logo.jpg\" alt=\"NEW - Living Libations - Logo\" width=\"175\" height=\"82\">Nom botanique :<\/strong> Melissa officinalis<br \/>\n<strong>Famille botanique :<\/strong> Lamiaceae<br \/>\n<strong>M\u00e9thode d&rsquo;extraction :<\/strong> Distillation \u00e0 la vapeur<br \/>\n<strong>Partie de la plante distill\u00e9e :<\/strong> Fleurs<br \/>\n<strong>Pays d&rsquo;origine :<\/strong> Bulgarie<br \/>\n<strong>M\u00e9thode de culture :<\/strong> Organique<br \/>\n<strong>Composition :<\/strong> 100% Melissa officinalis<br \/>\n<strong>Consistance :<\/strong> Viscosit\u00e9 fine \u00e0 moyenne<\/p>\n<h3>Description de l&rsquo;odeur<\/h3>\n<p>Doux, sucr\u00e9 et frais comme une promenade dans un verger par un apr\u00e8s-midi d&rsquo;\u00e9t\u00e9 \u00e9touffant.<\/p>\n<h3>Se marie bien avec<\/h3>\n<p>N\u00e9roli, Rose Otto, G\u00e9ranium, Ylang, Verveine citronn\u00e9e, Jasmin, Bergamote, Douglas Fir, Encens, Citron, Palo Santo, Mousse du Groenland, Orange sanguine, Gen\u00e9vrier, Cypr\u00e8s et Romarin.<\/p>\n<a href=\"https:\/\/dutchhealthstore.com\/wp-content\/uploads\/2020\/07\/ANALYSIS-Melissa-Essential-Oil-Living-Libations.pdf\" class=\"button primary is-primary is-small\"  >\n\t\t<span>ANALYSE &gt;<\/span>\n\t<\/a>\n\n<h3>Utilisations<\/h3>\n<p>Diluer pour l&rsquo;utiliser comme tonique pour la peau. Rafra\u00eechit l&rsquo;haleine dans les soins bucco-dentaires. Calmant et apaisant dans les diffuseurs et les bains. D\u00e9tend l&rsquo;apparence des rougeurs et des poches dans les soins de la peau.<\/p>\n<p>La m\u00e9lisse, la m\u00e9lisse, la joie du c\u0153ur ou l&rsquo;huileabeille, sous n&rsquo;importe quel autre nom, est une essence des plus r\u00e9jouissantes, au parfum agr\u00e9able, un tr\u00e9sor. La m\u00e9lisse est utilis\u00e9e depuis des mill\u00e9naires comme plante de base, pour des th\u00e9s r\u00e9confortants, des teintures de tranquillit\u00e9 et des s\u00e9rums d&rsquo;huiles essentielles pour la peau, les cheveux et le corps.<\/p>\n<p>Sur le plan \u00e9motionnel et spirituel, Melissa Essential Oil offre une dose puissante de positivit\u00e9 et de stabilit\u00e9.<\/p>\n<p><strong>Taille : 5 ml, 5 ml &#8211; (1:4 Jojoba) et 15 ml<\/strong><\/p>\n<h3>Ingr\u00e9dients biologiques<\/h3>\n<p>100% huile essentielle de M\u00e9lisse (Melissa officinalis).<\/p>\n<p style=\"text-align: center;\"><em>\u00ab\u00a0L&rsquo;huile vraie de M\u00e9lisse est \u00e0 toutes fins utiles l&rsquo;huile essentielle la plus ch\u00e8re du march\u00e9. Son rendement est faible et sa distillation souvent difficile.\u00a0\u00bb<\/em><br \/>\n~ Kurt Schnaubelt, <strong>Advanced Aromatherapy<\/strong><\/p>\n<p style=\"text-align: center;\"><em>\u00ab\u00a0Elle a \u00e9t\u00e9 introduite en Europe du Nord par les Romains, qui l&rsquo;utilisaient comme relaxant et l&rsquo;ajoutaient \u00e0 l&rsquo;eau de leur bain&#8230; En France, la M\u00e9lisse \u00e9tait l&rsquo;ingr\u00e9dient de la c\u00e9l\u00e8bre \u00ab\u00a0Eau des Carmes\u00a0\u00bb, un premier type d&rsquo;eau de Cologne distill\u00e9e \u00e0 Paris par les moines.\u00a0\u00bb<\/em><br \/>\n~ Julia Lawless, <strong>Aromatherapy and the Mind<\/strong><\/p>\n<p style=\"text-align: center;\"><em>\u00ab\u00a0Ne pouvant \u00eatre facilement distill\u00e9e, l&rsquo;huile co\u00fbteuse et \u00e0 faible rendement est souvent frelat\u00e9e avec de l&rsquo;huile de citron, de citronnelle, de citronnelle, de litsea, d&rsquo;herbe \u00e0 chat citronn\u00e9e ou m\u00eame d&rsquo;eucalyptus citronn\u00e9, beaucoup moins co\u00fbteuse.\u00a0\u00bb<\/em><br \/>\n~ Keville and Green, <strong>Aromatherapy: A Complete Guide to the Art<\/strong><\/p>\n<p style=\"text-align: center;\"><em>\u00ab\u00a0La m\u00e9lisse rend l&rsquo;esprit et le c\u0153ur joyeux, elle ranime le c\u0153ur, les \u00e9vanouissements et le sommeil, et chasse de l&rsquo;esprit tous les soucis et les pens\u00e9es g\u00eanantes.\u00a0\u00bb<\/em><br \/>\n~ Nicolas Culpeper, <strong>1653, Culpeper&rsquo;s Complete Herbal and English Physician<\/strong>.<\/p>\n<p><img fetchpriority=\"high\" decoding=\"async\" class=\"size-medium wp-image-68103 aligncenter\" src=\"https:\/\/dutchhealthstore.com\/wp-content\/uploads\/2018\/02\/Living-Libations-Organic-Logo-800x89.png\" alt=\"Living Libations - Organic Logo\" width=\"800\" height=\"89\" srcset=\"https:\/\/dutchhealthstore.com\/wp-content\/uploads\/2018\/02\/Living-Libations-Organic-Logo-800x89.png 800w, https:\/\/dutchhealthstore.com\/wp-content\/uploads\/2018\/02\/Living-Libations-Organic-Logo-510x57.png 510w, https:\/\/dutchhealthstore.com\/wp-content\/uploads\/2018\/02\/Living-Libations-Organic-Logo-768x85.png 768w, https:\/\/dutchhealthstore.com\/wp-content\/uploads\/2018\/02\/Living-Libations-Organic-Logo.png 1400w\" sizes=\"(max-width: 800px) 100vw, 800px\" \/><\/p>\n","protected":false},"excerpt":{"rendered":"<p>Un ancien tonique grec qui a cr\u00e9\u00e9 un buzz \u00e0 travers les \u00e2ges, l&rsquo;<strong> Melissa Essential Oil<\/strong> est distill\u00e9e \u00e0 la vapeur d&rsquo;eau \u00e0 partir des fleurs de m\u00e9lisse officinale, un d\u00e9lice des abeilles.<br \/>\nEn fait, le nom de Melissa signifie abeille en grec !<br \/>\nC&rsquo;est une herbe de jardin assez commune, mais l&rsquo;huile essentielle authentique est rare, car le rendement de la distillation est pr\u00e9cieux. Chaque \u00e9t\u00e9, nous recevons notre r\u00e9serve annuelle de cette essence exquise et odorante.<\/p>\n","protected":false},"featured_media":337404,"comment_status":"open","ping_status":"closed","template":"","meta":[],"product_brand":[],"product_cat":[6734,1507,1211,1209,3757,6733],"product_tag":[4495],"class_list":{"0":"post-121245","1":"product","2":"type-product","3":"status-publish","4":"has-post-thumbnail","6":"product_cat-essential-oils","7":"product_cat-plantes-huiles-essentielles-living-libations","8":"product_cat-living-libations-france","9":"product_cat-par-marques","10":"product_cat-plantes-huiles-essentielles","11":"product_cat-wellness-fr-2","12":"product_tag-essential-oil-fr","13":"pa_brand-livinglibations-fr","14":"pa_essential-oils-product-type-essential-oils-fr","15":"pa_size-15-ml-fr","16":"pa_size-5-ml-fr","17":"pa_size-5-ml-1-4-jojoba-fr","19":"first","20":"instock","21":"taxable","22":"shipping-taxable","23":"purchasable","24":"product-type-variable"},"bundled_by":[],"bundle_stock_status":"instock","bundle_stock_quantity":null,"bundle_virtual":false,"bundle_layout":"","bundle_add_to_cart_form_location":"","bundle_editable_in_cart":false,"bundle_sold_individually_context":"","bundle_item_grouping":"","bundle_min_size":"","bundle_max_size":"","bundle_price":[],"bundled_items":[],"bundle_sell_ids":[],"atum_controlled":true,"out_stock_date":null,"out_stock_threshold":null,"inheritable":true,"stock_on_hold":0,"sold_today":0,"sales_last_days":0,"out_stock_days":0,"lost_sales":0,"update_date":"2026-04-17T00:06:01","atum_locations":[],"atum_stock_status":"instock","restock_status":false,"low_stock_amount":"","sales_update_date":"2026-04-17T00:06:01","calc_backorders":null,"group_of_quantity":0,"min_quantity":0,"max_quantity":"","exclude_order_quantity_value_rules":"no","exclude_category_quantity_rules":"no","combine_variations":"no","yoast_head":"<!-- This site is optimized with the Yoast SEO Premium plugin v26.5 (Yoast SEO v26.5) - https:\/\/yoast.com\/wordpress\/plugins\/seo\/ -->\n<title>Melissa Essential Oil | Living Libations<\/title>\n<meta name=\"description\" content=\"Le nom de Melissa signifie abeille en grec ! C&#039;est une herbe de jardin assez commune, mais l&#039;huile essentielle authentique est rare, car le rendement de la distillation est pr\u00e9cieux.\" \/>\n<meta name=\"robots\" content=\"index, follow, max-snippet:-1, max-image-preview:large, max-video-preview:-1\" \/>\n<link rel=\"canonical\" href=\"https:\/\/dutchhealthstore.com\/fr\/product\/melissa-essential-oil\/\" \/>\n<meta property=\"og:locale\" content=\"fr_FR\" \/>\n<meta property=\"og:type\" content=\"article\" \/>\n<meta property=\"og:title\" content=\"Melissa Essential Oil - Dutch Health Store\" \/>\n<meta property=\"og:description\" content=\"Le nom de Melissa signifie abeille en grec ! C&#039;est une herbe de jardin assez commune, mais l&#039;huile essentielle authentique est rare, car le rendement de la distillation est pr\u00e9cieux.\" \/>\n<meta property=\"og:url\" content=\"https:\/\/dutchhealthstore.com\/fr\/product\/melissa-essential-oil\/\" \/>\n<meta property=\"og:site_name\" content=\"Dutch Health Store\" \/>\n<meta property=\"article:publisher\" content=\"https:\/\/www.instagram.com\/dutchhealthstore\/\" \/>\n<meta property=\"article:modified_time\" content=\"2025-04-07T10:07:30+00:00\" \/>\n<meta property=\"og:image\" content=\"https:\/\/dutchhealthstore.com\/wp-content\/uploads\/2020\/07\/Living-Libations-Melissa-Essential-Oil-Round.jpg\" \/>\n\t<meta property=\"og:image:width\" content=\"500\" \/>\n\t<meta property=\"og:image:height\" content=\"500\" \/>\n\t<meta property=\"og:image:type\" content=\"image\/jpeg\" \/>\n<meta name=\"twitter:card\" content=\"summary_large_image\" \/>\n<meta name=\"twitter:label1\" content=\"Disponibilit\u00e9\" \/>\n\t<meta name=\"twitter:data1\" content=\"En stock\" \/>\n<script type=\"application\/ld+json\" class=\"yoast-schema-graph\">{\"@context\":\"https:\/\/schema.org\",\"@graph\":[{\"@type\":\"WebPage\",\"@id\":\"https:\/\/dutchhealthstore.com\/fr\/product\/melissa-essential-oil\/\",\"url\":\"https:\/\/dutchhealthstore.com\/fr\/product\/melissa-essential-oil\/\",\"name\":\"Melissa Essential Oil | Living Libations\",\"isPartOf\":{\"@id\":\"https:\/\/dutchhealthstore.com\/fr\/#website\"},\"primaryImageOfPage\":{\"@id\":\"https:\/\/dutchhealthstore.com\/fr\/product\/melissa-essential-oil\/#primaryimage\"},\"image\":{\"@id\":\"https:\/\/dutchhealthstore.com\/fr\/product\/melissa-essential-oil\/#primaryimage\"},\"thumbnailUrl\":\"https:\/\/dutchhealthstore.com\/wp-content\/uploads\/2020\/07\/2025-04-15-13_34_41-Melissa-Essential-Oil-\u2013-Living-Libations-INT.jpg\",\"datePublished\":\"2020-07-14T10:10:56+00:00\",\"dateModified\":\"2025-04-07T10:07:30+00:00\",\"description\":\"Le nom de Melissa signifie abeille en grec ! C'est une herbe de jardin assez commune, mais l'huile essentielle authentique est rare, car le rendement de la distillation est pr\u00e9cieux.\",\"breadcrumb\":{\"@id\":\"https:\/\/dutchhealthstore.com\/fr\/product\/melissa-essential-oil\/#breadcrumb\"},\"inLanguage\":\"fr-FR\",\"potentialAction\":[{\"@type\":\"ReadAction\",\"target\":[\"https:\/\/dutchhealthstore.com\/fr\/product\/melissa-essential-oil\/\"]}]},{\"@type\":\"ImageObject\",\"inLanguage\":\"fr-FR\",\"@id\":\"https:\/\/dutchhealthstore.com\/fr\/product\/melissa-essential-oil\/#primaryimage\",\"url\":\"https:\/\/dutchhealthstore.com\/wp-content\/uploads\/2020\/07\/2025-04-15-13_34_41-Melissa-Essential-Oil-\u2013-Living-Libations-INT.jpg\",\"contentUrl\":\"https:\/\/dutchhealthstore.com\/wp-content\/uploads\/2020\/07\/2025-04-15-13_34_41-Melissa-Essential-Oil-\u2013-Living-Libations-INT.jpg\",\"width\":530,\"height\":530},{\"@type\":\"BreadcrumbList\",\"@id\":\"https:\/\/dutchhealthstore.com\/fr\/product\/melissa-essential-oil\/#breadcrumb\",\"itemListElement\":[{\"@type\":\"ListItem\",\"position\":1,\"name\":\"Home\",\"item\":\"https:\/\/dutchhealthstore.com\/fr\/\"},{\"@type\":\"ListItem\",\"position\":2,\"name\":\"Shop\",\"item\":\"https:\/\/dutchhealthstore.com\/fr\/shop\/\"},{\"@type\":\"ListItem\",\"position\":3,\"name\":\"Melissa Essential Oil\"}]},{\"@type\":\"WebSite\",\"@id\":\"https:\/\/dutchhealthstore.com\/fr\/#website\",\"url\":\"https:\/\/dutchhealthstore.com\/fr\/\",\"name\":\"Dutch Health Store\",\"description\":\"Enhance Your Beauty with Organic &amp; Natural Skincare\",\"publisher\":{\"@id\":\"https:\/\/dutchhealthstore.com\/fr\/#organization\"},\"potentialAction\":[{\"@type\":\"SearchAction\",\"target\":{\"@type\":\"EntryPoint\",\"urlTemplate\":\"https:\/\/dutchhealthstore.com\/fr\/?s={search_term_string}\"},\"query-input\":{\"@type\":\"PropertyValueSpecification\",\"valueRequired\":true,\"valueName\":\"search_term_string\"}}],\"inLanguage\":\"fr-FR\"},{\"@type\":\"Organization\",\"@id\":\"https:\/\/dutchhealthstore.com\/fr\/#organization\",\"name\":\"Dutch Health Store\",\"url\":\"https:\/\/dutchhealthstore.com\/fr\/\",\"logo\":{\"@type\":\"ImageObject\",\"inLanguage\":\"fr-FR\",\"@id\":\"https:\/\/dutchhealthstore.com\/fr\/#\/schema\/logo\/image\/\",\"url\":\"https:\/\/dutchhealthstore.com\/wp-content\/uploads\/2020\/08\/logo-dutchhealthstore-jpg-e1599484957574.jpg\",\"contentUrl\":\"https:\/\/dutchhealthstore.com\/wp-content\/uploads\/2020\/08\/logo-dutchhealthstore-jpg-e1599484957574.jpg\",\"width\":400,\"height\":62,\"caption\":\"Dutch Health Store\"},\"image\":{\"@id\":\"https:\/\/dutchhealthstore.com\/fr\/#\/schema\/logo\/image\/\"},\"sameAs\":[\"https:\/\/www.instagram.com\/dutchhealthstore\/\",\"https:\/\/www.facebook.com\/dutchhealthstore\"]}]}<\/script>\n<meta property=\"product:brand\" content=\"Living Libations\" \/>\n<meta property=\"og:availability\" content=\"instock\" \/>\n<meta property=\"product:availability\" content=\"instock\" \/>\n<meta property=\"product:condition\" content=\"new\" \/>\n<!-- \/ Yoast SEO Premium plugin. -->","yoast_head_json":{"title":"Melissa Essential Oil | Living Libations","description":"Le nom de Melissa signifie abeille en grec ! C'est une herbe de jardin assez commune, mais l'huile essentielle authentique est rare, car le rendement de la distillation est pr\u00e9cieux.","robots":{"index":"index","follow":"follow","max-snippet":"max-snippet:-1","max-image-preview":"max-image-preview:large","max-video-preview":"max-video-preview:-1"},"canonical":"https:\/\/dutchhealthstore.com\/fr\/product\/melissa-essential-oil\/","og_locale":"fr_FR","og_type":"article","og_title":"Melissa Essential Oil - Dutch Health Store","og_description":"Le nom de Melissa signifie abeille en grec ! C'est une herbe de jardin assez commune, mais l'huile essentielle authentique est rare, car le rendement de la distillation est pr\u00e9cieux.","og_url":"https:\/\/dutchhealthstore.com\/fr\/product\/melissa-essential-oil\/","og_site_name":"Dutch Health Store","article_publisher":"https:\/\/www.instagram.com\/dutchhealthstore\/","article_modified_time":"2025-04-07T10:07:30+00:00","og_image":[{"width":500,"height":500,"url":"https:\/\/dutchhealthstore.com\/wp-content\/uploads\/2020\/07\/Living-Libations-Melissa-Essential-Oil-Round.jpg","type":"image\/jpeg"}],"twitter_card":"summary_large_image","twitter_misc":{"Disponibilit\u00e9":"En stock"},"schema":{"@context":"https:\/\/schema.org","@graph":[{"@type":"WebPage","@id":"https:\/\/dutchhealthstore.com\/fr\/product\/melissa-essential-oil\/","url":"https:\/\/dutchhealthstore.com\/fr\/product\/melissa-essential-oil\/","name":"Melissa Essential Oil | Living Libations","isPartOf":{"@id":"https:\/\/dutchhealthstore.com\/fr\/#website"},"primaryImageOfPage":{"@id":"https:\/\/dutchhealthstore.com\/fr\/product\/melissa-essential-oil\/#primaryimage"},"image":{"@id":"https:\/\/dutchhealthstore.com\/fr\/product\/melissa-essential-oil\/#primaryimage"},"thumbnailUrl":"https:\/\/dutchhealthstore.com\/wp-content\/uploads\/2020\/07\/2025-04-15-13_34_41-Melissa-Essential-Oil-\u2013-Living-Libations-INT.jpg","datePublished":"2020-07-14T10:10:56+00:00","dateModified":"2025-04-07T10:07:30+00:00","description":"Le nom de Melissa signifie abeille en grec ! C'est une herbe de jardin assez commune, mais l'huile essentielle authentique est rare, car le rendement de la distillation est pr\u00e9cieux.","breadcrumb":{"@id":"https:\/\/dutchhealthstore.com\/fr\/product\/melissa-essential-oil\/#breadcrumb"},"inLanguage":"fr-FR","potentialAction":[{"@type":"ReadAction","target":["https:\/\/dutchhealthstore.com\/fr\/product\/melissa-essential-oil\/"]}]},{"@type":"ImageObject","inLanguage":"fr-FR","@id":"https:\/\/dutchhealthstore.com\/fr\/product\/melissa-essential-oil\/#primaryimage","url":"https:\/\/dutchhealthstore.com\/wp-content\/uploads\/2020\/07\/2025-04-15-13_34_41-Melissa-Essential-Oil-\u2013-Living-Libations-INT.jpg","contentUrl":"https:\/\/dutchhealthstore.com\/wp-content\/uploads\/2020\/07\/2025-04-15-13_34_41-Melissa-Essential-Oil-\u2013-Living-Libations-INT.jpg","width":530,"height":530},{"@type":"BreadcrumbList","@id":"https:\/\/dutchhealthstore.com\/fr\/product\/melissa-essential-oil\/#breadcrumb","itemListElement":[{"@type":"ListItem","position":1,"name":"Home","item":"https:\/\/dutchhealthstore.com\/fr\/"},{"@type":"ListItem","position":2,"name":"Shop","item":"https:\/\/dutchhealthstore.com\/fr\/shop\/"},{"@type":"ListItem","position":3,"name":"Melissa Essential Oil"}]},{"@type":"WebSite","@id":"https:\/\/dutchhealthstore.com\/fr\/#website","url":"https:\/\/dutchhealthstore.com\/fr\/","name":"Dutch Health Store","description":"Enhance Your Beauty with Organic &amp; Natural Skincare","publisher":{"@id":"https:\/\/dutchhealthstore.com\/fr\/#organization"},"potentialAction":[{"@type":"SearchAction","target":{"@type":"EntryPoint","urlTemplate":"https:\/\/dutchhealthstore.com\/fr\/?s={search_term_string}"},"query-input":{"@type":"PropertyValueSpecification","valueRequired":true,"valueName":"search_term_string"}}],"inLanguage":"fr-FR"},{"@type":"Organization","@id":"https:\/\/dutchhealthstore.com\/fr\/#organization","name":"Dutch Health Store","url":"https:\/\/dutchhealthstore.com\/fr\/","logo":{"@type":"ImageObject","inLanguage":"fr-FR","@id":"https:\/\/dutchhealthstore.com\/fr\/#\/schema\/logo\/image\/","url":"https:\/\/dutchhealthstore.com\/wp-content\/uploads\/2020\/08\/logo-dutchhealthstore-jpg-e1599484957574.jpg","contentUrl":"https:\/\/dutchhealthstore.com\/wp-content\/uploads\/2020\/08\/logo-dutchhealthstore-jpg-e1599484957574.jpg","width":400,"height":62,"caption":"Dutch Health Store"},"image":{"@id":"https:\/\/dutchhealthstore.com\/fr\/#\/schema\/logo\/image\/"},"sameAs":["https:\/\/www.instagram.com\/dutchhealthstore\/","https:\/\/www.facebook.com\/dutchhealthstore"]}]},"product_brand":"Living Libations","og_availability":"instock","product_availability":"instock","product_condition":"new"},"_links":{"self":[{"href":"https:\/\/dutchhealthstore.com\/fr\/wp-json\/wp\/v2\/product\/121245","targetHints":{"allow":["GET"]}}],"collection":[{"href":"https:\/\/dutchhealthstore.com\/fr\/wp-json\/wp\/v2\/product"}],"about":[{"href":"https:\/\/dutchhealthstore.com\/fr\/wp-json\/wp\/v2\/types\/product"}],"replies":[{"embeddable":true,"href":"https:\/\/dutchhealthstore.com\/fr\/wp-json\/wp\/v2\/comments?post=121245"}],"wp:featuredmedia":[{"embeddable":true,"href":"https:\/\/dutchhealthstore.com\/fr\/wp-json\/wp\/v2\/media\/337404"}],"wp:attachment":[{"href":"https:\/\/dutchhealthstore.com\/fr\/wp-json\/wp\/v2\/media?parent=121245"}],"wp:term":[{"taxonomy":"product_brand","embeddable":true,"href":"https:\/\/dutchhealthstore.com\/fr\/wp-json\/wp\/v2\/product_brand?post=121245"},{"taxonomy":"product_cat","embeddable":true,"href":"https:\/\/dutchhealthstore.com\/fr\/wp-json\/wp\/v2\/product_cat?post=121245"},{"taxonomy":"product_tag","embeddable":true,"href":"https:\/\/dutchhealthstore.com\/fr\/wp-json\/wp\/v2\/product_tag?post=121245"}],"curies":[{"name":"wp","href":"https:\/\/api.w.org\/{rel}","templated":true}]}}