{"id":121139,"date":"2018-02-10T21:32:25","date_gmt":"2018-02-10T21:32:25","guid":{"rendered":"https:\/\/dutchhealthstore.com\/product\/renegade-beauty\/"},"modified":"2025-01-31T20:48:22","modified_gmt":"2025-01-31T19:48:22","slug":"renegade-beauty","status":"publish","type":"product","link":"https:\/\/dutchhealthstore.com\/fr\/product\/renegade-beauty\/","title":{"rendered":"Renegade Beauty: Reveal and Revive Your Natural Radiance &#8211; Beauty Secrets, Solutions, and Preparations"},"content":{"rendered":"<h3 class=\"yikes-custom-woo-tab-title yikes-custom-woo-tab-title-product-details\">D\u00e9tails du produit<\/h3>\n<p><strong>Auteur:<\/strong> Nadine Artemis<br \/>\n<strong>Avant-propos de:<\/strong> <span class=\"ws-nw role-U\">Carrie-Anne Moss<\/span><span class=\"book__text\"><br \/>\n<\/span><b><strong>Livre de poche:<\/strong><\/b> 448 pages<br \/>\n<b><strong>\u00c9diteur:<\/strong><\/b> North Atlantic Books (14 nov. 2017)<br \/>\n<b><strong>Langue:<\/strong><\/b> Anglais<br \/>\n<b><strong>ISBN-10:<\/strong><\/b> 1583949690<br \/>\n<b><strong>ISBN-13:<\/strong><\/b> 978-1583949696<br \/>\n<b><strong>Dimensions du produit: <\/strong><\/b>15,5 x 2,3 x 23,1 cm<br \/>\n<b><strong>Poids d&rsquo;exp\u00e9dition:<\/strong><\/b> 835 g<\/p>\n<p><img decoding=\"async\" class=\"size-full wp-image-37041 alignright\" src=\"https:\/\/dutchhealthstore.com\/wp-content\/uploads\/2018\/04\/Living_Libations-1.png\" alt=\"Organic &amp; Natural Beautyproducts - Living Libations\" width=\"175\" height=\"82\"><\/p>\n<h3>\u00c9loge de Renegade Beauty<\/h3>\n<p>Qu&rsquo;est-ce que la beaut\u00e9? Nous avons tous le sentiment qu&rsquo;une red\u00e9finition s&rsquo;impose, mais les pionniers de ce changement pourraient venir d&rsquo;un milieu surprenant. C&rsquo;est l&rsquo;intersection de la science et de la spiritualit\u00e9, un front d&rsquo;avant-garde du changement qui nous transformera de l&rsquo;int\u00e9rieur en nous laissant le sentiment d&rsquo;\u00eatre nourris, entiers et enfin bien dans notre peau. Renegade Beauty est un guide sur ce nouveau terrain, avec une feuille de route personnelle pour votre propre exp\u00e9rience de la beaut\u00e9, du pratique \u00e0 l&rsquo;\u00e9th\u00e9rique. Plus qu&rsquo;un simple livre de beaut\u00e9, il s&rsquo;agit de l&rsquo;un des guides les plus complets sur le nouveau paradigme de la sant\u00e9 et de la m\u00e9decine, qui comprend des conseils essentiels pour briser les mythes et les preuves pour une sant\u00e9 et un bien-\u00eatre v\u00e9ritables. Adepte et partisan de longue date des cr\u00e9ations alchimiques de Nadine, ce texte nous rappelle comment nous rendre exactement l\u00e0 o\u00f9 nous souhaitons le plus aller, c&rsquo;est-\u00e0-dire chez nous, dans le r\u00e9seau de merveilles qu&rsquo;est le monde naturel. Ce livre s&rsquo;est hiss\u00e9 au sommet de ma liste pour l&rsquo;\u00e9veil de la vitalit\u00e9 et l&rsquo;auto-gu\u00e9rison.<\/p>\n<p>&#8211; <strong>KELLY BROGAN<\/strong>, psychiatre holistique et auteur du best-seller du NY Times, A Mind of Your Own (Un esprit qui vous est propre)<\/p>\n<p>\u00ab\u00a0Renegade Beauty m&rsquo;a r\u00e9v\u00e9l\u00e9 que mon corps gu\u00e9rira &#8211; et s&#8217;embellira &#8211; si j&rsquo;arr\u00eate de court-circuiter son pouvoir avec des produits chimiques et des solutions rapides. L&rsquo;industrie de la beaut\u00e9 est une industrie d\u00e9responsabilisante (et toxique). Le type de connaissances de Nadine est la lotion et la potion que nous devons appliquer.\u00a0\u00bb<\/p>\n<p>&#8211;<strong>Danielle Laporte<\/strong>, auteur de The Desire Map et White Hot Truth.<\/p>\n<p>\u00ab\u00a0Nadine Artemis est mon mentor en mati\u00e8re d&rsquo;huiles essentielles depuis que j&rsquo;ai 19 ans. C&rsquo;est une savante alchimiste dont les enseignements sont sur les lignes de front du mouvement de self-care. Je recommande ses produits et ses enseignements de service visionnaire profond \u00e0 tous et \u00e0 chacun.\u00a0\u00bb<\/p>\n<p>&#8211;<strong>ALANIS MORISSETTE<\/strong><\/p>\n<p>\u00ab\u00a0Renegade Beauty d\u00e9montre po\u00e9tiquement la d\u00e9votion de Nadine \u00e0 glorifier la vraie beaut\u00e9 &#8211; notre beaut\u00e9 int\u00e9rieure &#8211; et explore les fa\u00e7ons dont nous pouvons nous harmoniser avec les dons de gu\u00e9rison et les rythmes naturel de la nature. Un livre magnifique et unique qui offre bien plus que la routine de beaut\u00e9 \u00e0 laquelle on pourrait s&rsquo;attendre!\u00a0\u00bb<\/p>\n<p>&#8211;<strong>ANTHONY WILLIAM<\/strong>, auteur de Medical Medium: Secrets Behind Chronic et Mystery Illness et How to Finally Heal<\/p>\n<p>\u00ab\u00a0Le simple fait de lire Renegade Beauty m&rsquo;a permis de me sentir plus belle. Le style scientifique et po\u00e9tique de Nadine est \u00e0 la hauteur de la somptueuse abondance de la nature qu&rsquo;elle vante pour la restaurer. J&rsquo;ai ador\u00e9 lire sur la beaut\u00e9 du point de vue de Nadine.\u00a0\u00bb<\/p>\n<p>&#8211;<strong>CAROL ALT<\/strong>, d\u00e9fenseur de la sant\u00e9, acteur, animateur de Fox News, top model et auteur de A Healthy You.<\/p>\n<p>La v\u00e9rit\u00e9 vous rendra libre. Cherche et tu trouveras&#8230; Ce sont des v\u00e9rit\u00e9s universelles qui r\u00e9sistent \u00e0 l&rsquo;\u00e9preuve du temps. Et ces vertus, il me semble, sont au c\u0153ur de ce que signifient ces mots \u00ab\u00a0Renegade Beauty\u00a0\u00bb.<\/p>\n<p>La recherche de la vitalit\u00e9 passe par une \u00e9coute profonde. Nous \u00e9puisons rapidement nos r\u00e9serves de jeunesse, car peu d&rsquo;entre nous ont appris \u00e0 les reconstituer. La perte de cette \u00e9nergie vitale est la cl\u00e9 pour savoir si nous vivons une vie inspir\u00e9e. (Il faut avoir de l&rsquo;endurance pour poursuivre ce que l&rsquo;on ose imaginer).<\/p>\n<p>La nature a toujours \u00e9t\u00e9 mon professeur, alors se tourner vers son intelligence divine comme source de ma gu\u00e9rison, de ma puissance renouvel\u00e9e et de mon pouvoir durable est tout simplement logique. Tout autour de nous, nous voyons ce qu&rsquo;il adviendra de nous: la vieillesse, la maladie, la mort&#8230; C&rsquo;est mim\u00e9 dans la nature tout autour de nous. Aucune fleur ne reste \u00e9ternellement en pleine floraison. Le fl\u00e9au arrive pour nous tous. Merci, Nadine, de partager g\u00e9n\u00e9reusement avec nous la passion de votre vie. Nous guider et nous rappeler ce que nous savons \u00eatre vrai. Elle ne s&rsquo;appelle pas M\u00e8re Nature pour rien. Elle est ce dont nous sommes faits. Par cons\u00e9quent, c&rsquo;est elle qui peut nous gu\u00e9rir.<\/p>\n<p>La beaut\u00e9 que l&rsquo;on recherche EST le cadeau rendu par la vitalit\u00e9 v\u00e9cue dans la poursuite de ces v\u00e9rit\u00e9s.<\/p>\n<p>Reste assoiff\u00e9 &#8211; et laisse-les se d\u00e9verser sur toi. Il n&rsquo;y a pas de chemin vers la paix; la paix est le chemin.<\/p>\n<p><strong>-LISA BONET ~ LILAKOI MOON<\/strong><\/p>\n<p>\u00ab\u00a0Enfin! La v\u00e9rit\u00e9 sur la beaut\u00e9 et les soins de la peau par une personne que j&rsquo;aime et en qui j&rsquo;ai confiance, et dont le livre sera une bible sur l&rsquo;\u00e9tag\u00e8re de mes trois filles.<\/p>\n<p>Je suis tr\u00e8s enthousiaste \u00e0 l&rsquo;id\u00e9e que ce livre aura un impact positif sur les futures g\u00e9n\u00e9rations de jeunes filles et de femmes qui prennent conscience, de plus en plus t\u00f4t dans leur vie, de l&rsquo;importance que la soci\u00e9t\u00e9 accorde \u00e0 l&rsquo;apparence et \u00e0 la beaut\u00e9. Les connaissances de Nadine et sa profonde sagesse sur le corps et ce qui cr\u00e9e VRAIMENT la beaut\u00e9 sont \u00e9videntes et seront un soulagement pour les femmes du monde entier. Et les jeunes femmes seront arm\u00e9es de connaissances sur ce qu&rsquo;il faut \u00e9viter et ce qu&rsquo;il faut embrasser, le tout avec la beaut\u00e9 po\u00e9tique qui jaillit du c\u0153ur de cette femme magique.\u00a0\u00bb<\/p>\n<p>&#8211; <strong>MUNEEZA AHMED<\/strong>, m\u00e9decin intuitif, coach en nutrition et bien-\u00eatre \u00e9motionnel.<\/p>\n<p>Livre de poche: 448 pages<br \/>\n\u00c9diteur: North Atlantic Books (14 nov. 2017)<br \/>\nLangue: Anglais<br \/>\nISBN-10: 1583949690<br \/>\nISBN-13: 978-1583949696<br \/>\nDimensions du produit: 15,5 x 2,3 x 23,1 cm<br \/>\nPoids d&rsquo;exp\u00e9dition: 835 g<\/p>\n<p><img fetchpriority=\"high\" decoding=\"async\" class=\"size-full wp-image-31577 aligncenter\" src=\"https:\/\/dutchhealthstore.com\/wp-content\/uploads\/2018\/03\/organic_big.png\" alt=\"Organic and Natural - Living Libations\" width=\"623\" height=\"103\" srcset=\"https:\/\/dutchhealthstore.com\/wp-content\/uploads\/2018\/03\/organic_big.png 623w, https:\/\/dutchhealthstore.com\/wp-content\/uploads\/2018\/03\/organic_big-510x84.png 510w, https:\/\/dutchhealthstore.com\/wp-content\/uploads\/2018\/03\/organic_big-600x99.png 600w, https:\/\/dutchhealthstore.com\/wp-content\/uploads\/2018\/03\/organic_big-350x58.png 350w\" sizes=\"(max-width: 623px) 100vw, 623px\" \/><\/p>\n","protected":false},"excerpt":{"rendered":"<p><b><strong>Repensez les notions conventionnelles de beaut\u00e9 et de bien-\u00eatre, abandonnez les r\u00e9gimes \u00e9labor\u00e9s et les produits synth\u00e9tiques, et r\u00e9v\u00e9lez votre beaut\u00e9 ren\u00e9gate.<\/strong><\/b><\/p>\n<p>Dans ce guide essentiel, Nadine Artemis pr\u00e9sente aux lecteurs le concept de beaut\u00e9 ren\u00e9gate &#8211; l&rsquo;art d&rsquo;en faire moins et de laisser les \u00e9l\u00e9ments et la force vitale de la nature raviver le corps, la peau et l&rsquo;\u00e2me afin que notre rayonnement naturel puisse briller.<\/p>\n<p>Tous ceux qui sont coinc\u00e9s dans des boucles perp\u00e9tuelles de nouveaux produits, de soins du visage et de rendez-vous chez le dermatologue trouveront des r\u00e9ponses dans l&rsquo;illustration par Artemis des \u00e9l\u00e9ments \u00e9nergisants que sont le soleil, l&rsquo;air frais, l&rsquo;eau, la terre et les plantes.<\/p>\n<p>Ce livre est une ressource compl\u00e8te pour tous ceux qui veulent simplifier leurs soins personnels, prendre leur sant\u00e9 en main et d\u00e9couvrir leur propre beaut\u00e9 rayonnante.<\/p>\n","protected":false},"featured_media":30549,"comment_status":"open","ping_status":"closed","template":"","meta":[],"product_brand":[],"product_cat":[14733,1134,1211,1209,1030,1010,1033],"product_tag":[21534,21438,21516],"class_list":{"0":"post-121139","1":"product","2":"type-product","3":"status-publish","4":"has-post-thumbnail","6":"product_cat-soins-de-la-peau","7":"product_cat-accessoires-visage","8":"product_cat-living-libations-france","9":"product_cat-par-marques","10":"product_cat-par-produits","11":"product_cat-notre-boutique","12":"product_cat-body-care-fr","13":"product_tag-lesprit","14":"product_tag-outils","15":"product_tag-sante-optimale","16":"pa_brand-livinglibations-fr","17":"pa_dental-care-product-type-other-tools-fr","18":"pa_skincare-type-tools-fr","20":"first","21":"instock","22":"taxable","23":"shipping-taxable","24":"purchasable","25":"product-type-simple"},"bundled_by":[],"bundle_stock_status":"instock","bundle_stock_quantity":1,"bundle_virtual":false,"bundle_layout":"","bundle_add_to_cart_form_location":"","bundle_editable_in_cart":false,"bundle_sold_individually_context":"","bundle_item_grouping":"","bundle_min_size":"","bundle_max_size":"","bundle_price":[],"bundled_items":[],"bundle_sell_ids":[104297],"atum_controlled":true,"out_stock_date":null,"out_stock_threshold":null,"inheritable":false,"stock_on_hold":0,"sold_today":0,"sales_last_days":0,"out_stock_days":0,"lost_sales":0,"update_date":"2026-04-07T13:50:55","atum_locations":[],"atum_stock_status":"instock","restock_status":false,"low_stock_amount":0,"sales_update_date":"2026-04-07T13:50:55","calc_backorders":null,"group_of_quantity":0,"min_quantity":0,"max_quantity":"","exclude_order_quantity_value_rules":"no","exclude_category_quantity_rules":"no","combine_variations":"no","yoast_head":"<!-- This site is optimized with the Yoast SEO Premium plugin v26.5 (Yoast SEO v26.5) - https:\/\/yoast.com\/wordpress\/plugins\/seo\/ -->\n<title>Renegade Beauty | Nadine Artemis | Living Libations<\/title>\n<meta name=\"description\" content=\"Repensez les notions conventionnelles de beaut\u00e9 et de bien-\u00eatre, abandonnez les r\u00e9gimes \u00e9labor\u00e9s et les produits synth\u00e9tiques, et r\u00e9v\u00e9lez votre beaut\u00e9 ren\u00e9gate.\" \/>\n<meta name=\"robots\" content=\"index, follow, max-snippet:-1, max-image-preview:large, max-video-preview:-1\" \/>\n<link rel=\"canonical\" href=\"https:\/\/dutchhealthstore.com\/fr\/product\/renegade-beauty\/\" \/>\n<meta property=\"og:locale\" content=\"fr_FR\" \/>\n<meta property=\"og:type\" content=\"article\" \/>\n<meta property=\"og:title\" content=\"Renegade Beauty: Reveal and Revive Your Natural Radiance - Beauty Secrets, Solutions, and Preparations - Dutch Health Store\" \/>\n<meta property=\"og:description\" content=\"Repensez les notions conventionnelles de beaut\u00e9 et de bien-\u00eatre, abandonnez les r\u00e9gimes \u00e9labor\u00e9s et les produits synth\u00e9tiques, et r\u00e9v\u00e9lez votre beaut\u00e9 ren\u00e9gate.\" \/>\n<meta property=\"og:url\" content=\"https:\/\/dutchhealthstore.com\/fr\/product\/renegade-beauty\/\" \/>\n<meta property=\"og:site_name\" content=\"Dutch Health Store\" \/>\n<meta property=\"article:publisher\" content=\"https:\/\/www.instagram.com\/dutchhealthstore\/\" \/>\n<meta property=\"article:modified_time\" content=\"2025-01-31T19:48:22+00:00\" \/>\n<meta property=\"og:image\" content=\"https:\/\/dutchhealthstore.com\/wp-content\/uploads\/2018\/02\/Renegade_Beauty_Nadine_Artemis.jpg\" \/>\n\t<meta property=\"og:image:width\" content=\"648\" \/>\n\t<meta property=\"og:image:height\" content=\"648\" \/>\n\t<meta property=\"og:image:type\" content=\"image\/jpeg\" \/>\n<meta name=\"twitter:card\" content=\"summary_large_image\" \/>\n<meta name=\"twitter:label1\" content=\"Prix\" \/>\n\t<meta name=\"twitter:data1\" content=\"&euro;33,00\" \/>\n\t<meta name=\"twitter:label2\" content=\"Disponibilit\u00e9\" \/>\n\t<meta name=\"twitter:data2\" content=\"En stock\" \/>\n<script type=\"application\/ld+json\" class=\"yoast-schema-graph\">{\"@context\":\"https:\/\/schema.org\",\"@graph\":[{\"@type\":\"WebPage\",\"@id\":\"https:\/\/dutchhealthstore.com\/fr\/product\/renegade-beauty\/\",\"url\":\"https:\/\/dutchhealthstore.com\/fr\/product\/renegade-beauty\/\",\"name\":\"Renegade Beauty | Nadine Artemis | Living Libations\",\"isPartOf\":{\"@id\":\"https:\/\/dutchhealthstore.com\/fr\/#website\"},\"primaryImageOfPage\":{\"@id\":\"https:\/\/dutchhealthstore.com\/fr\/product\/renegade-beauty\/#primaryimage\"},\"image\":{\"@id\":\"https:\/\/dutchhealthstore.com\/fr\/product\/renegade-beauty\/#primaryimage\"},\"thumbnailUrl\":\"https:\/\/dutchhealthstore.com\/wp-content\/uploads\/2018\/02\/Renegade_Beauty_Nadine_Artemis.jpg\",\"datePublished\":\"2018-02-10T21:32:25+00:00\",\"dateModified\":\"2025-01-31T19:48:22+00:00\",\"description\":\"Repensez les notions conventionnelles de beaut\u00e9 et de bien-\u00eatre, abandonnez les r\u00e9gimes \u00e9labor\u00e9s et les produits synth\u00e9tiques, et r\u00e9v\u00e9lez votre beaut\u00e9 ren\u00e9gate.\",\"breadcrumb\":{\"@id\":\"https:\/\/dutchhealthstore.com\/fr\/product\/renegade-beauty\/#breadcrumb\"},\"inLanguage\":\"fr-FR\",\"potentialAction\":[{\"@type\":\"ReadAction\",\"target\":[\"https:\/\/dutchhealthstore.com\/fr\/product\/renegade-beauty\/\"]}]},{\"@type\":\"ImageObject\",\"inLanguage\":\"fr-FR\",\"@id\":\"https:\/\/dutchhealthstore.com\/fr\/product\/renegade-beauty\/#primaryimage\",\"url\":\"https:\/\/dutchhealthstore.com\/wp-content\/uploads\/2018\/02\/Renegade_Beauty_Nadine_Artemis.jpg\",\"contentUrl\":\"https:\/\/dutchhealthstore.com\/wp-content\/uploads\/2018\/02\/Renegade_Beauty_Nadine_Artemis.jpg\",\"width\":648,\"height\":648,\"caption\":\"Renegade Beauty - Nadine Artemis | Living Libations\"},{\"@type\":\"BreadcrumbList\",\"@id\":\"https:\/\/dutchhealthstore.com\/fr\/product\/renegade-beauty\/#breadcrumb\",\"itemListElement\":[{\"@type\":\"ListItem\",\"position\":1,\"name\":\"Home\",\"item\":\"https:\/\/dutchhealthstore.com\/fr\/\"},{\"@type\":\"ListItem\",\"position\":2,\"name\":\"Shop\",\"item\":\"https:\/\/dutchhealthstore.com\/fr\/shop\/\"},{\"@type\":\"ListItem\",\"position\":3,\"name\":\"Renegade Beauty: Reveal and Revive Your Natural Radiance &#8211; Beauty Secrets, Solutions, and Preparations\"}]},{\"@type\":\"WebSite\",\"@id\":\"https:\/\/dutchhealthstore.com\/fr\/#website\",\"url\":\"https:\/\/dutchhealthstore.com\/fr\/\",\"name\":\"Dutch Health Store\",\"description\":\"Enhance Your Beauty with Organic &amp; Natural Skincare\",\"publisher\":{\"@id\":\"https:\/\/dutchhealthstore.com\/fr\/#organization\"},\"potentialAction\":[{\"@type\":\"SearchAction\",\"target\":{\"@type\":\"EntryPoint\",\"urlTemplate\":\"https:\/\/dutchhealthstore.com\/fr\/?s={search_term_string}\"},\"query-input\":{\"@type\":\"PropertyValueSpecification\",\"valueRequired\":true,\"valueName\":\"search_term_string\"}}],\"inLanguage\":\"fr-FR\"},{\"@type\":\"Organization\",\"@id\":\"https:\/\/dutchhealthstore.com\/fr\/#organization\",\"name\":\"Dutch Health Store\",\"url\":\"https:\/\/dutchhealthstore.com\/fr\/\",\"logo\":{\"@type\":\"ImageObject\",\"inLanguage\":\"fr-FR\",\"@id\":\"https:\/\/dutchhealthstore.com\/fr\/#\/schema\/logo\/image\/\",\"url\":\"https:\/\/dutchhealthstore.com\/wp-content\/uploads\/2020\/08\/logo-dutchhealthstore-jpg-e1599484957574.jpg\",\"contentUrl\":\"https:\/\/dutchhealthstore.com\/wp-content\/uploads\/2020\/08\/logo-dutchhealthstore-jpg-e1599484957574.jpg\",\"width\":400,\"height\":62,\"caption\":\"Dutch Health Store\"},\"image\":{\"@id\":\"https:\/\/dutchhealthstore.com\/fr\/#\/schema\/logo\/image\/\"},\"sameAs\":[\"https:\/\/www.instagram.com\/dutchhealthstore\/\",\"https:\/\/www.facebook.com\/dutchhealthstore\"]}]}<\/script>\n<meta property=\"product:brand\" content=\"Living Libations\" \/>\n<meta property=\"product:price:amount\" content=\"33.00\" \/>\n<meta property=\"product:price:currency\" content=\"EUR\" \/>\n<meta property=\"og:availability\" content=\"instock\" \/>\n<meta property=\"product:availability\" content=\"instock\" \/>\n<meta property=\"product:condition\" content=\"new\" \/>\n<!-- \/ Yoast SEO Premium plugin. -->","yoast_head_json":{"title":"Renegade Beauty | Nadine Artemis | Living Libations","description":"Repensez les notions conventionnelles de beaut\u00e9 et de bien-\u00eatre, abandonnez les r\u00e9gimes \u00e9labor\u00e9s et les produits synth\u00e9tiques, et r\u00e9v\u00e9lez votre beaut\u00e9 ren\u00e9gate.","robots":{"index":"index","follow":"follow","max-snippet":"max-snippet:-1","max-image-preview":"max-image-preview:large","max-video-preview":"max-video-preview:-1"},"canonical":"https:\/\/dutchhealthstore.com\/fr\/product\/renegade-beauty\/","og_locale":"fr_FR","og_type":"article","og_title":"Renegade Beauty: Reveal and Revive Your Natural Radiance - Beauty Secrets, Solutions, and Preparations - Dutch Health Store","og_description":"Repensez les notions conventionnelles de beaut\u00e9 et de bien-\u00eatre, abandonnez les r\u00e9gimes \u00e9labor\u00e9s et les produits synth\u00e9tiques, et r\u00e9v\u00e9lez votre beaut\u00e9 ren\u00e9gate.","og_url":"https:\/\/dutchhealthstore.com\/fr\/product\/renegade-beauty\/","og_site_name":"Dutch Health Store","article_publisher":"https:\/\/www.instagram.com\/dutchhealthstore\/","article_modified_time":"2025-01-31T19:48:22+00:00","og_image":[{"width":648,"height":648,"url":"https:\/\/dutchhealthstore.com\/wp-content\/uploads\/2018\/02\/Renegade_Beauty_Nadine_Artemis.jpg","type":"image\/jpeg"}],"twitter_card":"summary_large_image","twitter_misc":{"Prix":"&euro;33,00","Disponibilit\u00e9":"En stock"},"schema":{"@context":"https:\/\/schema.org","@graph":[{"@type":"WebPage","@id":"https:\/\/dutchhealthstore.com\/fr\/product\/renegade-beauty\/","url":"https:\/\/dutchhealthstore.com\/fr\/product\/renegade-beauty\/","name":"Renegade Beauty | Nadine Artemis | Living Libations","isPartOf":{"@id":"https:\/\/dutchhealthstore.com\/fr\/#website"},"primaryImageOfPage":{"@id":"https:\/\/dutchhealthstore.com\/fr\/product\/renegade-beauty\/#primaryimage"},"image":{"@id":"https:\/\/dutchhealthstore.com\/fr\/product\/renegade-beauty\/#primaryimage"},"thumbnailUrl":"https:\/\/dutchhealthstore.com\/wp-content\/uploads\/2018\/02\/Renegade_Beauty_Nadine_Artemis.jpg","datePublished":"2018-02-10T21:32:25+00:00","dateModified":"2025-01-31T19:48:22+00:00","description":"Repensez les notions conventionnelles de beaut\u00e9 et de bien-\u00eatre, abandonnez les r\u00e9gimes \u00e9labor\u00e9s et les produits synth\u00e9tiques, et r\u00e9v\u00e9lez votre beaut\u00e9 ren\u00e9gate.","breadcrumb":{"@id":"https:\/\/dutchhealthstore.com\/fr\/product\/renegade-beauty\/#breadcrumb"},"inLanguage":"fr-FR","potentialAction":[{"@type":"ReadAction","target":["https:\/\/dutchhealthstore.com\/fr\/product\/renegade-beauty\/"]}]},{"@type":"ImageObject","inLanguage":"fr-FR","@id":"https:\/\/dutchhealthstore.com\/fr\/product\/renegade-beauty\/#primaryimage","url":"https:\/\/dutchhealthstore.com\/wp-content\/uploads\/2018\/02\/Renegade_Beauty_Nadine_Artemis.jpg","contentUrl":"https:\/\/dutchhealthstore.com\/wp-content\/uploads\/2018\/02\/Renegade_Beauty_Nadine_Artemis.jpg","width":648,"height":648,"caption":"Renegade Beauty - Nadine Artemis | Living Libations"},{"@type":"BreadcrumbList","@id":"https:\/\/dutchhealthstore.com\/fr\/product\/renegade-beauty\/#breadcrumb","itemListElement":[{"@type":"ListItem","position":1,"name":"Home","item":"https:\/\/dutchhealthstore.com\/fr\/"},{"@type":"ListItem","position":2,"name":"Shop","item":"https:\/\/dutchhealthstore.com\/fr\/shop\/"},{"@type":"ListItem","position":3,"name":"Renegade Beauty: Reveal and Revive Your Natural Radiance &#8211; Beauty Secrets, Solutions, and Preparations"}]},{"@type":"WebSite","@id":"https:\/\/dutchhealthstore.com\/fr\/#website","url":"https:\/\/dutchhealthstore.com\/fr\/","name":"Dutch Health Store","description":"Enhance Your Beauty with Organic &amp; Natural Skincare","publisher":{"@id":"https:\/\/dutchhealthstore.com\/fr\/#organization"},"potentialAction":[{"@type":"SearchAction","target":{"@type":"EntryPoint","urlTemplate":"https:\/\/dutchhealthstore.com\/fr\/?s={search_term_string}"},"query-input":{"@type":"PropertyValueSpecification","valueRequired":true,"valueName":"search_term_string"}}],"inLanguage":"fr-FR"},{"@type":"Organization","@id":"https:\/\/dutchhealthstore.com\/fr\/#organization","name":"Dutch Health Store","url":"https:\/\/dutchhealthstore.com\/fr\/","logo":{"@type":"ImageObject","inLanguage":"fr-FR","@id":"https:\/\/dutchhealthstore.com\/fr\/#\/schema\/logo\/image\/","url":"https:\/\/dutchhealthstore.com\/wp-content\/uploads\/2020\/08\/logo-dutchhealthstore-jpg-e1599484957574.jpg","contentUrl":"https:\/\/dutchhealthstore.com\/wp-content\/uploads\/2020\/08\/logo-dutchhealthstore-jpg-e1599484957574.jpg","width":400,"height":62,"caption":"Dutch Health Store"},"image":{"@id":"https:\/\/dutchhealthstore.com\/fr\/#\/schema\/logo\/image\/"},"sameAs":["https:\/\/www.instagram.com\/dutchhealthstore\/","https:\/\/www.facebook.com\/dutchhealthstore"]}]},"product_brand":"Living Libations","product_price_amount":"33.00","product_price_currency":"EUR","og_availability":"instock","product_availability":"instock","product_condition":"new"},"_links":{"self":[{"href":"https:\/\/dutchhealthstore.com\/fr\/wp-json\/wp\/v2\/product\/121139","targetHints":{"allow":["GET"]}}],"collection":[{"href":"https:\/\/dutchhealthstore.com\/fr\/wp-json\/wp\/v2\/product"}],"about":[{"href":"https:\/\/dutchhealthstore.com\/fr\/wp-json\/wp\/v2\/types\/product"}],"replies":[{"embeddable":true,"href":"https:\/\/dutchhealthstore.com\/fr\/wp-json\/wp\/v2\/comments?post=121139"}],"wp:featuredmedia":[{"embeddable":true,"href":"https:\/\/dutchhealthstore.com\/fr\/wp-json\/wp\/v2\/media\/30549"}],"wp:attachment":[{"href":"https:\/\/dutchhealthstore.com\/fr\/wp-json\/wp\/v2\/media?parent=121139"}],"wp:term":[{"taxonomy":"product_brand","embeddable":true,"href":"https:\/\/dutchhealthstore.com\/fr\/wp-json\/wp\/v2\/product_brand?post=121139"},{"taxonomy":"product_cat","embeddable":true,"href":"https:\/\/dutchhealthstore.com\/fr\/wp-json\/wp\/v2\/product_cat?post=121139"},{"taxonomy":"product_tag","embeddable":true,"href":"https:\/\/dutchhealthstore.com\/fr\/wp-json\/wp\/v2\/product_tag?post=121139"}],"curies":[{"name":"wp","href":"https:\/\/api.w.org\/{rel}","templated":true}]}}