{"id":120677,"date":"2020-07-07T08:50:08","date_gmt":"2020-07-07T06:50:08","guid":{"rendered":"https:\/\/dutchhealthstore.com\/product\/marjoram-essential-oil\/"},"modified":"2025-10-28T10:56:09","modified_gmt":"2025-10-28T09:56:09","slug":"marjoram-essential-oil","status":"publish","type":"product","link":"https:\/\/dutchhealthstore.com\/fr\/product\/marjoram-essential-oil\/","title":{"rendered":"Marjoram Essential Oil"},"content":{"rendered":"<p><strong><img decoding=\"async\" class=\"size-full wp-image-69549 alignright\" src=\"https:\/\/dutchhealthstore.com\/wp-content\/uploads\/2019\/08\/NEW-Living-Libations-Logo.jpg\" alt=\"NEW - Living Libations - Logo\" width=\"175\" height=\"82\">Nom botanique:<\/strong> Origanum marjorana<br \/>\n<strong>Famille botanique:<\/strong> Lamiaceae<br \/>\n<strong>M\u00e9thode d&rsquo;extraction:<\/strong> Distillation \u00e0 la vapeur<br \/>\n<strong>Partie de la plante distill\u00e9e:<\/strong> Parties a\u00e9riennes, fleurs<br \/>\n<strong>Pays d&rsquo;origine:<\/strong> \u00c9gypte<br \/>\n<strong>M\u00e9thode de culture:<\/strong> Organique<br \/>\n<strong>Composition:<\/strong> 100% Origanum marjorana<br \/>\n<strong>Coh\u00e9rence:<\/strong> Mince<\/p>\n<h3>Description de l&rsquo;odeur<\/h3>\n<p>Chaud et doucement herbac\u00e9 avec des notes de camphre et d&rsquo;agrumes.<\/p>\n<h3>Dans Living Libations<\/h3>\n<p>Sweet Sleep Serum<\/p>\n<h3>Se marie bien avec<\/h3>\n<p>Lavande, camomille, nard, encens, bergamote, vanille, sauge sclar\u00e9e, sauge, citron, hysope, ravensara, mandarine et c\u00e8dre rouge.<\/p>\n<a href=\"https:\/\/dutchhealthstore.com\/wp-content\/uploads\/2020\/07\/ANALYSIS-Marjoram-Essential-Oil-Living-Libations.pdf\" class=\"button primary is-primary is-small\"  >\n\t\t<span>ANALYSE DES HUILES ESSENTIELLES &gt;<\/span>\n\t<\/a>\n\n<h3>Utilisations<\/h3>\n<p>Bains bienfaisants avant le coucher et onctions pour un sommeil profond et plus doux. Diluer avec du jojoba ou un Best Skin Ever et masser les muscles et les m\u00e9langes de la lune. Les nerfs des nids. Charismatique dans les eaux de Cologne de foin, de bergamote et de romarin. Adorable sur les draps et les oreillers. Diffusez et inhalez pour un effet relaxant et aromatique.<\/p>\n<p>Connue sous le nom de marjolaine douce ou nou\u00e9e, les Grecs avaient l&rsquo;habitude d&rsquo;offrir cette plante en cadeau de mariage aux nouveaux couples pour leur assurer chance et prosp\u00e9rit\u00e9. \u00c0 l&rsquo;\u00e9poque de Shakespeare, le parfum doux et herbac\u00e9 de la marjolaine \u00e9tait utilis\u00e9 pour masquer les odeurs m\u00e9phitiques dans les maisons.<\/p>\n<p>Marjoram Essential Oil, qui fait fondre les muscles et l&rsquo;humeur, est une huile classique pour votre cabinet d&rsquo;aromath\u00e9rapie &#8211; aucune autre huile ne calme la tension comme cette essence.<\/p>\n<p><strong>Taille: 5 ml, 15 ml et 30 ml<\/strong><\/p>\n<h3>Ingr\u00e9dients Biologiques<\/h3>\n<p>100% huile essentielle de marjolaine (Origanum marjorana).<\/p>\n<p style=\"text-align: center;\">\u00ab\u00a0La marjolaine aide ceux qui se sentent \u00e9motionnellement instables ou qui sont sujets \u00e0 l&rsquo;hyst\u00e9rie, \u00e0 la d\u00e9pression, au choc ou \u00e0 l&rsquo;irritabilit\u00e9, notamment en raison d&rsquo;un stimulus ext\u00e9rieur. Les vieux textes disent qu&rsquo;elle agit si bien que son usage excessif endort les \u00e9motions.\u00a0\u00bb<br \/>\n~ Kathi Keville et Mindy Green, <strong>Aromatherapy: A Complete Guide to the Art<\/strong><\/p>\n<p style=\"text-align: center;\">\u00ab\u00a0Voici des fleurs pour vous: lavande chaude, menthe, sarriette, marjolaine.\u00a0\u00bb<br \/>\n~ William Shakespeare<\/p>\n<p style=\"text-align: center;\">\u00ab\u00a0L&rsquo;huile essentielle de marjolaine est un tr\u00e8s bon relaxant pendant le travail. Alors que j&rsquo;accouchais de notre b\u00e9b\u00e9, Ron, mon compagnon, m&rsquo;a mass\u00e9 une dilution de 10% de marjolaine et de lavande dans de l&rsquo;huile de jojoba sur mon dos juste dans la r\u00e9gion pelvienne en faisant des cercles rythm\u00e9s. C&rsquo;\u00e9tait un alli\u00e9 formidable!\u00a0\u00bb<br \/>\n~ Nadine Artemis, <strong>Renegade Beauty<\/strong><\/p>\n<p style=\"text-align: center;\">Dioscordes lui-m\u00eame fabriquait une pommade appel\u00e9e &lsquo;amaricimum&rsquo; avec de la marjolaine&#8230; tandis que Th\u00e9ophraste \u00e9crivait un r\u00e9cit int\u00e9ressant sur son utilisation en parfumerie, car elle avait l&rsquo;odeur durable que les femmes recherchaient.\u00a0\u00bb<br \/>\n~ Julia Lawless, <strong>Aromatherapy and the Mind<\/strong><\/p>\n<p><img fetchpriority=\"high\" decoding=\"async\" class=\"size-medium wp-image-68103 aligncenter\" src=\"https:\/\/dutchhealthstore.com\/wp-content\/uploads\/2018\/02\/Living-Libations-Organic-Logo-800x89.png\" alt=\"Living Libations - Organic Logo\" width=\"800\" height=\"89\" srcset=\"https:\/\/dutchhealthstore.com\/wp-content\/uploads\/2018\/02\/Living-Libations-Organic-Logo-800x89.png 800w, https:\/\/dutchhealthstore.com\/wp-content\/uploads\/2018\/02\/Living-Libations-Organic-Logo-510x57.png 510w, https:\/\/dutchhealthstore.com\/wp-content\/uploads\/2018\/02\/Living-Libations-Organic-Logo-768x85.png 768w, https:\/\/dutchhealthstore.com\/wp-content\/uploads\/2018\/02\/Living-Libations-Organic-Logo.png 1400w\" sizes=\"(max-width: 800px) 100vw, 800px\" \/><\/p>\n","protected":false},"excerpt":{"rendered":"<p><strong>Marjoram Essential Oil<\/strong> douce est un ancien alli\u00e9 pour purifier le corps, l&rsquo;esprit et l&rsquo;\u00e2me depuis les temps bibliques.<br \/>\nDistill\u00e9 \u00e0 la vapeur pour capturer l&rsquo;ar\u00f4me calme, chaud et p\u00e9n\u00e9trant de cette herbe puissante.<br \/>\nLa marjolaine est un grand adoucisseur de muscles, un adoucisseur d&rsquo;esprits et un adoucisseur de c\u0153urs.<\/p>\n","protected":false},"featured_media":111774,"comment_status":"open","ping_status":"closed","template":"","meta":[],"product_brand":[],"product_cat":[6734,1507,1211,1209,3757,6733],"product_tag":[4495],"class_list":{"0":"post-120677","1":"product","2":"type-product","3":"status-publish","4":"has-post-thumbnail","6":"product_cat-essential-oils","7":"product_cat-plantes-huiles-essentielles-living-libations","8":"product_cat-living-libations-france","9":"product_cat-par-marques","10":"product_cat-plantes-huiles-essentielles","11":"product_cat-wellness-fr-2","12":"product_tag-essential-oil-fr","13":"pa_brand-livinglibations-fr","14":"pa_essential-oils-product-type-essential-oils-fr","15":"pa_size-15-ml-fr","16":"pa_size-30-ml-fr","17":"pa_size-5-ml-fr","19":"first","20":"instock","21":"taxable","22":"shipping-taxable","23":"purchasable","24":"product-type-variable"},"bundled_by":[],"bundle_stock_status":"instock","bundle_stock_quantity":null,"bundle_virtual":false,"bundle_layout":"","bundle_add_to_cart_form_location":"","bundle_editable_in_cart":false,"bundle_sold_individually_context":"","bundle_item_grouping":"","bundle_min_size":"","bundle_max_size":"","bundle_price":[],"bundled_items":[],"bundle_sell_ids":[],"atum_controlled":true,"out_stock_date":null,"out_stock_threshold":null,"inheritable":true,"stock_on_hold":0,"sold_today":0,"sales_last_days":0,"out_stock_days":0,"lost_sales":0,"update_date":"2026-04-12T00:02:29","atum_locations":[],"atum_stock_status":"instock","restock_status":false,"low_stock_amount":"","sales_update_date":"2026-04-12T00:02:29","calc_backorders":null,"group_of_quantity":0,"min_quantity":0,"max_quantity":"","exclude_order_quantity_value_rules":"no","exclude_category_quantity_rules":"no","combine_variations":"no","yoast_head":"<!-- This site is optimized with the Yoast SEO Premium plugin v26.5 (Yoast SEO v26.5) - https:\/\/yoast.com\/wordpress\/plugins\/seo\/ -->\n<title>Marjoram Essential Oil | Living Libations<\/title>\n<meta name=\"description\" content=\"Marjoram Essential Oil douce est un ancien alli\u00e9 pour purifier le corps, l&#039;esprit et l&#039;\u00e2me depuis les temps bibliques. La marjolaine est un grand fonceur de muscles.\" \/>\n<meta name=\"robots\" content=\"index, follow, max-snippet:-1, max-image-preview:large, max-video-preview:-1\" \/>\n<link rel=\"canonical\" href=\"https:\/\/dutchhealthstore.com\/fr\/product\/marjoram-essential-oil\/\" \/>\n<meta property=\"og:locale\" content=\"fr_FR\" \/>\n<meta property=\"og:type\" content=\"article\" \/>\n<meta property=\"og:title\" content=\"Marjoram Essential Oil - Dutch Health Store\" \/>\n<meta property=\"og:description\" content=\"Marjoram Essential Oil douce est un ancien alli\u00e9 pour purifier le corps, l&#039;esprit et l&#039;\u00e2me depuis les temps bibliques. La marjolaine est un grand fonceur de muscles.\" \/>\n<meta property=\"og:url\" content=\"https:\/\/dutchhealthstore.com\/fr\/product\/marjoram-essential-oil\/\" \/>\n<meta property=\"og:site_name\" content=\"Dutch Health Store\" \/>\n<meta property=\"article:publisher\" content=\"https:\/\/www.instagram.com\/dutchhealthstore\/\" \/>\n<meta property=\"article:modified_time\" content=\"2025-10-28T09:56:09+00:00\" \/>\n<meta property=\"og:image\" content=\"https:\/\/dutchhealthstore.com\/wp-content\/uploads\/2020\/07\/Living-Libations-Marjoram-Essential-Oil-e1594111906160.jpg\" \/>\n\t<meta property=\"og:image:width\" content=\"500\" \/>\n\t<meta property=\"og:image:height\" content=\"500\" \/>\n\t<meta property=\"og:image:type\" content=\"image\/jpeg\" \/>\n<meta name=\"twitter:card\" content=\"summary_large_image\" \/>\n<meta name=\"twitter:label1\" content=\"Disponibilit\u00e9\" \/>\n\t<meta name=\"twitter:data1\" content=\"En stock\" \/>\n<script type=\"application\/ld+json\" class=\"yoast-schema-graph\">{\"@context\":\"https:\/\/schema.org\",\"@graph\":[{\"@type\":\"WebPage\",\"@id\":\"https:\/\/dutchhealthstore.com\/fr\/product\/marjoram-essential-oil\/\",\"url\":\"https:\/\/dutchhealthstore.com\/fr\/product\/marjoram-essential-oil\/\",\"name\":\"Marjoram Essential Oil | Living Libations\",\"isPartOf\":{\"@id\":\"https:\/\/dutchhealthstore.com\/fr\/#website\"},\"primaryImageOfPage\":{\"@id\":\"https:\/\/dutchhealthstore.com\/fr\/product\/marjoram-essential-oil\/#primaryimage\"},\"image\":{\"@id\":\"https:\/\/dutchhealthstore.com\/fr\/product\/marjoram-essential-oil\/#primaryimage\"},\"thumbnailUrl\":\"https:\/\/dutchhealthstore.com\/wp-content\/uploads\/2020\/07\/Living-Libations-Marjoram-Essential-Oil-e1594111906160.jpg\",\"datePublished\":\"2020-07-07T06:50:08+00:00\",\"dateModified\":\"2025-10-28T09:56:09+00:00\",\"description\":\"Marjoram Essential Oil douce est un ancien alli\u00e9 pour purifier le corps, l'esprit et l'\u00e2me depuis les temps bibliques. La marjolaine est un grand fonceur de muscles.\",\"breadcrumb\":{\"@id\":\"https:\/\/dutchhealthstore.com\/fr\/product\/marjoram-essential-oil\/#breadcrumb\"},\"inLanguage\":\"fr-FR\",\"potentialAction\":[{\"@type\":\"ReadAction\",\"target\":[\"https:\/\/dutchhealthstore.com\/fr\/product\/marjoram-essential-oil\/\"]}]},{\"@type\":\"ImageObject\",\"inLanguage\":\"fr-FR\",\"@id\":\"https:\/\/dutchhealthstore.com\/fr\/product\/marjoram-essential-oil\/#primaryimage\",\"url\":\"https:\/\/dutchhealthstore.com\/wp-content\/uploads\/2020\/07\/Living-Libations-Marjoram-Essential-Oil-e1594111906160.jpg\",\"contentUrl\":\"https:\/\/dutchhealthstore.com\/wp-content\/uploads\/2020\/07\/Living-Libations-Marjoram-Essential-Oil-e1594111906160.jpg\",\"width\":500,\"height\":500,\"caption\":\"Living Libations Marjoram Essential Oil\"},{\"@type\":\"BreadcrumbList\",\"@id\":\"https:\/\/dutchhealthstore.com\/fr\/product\/marjoram-essential-oil\/#breadcrumb\",\"itemListElement\":[{\"@type\":\"ListItem\",\"position\":1,\"name\":\"Home\",\"item\":\"https:\/\/dutchhealthstore.com\/fr\/\"},{\"@type\":\"ListItem\",\"position\":2,\"name\":\"Shop\",\"item\":\"https:\/\/dutchhealthstore.com\/fr\/shop\/\"},{\"@type\":\"ListItem\",\"position\":3,\"name\":\"Marjoram Essential Oil\"}]},{\"@type\":\"WebSite\",\"@id\":\"https:\/\/dutchhealthstore.com\/fr\/#website\",\"url\":\"https:\/\/dutchhealthstore.com\/fr\/\",\"name\":\"Dutch Health Store\",\"description\":\"Enhance Your Beauty with Organic &amp; Natural Skincare\",\"publisher\":{\"@id\":\"https:\/\/dutchhealthstore.com\/fr\/#organization\"},\"potentialAction\":[{\"@type\":\"SearchAction\",\"target\":{\"@type\":\"EntryPoint\",\"urlTemplate\":\"https:\/\/dutchhealthstore.com\/fr\/?s={search_term_string}\"},\"query-input\":{\"@type\":\"PropertyValueSpecification\",\"valueRequired\":true,\"valueName\":\"search_term_string\"}}],\"inLanguage\":\"fr-FR\"},{\"@type\":\"Organization\",\"@id\":\"https:\/\/dutchhealthstore.com\/fr\/#organization\",\"name\":\"Dutch Health Store\",\"url\":\"https:\/\/dutchhealthstore.com\/fr\/\",\"logo\":{\"@type\":\"ImageObject\",\"inLanguage\":\"fr-FR\",\"@id\":\"https:\/\/dutchhealthstore.com\/fr\/#\/schema\/logo\/image\/\",\"url\":\"https:\/\/dutchhealthstore.com\/wp-content\/uploads\/2020\/08\/logo-dutchhealthstore-jpg-e1599484957574.jpg\",\"contentUrl\":\"https:\/\/dutchhealthstore.com\/wp-content\/uploads\/2020\/08\/logo-dutchhealthstore-jpg-e1599484957574.jpg\",\"width\":400,\"height\":62,\"caption\":\"Dutch Health Store\"},\"image\":{\"@id\":\"https:\/\/dutchhealthstore.com\/fr\/#\/schema\/logo\/image\/\"},\"sameAs\":[\"https:\/\/www.instagram.com\/dutchhealthstore\/\",\"https:\/\/www.facebook.com\/dutchhealthstore\"]}]}<\/script>\n<meta property=\"product:brand\" content=\"Living Libations\" \/>\n<meta property=\"og:availability\" content=\"instock\" \/>\n<meta property=\"product:availability\" content=\"instock\" \/>\n<meta property=\"product:condition\" content=\"new\" \/>\n<!-- \/ Yoast SEO Premium plugin. -->","yoast_head_json":{"title":"Marjoram Essential Oil | Living Libations","description":"Marjoram Essential Oil douce est un ancien alli\u00e9 pour purifier le corps, l'esprit et l'\u00e2me depuis les temps bibliques. La marjolaine est un grand fonceur de muscles.","robots":{"index":"index","follow":"follow","max-snippet":"max-snippet:-1","max-image-preview":"max-image-preview:large","max-video-preview":"max-video-preview:-1"},"canonical":"https:\/\/dutchhealthstore.com\/fr\/product\/marjoram-essential-oil\/","og_locale":"fr_FR","og_type":"article","og_title":"Marjoram Essential Oil - Dutch Health Store","og_description":"Marjoram Essential Oil douce est un ancien alli\u00e9 pour purifier le corps, l'esprit et l'\u00e2me depuis les temps bibliques. La marjolaine est un grand fonceur de muscles.","og_url":"https:\/\/dutchhealthstore.com\/fr\/product\/marjoram-essential-oil\/","og_site_name":"Dutch Health Store","article_publisher":"https:\/\/www.instagram.com\/dutchhealthstore\/","article_modified_time":"2025-10-28T09:56:09+00:00","og_image":[{"width":500,"height":500,"url":"https:\/\/dutchhealthstore.com\/wp-content\/uploads\/2020\/07\/Living-Libations-Marjoram-Essential-Oil-e1594111906160.jpg","type":"image\/jpeg"}],"twitter_card":"summary_large_image","twitter_misc":{"Disponibilit\u00e9":"En stock"},"schema":{"@context":"https:\/\/schema.org","@graph":[{"@type":"WebPage","@id":"https:\/\/dutchhealthstore.com\/fr\/product\/marjoram-essential-oil\/","url":"https:\/\/dutchhealthstore.com\/fr\/product\/marjoram-essential-oil\/","name":"Marjoram Essential Oil | Living Libations","isPartOf":{"@id":"https:\/\/dutchhealthstore.com\/fr\/#website"},"primaryImageOfPage":{"@id":"https:\/\/dutchhealthstore.com\/fr\/product\/marjoram-essential-oil\/#primaryimage"},"image":{"@id":"https:\/\/dutchhealthstore.com\/fr\/product\/marjoram-essential-oil\/#primaryimage"},"thumbnailUrl":"https:\/\/dutchhealthstore.com\/wp-content\/uploads\/2020\/07\/Living-Libations-Marjoram-Essential-Oil-e1594111906160.jpg","datePublished":"2020-07-07T06:50:08+00:00","dateModified":"2025-10-28T09:56:09+00:00","description":"Marjoram Essential Oil douce est un ancien alli\u00e9 pour purifier le corps, l'esprit et l'\u00e2me depuis les temps bibliques. La marjolaine est un grand fonceur de muscles.","breadcrumb":{"@id":"https:\/\/dutchhealthstore.com\/fr\/product\/marjoram-essential-oil\/#breadcrumb"},"inLanguage":"fr-FR","potentialAction":[{"@type":"ReadAction","target":["https:\/\/dutchhealthstore.com\/fr\/product\/marjoram-essential-oil\/"]}]},{"@type":"ImageObject","inLanguage":"fr-FR","@id":"https:\/\/dutchhealthstore.com\/fr\/product\/marjoram-essential-oil\/#primaryimage","url":"https:\/\/dutchhealthstore.com\/wp-content\/uploads\/2020\/07\/Living-Libations-Marjoram-Essential-Oil-e1594111906160.jpg","contentUrl":"https:\/\/dutchhealthstore.com\/wp-content\/uploads\/2020\/07\/Living-Libations-Marjoram-Essential-Oil-e1594111906160.jpg","width":500,"height":500,"caption":"Living Libations Marjoram Essential Oil"},{"@type":"BreadcrumbList","@id":"https:\/\/dutchhealthstore.com\/fr\/product\/marjoram-essential-oil\/#breadcrumb","itemListElement":[{"@type":"ListItem","position":1,"name":"Home","item":"https:\/\/dutchhealthstore.com\/fr\/"},{"@type":"ListItem","position":2,"name":"Shop","item":"https:\/\/dutchhealthstore.com\/fr\/shop\/"},{"@type":"ListItem","position":3,"name":"Marjoram Essential Oil"}]},{"@type":"WebSite","@id":"https:\/\/dutchhealthstore.com\/fr\/#website","url":"https:\/\/dutchhealthstore.com\/fr\/","name":"Dutch Health Store","description":"Enhance Your Beauty with Organic &amp; Natural Skincare","publisher":{"@id":"https:\/\/dutchhealthstore.com\/fr\/#organization"},"potentialAction":[{"@type":"SearchAction","target":{"@type":"EntryPoint","urlTemplate":"https:\/\/dutchhealthstore.com\/fr\/?s={search_term_string}"},"query-input":{"@type":"PropertyValueSpecification","valueRequired":true,"valueName":"search_term_string"}}],"inLanguage":"fr-FR"},{"@type":"Organization","@id":"https:\/\/dutchhealthstore.com\/fr\/#organization","name":"Dutch Health Store","url":"https:\/\/dutchhealthstore.com\/fr\/","logo":{"@type":"ImageObject","inLanguage":"fr-FR","@id":"https:\/\/dutchhealthstore.com\/fr\/#\/schema\/logo\/image\/","url":"https:\/\/dutchhealthstore.com\/wp-content\/uploads\/2020\/08\/logo-dutchhealthstore-jpg-e1599484957574.jpg","contentUrl":"https:\/\/dutchhealthstore.com\/wp-content\/uploads\/2020\/08\/logo-dutchhealthstore-jpg-e1599484957574.jpg","width":400,"height":62,"caption":"Dutch Health Store"},"image":{"@id":"https:\/\/dutchhealthstore.com\/fr\/#\/schema\/logo\/image\/"},"sameAs":["https:\/\/www.instagram.com\/dutchhealthstore\/","https:\/\/www.facebook.com\/dutchhealthstore"]}]},"product_brand":"Living Libations","og_availability":"instock","product_availability":"instock","product_condition":"new"},"_links":{"self":[{"href":"https:\/\/dutchhealthstore.com\/fr\/wp-json\/wp\/v2\/product\/120677","targetHints":{"allow":["GET"]}}],"collection":[{"href":"https:\/\/dutchhealthstore.com\/fr\/wp-json\/wp\/v2\/product"}],"about":[{"href":"https:\/\/dutchhealthstore.com\/fr\/wp-json\/wp\/v2\/types\/product"}],"replies":[{"embeddable":true,"href":"https:\/\/dutchhealthstore.com\/fr\/wp-json\/wp\/v2\/comments?post=120677"}],"wp:featuredmedia":[{"embeddable":true,"href":"https:\/\/dutchhealthstore.com\/fr\/wp-json\/wp\/v2\/media\/111774"}],"wp:attachment":[{"href":"https:\/\/dutchhealthstore.com\/fr\/wp-json\/wp\/v2\/media?parent=120677"}],"wp:term":[{"taxonomy":"product_brand","embeddable":true,"href":"https:\/\/dutchhealthstore.com\/fr\/wp-json\/wp\/v2\/product_brand?post=120677"},{"taxonomy":"product_cat","embeddable":true,"href":"https:\/\/dutchhealthstore.com\/fr\/wp-json\/wp\/v2\/product_cat?post=120677"},{"taxonomy":"product_tag","embeddable":true,"href":"https:\/\/dutchhealthstore.com\/fr\/wp-json\/wp\/v2\/product_tag?post=120677"}],"curies":[{"name":"wp","href":"https:\/\/api.w.org\/{rel}","templated":true}]}}