{"id":120578,"date":"2018-02-10T18:04:55","date_gmt":"2018-02-10T17:04:55","guid":{"rendered":"https:\/\/dutchhealthstore.com\/product\/manuka-essential-oil\/"},"modified":"2024-09-15T22:03:06","modified_gmt":"2024-09-15T20:03:06","slug":"manuka-essential-oil","status":"publish","type":"product","link":"https:\/\/dutchhealthstore.com\/fr\/product\/manuka-essential-oil\/","title":{"rendered":"Manuka Essential Oil"},"content":{"rendered":"<p><strong><img decoding=\"async\" class=\"size-full wp-image-69549 alignright\" src=\"https:\/\/dutchhealthstore.com\/wp-content\/uploads\/2019\/08\/NEW-Living-Libations-Logo.jpg\" alt=\"NEW - Living Libations - Logo\" width=\"175\" height=\"82\">Nom botanique:<\/strong> Leptospermum scoparium<br \/>\n<strong>Famille botanique:<\/strong> Myrtaceae<br \/>\n<strong>M\u00e9thode d&rsquo;extraction:<\/strong> Distillation \u00e0 la vapeur<br \/>\n<strong>Partie de la plante distill\u00e9e:<\/strong> Feuilles<br \/>\n<strong>Country of Origin:<\/strong> Australia<br \/>\n<strong>M\u00e9thode de culture:<\/strong> Sauvage<br \/>\n<strong>Composition:<\/strong> 100% Leptospermum scoparium<br \/>\n<strong>Coh\u00e9rence:<\/strong> Mince<\/p>\n<h3>Description de l&rsquo;odeur<\/h3>\n<p>Miel riche et dor\u00e9 avec une pointe d&rsquo;astringence.<\/p>\n<h3>Se marie bien avec<\/h3>\n<p>Lavande, Cypr\u00e8s, Mastic, Tea Tree, Encens, Rose Otto, Citron, Bergamote, Sapin argent\u00e9, Myrrhe et Marjolaine.<\/p>\n<h3>Utilisations<\/h3>\n<p>Parfum. S\u00e9rum r\u00e9g\u00e9n\u00e9rateur pour la peau. Doux pour la peau et peut \u00eatre appliqu\u00e9 pur. Peut \u00eatre appr\u00e9ci\u00e9 de la m\u00eame mani\u00e8re que notre Tea Tree Essential Oil<\/p>\n<p>Le Manuka est un magnifique festin de pollen parfum\u00e9 pour les abeilles d&rsquo;Aussie et c&rsquo;est de cette ruche d&rsquo;activit\u00e9 que le miel de Manuka est fait. Les abeilles ne sont pas les seules \u00e0 appr\u00e9cier les pouvoirs reconstituants de cette plante: Les perruches Kakariki sont \u00e9galement de grandes amatrices. Ces oiseaux m\u00e2chent les feuilles pour en faire une p\u00e2te qu&rsquo;ils appliquent sur leurs plumes!<\/p>\n<p>Quand c&rsquo;est assez bon pour les oiseaux et les abeilles, les avantages pour les humains sont nombreux!<\/p>\n<p>Manuka Essential Oil contient l&rsquo;essence r\u00e9paratrice de l&rsquo;arbuste Manuka, qui est l&rsquo;une des seules esp\u00e8ces v\u00e9g\u00e9tales \u00e0 se r\u00e9g\u00e9n\u00e9rer compl\u00e8tement apr\u00e8s avoir \u00e9t\u00e9 coup\u00e9e. Vous aussi, vous pouvez rebondir gr\u00e2ce \u00e0 cet essentiel influent, fabriqu\u00e9 \u00e0 l&rsquo;\u00e9tat sauvage dans son pays natal, l&rsquo;Australie. Distill\u00e9e \u00e0 la vapeur pour sa puret\u00e9, elle est connue pour calmer un esprit inquiet tout en augmentant le d\u00e9sir sensuel. L&rsquo;ar\u00f4me de cet \u00e9lixir enchanteur ressemble \u00e0 du miel dor\u00e9 m\u00e9lang\u00e9 \u00e0 des aiguilles de sapin.<\/p>\n<p><strong>Taille: 5 ml et 15 ml<\/strong><\/p>\n<h3>Ingr\u00e9dients Biologiques<\/h3>\n<p>100% huile essentielle de manuka (Leptospermum scoparium).<\/p>\n<p style=\"text-align: center;\"><em>\u00ab\u00a0&#8230;Car ainsi travaillent les abeilles, cr\u00e9atures qui par une r\u00e8gle de la nature enseignent l&rsquo;acte d&rsquo;ordre \u00e0 un royaume peupl\u00e9.\u00a0\u00bb<\/em><br \/>\n~ <strong>William Shakespeare<\/strong><\/p>\n<p style=\"text-align: center;\"><em>Manuka essential oil a fait l&rsquo;objet de recherches sur ses propri\u00e9t\u00e9s et ses applications&#8230; L&rsquo;huile essentielle est chimiquement complexe, et contient environ 15% de leptospermone, une c\u00e9tone, ainsi que des sesquiterp\u00e8nes et leurs d\u00e9riv\u00e9s oxyg\u00e9n\u00e9s.\u00a0\u00bb<\/em><br \/>\n~ Len and Shirley Price, <strong>Aromatherapy for Health Professionals<\/strong><\/p>\n<p>&nbsp;<\/p>\n<p><img fetchpriority=\"high\" decoding=\"async\" class=\"size-medium wp-image-68103 aligncenter\" src=\"https:\/\/dutchhealthstore.com\/wp-content\/uploads\/2018\/02\/Living-Libations-Organic-Logo-800x89.png\" alt=\"Living Libations - Organic Logo\" width=\"800\" height=\"89\" srcset=\"https:\/\/dutchhealthstore.com\/wp-content\/uploads\/2018\/02\/Living-Libations-Organic-Logo-800x89.png 800w, https:\/\/dutchhealthstore.com\/wp-content\/uploads\/2018\/02\/Living-Libations-Organic-Logo-510x57.png 510w, https:\/\/dutchhealthstore.com\/wp-content\/uploads\/2018\/02\/Living-Libations-Organic-Logo-768x85.png 768w, https:\/\/dutchhealthstore.com\/wp-content\/uploads\/2018\/02\/Living-Libations-Organic-Logo.png 1400w\" sizes=\"(max-width: 800px) 100vw, 800px\" \/><\/p>\n","protected":false},"excerpt":{"rendered":"<p><strong>Manuka Essential Oil<\/strong> est distill\u00e9e \u00e0 la vapeur \u00e0 partir des fleurs de l&rsquo;arbuste de Manuka &#8211; un lieu d&rsquo;alimentation favori des abeilles australiennes. M\u00e8re Nature a fait de la magie quand elle a cr\u00e9\u00e9 la plante de Manuka, et nous avons Manuka Essential Oil ph\u00e9nom\u00e9nale qui vous donne une abondance d&rsquo;avantages botaniques dans une goutte d&rsquo;huile.<\/p>\n","protected":false},"featured_media":113643,"comment_status":"open","ping_status":"closed","template":"","meta":[],"product_brand":[],"product_cat":[6734,1507,1211,1209,3757,1010,6733],"product_tag":[4495],"class_list":{"0":"post-120578","1":"product","2":"type-product","3":"status-publish","4":"has-post-thumbnail","6":"product_cat-essential-oils","7":"product_cat-plantes-huiles-essentielles-living-libations","8":"product_cat-living-libations-france","9":"product_cat-par-marques","10":"product_cat-plantes-huiles-essentielles","11":"product_cat-notre-boutique","12":"product_cat-wellness-fr-2","13":"product_tag-essential-oil-fr","14":"pa_brand-livinglibations-fr","15":"pa_essential-oils-product-type-essential-oils-fr","16":"pa_size-5-ml-fr","17":"pa_size-15-ml-fr","19":"first","20":"instock","21":"taxable","22":"shipping-taxable","23":"purchasable","24":"product-type-variable"},"bundled_by":[],"bundle_stock_status":"instock","bundle_stock_quantity":null,"bundle_virtual":false,"bundle_layout":"","bundle_add_to_cart_form_location":"","bundle_editable_in_cart":false,"bundle_sold_individually_context":"","bundle_item_grouping":"","bundle_min_size":"","bundle_max_size":"","bundle_price":[],"bundled_items":[],"bundle_sell_ids":[],"atum_controlled":true,"out_stock_date":null,"out_stock_threshold":null,"inheritable":true,"stock_on_hold":0,"sold_today":0,"sales_last_days":0,"out_stock_days":0,"lost_sales":0,"update_date":"2026-04-02T01:44:31","atum_locations":[],"atum_stock_status":"instock","restock_status":false,"low_stock_amount":"","sales_update_date":"2026-04-02T01:44:31","calc_backorders":null,"group_of_quantity":0,"min_quantity":0,"max_quantity":"","exclude_order_quantity_value_rules":"no","exclude_category_quantity_rules":"no","combine_variations":"no","yoast_head":"<!-- This site is optimized with the Yoast SEO Premium plugin v26.5 (Yoast SEO v26.5) - https:\/\/yoast.com\/wordpress\/plugins\/seo\/ -->\n<title>Manuka Essential Oil | Living Libations<\/title>\n<meta name=\"description\" content=\"Manuka Essential Oil est distill\u00e9e \u00e0 la vapeur \u00e0 partir des fleurs de l&#039;arbuste de Manuka - un lieu d&#039;alimentation favori des abeilles australiennes.\" \/>\n<meta name=\"robots\" content=\"index, follow, max-snippet:-1, max-image-preview:large, max-video-preview:-1\" \/>\n<link rel=\"canonical\" href=\"https:\/\/dutchhealthstore.com\/fr\/product\/manuka-essential-oil\/\" \/>\n<meta property=\"og:locale\" content=\"fr_FR\" \/>\n<meta property=\"og:type\" content=\"article\" \/>\n<meta property=\"og:title\" content=\"Manuka Essential Oil - Dutch Health Store\" \/>\n<meta property=\"og:description\" content=\"Manuka Essential Oil est distill\u00e9e \u00e0 la vapeur \u00e0 partir des fleurs de l&#039;arbuste de Manuka - un lieu d&#039;alimentation favori des abeilles australiennes.\" \/>\n<meta property=\"og:url\" content=\"https:\/\/dutchhealthstore.com\/fr\/product\/manuka-essential-oil\/\" \/>\n<meta property=\"og:site_name\" content=\"Dutch Health Store\" \/>\n<meta property=\"article:publisher\" content=\"https:\/\/www.instagram.com\/dutchhealthstore\/\" \/>\n<meta property=\"article:modified_time\" content=\"2024-09-15T20:03:06+00:00\" \/>\n<meta property=\"og:image\" content=\"https:\/\/dutchhealthstore.com\/wp-content\/uploads\/2018\/02\/Living-Libations-Manuka-Essential-Oil-e1594726798660.png\" \/>\n\t<meta property=\"og:image:width\" content=\"500\" \/>\n\t<meta property=\"og:image:height\" content=\"500\" \/>\n\t<meta property=\"og:image:type\" content=\"image\/jpeg\" \/>\n<meta name=\"twitter:card\" content=\"summary_large_image\" \/>\n<meta name=\"twitter:label1\" content=\"Disponibilit\u00e9\" \/>\n\t<meta name=\"twitter:data1\" content=\"En stock\" \/>\n<script type=\"application\/ld+json\" class=\"yoast-schema-graph\">{\"@context\":\"https:\/\/schema.org\",\"@graph\":[{\"@type\":\"WebPage\",\"@id\":\"https:\/\/dutchhealthstore.com\/fr\/product\/manuka-essential-oil\/\",\"url\":\"https:\/\/dutchhealthstore.com\/fr\/product\/manuka-essential-oil\/\",\"name\":\"Manuka Essential Oil | Living Libations\",\"isPartOf\":{\"@id\":\"https:\/\/dutchhealthstore.com\/fr\/#website\"},\"primaryImageOfPage\":{\"@id\":\"https:\/\/dutchhealthstore.com\/fr\/product\/manuka-essential-oil\/#primaryimage\"},\"image\":{\"@id\":\"https:\/\/dutchhealthstore.com\/fr\/product\/manuka-essential-oil\/#primaryimage\"},\"thumbnailUrl\":\"https:\/\/dutchhealthstore.com\/wp-content\/uploads\/2018\/02\/Living-Libations-Manuka-Essential-Oil-e1594726798660.png\",\"datePublished\":\"2018-02-10T17:04:55+00:00\",\"dateModified\":\"2024-09-15T20:03:06+00:00\",\"description\":\"Manuka Essential Oil est distill\u00e9e \u00e0 la vapeur \u00e0 partir des fleurs de l'arbuste de Manuka - un lieu d'alimentation favori des abeilles australiennes.\",\"breadcrumb\":{\"@id\":\"https:\/\/dutchhealthstore.com\/fr\/product\/manuka-essential-oil\/#breadcrumb\"},\"inLanguage\":\"fr-FR\",\"potentialAction\":[{\"@type\":\"ReadAction\",\"target\":[\"https:\/\/dutchhealthstore.com\/fr\/product\/manuka-essential-oil\/\"]}]},{\"@type\":\"ImageObject\",\"inLanguage\":\"fr-FR\",\"@id\":\"https:\/\/dutchhealthstore.com\/fr\/product\/manuka-essential-oil\/#primaryimage\",\"url\":\"https:\/\/dutchhealthstore.com\/wp-content\/uploads\/2018\/02\/Living-Libations-Manuka-Essential-Oil-e1594726798660.png\",\"contentUrl\":\"https:\/\/dutchhealthstore.com\/wp-content\/uploads\/2018\/02\/Living-Libations-Manuka-Essential-Oil-e1594726798660.png\",\"width\":500,\"height\":500,\"caption\":\"Living Libations Manuka Essential Oil\"},{\"@type\":\"BreadcrumbList\",\"@id\":\"https:\/\/dutchhealthstore.com\/fr\/product\/manuka-essential-oil\/#breadcrumb\",\"itemListElement\":[{\"@type\":\"ListItem\",\"position\":1,\"name\":\"Home\",\"item\":\"https:\/\/dutchhealthstore.com\/fr\/\"},{\"@type\":\"ListItem\",\"position\":2,\"name\":\"Shop\",\"item\":\"https:\/\/dutchhealthstore.com\/fr\/shop\/\"},{\"@type\":\"ListItem\",\"position\":3,\"name\":\"Manuka Essential Oil\"}]},{\"@type\":\"WebSite\",\"@id\":\"https:\/\/dutchhealthstore.com\/fr\/#website\",\"url\":\"https:\/\/dutchhealthstore.com\/fr\/\",\"name\":\"Dutch Health Store\",\"description\":\"Enhance Your Beauty with Organic &amp; Natural Skincare\",\"publisher\":{\"@id\":\"https:\/\/dutchhealthstore.com\/fr\/#organization\"},\"potentialAction\":[{\"@type\":\"SearchAction\",\"target\":{\"@type\":\"EntryPoint\",\"urlTemplate\":\"https:\/\/dutchhealthstore.com\/fr\/?s={search_term_string}\"},\"query-input\":{\"@type\":\"PropertyValueSpecification\",\"valueRequired\":true,\"valueName\":\"search_term_string\"}}],\"inLanguage\":\"fr-FR\"},{\"@type\":\"Organization\",\"@id\":\"https:\/\/dutchhealthstore.com\/fr\/#organization\",\"name\":\"Dutch Health Store\",\"url\":\"https:\/\/dutchhealthstore.com\/fr\/\",\"logo\":{\"@type\":\"ImageObject\",\"inLanguage\":\"fr-FR\",\"@id\":\"https:\/\/dutchhealthstore.com\/fr\/#\/schema\/logo\/image\/\",\"url\":\"https:\/\/dutchhealthstore.com\/wp-content\/uploads\/2020\/08\/logo-dutchhealthstore-jpg-e1599484957574.jpg\",\"contentUrl\":\"https:\/\/dutchhealthstore.com\/wp-content\/uploads\/2020\/08\/logo-dutchhealthstore-jpg-e1599484957574.jpg\",\"width\":400,\"height\":62,\"caption\":\"Dutch Health Store\"},\"image\":{\"@id\":\"https:\/\/dutchhealthstore.com\/fr\/#\/schema\/logo\/image\/\"},\"sameAs\":[\"https:\/\/www.instagram.com\/dutchhealthstore\/\",\"https:\/\/www.facebook.com\/dutchhealthstore\"]}]}<\/script>\n<meta property=\"product:brand\" content=\"Living Libations\" \/>\n<meta property=\"og:availability\" content=\"instock\" \/>\n<meta property=\"product:availability\" content=\"instock\" \/>\n<meta property=\"product:condition\" content=\"new\" \/>\n<!-- \/ Yoast SEO Premium plugin. -->","yoast_head_json":{"title":"Manuka Essential Oil | Living Libations","description":"Manuka Essential Oil est distill\u00e9e \u00e0 la vapeur \u00e0 partir des fleurs de l'arbuste de Manuka - un lieu d'alimentation favori des abeilles australiennes.","robots":{"index":"index","follow":"follow","max-snippet":"max-snippet:-1","max-image-preview":"max-image-preview:large","max-video-preview":"max-video-preview:-1"},"canonical":"https:\/\/dutchhealthstore.com\/fr\/product\/manuka-essential-oil\/","og_locale":"fr_FR","og_type":"article","og_title":"Manuka Essential Oil - Dutch Health Store","og_description":"Manuka Essential Oil est distill\u00e9e \u00e0 la vapeur \u00e0 partir des fleurs de l'arbuste de Manuka - un lieu d'alimentation favori des abeilles australiennes.","og_url":"https:\/\/dutchhealthstore.com\/fr\/product\/manuka-essential-oil\/","og_site_name":"Dutch Health Store","article_publisher":"https:\/\/www.instagram.com\/dutchhealthstore\/","article_modified_time":"2024-09-15T20:03:06+00:00","og_image":[{"width":500,"height":500,"url":"https:\/\/dutchhealthstore.com\/wp-content\/uploads\/2018\/02\/Living-Libations-Manuka-Essential-Oil-e1594726798660.png","type":"image\/jpeg"}],"twitter_card":"summary_large_image","twitter_misc":{"Disponibilit\u00e9":"En stock"},"schema":{"@context":"https:\/\/schema.org","@graph":[{"@type":"WebPage","@id":"https:\/\/dutchhealthstore.com\/fr\/product\/manuka-essential-oil\/","url":"https:\/\/dutchhealthstore.com\/fr\/product\/manuka-essential-oil\/","name":"Manuka Essential Oil | Living Libations","isPartOf":{"@id":"https:\/\/dutchhealthstore.com\/fr\/#website"},"primaryImageOfPage":{"@id":"https:\/\/dutchhealthstore.com\/fr\/product\/manuka-essential-oil\/#primaryimage"},"image":{"@id":"https:\/\/dutchhealthstore.com\/fr\/product\/manuka-essential-oil\/#primaryimage"},"thumbnailUrl":"https:\/\/dutchhealthstore.com\/wp-content\/uploads\/2018\/02\/Living-Libations-Manuka-Essential-Oil-e1594726798660.png","datePublished":"2018-02-10T17:04:55+00:00","dateModified":"2024-09-15T20:03:06+00:00","description":"Manuka Essential Oil est distill\u00e9e \u00e0 la vapeur \u00e0 partir des fleurs de l'arbuste de Manuka - un lieu d'alimentation favori des abeilles australiennes.","breadcrumb":{"@id":"https:\/\/dutchhealthstore.com\/fr\/product\/manuka-essential-oil\/#breadcrumb"},"inLanguage":"fr-FR","potentialAction":[{"@type":"ReadAction","target":["https:\/\/dutchhealthstore.com\/fr\/product\/manuka-essential-oil\/"]}]},{"@type":"ImageObject","inLanguage":"fr-FR","@id":"https:\/\/dutchhealthstore.com\/fr\/product\/manuka-essential-oil\/#primaryimage","url":"https:\/\/dutchhealthstore.com\/wp-content\/uploads\/2018\/02\/Living-Libations-Manuka-Essential-Oil-e1594726798660.png","contentUrl":"https:\/\/dutchhealthstore.com\/wp-content\/uploads\/2018\/02\/Living-Libations-Manuka-Essential-Oil-e1594726798660.png","width":500,"height":500,"caption":"Living Libations Manuka Essential Oil"},{"@type":"BreadcrumbList","@id":"https:\/\/dutchhealthstore.com\/fr\/product\/manuka-essential-oil\/#breadcrumb","itemListElement":[{"@type":"ListItem","position":1,"name":"Home","item":"https:\/\/dutchhealthstore.com\/fr\/"},{"@type":"ListItem","position":2,"name":"Shop","item":"https:\/\/dutchhealthstore.com\/fr\/shop\/"},{"@type":"ListItem","position":3,"name":"Manuka Essential Oil"}]},{"@type":"WebSite","@id":"https:\/\/dutchhealthstore.com\/fr\/#website","url":"https:\/\/dutchhealthstore.com\/fr\/","name":"Dutch Health Store","description":"Enhance Your Beauty with Organic &amp; Natural Skincare","publisher":{"@id":"https:\/\/dutchhealthstore.com\/fr\/#organization"},"potentialAction":[{"@type":"SearchAction","target":{"@type":"EntryPoint","urlTemplate":"https:\/\/dutchhealthstore.com\/fr\/?s={search_term_string}"},"query-input":{"@type":"PropertyValueSpecification","valueRequired":true,"valueName":"search_term_string"}}],"inLanguage":"fr-FR"},{"@type":"Organization","@id":"https:\/\/dutchhealthstore.com\/fr\/#organization","name":"Dutch Health Store","url":"https:\/\/dutchhealthstore.com\/fr\/","logo":{"@type":"ImageObject","inLanguage":"fr-FR","@id":"https:\/\/dutchhealthstore.com\/fr\/#\/schema\/logo\/image\/","url":"https:\/\/dutchhealthstore.com\/wp-content\/uploads\/2020\/08\/logo-dutchhealthstore-jpg-e1599484957574.jpg","contentUrl":"https:\/\/dutchhealthstore.com\/wp-content\/uploads\/2020\/08\/logo-dutchhealthstore-jpg-e1599484957574.jpg","width":400,"height":62,"caption":"Dutch Health Store"},"image":{"@id":"https:\/\/dutchhealthstore.com\/fr\/#\/schema\/logo\/image\/"},"sameAs":["https:\/\/www.instagram.com\/dutchhealthstore\/","https:\/\/www.facebook.com\/dutchhealthstore"]}]},"product_brand":"Living Libations","og_availability":"instock","product_availability":"instock","product_condition":"new"},"_links":{"self":[{"href":"https:\/\/dutchhealthstore.com\/fr\/wp-json\/wp\/v2\/product\/120578","targetHints":{"allow":["GET"]}}],"collection":[{"href":"https:\/\/dutchhealthstore.com\/fr\/wp-json\/wp\/v2\/product"}],"about":[{"href":"https:\/\/dutchhealthstore.com\/fr\/wp-json\/wp\/v2\/types\/product"}],"replies":[{"embeddable":true,"href":"https:\/\/dutchhealthstore.com\/fr\/wp-json\/wp\/v2\/comments?post=120578"}],"wp:featuredmedia":[{"embeddable":true,"href":"https:\/\/dutchhealthstore.com\/fr\/wp-json\/wp\/v2\/media\/113643"}],"wp:attachment":[{"href":"https:\/\/dutchhealthstore.com\/fr\/wp-json\/wp\/v2\/media?parent=120578"}],"wp:term":[{"taxonomy":"product_brand","embeddable":true,"href":"https:\/\/dutchhealthstore.com\/fr\/wp-json\/wp\/v2\/product_brand?post=120578"},{"taxonomy":"product_cat","embeddable":true,"href":"https:\/\/dutchhealthstore.com\/fr\/wp-json\/wp\/v2\/product_cat?post=120578"},{"taxonomy":"product_tag","embeddable":true,"href":"https:\/\/dutchhealthstore.com\/fr\/wp-json\/wp\/v2\/product_tag?post=120578"}],"curies":[{"name":"wp","href":"https:\/\/api.w.org\/{rel}","templated":true}]}}