{"id":120539,"date":"2020-06-23T06:44:47","date_gmt":"2020-06-23T04:44:47","guid":{"rendered":"https:\/\/dutchhealthstore.com\/product\/mandarin-essential-oil\/"},"modified":"2025-11-23T13:05:13","modified_gmt":"2025-11-23T12:05:13","slug":"mandarin-essential-oil","status":"publish","type":"product","link":"https:\/\/dutchhealthstore.com\/fr\/product\/mandarin-essential-oil\/","title":{"rendered":"Mandarin Essential Oil"},"content":{"rendered":"<p><img decoding=\"async\" class=\"size-full wp-image-69549 alignright\" src=\"https:\/\/dutchhealthstore.com\/wp-content\/uploads\/2019\/08\/NEW-Living-Libations-Logo.jpg\" alt=\"NEW - Living Libations - Logo\" width=\"175\" height=\"82\"><strong>Nom botanique:<\/strong> Citrus reticulata<br \/>\n<strong>Famille botanique:<\/strong> Rutaceae<br \/>\n<strong>M\u00e9thode d&rsquo;extraction:<\/strong> Press\u00e9 \u00e0 froid<br \/>\n<strong>Partie de la plante distill\u00e9e:<\/strong> \u00c9corce<br \/>\n<strong>Pays d&rsquo;origine:<\/strong> Italie<br \/>\n<strong>M\u00e9thode de culture:<\/strong> Organique<br \/>\n<strong>Composition:<\/strong> 100% Citrus reticulata<br \/>\n<strong>Consistance:<\/strong> Viscosit\u00e9 fine<\/p>\n<h3>Description de l&rsquo;odeur<\/h3>\n<p>Des notes douces et agrumes de fruits piquants avec des chuchotements enchanteurs d&rsquo;une l\u00e9g\u00e8re essence florale.<\/p>\n<h3>Se marie bien avec<\/h3>\n<p>Lavande, \u00e9pic\u00e9a, ylang, pamplemousse, orange sanguine, encens, girofle et cannelle.<\/p>\n<h3>Utilisations<\/h3>\n<p>A appr\u00e9cier dans un diffuseur d&rsquo;aromath\u00e9rapie ou une pipe \u00e0 sel. M\u00e9langes relaxants \u00e0 l&rsquo;heure du coucher et du bain. Parfait pour les m\u00e9langes de parfums et d&rsquo;huiles corporelles. Peut aider \u00e0 am\u00e9liorer l&rsquo;apparence des vergetures.<\/p>\n<a href=\"https:\/\/dutchhealthstore.com\/wp-content\/uploads\/2020\/06\/ANALYSIS-Mandarin-Essential-Oil-Living-Libations-2.pdf\" class=\"button primary is-primary is-small\"  >\n\t\t<span>ANALYSE DES HUILES ESSENTIELLES &gt;<\/span>\n\t<\/a>\n\n<p>Notre magnifique Mandarin Essential Oil est une douce friandise italienne avec des racines profondes en Extr\u00eame-Orient. Cultiv\u00e9s \u00e0 l&rsquo;origine dans le sud de la Chine \u00e0 partir du 12e si\u00e8cle, ces fruits succulents offrent une huile qui \u00e9clate de l&rsquo;\u00e9corce avec une essence d&rsquo;agrume piquante.<\/p>\n<p>Contrairement \u00e0 l&rsquo;action \u00e9nergisante de la plupart des huiles d&rsquo;agrumes, Mandarin Essential Oil a un effet calmant qui est parfait avant le coucher. En France, c&rsquo;est un baume respiratoire populaire \u00e0 l&rsquo;heure du coucher pour les enfants agit\u00e9s. L&rsquo;essence de mandarine peut \u00e9galement \u00eatre utilis\u00e9e pour apaiser les inqui\u00e9tudes et r\u00e9jouir le c\u0153ur.<\/p>\n<p>Cette huile joyeuse peut am\u00e9liorer l&rsquo;apparence de nombreuses affections cutan\u00e9es, notamment les cicatrices, les ridules et le rel\u00e2chement de la peau. Merveilleux tonique, Mandarin Essential Oil est particuli\u00e8rement utile pour nettoyer les peaux acn\u00e9iques et \u00e9quilibrer une surabondance de s\u00e9bum sur la peau.<\/p>\n<p><strong>Taille: 5 ml et 15 ml<\/strong><\/p>\n<h3>Ingr\u00e9dients Biologiques<\/h3>\n<p>100% d&rsquo;huile essentielle de mandarine (Citrus reticulata).<\/p>\n<p style=\"text-align: center;\"><em>\u00a0\u00bb La douceur et la gentillesse de l&rsquo;esprit sont rassembl\u00e9es dans les bras de cette huile&#8230;. La mandarine peut \u00eatre inhal\u00e9e chaque fois que nous ressentons le besoin d&rsquo;\u00e9tablir une connexion avec d&rsquo;autres royaumes et d&rsquo;entendre la musique des sph\u00e8res.\u00a0\u00bb<\/em><br \/>\n~ Valerie Ann Worwood, <strong>Aromatherapy for the Soul<\/strong><\/p>\n<p style=\"text-align: center;\"><em>\u00ab\u00a0L&rsquo;huile de mandarine est un liquide mobile jaune orang\u00e9 avec un soup\u00e7on de bleu-violet, ayant un parfum d&rsquo;agrume intens\u00e9ment doux, presque floral. Elle se m\u00e9lange bien avec d&rsquo;autres huiles d&rsquo;agrumes, notamment le n\u00e9roli, et des huiles d&rsquo;\u00e9pices comme la noix de muscade, la cannelle et le clou de girofle.\u00a0\u00bb<\/em><br \/>\n~Julia Lawless, <strong>The Encyclopedia of Essential Oils<\/strong><\/p>\n<p style=\"text-align: center;\"><em>\u00ab\u00a0J&rsquo;apportais dans la chambre des mandarines et des ch\u00e2taignes grill\u00e9es dans des paquets de papier, et j&rsquo;\u00e9pluchais et mangeais les petites oranges ressemblant \u00e0 des mandarines, et je jetais leurs peaux et crachais leurs graines dans le feu quand je les mangeais, et les ch\u00e2taignes grill\u00e9es quand j&rsquo;avais faim.\u00a0\u00bb<\/em><br \/>\n~ Ernest Hemingway, <strong>A Moveable Feast<\/strong><\/p>\n<p><img fetchpriority=\"high\" decoding=\"async\" class=\"size-medium wp-image-68103 aligncenter\" src=\"https:\/\/dutchhealthstore.com\/wp-content\/uploads\/2018\/02\/Living-Libations-Organic-Logo-800x89.png\" alt=\"Living Libations - Organic Logo\" width=\"800\" height=\"89\" srcset=\"https:\/\/dutchhealthstore.com\/wp-content\/uploads\/2018\/02\/Living-Libations-Organic-Logo-800x89.png 800w, https:\/\/dutchhealthstore.com\/wp-content\/uploads\/2018\/02\/Living-Libations-Organic-Logo-510x57.png 510w, https:\/\/dutchhealthstore.com\/wp-content\/uploads\/2018\/02\/Living-Libations-Organic-Logo-768x85.png 768w, https:\/\/dutchhealthstore.com\/wp-content\/uploads\/2018\/02\/Living-Libations-Organic-Logo.png 1400w\" sizes=\"(max-width: 800px) 100vw, 800px\" \/><\/p>\n","protected":false},"excerpt":{"rendered":"<p><strong>Mandarin Essential Oil<\/strong> merveilleuse est un r\u00eave italien d&rsquo;agrumes p\u00e9tillants impr\u00e9gn\u00e9s des fleurs parfum\u00e9es de la mandarine. Mandarin Essential Oil est press\u00e9e \u00e0 froid \u00e0 partir de l&rsquo;\u00e9corce ext\u00e9rieure succulente des mandarines, des agrumes doux apport\u00e9s pour la premi\u00e8re fois en Europe au d\u00e9but du XIXe si\u00e8cle.<br \/>\nCette huile est de couleur jaune-orange et offre un parfum plus complexe avec des notes de fleurs ensoleill\u00e9es.<\/p>\n","protected":false},"featured_media":70488,"comment_status":"open","ping_status":"closed","template":"","meta":[],"product_brand":[],"product_cat":[6734,1507,1211,1209,3757,6733],"product_tag":[4495],"class_list":{"0":"post-120539","1":"product","2":"type-product","3":"status-publish","4":"has-post-thumbnail","6":"product_cat-essential-oils","7":"product_cat-plantes-huiles-essentielles-living-libations","8":"product_cat-living-libations-france","9":"product_cat-par-marques","10":"product_cat-plantes-huiles-essentielles","11":"product_cat-wellness-fr-2","12":"product_tag-essential-oil-fr","13":"pa_brand-livinglibations-fr","14":"pa_essential-oils-product-type-essential-oils-fr","15":"pa_size-15-ml-fr","16":"pa_size-5-ml-fr","18":"first","19":"instock","20":"taxable","21":"shipping-taxable","22":"purchasable","23":"product-type-variable"},"bundled_by":[],"bundle_stock_status":"instock","bundle_stock_quantity":null,"bundle_virtual":false,"bundle_layout":"","bundle_add_to_cart_form_location":"","bundle_editable_in_cart":false,"bundle_sold_individually_context":"","bundle_item_grouping":"","bundle_min_size":"","bundle_max_size":"","bundle_price":[],"bundled_items":[],"bundle_sell_ids":[],"atum_controlled":true,"out_stock_date":null,"out_stock_threshold":null,"inheritable":true,"stock_on_hold":1,"sold_today":0,"sales_last_days":0,"out_stock_days":0,"lost_sales":0,"update_date":"2026-04-14T00:04:28","atum_locations":[],"atum_stock_status":"instock","restock_status":false,"low_stock_amount":"","sales_update_date":"2026-04-14T00:04:28","calc_backorders":null,"group_of_quantity":0,"min_quantity":0,"max_quantity":"","exclude_order_quantity_value_rules":"no","exclude_category_quantity_rules":"no","combine_variations":"no","yoast_head":"<!-- This site is optimized with the Yoast SEO Premium plugin v26.5 (Yoast SEO v26.5) - https:\/\/yoast.com\/wordpress\/plugins\/seo\/ -->\n<title>Mandarin Essential Oil | Living Libations<\/title>\n<meta name=\"description\" content=\"Mandarin Essential Oil merveilleuse est un r\u00eave italien d&#039;agrumes p\u00e9tillants impr\u00e9gn\u00e9s des fleurs parfum\u00e9es de la mandarine.\" \/>\n<meta name=\"robots\" content=\"index, follow, max-snippet:-1, max-image-preview:large, max-video-preview:-1\" \/>\n<link rel=\"canonical\" href=\"https:\/\/dutchhealthstore.com\/fr\/product\/mandarin-essential-oil\/\" \/>\n<meta property=\"og:locale\" content=\"fr_FR\" \/>\n<meta property=\"og:type\" content=\"article\" \/>\n<meta property=\"og:title\" content=\"Mandarin Essential Oil - Dutch Health Store\" \/>\n<meta property=\"og:description\" content=\"Mandarin Essential Oil merveilleuse est un r\u00eave italien d&#039;agrumes p\u00e9tillants impr\u00e9gn\u00e9s des fleurs parfum\u00e9es de la mandarine.\" \/>\n<meta property=\"og:url\" content=\"https:\/\/dutchhealthstore.com\/fr\/product\/mandarin-essential-oil\/\" \/>\n<meta property=\"og:site_name\" content=\"Dutch Health Store\" \/>\n<meta property=\"article:publisher\" content=\"https:\/\/www.instagram.com\/dutchhealthstore\/\" \/>\n<meta property=\"article:modified_time\" content=\"2025-11-23T12:05:13+00:00\" \/>\n<meta property=\"og:image\" content=\"https:\/\/dutchhealthstore.com\/wp-content\/uploads\/2018\/02\/Mandarin-Essential-Oil-living-Libations-e1592894061598.jpg\" \/>\n\t<meta property=\"og:image:width\" content=\"500\" \/>\n\t<meta property=\"og:image:height\" content=\"498\" \/>\n\t<meta property=\"og:image:type\" content=\"image\/jpeg\" \/>\n<meta name=\"twitter:card\" content=\"summary_large_image\" \/>\n<meta name=\"twitter:label1\" content=\"Disponibilit\u00e9\" \/>\n\t<meta name=\"twitter:data1\" content=\"En stock\" \/>\n<script type=\"application\/ld+json\" class=\"yoast-schema-graph\">{\"@context\":\"https:\/\/schema.org\",\"@graph\":[{\"@type\":\"WebPage\",\"@id\":\"https:\/\/dutchhealthstore.com\/fr\/product\/mandarin-essential-oil\/\",\"url\":\"https:\/\/dutchhealthstore.com\/fr\/product\/mandarin-essential-oil\/\",\"name\":\"Mandarin Essential Oil | Living Libations\",\"isPartOf\":{\"@id\":\"https:\/\/dutchhealthstore.com\/fr\/#website\"},\"primaryImageOfPage\":{\"@id\":\"https:\/\/dutchhealthstore.com\/fr\/product\/mandarin-essential-oil\/#primaryimage\"},\"image\":{\"@id\":\"https:\/\/dutchhealthstore.com\/fr\/product\/mandarin-essential-oil\/#primaryimage\"},\"thumbnailUrl\":\"https:\/\/dutchhealthstore.com\/wp-content\/uploads\/2018\/02\/Mandarin-Essential-Oil-living-Libations-e1592894061598.jpg\",\"datePublished\":\"2020-06-23T04:44:47+00:00\",\"dateModified\":\"2025-11-23T12:05:13+00:00\",\"description\":\"Mandarin Essential Oil merveilleuse est un r\u00eave italien d'agrumes p\u00e9tillants impr\u00e9gn\u00e9s des fleurs parfum\u00e9es de la mandarine.\",\"breadcrumb\":{\"@id\":\"https:\/\/dutchhealthstore.com\/fr\/product\/mandarin-essential-oil\/#breadcrumb\"},\"inLanguage\":\"fr-FR\",\"potentialAction\":[{\"@type\":\"ReadAction\",\"target\":[\"https:\/\/dutchhealthstore.com\/fr\/product\/mandarin-essential-oil\/\"]}]},{\"@type\":\"ImageObject\",\"inLanguage\":\"fr-FR\",\"@id\":\"https:\/\/dutchhealthstore.com\/fr\/product\/mandarin-essential-oil\/#primaryimage\",\"url\":\"https:\/\/dutchhealthstore.com\/wp-content\/uploads\/2018\/02\/Mandarin-Essential-Oil-living-Libations-e1592894061598.jpg\",\"contentUrl\":\"https:\/\/dutchhealthstore.com\/wp-content\/uploads\/2018\/02\/Mandarin-Essential-Oil-living-Libations-e1592894061598.jpg\",\"width\":500,\"height\":498,\"caption\":\"Mandarin Essential Oil - living Libations\"},{\"@type\":\"BreadcrumbList\",\"@id\":\"https:\/\/dutchhealthstore.com\/fr\/product\/mandarin-essential-oil\/#breadcrumb\",\"itemListElement\":[{\"@type\":\"ListItem\",\"position\":1,\"name\":\"Home\",\"item\":\"https:\/\/dutchhealthstore.com\/fr\/\"},{\"@type\":\"ListItem\",\"position\":2,\"name\":\"Shop\",\"item\":\"https:\/\/dutchhealthstore.com\/fr\/shop\/\"},{\"@type\":\"ListItem\",\"position\":3,\"name\":\"Mandarin Essential Oil\"}]},{\"@type\":\"WebSite\",\"@id\":\"https:\/\/dutchhealthstore.com\/fr\/#website\",\"url\":\"https:\/\/dutchhealthstore.com\/fr\/\",\"name\":\"Dutch Health Store\",\"description\":\"Enhance Your Beauty with Organic &amp; Natural Skincare\",\"publisher\":{\"@id\":\"https:\/\/dutchhealthstore.com\/fr\/#organization\"},\"potentialAction\":[{\"@type\":\"SearchAction\",\"target\":{\"@type\":\"EntryPoint\",\"urlTemplate\":\"https:\/\/dutchhealthstore.com\/fr\/?s={search_term_string}\"},\"query-input\":{\"@type\":\"PropertyValueSpecification\",\"valueRequired\":true,\"valueName\":\"search_term_string\"}}],\"inLanguage\":\"fr-FR\"},{\"@type\":\"Organization\",\"@id\":\"https:\/\/dutchhealthstore.com\/fr\/#organization\",\"name\":\"Dutch Health Store\",\"url\":\"https:\/\/dutchhealthstore.com\/fr\/\",\"logo\":{\"@type\":\"ImageObject\",\"inLanguage\":\"fr-FR\",\"@id\":\"https:\/\/dutchhealthstore.com\/fr\/#\/schema\/logo\/image\/\",\"url\":\"https:\/\/dutchhealthstore.com\/wp-content\/uploads\/2020\/08\/logo-dutchhealthstore-jpg-e1599484957574.jpg\",\"contentUrl\":\"https:\/\/dutchhealthstore.com\/wp-content\/uploads\/2020\/08\/logo-dutchhealthstore-jpg-e1599484957574.jpg\",\"width\":400,\"height\":62,\"caption\":\"Dutch Health Store\"},\"image\":{\"@id\":\"https:\/\/dutchhealthstore.com\/fr\/#\/schema\/logo\/image\/\"},\"sameAs\":[\"https:\/\/www.instagram.com\/dutchhealthstore\/\",\"https:\/\/www.facebook.com\/dutchhealthstore\"]}]}<\/script>\n<meta property=\"product:brand\" content=\"Living Libations\" \/>\n<meta property=\"og:availability\" content=\"instock\" \/>\n<meta property=\"product:availability\" content=\"instock\" \/>\n<meta property=\"product:condition\" content=\"new\" \/>\n<!-- \/ Yoast SEO Premium plugin. -->","yoast_head_json":{"title":"Mandarin Essential Oil | Living Libations","description":"Mandarin Essential Oil merveilleuse est un r\u00eave italien d'agrumes p\u00e9tillants impr\u00e9gn\u00e9s des fleurs parfum\u00e9es de la mandarine.","robots":{"index":"index","follow":"follow","max-snippet":"max-snippet:-1","max-image-preview":"max-image-preview:large","max-video-preview":"max-video-preview:-1"},"canonical":"https:\/\/dutchhealthstore.com\/fr\/product\/mandarin-essential-oil\/","og_locale":"fr_FR","og_type":"article","og_title":"Mandarin Essential Oil - Dutch Health Store","og_description":"Mandarin Essential Oil merveilleuse est un r\u00eave italien d'agrumes p\u00e9tillants impr\u00e9gn\u00e9s des fleurs parfum\u00e9es de la mandarine.","og_url":"https:\/\/dutchhealthstore.com\/fr\/product\/mandarin-essential-oil\/","og_site_name":"Dutch Health Store","article_publisher":"https:\/\/www.instagram.com\/dutchhealthstore\/","article_modified_time":"2025-11-23T12:05:13+00:00","og_image":[{"width":500,"height":498,"url":"https:\/\/dutchhealthstore.com\/wp-content\/uploads\/2018\/02\/Mandarin-Essential-Oil-living-Libations-e1592894061598.jpg","type":"image\/jpeg"}],"twitter_card":"summary_large_image","twitter_misc":{"Disponibilit\u00e9":"En stock"},"schema":{"@context":"https:\/\/schema.org","@graph":[{"@type":"WebPage","@id":"https:\/\/dutchhealthstore.com\/fr\/product\/mandarin-essential-oil\/","url":"https:\/\/dutchhealthstore.com\/fr\/product\/mandarin-essential-oil\/","name":"Mandarin Essential Oil | Living Libations","isPartOf":{"@id":"https:\/\/dutchhealthstore.com\/fr\/#website"},"primaryImageOfPage":{"@id":"https:\/\/dutchhealthstore.com\/fr\/product\/mandarin-essential-oil\/#primaryimage"},"image":{"@id":"https:\/\/dutchhealthstore.com\/fr\/product\/mandarin-essential-oil\/#primaryimage"},"thumbnailUrl":"https:\/\/dutchhealthstore.com\/wp-content\/uploads\/2018\/02\/Mandarin-Essential-Oil-living-Libations-e1592894061598.jpg","datePublished":"2020-06-23T04:44:47+00:00","dateModified":"2025-11-23T12:05:13+00:00","description":"Mandarin Essential Oil merveilleuse est un r\u00eave italien d'agrumes p\u00e9tillants impr\u00e9gn\u00e9s des fleurs parfum\u00e9es de la mandarine.","breadcrumb":{"@id":"https:\/\/dutchhealthstore.com\/fr\/product\/mandarin-essential-oil\/#breadcrumb"},"inLanguage":"fr-FR","potentialAction":[{"@type":"ReadAction","target":["https:\/\/dutchhealthstore.com\/fr\/product\/mandarin-essential-oil\/"]}]},{"@type":"ImageObject","inLanguage":"fr-FR","@id":"https:\/\/dutchhealthstore.com\/fr\/product\/mandarin-essential-oil\/#primaryimage","url":"https:\/\/dutchhealthstore.com\/wp-content\/uploads\/2018\/02\/Mandarin-Essential-Oil-living-Libations-e1592894061598.jpg","contentUrl":"https:\/\/dutchhealthstore.com\/wp-content\/uploads\/2018\/02\/Mandarin-Essential-Oil-living-Libations-e1592894061598.jpg","width":500,"height":498,"caption":"Mandarin Essential Oil - living Libations"},{"@type":"BreadcrumbList","@id":"https:\/\/dutchhealthstore.com\/fr\/product\/mandarin-essential-oil\/#breadcrumb","itemListElement":[{"@type":"ListItem","position":1,"name":"Home","item":"https:\/\/dutchhealthstore.com\/fr\/"},{"@type":"ListItem","position":2,"name":"Shop","item":"https:\/\/dutchhealthstore.com\/fr\/shop\/"},{"@type":"ListItem","position":3,"name":"Mandarin Essential Oil"}]},{"@type":"WebSite","@id":"https:\/\/dutchhealthstore.com\/fr\/#website","url":"https:\/\/dutchhealthstore.com\/fr\/","name":"Dutch Health Store","description":"Enhance Your Beauty with Organic &amp; Natural Skincare","publisher":{"@id":"https:\/\/dutchhealthstore.com\/fr\/#organization"},"potentialAction":[{"@type":"SearchAction","target":{"@type":"EntryPoint","urlTemplate":"https:\/\/dutchhealthstore.com\/fr\/?s={search_term_string}"},"query-input":{"@type":"PropertyValueSpecification","valueRequired":true,"valueName":"search_term_string"}}],"inLanguage":"fr-FR"},{"@type":"Organization","@id":"https:\/\/dutchhealthstore.com\/fr\/#organization","name":"Dutch Health Store","url":"https:\/\/dutchhealthstore.com\/fr\/","logo":{"@type":"ImageObject","inLanguage":"fr-FR","@id":"https:\/\/dutchhealthstore.com\/fr\/#\/schema\/logo\/image\/","url":"https:\/\/dutchhealthstore.com\/wp-content\/uploads\/2020\/08\/logo-dutchhealthstore-jpg-e1599484957574.jpg","contentUrl":"https:\/\/dutchhealthstore.com\/wp-content\/uploads\/2020\/08\/logo-dutchhealthstore-jpg-e1599484957574.jpg","width":400,"height":62,"caption":"Dutch Health Store"},"image":{"@id":"https:\/\/dutchhealthstore.com\/fr\/#\/schema\/logo\/image\/"},"sameAs":["https:\/\/www.instagram.com\/dutchhealthstore\/","https:\/\/www.facebook.com\/dutchhealthstore"]}]},"product_brand":"Living Libations","og_availability":"instock","product_availability":"instock","product_condition":"new"},"_links":{"self":[{"href":"https:\/\/dutchhealthstore.com\/fr\/wp-json\/wp\/v2\/product\/120539","targetHints":{"allow":["GET"]}}],"collection":[{"href":"https:\/\/dutchhealthstore.com\/fr\/wp-json\/wp\/v2\/product"}],"about":[{"href":"https:\/\/dutchhealthstore.com\/fr\/wp-json\/wp\/v2\/types\/product"}],"replies":[{"embeddable":true,"href":"https:\/\/dutchhealthstore.com\/fr\/wp-json\/wp\/v2\/comments?post=120539"}],"wp:featuredmedia":[{"embeddable":true,"href":"https:\/\/dutchhealthstore.com\/fr\/wp-json\/wp\/v2\/media\/70488"}],"wp:attachment":[{"href":"https:\/\/dutchhealthstore.com\/fr\/wp-json\/wp\/v2\/media?parent=120539"}],"wp:term":[{"taxonomy":"product_brand","embeddable":true,"href":"https:\/\/dutchhealthstore.com\/fr\/wp-json\/wp\/v2\/product_brand?post=120539"},{"taxonomy":"product_cat","embeddable":true,"href":"https:\/\/dutchhealthstore.com\/fr\/wp-json\/wp\/v2\/product_cat?post=120539"},{"taxonomy":"product_tag","embeddable":true,"href":"https:\/\/dutchhealthstore.com\/fr\/wp-json\/wp\/v2\/product_tag?post=120539"}],"curies":[{"name":"wp","href":"https:\/\/api.w.org\/{rel}","templated":true}]}}