{"id":120501,"date":"2020-07-07T11:58:36","date_gmt":"2020-07-07T09:58:36","guid":{"rendered":"https:\/\/dutchhealthstore.com\/product\/magnolia-leaf-essential-oil\/"},"modified":"2023-05-03T07:21:23","modified_gmt":"2023-05-03T07:21:23","slug":"magnolia-leaf-essential-oil","status":"publish","type":"product","link":"https:\/\/dutchhealthstore.com\/fr\/product\/magnolia-leaf-essential-oil\/","title":{"rendered":"Magnolia Leaf Essential Oil"},"content":{"rendered":"<p><strong><img decoding=\"async\" class=\"size-full wp-image-69549 alignright\" src=\"https:\/\/dutchhealthstore.com\/wp-content\/uploads\/2019\/08\/NEW-Living-Libations-Logo.jpg\" alt=\"NEW - Living Libations - Logo\" width=\"175\" height=\"82\">Nom botanique :<\/strong> Michelia alba<br \/>\n<strong>Famille botanique :<\/strong> Magnoliaceae<br \/>\n<strong>M\u00e9thode d&rsquo;extraction :<\/strong> Distillation \u00e0 la vapeur<br \/>\n<strong>Partie de la plante distill\u00e9e :<\/strong> Feuilles<br \/>\n<strong>Pays d&rsquo;origine :<\/strong> Inde<br \/>\n<strong>M\u00e9thode de culture :<\/strong> Sauvage<br \/>\n<strong>Composition :<\/strong> 100% Michelia alba<br \/>\n<strong>Coh\u00e9rence :<\/strong> Mince<\/p>\n<h3>Description de l&rsquo;odeur<\/h3>\n<p>Figues douces et bergamote avec des notes de bois vert et de myrte.<\/p>\n<h3>Se marie bien avec<\/h3>\n<p>Fleur de magnolia, bergamote, orange sanguine, douglas, c\u00e9drat, myrte citronn\u00e9, ylang, rose, v\u00e9tiver, verveine citronn\u00e9e, pamplemousse, grand sapin, hysope, g\u00e9ranium et encens.<\/p>\n<a href=\"https:\/\/dutchhealthstore.com\/wp-content\/uploads\/2020\/07\/ANALYSIS-Magnolia-Leaf-Essential-Oil-Living-Libations-3.pdf\" class=\"button primary is-primary is-small\"  >\n\t\t<span>ANALYSE DES HUILES ESSENTIELLES &gt;<\/span>\n\t<\/a>\n\n<h3>Utilisations<\/h3>\n<p>Excellent \u00e9mollient pour les peaux s\u00e8ches et rugueuses. Super hydratant. Aromatique amoureuse pour les bains, les diffusions, et les infusions dans les huiles de massage. Accentue les parfums et les eaux de Cologne avec des notes vertes luxuriantes.<\/p>\n<p>Magnolia Leaf Essential Oil majestueuse exploite l&rsquo;ancienne merveille de l&rsquo;arbre Champa. Cette belle essence de feuille est distill\u00e9e \u00e0 la vapeur pour capturer les nuances naturel de ce feuillage v\u00e9n\u00e9r\u00e9. Contrairement au parfum sucr\u00e9 de la fleur de magnolia, qui rappelle le freesia, la feuille de magnolia d\u00e9gage un ar\u00f4me plus vert, plus bois\u00e9 et plus complexe.<\/p>\n<p>La feuille du magnolia peut \u00eatre particuli\u00e8rement b\u00e9n\u00e9fique pour renforcer les peaux fatigu\u00e9es et est souvent utilis\u00e9e dans les produits de beaut\u00e9 comme traitement pour les yeux.<\/p>\n<p>Inhalez les mol\u00e9cules de magnolia qui renforcent le sentiment de paix et de bien-\u00eatre, tandis que les qualit\u00e9s amoureuses inspirantes de cette feuille constituent un stimulant captivant pour la confiance. En plus d&rsquo;inspirer l&rsquo;amour des autres, cette huile suscite un sentiment accru d&rsquo;amour de soi, aidant ceux qui l&rsquo;utilisent \u00e0 voir et \u00e0 exp\u00e9rimenter la riche profondeur de leur monde int\u00e9rieur.<\/p>\n<p>Appr\u00e9ciez le sacr\u00e9 dans le quotidien avec Magnolia Leaf Essential Oil, un fid\u00e8le partisan de l&rsquo;amour de soi, de l&rsquo;expression de soi et du bien-\u00eatre inspir\u00e9.<\/p>\n<p><strong>Taille : 5 ml et 15 ml<\/strong><\/p>\n<h3>Ingr\u00e9dients biologiques<\/h3>\n<p>100% d&rsquo;huile essentielle de feuilles de magnolia (Michelia alba).<\/p>\n<p style=\"text-align: center;\"><em>\u00ab\u00a0Il a parl\u00e9 du Magnolia r\u00e9pandu comme un nuage, tr\u00e8s haut dans le ciel ! Le Cypr\u00e8s et sa fl\u00e8che ; des fleurs qui, d&rsquo;une lueur \u00e9carlate, couvrent cent lieues, et semblent embraser les collines. \u00ab\u00a0<\/em><br \/>\n~ William Wordsworth<\/p>\n<p style=\"text-align: center;\"><em>\u00ab\u00a0Le Champaca est un arbre \u00e0 feuilles persistantes originaire d&rsquo;Asie. L&rsquo;arbre atteint une hauteur d&rsquo;environ 65 pieds, poss\u00e8de de longues feuilles vertes brillantes et de petites fleurs blanches, jaunes ou rouges parfum\u00e9es qui se transforment en fruits jaune-vert.\u00a0\u00bb<\/em><br \/>\n~ Carol Schiller and David Schiller, <strong>The Aromatherapy Encyclopedia<\/strong><\/p>\n<p><img fetchpriority=\"high\" decoding=\"async\" class=\"size-medium wp-image-68103 aligncenter\" src=\"https:\/\/dutchhealthstore.com\/wp-content\/uploads\/2018\/02\/Living-Libations-Organic-Logo-800x89.png\" alt=\"Living Libations - Organic Logo\" width=\"800\" height=\"89\" srcset=\"https:\/\/dutchhealthstore.com\/wp-content\/uploads\/2018\/02\/Living-Libations-Organic-Logo-800x89.png 800w, https:\/\/dutchhealthstore.com\/wp-content\/uploads\/2018\/02\/Living-Libations-Organic-Logo-510x57.png 510w, https:\/\/dutchhealthstore.com\/wp-content\/uploads\/2018\/02\/Living-Libations-Organic-Logo-768x85.png 768w, https:\/\/dutchhealthstore.com\/wp-content\/uploads\/2018\/02\/Living-Libations-Organic-Logo.png 1400w\" sizes=\"(max-width: 800px) 100vw, 800px\" \/><\/p>\n","protected":false},"excerpt":{"rendered":"<p><strong>Magnolia Leaf Essential Oil<\/strong> contient les pouvoirs v\u00e9g\u00e9taux purs d&rsquo;une esp\u00e8ce d&rsquo;arbres qui a vu le jour il y a quelque 95 millions d&rsquo;ann\u00e9es.<br \/>\nDepuis des mill\u00e9naires, cette beaut\u00e9 antique fascine par ses feuilles brillantes et audacieuses, ses fleurs s\u00e9duisantes et son ar\u00f4me envo\u00fbtant.<br \/>\nL&rsquo;arbre Magnolia, \u00e9galement connu sous le nom d&rsquo;arbre Champa ou Michelia champaca, est v\u00e9n\u00e9r\u00e9 en Inde pour son ambroisie aromatique et ses vertus apothicaires.<\/p>\n","protected":false},"featured_media":111857,"comment_status":"open","ping_status":"closed","template":"","meta":[],"product_brand":[],"product_cat":[6734,1507,1211,1209,3757,6733],"product_tag":[4495],"class_list":{"0":"post-120501","1":"product","2":"type-product","3":"status-publish","4":"has-post-thumbnail","6":"product_cat-essential-oils","7":"product_cat-plantes-huiles-essentielles-living-libations","8":"product_cat-living-libations-france","9":"product_cat-par-marques","10":"product_cat-plantes-huiles-essentielles","11":"product_cat-wellness-fr-2","12":"product_tag-essential-oil-fr","13":"pa_brand-livinglibations-fr","14":"pa_essential-oils-product-type-essential-oils-fr","15":"pa_size-15-ml-fr","16":"pa_size-5-ml-fr","18":"first","19":"instock","20":"taxable","21":"shipping-taxable","22":"purchasable","23":"product-type-variable"},"bundled_by":[],"bundle_stock_status":"instock","bundle_stock_quantity":null,"bundle_virtual":false,"bundle_layout":"","bundle_add_to_cart_form_location":"","bundle_editable_in_cart":false,"bundle_sold_individually_context":"","bundle_item_grouping":"","bundle_min_size":"","bundle_max_size":"","bundle_price":[],"bundled_items":[],"bundle_sell_ids":[],"atum_controlled":true,"out_stock_date":null,"out_stock_threshold":null,"inheritable":true,"stock_on_hold":0,"sold_today":0,"sales_last_days":0,"out_stock_days":0,"lost_sales":0,"update_date":"2026-04-11T00:01:22","atum_locations":[],"atum_stock_status":"instock","restock_status":false,"low_stock_amount":"","sales_update_date":"2026-04-11T00:01:22","calc_backorders":null,"group_of_quantity":0,"min_quantity":0,"max_quantity":"","exclude_order_quantity_value_rules":"no","exclude_category_quantity_rules":"no","combine_variations":"no","yoast_head":"<!-- This site is optimized with the Yoast SEO Premium plugin v26.5 (Yoast SEO v26.5) - https:\/\/yoast.com\/wordpress\/plugins\/seo\/ -->\n<title>Magnolia Leaf Essential Oil | Living Libations<\/title>\n<meta name=\"description\" content=\"Magnolia Leaf Essential Oil contient les pouvoirs v\u00e9g\u00e9taux purs d&#039;une esp\u00e8ce d&#039;arbres qui a vu le jour il y a quelque 95 millions d&#039;ann\u00e9es.\" \/>\n<meta name=\"robots\" content=\"index, follow, max-snippet:-1, max-image-preview:large, max-video-preview:-1\" \/>\n<link rel=\"canonical\" href=\"https:\/\/dutchhealthstore.com\/fr\/product\/magnolia-leaf-essential-oil\/\" \/>\n<meta property=\"og:locale\" content=\"fr_FR\" \/>\n<meta property=\"og:type\" content=\"article\" \/>\n<meta property=\"og:title\" content=\"Magnolia Leaf Essential Oil - Dutch Health Store\" \/>\n<meta property=\"og:description\" content=\"Magnolia Leaf Essential Oil contient les pouvoirs v\u00e9g\u00e9taux purs d&#039;une esp\u00e8ce d&#039;arbres qui a vu le jour il y a quelque 95 millions d&#039;ann\u00e9es.\" \/>\n<meta property=\"og:url\" content=\"https:\/\/dutchhealthstore.com\/fr\/product\/magnolia-leaf-essential-oil\/\" \/>\n<meta property=\"og:site_name\" content=\"Dutch Health Store\" \/>\n<meta property=\"article:publisher\" content=\"https:\/\/www.instagram.com\/dutchhealthstore\/\" \/>\n<meta property=\"article:modified_time\" content=\"2023-05-03T07:21:23+00:00\" \/>\n<meta property=\"og:image\" content=\"https:\/\/dutchhealthstore.com\/wp-content\/uploads\/2020\/07\/Living-Libations-Magnolia-Leaf-Essential-Oil-e1594122533800.jpg\" \/>\n\t<meta property=\"og:image:width\" content=\"500\" \/>\n\t<meta property=\"og:image:height\" content=\"500\" \/>\n\t<meta property=\"og:image:type\" content=\"image\/jpeg\" \/>\n<meta name=\"twitter:card\" content=\"summary_large_image\" \/>\n<meta name=\"twitter:label1\" content=\"Disponibilit\u00e9\" \/>\n\t<meta name=\"twitter:data1\" content=\"En stock\" \/>\n<script type=\"application\/ld+json\" class=\"yoast-schema-graph\">{\"@context\":\"https:\/\/schema.org\",\"@graph\":[{\"@type\":\"WebPage\",\"@id\":\"https:\/\/dutchhealthstore.com\/fr\/product\/magnolia-leaf-essential-oil\/\",\"url\":\"https:\/\/dutchhealthstore.com\/fr\/product\/magnolia-leaf-essential-oil\/\",\"name\":\"Magnolia Leaf Essential Oil | Living Libations\",\"isPartOf\":{\"@id\":\"https:\/\/dutchhealthstore.com\/fr\/#website\"},\"primaryImageOfPage\":{\"@id\":\"https:\/\/dutchhealthstore.com\/fr\/product\/magnolia-leaf-essential-oil\/#primaryimage\"},\"image\":{\"@id\":\"https:\/\/dutchhealthstore.com\/fr\/product\/magnolia-leaf-essential-oil\/#primaryimage\"},\"thumbnailUrl\":\"https:\/\/dutchhealthstore.com\/wp-content\/uploads\/2020\/07\/Living-Libations-Magnolia-Leaf-Essential-Oil-e1594122533800.jpg\",\"datePublished\":\"2020-07-07T09:58:36+00:00\",\"dateModified\":\"2023-05-03T07:21:23+00:00\",\"description\":\"Magnolia Leaf Essential Oil contient les pouvoirs v\u00e9g\u00e9taux purs d'une esp\u00e8ce d'arbres qui a vu le jour il y a quelque 95 millions d'ann\u00e9es.\",\"breadcrumb\":{\"@id\":\"https:\/\/dutchhealthstore.com\/fr\/product\/magnolia-leaf-essential-oil\/#breadcrumb\"},\"inLanguage\":\"fr-FR\",\"potentialAction\":[{\"@type\":\"ReadAction\",\"target\":[\"https:\/\/dutchhealthstore.com\/fr\/product\/magnolia-leaf-essential-oil\/\"]}]},{\"@type\":\"ImageObject\",\"inLanguage\":\"fr-FR\",\"@id\":\"https:\/\/dutchhealthstore.com\/fr\/product\/magnolia-leaf-essential-oil\/#primaryimage\",\"url\":\"https:\/\/dutchhealthstore.com\/wp-content\/uploads\/2020\/07\/Living-Libations-Magnolia-Leaf-Essential-Oil-e1594122533800.jpg\",\"contentUrl\":\"https:\/\/dutchhealthstore.com\/wp-content\/uploads\/2020\/07\/Living-Libations-Magnolia-Leaf-Essential-Oil-e1594122533800.jpg\",\"width\":500,\"height\":500,\"caption\":\"Living Libations Magnolia Leaf Essential Oil\"},{\"@type\":\"BreadcrumbList\",\"@id\":\"https:\/\/dutchhealthstore.com\/fr\/product\/magnolia-leaf-essential-oil\/#breadcrumb\",\"itemListElement\":[{\"@type\":\"ListItem\",\"position\":1,\"name\":\"Home\",\"item\":\"https:\/\/dutchhealthstore.com\/fr\/\"},{\"@type\":\"ListItem\",\"position\":2,\"name\":\"Shop\",\"item\":\"https:\/\/dutchhealthstore.com\/fr\/shop\/\"},{\"@type\":\"ListItem\",\"position\":3,\"name\":\"Magnolia Leaf Essential Oil\"}]},{\"@type\":\"WebSite\",\"@id\":\"https:\/\/dutchhealthstore.com\/fr\/#website\",\"url\":\"https:\/\/dutchhealthstore.com\/fr\/\",\"name\":\"Dutch Health Store\",\"description\":\"Enhance Your Beauty with Organic &amp; Natural Skincare\",\"publisher\":{\"@id\":\"https:\/\/dutchhealthstore.com\/fr\/#organization\"},\"potentialAction\":[{\"@type\":\"SearchAction\",\"target\":{\"@type\":\"EntryPoint\",\"urlTemplate\":\"https:\/\/dutchhealthstore.com\/fr\/?s={search_term_string}\"},\"query-input\":{\"@type\":\"PropertyValueSpecification\",\"valueRequired\":true,\"valueName\":\"search_term_string\"}}],\"inLanguage\":\"fr-FR\"},{\"@type\":\"Organization\",\"@id\":\"https:\/\/dutchhealthstore.com\/fr\/#organization\",\"name\":\"Dutch Health Store\",\"url\":\"https:\/\/dutchhealthstore.com\/fr\/\",\"logo\":{\"@type\":\"ImageObject\",\"inLanguage\":\"fr-FR\",\"@id\":\"https:\/\/dutchhealthstore.com\/fr\/#\/schema\/logo\/image\/\",\"url\":\"https:\/\/dutchhealthstore.com\/wp-content\/uploads\/2020\/08\/logo-dutchhealthstore-jpg-e1599484957574.jpg\",\"contentUrl\":\"https:\/\/dutchhealthstore.com\/wp-content\/uploads\/2020\/08\/logo-dutchhealthstore-jpg-e1599484957574.jpg\",\"width\":400,\"height\":62,\"caption\":\"Dutch Health Store\"},\"image\":{\"@id\":\"https:\/\/dutchhealthstore.com\/fr\/#\/schema\/logo\/image\/\"},\"sameAs\":[\"https:\/\/www.instagram.com\/dutchhealthstore\/\",\"https:\/\/www.facebook.com\/dutchhealthstore\"]}]}<\/script>\n<meta property=\"product:brand\" content=\"Living Libations\" \/>\n<meta property=\"og:availability\" content=\"instock\" \/>\n<meta property=\"product:availability\" content=\"instock\" \/>\n<meta property=\"product:condition\" content=\"new\" \/>\n<!-- \/ Yoast SEO Premium plugin. -->","yoast_head_json":{"title":"Magnolia Leaf Essential Oil | Living Libations","description":"Magnolia Leaf Essential Oil contient les pouvoirs v\u00e9g\u00e9taux purs d'une esp\u00e8ce d'arbres qui a vu le jour il y a quelque 95 millions d'ann\u00e9es.","robots":{"index":"index","follow":"follow","max-snippet":"max-snippet:-1","max-image-preview":"max-image-preview:large","max-video-preview":"max-video-preview:-1"},"canonical":"https:\/\/dutchhealthstore.com\/fr\/product\/magnolia-leaf-essential-oil\/","og_locale":"fr_FR","og_type":"article","og_title":"Magnolia Leaf Essential Oil - Dutch Health Store","og_description":"Magnolia Leaf Essential Oil contient les pouvoirs v\u00e9g\u00e9taux purs d'une esp\u00e8ce d'arbres qui a vu le jour il y a quelque 95 millions d'ann\u00e9es.","og_url":"https:\/\/dutchhealthstore.com\/fr\/product\/magnolia-leaf-essential-oil\/","og_site_name":"Dutch Health Store","article_publisher":"https:\/\/www.instagram.com\/dutchhealthstore\/","article_modified_time":"2023-05-03T07:21:23+00:00","og_image":[{"width":500,"height":500,"url":"https:\/\/dutchhealthstore.com\/wp-content\/uploads\/2020\/07\/Living-Libations-Magnolia-Leaf-Essential-Oil-e1594122533800.jpg","type":"image\/jpeg"}],"twitter_card":"summary_large_image","twitter_misc":{"Disponibilit\u00e9":"En stock"},"schema":{"@context":"https:\/\/schema.org","@graph":[{"@type":"WebPage","@id":"https:\/\/dutchhealthstore.com\/fr\/product\/magnolia-leaf-essential-oil\/","url":"https:\/\/dutchhealthstore.com\/fr\/product\/magnolia-leaf-essential-oil\/","name":"Magnolia Leaf Essential Oil | Living Libations","isPartOf":{"@id":"https:\/\/dutchhealthstore.com\/fr\/#website"},"primaryImageOfPage":{"@id":"https:\/\/dutchhealthstore.com\/fr\/product\/magnolia-leaf-essential-oil\/#primaryimage"},"image":{"@id":"https:\/\/dutchhealthstore.com\/fr\/product\/magnolia-leaf-essential-oil\/#primaryimage"},"thumbnailUrl":"https:\/\/dutchhealthstore.com\/wp-content\/uploads\/2020\/07\/Living-Libations-Magnolia-Leaf-Essential-Oil-e1594122533800.jpg","datePublished":"2020-07-07T09:58:36+00:00","dateModified":"2023-05-03T07:21:23+00:00","description":"Magnolia Leaf Essential Oil contient les pouvoirs v\u00e9g\u00e9taux purs d'une esp\u00e8ce d'arbres qui a vu le jour il y a quelque 95 millions d'ann\u00e9es.","breadcrumb":{"@id":"https:\/\/dutchhealthstore.com\/fr\/product\/magnolia-leaf-essential-oil\/#breadcrumb"},"inLanguage":"fr-FR","potentialAction":[{"@type":"ReadAction","target":["https:\/\/dutchhealthstore.com\/fr\/product\/magnolia-leaf-essential-oil\/"]}]},{"@type":"ImageObject","inLanguage":"fr-FR","@id":"https:\/\/dutchhealthstore.com\/fr\/product\/magnolia-leaf-essential-oil\/#primaryimage","url":"https:\/\/dutchhealthstore.com\/wp-content\/uploads\/2020\/07\/Living-Libations-Magnolia-Leaf-Essential-Oil-e1594122533800.jpg","contentUrl":"https:\/\/dutchhealthstore.com\/wp-content\/uploads\/2020\/07\/Living-Libations-Magnolia-Leaf-Essential-Oil-e1594122533800.jpg","width":500,"height":500,"caption":"Living Libations Magnolia Leaf Essential Oil"},{"@type":"BreadcrumbList","@id":"https:\/\/dutchhealthstore.com\/fr\/product\/magnolia-leaf-essential-oil\/#breadcrumb","itemListElement":[{"@type":"ListItem","position":1,"name":"Home","item":"https:\/\/dutchhealthstore.com\/fr\/"},{"@type":"ListItem","position":2,"name":"Shop","item":"https:\/\/dutchhealthstore.com\/fr\/shop\/"},{"@type":"ListItem","position":3,"name":"Magnolia Leaf Essential Oil"}]},{"@type":"WebSite","@id":"https:\/\/dutchhealthstore.com\/fr\/#website","url":"https:\/\/dutchhealthstore.com\/fr\/","name":"Dutch Health Store","description":"Enhance Your Beauty with Organic &amp; Natural Skincare","publisher":{"@id":"https:\/\/dutchhealthstore.com\/fr\/#organization"},"potentialAction":[{"@type":"SearchAction","target":{"@type":"EntryPoint","urlTemplate":"https:\/\/dutchhealthstore.com\/fr\/?s={search_term_string}"},"query-input":{"@type":"PropertyValueSpecification","valueRequired":true,"valueName":"search_term_string"}}],"inLanguage":"fr-FR"},{"@type":"Organization","@id":"https:\/\/dutchhealthstore.com\/fr\/#organization","name":"Dutch Health Store","url":"https:\/\/dutchhealthstore.com\/fr\/","logo":{"@type":"ImageObject","inLanguage":"fr-FR","@id":"https:\/\/dutchhealthstore.com\/fr\/#\/schema\/logo\/image\/","url":"https:\/\/dutchhealthstore.com\/wp-content\/uploads\/2020\/08\/logo-dutchhealthstore-jpg-e1599484957574.jpg","contentUrl":"https:\/\/dutchhealthstore.com\/wp-content\/uploads\/2020\/08\/logo-dutchhealthstore-jpg-e1599484957574.jpg","width":400,"height":62,"caption":"Dutch Health Store"},"image":{"@id":"https:\/\/dutchhealthstore.com\/fr\/#\/schema\/logo\/image\/"},"sameAs":["https:\/\/www.instagram.com\/dutchhealthstore\/","https:\/\/www.facebook.com\/dutchhealthstore"]}]},"product_brand":"Living Libations","og_availability":"instock","product_availability":"instock","product_condition":"new"},"_links":{"self":[{"href":"https:\/\/dutchhealthstore.com\/fr\/wp-json\/wp\/v2\/product\/120501","targetHints":{"allow":["GET"]}}],"collection":[{"href":"https:\/\/dutchhealthstore.com\/fr\/wp-json\/wp\/v2\/product"}],"about":[{"href":"https:\/\/dutchhealthstore.com\/fr\/wp-json\/wp\/v2\/types\/product"}],"replies":[{"embeddable":true,"href":"https:\/\/dutchhealthstore.com\/fr\/wp-json\/wp\/v2\/comments?post=120501"}],"wp:featuredmedia":[{"embeddable":true,"href":"https:\/\/dutchhealthstore.com\/fr\/wp-json\/wp\/v2\/media\/111857"}],"wp:attachment":[{"href":"https:\/\/dutchhealthstore.com\/fr\/wp-json\/wp\/v2\/media?parent=120501"}],"wp:term":[{"taxonomy":"product_brand","embeddable":true,"href":"https:\/\/dutchhealthstore.com\/fr\/wp-json\/wp\/v2\/product_brand?post=120501"},{"taxonomy":"product_cat","embeddable":true,"href":"https:\/\/dutchhealthstore.com\/fr\/wp-json\/wp\/v2\/product_cat?post=120501"},{"taxonomy":"product_tag","embeddable":true,"href":"https:\/\/dutchhealthstore.com\/fr\/wp-json\/wp\/v2\/product_tag?post=120501"}],"curies":[{"name":"wp","href":"https:\/\/api.w.org\/{rel}","templated":true}]}}