{"id":120414,"date":"2018-02-10T19:50:11","date_gmt":"2018-02-10T18:50:11","guid":{"rendered":"https:\/\/dutchhealthstore.com\/product\/magnolia-flower-essential-oil\/"},"modified":"2025-12-23T09:23:27","modified_gmt":"2025-12-23T08:23:27","slug":"magnolia-flower-essential-oil","status":"publish","type":"product","link":"https:\/\/dutchhealthstore.com\/fr\/product\/magnolia-flower-essential-oil\/","title":{"rendered":"Magnolia Flower Essential Oil"},"content":{"rendered":"<p><img decoding=\"async\" class=\"alignright size-full wp-image-37041\" src=\"https:\/\/dutchhealthstore.com\/wp-content\/uploads\/2018\/04\/Living_Libations-1.png\" alt=\"Organic &amp; Natural Beautyproducts - Living Libations\" width=\"175\" height=\"82\"><\/p>\n<p><strong>Nom botanique: <\/strong><em>Michelia alba<\/em><br \/>\n<strong>Famille botanique: <\/strong><em>Magnoliaceae<\/em><br \/>\n<strong>M\u00e9thode d&rsquo;extraction: <\/strong>Distillation \u00e0 la vapeur<br \/>\n<strong>Partie de la plante distill\u00e9e:<\/strong> Fleurs<br \/>\n<strong>Pays d&rsquo;origine:<\/strong> Inde<br \/>\n<strong>M\u00e9thode de culture:<\/strong> Sauvage<br \/>\n<strong>Composition:<\/strong> 100% <em>Michelia alba<\/em><br \/>\n<strong>Coh\u00e9rence:<\/strong> Mince<\/p>\n<a href=\"https:\/\/dutchhealthstore.com\/wp-content\/uploads\/2018\/02\/ANALYSIS-Magnolia-Flower-Essential-Oil-Living-Libations.pdf\" class=\"button primary is-primary is-small\"  >\n\t\t<span>ANALYSE &gt;<\/span>\n\t<\/a>\n\n<h3>Description de l&rsquo;odeur<\/h3>\n<p>Frais, floral vert avec des notes de freesia et de fruits. Se m\u00e9lange bien avec: Jasmin, Citron, Ylang, Coriandre, Tub\u00e9reuse, Pamplemousse, Rose, Ylang, et Bergamote.<\/p>\n<h3>Utilisations<\/h3>\n<p>Des m\u00e9langes d&rsquo;huile de magnolia ont \u00e9t\u00e9 utilis\u00e9s pour humidifier la peau s\u00e8che et faire fondre les muscles lors de massages. Ce parfum est id\u00e9al pour inspirer la communion et la communication. Augmenter la confiance et am\u00e9liorer le bien-\u00eatre. C&rsquo;est un bain de beaut\u00e9 et de fleurs d&rsquo;amour dans un diffuseur. Oindre les cheveux et les poignets pour les appr\u00e9cier comme un parfum en pleine floraison.<\/p>\n<p>Notre merveilleuse Magnolia Flower Essential Oil est une expression luxueuse de la beaut\u00e9 naturel, m\u00e9langeant les \u00e9nergies rajeunissantes de la nature avec les indulgences romantiques du c\u0153ur humain. L&rsquo;essence de fleur de magnolia est une merveille de la nature. Les fleurs de magnolia sont r\u00e9colt\u00e9es la nuit, lorsque leur parfum est le plus puissant. En Inde, les p\u00e9tales de ce d\u00e9licat bourgeon sont utilis\u00e9s comme un parfum amoureux, un \u00e9l\u00e9ment de rituel sacr\u00e9 et comme d\u00e9coration dans les cheveux des femmes.<\/p>\n<p>R\u00e9jouissez-vous de Magnolia Flower Essential Oil pour faire un parfum ou une huile capillaire aux p\u00e9tales, enflammez le c\u0153ur, inspirez le corps, et entrez en contact avec les sens.<\/p>\n<p><strong>Taille: 5 ml et 15 ml<\/strong><\/p>\n<h3>Ingr\u00e9dients Biologiques<\/h3>\n<p>100% d&rsquo;huile essentielle de fleur de magnolia (Michelia alba).<\/p>\n<p style=\"text-align: center;\"><em>\u00ab\u00a0Le lourd parfum des magnolias se m\u00eale \u00e0 la d\u00e9licate douceur des roses sauvages.\u00a0\u00bb<\/em><br \/>\n~ Zora Neale Hurston<\/p>\n<p style=\"text-align: center;\"><em>\u00ab\u00a0\u00c9galement appel\u00e9e huile de Champaca. Huile essentielle au parfum doux, distill\u00e9e \u00e0 partir des fleurs d&rsquo;esp\u00e8ces de l&rsquo;arbre Champaca qui poussent au N\u00e9pal, en Malaisie, en Indon\u00e9sie et aux Philippines. En Tha\u00eflande, elle est utilis\u00e9e comme huile corporelle et pour parfumer les cheveux. En Inde, les fleurs sont utilis\u00e9es par les femmes comme d\u00e9coration capillaire.\u00a0\u00bb<\/em><br \/>\n~ N. Groom, <strong>editor, New Perfume Handbook<\/strong><\/p>\n<p style=\"text-align: center;\"><em>\u00ab\u00a0Supposons que je devienne une fleur de champa, juste pour le plaisir, et que je grandisse sur une branche en haut de cet arbre, que je me secoue dans le vent en riant et que je danse sur les feuilles nouvellement bourgeonn\u00e9es, me reconna\u00eetrais-tu, m\u00e8re?\u00a0\u00bb<\/em><br \/>\n~ Rabindranath Tagore, <strong>The Champa Flower<\/strong><\/p>\n<p><img fetchpriority=\"high\" decoding=\"async\" class=\"aligncenter size-full wp-image-31577\" src=\"https:\/\/dutchhealthstore.com\/wp-content\/uploads\/2018\/03\/organic_big.png\" alt=\"Organic and Natural - Living Libations\" width=\"623\" height=\"103\" srcset=\"https:\/\/dutchhealthstore.com\/wp-content\/uploads\/2018\/03\/organic_big.png 623w, https:\/\/dutchhealthstore.com\/wp-content\/uploads\/2018\/03\/organic_big-510x84.png 510w, https:\/\/dutchhealthstore.com\/wp-content\/uploads\/2018\/03\/organic_big-600x99.png 600w, https:\/\/dutchhealthstore.com\/wp-content\/uploads\/2018\/03\/organic_big-350x58.png 350w\" sizes=\"(max-width: 623px) 100vw, 623px\" \/><\/p>\n","protected":false},"excerpt":{"rendered":"<p>Living Libations <strong>Magnolia Flower Oil<\/strong> exploite le pouvoir sacr\u00e9 et aromatique de l&rsquo;arbre de magnolia indien et de ses magnifiques boutons floraux blancs.<br \/>\nV\u00e9n\u00e9r\u00e9es par le peuple indien depuis des milliers d&rsquo;ann\u00e9es, les fleurs de magnolia, \u00e9galement connues sous le nom de Champa blanc, ont des propri\u00e9t\u00e9s calmantes et relaxantes, compens\u00e9es par un d\u00e9licat ar\u00f4me floral.<br \/>\nNotre Magnolia Flower Oil est un aphrodisiaque enivrant qui sert \u00e9galement d&rsquo;hydratant et de moyen de lutte contre les infections.<\/p>\n","protected":false},"featured_media":113634,"comment_status":"open","ping_status":"closed","template":"","meta":[],"product_brand":[],"product_cat":[6734,1507,1211,1209,3757,1010,6733],"product_tag":[4495],"class_list":{"0":"post-120414","1":"product","2":"type-product","3":"status-publish","4":"has-post-thumbnail","6":"product_cat-essential-oils","7":"product_cat-plantes-huiles-essentielles-living-libations","8":"product_cat-living-libations-france","9":"product_cat-par-marques","10":"product_cat-plantes-huiles-essentielles","11":"product_cat-notre-boutique","12":"product_cat-wellness-fr-2","13":"product_tag-essential-oil-fr","14":"pa_brand-livinglibations-fr","15":"pa_essential-oils-product-type-essential-oils-fr","16":"pa_size-15-ml-fr","17":"pa_size-5-ml-fr","19":"first","20":"instock","21":"taxable","22":"shipping-taxable","23":"purchasable","24":"product-type-variable"},"bundled_by":[],"bundle_stock_status":"instock","bundle_stock_quantity":null,"bundle_virtual":false,"bundle_layout":"","bundle_add_to_cart_form_location":"","bundle_editable_in_cart":false,"bundle_sold_individually_context":"","bundle_item_grouping":"","bundle_min_size":"","bundle_max_size":"","bundle_price":[],"bundled_items":[],"bundle_sell_ids":[],"atum_controlled":true,"out_stock_date":null,"out_stock_threshold":null,"inheritable":true,"stock_on_hold":0,"sold_today":0,"sales_last_days":0,"out_stock_days":0,"lost_sales":0,"update_date":"2026-04-17T00:06:57","atum_locations":[],"atum_stock_status":"instock","restock_status":false,"low_stock_amount":"","sales_update_date":"2026-04-17T00:06:57","calc_backorders":null,"group_of_quantity":0,"min_quantity":0,"max_quantity":"","exclude_order_quantity_value_rules":"no","exclude_category_quantity_rules":"no","combine_variations":"no","yoast_head":"<!-- This site is optimized with the Yoast SEO Premium plugin v26.5 (Yoast SEO v26.5) - https:\/\/yoast.com\/wordpress\/plugins\/seo\/ -->\n<title>Magnolia Flower Essential Oil | Living Libations<\/title>\n<meta name=\"description\" content=\"Living Libations Magnolia Flower Oil exploite le pouvoir sacr\u00e9 et aromatique de l&#039;arbre de magnolia indien et de ses magnifiques boutons floraux blancs.\" \/>\n<meta name=\"robots\" content=\"index, follow, max-snippet:-1, max-image-preview:large, max-video-preview:-1\" \/>\n<link rel=\"canonical\" href=\"https:\/\/dutchhealthstore.com\/fr\/product\/magnolia-flower-essential-oil\/\" \/>\n<meta property=\"og:locale\" content=\"fr_FR\" \/>\n<meta property=\"og:type\" content=\"article\" \/>\n<meta property=\"og:title\" content=\"Magnolia Flower Essential Oil - Dutch Health Store\" \/>\n<meta property=\"og:description\" content=\"Living Libations Magnolia Flower Oil exploite le pouvoir sacr\u00e9 et aromatique de l&#039;arbre de magnolia indien et de ses magnifiques boutons floraux blancs.\" \/>\n<meta property=\"og:url\" content=\"https:\/\/dutchhealthstore.com\/fr\/product\/magnolia-flower-essential-oil\/\" \/>\n<meta property=\"og:site_name\" content=\"Dutch Health Store\" \/>\n<meta property=\"article:publisher\" content=\"https:\/\/www.instagram.com\/dutchhealthstore\/\" \/>\n<meta property=\"article:modified_time\" content=\"2025-12-23T08:23:27+00:00\" \/>\n<meta property=\"og:image\" content=\"https:\/\/dutchhealthstore.com\/wp-content\/uploads\/2018\/02\/Living-Libations-Magnolia-Flower-Essential-Oil-e1594726169342.jpg\" \/>\n\t<meta property=\"og:image:width\" content=\"500\" \/>\n\t<meta property=\"og:image:height\" content=\"500\" \/>\n\t<meta property=\"og:image:type\" content=\"image\/jpeg\" \/>\n<meta name=\"twitter:card\" content=\"summary_large_image\" \/>\n<meta name=\"twitter:label1\" content=\"Disponibilit\u00e9\" \/>\n\t<meta name=\"twitter:data1\" content=\"En stock\" \/>\n<script type=\"application\/ld+json\" class=\"yoast-schema-graph\">{\"@context\":\"https:\/\/schema.org\",\"@graph\":[{\"@type\":\"WebPage\",\"@id\":\"https:\/\/dutchhealthstore.com\/fr\/product\/magnolia-flower-essential-oil\/\",\"url\":\"https:\/\/dutchhealthstore.com\/fr\/product\/magnolia-flower-essential-oil\/\",\"name\":\"Magnolia Flower Essential Oil | Living Libations\",\"isPartOf\":{\"@id\":\"https:\/\/dutchhealthstore.com\/fr\/#website\"},\"primaryImageOfPage\":{\"@id\":\"https:\/\/dutchhealthstore.com\/fr\/product\/magnolia-flower-essential-oil\/#primaryimage\"},\"image\":{\"@id\":\"https:\/\/dutchhealthstore.com\/fr\/product\/magnolia-flower-essential-oil\/#primaryimage\"},\"thumbnailUrl\":\"https:\/\/dutchhealthstore.com\/wp-content\/uploads\/2018\/02\/Living-Libations-Magnolia-Flower-Essential-Oil-e1594726169342.jpg\",\"datePublished\":\"2018-02-10T18:50:11+00:00\",\"dateModified\":\"2025-12-23T08:23:27+00:00\",\"description\":\"Living Libations Magnolia Flower Oil exploite le pouvoir sacr\u00e9 et aromatique de l'arbre de magnolia indien et de ses magnifiques boutons floraux blancs.\",\"breadcrumb\":{\"@id\":\"https:\/\/dutchhealthstore.com\/fr\/product\/magnolia-flower-essential-oil\/#breadcrumb\"},\"inLanguage\":\"fr-FR\",\"potentialAction\":[{\"@type\":\"ReadAction\",\"target\":[\"https:\/\/dutchhealthstore.com\/fr\/product\/magnolia-flower-essential-oil\/\"]}]},{\"@type\":\"ImageObject\",\"inLanguage\":\"fr-FR\",\"@id\":\"https:\/\/dutchhealthstore.com\/fr\/product\/magnolia-flower-essential-oil\/#primaryimage\",\"url\":\"https:\/\/dutchhealthstore.com\/wp-content\/uploads\/2018\/02\/Living-Libations-Magnolia-Flower-Essential-Oil-e1594726169342.jpg\",\"contentUrl\":\"https:\/\/dutchhealthstore.com\/wp-content\/uploads\/2018\/02\/Living-Libations-Magnolia-Flower-Essential-Oil-e1594726169342.jpg\",\"width\":500,\"height\":500,\"caption\":\"Living Libations Magnolia Flower Essential Oil\"},{\"@type\":\"BreadcrumbList\",\"@id\":\"https:\/\/dutchhealthstore.com\/fr\/product\/magnolia-flower-essential-oil\/#breadcrumb\",\"itemListElement\":[{\"@type\":\"ListItem\",\"position\":1,\"name\":\"Home\",\"item\":\"https:\/\/dutchhealthstore.com\/fr\/\"},{\"@type\":\"ListItem\",\"position\":2,\"name\":\"Shop\",\"item\":\"https:\/\/dutchhealthstore.com\/fr\/shop\/\"},{\"@type\":\"ListItem\",\"position\":3,\"name\":\"Magnolia Flower Essential Oil\"}]},{\"@type\":\"WebSite\",\"@id\":\"https:\/\/dutchhealthstore.com\/fr\/#website\",\"url\":\"https:\/\/dutchhealthstore.com\/fr\/\",\"name\":\"Dutch Health Store\",\"description\":\"Enhance Your Beauty with Organic &amp; Natural Skincare\",\"publisher\":{\"@id\":\"https:\/\/dutchhealthstore.com\/fr\/#organization\"},\"potentialAction\":[{\"@type\":\"SearchAction\",\"target\":{\"@type\":\"EntryPoint\",\"urlTemplate\":\"https:\/\/dutchhealthstore.com\/fr\/?s={search_term_string}\"},\"query-input\":{\"@type\":\"PropertyValueSpecification\",\"valueRequired\":true,\"valueName\":\"search_term_string\"}}],\"inLanguage\":\"fr-FR\"},{\"@type\":\"Organization\",\"@id\":\"https:\/\/dutchhealthstore.com\/fr\/#organization\",\"name\":\"Dutch Health Store\",\"url\":\"https:\/\/dutchhealthstore.com\/fr\/\",\"logo\":{\"@type\":\"ImageObject\",\"inLanguage\":\"fr-FR\",\"@id\":\"https:\/\/dutchhealthstore.com\/fr\/#\/schema\/logo\/image\/\",\"url\":\"https:\/\/dutchhealthstore.com\/wp-content\/uploads\/2020\/08\/logo-dutchhealthstore-jpg-e1599484957574.jpg\",\"contentUrl\":\"https:\/\/dutchhealthstore.com\/wp-content\/uploads\/2020\/08\/logo-dutchhealthstore-jpg-e1599484957574.jpg\",\"width\":400,\"height\":62,\"caption\":\"Dutch Health Store\"},\"image\":{\"@id\":\"https:\/\/dutchhealthstore.com\/fr\/#\/schema\/logo\/image\/\"},\"sameAs\":[\"https:\/\/www.instagram.com\/dutchhealthstore\/\",\"https:\/\/www.facebook.com\/dutchhealthstore\"]}]}<\/script>\n<meta property=\"product:brand\" content=\"Living Libations\" \/>\n<meta property=\"og:availability\" content=\"instock\" \/>\n<meta property=\"product:availability\" content=\"instock\" \/>\n<meta property=\"product:condition\" content=\"new\" \/>\n<!-- \/ Yoast SEO Premium plugin. -->","yoast_head_json":{"title":"Magnolia Flower Essential Oil | Living Libations","description":"Living Libations Magnolia Flower Oil exploite le pouvoir sacr\u00e9 et aromatique de l'arbre de magnolia indien et de ses magnifiques boutons floraux blancs.","robots":{"index":"index","follow":"follow","max-snippet":"max-snippet:-1","max-image-preview":"max-image-preview:large","max-video-preview":"max-video-preview:-1"},"canonical":"https:\/\/dutchhealthstore.com\/fr\/product\/magnolia-flower-essential-oil\/","og_locale":"fr_FR","og_type":"article","og_title":"Magnolia Flower Essential Oil - Dutch Health Store","og_description":"Living Libations Magnolia Flower Oil exploite le pouvoir sacr\u00e9 et aromatique de l'arbre de magnolia indien et de ses magnifiques boutons floraux blancs.","og_url":"https:\/\/dutchhealthstore.com\/fr\/product\/magnolia-flower-essential-oil\/","og_site_name":"Dutch Health Store","article_publisher":"https:\/\/www.instagram.com\/dutchhealthstore\/","article_modified_time":"2025-12-23T08:23:27+00:00","og_image":[{"width":500,"height":500,"url":"https:\/\/dutchhealthstore.com\/wp-content\/uploads\/2018\/02\/Living-Libations-Magnolia-Flower-Essential-Oil-e1594726169342.jpg","type":"image\/jpeg"}],"twitter_card":"summary_large_image","twitter_misc":{"Disponibilit\u00e9":"En stock"},"schema":{"@context":"https:\/\/schema.org","@graph":[{"@type":"WebPage","@id":"https:\/\/dutchhealthstore.com\/fr\/product\/magnolia-flower-essential-oil\/","url":"https:\/\/dutchhealthstore.com\/fr\/product\/magnolia-flower-essential-oil\/","name":"Magnolia Flower Essential Oil | Living Libations","isPartOf":{"@id":"https:\/\/dutchhealthstore.com\/fr\/#website"},"primaryImageOfPage":{"@id":"https:\/\/dutchhealthstore.com\/fr\/product\/magnolia-flower-essential-oil\/#primaryimage"},"image":{"@id":"https:\/\/dutchhealthstore.com\/fr\/product\/magnolia-flower-essential-oil\/#primaryimage"},"thumbnailUrl":"https:\/\/dutchhealthstore.com\/wp-content\/uploads\/2018\/02\/Living-Libations-Magnolia-Flower-Essential-Oil-e1594726169342.jpg","datePublished":"2018-02-10T18:50:11+00:00","dateModified":"2025-12-23T08:23:27+00:00","description":"Living Libations Magnolia Flower Oil exploite le pouvoir sacr\u00e9 et aromatique de l'arbre de magnolia indien et de ses magnifiques boutons floraux blancs.","breadcrumb":{"@id":"https:\/\/dutchhealthstore.com\/fr\/product\/magnolia-flower-essential-oil\/#breadcrumb"},"inLanguage":"fr-FR","potentialAction":[{"@type":"ReadAction","target":["https:\/\/dutchhealthstore.com\/fr\/product\/magnolia-flower-essential-oil\/"]}]},{"@type":"ImageObject","inLanguage":"fr-FR","@id":"https:\/\/dutchhealthstore.com\/fr\/product\/magnolia-flower-essential-oil\/#primaryimage","url":"https:\/\/dutchhealthstore.com\/wp-content\/uploads\/2018\/02\/Living-Libations-Magnolia-Flower-Essential-Oil-e1594726169342.jpg","contentUrl":"https:\/\/dutchhealthstore.com\/wp-content\/uploads\/2018\/02\/Living-Libations-Magnolia-Flower-Essential-Oil-e1594726169342.jpg","width":500,"height":500,"caption":"Living Libations Magnolia Flower Essential Oil"},{"@type":"BreadcrumbList","@id":"https:\/\/dutchhealthstore.com\/fr\/product\/magnolia-flower-essential-oil\/#breadcrumb","itemListElement":[{"@type":"ListItem","position":1,"name":"Home","item":"https:\/\/dutchhealthstore.com\/fr\/"},{"@type":"ListItem","position":2,"name":"Shop","item":"https:\/\/dutchhealthstore.com\/fr\/shop\/"},{"@type":"ListItem","position":3,"name":"Magnolia Flower Essential Oil"}]},{"@type":"WebSite","@id":"https:\/\/dutchhealthstore.com\/fr\/#website","url":"https:\/\/dutchhealthstore.com\/fr\/","name":"Dutch Health Store","description":"Enhance Your Beauty with Organic &amp; Natural Skincare","publisher":{"@id":"https:\/\/dutchhealthstore.com\/fr\/#organization"},"potentialAction":[{"@type":"SearchAction","target":{"@type":"EntryPoint","urlTemplate":"https:\/\/dutchhealthstore.com\/fr\/?s={search_term_string}"},"query-input":{"@type":"PropertyValueSpecification","valueRequired":true,"valueName":"search_term_string"}}],"inLanguage":"fr-FR"},{"@type":"Organization","@id":"https:\/\/dutchhealthstore.com\/fr\/#organization","name":"Dutch Health Store","url":"https:\/\/dutchhealthstore.com\/fr\/","logo":{"@type":"ImageObject","inLanguage":"fr-FR","@id":"https:\/\/dutchhealthstore.com\/fr\/#\/schema\/logo\/image\/","url":"https:\/\/dutchhealthstore.com\/wp-content\/uploads\/2020\/08\/logo-dutchhealthstore-jpg-e1599484957574.jpg","contentUrl":"https:\/\/dutchhealthstore.com\/wp-content\/uploads\/2020\/08\/logo-dutchhealthstore-jpg-e1599484957574.jpg","width":400,"height":62,"caption":"Dutch Health Store"},"image":{"@id":"https:\/\/dutchhealthstore.com\/fr\/#\/schema\/logo\/image\/"},"sameAs":["https:\/\/www.instagram.com\/dutchhealthstore\/","https:\/\/www.facebook.com\/dutchhealthstore"]}]},"product_brand":"Living Libations","og_availability":"instock","product_availability":"instock","product_condition":"new"},"_links":{"self":[{"href":"https:\/\/dutchhealthstore.com\/fr\/wp-json\/wp\/v2\/product\/120414","targetHints":{"allow":["GET"]}}],"collection":[{"href":"https:\/\/dutchhealthstore.com\/fr\/wp-json\/wp\/v2\/product"}],"about":[{"href":"https:\/\/dutchhealthstore.com\/fr\/wp-json\/wp\/v2\/types\/product"}],"replies":[{"embeddable":true,"href":"https:\/\/dutchhealthstore.com\/fr\/wp-json\/wp\/v2\/comments?post=120414"}],"wp:featuredmedia":[{"embeddable":true,"href":"https:\/\/dutchhealthstore.com\/fr\/wp-json\/wp\/v2\/media\/113634"}],"wp:attachment":[{"href":"https:\/\/dutchhealthstore.com\/fr\/wp-json\/wp\/v2\/media?parent=120414"}],"wp:term":[{"taxonomy":"product_brand","embeddable":true,"href":"https:\/\/dutchhealthstore.com\/fr\/wp-json\/wp\/v2\/product_brand?post=120414"},{"taxonomy":"product_cat","embeddable":true,"href":"https:\/\/dutchhealthstore.com\/fr\/wp-json\/wp\/v2\/product_cat?post=120414"},{"taxonomy":"product_tag","embeddable":true,"href":"https:\/\/dutchhealthstore.com\/fr\/wp-json\/wp\/v2\/product_tag?post=120414"}],"curies":[{"name":"wp","href":"https:\/\/api.w.org\/{rel}","templated":true}]}}