{"id":120367,"date":"2018-07-31T20:23:56","date_gmt":"2018-07-31T18:23:56","guid":{"rendered":"https:\/\/dutchhealthstore.com\/product\/linden-blossoms-essential-oil\/"},"modified":"2024-03-08T14:45:41","modified_gmt":"2024-03-08T14:45:41","slug":"linden-blossoms-essential-oil","status":"publish","type":"product","link":"https:\/\/dutchhealthstore.com\/fr\/product\/linden-blossoms-essential-oil\/","title":{"rendered":"Linden Blossoms Essential Oil"},"content":{"rendered":"<p style=\"font-weight: 400;\"><b><strong><img decoding=\"async\" class=\"size-full wp-image-37041 alignright\" src=\"https:\/\/dutchhealthstore.com\/wp-content\/uploads\/2018\/04\/Living_Libations-1.png\" alt=\"Organic &amp; Natural Beautyproducts - Living Libations\" width=\"175\" height=\"82\"><\/strong><\/b><\/p>\n<p><strong>Nom botanique : <\/strong><em>Tilia cordata<\/em><br \/>\n<strong>Famille botanique : <\/strong><em>Malvaceae<\/em><br \/>\n<strong>M\u00e9thode d&rsquo;extraction :<\/strong> CO2 Select<br \/>\n<strong>Partie de la plante distill\u00e9e :<\/strong> Fleurs<br \/>\n<strong>Pays d&rsquo;origine:<\/strong> Bulgarie<br \/>\n<strong>M\u00e9thode de culture : <\/strong>Organique<br \/>\n<strong>Composition :<\/strong> 50% de <em>Tilia cordata<\/em> et 50% d&rsquo;alcool biologique biodynamique<br \/>\n<strong>Consistance : <\/strong>Liquide fin et coulant<\/p>\n<h3>Description de l&rsquo;odeur<\/h3>\n<p>Le vert de l&rsquo;air printanier arros\u00e9 de notes de miel festives et florales.<\/p>\n<h3>Dans Living Libations<\/h3>\n<p>Fawn Lily Perfume<\/p>\n<h3>Se marie bien avec<\/h3>\n<p>Jasmin, Rose, N\u00e9roli, Ylang, G\u00e9ranium, Vanille, Lavande, M\u00e9lisse, Verveine citronn\u00e9e, Camomille du Cap, Cardamome, Encens, Citron, Bergamote, Pamplemousse, Lime et Camomille.<\/p>\n<h3>Utilisations<\/h3>\n<p>Parfait pour les parfums aux p\u00e9tales et les bains parfum\u00e9s aux fleurs. Constituants : monoterp\u00e9nols, esters, sesquiterp\u00e8nes<\/p>\n<p><strong>Taille : 5 ml<\/strong><\/p>\n<h3>Ingr\u00e9dients biologiques<\/h3>\n<p>50% de <em>Tilia cordata<\/em> et 50% d&rsquo;alcool biologique biodynamique<\/p>\n<p style=\"text-align: center;\"><em>\u00ab\u00a0Le parfum des fleurs de tilleul flottait dans l&rsquo;air. Dortchen fit un mouvement brusque, comme pour s&rsquo;\u00e9loigner. Mais elle h\u00e9sita, puis se retourna et descendit le long chemin sinueux, d\u00e9passa l&rsquo;enchev\u00eatrement de roses de bruy\u00e8re et entra dans le bosquet secret des tilleuls. Elle cueillit une fleur et la porta \u00e0 son nez, inspirant profond\u00e9ment. Puis elle s&rsquo;est assise sur l&rsquo;herbe, la fleur dans sa main, a appuy\u00e9 sa t\u00eate contre l&rsquo;arbre et a ferm\u00e9 les yeux. Elle n&rsquo;entendait que le doux souffle du vent dans les feuilles et le bourdonnement des innombrables abeilles qui butinaient le nectar des fleurs blanc cr\u00e8me.\u00a0\u00bb<\/em><br \/>\n~ Kate Forsyth, <strong>The Wild Girl<\/strong><\/p>\n<p style=\"font-weight: 400; text-align: center;\"><img fetchpriority=\"high\" decoding=\"async\" class=\"size-full wp-image-31577 alignnone\" src=\"https:\/\/dutchhealthstore.com\/wp-content\/uploads\/2018\/03\/organic_big.png\" alt=\"Organic and Natural - Living Libations\" width=\"623\" height=\"103\" srcset=\"https:\/\/dutchhealthstore.com\/wp-content\/uploads\/2018\/03\/organic_big.png 623w, https:\/\/dutchhealthstore.com\/wp-content\/uploads\/2018\/03\/organic_big-510x84.png 510w, https:\/\/dutchhealthstore.com\/wp-content\/uploads\/2018\/03\/organic_big-600x99.png 600w, https:\/\/dutchhealthstore.com\/wp-content\/uploads\/2018\/03\/organic_big-350x58.png 350w\" sizes=\"(max-width: 623px) 100vw, 623px\" \/><\/p>\n","protected":false},"excerpt":{"rendered":"<p>Living Libations belle <strong>Linden Blossoms Essential Oil<\/strong>\u00e9clate avec le doux parfum floral et l\u00e9g\u00e8rement vert du foin qui rappelle une journ\u00e9e pastorale de juin. L&rsquo;effusion de nectar des fleurs de cet arbre fait fr\u00e9mir les abeilles. Le tilleul encourage l&#8217;empathie, approfondit la compr\u00e9hension entre les amoureux et lib\u00e8re l&rsquo;esprit \u00e9go\u00efste, permettant ainsi l&rsquo;\u00e9mergence d&rsquo;une plus grande clart\u00e9. Cet ar\u00f4me festif et r\u00e9confortant vous emm\u00e8ne faire un tour \u00e0 la campagne, tandis que des notes vertes et florales fantaisistes flottent dans l&rsquo;air.<\/p>\n","protected":false},"featured_media":117275,"comment_status":"open","ping_status":"closed","template":"","meta":[],"product_brand":[],"product_cat":[1507,6734,1211,3757,6733],"product_tag":[4495],"class_list":{"0":"post-120367","1":"product","2":"type-product","3":"status-publish","4":"has-post-thumbnail","6":"product_cat-plantes-huiles-essentielles-living-libations","7":"product_cat-essential-oils","8":"product_cat-living-libations-france","9":"product_cat-plantes-huiles-essentielles","10":"product_cat-wellness-fr-2","11":"product_tag-essential-oil-fr","12":"pa_brand-livinglibations-fr","13":"pa_essential-oils-product-type-essential-oils-fr","14":"pa_size-5-ml-fr","16":"first","17":"instock","18":"taxable","19":"shipping-taxable","20":"purchasable","21":"product-type-simple"},"bundled_by":[],"bundle_stock_status":"instock","bundle_stock_quantity":2,"bundle_virtual":false,"bundle_layout":"","bundle_add_to_cart_form_location":"","bundle_editable_in_cart":false,"bundle_sold_individually_context":"","bundle_item_grouping":"","bundle_min_size":"","bundle_max_size":"","bundle_price":[],"bundled_items":[],"bundle_sell_ids":[],"atum_controlled":true,"out_stock_date":null,"out_stock_threshold":null,"inheritable":false,"stock_on_hold":0,"sold_today":0,"sales_last_days":0,"out_stock_days":0,"lost_sales":0,"update_date":"2026-04-13T00:03:49","atum_locations":[],"atum_stock_status":"instock","restock_status":false,"low_stock_amount":"","sales_update_date":"2026-04-13T00:03:49","calc_backorders":null,"group_of_quantity":0,"min_quantity":0,"max_quantity":"","exclude_order_quantity_value_rules":"no","exclude_category_quantity_rules":"no","combine_variations":"no","yoast_head":"<!-- This site is optimized with the Yoast SEO Premium plugin v26.5 (Yoast SEO v26.5) - https:\/\/yoast.com\/wordpress\/plugins\/seo\/ -->\n<title>Linden Blossoms Essential Oil - Living Libations<\/title>\n<meta name=\"description\" content=\"Living Libations belle Linden Blossoms Essential Oil \u00e9clate avec le doux parfum floral et l\u00e9g\u00e8rement vert du foin qui rappelle une journ\u00e9e pastorale de juin.\" \/>\n<meta name=\"robots\" content=\"index, follow, max-snippet:-1, max-image-preview:large, max-video-preview:-1\" \/>\n<link rel=\"canonical\" href=\"https:\/\/dutchhealthstore.com\/fr\/product\/linden-blossoms-essential-oil\/\" \/>\n<meta property=\"og:locale\" content=\"fr_FR\" \/>\n<meta property=\"og:type\" content=\"article\" \/>\n<meta property=\"og:title\" content=\"Linden Blossoms Essential Oil - Dutch Health Store\" \/>\n<meta property=\"og:description\" content=\"Living Libations belle Linden Blossoms Essential Oil \u00e9clate avec le doux parfum floral et l\u00e9g\u00e8rement vert du foin qui rappelle une journ\u00e9e pastorale de juin.\" \/>\n<meta property=\"og:url\" content=\"https:\/\/dutchhealthstore.com\/fr\/product\/linden-blossoms-essential-oil\/\" \/>\n<meta property=\"og:site_name\" content=\"Dutch Health Store\" \/>\n<meta property=\"article:publisher\" content=\"https:\/\/www.instagram.com\/dutchhealthstore\/\" \/>\n<meta property=\"article:modified_time\" content=\"2024-03-08T14:45:41+00:00\" \/>\n<meta property=\"og:image\" content=\"https:\/\/dutchhealthstore.com\/wp-content\/uploads\/2018\/07\/Living-Libations-Linden-Blossoms-Essential-Oil-e1596200506455.jpg\" \/>\n\t<meta property=\"og:image:width\" content=\"500\" \/>\n\t<meta property=\"og:image:height\" content=\"500\" \/>\n\t<meta property=\"og:image:type\" content=\"image\/jpeg\" \/>\n<meta name=\"twitter:card\" content=\"summary_large_image\" \/>\n<meta name=\"twitter:label1\" content=\"Prix\" \/>\n\t<meta name=\"twitter:data1\" content=\"&euro;30,00\" \/>\n\t<meta name=\"twitter:label2\" content=\"Disponibilit\u00e9\" \/>\n\t<meta name=\"twitter:data2\" content=\"En stock\" \/>\n<script type=\"application\/ld+json\" class=\"yoast-schema-graph\">{\"@context\":\"https:\/\/schema.org\",\"@graph\":[{\"@type\":\"WebPage\",\"@id\":\"https:\/\/dutchhealthstore.com\/fr\/product\/linden-blossoms-essential-oil\/\",\"url\":\"https:\/\/dutchhealthstore.com\/fr\/product\/linden-blossoms-essential-oil\/\",\"name\":\"Linden Blossoms Essential Oil - Living Libations\",\"isPartOf\":{\"@id\":\"https:\/\/dutchhealthstore.com\/fr\/#website\"},\"primaryImageOfPage\":{\"@id\":\"https:\/\/dutchhealthstore.com\/fr\/product\/linden-blossoms-essential-oil\/#primaryimage\"},\"image\":{\"@id\":\"https:\/\/dutchhealthstore.com\/fr\/product\/linden-blossoms-essential-oil\/#primaryimage\"},\"thumbnailUrl\":\"https:\/\/dutchhealthstore.com\/wp-content\/uploads\/2018\/07\/Living-Libations-Linden-Blossoms-Essential-Oil-e1596200506455.jpg\",\"datePublished\":\"2018-07-31T18:23:56+00:00\",\"dateModified\":\"2024-03-08T14:45:41+00:00\",\"description\":\"Living Libations belle Linden Blossoms Essential Oil \u00e9clate avec le doux parfum floral et l\u00e9g\u00e8rement vert du foin qui rappelle une journ\u00e9e pastorale de juin.\",\"breadcrumb\":{\"@id\":\"https:\/\/dutchhealthstore.com\/fr\/product\/linden-blossoms-essential-oil\/#breadcrumb\"},\"inLanguage\":\"fr-FR\",\"potentialAction\":[{\"@type\":\"ReadAction\",\"target\":[\"https:\/\/dutchhealthstore.com\/fr\/product\/linden-blossoms-essential-oil\/\"]}]},{\"@type\":\"ImageObject\",\"inLanguage\":\"fr-FR\",\"@id\":\"https:\/\/dutchhealthstore.com\/fr\/product\/linden-blossoms-essential-oil\/#primaryimage\",\"url\":\"https:\/\/dutchhealthstore.com\/wp-content\/uploads\/2018\/07\/Living-Libations-Linden-Blossoms-Essential-Oil-e1596200506455.jpg\",\"contentUrl\":\"https:\/\/dutchhealthstore.com\/wp-content\/uploads\/2018\/07\/Living-Libations-Linden-Blossoms-Essential-Oil-e1596200506455.jpg\",\"width\":500,\"height\":500,\"caption\":\"Living Libations Linden Blossoms Essential Oil\"},{\"@type\":\"BreadcrumbList\",\"@id\":\"https:\/\/dutchhealthstore.com\/fr\/product\/linden-blossoms-essential-oil\/#breadcrumb\",\"itemListElement\":[{\"@type\":\"ListItem\",\"position\":1,\"name\":\"Home\",\"item\":\"https:\/\/dutchhealthstore.com\/fr\/\"},{\"@type\":\"ListItem\",\"position\":2,\"name\":\"Shop\",\"item\":\"https:\/\/dutchhealthstore.com\/fr\/shop\/\"},{\"@type\":\"ListItem\",\"position\":3,\"name\":\"Linden Blossoms Essential Oil\"}]},{\"@type\":\"WebSite\",\"@id\":\"https:\/\/dutchhealthstore.com\/fr\/#website\",\"url\":\"https:\/\/dutchhealthstore.com\/fr\/\",\"name\":\"Dutch Health Store\",\"description\":\"Enhance Your Beauty with Organic &amp; Natural Skincare\",\"publisher\":{\"@id\":\"https:\/\/dutchhealthstore.com\/fr\/#organization\"},\"potentialAction\":[{\"@type\":\"SearchAction\",\"target\":{\"@type\":\"EntryPoint\",\"urlTemplate\":\"https:\/\/dutchhealthstore.com\/fr\/?s={search_term_string}\"},\"query-input\":{\"@type\":\"PropertyValueSpecification\",\"valueRequired\":true,\"valueName\":\"search_term_string\"}}],\"inLanguage\":\"fr-FR\"},{\"@type\":\"Organization\",\"@id\":\"https:\/\/dutchhealthstore.com\/fr\/#organization\",\"name\":\"Dutch Health Store\",\"url\":\"https:\/\/dutchhealthstore.com\/fr\/\",\"logo\":{\"@type\":\"ImageObject\",\"inLanguage\":\"fr-FR\",\"@id\":\"https:\/\/dutchhealthstore.com\/fr\/#\/schema\/logo\/image\/\",\"url\":\"https:\/\/dutchhealthstore.com\/wp-content\/uploads\/2020\/08\/logo-dutchhealthstore-jpg-e1599484957574.jpg\",\"contentUrl\":\"https:\/\/dutchhealthstore.com\/wp-content\/uploads\/2020\/08\/logo-dutchhealthstore-jpg-e1599484957574.jpg\",\"width\":400,\"height\":62,\"caption\":\"Dutch Health Store\"},\"image\":{\"@id\":\"https:\/\/dutchhealthstore.com\/fr\/#\/schema\/logo\/image\/\"},\"sameAs\":[\"https:\/\/www.instagram.com\/dutchhealthstore\/\",\"https:\/\/www.facebook.com\/dutchhealthstore\"]}]}<\/script>\n<meta property=\"product:brand\" content=\"Living Libations\" \/>\n<meta property=\"product:price:amount\" content=\"30.00\" \/>\n<meta property=\"product:price:currency\" content=\"EUR\" \/>\n<meta property=\"og:availability\" content=\"instock\" \/>\n<meta property=\"product:availability\" content=\"instock\" \/>\n<meta property=\"product:condition\" content=\"new\" \/>\n<!-- \/ Yoast SEO Premium plugin. -->","yoast_head_json":{"title":"Linden Blossoms Essential Oil - Living Libations","description":"Living Libations belle Linden Blossoms Essential Oil \u00e9clate avec le doux parfum floral et l\u00e9g\u00e8rement vert du foin qui rappelle une journ\u00e9e pastorale de juin.","robots":{"index":"index","follow":"follow","max-snippet":"max-snippet:-1","max-image-preview":"max-image-preview:large","max-video-preview":"max-video-preview:-1"},"canonical":"https:\/\/dutchhealthstore.com\/fr\/product\/linden-blossoms-essential-oil\/","og_locale":"fr_FR","og_type":"article","og_title":"Linden Blossoms Essential Oil - Dutch Health Store","og_description":"Living Libations belle Linden Blossoms Essential Oil \u00e9clate avec le doux parfum floral et l\u00e9g\u00e8rement vert du foin qui rappelle une journ\u00e9e pastorale de juin.","og_url":"https:\/\/dutchhealthstore.com\/fr\/product\/linden-blossoms-essential-oil\/","og_site_name":"Dutch Health Store","article_publisher":"https:\/\/www.instagram.com\/dutchhealthstore\/","article_modified_time":"2024-03-08T14:45:41+00:00","og_image":[{"width":500,"height":500,"url":"https:\/\/dutchhealthstore.com\/wp-content\/uploads\/2018\/07\/Living-Libations-Linden-Blossoms-Essential-Oil-e1596200506455.jpg","type":"image\/jpeg"}],"twitter_card":"summary_large_image","twitter_misc":{"Prix":"&euro;30,00","Disponibilit\u00e9":"En stock"},"schema":{"@context":"https:\/\/schema.org","@graph":[{"@type":"WebPage","@id":"https:\/\/dutchhealthstore.com\/fr\/product\/linden-blossoms-essential-oil\/","url":"https:\/\/dutchhealthstore.com\/fr\/product\/linden-blossoms-essential-oil\/","name":"Linden Blossoms Essential Oil - Living Libations","isPartOf":{"@id":"https:\/\/dutchhealthstore.com\/fr\/#website"},"primaryImageOfPage":{"@id":"https:\/\/dutchhealthstore.com\/fr\/product\/linden-blossoms-essential-oil\/#primaryimage"},"image":{"@id":"https:\/\/dutchhealthstore.com\/fr\/product\/linden-blossoms-essential-oil\/#primaryimage"},"thumbnailUrl":"https:\/\/dutchhealthstore.com\/wp-content\/uploads\/2018\/07\/Living-Libations-Linden-Blossoms-Essential-Oil-e1596200506455.jpg","datePublished":"2018-07-31T18:23:56+00:00","dateModified":"2024-03-08T14:45:41+00:00","description":"Living Libations belle Linden Blossoms Essential Oil \u00e9clate avec le doux parfum floral et l\u00e9g\u00e8rement vert du foin qui rappelle une journ\u00e9e pastorale de juin.","breadcrumb":{"@id":"https:\/\/dutchhealthstore.com\/fr\/product\/linden-blossoms-essential-oil\/#breadcrumb"},"inLanguage":"fr-FR","potentialAction":[{"@type":"ReadAction","target":["https:\/\/dutchhealthstore.com\/fr\/product\/linden-blossoms-essential-oil\/"]}]},{"@type":"ImageObject","inLanguage":"fr-FR","@id":"https:\/\/dutchhealthstore.com\/fr\/product\/linden-blossoms-essential-oil\/#primaryimage","url":"https:\/\/dutchhealthstore.com\/wp-content\/uploads\/2018\/07\/Living-Libations-Linden-Blossoms-Essential-Oil-e1596200506455.jpg","contentUrl":"https:\/\/dutchhealthstore.com\/wp-content\/uploads\/2018\/07\/Living-Libations-Linden-Blossoms-Essential-Oil-e1596200506455.jpg","width":500,"height":500,"caption":"Living Libations Linden Blossoms Essential Oil"},{"@type":"BreadcrumbList","@id":"https:\/\/dutchhealthstore.com\/fr\/product\/linden-blossoms-essential-oil\/#breadcrumb","itemListElement":[{"@type":"ListItem","position":1,"name":"Home","item":"https:\/\/dutchhealthstore.com\/fr\/"},{"@type":"ListItem","position":2,"name":"Shop","item":"https:\/\/dutchhealthstore.com\/fr\/shop\/"},{"@type":"ListItem","position":3,"name":"Linden Blossoms Essential Oil"}]},{"@type":"WebSite","@id":"https:\/\/dutchhealthstore.com\/fr\/#website","url":"https:\/\/dutchhealthstore.com\/fr\/","name":"Dutch Health Store","description":"Enhance Your Beauty with Organic &amp; Natural Skincare","publisher":{"@id":"https:\/\/dutchhealthstore.com\/fr\/#organization"},"potentialAction":[{"@type":"SearchAction","target":{"@type":"EntryPoint","urlTemplate":"https:\/\/dutchhealthstore.com\/fr\/?s={search_term_string}"},"query-input":{"@type":"PropertyValueSpecification","valueRequired":true,"valueName":"search_term_string"}}],"inLanguage":"fr-FR"},{"@type":"Organization","@id":"https:\/\/dutchhealthstore.com\/fr\/#organization","name":"Dutch Health Store","url":"https:\/\/dutchhealthstore.com\/fr\/","logo":{"@type":"ImageObject","inLanguage":"fr-FR","@id":"https:\/\/dutchhealthstore.com\/fr\/#\/schema\/logo\/image\/","url":"https:\/\/dutchhealthstore.com\/wp-content\/uploads\/2020\/08\/logo-dutchhealthstore-jpg-e1599484957574.jpg","contentUrl":"https:\/\/dutchhealthstore.com\/wp-content\/uploads\/2020\/08\/logo-dutchhealthstore-jpg-e1599484957574.jpg","width":400,"height":62,"caption":"Dutch Health Store"},"image":{"@id":"https:\/\/dutchhealthstore.com\/fr\/#\/schema\/logo\/image\/"},"sameAs":["https:\/\/www.instagram.com\/dutchhealthstore\/","https:\/\/www.facebook.com\/dutchhealthstore"]}]},"product_brand":"Living Libations","product_price_amount":"30.00","product_price_currency":"EUR","og_availability":"instock","product_availability":"instock","product_condition":"new"},"_links":{"self":[{"href":"https:\/\/dutchhealthstore.com\/fr\/wp-json\/wp\/v2\/product\/120367","targetHints":{"allow":["GET"]}}],"collection":[{"href":"https:\/\/dutchhealthstore.com\/fr\/wp-json\/wp\/v2\/product"}],"about":[{"href":"https:\/\/dutchhealthstore.com\/fr\/wp-json\/wp\/v2\/types\/product"}],"replies":[{"embeddable":true,"href":"https:\/\/dutchhealthstore.com\/fr\/wp-json\/wp\/v2\/comments?post=120367"}],"wp:featuredmedia":[{"embeddable":true,"href":"https:\/\/dutchhealthstore.com\/fr\/wp-json\/wp\/v2\/media\/117275"}],"wp:attachment":[{"href":"https:\/\/dutchhealthstore.com\/fr\/wp-json\/wp\/v2\/media?parent=120367"}],"wp:term":[{"taxonomy":"product_brand","embeddable":true,"href":"https:\/\/dutchhealthstore.com\/fr\/wp-json\/wp\/v2\/product_brand?post=120367"},{"taxonomy":"product_cat","embeddable":true,"href":"https:\/\/dutchhealthstore.com\/fr\/wp-json\/wp\/v2\/product_cat?post=120367"},{"taxonomy":"product_tag","embeddable":true,"href":"https:\/\/dutchhealthstore.com\/fr\/wp-json\/wp\/v2\/product_tag?post=120367"}],"curies":[{"name":"wp","href":"https:\/\/api.w.org\/{rel}","templated":true}]}}