{"id":120306,"date":"2020-07-14T10:35:26","date_gmt":"2020-07-14T08:35:26","guid":{"rendered":"https:\/\/dutchhealthstore.com\/product\/lime-essential-oil\/"},"modified":"2025-02-07T15:05:16","modified_gmt":"2025-02-07T14:05:16","slug":"lime-essential-oil","status":"publish","type":"product","link":"https:\/\/dutchhealthstore.com\/fr\/product\/lime-essential-oil\/","title":{"rendered":"Lime Essential Oil"},"content":{"rendered":"<p><strong><img decoding=\"async\" class=\"size-full wp-image-69549 alignright\" src=\"https:\/\/dutchhealthstore.com\/wp-content\/uploads\/2019\/08\/NEW-Living-Libations-Logo.jpg\" alt=\"NEW - Living Libations - Logo\" width=\"175\" height=\"82\">Nom botanique :<\/strong> Citrus aurantifolia<br \/>\n<strong>Famille botanique :<\/strong> Rutaceae<br \/>\n<strong>M\u00e9thode d&rsquo;extraction:<\/strong> Press\u00e9 \u00e0 froid<br \/>\n<strong>Partie de la plante distill\u00e9e :<\/strong> \u00c9corce<br \/>\n<strong>Pays d&rsquo;origine :<\/strong> Italie<br \/>\n<strong>M\u00e9thode de culture <\/strong>: Organique<br \/>\n<strong>Composition :<\/strong> 100% Citrus aurantifolia<br \/>\n<strong>Coh\u00e9rence :<\/strong> Mince<\/p>\n<h3>Description de l&rsquo;odeur<\/h3>\n<p>L\u00e9g\u00e8ret\u00e9 et fra\u00eecheur des agrumes, douceur de la bouche avec la plus petite trace d&rsquo;evergreen.<\/p>\n<h3>Dans Living Libations<\/h3>\n<p>Shine On Hair Conditioner, et Green Papaya + Lime Mask<\/p>\n<h3>Se marie bien avec<\/h3>\n<p>Lavande, patchouli, n\u00e9roli, vanille, bergamote, v\u00e9tiver, romarin, laurier et c\u00e8dre.<\/p>\n<a href=\"https:\/\/dutchhealthstore.com\/wp-content\/uploads\/2020\/07\/ANALYSIS-Lime-Essential-Oil-Living-Libations.pdf\" class=\"button primary is-primary is-small\"  >\n\t\t<span>ANALYSE DES HUILES ESSENTIELLES &gt;<\/span>\n\t<\/a>\n\n<h3>Utilisations<\/h3>\n<p>Ajouter aux cr\u00e9ations culinaires. L\u00e9g\u00e8ret\u00e9 et vivacit\u00e9 dans les solutions d&rsquo;entretien m\u00e9nager. Diffusez pour apporter du peps et de la propret\u00e9 \u00e0 votre espace.<\/p>\n<p>Notre d\u00e9licieuse Lime Essential Oil est un r\u00eave aigre-doux devenu r\u00e9alit\u00e9. Press\u00e9e \u00e0 froid \u00e0 partir d&rsquo;\u00e9corces de citron vert italien biologique, cette huile rafra\u00eechissante offre des notes excitantes d&rsquo;agrumes dans un parfum joyeux qui dynamisera le corps et purifiera l&rsquo;esprit. Douce et acidul\u00e9e, avec juste ce qu&rsquo;il faut d&rsquo;attitude, notre huile citron vert est la manifestation de si\u00e8cles d&rsquo;applications m\u00e9dicinales par tout le monde, des anciens Perses aux marins coloniaux.<\/p>\n<p>Les origines du citron (et de son \u00e9corce) remontent \u00e0 l&rsquo;ancienne Babylonie, dans ce qui est aujourd&rsquo;hui le sud de l&rsquo;Irak. \u00c0 partir de l\u00e0, les marins ont transport\u00e9 les graines du tilleul dans le monde entier, propageant ce fruit magique de l&rsquo;Asie du Sud-Est aux Am\u00e9riques.<\/p>\n<p>La saveur acidul\u00e9e de notre Lime Essential Oil fait fondre les muscles, maintient les gencives en pleine forme et apaise les ventres. L&rsquo;odeur douce et fra\u00eeche de notre huile ne se contente pas de remonter le moral et d&rsquo;inspirer l&rsquo;esprit ; elle stimule l&rsquo;app\u00e9tit en une seule bouff\u00e9e de son odeur parfum\u00e9e. L&rsquo;ajout d&rsquo;une bouteille de notre Lime Essential Oil \u00e0 votre collection d&rsquo;aromath\u00e9rapie donnera un puissant coup de poing !<\/p>\n<p><strong>Taille : 15 ml et 30 ml<\/strong><\/p>\n<h3>Ingr\u00e9dients biologiques<\/h3>\n<p>100% huile essentielle de citron vert (Citrus aurantifolia).<\/p>\n<p style=\"text-align: center;\"><em>\u00ab\u00a0Et je pleure, car le tilleul est en fleur, et une petite fleur est tomb\u00e9e sur ma poitrine.\u00a0\u00bb<\/em><br \/>\n~ Amy Lowell, Patterns, <strong>1917<\/strong><\/p>\n<p style=\"text-align: center;\"><em>\u00ab\u00a0Le citron vert est un rem\u00e8de traditionnel en Asie du Sud et, dans la m\u00e9decine ayurv\u00e9dique, il est utilis\u00e9 de la m\u00eame mani\u00e8re que le citron. Lorsqu&rsquo;on a d\u00e9couvert que les limes, gr\u00e2ce \u00e0 leur teneur en vitamine C, gu\u00e9rissaient le scorbut chez les \u00e9quipages des longs voyages en mer, elles ont \u00e9t\u00e9 plant\u00e9es dans les territoires coloniaux, y compris dans les Indes orientales et occidentales.\u00a0\u00bb<\/em><br \/>\n~ Vicki Pitman, <strong>Aromath\u00e9rapie : Une approche pratique<\/strong><\/p>\n<p>&nbsp;<\/p>\n<p><img fetchpriority=\"high\" decoding=\"async\" class=\"size-medium wp-image-68103 aligncenter\" src=\"https:\/\/dutchhealthstore.com\/wp-content\/uploads\/2018\/02\/Living-Libations-Organic-Logo-800x89.png\" alt=\"Living Libations - Organic Logo\" width=\"800\" height=\"89\" srcset=\"https:\/\/dutchhealthstore.com\/wp-content\/uploads\/2018\/02\/Living-Libations-Organic-Logo-800x89.png 800w, https:\/\/dutchhealthstore.com\/wp-content\/uploads\/2018\/02\/Living-Libations-Organic-Logo-510x57.png 510w, https:\/\/dutchhealthstore.com\/wp-content\/uploads\/2018\/02\/Living-Libations-Organic-Logo-768x85.png 768w, https:\/\/dutchhealthstore.com\/wp-content\/uploads\/2018\/02\/Living-Libations-Organic-Logo.png 1400w\" sizes=\"(max-width: 800px) 100vw, 800px\" \/><\/p>\n","protected":false},"excerpt":{"rendered":"<p>De votre ventre \u00e0 vos orteils, de vos gencives \u00e0 votre nez, notre<strong> Lime Essential Oil<\/strong> est celle que vous serez heureux d&rsquo;avoir choisie ! L&rsquo;huile de citron vert est un puissant botanique-biotique et un ingr\u00e9dient culinaire piquant.<br \/>\nIl peut m\u00eame \u00eatre d\u00e9gust\u00e9 en ap\u00e9ritif pour stimuler l&rsquo;app\u00e9tit &#8211; bon app\u00e9tit !<\/p>\n","protected":false},"featured_media":29438,"comment_status":"open","ping_status":"closed","template":"","meta":[],"product_brand":[],"product_cat":[6734,1507,1211,1209,3757,6733],"product_tag":[4495],"class_list":{"0":"post-120306","1":"product","2":"type-product","3":"status-publish","4":"has-post-thumbnail","6":"product_cat-essential-oils","7":"product_cat-plantes-huiles-essentielles-living-libations","8":"product_cat-living-libations-france","9":"product_cat-par-marques","10":"product_cat-plantes-huiles-essentielles","11":"product_cat-wellness-fr-2","12":"product_tag-essential-oil-fr","13":"pa_brand-livinglibations-fr","14":"pa_essential-oils-product-type-essential-oils-fr","15":"pa_size-15-ml-fr","16":"pa_size-30-ml-fr","18":"first","19":"instock","20":"taxable","21":"shipping-taxable","22":"purchasable","23":"product-type-variable"},"bundled_by":[],"bundle_stock_status":"instock","bundle_stock_quantity":null,"bundle_virtual":false,"bundle_layout":"","bundle_add_to_cart_form_location":"","bundle_editable_in_cart":false,"bundle_sold_individually_context":"","bundle_item_grouping":"","bundle_min_size":"","bundle_max_size":"","bundle_price":[],"bundled_items":[],"bundle_sell_ids":[],"atum_controlled":true,"out_stock_date":null,"out_stock_threshold":null,"inheritable":true,"stock_on_hold":0,"sold_today":0,"sales_last_days":1,"out_stock_days":0,"lost_sales":0,"update_date":"2026-04-11T00:02:09","atum_locations":[],"atum_stock_status":"instock","restock_status":false,"low_stock_amount":"","sales_update_date":"2026-04-11T00:02:09","calc_backorders":null,"group_of_quantity":0,"min_quantity":0,"max_quantity":"","exclude_order_quantity_value_rules":"no","exclude_category_quantity_rules":"no","combine_variations":"no","yoast_head":"<!-- This site is optimized with the Yoast SEO Premium plugin v26.5 (Yoast SEO v26.5) - https:\/\/yoast.com\/wordpress\/plugins\/seo\/ -->\n<title>Lime Essential Oil | Living Libations<\/title>\n<meta name=\"description\" content=\"L&#039;huile de citron vert est un puissant botanique-biotique et un ingr\u00e9dient culinaire piquant. Il peut m\u00eame \u00eatre d\u00e9gust\u00e9 en ap\u00e9ritif pour stimuler l&#039;app\u00e9tit - bon app\u00e9tit !\" \/>\n<meta name=\"robots\" content=\"index, follow, max-snippet:-1, max-image-preview:large, max-video-preview:-1\" \/>\n<link rel=\"canonical\" href=\"https:\/\/dutchhealthstore.com\/fr\/product\/lime-essential-oil\/\" \/>\n<meta property=\"og:locale\" content=\"fr_FR\" \/>\n<meta property=\"og:type\" content=\"article\" \/>\n<meta property=\"og:title\" content=\"Lime Essential Oil - Dutch Health Store\" \/>\n<meta property=\"og:description\" content=\"L&#039;huile de citron vert est un puissant botanique-biotique et un ingr\u00e9dient culinaire piquant. Il peut m\u00eame \u00eatre d\u00e9gust\u00e9 en ap\u00e9ritif pour stimuler l&#039;app\u00e9tit - bon app\u00e9tit !\" \/>\n<meta property=\"og:url\" content=\"https:\/\/dutchhealthstore.com\/fr\/product\/lime-essential-oil\/\" \/>\n<meta property=\"og:site_name\" content=\"Dutch Health Store\" \/>\n<meta property=\"article:publisher\" content=\"https:\/\/www.instagram.com\/dutchhealthstore\/\" \/>\n<meta property=\"article:modified_time\" content=\"2025-02-07T14:05:16+00:00\" \/>\n<meta property=\"og:image\" content=\"https:\/\/dutchhealthstore.com\/wp-content\/uploads\/2018\/02\/Lime_Essential_Oil_Living_Libations-1.jpg\" \/>\n\t<meta property=\"og:image:width\" content=\"500\" \/>\n\t<meta property=\"og:image:height\" content=\"503\" \/>\n\t<meta property=\"og:image:type\" content=\"image\/jpeg\" \/>\n<meta name=\"twitter:card\" content=\"summary_large_image\" \/>\n<meta name=\"twitter:label1\" content=\"Disponibilit\u00e9\" \/>\n\t<meta name=\"twitter:data1\" content=\"En stock\" \/>\n<script type=\"application\/ld+json\" class=\"yoast-schema-graph\">{\"@context\":\"https:\/\/schema.org\",\"@graph\":[{\"@type\":\"WebPage\",\"@id\":\"https:\/\/dutchhealthstore.com\/fr\/product\/lime-essential-oil\/\",\"url\":\"https:\/\/dutchhealthstore.com\/fr\/product\/lime-essential-oil\/\",\"name\":\"Lime Essential Oil | Living Libations\",\"isPartOf\":{\"@id\":\"https:\/\/dutchhealthstore.com\/fr\/#website\"},\"primaryImageOfPage\":{\"@id\":\"https:\/\/dutchhealthstore.com\/fr\/product\/lime-essential-oil\/#primaryimage\"},\"image\":{\"@id\":\"https:\/\/dutchhealthstore.com\/fr\/product\/lime-essential-oil\/#primaryimage\"},\"thumbnailUrl\":\"https:\/\/dutchhealthstore.com\/wp-content\/uploads\/2018\/02\/Lime_Essential_Oil_Living_Libations-1.jpg\",\"datePublished\":\"2020-07-14T08:35:26+00:00\",\"dateModified\":\"2025-02-07T14:05:16+00:00\",\"description\":\"L'huile de citron vert est un puissant botanique-biotique et un ingr\u00e9dient culinaire piquant. Il peut m\u00eame \u00eatre d\u00e9gust\u00e9 en ap\u00e9ritif pour stimuler l'app\u00e9tit - bon app\u00e9tit !\",\"breadcrumb\":{\"@id\":\"https:\/\/dutchhealthstore.com\/fr\/product\/lime-essential-oil\/#breadcrumb\"},\"inLanguage\":\"fr-FR\",\"potentialAction\":[{\"@type\":\"ReadAction\",\"target\":[\"https:\/\/dutchhealthstore.com\/fr\/product\/lime-essential-oil\/\"]}]},{\"@type\":\"ImageObject\",\"inLanguage\":\"fr-FR\",\"@id\":\"https:\/\/dutchhealthstore.com\/fr\/product\/lime-essential-oil\/#primaryimage\",\"url\":\"https:\/\/dutchhealthstore.com\/wp-content\/uploads\/2018\/02\/Lime_Essential_Oil_Living_Libations-1.jpg\",\"contentUrl\":\"https:\/\/dutchhealthstore.com\/wp-content\/uploads\/2018\/02\/Lime_Essential_Oil_Living_Libations-1.jpg\",\"width\":500,\"height\":503,\"caption\":\"Lime Essential Oil - Living Libations\"},{\"@type\":\"BreadcrumbList\",\"@id\":\"https:\/\/dutchhealthstore.com\/fr\/product\/lime-essential-oil\/#breadcrumb\",\"itemListElement\":[{\"@type\":\"ListItem\",\"position\":1,\"name\":\"Home\",\"item\":\"https:\/\/dutchhealthstore.com\/fr\/\"},{\"@type\":\"ListItem\",\"position\":2,\"name\":\"Shop\",\"item\":\"https:\/\/dutchhealthstore.com\/fr\/shop\/\"},{\"@type\":\"ListItem\",\"position\":3,\"name\":\"Lime Essential Oil\"}]},{\"@type\":\"WebSite\",\"@id\":\"https:\/\/dutchhealthstore.com\/fr\/#website\",\"url\":\"https:\/\/dutchhealthstore.com\/fr\/\",\"name\":\"Dutch Health Store\",\"description\":\"Enhance Your Beauty with Organic &amp; Natural Skincare\",\"publisher\":{\"@id\":\"https:\/\/dutchhealthstore.com\/fr\/#organization\"},\"potentialAction\":[{\"@type\":\"SearchAction\",\"target\":{\"@type\":\"EntryPoint\",\"urlTemplate\":\"https:\/\/dutchhealthstore.com\/fr\/?s={search_term_string}\"},\"query-input\":{\"@type\":\"PropertyValueSpecification\",\"valueRequired\":true,\"valueName\":\"search_term_string\"}}],\"inLanguage\":\"fr-FR\"},{\"@type\":\"Organization\",\"@id\":\"https:\/\/dutchhealthstore.com\/fr\/#organization\",\"name\":\"Dutch Health Store\",\"url\":\"https:\/\/dutchhealthstore.com\/fr\/\",\"logo\":{\"@type\":\"ImageObject\",\"inLanguage\":\"fr-FR\",\"@id\":\"https:\/\/dutchhealthstore.com\/fr\/#\/schema\/logo\/image\/\",\"url\":\"https:\/\/dutchhealthstore.com\/wp-content\/uploads\/2020\/08\/logo-dutchhealthstore-jpg-e1599484957574.jpg\",\"contentUrl\":\"https:\/\/dutchhealthstore.com\/wp-content\/uploads\/2020\/08\/logo-dutchhealthstore-jpg-e1599484957574.jpg\",\"width\":400,\"height\":62,\"caption\":\"Dutch Health Store\"},\"image\":{\"@id\":\"https:\/\/dutchhealthstore.com\/fr\/#\/schema\/logo\/image\/\"},\"sameAs\":[\"https:\/\/www.instagram.com\/dutchhealthstore\/\",\"https:\/\/www.facebook.com\/dutchhealthstore\"]}]}<\/script>\n<meta property=\"product:brand\" content=\"Living Libations\" \/>\n<meta property=\"og:availability\" content=\"instock\" \/>\n<meta property=\"product:availability\" content=\"instock\" \/>\n<meta property=\"product:condition\" content=\"new\" \/>\n<!-- \/ Yoast SEO Premium plugin. -->","yoast_head_json":{"title":"Lime Essential Oil | Living Libations","description":"L'huile de citron vert est un puissant botanique-biotique et un ingr\u00e9dient culinaire piquant. Il peut m\u00eame \u00eatre d\u00e9gust\u00e9 en ap\u00e9ritif pour stimuler l'app\u00e9tit - bon app\u00e9tit !","robots":{"index":"index","follow":"follow","max-snippet":"max-snippet:-1","max-image-preview":"max-image-preview:large","max-video-preview":"max-video-preview:-1"},"canonical":"https:\/\/dutchhealthstore.com\/fr\/product\/lime-essential-oil\/","og_locale":"fr_FR","og_type":"article","og_title":"Lime Essential Oil - Dutch Health Store","og_description":"L'huile de citron vert est un puissant botanique-biotique et un ingr\u00e9dient culinaire piquant. Il peut m\u00eame \u00eatre d\u00e9gust\u00e9 en ap\u00e9ritif pour stimuler l'app\u00e9tit - bon app\u00e9tit !","og_url":"https:\/\/dutchhealthstore.com\/fr\/product\/lime-essential-oil\/","og_site_name":"Dutch Health Store","article_publisher":"https:\/\/www.instagram.com\/dutchhealthstore\/","article_modified_time":"2025-02-07T14:05:16+00:00","og_image":[{"width":500,"height":503,"url":"https:\/\/dutchhealthstore.com\/wp-content\/uploads\/2018\/02\/Lime_Essential_Oil_Living_Libations-1.jpg","type":"image\/jpeg"}],"twitter_card":"summary_large_image","twitter_misc":{"Disponibilit\u00e9":"En stock"},"schema":{"@context":"https:\/\/schema.org","@graph":[{"@type":"WebPage","@id":"https:\/\/dutchhealthstore.com\/fr\/product\/lime-essential-oil\/","url":"https:\/\/dutchhealthstore.com\/fr\/product\/lime-essential-oil\/","name":"Lime Essential Oil | Living Libations","isPartOf":{"@id":"https:\/\/dutchhealthstore.com\/fr\/#website"},"primaryImageOfPage":{"@id":"https:\/\/dutchhealthstore.com\/fr\/product\/lime-essential-oil\/#primaryimage"},"image":{"@id":"https:\/\/dutchhealthstore.com\/fr\/product\/lime-essential-oil\/#primaryimage"},"thumbnailUrl":"https:\/\/dutchhealthstore.com\/wp-content\/uploads\/2018\/02\/Lime_Essential_Oil_Living_Libations-1.jpg","datePublished":"2020-07-14T08:35:26+00:00","dateModified":"2025-02-07T14:05:16+00:00","description":"L'huile de citron vert est un puissant botanique-biotique et un ingr\u00e9dient culinaire piquant. Il peut m\u00eame \u00eatre d\u00e9gust\u00e9 en ap\u00e9ritif pour stimuler l'app\u00e9tit - bon app\u00e9tit !","breadcrumb":{"@id":"https:\/\/dutchhealthstore.com\/fr\/product\/lime-essential-oil\/#breadcrumb"},"inLanguage":"fr-FR","potentialAction":[{"@type":"ReadAction","target":["https:\/\/dutchhealthstore.com\/fr\/product\/lime-essential-oil\/"]}]},{"@type":"ImageObject","inLanguage":"fr-FR","@id":"https:\/\/dutchhealthstore.com\/fr\/product\/lime-essential-oil\/#primaryimage","url":"https:\/\/dutchhealthstore.com\/wp-content\/uploads\/2018\/02\/Lime_Essential_Oil_Living_Libations-1.jpg","contentUrl":"https:\/\/dutchhealthstore.com\/wp-content\/uploads\/2018\/02\/Lime_Essential_Oil_Living_Libations-1.jpg","width":500,"height":503,"caption":"Lime Essential Oil - Living Libations"},{"@type":"BreadcrumbList","@id":"https:\/\/dutchhealthstore.com\/fr\/product\/lime-essential-oil\/#breadcrumb","itemListElement":[{"@type":"ListItem","position":1,"name":"Home","item":"https:\/\/dutchhealthstore.com\/fr\/"},{"@type":"ListItem","position":2,"name":"Shop","item":"https:\/\/dutchhealthstore.com\/fr\/shop\/"},{"@type":"ListItem","position":3,"name":"Lime Essential Oil"}]},{"@type":"WebSite","@id":"https:\/\/dutchhealthstore.com\/fr\/#website","url":"https:\/\/dutchhealthstore.com\/fr\/","name":"Dutch Health Store","description":"Enhance Your Beauty with Organic &amp; Natural Skincare","publisher":{"@id":"https:\/\/dutchhealthstore.com\/fr\/#organization"},"potentialAction":[{"@type":"SearchAction","target":{"@type":"EntryPoint","urlTemplate":"https:\/\/dutchhealthstore.com\/fr\/?s={search_term_string}"},"query-input":{"@type":"PropertyValueSpecification","valueRequired":true,"valueName":"search_term_string"}}],"inLanguage":"fr-FR"},{"@type":"Organization","@id":"https:\/\/dutchhealthstore.com\/fr\/#organization","name":"Dutch Health Store","url":"https:\/\/dutchhealthstore.com\/fr\/","logo":{"@type":"ImageObject","inLanguage":"fr-FR","@id":"https:\/\/dutchhealthstore.com\/fr\/#\/schema\/logo\/image\/","url":"https:\/\/dutchhealthstore.com\/wp-content\/uploads\/2020\/08\/logo-dutchhealthstore-jpg-e1599484957574.jpg","contentUrl":"https:\/\/dutchhealthstore.com\/wp-content\/uploads\/2020\/08\/logo-dutchhealthstore-jpg-e1599484957574.jpg","width":400,"height":62,"caption":"Dutch Health Store"},"image":{"@id":"https:\/\/dutchhealthstore.com\/fr\/#\/schema\/logo\/image\/"},"sameAs":["https:\/\/www.instagram.com\/dutchhealthstore\/","https:\/\/www.facebook.com\/dutchhealthstore"]}]},"product_brand":"Living Libations","og_availability":"instock","product_availability":"instock","product_condition":"new"},"_links":{"self":[{"href":"https:\/\/dutchhealthstore.com\/fr\/wp-json\/wp\/v2\/product\/120306","targetHints":{"allow":["GET"]}}],"collection":[{"href":"https:\/\/dutchhealthstore.com\/fr\/wp-json\/wp\/v2\/product"}],"about":[{"href":"https:\/\/dutchhealthstore.com\/fr\/wp-json\/wp\/v2\/types\/product"}],"replies":[{"embeddable":true,"href":"https:\/\/dutchhealthstore.com\/fr\/wp-json\/wp\/v2\/comments?post=120306"}],"wp:featuredmedia":[{"embeddable":true,"href":"https:\/\/dutchhealthstore.com\/fr\/wp-json\/wp\/v2\/media\/29438"}],"wp:attachment":[{"href":"https:\/\/dutchhealthstore.com\/fr\/wp-json\/wp\/v2\/media?parent=120306"}],"wp:term":[{"taxonomy":"product_brand","embeddable":true,"href":"https:\/\/dutchhealthstore.com\/fr\/wp-json\/wp\/v2\/product_brand?post=120306"},{"taxonomy":"product_cat","embeddable":true,"href":"https:\/\/dutchhealthstore.com\/fr\/wp-json\/wp\/v2\/product_cat?post=120306"},{"taxonomy":"product_tag","embeddable":true,"href":"https:\/\/dutchhealthstore.com\/fr\/wp-json\/wp\/v2\/product_tag?post=120306"}],"curies":[{"name":"wp","href":"https:\/\/api.w.org\/{rel}","templated":true}]}}