{"id":120240,"date":"2020-06-23T09:17:47","date_gmt":"2020-06-23T07:17:47","guid":{"rendered":"https:\/\/dutchhealthstore.com\/product\/lemon-tea-tree-essential-oil\/"},"modified":"2024-07-31T17:16:08","modified_gmt":"2024-07-31T15:16:08","slug":"lemon-tea-tree-essential-oil","status":"publish","type":"product","link":"https:\/\/dutchhealthstore.com\/fr\/product\/lemon-tea-tree-essential-oil\/","title":{"rendered":"Lemon Tea Tree Essential Oil"},"content":{"rendered":"<p><img decoding=\"async\" class=\"size-full wp-image-69549 alignright\" src=\"https:\/\/dutchhealthstore.com\/wp-content\/uploads\/2019\/08\/NEW-Living-Libations-Logo.jpg\" alt=\"NEW - Living Libations - Logo\" width=\"175\" height=\"82\"><\/p>\n<p><strong>Nom botanique :<\/strong> Leptospermum petersonii<br \/>\n<strong>Famille botanique :<\/strong> Myrtaceae<br \/>\n<strong>M\u00e9thode d&rsquo;extraction :<\/strong> Distillation \u00e0 la vapeur<br \/>\n<strong>Partie de la plante distill\u00e9e :<\/strong> Feuilles et fleurs<br \/>\n<strong>Pays d&rsquo;origine :<\/strong> Nouvelle-Galles du Sud<br \/>\n<strong>M\u00e9thode de culture :<\/strong> Sauvage<br \/>\n<strong>Composition :<\/strong> 100% Leptospermum petersonii<br \/>\n<strong>Consistance :<\/strong> Viscosit\u00e9 fine<\/p>\n<h3>Description de l&rsquo;odeur<\/h3>\n<p>Citron \u00e9clatant, piquant, zinguant, avec des notes d\u00e9licates de rose.<\/p>\n<h3>Se marie bien avec<\/h3>\n<p>Bergamote, Lavande, Citron, Palmarosa, Thym doux, Santal, Eucalyptus, Tea Tree, Sauge sclar\u00e9e, Pin, Sapin, Epinette, Marjolaine et Ylang.<\/p>\n<h3>Utilisations<\/h3>\n<p>D\u00e9licieux \u00e0 diffuser et \u00e0 utiliser dans notre pipe \u00e0 sel pour relancer la respiration. Purifiez l&rsquo;air et nettoyez les espaces en ajoutant cette huile \u00e0 l&rsquo;eau des serpilli\u00e8res, au savon \u00e0 vaisselle, aux nettoyants pour salles de bains et aux sprays pour comptoirs. A appr\u00e9cier dans les bains, les d\u00e9odorants et les m\u00e9langes de massage.<\/p>\n<h3>Contre-indications<\/h3>\n<p>La forte teneur en citral de l&rsquo;huile peut entra\u00eener une sensibilisation de la peau chez certaines personnes. Diluer avant de l&rsquo;utiliser sur la peau et \u00e9viter de l&rsquo;utiliser sur une peau ab\u00eem\u00e9e.<\/p>\n<h3>Constituants<\/h3>\n<p>Citronellal, g\u00e9ranial et n\u00e9ral, ainsi qu&rsquo;eug\u00e9nol, pin\u00e8ne et hydrocarbures.<\/p>\n<a href=\"https:\/\/dutchhealthstore.com\/wp-content\/uploads\/2020\/06\/ANALYSIS-Lemon-Tea-Tree-Essential-Oil-Living-Libations-3.pdf\" class=\"button primary is-primary is-small\"  >\n\t\t<span>ANALYSE DES HUILES ESSENTIELLES &gt;<\/span>\n\t<\/a>\n\n<p>Notre Lemon Tea Tree oil vivace est un membre du genre Myrtaceae et est plus proche du Manuka que de l&rsquo;arbre \u00e0 th\u00e9, qui appartient au genre Melaleuca. Cette essence acidul\u00e9e contient de nombreux composants v\u00e9g\u00e9taux offrant un large spectre d&rsquo;activit\u00e9 pour les soins g\u00e9n\u00e9raux du corps et de la peau, ainsi que des propri\u00e9t\u00e9s insectifuges envelopp\u00e9es dans une couverture aromatique d&rsquo;agrumes doux. Ce citron et cette herbe \u00e0 feuilles de girofle, d&rsquo;une propret\u00e9 absolue, stimulent la respiration et font office d&rsquo;\u00e9lixir de vie.<\/p>\n<p>Avec sa nature douce et parfum\u00e9e, l&rsquo;huile de citron et d&rsquo;arbre \u00e0 th\u00e9 est un tr\u00e9sor aromatique qui brille comme une solution de nettoyage naturel pour la maison, avec son ar\u00f4me rafra\u00eechissant et piquant.<\/p>\n<p>Lib\u00e9rez la maison, lib\u00e9rez l&rsquo;\u00e9nergie, lib\u00e9rez l&rsquo;esprit, lib\u00e9rez la respiration et lib\u00e9rez l&rsquo;esprit !<\/p>\n<p><strong>Taille : 5 ml<\/strong><\/p>\n<h3>Ingr\u00e9dients biologiques<\/h3>\n<p>Huile essentielle de tea tree (Leptospermum petersonii) 100% citron.<\/p>\n<p><img fetchpriority=\"high\" decoding=\"async\" class=\"size-medium wp-i age-68103 aligncenter\" src=\"https:\/\/dutchhealthstore.com\/wp-content\/uploads\/2018\/02\/Living-Libations-Organic-Logo-800x89.png\" alt=\"Living Libations - Organic Logo\" width=\"800\" height=\"89\"><\/p>\n","protected":false},"excerpt":{"rendered":"<p><strong>Lemon Tea Tree Essential Oil<\/strong> vif est fabriqu\u00e9e \u00e0 l&rsquo;\u00e9tat sauvage \u00e0 partir de l&rsquo;arbre \u00e0 th\u00e9 australien Lemon-Scented, un arbuste aromatique qui produit des fleurs roses et blanches parfum\u00e9es au printemps et en \u00e9t\u00e9.<br \/>\nLemon Tea Tree oil poss\u00e8de un ar\u00f4me citronn\u00e9 robuste avec des nuances ros\u00e9es. Cette essence peut \u00eatre utilis\u00e9e comme un nettoyant revigorant, pour rafra\u00eechir et purifier l&rsquo;air, dans le soin des insectes, et comme une huile piquante vitalisante pour revigorer le corps et l&rsquo;esprit en action.<\/p>\n","protected":false},"featured_media":108578,"comment_status":"open","ping_status":"closed","template":"","meta":[],"product_brand":[],"product_cat":[6734,1507,1211,1209,3757,6733],"product_tag":[4495],"class_list":{"0":"post-120240","1":"product","2":"type-product","3":"status-publish","4":"has-post-thumbnail","6":"product_cat-essential-oils","7":"product_cat-plantes-huiles-essentielles-living-libations","8":"product_cat-living-libations-france","9":"product_cat-par-marques","10":"product_cat-plantes-huiles-essentielles","11":"product_cat-wellness-fr-2","12":"product_tag-essential-oil-fr","13":"pa_brand-livinglibations-fr","14":"pa_essential-oils-product-type-essential-oils-fr","15":"pa_size-5-ml-fr","17":"first","18":"instock","19":"taxable","20":"shipping-taxable","21":"purchasable","22":"product-type-simple"},"bundled_by":[],"bundle_stock_status":"instock","bundle_stock_quantity":1,"bundle_virtual":false,"bundle_layout":"","bundle_add_to_cart_form_location":"","bundle_editable_in_cart":false,"bundle_sold_individually_context":"","bundle_item_grouping":"","bundle_min_size":"","bundle_max_size":"","bundle_price":[],"bundled_items":[],"bundle_sell_ids":[],"atum_controlled":true,"out_stock_date":null,"out_stock_threshold":null,"inheritable":false,"stock_on_hold":0,"sold_today":0,"sales_last_days":0,"out_stock_days":0,"lost_sales":0,"update_date":"2026-04-16T00:05:10","atum_locations":[],"atum_stock_status":"instock","restock_status":false,"low_stock_amount":"","sales_update_date":"2026-04-16T00:05:10","calc_backorders":null,"group_of_quantity":0,"min_quantity":0,"max_quantity":"","exclude_order_quantity_value_rules":"no","exclude_category_quantity_rules":"no","combine_variations":"no","yoast_head":"<!-- This site is optimized with the Yoast SEO Premium plugin v26.5 (Yoast SEO v26.5) - https:\/\/yoast.com\/wordpress\/plugins\/seo\/ -->\n<title>Lemon Tea Tree Essential Oil | Living Libations<\/title>\n<meta name=\"description\" content=\"Cette essence peut \u00eatre utilis\u00e9e comme un nettoyant revigorant, pour rafra\u00eechir et purifier l&#039;air, et comme une huile piquante vitalisante pour revigorer le corps et l&#039;esprit en action.\" \/>\n<meta name=\"robots\" content=\"index, follow, max-snippet:-1, max-image-preview:large, max-video-preview:-1\" \/>\n<link rel=\"canonical\" href=\"https:\/\/dutchhealthstore.com\/fr\/product\/lemon-tea-tree-essential-oil\/\" \/>\n<meta property=\"og:locale\" content=\"fr_FR\" \/>\n<meta property=\"og:type\" content=\"article\" \/>\n<meta property=\"og:title\" content=\"Lemon Tea Tree Essential Oil - Dutch Health Store\" \/>\n<meta property=\"og:description\" content=\"Cette essence peut \u00eatre utilis\u00e9e comme un nettoyant revigorant, pour rafra\u00eechir et purifier l&#039;air, et comme une huile piquante vitalisante pour revigorer le corps et l&#039;esprit en action.\" \/>\n<meta property=\"og:url\" content=\"https:\/\/dutchhealthstore.com\/fr\/product\/lemon-tea-tree-essential-oil\/\" \/>\n<meta property=\"og:site_name\" content=\"Dutch Health Store\" \/>\n<meta property=\"article:publisher\" content=\"https:\/\/www.instagram.com\/dutchhealthstore\/\" \/>\n<meta property=\"article:modified_time\" content=\"2024-07-31T15:16:08+00:00\" \/>\n<meta property=\"og:image\" content=\"https:\/\/dutchhealthstore.com\/wp-content\/uploads\/2020\/06\/living-libations-Lemon-Tree-Essential-Oil-e1592902530394.jpg\" \/>\n\t<meta property=\"og:image:width\" content=\"500\" \/>\n\t<meta property=\"og:image:height\" content=\"500\" \/>\n\t<meta property=\"og:image:type\" content=\"image\/jpeg\" \/>\n<meta name=\"twitter:card\" content=\"summary_large_image\" \/>\n<meta name=\"twitter:label1\" content=\"Prix\" \/>\n\t<meta name=\"twitter:data1\" content=\"&euro;17,00\" \/>\n\t<meta name=\"twitter:label2\" content=\"Disponibilit\u00e9\" \/>\n\t<meta name=\"twitter:data2\" content=\"En stock\" \/>\n<script type=\"application\/ld+json\" class=\"yoast-schema-graph\">{\"@context\":\"https:\/\/schema.org\",\"@graph\":[{\"@type\":\"WebPage\",\"@id\":\"https:\/\/dutchhealthstore.com\/fr\/product\/lemon-tea-tree-essential-oil\/\",\"url\":\"https:\/\/dutchhealthstore.com\/fr\/product\/lemon-tea-tree-essential-oil\/\",\"name\":\"Lemon Tea Tree Essential Oil | Living Libations\",\"isPartOf\":{\"@id\":\"https:\/\/dutchhealthstore.com\/fr\/#website\"},\"primaryImageOfPage\":{\"@id\":\"https:\/\/dutchhealthstore.com\/fr\/product\/lemon-tea-tree-essential-oil\/#primaryimage\"},\"image\":{\"@id\":\"https:\/\/dutchhealthstore.com\/fr\/product\/lemon-tea-tree-essential-oil\/#primaryimage\"},\"thumbnailUrl\":\"https:\/\/dutchhealthstore.com\/wp-content\/uploads\/2020\/06\/living-libations-Lemon-Tree-Essential-Oil-e1592902530394.jpg\",\"datePublished\":\"2020-06-23T07:17:47+00:00\",\"dateModified\":\"2024-07-31T15:16:08+00:00\",\"description\":\"Cette essence peut \u00eatre utilis\u00e9e comme un nettoyant revigorant, pour rafra\u00eechir et purifier l'air, et comme une huile piquante vitalisante pour revigorer le corps et l'esprit en action.\",\"breadcrumb\":{\"@id\":\"https:\/\/dutchhealthstore.com\/fr\/product\/lemon-tea-tree-essential-oil\/#breadcrumb\"},\"inLanguage\":\"fr-FR\",\"potentialAction\":[{\"@type\":\"ReadAction\",\"target\":[\"https:\/\/dutchhealthstore.com\/fr\/product\/lemon-tea-tree-essential-oil\/\"]}]},{\"@type\":\"ImageObject\",\"inLanguage\":\"fr-FR\",\"@id\":\"https:\/\/dutchhealthstore.com\/fr\/product\/lemon-tea-tree-essential-oil\/#primaryimage\",\"url\":\"https:\/\/dutchhealthstore.com\/wp-content\/uploads\/2020\/06\/living-libations-Lemon-Tree-Essential-Oil-e1592902530394.jpg\",\"contentUrl\":\"https:\/\/dutchhealthstore.com\/wp-content\/uploads\/2020\/06\/living-libations-Lemon-Tree-Essential-Oil-e1592902530394.jpg\",\"width\":500,\"height\":500,\"caption\":\"living libations Lemon Tree Essential Oil\"},{\"@type\":\"BreadcrumbList\",\"@id\":\"https:\/\/dutchhealthstore.com\/fr\/product\/lemon-tea-tree-essential-oil\/#breadcrumb\",\"itemListElement\":[{\"@type\":\"ListItem\",\"position\":1,\"name\":\"Home\",\"item\":\"https:\/\/dutchhealthstore.com\/fr\/\"},{\"@type\":\"ListItem\",\"position\":2,\"name\":\"Shop\",\"item\":\"https:\/\/dutchhealthstore.com\/fr\/shop\/\"},{\"@type\":\"ListItem\",\"position\":3,\"name\":\"Lemon Tea Tree Essential Oil\"}]},{\"@type\":\"WebSite\",\"@id\":\"https:\/\/dutchhealthstore.com\/fr\/#website\",\"url\":\"https:\/\/dutchhealthstore.com\/fr\/\",\"name\":\"Dutch Health Store\",\"description\":\"Enhance Your Beauty with Organic &amp; Natural Skincare\",\"publisher\":{\"@id\":\"https:\/\/dutchhealthstore.com\/fr\/#organization\"},\"potentialAction\":[{\"@type\":\"SearchAction\",\"target\":{\"@type\":\"EntryPoint\",\"urlTemplate\":\"https:\/\/dutchhealthstore.com\/fr\/?s={search_term_string}\"},\"query-input\":{\"@type\":\"PropertyValueSpecification\",\"valueRequired\":true,\"valueName\":\"search_term_string\"}}],\"inLanguage\":\"fr-FR\"},{\"@type\":\"Organization\",\"@id\":\"https:\/\/dutchhealthstore.com\/fr\/#organization\",\"name\":\"Dutch Health Store\",\"url\":\"https:\/\/dutchhealthstore.com\/fr\/\",\"logo\":{\"@type\":\"ImageObject\",\"inLanguage\":\"fr-FR\",\"@id\":\"https:\/\/dutchhealthstore.com\/fr\/#\/schema\/logo\/image\/\",\"url\":\"https:\/\/dutchhealthstore.com\/wp-content\/uploads\/2020\/08\/logo-dutchhealthstore-jpg-e1599484957574.jpg\",\"contentUrl\":\"https:\/\/dutchhealthstore.com\/wp-content\/uploads\/2020\/08\/logo-dutchhealthstore-jpg-e1599484957574.jpg\",\"width\":400,\"height\":62,\"caption\":\"Dutch Health Store\"},\"image\":{\"@id\":\"https:\/\/dutchhealthstore.com\/fr\/#\/schema\/logo\/image\/\"},\"sameAs\":[\"https:\/\/www.instagram.com\/dutchhealthstore\/\",\"https:\/\/www.facebook.com\/dutchhealthstore\"]}]}<\/script>\n<meta property=\"product:brand\" content=\"Living Libations\" \/>\n<meta property=\"product:price:amount\" content=\"17.00\" \/>\n<meta property=\"product:price:currency\" content=\"EUR\" \/>\n<meta property=\"og:availability\" content=\"instock\" \/>\n<meta property=\"product:availability\" content=\"instock\" \/>\n<meta property=\"product:condition\" content=\"new\" \/>\n<!-- \/ Yoast SEO Premium plugin. -->","yoast_head_json":{"title":"Lemon Tea Tree Essential Oil | Living Libations","description":"Cette essence peut \u00eatre utilis\u00e9e comme un nettoyant revigorant, pour rafra\u00eechir et purifier l'air, et comme une huile piquante vitalisante pour revigorer le corps et l'esprit en action.","robots":{"index":"index","follow":"follow","max-snippet":"max-snippet:-1","max-image-preview":"max-image-preview:large","max-video-preview":"max-video-preview:-1"},"canonical":"https:\/\/dutchhealthstore.com\/fr\/product\/lemon-tea-tree-essential-oil\/","og_locale":"fr_FR","og_type":"article","og_title":"Lemon Tea Tree Essential Oil - Dutch Health Store","og_description":"Cette essence peut \u00eatre utilis\u00e9e comme un nettoyant revigorant, pour rafra\u00eechir et purifier l'air, et comme une huile piquante vitalisante pour revigorer le corps et l'esprit en action.","og_url":"https:\/\/dutchhealthstore.com\/fr\/product\/lemon-tea-tree-essential-oil\/","og_site_name":"Dutch Health Store","article_publisher":"https:\/\/www.instagram.com\/dutchhealthstore\/","article_modified_time":"2024-07-31T15:16:08+00:00","og_image":[{"width":500,"height":500,"url":"https:\/\/dutchhealthstore.com\/wp-content\/uploads\/2020\/06\/living-libations-Lemon-Tree-Essential-Oil-e1592902530394.jpg","type":"image\/jpeg"}],"twitter_card":"summary_large_image","twitter_misc":{"Prix":"&euro;17,00","Disponibilit\u00e9":"En stock"},"schema":{"@context":"https:\/\/schema.org","@graph":[{"@type":"WebPage","@id":"https:\/\/dutchhealthstore.com\/fr\/product\/lemon-tea-tree-essential-oil\/","url":"https:\/\/dutchhealthstore.com\/fr\/product\/lemon-tea-tree-essential-oil\/","name":"Lemon Tea Tree Essential Oil | Living Libations","isPartOf":{"@id":"https:\/\/dutchhealthstore.com\/fr\/#website"},"primaryImageOfPage":{"@id":"https:\/\/dutchhealthstore.com\/fr\/product\/lemon-tea-tree-essential-oil\/#primaryimage"},"image":{"@id":"https:\/\/dutchhealthstore.com\/fr\/product\/lemon-tea-tree-essential-oil\/#primaryimage"},"thumbnailUrl":"https:\/\/dutchhealthstore.com\/wp-content\/uploads\/2020\/06\/living-libations-Lemon-Tree-Essential-Oil-e1592902530394.jpg","datePublished":"2020-06-23T07:17:47+00:00","dateModified":"2024-07-31T15:16:08+00:00","description":"Cette essence peut \u00eatre utilis\u00e9e comme un nettoyant revigorant, pour rafra\u00eechir et purifier l'air, et comme une huile piquante vitalisante pour revigorer le corps et l'esprit en action.","breadcrumb":{"@id":"https:\/\/dutchhealthstore.com\/fr\/product\/lemon-tea-tree-essential-oil\/#breadcrumb"},"inLanguage":"fr-FR","potentialAction":[{"@type":"ReadAction","target":["https:\/\/dutchhealthstore.com\/fr\/product\/lemon-tea-tree-essential-oil\/"]}]},{"@type":"ImageObject","inLanguage":"fr-FR","@id":"https:\/\/dutchhealthstore.com\/fr\/product\/lemon-tea-tree-essential-oil\/#primaryimage","url":"https:\/\/dutchhealthstore.com\/wp-content\/uploads\/2020\/06\/living-libations-Lemon-Tree-Essential-Oil-e1592902530394.jpg","contentUrl":"https:\/\/dutchhealthstore.com\/wp-content\/uploads\/2020\/06\/living-libations-Lemon-Tree-Essential-Oil-e1592902530394.jpg","width":500,"height":500,"caption":"living libations Lemon Tree Essential Oil"},{"@type":"BreadcrumbList","@id":"https:\/\/dutchhealthstore.com\/fr\/product\/lemon-tea-tree-essential-oil\/#breadcrumb","itemListElement":[{"@type":"ListItem","position":1,"name":"Home","item":"https:\/\/dutchhealthstore.com\/fr\/"},{"@type":"ListItem","position":2,"name":"Shop","item":"https:\/\/dutchhealthstore.com\/fr\/shop\/"},{"@type":"ListItem","position":3,"name":"Lemon Tea Tree Essential Oil"}]},{"@type":"WebSite","@id":"https:\/\/dutchhealthstore.com\/fr\/#website","url":"https:\/\/dutchhealthstore.com\/fr\/","name":"Dutch Health Store","description":"Enhance Your Beauty with Organic &amp; Natural Skincare","publisher":{"@id":"https:\/\/dutchhealthstore.com\/fr\/#organization"},"potentialAction":[{"@type":"SearchAction","target":{"@type":"EntryPoint","urlTemplate":"https:\/\/dutchhealthstore.com\/fr\/?s={search_term_string}"},"query-input":{"@type":"PropertyValueSpecification","valueRequired":true,"valueName":"search_term_string"}}],"inLanguage":"fr-FR"},{"@type":"Organization","@id":"https:\/\/dutchhealthstore.com\/fr\/#organization","name":"Dutch Health Store","url":"https:\/\/dutchhealthstore.com\/fr\/","logo":{"@type":"ImageObject","inLanguage":"fr-FR","@id":"https:\/\/dutchhealthstore.com\/fr\/#\/schema\/logo\/image\/","url":"https:\/\/dutchhealthstore.com\/wp-content\/uploads\/2020\/08\/logo-dutchhealthstore-jpg-e1599484957574.jpg","contentUrl":"https:\/\/dutchhealthstore.com\/wp-content\/uploads\/2020\/08\/logo-dutchhealthstore-jpg-e1599484957574.jpg","width":400,"height":62,"caption":"Dutch Health Store"},"image":{"@id":"https:\/\/dutchhealthstore.com\/fr\/#\/schema\/logo\/image\/"},"sameAs":["https:\/\/www.instagram.com\/dutchhealthstore\/","https:\/\/www.facebook.com\/dutchhealthstore"]}]},"product_brand":"Living Libations","product_price_amount":"17.00","product_price_currency":"EUR","og_availability":"instock","product_availability":"instock","product_condition":"new"},"_links":{"self":[{"href":"https:\/\/dutchhealthstore.com\/fr\/wp-json\/wp\/v2\/product\/120240","targetHints":{"allow":["GET"]}}],"collection":[{"href":"https:\/\/dutchhealthstore.com\/fr\/wp-json\/wp\/v2\/product"}],"about":[{"href":"https:\/\/dutchhealthstore.com\/fr\/wp-json\/wp\/v2\/types\/product"}],"replies":[{"embeddable":true,"href":"https:\/\/dutchhealthstore.com\/fr\/wp-json\/wp\/v2\/comments?post=120240"}],"wp:featuredmedia":[{"embeddable":true,"href":"https:\/\/dutchhealthstore.com\/fr\/wp-json\/wp\/v2\/media\/108578"}],"wp:attachment":[{"href":"https:\/\/dutchhealthstore.com\/fr\/wp-json\/wp\/v2\/media?parent=120240"}],"wp:term":[{"taxonomy":"product_brand","embeddable":true,"href":"https:\/\/dutchhealthstore.com\/fr\/wp-json\/wp\/v2\/product_brand?post=120240"},{"taxonomy":"product_cat","embeddable":true,"href":"https:\/\/dutchhealthstore.com\/fr\/wp-json\/wp\/v2\/product_cat?post=120240"},{"taxonomy":"product_tag","embeddable":true,"href":"https:\/\/dutchhealthstore.com\/fr\/wp-json\/wp\/v2\/product_tag?post=120240"}],"curies":[{"name":"wp","href":"https:\/\/api.w.org\/{rel}","templated":true}]}}