{"id":120223,"date":"2020-07-08T15:50:07","date_gmt":"2020-07-08T13:50:07","guid":{"rendered":"https:\/\/dutchhealthstore.com\/product\/lemongrass-essential-oil-2\/"},"modified":"2025-11-23T13:05:17","modified_gmt":"2025-11-23T12:05:17","slug":"lemongrass-essential-oil-2","status":"publish","type":"product","link":"https:\/\/dutchhealthstore.com\/fr\/product\/lemongrass-essential-oil-2\/","title":{"rendered":"Lemongrass Essential Oil"},"content":{"rendered":"<p><strong><img decoding=\"async\" class=\"size-full wp-image-69549 alignright\" src=\"https:\/\/dutchhealthstore.com\/wp-content\/uploads\/2019\/08\/NEW-Living-Libations-Logo.jpg\" alt=\"NEW - Living Libations - Logo\" width=\"175\" height=\"82\">Nom botanique:<\/strong> Cymbopogon citratus<br \/>\n<strong>Famille botanique:<\/strong> Poaceae<br \/>\n<strong>M\u00e9thode d&rsquo;extraction:<\/strong> Distillation \u00e0 la vapeur<br \/>\n<strong>Partie de la plante distill\u00e9e:<\/strong> Herbe partiellement s\u00e9ch\u00e9e pour augmenter la teneur en citral<br \/>\n<strong>Pays d&rsquo;origine:<\/strong> Tanzanie<br \/>\n<strong>M\u00e9thode de culture:<\/strong> Sauvage<br \/>\n<strong>Composition:<\/strong> 100% Cymbopogon citratus<br \/>\n<strong>Coh\u00e9rence:<\/strong> Mince<\/p>\n<h3>Description de l&rsquo;odeur<\/h3>\n<p>Ar\u00f4me aigu, vert, herbeux, miel-herbac\u00e9, avec des notes de t\u00eate vivaces, citronn\u00e9es et tenaces.<\/p>\n<h3>Se marie bien avec<\/h3>\n<p>Palmarosa, Thym, V\u00e9tiver, Patchouli, Lavande, Eucalyptus, Encens, Santal, Petitgrain, N\u00e9roli, Citron, Lime, Bergamote, Palo Santo, Marjolaine, Sapin argent\u00e9, Inula, G\u00e9ranium, Ylang, Cardamome et Sauge sclar\u00e9e.<\/p>\n<a href=\"https:\/\/dutchhealthstore.com\/wp-content\/uploads\/2020\/07\/ANALYSIS-Lemongrass-Essential-Oil-Living-Libations-3.pdf\" class=\"button primary is-primary is-small\"  >\n\t\t<span>ANALYSE DES HUILES ESSENTIELLES &gt;<\/span>\n\t<\/a>\n\n<h3>Utilisations<\/h3>\n<p>Diluer pour utiliser dans les m\u00e9langes de soins de la peau. Diffusez pour infuser son ar\u00f4me rafra\u00eechissant. Un nettoyant m\u00e9nager frais et piquant gr\u00e2ce \u00e0 son action antibact\u00e9rienne et son ar\u00f4me vif. Des cr\u00e9ations culinaires d\u00e9lectables. Id\u00e9al pour les voyages en voiture, pour garder la voiture fra\u00eeche et le conducteur alerte. Traditionnellement utilis\u00e9 sous les tropiques pour repousser les insectes.<\/p>\n<p><strong>Taille: 5 ml, 15 ml et 30 ml<\/strong><\/p>\n<h3>Constituants<\/h3>\n<p>D\u00e9bordant d&rsquo;ald\u00e9hydes monoterp\u00e9no\u00efdes et ador\u00e9 pour ses quantit\u00e9s opulentes de citral jovial, de g\u00e9raniol doux et de d-limon\u00e8ne pour le corps.<\/p>\n<p>L&rsquo;utilisation des tiges odorantes de la citronnelle en cuisine et dans les pr\u00e9parations \u00e0 base de plantes est une activit\u00e9 ancienne, tout comme l&rsquo;utilisation de l&rsquo;huile de citronnelle pour pr\u00e9server les textes anciens. Les manuscrits de Palm Leaf, une s\u00e9rie d&rsquo;anciens textes indiens datant du 5e si\u00e8cle avant J.-C., ont surv\u00e9cu pendant des milliers d&rsquo;ann\u00e9es gr\u00e2ce aux propri\u00e9t\u00e9s de conservation naturel de Lemongrass Essential Oil.<\/p>\n<p>Notre Lemongrass Essential Oil est un tonique revigorant et un tr\u00e9sor aux multiples talents. La citronnelle adoucit et apaise les muscles et la peau. C&rsquo;est une huile tonique formidable pour le soin du tissu conjonctif de la peau, les massages musculaires, le traitement des pieds d&rsquo;athl\u00e8te et la stimulation des peaux paresseuses.<\/p>\n<p>Cette huile intens\u00e9ment aromatique fortifie les sens tout en cultivant un sentiment de calme revigorant. Les \u00e9tudiants, les penseurs, les \u00e9crivains et les cr\u00e9atifs appr\u00e9cieront cet ar\u00f4me \u00e9rudit associ\u00e9 au romarin pour une concentration optimale.<\/p>\n<p>Le nettoyage \u00e0 la citronnelle fait briller la maison en la nettoyant en profondeur. Ajoutez des gouttes \u00e0 l&rsquo;eau des vadrouilles, aux vaporisateurs de nettoyage des comptoirs, aux gommages des baignoires et aux savons \u00e0 vaisselle.<\/p>\n<p>Profitez de Lemongrass Essential Oil vivante qui ouvre les portes de la perception \u00e0 l&rsquo;optimisme, clarifie l&rsquo;esprit de la brume \u00e0 la concentration, et anime les \u00e9motions de la stagnation \u00e0 l&rsquo;envol.<\/p>\n<h3>Ingr\u00e9dients Biologiques<\/h3>\n<p>100% huile essentielle de citronnelle (cymbopogon).<\/p>\n<p style=\"text-align: center;\"><em>\u00ab\u00a0Je crois qu&rsquo;une feuille d&rsquo;herbe n&rsquo;est pas moins que le travail de voyage des \u00e9toiles.\u00a0\u00bb<\/em><br \/>\n~Walt Whitman<\/p>\n<p style=\"text-align: center;\"><em>\u00ab\u00a0Vert et citronn\u00e9 sont les cat\u00e9gories de parfum auxquelles appartient la citronnelle. Lorsqu&rsquo;elles sont inhal\u00e9es en faible quantit\u00e9, les huiles vertes peuvent induire un renouveau et une transformation sur le plan psychique. De m\u00eame qu&rsquo;elle stimule les voies d&rsquo;\u00e9limination des toxines physiques, la citronnelle peut aider \u00e0 r\u00e9soudre les sentiments de d\u00e9tresse quotidiens et les \u00e9motions pathog\u00e8nes, en particulier lorsque ceux-ci sont sous-tendus par le pessimisme et la d\u00e9pression mentale.\u00a0\u00bb<\/em><br \/>\n~Peter Holmes, <strong>Aromatica<\/strong><\/p>\n<p style=\"text-align: center;\"><em>\u00ab\u00a0Sans d\u00e9tour, l&rsquo;esprit de la citronnelle \u00e9claire ce qui a \u00e9t\u00e9 avec l&rsquo;affirmation &lsquo;Pardonner, puis oublier&rsquo;.\u00a0\u00bb<\/em><br \/>\n~Valerie Ann Worwood, <strong>Aromatherapy for the Soul<\/strong><\/p>\n<p><img fetchpriority=\"high\" decoding=\"async\" class=\"size-medium wp-image-68103 aligncenter\" src=\"https:\/\/dutchhealthstore.com\/wp-content\/uploads\/2018\/02\/Living-Libations-Organic-Logo-800x89.png\" alt=\"Living Libations - Organic Logo\" width=\"800\" height=\"89\" srcset=\"https:\/\/dutchhealthstore.com\/wp-content\/uploads\/2018\/02\/Living-Libations-Organic-Logo-800x89.png 800w, https:\/\/dutchhealthstore.com\/wp-content\/uploads\/2018\/02\/Living-Libations-Organic-Logo-510x57.png 510w, https:\/\/dutchhealthstore.com\/wp-content\/uploads\/2018\/02\/Living-Libations-Organic-Logo-768x85.png 768w, https:\/\/dutchhealthstore.com\/wp-content\/uploads\/2018\/02\/Living-Libations-Organic-Logo.png 1400w\" sizes=\"(max-width: 800px) 100vw, 800px\" \/><\/p>\n","protected":false},"excerpt":{"rendered":"<p>Illuminez votre vie avec <strong>Lemongrass Essential Oil<\/strong>.<br \/>\nCette herbe tropicale apaisante et rafra\u00eechissante est \u00e9galement effervescente dans sa capacit\u00e9 \u00e0 animer l&rsquo;esprit, les \u00e9motions et l&rsquo;\u00e2me.<br \/>\nSi l&rsquo;on se sent fatigu\u00e9 ou brumeux le matin, cette essence revigorante sur le plan physique et psychologique est le moyen id\u00e9al de commencer la journ\u00e9e en inhalant, en prenant une douche ou un bain avec de la citronnelle vivante.<\/p>\n","protected":false},"featured_media":111827,"comment_status":"open","ping_status":"closed","template":"","meta":[],"product_brand":[],"product_cat":[6734,1507,1211,1209,3757,6733],"product_tag":[4495],"class_list":{"0":"post-120223","1":"product","2":"type-product","3":"status-publish","4":"has-post-thumbnail","6":"product_cat-essential-oils","7":"product_cat-plantes-huiles-essentielles-living-libations","8":"product_cat-living-libations-france","9":"product_cat-par-marques","10":"product_cat-plantes-huiles-essentielles","11":"product_cat-wellness-fr-2","12":"product_tag-essential-oil-fr","13":"pa_brand-livinglibations-fr","14":"pa_essential-oils-product-type-essential-oils-fr","15":"pa_size-15-ml-fr","16":"pa_size-30-ml-fr","17":"pa_size-5-ml-fr","19":"first","20":"instock","21":"taxable","22":"shipping-taxable","23":"purchasable","24":"product-type-variable"},"bundled_by":[],"bundle_stock_status":"instock","bundle_stock_quantity":null,"bundle_virtual":false,"bundle_layout":"","bundle_add_to_cart_form_location":"","bundle_editable_in_cart":false,"bundle_sold_individually_context":"","bundle_item_grouping":"","bundle_min_size":"","bundle_max_size":"","bundle_price":[],"bundled_items":[],"bundle_sell_ids":[],"atum_controlled":true,"out_stock_date":null,"out_stock_threshold":null,"inheritable":true,"stock_on_hold":0,"sold_today":0,"sales_last_days":0,"out_stock_days":0,"lost_sales":0,"update_date":"2026-04-30T00:15:31","atum_locations":[],"atum_stock_status":"instock","restock_status":false,"low_stock_amount":"","sales_update_date":"2026-04-30T00:15:30","calc_backorders":null,"group_of_quantity":0,"min_quantity":0,"max_quantity":"","exclude_order_quantity_value_rules":"no","exclude_category_quantity_rules":"no","combine_variations":"no","yoast_head":"<!-- This site is optimized with the Yoast SEO Premium plugin v26.5 (Yoast SEO v26.5) - https:\/\/yoast.com\/wordpress\/plugins\/seo\/ -->\n<title>Lemongrass Essential Oil | Living Libations<\/title>\n<meta name=\"description\" content=\"Cette herbe tropicale apaisante et rafra\u00eechissante est \u00e9galement effervescente dans sa capacit\u00e9 \u00e0 animer l&#039;esprit, les \u00e9motions et l&#039;\u00e2me.\" \/>\n<meta name=\"robots\" content=\"index, follow, max-snippet:-1, max-image-preview:large, max-video-preview:-1\" \/>\n<link rel=\"canonical\" href=\"https:\/\/dutchhealthstore.com\/fr\/product\/lemongrass-essential-oil-2\/\" \/>\n<meta property=\"og:locale\" content=\"fr_FR\" \/>\n<meta property=\"og:type\" content=\"article\" \/>\n<meta property=\"og:title\" content=\"Lemongrass Essential Oil - Dutch Health Store\" \/>\n<meta property=\"og:description\" content=\"Cette herbe tropicale apaisante et rafra\u00eechissante est \u00e9galement effervescente dans sa capacit\u00e9 \u00e0 animer l&#039;esprit, les \u00e9motions et l&#039;\u00e2me.\" \/>\n<meta property=\"og:url\" content=\"https:\/\/dutchhealthstore.com\/fr\/product\/lemongrass-essential-oil-2\/\" \/>\n<meta property=\"og:site_name\" content=\"Dutch Health Store\" \/>\n<meta property=\"article:publisher\" content=\"https:\/\/www.instagram.com\/dutchhealthstore\/\" \/>\n<meta property=\"article:modified_time\" content=\"2025-11-23T12:05:17+00:00\" \/>\n<meta property=\"og:image\" content=\"https:\/\/dutchhealthstore.com\/wp-content\/uploads\/2020\/07\/Living-Libations-Lemongrass-Essential-Oil-e1594117344884.png\" \/>\n\t<meta property=\"og:image:width\" content=\"500\" \/>\n\t<meta property=\"og:image:height\" content=\"500\" \/>\n\t<meta property=\"og:image:type\" content=\"image\/jpeg\" \/>\n<meta name=\"twitter:card\" content=\"summary_large_image\" \/>\n<meta name=\"twitter:label1\" content=\"Disponibilit\u00e9\" \/>\n\t<meta name=\"twitter:data1\" content=\"En stock\" \/>\n<script type=\"application\/ld+json\" class=\"yoast-schema-graph\">{\"@context\":\"https:\/\/schema.org\",\"@graph\":[{\"@type\":\"WebPage\",\"@id\":\"https:\/\/dutchhealthstore.com\/fr\/product\/lemongrass-essential-oil-2\/\",\"url\":\"https:\/\/dutchhealthstore.com\/fr\/product\/lemongrass-essential-oil-2\/\",\"name\":\"Lemongrass Essential Oil | Living Libations\",\"isPartOf\":{\"@id\":\"https:\/\/dutchhealthstore.com\/fr\/#website\"},\"primaryImageOfPage\":{\"@id\":\"https:\/\/dutchhealthstore.com\/fr\/product\/lemongrass-essential-oil-2\/#primaryimage\"},\"image\":{\"@id\":\"https:\/\/dutchhealthstore.com\/fr\/product\/lemongrass-essential-oil-2\/#primaryimage\"},\"thumbnailUrl\":\"https:\/\/dutchhealthstore.com\/wp-content\/uploads\/2020\/07\/Living-Libations-Lemongrass-Essential-Oil-e1594117344884.png\",\"datePublished\":\"2020-07-08T13:50:07+00:00\",\"dateModified\":\"2025-11-23T12:05:17+00:00\",\"description\":\"Cette herbe tropicale apaisante et rafra\u00eechissante est \u00e9galement effervescente dans sa capacit\u00e9 \u00e0 animer l'esprit, les \u00e9motions et l'\u00e2me.\",\"breadcrumb\":{\"@id\":\"https:\/\/dutchhealthstore.com\/fr\/product\/lemongrass-essential-oil-2\/#breadcrumb\"},\"inLanguage\":\"fr-FR\",\"potentialAction\":[{\"@type\":\"ReadAction\",\"target\":[\"https:\/\/dutchhealthstore.com\/fr\/product\/lemongrass-essential-oil-2\/\"]}]},{\"@type\":\"ImageObject\",\"inLanguage\":\"fr-FR\",\"@id\":\"https:\/\/dutchhealthstore.com\/fr\/product\/lemongrass-essential-oil-2\/#primaryimage\",\"url\":\"https:\/\/dutchhealthstore.com\/wp-content\/uploads\/2020\/07\/Living-Libations-Lemongrass-Essential-Oil-e1594117344884.png\",\"contentUrl\":\"https:\/\/dutchhealthstore.com\/wp-content\/uploads\/2020\/07\/Living-Libations-Lemongrass-Essential-Oil-e1594117344884.png\",\"width\":500,\"height\":500,\"caption\":\"Living Libations Lemongrass Essential Oil\"},{\"@type\":\"BreadcrumbList\",\"@id\":\"https:\/\/dutchhealthstore.com\/fr\/product\/lemongrass-essential-oil-2\/#breadcrumb\",\"itemListElement\":[{\"@type\":\"ListItem\",\"position\":1,\"name\":\"Home\",\"item\":\"https:\/\/dutchhealthstore.com\/fr\/\"},{\"@type\":\"ListItem\",\"position\":2,\"name\":\"Shop\",\"item\":\"https:\/\/dutchhealthstore.com\/fr\/shop\/\"},{\"@type\":\"ListItem\",\"position\":3,\"name\":\"Lemongrass Essential Oil\"}]},{\"@type\":\"WebSite\",\"@id\":\"https:\/\/dutchhealthstore.com\/fr\/#website\",\"url\":\"https:\/\/dutchhealthstore.com\/fr\/\",\"name\":\"Dutch Health Store\",\"description\":\"Enhance Your Beauty with Organic &amp; Natural Skincare\",\"publisher\":{\"@id\":\"https:\/\/dutchhealthstore.com\/fr\/#organization\"},\"potentialAction\":[{\"@type\":\"SearchAction\",\"target\":{\"@type\":\"EntryPoint\",\"urlTemplate\":\"https:\/\/dutchhealthstore.com\/fr\/?s={search_term_string}\"},\"query-input\":{\"@type\":\"PropertyValueSpecification\",\"valueRequired\":true,\"valueName\":\"search_term_string\"}}],\"inLanguage\":\"fr-FR\"},{\"@type\":\"Organization\",\"@id\":\"https:\/\/dutchhealthstore.com\/fr\/#organization\",\"name\":\"Dutch Health Store\",\"url\":\"https:\/\/dutchhealthstore.com\/fr\/\",\"logo\":{\"@type\":\"ImageObject\",\"inLanguage\":\"fr-FR\",\"@id\":\"https:\/\/dutchhealthstore.com\/fr\/#\/schema\/logo\/image\/\",\"url\":\"https:\/\/dutchhealthstore.com\/wp-content\/uploads\/2020\/08\/logo-dutchhealthstore-jpg-e1599484957574.jpg\",\"contentUrl\":\"https:\/\/dutchhealthstore.com\/wp-content\/uploads\/2020\/08\/logo-dutchhealthstore-jpg-e1599484957574.jpg\",\"width\":400,\"height\":62,\"caption\":\"Dutch Health Store\"},\"image\":{\"@id\":\"https:\/\/dutchhealthstore.com\/fr\/#\/schema\/logo\/image\/\"},\"sameAs\":[\"https:\/\/www.instagram.com\/dutchhealthstore\/\",\"https:\/\/www.facebook.com\/dutchhealthstore\"]}]}<\/script>\n<meta property=\"product:brand\" content=\"Living Libations\" \/>\n<meta property=\"og:availability\" content=\"instock\" \/>\n<meta property=\"product:availability\" content=\"instock\" \/>\n<meta property=\"product:condition\" content=\"new\" \/>\n<!-- \/ Yoast SEO Premium plugin. -->","yoast_head_json":{"title":"Lemongrass Essential Oil | Living Libations","description":"Cette herbe tropicale apaisante et rafra\u00eechissante est \u00e9galement effervescente dans sa capacit\u00e9 \u00e0 animer l'esprit, les \u00e9motions et l'\u00e2me.","robots":{"index":"index","follow":"follow","max-snippet":"max-snippet:-1","max-image-preview":"max-image-preview:large","max-video-preview":"max-video-preview:-1"},"canonical":"https:\/\/dutchhealthstore.com\/fr\/product\/lemongrass-essential-oil-2\/","og_locale":"fr_FR","og_type":"article","og_title":"Lemongrass Essential Oil - Dutch Health Store","og_description":"Cette herbe tropicale apaisante et rafra\u00eechissante est \u00e9galement effervescente dans sa capacit\u00e9 \u00e0 animer l'esprit, les \u00e9motions et l'\u00e2me.","og_url":"https:\/\/dutchhealthstore.com\/fr\/product\/lemongrass-essential-oil-2\/","og_site_name":"Dutch Health Store","article_publisher":"https:\/\/www.instagram.com\/dutchhealthstore\/","article_modified_time":"2025-11-23T12:05:17+00:00","og_image":[{"width":500,"height":500,"url":"https:\/\/dutchhealthstore.com\/wp-content\/uploads\/2020\/07\/Living-Libations-Lemongrass-Essential-Oil-e1594117344884.png","type":"image\/jpeg"}],"twitter_card":"summary_large_image","twitter_misc":{"Disponibilit\u00e9":"En stock"},"schema":{"@context":"https:\/\/schema.org","@graph":[{"@type":"WebPage","@id":"https:\/\/dutchhealthstore.com\/fr\/product\/lemongrass-essential-oil-2\/","url":"https:\/\/dutchhealthstore.com\/fr\/product\/lemongrass-essential-oil-2\/","name":"Lemongrass Essential Oil | Living Libations","isPartOf":{"@id":"https:\/\/dutchhealthstore.com\/fr\/#website"},"primaryImageOfPage":{"@id":"https:\/\/dutchhealthstore.com\/fr\/product\/lemongrass-essential-oil-2\/#primaryimage"},"image":{"@id":"https:\/\/dutchhealthstore.com\/fr\/product\/lemongrass-essential-oil-2\/#primaryimage"},"thumbnailUrl":"https:\/\/dutchhealthstore.com\/wp-content\/uploads\/2020\/07\/Living-Libations-Lemongrass-Essential-Oil-e1594117344884.png","datePublished":"2020-07-08T13:50:07+00:00","dateModified":"2025-11-23T12:05:17+00:00","description":"Cette herbe tropicale apaisante et rafra\u00eechissante est \u00e9galement effervescente dans sa capacit\u00e9 \u00e0 animer l'esprit, les \u00e9motions et l'\u00e2me.","breadcrumb":{"@id":"https:\/\/dutchhealthstore.com\/fr\/product\/lemongrass-essential-oil-2\/#breadcrumb"},"inLanguage":"fr-FR","potentialAction":[{"@type":"ReadAction","target":["https:\/\/dutchhealthstore.com\/fr\/product\/lemongrass-essential-oil-2\/"]}]},{"@type":"ImageObject","inLanguage":"fr-FR","@id":"https:\/\/dutchhealthstore.com\/fr\/product\/lemongrass-essential-oil-2\/#primaryimage","url":"https:\/\/dutchhealthstore.com\/wp-content\/uploads\/2020\/07\/Living-Libations-Lemongrass-Essential-Oil-e1594117344884.png","contentUrl":"https:\/\/dutchhealthstore.com\/wp-content\/uploads\/2020\/07\/Living-Libations-Lemongrass-Essential-Oil-e1594117344884.png","width":500,"height":500,"caption":"Living Libations Lemongrass Essential Oil"},{"@type":"BreadcrumbList","@id":"https:\/\/dutchhealthstore.com\/fr\/product\/lemongrass-essential-oil-2\/#breadcrumb","itemListElement":[{"@type":"ListItem","position":1,"name":"Home","item":"https:\/\/dutchhealthstore.com\/fr\/"},{"@type":"ListItem","position":2,"name":"Shop","item":"https:\/\/dutchhealthstore.com\/fr\/shop\/"},{"@type":"ListItem","position":3,"name":"Lemongrass Essential Oil"}]},{"@type":"WebSite","@id":"https:\/\/dutchhealthstore.com\/fr\/#website","url":"https:\/\/dutchhealthstore.com\/fr\/","name":"Dutch Health Store","description":"Enhance Your Beauty with Organic &amp; Natural Skincare","publisher":{"@id":"https:\/\/dutchhealthstore.com\/fr\/#organization"},"potentialAction":[{"@type":"SearchAction","target":{"@type":"EntryPoint","urlTemplate":"https:\/\/dutchhealthstore.com\/fr\/?s={search_term_string}"},"query-input":{"@type":"PropertyValueSpecification","valueRequired":true,"valueName":"search_term_string"}}],"inLanguage":"fr-FR"},{"@type":"Organization","@id":"https:\/\/dutchhealthstore.com\/fr\/#organization","name":"Dutch Health Store","url":"https:\/\/dutchhealthstore.com\/fr\/","logo":{"@type":"ImageObject","inLanguage":"fr-FR","@id":"https:\/\/dutchhealthstore.com\/fr\/#\/schema\/logo\/image\/","url":"https:\/\/dutchhealthstore.com\/wp-content\/uploads\/2020\/08\/logo-dutchhealthstore-jpg-e1599484957574.jpg","contentUrl":"https:\/\/dutchhealthstore.com\/wp-content\/uploads\/2020\/08\/logo-dutchhealthstore-jpg-e1599484957574.jpg","width":400,"height":62,"caption":"Dutch Health Store"},"image":{"@id":"https:\/\/dutchhealthstore.com\/fr\/#\/schema\/logo\/image\/"},"sameAs":["https:\/\/www.instagram.com\/dutchhealthstore\/","https:\/\/www.facebook.com\/dutchhealthstore"]}]},"product_brand":"Living Libations","og_availability":"instock","product_availability":"instock","product_condition":"new"},"_links":{"self":[{"href":"https:\/\/dutchhealthstore.com\/fr\/wp-json\/wp\/v2\/product\/120223","targetHints":{"allow":["GET"]}}],"collection":[{"href":"https:\/\/dutchhealthstore.com\/fr\/wp-json\/wp\/v2\/product"}],"about":[{"href":"https:\/\/dutchhealthstore.com\/fr\/wp-json\/wp\/v2\/types\/product"}],"replies":[{"embeddable":true,"href":"https:\/\/dutchhealthstore.com\/fr\/wp-json\/wp\/v2\/comments?post=120223"}],"wp:featuredmedia":[{"embeddable":true,"href":"https:\/\/dutchhealthstore.com\/fr\/wp-json\/wp\/v2\/media\/111827"}],"wp:attachment":[{"href":"https:\/\/dutchhealthstore.com\/fr\/wp-json\/wp\/v2\/media?parent=120223"}],"wp:term":[{"taxonomy":"product_brand","embeddable":true,"href":"https:\/\/dutchhealthstore.com\/fr\/wp-json\/wp\/v2\/product_brand?post=120223"},{"taxonomy":"product_cat","embeddable":true,"href":"https:\/\/dutchhealthstore.com\/fr\/wp-json\/wp\/v2\/product_cat?post=120223"},{"taxonomy":"product_tag","embeddable":true,"href":"https:\/\/dutchhealthstore.com\/fr\/wp-json\/wp\/v2\/product_tag?post=120223"}],"curies":[{"name":"wp","href":"https:\/\/api.w.org\/{rel}","templated":true}]}}