{"id":119595,"date":"2020-07-09T11:41:33","date_gmt":"2020-07-09T09:41:33","guid":{"rendered":"https:\/\/dutchhealthstore.com\/product\/lemon-essential-oil\/"},"modified":"2025-08-29T10:27:47","modified_gmt":"2025-08-29T08:27:47","slug":"lemon-essential-oil","status":"publish","type":"product","link":"https:\/\/dutchhealthstore.com\/fr\/product\/lemon-essential-oil\/","title":{"rendered":"Lemon Essential Oil"},"content":{"rendered":"<p><strong><img decoding=\"async\" class=\"size-full wp-image-69549 alignright\" src=\"https:\/\/dutchhealthstore.com\/wp-content\/uploads\/2019\/08\/NEW-Living-Libations-Logo.jpg\" alt=\"NEW - Living Libations - Logo\" width=\"175\" height=\"82\">Nom botanique:<\/strong> Citrus limonum<br \/>\n<strong>Famille botanique:<\/strong> Rutaceae<br \/>\n<strong>M\u00e9thode d&rsquo;extraction:<\/strong> Press\u00e9 \u00e0 froid<br \/>\n<strong>Partie de la plante distill\u00e9e:<\/strong> \u00c9corce<br \/>\n<strong>Pays d&rsquo;origine:<\/strong> Italie<br \/>\n<strong>M\u00e9thode de culture:<\/strong> Organique<br \/>\n<strong>Composition:<\/strong> 100% Citrus limonum<br \/>\n<strong>Coh\u00e9rence:<\/strong> Mince<\/p>\n<h3>Description de l&rsquo;odeur<\/h3>\n<p>Agrume tranchant avec des notes de citron vives.<\/p>\n<h3>Dans Living Libations<\/h3>\n<p>Lavish Abundance Perfume, Jai Baby Joy, Zest the Best, CelluLight Formula, Revive Alive Blend, Chocolate Mocha Lips Lover, Best Skin Ever Chocolate, et Seven Chakra Synergies Set.<\/p>\n<h3>Se marie bien avec<\/h3>\n<p>Bergamote, N\u00e9roli, Jasmin, Rose, Lavande, Tilleul, Douglas Fir, Vanille et Inula.<\/p>\n<a href=\"https:\/\/dutchhealthstore.com\/wp-content\/uploads\/2020\/07\/ANALYSIS-Lemon-Essential-Oil-Living-Libations.pdf\" class=\"button primary is-primary is-small\"  >\n\t\t<span>ANALYSE DES HUILES ESSENTIELLES &gt;<\/span>\n\t<\/a>\n\n<h3>Utilisations<\/h3>\n<p>Conservateur de s\u00e9rum culinaire et de peau. Rajeunisseur de la peau. Diffusez ou reniflez pour un coup de fouet rapide. Charmant dans les bains. Diffuser pour infuser la concentration pour les t\u00e2ches cr\u00e9atives et l&rsquo;\u00e9tude. Parfait pour faire le m\u00e9nage. D\u00e9licieux dans toutes sortes de plats et de desserts.<\/p>\n<p><strong>Taille: 5 ml et 15 ml<\/strong><\/p>\n<h3>Contre-indication<\/h3>\n<p>Photosensible. Ne pas utiliser sur une peau directement expos\u00e9e au soleil. Diluer pour utiliser.<\/p>\n<p>Press\u00e9e \u00e0 partir des \u00e9corces de citrons luxuriants qui ont pouss\u00e9 \u00e0 maturit\u00e9 le long de la M\u00e9diterran\u00e9e, notre Lemon Essential Oil sent comme quelqu&rsquo;un qui a mis en bouteille un matin revigorant sous le soleil de Toscane. Amen\u00e9s de Chine en Italie il y a des si\u00e8cles par des marchands arabes, ces citrons biologiques sont press\u00e9s \u00e0 froid pour n&rsquo;extraire que l&rsquo;essence la plus pure du fruit.<\/p>\n<p>L&rsquo;ancien po\u00e8te romain, Virgile, a observ\u00e9 que le \u00ab\u00a0fruit du c\u00e9drat chasse en tout lieu le venin noir du corps\u00a0\u00bb. Les composants citral et limon\u00e8ne contribuent \u00e0 la fra\u00eecheur piquante de l&rsquo;huile, qui revigore les sens, rafra\u00eechit la peau et ensoleille l&rsquo;\u00e2me.<\/p>\n<p>Notre Lemon Essential Oil biologique est appr\u00e9ci\u00e9e pour ses propri\u00e9t\u00e9s d&rsquo;aromath\u00e9rapie et de tonification de la peau. Utilisez Lemon Essential Oil pour vous aider \u00e0 vous concentrer au travail, \u00e0 terminer vos t\u00e2ches m\u00e9nag\u00e8res, \u00e0 vous motiver pour faire de l&rsquo;exercice, \u00e0 diminuer la n\u00e9gativit\u00e9, \u00e0 augmenter la pleine conscience et \u00e0 nettoyer votre environnement int\u00e9rieur et ext\u00e9rieur. \u00c0 glisser dans les s\u00e9rums pour la peau pour stimuler les peaux atones et unifier le teint.<\/p>\n<p>Lemon Essential Oil est r\u00e9solument \u00e9difiante. Regardez votre humeur monter en fl\u00e8che lorsque vous respirez l&rsquo;essence de la clart\u00e9 et de ses \u00e9l\u00e9ments fr\u00e8res: la joie, la paix, l&rsquo;espoir et le rire.<\/p>\n<h3>Ingr\u00e9dients Biologiques<\/h3>\n<p>100% huile essentielle de citron (Citrus limonum).<\/p>\n<p style=\"text-align: center;\"><em>\u00ab\u00a0Quand le soleil s&rsquo;abaisse pour se reposer, vous respirez, au bord d&rsquo;une baie, les odeurs parfum\u00e9es des citronniers; puis, le soir, sur la terrasse, seuls l&rsquo;un \u00e0 l&rsquo;autre, les doigts entrelac\u00e9s, vous contemplez les \u00e9toiles et faites des projets d&rsquo;avenir.\u00a0\u00bb<\/em><br \/>\n~ Gustave Flaubert, <strong>Madame Bovary<\/strong><\/p>\n<p style=\"text-align: center;\"><em>\u00ab\u00a0Le citron clarifie tout par l&rsquo;\u00e9l\u00e9vation et la concentration.\u00a0\u00bb<\/em><br \/>\n~ Valerie Ann Worwood, <strong>Aromatherapy for the Soul<\/strong><\/p>\n<p style=\"text-align: center;\"><em>\u00ab\u00a0L&rsquo;huile de citron est une huile essentielle aux vibrations \u00e9lev\u00e9es, comparables \u00e0 un sifflet aigu. Le bois de santal, en comparaison, &lsquo;bourdonne comme un bourdon&rsquo;. Les huiles essentielles aux vibrations \u00e9lev\u00e9es remontent le moral, notamment lorsqu&rsquo;on peut ressentir une fatigue mentale.\u00a0\u00bb<\/em><br \/>\n~ Suzanne Fischer-Rizzi, <strong>Complete Aromatherapy Handbook<\/strong><\/p>\n<p><img fetchpriority=\"high\" decoding=\"async\" class=\"size-medium wp-image-68103 aligncenter\" src=\"https:\/\/dutchhealthstore.com\/wp-content\/uploads\/2018\/02\/Living-Libations-Organic-Logo-800x89.png\" alt=\"Living Libations - Organic Logo\" width=\"800\" height=\"89\" srcset=\"https:\/\/dutchhealthstore.com\/wp-content\/uploads\/2018\/02\/Living-Libations-Organic-Logo-800x89.png 800w, https:\/\/dutchhealthstore.com\/wp-content\/uploads\/2018\/02\/Living-Libations-Organic-Logo-510x57.png 510w, https:\/\/dutchhealthstore.com\/wp-content\/uploads\/2018\/02\/Living-Libations-Organic-Logo-768x85.png 768w, https:\/\/dutchhealthstore.com\/wp-content\/uploads\/2018\/02\/Living-Libations-Organic-Logo.png 1400w\" sizes=\"(max-width: 800px) 100vw, 800px\" \/><\/p>\n","protected":false},"excerpt":{"rendered":"<p><strong>Lemon Essential Oil<\/strong> press\u00e9e \u00e0 froid est un \u00e9lixir de plaisir revigorant.<br \/>\nExtraite de l&rsquo;\u00e9corce de milliers de citrons, chaque bouteille d&rsquo;essences de Citron vif contient en elle le zeste des mol\u00e9cules qui permettent de remonter le moral, de titiller les sens, de revitaliser la peau et d&rsquo;inspirer une disposition ensoleill\u00e9e.<\/p>\n","protected":false},"featured_media":112449,"comment_status":"open","ping_status":"closed","template":"","meta":[],"product_brand":[],"product_cat":[6734,1507,1211,1209,3757,6733],"product_tag":[4495],"class_list":{"0":"post-119595","1":"product","2":"type-product","3":"status-publish","4":"has-post-thumbnail","6":"product_cat-essential-oils","7":"product_cat-plantes-huiles-essentielles-living-libations","8":"product_cat-living-libations-france","9":"product_cat-par-marques","10":"product_cat-plantes-huiles-essentielles","11":"product_cat-wellness-fr-2","12":"product_tag-essential-oil-fr","13":"pa_brand-livinglibations-fr","14":"pa_essential-oils-product-type-essential-oils-fr","15":"pa_size-5-ml-fr","16":"pa_size-15-ml-fr","18":"first","19":"instock","20":"taxable","21":"shipping-taxable","22":"purchasable","23":"product-type-variable"},"bundled_by":[],"bundle_stock_status":"instock","bundle_stock_quantity":null,"bundle_virtual":false,"bundle_layout":"","bundle_add_to_cart_form_location":"","bundle_editable_in_cart":false,"bundle_sold_individually_context":"","bundle_item_grouping":"","bundle_min_size":"","bundle_max_size":"","bundle_price":[],"bundled_items":[],"bundle_sell_ids":[],"atum_controlled":true,"out_stock_date":null,"out_stock_threshold":null,"inheritable":true,"stock_on_hold":0,"sold_today":0,"sales_last_days":0,"out_stock_days":0,"lost_sales":0,"update_date":"2026-04-06T01:47:35","atum_locations":[],"atum_stock_status":"instock","restock_status":false,"low_stock_amount":"","sales_update_date":"2026-04-06T01:47:35","calc_backorders":null,"group_of_quantity":0,"min_quantity":0,"max_quantity":"","exclude_order_quantity_value_rules":"no","exclude_category_quantity_rules":"no","combine_variations":"no","yoast_head":"<!-- This site is optimized with the Yoast SEO Premium plugin v26.5 (Yoast SEO v26.5) - https:\/\/yoast.com\/wordpress\/plugins\/seo\/ -->\n<title>Lemon Essential Oil | Living Libations<\/title>\n<meta name=\"description\" content=\"Chaque flacon d&#039;essences de citron vives contient en son sein le zeste des mol\u00e9cules qui permettent de remonter le moral, de revitaliser la peau et d&#039;inspirer une disposition ensoleill\u00e9e.\" \/>\n<meta name=\"robots\" content=\"index, follow, max-snippet:-1, max-image-preview:large, max-video-preview:-1\" \/>\n<link rel=\"canonical\" href=\"https:\/\/dutchhealthstore.com\/fr\/product\/lemon-essential-oil\/\" \/>\n<meta property=\"og:locale\" content=\"fr_FR\" \/>\n<meta property=\"og:type\" content=\"article\" \/>\n<meta property=\"og:title\" content=\"Lemon Essential Oil - Dutch Health Store\" \/>\n<meta property=\"og:description\" content=\"Chaque flacon d&#039;essences de citron vives contient en son sein le zeste des mol\u00e9cules qui permettent de remonter le moral, de revitaliser la peau et d&#039;inspirer une disposition ensoleill\u00e9e.\" \/>\n<meta property=\"og:url\" content=\"https:\/\/dutchhealthstore.com\/fr\/product\/lemon-essential-oil\/\" \/>\n<meta property=\"og:site_name\" content=\"Dutch Health Store\" \/>\n<meta property=\"article:publisher\" content=\"https:\/\/www.instagram.com\/dutchhealthstore\/\" \/>\n<meta property=\"article:modified_time\" content=\"2025-08-29T08:27:47+00:00\" \/>\n<meta property=\"og:image\" content=\"https:\/\/dutchhealthstore.com\/wp-content\/uploads\/2020\/07\/Living-Libations-Lemon-Essential-Oil-e1594294190402.jpg\" \/>\n\t<meta property=\"og:image:width\" content=\"500\" \/>\n\t<meta property=\"og:image:height\" content=\"500\" \/>\n\t<meta property=\"og:image:type\" content=\"image\/jpeg\" \/>\n<meta name=\"twitter:card\" content=\"summary_large_image\" \/>\n<meta name=\"twitter:label1\" content=\"Disponibilit\u00e9\" \/>\n\t<meta name=\"twitter:data1\" content=\"En stock\" \/>\n<script type=\"application\/ld+json\" class=\"yoast-schema-graph\">{\"@context\":\"https:\/\/schema.org\",\"@graph\":[{\"@type\":\"WebPage\",\"@id\":\"https:\/\/dutchhealthstore.com\/fr\/product\/lemon-essential-oil\/\",\"url\":\"https:\/\/dutchhealthstore.com\/fr\/product\/lemon-essential-oil\/\",\"name\":\"Lemon Essential Oil | Living Libations\",\"isPartOf\":{\"@id\":\"https:\/\/dutchhealthstore.com\/fr\/#website\"},\"primaryImageOfPage\":{\"@id\":\"https:\/\/dutchhealthstore.com\/fr\/product\/lemon-essential-oil\/#primaryimage\"},\"image\":{\"@id\":\"https:\/\/dutchhealthstore.com\/fr\/product\/lemon-essential-oil\/#primaryimage\"},\"thumbnailUrl\":\"https:\/\/dutchhealthstore.com\/wp-content\/uploads\/2020\/07\/Living-Libations-Lemon-Essential-Oil-e1594294190402.jpg\",\"datePublished\":\"2020-07-09T09:41:33+00:00\",\"dateModified\":\"2025-08-29T08:27:47+00:00\",\"description\":\"Chaque flacon d'essences de citron vives contient en son sein le zeste des mol\u00e9cules qui permettent de remonter le moral, de revitaliser la peau et d'inspirer une disposition ensoleill\u00e9e.\",\"breadcrumb\":{\"@id\":\"https:\/\/dutchhealthstore.com\/fr\/product\/lemon-essential-oil\/#breadcrumb\"},\"inLanguage\":\"fr-FR\",\"potentialAction\":[{\"@type\":\"ReadAction\",\"target\":[\"https:\/\/dutchhealthstore.com\/fr\/product\/lemon-essential-oil\/\"]}]},{\"@type\":\"ImageObject\",\"inLanguage\":\"fr-FR\",\"@id\":\"https:\/\/dutchhealthstore.com\/fr\/product\/lemon-essential-oil\/#primaryimage\",\"url\":\"https:\/\/dutchhealthstore.com\/wp-content\/uploads\/2020\/07\/Living-Libations-Lemon-Essential-Oil-e1594294190402.jpg\",\"contentUrl\":\"https:\/\/dutchhealthstore.com\/wp-content\/uploads\/2020\/07\/Living-Libations-Lemon-Essential-Oil-e1594294190402.jpg\",\"width\":500,\"height\":500,\"caption\":\"Living Libations Lemon Essential Oil\"},{\"@type\":\"BreadcrumbList\",\"@id\":\"https:\/\/dutchhealthstore.com\/fr\/product\/lemon-essential-oil\/#breadcrumb\",\"itemListElement\":[{\"@type\":\"ListItem\",\"position\":1,\"name\":\"Home\",\"item\":\"https:\/\/dutchhealthstore.com\/fr\/\"},{\"@type\":\"ListItem\",\"position\":2,\"name\":\"Shop\",\"item\":\"https:\/\/dutchhealthstore.com\/fr\/shop\/\"},{\"@type\":\"ListItem\",\"position\":3,\"name\":\"Lemon Essential Oil\"}]},{\"@type\":\"WebSite\",\"@id\":\"https:\/\/dutchhealthstore.com\/fr\/#website\",\"url\":\"https:\/\/dutchhealthstore.com\/fr\/\",\"name\":\"Dutch Health Store\",\"description\":\"Enhance Your Beauty with Organic &amp; Natural Skincare\",\"publisher\":{\"@id\":\"https:\/\/dutchhealthstore.com\/fr\/#organization\"},\"potentialAction\":[{\"@type\":\"SearchAction\",\"target\":{\"@type\":\"EntryPoint\",\"urlTemplate\":\"https:\/\/dutchhealthstore.com\/fr\/?s={search_term_string}\"},\"query-input\":{\"@type\":\"PropertyValueSpecification\",\"valueRequired\":true,\"valueName\":\"search_term_string\"}}],\"inLanguage\":\"fr-FR\"},{\"@type\":\"Organization\",\"@id\":\"https:\/\/dutchhealthstore.com\/fr\/#organization\",\"name\":\"Dutch Health Store\",\"url\":\"https:\/\/dutchhealthstore.com\/fr\/\",\"logo\":{\"@type\":\"ImageObject\",\"inLanguage\":\"fr-FR\",\"@id\":\"https:\/\/dutchhealthstore.com\/fr\/#\/schema\/logo\/image\/\",\"url\":\"https:\/\/dutchhealthstore.com\/wp-content\/uploads\/2020\/08\/logo-dutchhealthstore-jpg-e1599484957574.jpg\",\"contentUrl\":\"https:\/\/dutchhealthstore.com\/wp-content\/uploads\/2020\/08\/logo-dutchhealthstore-jpg-e1599484957574.jpg\",\"width\":400,\"height\":62,\"caption\":\"Dutch Health Store\"},\"image\":{\"@id\":\"https:\/\/dutchhealthstore.com\/fr\/#\/schema\/logo\/image\/\"},\"sameAs\":[\"https:\/\/www.instagram.com\/dutchhealthstore\/\",\"https:\/\/www.facebook.com\/dutchhealthstore\"]}]}<\/script>\n<meta property=\"product:brand\" content=\"Living Libations\" \/>\n<meta property=\"og:availability\" content=\"instock\" \/>\n<meta property=\"product:availability\" content=\"instock\" \/>\n<meta property=\"product:condition\" content=\"new\" \/>\n<!-- \/ Yoast SEO Premium plugin. -->","yoast_head_json":{"title":"Lemon Essential Oil | Living Libations","description":"Chaque flacon d'essences de citron vives contient en son sein le zeste des mol\u00e9cules qui permettent de remonter le moral, de revitaliser la peau et d'inspirer une disposition ensoleill\u00e9e.","robots":{"index":"index","follow":"follow","max-snippet":"max-snippet:-1","max-image-preview":"max-image-preview:large","max-video-preview":"max-video-preview:-1"},"canonical":"https:\/\/dutchhealthstore.com\/fr\/product\/lemon-essential-oil\/","og_locale":"fr_FR","og_type":"article","og_title":"Lemon Essential Oil - Dutch Health Store","og_description":"Chaque flacon d'essences de citron vives contient en son sein le zeste des mol\u00e9cules qui permettent de remonter le moral, de revitaliser la peau et d'inspirer une disposition ensoleill\u00e9e.","og_url":"https:\/\/dutchhealthstore.com\/fr\/product\/lemon-essential-oil\/","og_site_name":"Dutch Health Store","article_publisher":"https:\/\/www.instagram.com\/dutchhealthstore\/","article_modified_time":"2025-08-29T08:27:47+00:00","og_image":[{"width":500,"height":500,"url":"https:\/\/dutchhealthstore.com\/wp-content\/uploads\/2020\/07\/Living-Libations-Lemon-Essential-Oil-e1594294190402.jpg","type":"image\/jpeg"}],"twitter_card":"summary_large_image","twitter_misc":{"Disponibilit\u00e9":"En stock"},"schema":{"@context":"https:\/\/schema.org","@graph":[{"@type":"WebPage","@id":"https:\/\/dutchhealthstore.com\/fr\/product\/lemon-essential-oil\/","url":"https:\/\/dutchhealthstore.com\/fr\/product\/lemon-essential-oil\/","name":"Lemon Essential Oil | Living Libations","isPartOf":{"@id":"https:\/\/dutchhealthstore.com\/fr\/#website"},"primaryImageOfPage":{"@id":"https:\/\/dutchhealthstore.com\/fr\/product\/lemon-essential-oil\/#primaryimage"},"image":{"@id":"https:\/\/dutchhealthstore.com\/fr\/product\/lemon-essential-oil\/#primaryimage"},"thumbnailUrl":"https:\/\/dutchhealthstore.com\/wp-content\/uploads\/2020\/07\/Living-Libations-Lemon-Essential-Oil-e1594294190402.jpg","datePublished":"2020-07-09T09:41:33+00:00","dateModified":"2025-08-29T08:27:47+00:00","description":"Chaque flacon d'essences de citron vives contient en son sein le zeste des mol\u00e9cules qui permettent de remonter le moral, de revitaliser la peau et d'inspirer une disposition ensoleill\u00e9e.","breadcrumb":{"@id":"https:\/\/dutchhealthstore.com\/fr\/product\/lemon-essential-oil\/#breadcrumb"},"inLanguage":"fr-FR","potentialAction":[{"@type":"ReadAction","target":["https:\/\/dutchhealthstore.com\/fr\/product\/lemon-essential-oil\/"]}]},{"@type":"ImageObject","inLanguage":"fr-FR","@id":"https:\/\/dutchhealthstore.com\/fr\/product\/lemon-essential-oil\/#primaryimage","url":"https:\/\/dutchhealthstore.com\/wp-content\/uploads\/2020\/07\/Living-Libations-Lemon-Essential-Oil-e1594294190402.jpg","contentUrl":"https:\/\/dutchhealthstore.com\/wp-content\/uploads\/2020\/07\/Living-Libations-Lemon-Essential-Oil-e1594294190402.jpg","width":500,"height":500,"caption":"Living Libations Lemon Essential Oil"},{"@type":"BreadcrumbList","@id":"https:\/\/dutchhealthstore.com\/fr\/product\/lemon-essential-oil\/#breadcrumb","itemListElement":[{"@type":"ListItem","position":1,"name":"Home","item":"https:\/\/dutchhealthstore.com\/fr\/"},{"@type":"ListItem","position":2,"name":"Shop","item":"https:\/\/dutchhealthstore.com\/fr\/shop\/"},{"@type":"ListItem","position":3,"name":"Lemon Essential Oil"}]},{"@type":"WebSite","@id":"https:\/\/dutchhealthstore.com\/fr\/#website","url":"https:\/\/dutchhealthstore.com\/fr\/","name":"Dutch Health Store","description":"Enhance Your Beauty with Organic &amp; Natural Skincare","publisher":{"@id":"https:\/\/dutchhealthstore.com\/fr\/#organization"},"potentialAction":[{"@type":"SearchAction","target":{"@type":"EntryPoint","urlTemplate":"https:\/\/dutchhealthstore.com\/fr\/?s={search_term_string}"},"query-input":{"@type":"PropertyValueSpecification","valueRequired":true,"valueName":"search_term_string"}}],"inLanguage":"fr-FR"},{"@type":"Organization","@id":"https:\/\/dutchhealthstore.com\/fr\/#organization","name":"Dutch Health Store","url":"https:\/\/dutchhealthstore.com\/fr\/","logo":{"@type":"ImageObject","inLanguage":"fr-FR","@id":"https:\/\/dutchhealthstore.com\/fr\/#\/schema\/logo\/image\/","url":"https:\/\/dutchhealthstore.com\/wp-content\/uploads\/2020\/08\/logo-dutchhealthstore-jpg-e1599484957574.jpg","contentUrl":"https:\/\/dutchhealthstore.com\/wp-content\/uploads\/2020\/08\/logo-dutchhealthstore-jpg-e1599484957574.jpg","width":400,"height":62,"caption":"Dutch Health Store"},"image":{"@id":"https:\/\/dutchhealthstore.com\/fr\/#\/schema\/logo\/image\/"},"sameAs":["https:\/\/www.instagram.com\/dutchhealthstore\/","https:\/\/www.facebook.com\/dutchhealthstore"]}]},"product_brand":"Living Libations","og_availability":"instock","product_availability":"instock","product_condition":"new"},"_links":{"self":[{"href":"https:\/\/dutchhealthstore.com\/fr\/wp-json\/wp\/v2\/product\/119595","targetHints":{"allow":["GET"]}}],"collection":[{"href":"https:\/\/dutchhealthstore.com\/fr\/wp-json\/wp\/v2\/product"}],"about":[{"href":"https:\/\/dutchhealthstore.com\/fr\/wp-json\/wp\/v2\/types\/product"}],"replies":[{"embeddable":true,"href":"https:\/\/dutchhealthstore.com\/fr\/wp-json\/wp\/v2\/comments?post=119595"}],"wp:featuredmedia":[{"embeddable":true,"href":"https:\/\/dutchhealthstore.com\/fr\/wp-json\/wp\/v2\/media\/112449"}],"wp:attachment":[{"href":"https:\/\/dutchhealthstore.com\/fr\/wp-json\/wp\/v2\/media?parent=119595"}],"wp:term":[{"taxonomy":"product_brand","embeddable":true,"href":"https:\/\/dutchhealthstore.com\/fr\/wp-json\/wp\/v2\/product_brand?post=119595"},{"taxonomy":"product_cat","embeddable":true,"href":"https:\/\/dutchhealthstore.com\/fr\/wp-json\/wp\/v2\/product_cat?post=119595"},{"taxonomy":"product_tag","embeddable":true,"href":"https:\/\/dutchhealthstore.com\/fr\/wp-json\/wp\/v2\/product_tag?post=119595"}],"curies":[{"name":"wp","href":"https:\/\/api.w.org\/{rel}","templated":true}]}}