{"id":119547,"date":"2020-06-25T12:44:16","date_gmt":"2020-06-25T10:44:16","guid":{"rendered":"https:\/\/dutchhealthstore.com\/product\/lavender-absolute\/"},"modified":"2025-10-06T20:24:55","modified_gmt":"2025-10-06T18:24:55","slug":"lavender-absolute","status":"publish","type":"product","link":"https:\/\/dutchhealthstore.com\/fr\/product\/lavender-absolute\/","title":{"rendered":"Lavender Absolute"},"content":{"rendered":"<p><img decoding=\"async\" class=\"size-full wp-image-69549 alignright\" src=\"https:\/\/dutchhealthstore.com\/wp-content\/uploads\/2019\/08\/NEW-Living-Libations-Logo.jpg\" alt=\"NEW - Living Libations - Logo\" width=\"175\" height=\"82\"><strong>Nom botanique :<\/strong> Lavandula augustifolia<br \/>\n<strong>Famille botanique :<\/strong> Lamiaceae<br \/>\n<strong>M\u00e9thode d&rsquo;extraction :<\/strong> Absolue<br \/>\n<strong>Partie de la plante distill\u00e9e :<\/strong> Tiges fleuries<br \/>\n<strong>Pays d&rsquo;origine :<\/strong> Bulgarie<br \/>\n<strong>M\u00e9thode de culture :<\/strong> Organique<br \/>\n<strong>Composition :<\/strong> 100% Lavandula augustifolia<br \/>\n<strong>Consistance :<\/strong> Viscosit\u00e9 moyenne<\/p>\n<h3>Description de l&rsquo;odeur<\/h3>\n<p>Herbac\u00e9 et chaleureux, avec de riches effluves de foin s\u00e9ch\u00e9 et des notes chaudes de fruits succulents. Par rapport \u00e0 l&rsquo;huile essentielle, l&rsquo;absolue est d\u00e9licieusement dense et plus \u00e9tonnamment douce.<\/p>\n<h3>Se marie bien avec<\/h3>\n<p>Lavande, Ylang, Jasmin, Pamplemousse, Citron, Vanille, Lime, Combava, Citron, Encens, G\u00e9ranium, Cardamome, Bergamote, Rose, Myrte et Immortelle.<\/p>\n<h3>Utilisations<\/h3>\n<p>Parfait dans les parfums de p\u00e9tales, les parfums de for\u00eat, les foug\u00e8res et les accords chypr\u00e9s. Des m\u00e9langes berceurs dans les bains et les diffuseurs pour se reposer et se d\u00e9tendre.<\/p>\n<a href=\"https:\/\/dutchhealthstore.com\/wp-content\/uploads\/2020\/06\/ANALYSIS-Lavender-Absolute-Living-Libations.pdf\" class=\"button primary is-primary is-small\"  >\n\t\t<span>ANALYSE DES HUILES ESSENTIELLES &gt;<\/span>\n\t<\/a>\n\n<p>Lavender Absolute va changer la fa\u00e7on dont vous pensez \u00e0 la lavande. Riche et doux, avec des \u00e9clats purs de foin miell\u00e9, cet aromatique capiteux est une note de c\u0153ur recherch\u00e9e par les parfumeurs et aromath\u00e9rapeutes naturel. Lorsqu&rsquo;elle est dilu\u00e9e, m\u00e9lang\u00e9e ou diffus\u00e9e, la lavande absolue peut \u00eatre utilis\u00e9e pour harmoniser \u00e9l\u00e9gamment les \u00e9motions.<\/p>\n<p>La lavande est peut-\u00eatre plus connue pour son parfum de berceuse qui apaise les nerfs et flatte l&rsquo;esprit. Sur le plan \u00e9motionnel, la lavande n&rsquo;a pas son pareil pour faire dispara\u00eetre les pens\u00e9es tendues et favoriser un sommeil serein. La lavande ram\u00e8ne l&rsquo;esprit \u00e0 son \u00e9tat naturel de calme ancr\u00e9 et d&rsquo;\u00e9merveillement d\u00e9tendu.<\/p>\n<p><strong>Taille : 5 ml et 15 ml<\/strong><\/p>\n<h3>Ingr\u00e9dients biologiques<\/h3>\n<p>100% absolue de lavande (Lavandula augustifolia).<\/p>\n<p style=\"text-align: center;\"><em>\u00ab\u00a0Lavender absolute et la concr\u00e8te sont issues de l&rsquo;extraction directe de l&rsquo;herbe avec des solvants (concr\u00e8te) et de l&rsquo;extraction de l\u00e0&#8230; La concr\u00e8te peut \u00eatre utilis\u00e9e dans les savons, foug\u00e8res, chypres, ambres, parfums de tabac, etc. Elle se marie bien avec les huiles d&rsquo;agrumes bergamote, les muscs, l&rsquo;eug\u00e9nol, etc. \u00ab\u00a0<\/em><br \/>\n~ Maria Lis-Balchin, <strong>Lavender: The Genus Lavandula<\/strong><\/p>\n<p style=\"text-align: center;\"><em>\u00ab\u00a0Lavender absolute : l&rsquo;odeur est tr\u00e8s proche de la plante, bien que plus intense, douce et herbac\u00e9e, avec des nuances florales vertes et de foin (de L. angustifolia).\u00a0\u00bb<\/em><br \/>\n~ Jennifer Peace Rhind, <strong>Listening to Scent<\/strong><\/p>\n<p><img fetchpriority=\"high\" decoding=\"async\" class=\"size-medium wp-image-68103 aligncenter\" src=\"https:\/\/dutchhealthstore.com\/wp-content\/uploads\/2018\/02\/Living-Libations-Organic-Logo-800x89.png\" alt=\"Living Libations - Organic Logo\" width=\"800\" height=\"89\" srcset=\"https:\/\/dutchhealthstore.com\/wp-content\/uploads\/2018\/02\/Living-Libations-Organic-Logo-800x89.png 800w, https:\/\/dutchhealthstore.com\/wp-content\/uploads\/2018\/02\/Living-Libations-Organic-Logo-510x57.png 510w, https:\/\/dutchhealthstore.com\/wp-content\/uploads\/2018\/02\/Living-Libations-Organic-Logo-768x85.png 768w, https:\/\/dutchhealthstore.com\/wp-content\/uploads\/2018\/02\/Living-Libations-Organic-Logo.png 1400w\" sizes=\"(max-width: 800px) 100vw, 800px\" \/><\/p>\n","protected":false},"excerpt":{"rendered":"<p>La belle <strong>Lavender Absolute<\/strong> est un must absolu pour la palette de tout parfumeur naturel. Douce et bienveillante, cette riche extraction est utilis\u00e9e comme note de c\u0153ur d\u00e9vou\u00e9e dans les parfums, les m\u00e9langes et les cr\u00e9ations pour le bain.<\/p>\n<p>L&rsquo;absolue est un liquide vert fonc\u00e9, l\u00e9g\u00e8rement visqueux, r\u00e9v\u00e9lant un bouquet tenace d&rsquo;herbes et de miel, avec une douce note de foin et de piquant, offrant les m\u00eames effets d&rsquo;apaisement que l&rsquo;huile essentielle de lavande, avec une pr\u00e9sentation plus myst\u00e9rieuse et multicouche.<\/p>\n","protected":false},"featured_media":109108,"comment_status":"open","ping_status":"closed","template":"","meta":[],"product_brand":[],"product_cat":[3754,1507,6734,1211,1209,6733],"product_tag":[4495],"class_list":{"0":"post-119547","1":"product","2":"type-product","3":"status-publish","4":"has-post-thumbnail","6":"product_cat-essences-absolues","7":"product_cat-plantes-huiles-essentielles-living-libations","8":"product_cat-essential-oils","9":"product_cat-living-libations-france","10":"product_cat-par-marques","11":"product_cat-wellness-fr-2","12":"product_tag-essential-oil-fr","13":"pa_brand-livinglibations-fr","14":"pa_essential-oils-product-type-absolute-essences-fr","15":"pa_essential-oils-product-type-essential-oils-fr","16":"pa_size-15-ml-fr","17":"pa_size-5-ml-fr","19":"first","20":"instock","21":"taxable","22":"shipping-taxable","23":"purchasable","24":"product-type-variable"},"bundled_by":[],"bundle_stock_status":"instock","bundle_stock_quantity":null,"bundle_virtual":false,"bundle_layout":"","bundle_add_to_cart_form_location":"","bundle_editable_in_cart":false,"bundle_sold_individually_context":"","bundle_item_grouping":"","bundle_min_size":"","bundle_max_size":"","bundle_price":[],"bundled_items":[],"bundle_sell_ids":[],"atum_controlled":true,"out_stock_date":null,"out_stock_threshold":null,"inheritable":true,"stock_on_hold":0,"sold_today":0,"sales_last_days":0,"out_stock_days":0,"lost_sales":0,"update_date":"2026-04-17T00:06:59","atum_locations":[],"atum_stock_status":"instock","restock_status":false,"low_stock_amount":"","sales_update_date":"2026-04-17T00:06:59","calc_backorders":null,"group_of_quantity":0,"min_quantity":0,"max_quantity":"","exclude_order_quantity_value_rules":"no","exclude_category_quantity_rules":"no","combine_variations":"no","yoast_head":"<!-- This site is optimized with the Yoast SEO Premium plugin v26.5 (Yoast SEO v26.5) - https:\/\/yoast.com\/wordpress\/plugins\/seo\/ -->\n<title>Lavender Absolute | Living Libations<\/title>\n<meta name=\"description\" content=\"Douce et bienveillante, cette riche extraction est utilis\u00e9e comme note de c\u0153ur d\u00e9vou\u00e9e dans les parfums, les m\u00e9langes et les cr\u00e9ations pour le bain.\" \/>\n<meta name=\"robots\" content=\"index, follow, max-snippet:-1, max-image-preview:large, max-video-preview:-1\" \/>\n<link rel=\"canonical\" href=\"https:\/\/dutchhealthstore.com\/fr\/product\/lavender-absolute\/\" \/>\n<meta property=\"og:locale\" content=\"fr_FR\" \/>\n<meta property=\"og:type\" content=\"article\" \/>\n<meta property=\"og:title\" content=\"Lavender Absolute - Dutch Health Store\" \/>\n<meta property=\"og:description\" content=\"Douce et bienveillante, cette riche extraction est utilis\u00e9e comme note de c\u0153ur d\u00e9vou\u00e9e dans les parfums, les m\u00e9langes et les cr\u00e9ations pour le bain.\" \/>\n<meta property=\"og:url\" content=\"https:\/\/dutchhealthstore.com\/fr\/product\/lavender-absolute\/\" \/>\n<meta property=\"og:site_name\" content=\"Dutch Health Store\" \/>\n<meta property=\"article:publisher\" content=\"https:\/\/www.instagram.com\/dutchhealthstore\/\" \/>\n<meta property=\"article:modified_time\" content=\"2025-10-06T18:24:55+00:00\" \/>\n<meta property=\"og:image\" content=\"https:\/\/dutchhealthstore.com\/wp-content\/uploads\/2020\/06\/Living-Libations-Lavender-Absolute-e1593088514252.png\" \/>\n\t<meta property=\"og:image:width\" content=\"500\" \/>\n\t<meta property=\"og:image:height\" content=\"500\" \/>\n\t<meta property=\"og:image:type\" content=\"image\/jpeg\" \/>\n<meta name=\"twitter:card\" content=\"summary_large_image\" \/>\n<meta name=\"twitter:label1\" content=\"Disponibilit\u00e9\" \/>\n\t<meta name=\"twitter:data1\" content=\"En stock\" \/>\n<script type=\"application\/ld+json\" class=\"yoast-schema-graph\">{\"@context\":\"https:\/\/schema.org\",\"@graph\":[{\"@type\":\"WebPage\",\"@id\":\"https:\/\/dutchhealthstore.com\/fr\/product\/lavender-absolute\/\",\"url\":\"https:\/\/dutchhealthstore.com\/fr\/product\/lavender-absolute\/\",\"name\":\"Lavender Absolute | Living Libations\",\"isPartOf\":{\"@id\":\"https:\/\/dutchhealthstore.com\/fr\/#website\"},\"primaryImageOfPage\":{\"@id\":\"https:\/\/dutchhealthstore.com\/fr\/product\/lavender-absolute\/#primaryimage\"},\"image\":{\"@id\":\"https:\/\/dutchhealthstore.com\/fr\/product\/lavender-absolute\/#primaryimage\"},\"thumbnailUrl\":\"https:\/\/dutchhealthstore.com\/wp-content\/uploads\/2020\/06\/Living-Libations-Lavender-Absolute-e1593088514252.png\",\"datePublished\":\"2020-06-25T10:44:16+00:00\",\"dateModified\":\"2025-10-06T18:24:55+00:00\",\"description\":\"Douce et bienveillante, cette riche extraction est utilis\u00e9e comme note de c\u0153ur d\u00e9vou\u00e9e dans les parfums, les m\u00e9langes et les cr\u00e9ations pour le bain.\",\"breadcrumb\":{\"@id\":\"https:\/\/dutchhealthstore.com\/fr\/product\/lavender-absolute\/#breadcrumb\"},\"inLanguage\":\"fr-FR\",\"potentialAction\":[{\"@type\":\"ReadAction\",\"target\":[\"https:\/\/dutchhealthstore.com\/fr\/product\/lavender-absolute\/\"]}]},{\"@type\":\"ImageObject\",\"inLanguage\":\"fr-FR\",\"@id\":\"https:\/\/dutchhealthstore.com\/fr\/product\/lavender-absolute\/#primaryimage\",\"url\":\"https:\/\/dutchhealthstore.com\/wp-content\/uploads\/2020\/06\/Living-Libations-Lavender-Absolute-e1593088514252.png\",\"contentUrl\":\"https:\/\/dutchhealthstore.com\/wp-content\/uploads\/2020\/06\/Living-Libations-Lavender-Absolute-e1593088514252.png\",\"width\":500,\"height\":500,\"caption\":\"Living Libations Lavender Absolute\"},{\"@type\":\"BreadcrumbList\",\"@id\":\"https:\/\/dutchhealthstore.com\/fr\/product\/lavender-absolute\/#breadcrumb\",\"itemListElement\":[{\"@type\":\"ListItem\",\"position\":1,\"name\":\"Home\",\"item\":\"https:\/\/dutchhealthstore.com\/fr\/\"},{\"@type\":\"ListItem\",\"position\":2,\"name\":\"Shop\",\"item\":\"https:\/\/dutchhealthstore.com\/fr\/shop\/\"},{\"@type\":\"ListItem\",\"position\":3,\"name\":\"Lavender Absolute\"}]},{\"@type\":\"WebSite\",\"@id\":\"https:\/\/dutchhealthstore.com\/fr\/#website\",\"url\":\"https:\/\/dutchhealthstore.com\/fr\/\",\"name\":\"Dutch Health Store\",\"description\":\"Enhance Your Beauty with Organic &amp; Natural Skincare\",\"publisher\":{\"@id\":\"https:\/\/dutchhealthstore.com\/fr\/#organization\"},\"potentialAction\":[{\"@type\":\"SearchAction\",\"target\":{\"@type\":\"EntryPoint\",\"urlTemplate\":\"https:\/\/dutchhealthstore.com\/fr\/?s={search_term_string}\"},\"query-input\":{\"@type\":\"PropertyValueSpecification\",\"valueRequired\":true,\"valueName\":\"search_term_string\"}}],\"inLanguage\":\"fr-FR\"},{\"@type\":\"Organization\",\"@id\":\"https:\/\/dutchhealthstore.com\/fr\/#organization\",\"name\":\"Dutch Health Store\",\"url\":\"https:\/\/dutchhealthstore.com\/fr\/\",\"logo\":{\"@type\":\"ImageObject\",\"inLanguage\":\"fr-FR\",\"@id\":\"https:\/\/dutchhealthstore.com\/fr\/#\/schema\/logo\/image\/\",\"url\":\"https:\/\/dutchhealthstore.com\/wp-content\/uploads\/2020\/08\/logo-dutchhealthstore-jpg-e1599484957574.jpg\",\"contentUrl\":\"https:\/\/dutchhealthstore.com\/wp-content\/uploads\/2020\/08\/logo-dutchhealthstore-jpg-e1599484957574.jpg\",\"width\":400,\"height\":62,\"caption\":\"Dutch Health Store\"},\"image\":{\"@id\":\"https:\/\/dutchhealthstore.com\/fr\/#\/schema\/logo\/image\/\"},\"sameAs\":[\"https:\/\/www.instagram.com\/dutchhealthstore\/\",\"https:\/\/www.facebook.com\/dutchhealthstore\"]}]}<\/script>\n<meta property=\"product:brand\" content=\"Living Libations\" \/>\n<meta property=\"og:availability\" content=\"instock\" \/>\n<meta property=\"product:availability\" content=\"instock\" \/>\n<meta property=\"product:condition\" content=\"new\" \/>\n<!-- \/ Yoast SEO Premium plugin. -->","yoast_head_json":{"title":"Lavender Absolute | Living Libations","description":"Douce et bienveillante, cette riche extraction est utilis\u00e9e comme note de c\u0153ur d\u00e9vou\u00e9e dans les parfums, les m\u00e9langes et les cr\u00e9ations pour le bain.","robots":{"index":"index","follow":"follow","max-snippet":"max-snippet:-1","max-image-preview":"max-image-preview:large","max-video-preview":"max-video-preview:-1"},"canonical":"https:\/\/dutchhealthstore.com\/fr\/product\/lavender-absolute\/","og_locale":"fr_FR","og_type":"article","og_title":"Lavender Absolute - Dutch Health Store","og_description":"Douce et bienveillante, cette riche extraction est utilis\u00e9e comme note de c\u0153ur d\u00e9vou\u00e9e dans les parfums, les m\u00e9langes et les cr\u00e9ations pour le bain.","og_url":"https:\/\/dutchhealthstore.com\/fr\/product\/lavender-absolute\/","og_site_name":"Dutch Health Store","article_publisher":"https:\/\/www.instagram.com\/dutchhealthstore\/","article_modified_time":"2025-10-06T18:24:55+00:00","og_image":[{"width":500,"height":500,"url":"https:\/\/dutchhealthstore.com\/wp-content\/uploads\/2020\/06\/Living-Libations-Lavender-Absolute-e1593088514252.png","type":"image\/jpeg"}],"twitter_card":"summary_large_image","twitter_misc":{"Disponibilit\u00e9":"En stock"},"schema":{"@context":"https:\/\/schema.org","@graph":[{"@type":"WebPage","@id":"https:\/\/dutchhealthstore.com\/fr\/product\/lavender-absolute\/","url":"https:\/\/dutchhealthstore.com\/fr\/product\/lavender-absolute\/","name":"Lavender Absolute | Living Libations","isPartOf":{"@id":"https:\/\/dutchhealthstore.com\/fr\/#website"},"primaryImageOfPage":{"@id":"https:\/\/dutchhealthstore.com\/fr\/product\/lavender-absolute\/#primaryimage"},"image":{"@id":"https:\/\/dutchhealthstore.com\/fr\/product\/lavender-absolute\/#primaryimage"},"thumbnailUrl":"https:\/\/dutchhealthstore.com\/wp-content\/uploads\/2020\/06\/Living-Libations-Lavender-Absolute-e1593088514252.png","datePublished":"2020-06-25T10:44:16+00:00","dateModified":"2025-10-06T18:24:55+00:00","description":"Douce et bienveillante, cette riche extraction est utilis\u00e9e comme note de c\u0153ur d\u00e9vou\u00e9e dans les parfums, les m\u00e9langes et les cr\u00e9ations pour le bain.","breadcrumb":{"@id":"https:\/\/dutchhealthstore.com\/fr\/product\/lavender-absolute\/#breadcrumb"},"inLanguage":"fr-FR","potentialAction":[{"@type":"ReadAction","target":["https:\/\/dutchhealthstore.com\/fr\/product\/lavender-absolute\/"]}]},{"@type":"ImageObject","inLanguage":"fr-FR","@id":"https:\/\/dutchhealthstore.com\/fr\/product\/lavender-absolute\/#primaryimage","url":"https:\/\/dutchhealthstore.com\/wp-content\/uploads\/2020\/06\/Living-Libations-Lavender-Absolute-e1593088514252.png","contentUrl":"https:\/\/dutchhealthstore.com\/wp-content\/uploads\/2020\/06\/Living-Libations-Lavender-Absolute-e1593088514252.png","width":500,"height":500,"caption":"Living Libations Lavender Absolute"},{"@type":"BreadcrumbList","@id":"https:\/\/dutchhealthstore.com\/fr\/product\/lavender-absolute\/#breadcrumb","itemListElement":[{"@type":"ListItem","position":1,"name":"Home","item":"https:\/\/dutchhealthstore.com\/fr\/"},{"@type":"ListItem","position":2,"name":"Shop","item":"https:\/\/dutchhealthstore.com\/fr\/shop\/"},{"@type":"ListItem","position":3,"name":"Lavender Absolute"}]},{"@type":"WebSite","@id":"https:\/\/dutchhealthstore.com\/fr\/#website","url":"https:\/\/dutchhealthstore.com\/fr\/","name":"Dutch Health Store","description":"Enhance Your Beauty with Organic &amp; Natural Skincare","publisher":{"@id":"https:\/\/dutchhealthstore.com\/fr\/#organization"},"potentialAction":[{"@type":"SearchAction","target":{"@type":"EntryPoint","urlTemplate":"https:\/\/dutchhealthstore.com\/fr\/?s={search_term_string}"},"query-input":{"@type":"PropertyValueSpecification","valueRequired":true,"valueName":"search_term_string"}}],"inLanguage":"fr-FR"},{"@type":"Organization","@id":"https:\/\/dutchhealthstore.com\/fr\/#organization","name":"Dutch Health Store","url":"https:\/\/dutchhealthstore.com\/fr\/","logo":{"@type":"ImageObject","inLanguage":"fr-FR","@id":"https:\/\/dutchhealthstore.com\/fr\/#\/schema\/logo\/image\/","url":"https:\/\/dutchhealthstore.com\/wp-content\/uploads\/2020\/08\/logo-dutchhealthstore-jpg-e1599484957574.jpg","contentUrl":"https:\/\/dutchhealthstore.com\/wp-content\/uploads\/2020\/08\/logo-dutchhealthstore-jpg-e1599484957574.jpg","width":400,"height":62,"caption":"Dutch Health Store"},"image":{"@id":"https:\/\/dutchhealthstore.com\/fr\/#\/schema\/logo\/image\/"},"sameAs":["https:\/\/www.instagram.com\/dutchhealthstore\/","https:\/\/www.facebook.com\/dutchhealthstore"]}]},"product_brand":"Living Libations","og_availability":"instock","product_availability":"instock","product_condition":"new"},"_links":{"self":[{"href":"https:\/\/dutchhealthstore.com\/fr\/wp-json\/wp\/v2\/product\/119547","targetHints":{"allow":["GET"]}}],"collection":[{"href":"https:\/\/dutchhealthstore.com\/fr\/wp-json\/wp\/v2\/product"}],"about":[{"href":"https:\/\/dutchhealthstore.com\/fr\/wp-json\/wp\/v2\/types\/product"}],"replies":[{"embeddable":true,"href":"https:\/\/dutchhealthstore.com\/fr\/wp-json\/wp\/v2\/comments?post=119547"}],"wp:featuredmedia":[{"embeddable":true,"href":"https:\/\/dutchhealthstore.com\/fr\/wp-json\/wp\/v2\/media\/109108"}],"wp:attachment":[{"href":"https:\/\/dutchhealthstore.com\/fr\/wp-json\/wp\/v2\/media?parent=119547"}],"wp:term":[{"taxonomy":"product_brand","embeddable":true,"href":"https:\/\/dutchhealthstore.com\/fr\/wp-json\/wp\/v2\/product_brand?post=119547"},{"taxonomy":"product_cat","embeddable":true,"href":"https:\/\/dutchhealthstore.com\/fr\/wp-json\/wp\/v2\/product_cat?post=119547"},{"taxonomy":"product_tag","embeddable":true,"href":"https:\/\/dutchhealthstore.com\/fr\/wp-json\/wp\/v2\/product_tag?post=119547"}],"curies":[{"name":"wp","href":"https:\/\/api.w.org\/{rel}","templated":true}]}}