{"id":119533,"date":"2020-06-23T12:38:40","date_gmt":"2020-06-23T10:38:40","guid":{"rendered":"https:\/\/dutchhealthstore.com\/product\/laurel-essential-oil\/"},"modified":"2024-10-21T10:53:36","modified_gmt":"2024-10-21T08:53:36","slug":"laurel-essential-oil","status":"publish","type":"product","link":"https:\/\/dutchhealthstore.com\/fr\/product\/laurel-essential-oil\/","title":{"rendered":"Laurel Essential Oil"},"content":{"rendered":"<p><img decoding=\"async\" class=\"size-full wp-image-69549 alignright\" src=\"https:\/\/dutchhealthstore.com\/wp-content\/uploads\/2019\/08\/NEW-Living-Libations-Logo.jpg\" alt=\"NEW - Living Libations - Logo\" width=\"175\" height=\"82\"><strong>Nom botanique :<\/strong> Laurus nobilis<br \/>\n<strong>Famille botanique : <\/strong>Lauraceae<br \/>\n<strong>M\u00e9thode d&rsquo;extraction :<\/strong> Distillation \u00e0 la vapeur<br \/>\n<strong>Partie de la plante distill\u00e9e :<\/strong> Feuilles<br \/>\n<strong>Pays d&rsquo;origine :<\/strong> Corse<br \/>\n<strong>M\u00e9thode de culture :<\/strong> Organique<br \/>\n<strong>Composition :<\/strong> 100% Laurus nobilis<br \/>\n<strong>Coh\u00e9rence :<\/strong> Mince<\/p>\n<h3>Description de l&rsquo;odeur<\/h3>\n<p>Rafra\u00eechissant, d&rsquo;un autre monde, herbac\u00e9, camphr\u00e9 et \u00e9pic\u00e9, et tout ce qu&rsquo;il y a de plus agr\u00e9able ! Dans Living Libations : Laurel Oracle, Verve Tonic.<\/p>\n<h3>Se marie bien avec<\/h3>\n<p>Sauge sclar\u00e9e, marjolaine, lavande, encens, citronnelle, chanvre, citron, citron vert, bergamote, pin, sapin, \u00e9pic\u00e9a, achill\u00e9e, origan, thym, eucalyptus, inule, petitgrain, n\u00e9roli, thym doux, nard, c\u00e8dre, romarin, rose otto, ciste et myrrhe.<\/p>\n<h3>Utilisations<\/h3>\n<p>Dans les cr\u00e9ations culinaires de th\u00e9s, soupes, sauces et assaisonnements de salades. A utiliser dans les bains, les douches et les saunas. M\u00e9langez \u00e0 des huiles de massage pour inspirer les peaux paresseuses. Tamponnez sur la poitrine pour la revigorer et sur la plante des pieds pour la renforcer. Le laurier rend la respiration douce lorsqu&rsquo;il est inhal\u00e9 de la pipe \u00e0 sel, de la bouteille ou du diffuseur. Une huile magistrale pour la m\u00e9ditation, la concentration mentale, l&rsquo;inspiration cr\u00e9ative et l&rsquo;intuition. Saupoudrer sur les oreillers pour la divination des r\u00eaves. Une note rafra\u00eechissante dans les toniques capillaires et les eaux de Cologne pour sa foug\u00e8re herbac\u00e9e et balsamique. Un joyeux nettoyant m\u00e9nager pour nettoyer et insuffler une fra\u00eecheur printani\u00e8re dans l&rsquo;air.<\/p>\n<a href=\"https:\/\/dutchhealthstore.com\/wp-content\/uploads\/2020\/06\/ANALYSIS-Laurel-Essential-Oil-Living-Libations-3.pdf\" class=\"button primary is-primary is-small\"  >\n\t\t<span>ANALYSE DES HUILES ESSENTIELLES &gt;<\/span>\n\t<\/a>\n\n<p>Dans la Gr\u00e8ce antique, de nombreuses couronnes \u00e9taient confectionn\u00e9es avec les feuilles non fl\u00e9tries du laurier, et les po\u00e8tes, les philosophes, les vainqueurs, les empereurs et les athl\u00e8tes \u00e9taient couronn\u00e9s du laurier royal. Au temple de Delphes, les pr\u00eatresses m\u00e2chaient et encensaient des feuilles de laurier le soir pour accro\u00eetre leur intuition, provoquer des r\u00eaves de divination et recevoir des contributions de voyance \u00e0 l&rsquo;Oracle de Delphes.<\/p>\n<p>La r\u00e9putation et le symbolisme du laurier remontent \u00e0 l&rsquo;\u00c9n\u00e9ide d&rsquo;Hom\u00e8re, o\u00f9 il d\u00e9crit des champs \u00e9lys\u00e9ens paradisiaques parfum\u00e9s de bosquets de lauriers, et au mythe grec d&rsquo;Apollon et Daphn\u00e9, o\u00f9 la nymphe est transform\u00e9e en laurier pour fuir la poursuite amoureuse d&rsquo;Apollon. Apollon se fa\u00e7onne alors une couronne de feuilles de laurier et sanctifie l&rsquo;arbre comme sacr\u00e9.<\/p>\n<p>Les vertus r\u00e9g\u00e9n\u00e9ratrices et reconstituantes de Laurel Essential Oil se r\u00e9v\u00e8lent lorsqu&rsquo;on consid\u00e8re le symbole de r\u00e9surrection de l&rsquo;arbre, car celui-ci se r\u00e9g\u00e9n\u00e8re imm\u00e9diatement apr\u00e8s avoir subi des dommages. Cette distillation divine est votre alli\u00e9e pour ressusciter une respiration d\u00e9tendue, raviver l&rsquo;\u00e9nergie, renouveler la peau, revigorer l&rsquo;intelligence infinie et plonger au pays des r\u00eaves.<\/p>\n<p><strong>Taille : 5 ml, 15 ml et 30 ml<\/strong><\/p>\n<h3>Ingr\u00e9dients biologiques<\/h3>\n<p>100% huile essentielle de laurier (Laurus nobilis).<\/p>\n<p style=\"text-align: center;\"><em>\u00ab\u00a0Quelles for\u00eats de lauriers nous apportons, et les larmes de l&rsquo;humanit\u00e9, \u00e0 ceux qui ont tenu bon contre l&rsquo;opinion de leurs contemporains !\u00a0\u00bb.<\/em><br \/>\n~ Ralph Waldo Emerson, <strong>The Conduct of Life<\/strong><\/p>\n<p style=\"text-align: center;\"><em>\u00ab\u00a0[Laurel oil is used] pour encourager la confiance, le courage, l&rsquo;inspiration, la protection, la direction et la cr\u00e9ativit\u00e9.\u00a0\u00bb<\/em><br \/>\n~ Valerie Ann Worwood, <strong>Aromatherapy for the Soul<\/strong><\/p>\n<p style=\"text-align: center;\"><em>\u00ab\u00a0La composition du baies de laurier, en particulier celles cultiv\u00e9es en Europe, pr\u00e9sente de multiples facettes. Le laurier contient des \u00e9l\u00e9ments de presque tous les douze principaux groupes chimiques d\u00e9crits, ce qui explique le large spectre d&rsquo;effets positifs. Longtemps per\u00e7u comme puissant, le laurier est un symbole de victoire \u00e0 travers la mythologie grecque et romaine.\u00a0\u00bb<\/em><br \/>\n~ Kurt Schnaubelt, <strong>Advanced Aromatherapy<\/strong><\/p>\n<p><img fetchpriority=\"high\" decoding=\"async\" class=\"size-medium wp-image-68103 aligncenter\" src=\"https:\/\/dutchhealthstore.com\/wp-content\/uploads\/2018\/02\/Living-Libations-Organic-Logo-800x89.png\" alt=\"Living Libations - Organic Logo\" width=\"800\" height=\"89\" srcset=\"https:\/\/dutchhealthstore.com\/wp-content\/uploads\/2018\/02\/Living-Libations-Organic-Logo-800x89.png 800w, https:\/\/dutchhealthstore.com\/wp-content\/uploads\/2018\/02\/Living-Libations-Organic-Logo-510x57.png 510w, https:\/\/dutchhealthstore.com\/wp-content\/uploads\/2018\/02\/Living-Libations-Organic-Logo-768x85.png 768w, https:\/\/dutchhealthstore.com\/wp-content\/uploads\/2018\/02\/Living-Libations-Organic-Logo.png 1400w\" sizes=\"(max-width: 800px) 100vw, 800px\" \/><\/p>\n","protected":false},"excerpt":{"rendered":"<p><strong>Laurel Essential Oil<\/strong> amour est une essence v\u00e9n\u00e9r\u00e9e pour sa verve et sa vigueur.<br \/>\nConnu \u00e0 travers les \u00e9poques sous les noms de Bay Laurel, Sweet Bay, Daphne Leaf et Moon Laurel, ce tonique tr\u00e8s pris\u00e9 par le temps a oint de nombreux sages car de son ar\u00f4me \u00e9manent confiance, noblesse et victoire \u00e0 travers les \u00e2ges.<\/p>\n","protected":false},"featured_media":108643,"comment_status":"open","ping_status":"closed","template":"","meta":[],"product_brand":[],"product_cat":[6734,1507,1211,1209,3757,6733],"product_tag":[4495],"class_list":{"0":"post-119533","1":"product","2":"type-product","3":"status-publish","4":"has-post-thumbnail","6":"product_cat-essential-oils","7":"product_cat-plantes-huiles-essentielles-living-libations","8":"product_cat-living-libations-france","9":"product_cat-par-marques","10":"product_cat-plantes-huiles-essentielles","11":"product_cat-wellness-fr-2","12":"product_tag-essential-oil-fr","13":"pa_brand-livinglibations-fr","14":"pa_essential-oils-product-type-essential-oils-fr","15":"pa_size-15-ml-fr","16":"pa_size-30-ml-fr","17":"pa_size-5-ml-fr","19":"first","20":"instock","21":"taxable","22":"shipping-taxable","23":"purchasable","24":"product-type-variable"},"bundled_by":[],"bundle_stock_status":"instock","bundle_stock_quantity":null,"bundle_virtual":false,"bundle_layout":"","bundle_add_to_cart_form_location":"","bundle_editable_in_cart":false,"bundle_sold_individually_context":"","bundle_item_grouping":"","bundle_min_size":"","bundle_max_size":"","bundle_price":[],"bundled_items":[],"bundle_sell_ids":[],"atum_controlled":true,"out_stock_date":null,"out_stock_threshold":null,"inheritable":true,"stock_on_hold":0,"sold_today":0,"sales_last_days":0,"out_stock_days":0,"lost_sales":0,"update_date":"2026-04-27T00:13:39","atum_locations":[],"atum_stock_status":"instock","restock_status":false,"low_stock_amount":"","sales_update_date":"2026-04-27T00:13:39","calc_backorders":null,"group_of_quantity":0,"min_quantity":0,"max_quantity":"","exclude_order_quantity_value_rules":"no","exclude_category_quantity_rules":"no","combine_variations":"no","yoast_head":"<!-- This site is optimized with the Yoast SEO Premium plugin v26.5 (Yoast SEO v26.5) - https:\/\/yoast.com\/wordpress\/plugins\/seo\/ -->\n<title>Laurel Essential Oil | Living Libations<\/title>\n<meta name=\"description\" content=\"Laurel Essential Oil d&#039;amour est une essence v\u00e9n\u00e9r\u00e9e pour sa verve et sa vigueur.\" \/>\n<meta name=\"robots\" content=\"index, follow, max-snippet:-1, max-image-preview:large, max-video-preview:-1\" \/>\n<link rel=\"canonical\" href=\"https:\/\/dutchhealthstore.com\/fr\/product\/laurel-essential-oil\/\" \/>\n<meta property=\"og:locale\" content=\"fr_FR\" \/>\n<meta property=\"og:type\" content=\"article\" \/>\n<meta property=\"og:title\" content=\"Laurel Essential Oil - Dutch Health Store\" \/>\n<meta property=\"og:description\" content=\"Laurel Essential Oil d&#039;amour est une essence v\u00e9n\u00e9r\u00e9e pour sa verve et sa vigueur.\" \/>\n<meta property=\"og:url\" content=\"https:\/\/dutchhealthstore.com\/fr\/product\/laurel-essential-oil\/\" \/>\n<meta property=\"og:site_name\" content=\"Dutch Health Store\" \/>\n<meta property=\"article:publisher\" content=\"https:\/\/www.instagram.com\/dutchhealthstore\/\" \/>\n<meta property=\"article:modified_time\" content=\"2024-10-21T08:53:36+00:00\" \/>\n<meta property=\"og:image\" content=\"https:\/\/dutchhealthstore.com\/wp-content\/uploads\/2020\/06\/Living-libations-laurel-essential-oil-e1592915713801.jpg\" \/>\n\t<meta property=\"og:image:width\" content=\"500\" \/>\n\t<meta property=\"og:image:height\" content=\"500\" \/>\n\t<meta property=\"og:image:type\" content=\"image\/jpeg\" \/>\n<meta name=\"twitter:card\" content=\"summary_large_image\" \/>\n<meta name=\"twitter:label1\" content=\"Disponibilit\u00e9\" \/>\n\t<meta name=\"twitter:data1\" content=\"En stock\" \/>\n<script type=\"application\/ld+json\" class=\"yoast-schema-graph\">{\"@context\":\"https:\/\/schema.org\",\"@graph\":[{\"@type\":\"WebPage\",\"@id\":\"https:\/\/dutchhealthstore.com\/fr\/product\/laurel-essential-oil\/\",\"url\":\"https:\/\/dutchhealthstore.com\/fr\/product\/laurel-essential-oil\/\",\"name\":\"Laurel Essential Oil | Living Libations\",\"isPartOf\":{\"@id\":\"https:\/\/dutchhealthstore.com\/fr\/#website\"},\"primaryImageOfPage\":{\"@id\":\"https:\/\/dutchhealthstore.com\/fr\/product\/laurel-essential-oil\/#primaryimage\"},\"image\":{\"@id\":\"https:\/\/dutchhealthstore.com\/fr\/product\/laurel-essential-oil\/#primaryimage\"},\"thumbnailUrl\":\"https:\/\/dutchhealthstore.com\/wp-content\/uploads\/2020\/06\/Living-libations-laurel-essential-oil-e1592915713801.jpg\",\"datePublished\":\"2020-06-23T10:38:40+00:00\",\"dateModified\":\"2024-10-21T08:53:36+00:00\",\"description\":\"Laurel Essential Oil d'amour est une essence v\u00e9n\u00e9r\u00e9e pour sa verve et sa vigueur.\",\"breadcrumb\":{\"@id\":\"https:\/\/dutchhealthstore.com\/fr\/product\/laurel-essential-oil\/#breadcrumb\"},\"inLanguage\":\"fr-FR\",\"potentialAction\":[{\"@type\":\"ReadAction\",\"target\":[\"https:\/\/dutchhealthstore.com\/fr\/product\/laurel-essential-oil\/\"]}]},{\"@type\":\"ImageObject\",\"inLanguage\":\"fr-FR\",\"@id\":\"https:\/\/dutchhealthstore.com\/fr\/product\/laurel-essential-oil\/#primaryimage\",\"url\":\"https:\/\/dutchhealthstore.com\/wp-content\/uploads\/2020\/06\/Living-libations-laurel-essential-oil-e1592915713801.jpg\",\"contentUrl\":\"https:\/\/dutchhealthstore.com\/wp-content\/uploads\/2020\/06\/Living-libations-laurel-essential-oil-e1592915713801.jpg\",\"width\":500,\"height\":500,\"caption\":\"Living libations laurel essential oil\"},{\"@type\":\"BreadcrumbList\",\"@id\":\"https:\/\/dutchhealthstore.com\/fr\/product\/laurel-essential-oil\/#breadcrumb\",\"itemListElement\":[{\"@type\":\"ListItem\",\"position\":1,\"name\":\"Home\",\"item\":\"https:\/\/dutchhealthstore.com\/fr\/\"},{\"@type\":\"ListItem\",\"position\":2,\"name\":\"Shop\",\"item\":\"https:\/\/dutchhealthstore.com\/fr\/shop\/\"},{\"@type\":\"ListItem\",\"position\":3,\"name\":\"Laurel Essential Oil\"}]},{\"@type\":\"WebSite\",\"@id\":\"https:\/\/dutchhealthstore.com\/fr\/#website\",\"url\":\"https:\/\/dutchhealthstore.com\/fr\/\",\"name\":\"Dutch Health Store\",\"description\":\"Enhance Your Beauty with Organic &amp; Natural Skincare\",\"publisher\":{\"@id\":\"https:\/\/dutchhealthstore.com\/fr\/#organization\"},\"potentialAction\":[{\"@type\":\"SearchAction\",\"target\":{\"@type\":\"EntryPoint\",\"urlTemplate\":\"https:\/\/dutchhealthstore.com\/fr\/?s={search_term_string}\"},\"query-input\":{\"@type\":\"PropertyValueSpecification\",\"valueRequired\":true,\"valueName\":\"search_term_string\"}}],\"inLanguage\":\"fr-FR\"},{\"@type\":\"Organization\",\"@id\":\"https:\/\/dutchhealthstore.com\/fr\/#organization\",\"name\":\"Dutch Health Store\",\"url\":\"https:\/\/dutchhealthstore.com\/fr\/\",\"logo\":{\"@type\":\"ImageObject\",\"inLanguage\":\"fr-FR\",\"@id\":\"https:\/\/dutchhealthstore.com\/fr\/#\/schema\/logo\/image\/\",\"url\":\"https:\/\/dutchhealthstore.com\/wp-content\/uploads\/2020\/08\/logo-dutchhealthstore-jpg-e1599484957574.jpg\",\"contentUrl\":\"https:\/\/dutchhealthstore.com\/wp-content\/uploads\/2020\/08\/logo-dutchhealthstore-jpg-e1599484957574.jpg\",\"width\":400,\"height\":62,\"caption\":\"Dutch Health Store\"},\"image\":{\"@id\":\"https:\/\/dutchhealthstore.com\/fr\/#\/schema\/logo\/image\/\"},\"sameAs\":[\"https:\/\/www.instagram.com\/dutchhealthstore\/\",\"https:\/\/www.facebook.com\/dutchhealthstore\"]}]}<\/script>\n<meta property=\"product:brand\" content=\"Living Libations\" \/>\n<meta property=\"og:availability\" content=\"instock\" \/>\n<meta property=\"product:availability\" content=\"instock\" \/>\n<meta property=\"product:condition\" content=\"new\" \/>\n<!-- \/ Yoast SEO Premium plugin. -->","yoast_head_json":{"title":"Laurel Essential Oil | Living Libations","description":"Laurel Essential Oil d'amour est une essence v\u00e9n\u00e9r\u00e9e pour sa verve et sa vigueur.","robots":{"index":"index","follow":"follow","max-snippet":"max-snippet:-1","max-image-preview":"max-image-preview:large","max-video-preview":"max-video-preview:-1"},"canonical":"https:\/\/dutchhealthstore.com\/fr\/product\/laurel-essential-oil\/","og_locale":"fr_FR","og_type":"article","og_title":"Laurel Essential Oil - Dutch Health Store","og_description":"Laurel Essential Oil d'amour est une essence v\u00e9n\u00e9r\u00e9e pour sa verve et sa vigueur.","og_url":"https:\/\/dutchhealthstore.com\/fr\/product\/laurel-essential-oil\/","og_site_name":"Dutch Health Store","article_publisher":"https:\/\/www.instagram.com\/dutchhealthstore\/","article_modified_time":"2024-10-21T08:53:36+00:00","og_image":[{"width":500,"height":500,"url":"https:\/\/dutchhealthstore.com\/wp-content\/uploads\/2020\/06\/Living-libations-laurel-essential-oil-e1592915713801.jpg","type":"image\/jpeg"}],"twitter_card":"summary_large_image","twitter_misc":{"Disponibilit\u00e9":"En stock"},"schema":{"@context":"https:\/\/schema.org","@graph":[{"@type":"WebPage","@id":"https:\/\/dutchhealthstore.com\/fr\/product\/laurel-essential-oil\/","url":"https:\/\/dutchhealthstore.com\/fr\/product\/laurel-essential-oil\/","name":"Laurel Essential Oil | Living Libations","isPartOf":{"@id":"https:\/\/dutchhealthstore.com\/fr\/#website"},"primaryImageOfPage":{"@id":"https:\/\/dutchhealthstore.com\/fr\/product\/laurel-essential-oil\/#primaryimage"},"image":{"@id":"https:\/\/dutchhealthstore.com\/fr\/product\/laurel-essential-oil\/#primaryimage"},"thumbnailUrl":"https:\/\/dutchhealthstore.com\/wp-content\/uploads\/2020\/06\/Living-libations-laurel-essential-oil-e1592915713801.jpg","datePublished":"2020-06-23T10:38:40+00:00","dateModified":"2024-10-21T08:53:36+00:00","description":"Laurel Essential Oil d'amour est une essence v\u00e9n\u00e9r\u00e9e pour sa verve et sa vigueur.","breadcrumb":{"@id":"https:\/\/dutchhealthstore.com\/fr\/product\/laurel-essential-oil\/#breadcrumb"},"inLanguage":"fr-FR","potentialAction":[{"@type":"ReadAction","target":["https:\/\/dutchhealthstore.com\/fr\/product\/laurel-essential-oil\/"]}]},{"@type":"ImageObject","inLanguage":"fr-FR","@id":"https:\/\/dutchhealthstore.com\/fr\/product\/laurel-essential-oil\/#primaryimage","url":"https:\/\/dutchhealthstore.com\/wp-content\/uploads\/2020\/06\/Living-libations-laurel-essential-oil-e1592915713801.jpg","contentUrl":"https:\/\/dutchhealthstore.com\/wp-content\/uploads\/2020\/06\/Living-libations-laurel-essential-oil-e1592915713801.jpg","width":500,"height":500,"caption":"Living libations laurel essential oil"},{"@type":"BreadcrumbList","@id":"https:\/\/dutchhealthstore.com\/fr\/product\/laurel-essential-oil\/#breadcrumb","itemListElement":[{"@type":"ListItem","position":1,"name":"Home","item":"https:\/\/dutchhealthstore.com\/fr\/"},{"@type":"ListItem","position":2,"name":"Shop","item":"https:\/\/dutchhealthstore.com\/fr\/shop\/"},{"@type":"ListItem","position":3,"name":"Laurel Essential Oil"}]},{"@type":"WebSite","@id":"https:\/\/dutchhealthstore.com\/fr\/#website","url":"https:\/\/dutchhealthstore.com\/fr\/","name":"Dutch Health Store","description":"Enhance Your Beauty with Organic &amp; Natural Skincare","publisher":{"@id":"https:\/\/dutchhealthstore.com\/fr\/#organization"},"potentialAction":[{"@type":"SearchAction","target":{"@type":"EntryPoint","urlTemplate":"https:\/\/dutchhealthstore.com\/fr\/?s={search_term_string}"},"query-input":{"@type":"PropertyValueSpecification","valueRequired":true,"valueName":"search_term_string"}}],"inLanguage":"fr-FR"},{"@type":"Organization","@id":"https:\/\/dutchhealthstore.com\/fr\/#organization","name":"Dutch Health Store","url":"https:\/\/dutchhealthstore.com\/fr\/","logo":{"@type":"ImageObject","inLanguage":"fr-FR","@id":"https:\/\/dutchhealthstore.com\/fr\/#\/schema\/logo\/image\/","url":"https:\/\/dutchhealthstore.com\/wp-content\/uploads\/2020\/08\/logo-dutchhealthstore-jpg-e1599484957574.jpg","contentUrl":"https:\/\/dutchhealthstore.com\/wp-content\/uploads\/2020\/08\/logo-dutchhealthstore-jpg-e1599484957574.jpg","width":400,"height":62,"caption":"Dutch Health Store"},"image":{"@id":"https:\/\/dutchhealthstore.com\/fr\/#\/schema\/logo\/image\/"},"sameAs":["https:\/\/www.instagram.com\/dutchhealthstore\/","https:\/\/www.facebook.com\/dutchhealthstore"]}]},"product_brand":"Living Libations","og_availability":"instock","product_availability":"instock","product_condition":"new"},"_links":{"self":[{"href":"https:\/\/dutchhealthstore.com\/fr\/wp-json\/wp\/v2\/product\/119533","targetHints":{"allow":["GET"]}}],"collection":[{"href":"https:\/\/dutchhealthstore.com\/fr\/wp-json\/wp\/v2\/product"}],"about":[{"href":"https:\/\/dutchhealthstore.com\/fr\/wp-json\/wp\/v2\/types\/product"}],"replies":[{"embeddable":true,"href":"https:\/\/dutchhealthstore.com\/fr\/wp-json\/wp\/v2\/comments?post=119533"}],"wp:featuredmedia":[{"embeddable":true,"href":"https:\/\/dutchhealthstore.com\/fr\/wp-json\/wp\/v2\/media\/108643"}],"wp:attachment":[{"href":"https:\/\/dutchhealthstore.com\/fr\/wp-json\/wp\/v2\/media?parent=119533"}],"wp:term":[{"taxonomy":"product_brand","embeddable":true,"href":"https:\/\/dutchhealthstore.com\/fr\/wp-json\/wp\/v2\/product_brand?post=119533"},{"taxonomy":"product_cat","embeddable":true,"href":"https:\/\/dutchhealthstore.com\/fr\/wp-json\/wp\/v2\/product_cat?post=119533"},{"taxonomy":"product_tag","embeddable":true,"href":"https:\/\/dutchhealthstore.com\/fr\/wp-json\/wp\/v2\/product_tag?post=119533"}],"curies":[{"name":"wp","href":"https:\/\/api.w.org\/{rel}","templated":true}]}}