{"id":119507,"date":"2019-04-04T17:38:40","date_gmt":"2019-04-04T15:38:40","guid":{"rendered":"https:\/\/dutchhealthstore.com\/product\/labdanum-absolute\/"},"modified":"2025-07-22T19:44:31","modified_gmt":"2025-07-22T17:44:31","slug":"labdanum-absolute","status":"publish","type":"product","link":"https:\/\/dutchhealthstore.com\/fr\/product\/labdanum-absolute\/","title":{"rendered":"Labdanum Absolu"},"content":{"rendered":"<p><strong><img decoding=\"async\" class=\"size-full wp-image-37041 alignright\" src=\"https:\/\/dutchhealthstore.com\/wp-content\/uploads\/2018\/04\/Living_Libations-1.png\" alt=\"Organic &amp; Natural Beautyproducts - Living Libations\" width=\"175\" height=\"82\">Labdanum Absolute somptueuse<\/strong> est un absolu chaud, riche et ambr\u00e9 appr\u00e9ci\u00e9 dans les parfums et les ar\u00f4mes d&rsquo;ambiance.<br \/>\nExtrait de l&rsquo;ol\u00e9or\u00e9sine du ciste, cet \u00e9lixir est une version plus riche, plus bois\u00e9e et plus chaleureuse de la version distill\u00e9e \u00e0 la vapeur de cette plante, Rockrose Essential Oil, avec une foule de bienfaits propres \u00e0 cette seule absolue.<\/p>\n<p><strong>Nom botanique :<\/strong> Cistus ladaniferus<br \/>\n<strong>Famille botanique :<\/strong> Cistaceae<br \/>\n<strong>M\u00e9thode d&rsquo;extraction :<\/strong> Absolue<br \/>\n<strong>Partie de la plante distill\u00e9e :<\/strong> Ol\u00e9or\u00e9sine<br \/>\n<strong>Pays d&rsquo;origine :<\/strong> Espagne<br \/>\n<strong>M\u00e9thode de culture :<\/strong> Cueillette sauvage<br \/>\n<strong>Composition :<\/strong> 100% Cistus ladanifer<br \/>\n<strong>Consistance :<\/strong> Viscosit\u00e9 \u00e9paisse<\/p>\n<a href=\"https:\/\/dutchhealthstore.com\/wp-content\/uploads\/2019\/04\/ANALYSIS-Labdanum-Absolute-Organic-Living-Libations-3.pdf\" class=\"button primary is-primary is-small\"  >\n\t\t<span>ANALYSE &gt;<\/span>\n\t<\/a>\n\n<h3>Description de l&rsquo;odeur<\/h3>\n<p>Intens\u00e9ment tenace avec des notes chaudes et ambr\u00e9es de fleurs, de baume et d&rsquo;\u00e9pices.<\/p>\n<h3>Dans Living Libations<\/h3>\n<p>Moccasin Flower Perfume, Moccasin Flower Shimmer Lips<\/p>\n<h3>Se marie bien avec<\/h3>\n<p>Jasmin, rose, tub\u00e9reuse, bergamote, noix de muscade, c\u00e8dre, v\u00e9tiver, patchouli, orange sanguine, santal, ylang, palo santo, nard, sauge sclar\u00e9e, ambre de la for\u00eat et vanille.<\/p>\n<h3>Utiliser<\/h3>\n<p>Ingr\u00e9dient rare, tr\u00e8s recherch\u00e9 en parfumerie ; les accents ambr\u00e9s qu&rsquo;il d\u00e9gage.<\/p>\n<p>Labdanum est le parfum des proph\u00e9ties parfum\u00e9es ; cet \u00e9lixir chaud et ambr\u00e9 est la version absolue de Rock Rose Essential Oil. Distill\u00e9 \u00e0 partir de l&rsquo;opulente ol\u00e9or\u00e9sine de la plante ciste, le Labdanum est utilis\u00e9 depuis les temps bibliques comme tonique g\u00e9n\u00e9ral. Les anciens \u00c9gyptiens le br\u00fblaient comme encens parfum\u00e9.<\/p>\n<p>Le labdanum, \u00e9galement connu sous le nom de rose de Sharon (Cantique des Cantiques 2:1), a toujours \u00e9t\u00e9 consid\u00e9r\u00e9 comme un parfum pr\u00e9cieux qui contient de nombreux avantages aromatiques, spirituels et \u00e9motionnels. \u00c0 l&rsquo;origine, elle \u00e9tait recueillie en brossant la barbe et le pelage des ch\u00e8vres et des moutons qui avaient pass\u00e9 la journ\u00e9e \u00e0 pa\u00eetre dans les arbustes odorants de Cistus ladanifer. Aujourd&rsquo;hui, le labdanum est recherch\u00e9 est utilis\u00e9 en parfumerie pour imiter les deux parfums controvers\u00e9s obtenus \u00e0 partir de cerfs (musc) et de baleines (ambre gris).<\/p>\n<p>En plus de son somptueux parfum balsamique, Labdanum Absolute offre un \u00e9ventail de bienfaits \u00e9motionnels. Labdanum Absolute est un produit qui favorise l&rsquo;ancrage et l&rsquo;\u00e9l\u00e9vation. Il est souvent utilis\u00e9 pour oindre les chakras pendant la m\u00e9ditation et pour inspirer un \u00e9tat de calme \u00e9nergique.<\/p>\n<p><strong>Taille: 5 ml et 30 ml<\/strong><\/p>\n<h3>Ingr\u00e9dients biologiques<\/h3>\n<p>100% absolue de labdanum (Cistus ladaniferus).<\/p>\n<p style=\"text-align: center;\"><em>\u00ab\u00a0Il n&rsquo;y avait que des huiles essentielles intenses, couche apr\u00e8s couche de labdanum, de patchouli, de vanille, de v\u00e9tiver, d&rsquo;ambrette, d&rsquo;encens, de myrrhe, d&rsquo;ambre, d&rsquo;absolu de rose bulgare, de bois de Oud &#8211; la liste \u00e9tait sans fin et magnifique, comme une pri\u00e8re parfum\u00e9e. La femme avait dit que certains des ingr\u00e9dients garderaient leur parfum pendant cent ans, qu&rsquo;ils ne mourraient jamais. Comme moi, avait-il dit, comme nous.\u00a0\u00bb<\/em><br \/>\n~ Joolz Denby, <strong>Wild Thing<\/strong><\/p>\n<p style=\"text-align: center;\"><em>\u00ab\u00a0Le labdanum est utilis\u00e9 comme fixateur dans de nombreux parfums de type verveine et violette, mais il est le plus g\u00e9n\u00e9ralement utilis\u00e9 dans la fabrication des ambres qui sont de puissants fixateurs.\u00a0\u00bb<\/em><br \/>\n~ Jill Jesse, <strong>Perfume Album<\/strong><\/p>\n<p style=\"text-align: center;\"><em>Le ciste aide \u00e0 la m\u00e9ditation et au centrage ainsi qu&rsquo;\u00e0 la visualisation d&rsquo;exp\u00e9riences spirituelles et \u00e0 les amener \u00e0 la conscience.\u00a0\u00bb<\/em><br \/>\n~ Suzanne Fischer-Rizzi, <strong>Complete Aromatherapy Handbook<\/strong><\/p>\n<p style=\"text-align: center;\"><em>\u00ab\u00a0Le labdanum a une odeur typiquement balsamique, plut\u00f4t fleurie, herbac\u00e9e, ambr\u00e9e et tr\u00e8s tenace.\u00a0\u00bb<\/em><br \/>\n~ H. Panda, <strong>The Complete Technology Book on Herbal Perfumes &amp; Cosmetics <\/strong><\/p>\n<p><img fetchpriority=\"high\" decoding=\"async\" class=\"size-full wp-image-31577 aligncenter\" src=\"https:\/\/dutchhealthstore.com\/wp-content\/uploads\/2018\/03\/organic_big.png\" alt=\"Organic and Natural - Living Libations\" width=\"623\" height=\"103\" srcset=\"https:\/\/dutchhealthstore.com\/wp-content\/uploads\/2018\/03\/organic_big.png 623w, https:\/\/dutchhealthstore.com\/wp-content\/uploads\/2018\/03\/organic_big-510x84.png 510w, https:\/\/dutchhealthstore.com\/wp-content\/uploads\/2018\/03\/organic_big-600x99.png 600w, https:\/\/dutchhealthstore.com\/wp-content\/uploads\/2018\/03\/organic_big-350x58.png 350w\" sizes=\"(max-width: 623px) 100vw, 623px\" \/><\/p>\n","protected":false},"excerpt":{"rendered":"<p><strong>Labdanum Absolute<\/strong> somptueuse est un absolu chaud, riche et ambr\u00e9 appr\u00e9ci\u00e9 dans les parfums et les ar\u00f4mes d&rsquo;ambiance.<br \/>\nExtrait de l&rsquo;ol\u00e9or\u00e9sine du ciste, cet \u00e9lixir est une version plus riche, plus bois\u00e9e et plus chaleureuse de la version distill\u00e9e \u00e0 la vapeur de cette plante, Rockrose Essential Oil, avec une foule de bienfaits propres \u00e0 cette seule absolue.<\/p>\n","protected":false},"featured_media":113594,"comment_status":"open","ping_status":"closed","template":"","meta":[],"product_brand":[],"product_cat":[3754,6734,1507,1211,1209,1010,6733],"product_tag":[4495],"class_list":{"0":"post-119507","1":"product","2":"type-product","3":"status-publish","4":"has-post-thumbnail","6":"product_cat-essences-absolues","7":"product_cat-essential-oils","8":"product_cat-plantes-huiles-essentielles-living-libations","9":"product_cat-living-libations-france","10":"product_cat-par-marques","11":"product_cat-notre-boutique","12":"product_cat-wellness-fr-2","13":"product_tag-essential-oil-fr","14":"pa_brand-livinglibations-fr","15":"pa_essential-oils-product-type-absolute-essences-fr","16":"pa_essential-oils-product-type-essential-oils-fr","17":"pa_size-30-ml-fr","18":"pa_size-5-ml-fr","20":"first","21":"instock","22":"taxable","23":"shipping-taxable","24":"purchasable","25":"product-type-variable"},"bundled_by":[],"bundle_stock_status":"instock","bundle_stock_quantity":null,"bundle_virtual":false,"bundle_layout":"","bundle_add_to_cart_form_location":"","bundle_editable_in_cart":false,"bundle_sold_individually_context":"","bundle_item_grouping":"","bundle_min_size":"","bundle_max_size":"","bundle_price":[],"bundled_items":[],"bundle_sell_ids":[],"atum_controlled":true,"out_stock_date":null,"out_stock_threshold":null,"inheritable":true,"stock_on_hold":0,"sold_today":0,"sales_last_days":0,"out_stock_days":0,"lost_sales":0,"update_date":"2026-05-01T00:14:29","atum_locations":[],"atum_stock_status":"instock","restock_status":false,"low_stock_amount":"","sales_update_date":"2026-05-01T00:14:29","calc_backorders":null,"group_of_quantity":0,"min_quantity":0,"max_quantity":"","exclude_order_quantity_value_rules":"no","exclude_category_quantity_rules":"no","combine_variations":"no","yoast_head":"<!-- This site is optimized with the Yoast SEO Premium plugin v26.5 (Yoast SEO v26.5) - https:\/\/yoast.com\/wordpress\/plugins\/seo\/ -->\n<title>Labdanum Absolute | Living Libations<\/title>\n<meta name=\"description\" content=\"Labdanum Absolute somptueuse est un absolu chaud, riche et ambr\u00e9 appr\u00e9ci\u00e9 dans les parfums et les ar\u00f4mes d&#039;ambiance.\" \/>\n<meta name=\"robots\" content=\"index, follow, max-snippet:-1, max-image-preview:large, max-video-preview:-1\" \/>\n<link rel=\"canonical\" href=\"https:\/\/dutchhealthstore.com\/fr\/product\/labdanum-absolute\/\" \/>\n<meta property=\"og:locale\" content=\"fr_FR\" \/>\n<meta property=\"og:type\" content=\"article\" \/>\n<meta property=\"og:title\" content=\"Labdanum Absolu - Dutch Health Store\" \/>\n<meta property=\"og:description\" content=\"Labdanum Absolute somptueuse est un absolu chaud, riche et ambr\u00e9 appr\u00e9ci\u00e9 dans les parfums et les ar\u00f4mes d&#039;ambiance.\" \/>\n<meta property=\"og:url\" content=\"https:\/\/dutchhealthstore.com\/fr\/product\/labdanum-absolute\/\" \/>\n<meta property=\"og:site_name\" content=\"Dutch Health Store\" \/>\n<meta property=\"article:publisher\" content=\"https:\/\/www.instagram.com\/dutchhealthstore\/\" \/>\n<meta property=\"article:modified_time\" content=\"2025-07-22T17:44:31+00:00\" \/>\n<meta property=\"og:image\" content=\"https:\/\/dutchhealthstore.com\/wp-content\/uploads\/2019\/04\/Living-Libations-Labdanum-Absolute-e1594719974929.jpg\" \/>\n\t<meta property=\"og:image:width\" content=\"500\" \/>\n\t<meta property=\"og:image:height\" content=\"500\" \/>\n\t<meta property=\"og:image:type\" content=\"image\/jpeg\" \/>\n<meta name=\"twitter:card\" content=\"summary_large_image\" \/>\n<meta name=\"twitter:label1\" content=\"Disponibilit\u00e9\" \/>\n\t<meta name=\"twitter:data1\" content=\"En stock\" \/>\n<script type=\"application\/ld+json\" class=\"yoast-schema-graph\">{\"@context\":\"https:\/\/schema.org\",\"@graph\":[{\"@type\":\"WebPage\",\"@id\":\"https:\/\/dutchhealthstore.com\/fr\/product\/labdanum-absolute\/\",\"url\":\"https:\/\/dutchhealthstore.com\/fr\/product\/labdanum-absolute\/\",\"name\":\"Labdanum Absolute | Living Libations\",\"isPartOf\":{\"@id\":\"https:\/\/dutchhealthstore.com\/fr\/#website\"},\"primaryImageOfPage\":{\"@id\":\"https:\/\/dutchhealthstore.com\/fr\/product\/labdanum-absolute\/#primaryimage\"},\"image\":{\"@id\":\"https:\/\/dutchhealthstore.com\/fr\/product\/labdanum-absolute\/#primaryimage\"},\"thumbnailUrl\":\"https:\/\/dutchhealthstore.com\/wp-content\/uploads\/2019\/04\/Living-Libations-Labdanum-Absolute-e1594719974929.jpg\",\"datePublished\":\"2019-04-04T15:38:40+00:00\",\"dateModified\":\"2025-07-22T17:44:31+00:00\",\"description\":\"Labdanum Absolute somptueuse est un absolu chaud, riche et ambr\u00e9 appr\u00e9ci\u00e9 dans les parfums et les ar\u00f4mes d'ambiance.\",\"breadcrumb\":{\"@id\":\"https:\/\/dutchhealthstore.com\/fr\/product\/labdanum-absolute\/#breadcrumb\"},\"inLanguage\":\"fr-FR\",\"potentialAction\":[{\"@type\":\"ReadAction\",\"target\":[\"https:\/\/dutchhealthstore.com\/fr\/product\/labdanum-absolute\/\"]}]},{\"@type\":\"ImageObject\",\"inLanguage\":\"fr-FR\",\"@id\":\"https:\/\/dutchhealthstore.com\/fr\/product\/labdanum-absolute\/#primaryimage\",\"url\":\"https:\/\/dutchhealthstore.com\/wp-content\/uploads\/2019\/04\/Living-Libations-Labdanum-Absolute-e1594719974929.jpg\",\"contentUrl\":\"https:\/\/dutchhealthstore.com\/wp-content\/uploads\/2019\/04\/Living-Libations-Labdanum-Absolute-e1594719974929.jpg\",\"width\":500,\"height\":500,\"caption\":\"Living Libations Labdanum Absolute\"},{\"@type\":\"BreadcrumbList\",\"@id\":\"https:\/\/dutchhealthstore.com\/fr\/product\/labdanum-absolute\/#breadcrumb\",\"itemListElement\":[{\"@type\":\"ListItem\",\"position\":1,\"name\":\"Home\",\"item\":\"https:\/\/dutchhealthstore.com\/fr\/\"},{\"@type\":\"ListItem\",\"position\":2,\"name\":\"Shop\",\"item\":\"https:\/\/dutchhealthstore.com\/fr\/shop\/\"},{\"@type\":\"ListItem\",\"position\":3,\"name\":\"Labdanum Absolu\"}]},{\"@type\":\"WebSite\",\"@id\":\"https:\/\/dutchhealthstore.com\/fr\/#website\",\"url\":\"https:\/\/dutchhealthstore.com\/fr\/\",\"name\":\"Dutch Health Store\",\"description\":\"Enhance Your Beauty with Organic &amp; Natural Skincare\",\"publisher\":{\"@id\":\"https:\/\/dutchhealthstore.com\/fr\/#organization\"},\"potentialAction\":[{\"@type\":\"SearchAction\",\"target\":{\"@type\":\"EntryPoint\",\"urlTemplate\":\"https:\/\/dutchhealthstore.com\/fr\/?s={search_term_string}\"},\"query-input\":{\"@type\":\"PropertyValueSpecification\",\"valueRequired\":true,\"valueName\":\"search_term_string\"}}],\"inLanguage\":\"fr-FR\"},{\"@type\":\"Organization\",\"@id\":\"https:\/\/dutchhealthstore.com\/fr\/#organization\",\"name\":\"Dutch Health Store\",\"url\":\"https:\/\/dutchhealthstore.com\/fr\/\",\"logo\":{\"@type\":\"ImageObject\",\"inLanguage\":\"fr-FR\",\"@id\":\"https:\/\/dutchhealthstore.com\/fr\/#\/schema\/logo\/image\/\",\"url\":\"https:\/\/dutchhealthstore.com\/wp-content\/uploads\/2020\/08\/logo-dutchhealthstore-jpg-e1599484957574.jpg\",\"contentUrl\":\"https:\/\/dutchhealthstore.com\/wp-content\/uploads\/2020\/08\/logo-dutchhealthstore-jpg-e1599484957574.jpg\",\"width\":400,\"height\":62,\"caption\":\"Dutch Health Store\"},\"image\":{\"@id\":\"https:\/\/dutchhealthstore.com\/fr\/#\/schema\/logo\/image\/\"},\"sameAs\":[\"https:\/\/www.instagram.com\/dutchhealthstore\/\",\"https:\/\/www.facebook.com\/dutchhealthstore\"]}]}<\/script>\n<meta property=\"product:brand\" content=\"Living Libations\" \/>\n<meta property=\"og:availability\" content=\"instock\" \/>\n<meta property=\"product:availability\" content=\"instock\" \/>\n<meta property=\"product:condition\" content=\"new\" \/>\n<!-- \/ Yoast SEO Premium plugin. -->","yoast_head_json":{"title":"Labdanum Absolute | Living Libations","description":"Labdanum Absolute somptueuse est un absolu chaud, riche et ambr\u00e9 appr\u00e9ci\u00e9 dans les parfums et les ar\u00f4mes d'ambiance.","robots":{"index":"index","follow":"follow","max-snippet":"max-snippet:-1","max-image-preview":"max-image-preview:large","max-video-preview":"max-video-preview:-1"},"canonical":"https:\/\/dutchhealthstore.com\/fr\/product\/labdanum-absolute\/","og_locale":"fr_FR","og_type":"article","og_title":"Labdanum Absolu - Dutch Health Store","og_description":"Labdanum Absolute somptueuse est un absolu chaud, riche et ambr\u00e9 appr\u00e9ci\u00e9 dans les parfums et les ar\u00f4mes d'ambiance.","og_url":"https:\/\/dutchhealthstore.com\/fr\/product\/labdanum-absolute\/","og_site_name":"Dutch Health Store","article_publisher":"https:\/\/www.instagram.com\/dutchhealthstore\/","article_modified_time":"2025-07-22T17:44:31+00:00","og_image":[{"width":500,"height":500,"url":"https:\/\/dutchhealthstore.com\/wp-content\/uploads\/2019\/04\/Living-Libations-Labdanum-Absolute-e1594719974929.jpg","type":"image\/jpeg"}],"twitter_card":"summary_large_image","twitter_misc":{"Disponibilit\u00e9":"En stock"},"schema":{"@context":"https:\/\/schema.org","@graph":[{"@type":"WebPage","@id":"https:\/\/dutchhealthstore.com\/fr\/product\/labdanum-absolute\/","url":"https:\/\/dutchhealthstore.com\/fr\/product\/labdanum-absolute\/","name":"Labdanum Absolute | Living Libations","isPartOf":{"@id":"https:\/\/dutchhealthstore.com\/fr\/#website"},"primaryImageOfPage":{"@id":"https:\/\/dutchhealthstore.com\/fr\/product\/labdanum-absolute\/#primaryimage"},"image":{"@id":"https:\/\/dutchhealthstore.com\/fr\/product\/labdanum-absolute\/#primaryimage"},"thumbnailUrl":"https:\/\/dutchhealthstore.com\/wp-content\/uploads\/2019\/04\/Living-Libations-Labdanum-Absolute-e1594719974929.jpg","datePublished":"2019-04-04T15:38:40+00:00","dateModified":"2025-07-22T17:44:31+00:00","description":"Labdanum Absolute somptueuse est un absolu chaud, riche et ambr\u00e9 appr\u00e9ci\u00e9 dans les parfums et les ar\u00f4mes d'ambiance.","breadcrumb":{"@id":"https:\/\/dutchhealthstore.com\/fr\/product\/labdanum-absolute\/#breadcrumb"},"inLanguage":"fr-FR","potentialAction":[{"@type":"ReadAction","target":["https:\/\/dutchhealthstore.com\/fr\/product\/labdanum-absolute\/"]}]},{"@type":"ImageObject","inLanguage":"fr-FR","@id":"https:\/\/dutchhealthstore.com\/fr\/product\/labdanum-absolute\/#primaryimage","url":"https:\/\/dutchhealthstore.com\/wp-content\/uploads\/2019\/04\/Living-Libations-Labdanum-Absolute-e1594719974929.jpg","contentUrl":"https:\/\/dutchhealthstore.com\/wp-content\/uploads\/2019\/04\/Living-Libations-Labdanum-Absolute-e1594719974929.jpg","width":500,"height":500,"caption":"Living Libations Labdanum Absolute"},{"@type":"BreadcrumbList","@id":"https:\/\/dutchhealthstore.com\/fr\/product\/labdanum-absolute\/#breadcrumb","itemListElement":[{"@type":"ListItem","position":1,"name":"Home","item":"https:\/\/dutchhealthstore.com\/fr\/"},{"@type":"ListItem","position":2,"name":"Shop","item":"https:\/\/dutchhealthstore.com\/fr\/shop\/"},{"@type":"ListItem","position":3,"name":"Labdanum Absolu"}]},{"@type":"WebSite","@id":"https:\/\/dutchhealthstore.com\/fr\/#website","url":"https:\/\/dutchhealthstore.com\/fr\/","name":"Dutch Health Store","description":"Enhance Your Beauty with Organic &amp; Natural Skincare","publisher":{"@id":"https:\/\/dutchhealthstore.com\/fr\/#organization"},"potentialAction":[{"@type":"SearchAction","target":{"@type":"EntryPoint","urlTemplate":"https:\/\/dutchhealthstore.com\/fr\/?s={search_term_string}"},"query-input":{"@type":"PropertyValueSpecification","valueRequired":true,"valueName":"search_term_string"}}],"inLanguage":"fr-FR"},{"@type":"Organization","@id":"https:\/\/dutchhealthstore.com\/fr\/#organization","name":"Dutch Health Store","url":"https:\/\/dutchhealthstore.com\/fr\/","logo":{"@type":"ImageObject","inLanguage":"fr-FR","@id":"https:\/\/dutchhealthstore.com\/fr\/#\/schema\/logo\/image\/","url":"https:\/\/dutchhealthstore.com\/wp-content\/uploads\/2020\/08\/logo-dutchhealthstore-jpg-e1599484957574.jpg","contentUrl":"https:\/\/dutchhealthstore.com\/wp-content\/uploads\/2020\/08\/logo-dutchhealthstore-jpg-e1599484957574.jpg","width":400,"height":62,"caption":"Dutch Health Store"},"image":{"@id":"https:\/\/dutchhealthstore.com\/fr\/#\/schema\/logo\/image\/"},"sameAs":["https:\/\/www.instagram.com\/dutchhealthstore\/","https:\/\/www.facebook.com\/dutchhealthstore"]}]},"product_brand":"Living Libations","og_availability":"instock","product_availability":"instock","product_condition":"new"},"_links":{"self":[{"href":"https:\/\/dutchhealthstore.com\/fr\/wp-json\/wp\/v2\/product\/119507","targetHints":{"allow":["GET"]}}],"collection":[{"href":"https:\/\/dutchhealthstore.com\/fr\/wp-json\/wp\/v2\/product"}],"about":[{"href":"https:\/\/dutchhealthstore.com\/fr\/wp-json\/wp\/v2\/types\/product"}],"replies":[{"embeddable":true,"href":"https:\/\/dutchhealthstore.com\/fr\/wp-json\/wp\/v2\/comments?post=119507"}],"wp:featuredmedia":[{"embeddable":true,"href":"https:\/\/dutchhealthstore.com\/fr\/wp-json\/wp\/v2\/media\/113594"}],"wp:attachment":[{"href":"https:\/\/dutchhealthstore.com\/fr\/wp-json\/wp\/v2\/media?parent=119507"}],"wp:term":[{"taxonomy":"product_brand","embeddable":true,"href":"https:\/\/dutchhealthstore.com\/fr\/wp-json\/wp\/v2\/product_brand?post=119507"},{"taxonomy":"product_cat","embeddable":true,"href":"https:\/\/dutchhealthstore.com\/fr\/wp-json\/wp\/v2\/product_cat?post=119507"},{"taxonomy":"product_tag","embeddable":true,"href":"https:\/\/dutchhealthstore.com\/fr\/wp-json\/wp\/v2\/product_tag?post=119507"}],"curies":[{"name":"wp","href":"https:\/\/api.w.org\/{rel}","templated":true}]}}