{"id":119399,"date":"2020-06-23T13:23:12","date_gmt":"2020-06-23T11:23:12","guid":{"rendered":"https:\/\/dutchhealthstore.com\/product\/juniper-berry-essential-oil\/"},"modified":"2024-07-18T10:28:52","modified_gmt":"2024-07-18T08:28:52","slug":"juniper-berry-essential-oil","status":"publish","type":"product","link":"https:\/\/dutchhealthstore.com\/fr\/product\/juniper-berry-essential-oil\/","title":{"rendered":"Juniper Berry Essential Oil"},"content":{"rendered":"<p><img decoding=\"async\" class=\"size-full wp-image-69549 alignright\" src=\"https:\/\/dutchhealthstore.com\/wp-content\/uploads\/2019\/08\/NEW-Living-Libations-Logo.jpg\" alt=\"NEW - Living Libations - Logo\" width=\"175\" height=\"82\"><strong>Nom botanique :<\/strong> Juniperus communis<br \/>\n<strong>Famille botanique :<\/strong> Cupressaceae<br \/>\n<strong>M\u00e9thode d&rsquo;extraction :<\/strong> Distillation \u00e0 la vapeur<br \/>\n<strong>Partie de la plante distill\u00e9e :<\/strong> Baies et aiguilles<br \/>\n<strong>Pays d&rsquo;origine :<\/strong> Bulgeria<br \/>\n<strong>M\u00e9thode de culture :<\/strong> Organique<br \/>\n<strong>Composition :<\/strong> 100% Juniperus communis<br \/>\n<strong>Consistance :<\/strong> Viscosit\u00e9 fine<\/p>\n<h3>Description de l&rsquo;odeur<\/h3>\n<p>Des notes tourbillonnantes de balsamique entre des essences de baies fra\u00eeches et vertes et un parfum bois\u00e9 et activateur.<\/p>\n<h3>Dans Living Libations<\/h3>\n<p>CelluLight Formula<\/p>\n<h3>Se marie bien avec<\/h3>\n<p>Pamplemousse, Encens, Cypr\u00e8s, Thym, Lavande, Marjolaine, Citron, Ylang, G\u00e9ranium, Cardamome, Coriandre, Sapin, Epic\u00e9a, Pin, Eucalyptus, Laurier, Myrte \u00e0 miel, Poivre noir et Inula.<\/p>\n<h3>Utilisations<\/h3>\n<p>M\u00e9langez-les aux m\u00e9langes de massage. Ajouter aux s\u00e9rums pour la peau. Tr\u00e8s agr\u00e9able dans le bain &#8211; une goutte ou deux suffisent. Diffusez pour d\u00e9gager et \u00e9lever les espaces ; inhalez dans notre tuyau de sel pour la clart\u00e9 et une respiration facile. Convient parfaitement aux saunas. Huile culinaire. M\u00e9langez aux huiles corporelles pour raviver les peaux paresseuses et am\u00e9liorer la texture.<\/p>\n<a href=\"https:\/\/dutchhealthstore.com\/wp-content\/uploads\/2020\/06\/ANALYSIS-Juniper-Berry-Essential-Oil-Living-Libations-3.pdf\" class=\"button primary is-primary is-small\"  >\n\t\t<span>ANALYSE DES HUILES ESSENTIELLES &gt;<\/span>\n\t<\/a>\n\n<p>Juniper Berry Essential Oil est une huile rafra\u00eechissante, vivifiante et nettoyante qui purifie l&rsquo;air, la peau et l&rsquo;esprit. Si les baies de gen\u00e9vrier sont un ingr\u00e9dient classique de la cuisine et de la fabrication du gin, l&rsquo;huile de cette baie b\u00e9nie est \u00e9galement un classique de l&rsquo;aromath\u00e9rapie. Que vous soyez en train de m\u00e9diter, de rajeunir votre peau ou de purifier l&rsquo;air, Juniper Berry Essential Oil vous aidera \u00e0 y parvenir !<\/p>\n<p><strong>Taille : 5 ml et 15 ml<\/strong><\/p>\n<h3>Ingr\u00e9dients biologiques<\/h3>\n<p>100% huile essentielle de baies de gen\u00e9vrier (Juniperus communis).<\/p>\n<p style=\"text-align: center;\"><em>\u00ab\u00a0Dans la mesure o\u00f9 nous parvenons \u00e0 d\u00e9livrer l&rsquo;huile de mani\u00e8re physiologique, la baie de gen\u00e9vrier est essentiellement un stimulant qui r\u00e9chauffe et ass\u00e8che&#8230; Dans l&rsquo;herboristerie chinoise, le gen\u00e9vrier serait consid\u00e9r\u00e9 comme une huile primaire pour r\u00e9soudre de nombreux types de conditions humides dans les r\u00e9chauffeurs moyens et inf\u00e9rieurs&#8230; En m\u00eame temps, l&rsquo;\u00e9nergie piquante du gen\u00e9vrier a \u00e9galement un mouvement ascendant doux qui est capable de rafra\u00eechir et de clarifier l&rsquo;esprit. Les pens\u00e9es stagnantes, n\u00e9gatives, confuses et le brouillard mental sont son terrain autant que les sympt\u00f4mes d&rsquo;une \u00e9nergie dispers\u00e9e&#8230; Dans l&rsquo;ensemble, le gen\u00e9vrier est destin\u00e9 aux personnes froides, congestionn\u00e9es et stagnantes&#8230;\u00a0\u00bb<\/em><br \/>\n~ Peter Holmes, <strong>Aromatica<\/strong><\/p>\n<p style=\"text-align: center;\"><em>\u00ab\u00a0Une action de nettoyage et de purification a lieu lorsque le parfum du gen\u00e9vrier est inhal\u00e9, et des changements subtils se produisent &#8211; physiquement, mentalement et spirituellement &#8211; car l&rsquo;esprit lib\u00e9r\u00e9 peut parler au c\u0153ur et \u00e0 l&rsquo;esprit.\u00a0\u00bb<\/em><br \/>\n~ Valerie Ann Worwood, <strong>aromatherapy for the Soul<\/strong><\/p>\n<p><img fetchpriority=\"high\" decoding=\"async\" class=\"size-medium wp-image-68103 aligncenter\" src=\"https:\/\/dutchhealthstore.com\/wp-content\/uploads\/2018\/02\/Living-Libations-Organic-Logo-800x89.png\" alt=\"Living Libations - Organic Logo\" width=\"800\" height=\"89\" srcset=\"https:\/\/dutchhealthstore.com\/wp-content\/uploads\/2018\/02\/Living-Libations-Organic-Logo-800x89.png 800w, https:\/\/dutchhealthstore.com\/wp-content\/uploads\/2018\/02\/Living-Libations-Organic-Logo-510x57.png 510w, https:\/\/dutchhealthstore.com\/wp-content\/uploads\/2018\/02\/Living-Libations-Organic-Logo-768x85.png 768w, https:\/\/dutchhealthstore.com\/wp-content\/uploads\/2018\/02\/Living-Libations-Organic-Logo.png 1400w\" sizes=\"(max-width: 800px) 100vw, 800px\" \/><\/p>\n","protected":false},"excerpt":{"rendered":"<p>Living Libations <strong>Juniper Berry Essential Oil<\/strong> est un ajout joyeux \u00e0 toute apothicairerie d&rsquo;aromath\u00e9rapie. Distill\u00e9e \u00e0 la vapeur \u00e0 partir de baies de gen\u00e9vrier, cette huile a \u00e9t\u00e9 utilis\u00e9e tout au long de l&rsquo;histoire pour ses propri\u00e9t\u00e9s d\u00e9toxifiantes et purifiantes.<br \/>\nJuniper Berry Essential Oil peut \u00eatre utilis\u00e9e pour rafra\u00eechir les esprits brumeux, l&rsquo;air vici\u00e9, les peaux l\u00e9thargiques et les esprits paresseux.<\/p>\n","protected":false},"featured_media":61944,"comment_status":"open","ping_status":"closed","template":"","meta":[],"product_brand":[],"product_cat":[1507,6734,1211,1209,3757,6733],"product_tag":[4495],"class_list":{"0":"post-119399","1":"product","2":"type-product","3":"status-publish","4":"has-post-thumbnail","6":"product_cat-plantes-huiles-essentielles-living-libations","7":"product_cat-essential-oils","8":"product_cat-living-libations-france","9":"product_cat-par-marques","10":"product_cat-plantes-huiles-essentielles","11":"product_cat-wellness-fr-2","12":"product_tag-essential-oil-fr","13":"pa_brand-livinglibations-fr","14":"pa_essential-oils-product-type-essential-oils-fr","15":"pa_size-15-ml-fr","16":"pa_size-5-ml-fr","18":"first","19":"instock","20":"taxable","21":"shipping-taxable","22":"purchasable","23":"product-type-variable"},"bundled_by":[],"bundle_stock_status":"instock","bundle_stock_quantity":null,"bundle_virtual":false,"bundle_layout":"","bundle_add_to_cart_form_location":"","bundle_editable_in_cart":false,"bundle_sold_individually_context":"","bundle_item_grouping":"","bundle_min_size":"","bundle_max_size":"","bundle_price":[],"bundled_items":[],"bundle_sell_ids":[],"atum_controlled":true,"out_stock_date":null,"out_stock_threshold":null,"inheritable":true,"stock_on_hold":0,"sold_today":0,"sales_last_days":0,"out_stock_days":0,"lost_sales":0,"update_date":"2026-04-18T00:06:29","atum_locations":[],"atum_stock_status":"instock","restock_status":false,"low_stock_amount":"","sales_update_date":"2026-04-18T00:06:29","calc_backorders":null,"group_of_quantity":0,"min_quantity":0,"max_quantity":"","exclude_order_quantity_value_rules":"no","exclude_category_quantity_rules":"no","combine_variations":"no","yoast_head":"<!-- This site is optimized with the Yoast SEO Premium plugin v26.5 (Yoast SEO v26.5) - https:\/\/yoast.com\/wordpress\/plugins\/seo\/ -->\n<title>Juniper Berry Essential Oil | Living Libations<\/title>\n<meta name=\"description\" content=\"Juniper Berry Essential Oil peut \u00eatre utilis\u00e9e pour rafra\u00eechir les esprits brumeux, l&#039;air vici\u00e9, les peaux l\u00e9thargiques et les esprits paresseux.\" \/>\n<meta name=\"robots\" content=\"index, follow, max-snippet:-1, max-image-preview:large, max-video-preview:-1\" \/>\n<link rel=\"canonical\" href=\"https:\/\/dutchhealthstore.com\/fr\/product\/juniper-berry-essential-oil\/\" \/>\n<meta property=\"og:locale\" content=\"fr_FR\" \/>\n<meta property=\"og:type\" content=\"article\" \/>\n<meta property=\"og:title\" content=\"Juniper Berry Essential Oil - Dutch Health Store\" \/>\n<meta property=\"og:description\" content=\"Juniper Berry Essential Oil peut \u00eatre utilis\u00e9e pour rafra\u00eechir les esprits brumeux, l&#039;air vici\u00e9, les peaux l\u00e9thargiques et les esprits paresseux.\" \/>\n<meta property=\"og:url\" content=\"https:\/\/dutchhealthstore.com\/fr\/product\/juniper-berry-essential-oil\/\" \/>\n<meta property=\"og:site_name\" content=\"Dutch Health Store\" \/>\n<meta property=\"article:publisher\" content=\"https:\/\/www.instagram.com\/dutchhealthstore\/\" \/>\n<meta property=\"article:modified_time\" content=\"2024-07-18T08:28:52+00:00\" \/>\n<meta property=\"og:image\" content=\"https:\/\/dutchhealthstore.com\/wp-content\/uploads\/2018\/02\/Juniperberry-Essential-Oil-Living-Libations-e1593076955960.jpg\" \/>\n\t<meta property=\"og:image:width\" content=\"500\" \/>\n\t<meta property=\"og:image:height\" content=\"500\" \/>\n\t<meta property=\"og:image:type\" content=\"image\/jpeg\" \/>\n<meta name=\"twitter:card\" content=\"summary_large_image\" \/>\n<meta name=\"twitter:label1\" content=\"Disponibilit\u00e9\" \/>\n\t<meta name=\"twitter:data1\" content=\"En stock\" \/>\n<script type=\"application\/ld+json\" class=\"yoast-schema-graph\">{\"@context\":\"https:\/\/schema.org\",\"@graph\":[{\"@type\":\"WebPage\",\"@id\":\"https:\/\/dutchhealthstore.com\/fr\/product\/juniper-berry-essential-oil\/\",\"url\":\"https:\/\/dutchhealthstore.com\/fr\/product\/juniper-berry-essential-oil\/\",\"name\":\"Juniper Berry Essential Oil | Living Libations\",\"isPartOf\":{\"@id\":\"https:\/\/dutchhealthstore.com\/fr\/#website\"},\"primaryImageOfPage\":{\"@id\":\"https:\/\/dutchhealthstore.com\/fr\/product\/juniper-berry-essential-oil\/#primaryimage\"},\"image\":{\"@id\":\"https:\/\/dutchhealthstore.com\/fr\/product\/juniper-berry-essential-oil\/#primaryimage\"},\"thumbnailUrl\":\"https:\/\/dutchhealthstore.com\/wp-content\/uploads\/2018\/02\/Juniperberry-Essential-Oil-Living-Libations-e1593076955960.jpg\",\"datePublished\":\"2020-06-23T11:23:12+00:00\",\"dateModified\":\"2024-07-18T08:28:52+00:00\",\"description\":\"Juniper Berry Essential Oil peut \u00eatre utilis\u00e9e pour rafra\u00eechir les esprits brumeux, l'air vici\u00e9, les peaux l\u00e9thargiques et les esprits paresseux.\",\"breadcrumb\":{\"@id\":\"https:\/\/dutchhealthstore.com\/fr\/product\/juniper-berry-essential-oil\/#breadcrumb\"},\"inLanguage\":\"fr-FR\",\"potentialAction\":[{\"@type\":\"ReadAction\",\"target\":[\"https:\/\/dutchhealthstore.com\/fr\/product\/juniper-berry-essential-oil\/\"]}]},{\"@type\":\"ImageObject\",\"inLanguage\":\"fr-FR\",\"@id\":\"https:\/\/dutchhealthstore.com\/fr\/product\/juniper-berry-essential-oil\/#primaryimage\",\"url\":\"https:\/\/dutchhealthstore.com\/wp-content\/uploads\/2018\/02\/Juniperberry-Essential-Oil-Living-Libations-e1593076955960.jpg\",\"contentUrl\":\"https:\/\/dutchhealthstore.com\/wp-content\/uploads\/2018\/02\/Juniperberry-Essential-Oil-Living-Libations-e1593076955960.jpg\",\"width\":500,\"height\":500,\"caption\":\"Juniperberry Essential Oil - Living Libations\"},{\"@type\":\"BreadcrumbList\",\"@id\":\"https:\/\/dutchhealthstore.com\/fr\/product\/juniper-berry-essential-oil\/#breadcrumb\",\"itemListElement\":[{\"@type\":\"ListItem\",\"position\":1,\"name\":\"Home\",\"item\":\"https:\/\/dutchhealthstore.com\/fr\/\"},{\"@type\":\"ListItem\",\"position\":2,\"name\":\"Shop\",\"item\":\"https:\/\/dutchhealthstore.com\/fr\/shop\/\"},{\"@type\":\"ListItem\",\"position\":3,\"name\":\"Juniper Berry Essential Oil\"}]},{\"@type\":\"WebSite\",\"@id\":\"https:\/\/dutchhealthstore.com\/fr\/#website\",\"url\":\"https:\/\/dutchhealthstore.com\/fr\/\",\"name\":\"Dutch Health Store\",\"description\":\"Enhance Your Beauty with Organic &amp; Natural Skincare\",\"publisher\":{\"@id\":\"https:\/\/dutchhealthstore.com\/fr\/#organization\"},\"potentialAction\":[{\"@type\":\"SearchAction\",\"target\":{\"@type\":\"EntryPoint\",\"urlTemplate\":\"https:\/\/dutchhealthstore.com\/fr\/?s={search_term_string}\"},\"query-input\":{\"@type\":\"PropertyValueSpecification\",\"valueRequired\":true,\"valueName\":\"search_term_string\"}}],\"inLanguage\":\"fr-FR\"},{\"@type\":\"Organization\",\"@id\":\"https:\/\/dutchhealthstore.com\/fr\/#organization\",\"name\":\"Dutch Health Store\",\"url\":\"https:\/\/dutchhealthstore.com\/fr\/\",\"logo\":{\"@type\":\"ImageObject\",\"inLanguage\":\"fr-FR\",\"@id\":\"https:\/\/dutchhealthstore.com\/fr\/#\/schema\/logo\/image\/\",\"url\":\"https:\/\/dutchhealthstore.com\/wp-content\/uploads\/2020\/08\/logo-dutchhealthstore-jpg-e1599484957574.jpg\",\"contentUrl\":\"https:\/\/dutchhealthstore.com\/wp-content\/uploads\/2020\/08\/logo-dutchhealthstore-jpg-e1599484957574.jpg\",\"width\":400,\"height\":62,\"caption\":\"Dutch Health Store\"},\"image\":{\"@id\":\"https:\/\/dutchhealthstore.com\/fr\/#\/schema\/logo\/image\/\"},\"sameAs\":[\"https:\/\/www.instagram.com\/dutchhealthstore\/\",\"https:\/\/www.facebook.com\/dutchhealthstore\"]}]}<\/script>\n<meta property=\"product:brand\" content=\"Living Libations\" \/>\n<meta property=\"og:availability\" content=\"instock\" \/>\n<meta property=\"product:availability\" content=\"instock\" \/>\n<meta property=\"product:condition\" content=\"new\" \/>\n<!-- \/ Yoast SEO Premium plugin. -->","yoast_head_json":{"title":"Juniper Berry Essential Oil | Living Libations","description":"Juniper Berry Essential Oil peut \u00eatre utilis\u00e9e pour rafra\u00eechir les esprits brumeux, l'air vici\u00e9, les peaux l\u00e9thargiques et les esprits paresseux.","robots":{"index":"index","follow":"follow","max-snippet":"max-snippet:-1","max-image-preview":"max-image-preview:large","max-video-preview":"max-video-preview:-1"},"canonical":"https:\/\/dutchhealthstore.com\/fr\/product\/juniper-berry-essential-oil\/","og_locale":"fr_FR","og_type":"article","og_title":"Juniper Berry Essential Oil - Dutch Health Store","og_description":"Juniper Berry Essential Oil peut \u00eatre utilis\u00e9e pour rafra\u00eechir les esprits brumeux, l'air vici\u00e9, les peaux l\u00e9thargiques et les esprits paresseux.","og_url":"https:\/\/dutchhealthstore.com\/fr\/product\/juniper-berry-essential-oil\/","og_site_name":"Dutch Health Store","article_publisher":"https:\/\/www.instagram.com\/dutchhealthstore\/","article_modified_time":"2024-07-18T08:28:52+00:00","og_image":[{"width":500,"height":500,"url":"https:\/\/dutchhealthstore.com\/wp-content\/uploads\/2018\/02\/Juniperberry-Essential-Oil-Living-Libations-e1593076955960.jpg","type":"image\/jpeg"}],"twitter_card":"summary_large_image","twitter_misc":{"Disponibilit\u00e9":"En stock"},"schema":{"@context":"https:\/\/schema.org","@graph":[{"@type":"WebPage","@id":"https:\/\/dutchhealthstore.com\/fr\/product\/juniper-berry-essential-oil\/","url":"https:\/\/dutchhealthstore.com\/fr\/product\/juniper-berry-essential-oil\/","name":"Juniper Berry Essential Oil | Living Libations","isPartOf":{"@id":"https:\/\/dutchhealthstore.com\/fr\/#website"},"primaryImageOfPage":{"@id":"https:\/\/dutchhealthstore.com\/fr\/product\/juniper-berry-essential-oil\/#primaryimage"},"image":{"@id":"https:\/\/dutchhealthstore.com\/fr\/product\/juniper-berry-essential-oil\/#primaryimage"},"thumbnailUrl":"https:\/\/dutchhealthstore.com\/wp-content\/uploads\/2018\/02\/Juniperberry-Essential-Oil-Living-Libations-e1593076955960.jpg","datePublished":"2020-06-23T11:23:12+00:00","dateModified":"2024-07-18T08:28:52+00:00","description":"Juniper Berry Essential Oil peut \u00eatre utilis\u00e9e pour rafra\u00eechir les esprits brumeux, l'air vici\u00e9, les peaux l\u00e9thargiques et les esprits paresseux.","breadcrumb":{"@id":"https:\/\/dutchhealthstore.com\/fr\/product\/juniper-berry-essential-oil\/#breadcrumb"},"inLanguage":"fr-FR","potentialAction":[{"@type":"ReadAction","target":["https:\/\/dutchhealthstore.com\/fr\/product\/juniper-berry-essential-oil\/"]}]},{"@type":"ImageObject","inLanguage":"fr-FR","@id":"https:\/\/dutchhealthstore.com\/fr\/product\/juniper-berry-essential-oil\/#primaryimage","url":"https:\/\/dutchhealthstore.com\/wp-content\/uploads\/2018\/02\/Juniperberry-Essential-Oil-Living-Libations-e1593076955960.jpg","contentUrl":"https:\/\/dutchhealthstore.com\/wp-content\/uploads\/2018\/02\/Juniperberry-Essential-Oil-Living-Libations-e1593076955960.jpg","width":500,"height":500,"caption":"Juniperberry Essential Oil - Living Libations"},{"@type":"BreadcrumbList","@id":"https:\/\/dutchhealthstore.com\/fr\/product\/juniper-berry-essential-oil\/#breadcrumb","itemListElement":[{"@type":"ListItem","position":1,"name":"Home","item":"https:\/\/dutchhealthstore.com\/fr\/"},{"@type":"ListItem","position":2,"name":"Shop","item":"https:\/\/dutchhealthstore.com\/fr\/shop\/"},{"@type":"ListItem","position":3,"name":"Juniper Berry Essential Oil"}]},{"@type":"WebSite","@id":"https:\/\/dutchhealthstore.com\/fr\/#website","url":"https:\/\/dutchhealthstore.com\/fr\/","name":"Dutch Health Store","description":"Enhance Your Beauty with Organic &amp; Natural Skincare","publisher":{"@id":"https:\/\/dutchhealthstore.com\/fr\/#organization"},"potentialAction":[{"@type":"SearchAction","target":{"@type":"EntryPoint","urlTemplate":"https:\/\/dutchhealthstore.com\/fr\/?s={search_term_string}"},"query-input":{"@type":"PropertyValueSpecification","valueRequired":true,"valueName":"search_term_string"}}],"inLanguage":"fr-FR"},{"@type":"Organization","@id":"https:\/\/dutchhealthstore.com\/fr\/#organization","name":"Dutch Health Store","url":"https:\/\/dutchhealthstore.com\/fr\/","logo":{"@type":"ImageObject","inLanguage":"fr-FR","@id":"https:\/\/dutchhealthstore.com\/fr\/#\/schema\/logo\/image\/","url":"https:\/\/dutchhealthstore.com\/wp-content\/uploads\/2020\/08\/logo-dutchhealthstore-jpg-e1599484957574.jpg","contentUrl":"https:\/\/dutchhealthstore.com\/wp-content\/uploads\/2020\/08\/logo-dutchhealthstore-jpg-e1599484957574.jpg","width":400,"height":62,"caption":"Dutch Health Store"},"image":{"@id":"https:\/\/dutchhealthstore.com\/fr\/#\/schema\/logo\/image\/"},"sameAs":["https:\/\/www.instagram.com\/dutchhealthstore\/","https:\/\/www.facebook.com\/dutchhealthstore"]}]},"product_brand":"Living Libations","og_availability":"instock","product_availability":"instock","product_condition":"new"},"_links":{"self":[{"href":"https:\/\/dutchhealthstore.com\/fr\/wp-json\/wp\/v2\/product\/119399","targetHints":{"allow":["GET"]}}],"collection":[{"href":"https:\/\/dutchhealthstore.com\/fr\/wp-json\/wp\/v2\/product"}],"about":[{"href":"https:\/\/dutchhealthstore.com\/fr\/wp-json\/wp\/v2\/types\/product"}],"replies":[{"embeddable":true,"href":"https:\/\/dutchhealthstore.com\/fr\/wp-json\/wp\/v2\/comments?post=119399"}],"wp:featuredmedia":[{"embeddable":true,"href":"https:\/\/dutchhealthstore.com\/fr\/wp-json\/wp\/v2\/media\/61944"}],"wp:attachment":[{"href":"https:\/\/dutchhealthstore.com\/fr\/wp-json\/wp\/v2\/media?parent=119399"}],"wp:term":[{"taxonomy":"product_brand","embeddable":true,"href":"https:\/\/dutchhealthstore.com\/fr\/wp-json\/wp\/v2\/product_brand?post=119399"},{"taxonomy":"product_cat","embeddable":true,"href":"https:\/\/dutchhealthstore.com\/fr\/wp-json\/wp\/v2\/product_cat?post=119399"},{"taxonomy":"product_tag","embeddable":true,"href":"https:\/\/dutchhealthstore.com\/fr\/wp-json\/wp\/v2\/product_tag?post=119399"}],"curies":[{"name":"wp","href":"https:\/\/api.w.org\/{rel}","templated":true}]}}