{"id":119392,"date":"2020-06-23T08:37:40","date_gmt":"2020-06-23T08:37:40","guid":{"rendered":"https:\/\/dutchhealthstore.com\/product\/jonquil-absolute-limited-edition\/"},"modified":"2023-02-23T09:00:25","modified_gmt":"2023-02-23T09:00:25","slug":"jonquil-absolute-limited-edition","status":"publish","type":"product","link":"https:\/\/dutchhealthstore.com\/fr\/product\/jonquil-absolute-limited-edition\/","title":{"rendered":"Jonquil Absolute Limited Edition"},"content":{"rendered":"<p><img decoding=\"async\" class=\"size-full wp-image-69549 alignright\" src=\"https:\/\/dutchhealthstore.com\/wp-content\/uploads\/2019\/08\/NEW-Living-Libations-Logo.jpg\" alt=\"NEW - Living Libations - Logo\" width=\"175\" height=\"82\"><strong>Nom botanique :<\/strong> Narcissus jonquilla<br \/>\n<strong>Famille botanique :<\/strong> Amaryllidaceae<br \/>\n<strong>M\u00e9thode d&rsquo;extraction :<\/strong> Absolue<br \/>\n<strong>Partie de la plante distill\u00e9e:<\/strong> Fleur<br \/>\n<strong>Pays d&rsquo;origine :<\/strong> France<br \/>\n<strong>M\u00e9thode de culture :<\/strong> R\u00e9colte sauvage<br \/>\n<strong>Composition :<\/strong> 100 % Narcissus jonquilla<br \/>\n<strong>Consistance :<\/strong> Viscosit\u00e9 moyenne<\/p>\n<h3>Description de l&rsquo;odeur<\/h3>\n<p>De douces notes florales d\u00e9goulinantes de miel, de la terre verte fra\u00eeche et un l\u00e9ger soup\u00e7on de tabac riche.<\/p>\n<h3>Se marie bien avec<\/h3>\n<p>Jasmin, v\u00e9tiver, nard, ylang, vanille, citron, \u0153illet et pamplemousse.<\/p>\n<h3>Utilisations<\/h3>\n<p>Parfumerie. Comme une g\u00e9n\u00e9reuse note de fond pour d&rsquo;autres parfums. Ar\u00f4me amoureux. S\u00e9rum relaxant, anti-stress et anti-sommeil. Son ar\u00f4me enchanteur est \u00e9galement r\u00e9put\u00e9 pour calmer les nerfs, att\u00e9nuer les tensions de l&rsquo;esprit et du corps, chanter le sommeil et faire fondre les muscles tendus.<\/p>\n<a href=\"https:\/\/dutchhealthstore.com\/wp-content\/uploads\/2020\/04\/ANALYSIS-Jonguil-Absolute-Living-Libations-3.pdf\" class=\"button primary is-primary is-small\"  >\n\t\t<span>ANALYSE DES HUILES ESSENTIELLES &gt;<\/span>\n\t<\/a>\n\n<h3>La diff\u00e9rence entre Jonquil absolute et Carnation absolute<\/h3>\n<p>En g\u00e9n\u00e9ral, ils ont une odeur et des profils de pigments similaires. Elles sont comme des s\u0153urs de parfum. Ils se marient \u00e9galement bien avec la vanille, le jasmin, l&rsquo;ylang, le narcisse, l&rsquo;\u0153illet, le champa, le benjoin, le n\u00e9roli et tous les agrumes.<\/p>\n<p>L&rsquo;absolue de jonquille peut \u00eatre d\u00e9crite comme un liquide brun olive, lourd, mielleux, d&rsquo;une douceur florale profonde, avec un fort sous-entendu vert, une touche d&rsquo;\u00e9pice cannelle et un ass\u00e8chement tenace. Rappelle la jacinthe d&rsquo;eau.<\/p>\n<p>L&rsquo;\u0153illet est aussi souvent d\u00e9crit comme un absolu qui est un liquide visqueux de couleur vert olive \u00e0 brun olive avec des notes herbac\u00e9es semblables \u00e0 du miel ; un parfum doux et tenace avec un murmure de clou de girofle balsamique.<\/p>\n<p>Le caract\u00e8re de l&rsquo;ar\u00f4me de chaque essence est cr\u00e9\u00e9 par les constituants biochimiques qui composent l&rsquo;huile botanique. L&rsquo;\u0153illet et la jonquille ont des odeurs similaires car ils tirent leur signature olfactive de plusieurs des m\u00eames constituants. Ils ont en commun des \u00e9l\u00e9ments majeurs. Parmi eux, on trouve les benzoates de benzyle (y compris le m\u00e9thyle, l&rsquo;ac\u00e9tate et le salicylate), les linalools, les ald\u00e9hydes et les linol\u00e9ates. Ils partagent \u00e9galement tous deux une \u00e9pice subtile, mais l&rsquo;accent de la jonquille est un l\u00e9ger composant indole cinnamate, tandis que l&rsquo;\u0153illet s&rsquo;oriente vers le composant eug\u00e9nol (clou de girofle), mais toujours avec des nuances de ph\u00e9nyl\u00e9thanol, qui contribue \u00e0 un soup\u00e7on d&rsquo;ar\u00f4me de jacinthe dans cet absolu \u00e9galement.<\/p>\n<p>Jonquil Absolute est l&rsquo;un de nos joyaux floraux les plus rares. Extrait des fleurs et des bourgeons du Narcissus jonquil dans la r\u00e9gion de Provence en France, le Jonquil est devenu de plus en plus difficile \u00e0 obtenir ces derni\u00e8res ann\u00e9es. Le nombre d&rsquo;absolus authentiques \u00e9mergeant de cette r\u00e9gion est extr\u00eamement limit\u00e9. Exquis en parfumerie, ces pr\u00e9cieux p\u00e9tales ont \u00e9t\u00e9 utilis\u00e9s pour parfaire les parfums des Maisons de Parfumerie parisiennes du 18\u00e8me si\u00e8cle. Son ar\u00f4me rougeoyant et invitant rappelle une promenade printani\u00e8re qui remplit l&rsquo;esprit de terre chaude et d&rsquo;\u00e9l\u00e9gance innocente.<\/p>\n<p>L&rsquo;absolu lui-m\u00eame offre un parfum riche et floral qui n&rsquo;est pas trop sucr\u00e9 ou f\u00e9minin. Des notes de miel lourd et de r\u00eaves verts de jardin font de Jonquil un ajout vraiment paradisiaque \u00e0 tout bain, parfum ou produit parfum\u00e9.<\/p>\n<p><strong>Taille : 5 ml (1:4 Jojoba)<\/strong><\/p>\n<h3>Ingr\u00e9dients biologiques<\/h3>\n<p>100% jonquille (Narcissus jonquilla) \u00e9dition limit\u00e9e absolue.<\/p>\n<p style=\"text-align: center;\"><em>\u00ab\u00a0Une femme ne rit comme \u00e7a que quelques fois dans sa vie. Une femme ne rit de la sorte que lorsque quelque chose l&rsquo;a touch\u00e9e au plus profond de son \u00eatre et que le bonheur jaillit aussi naturel que le souffle, les premiers jonquilles et les ruisseaux de montagne.\u00a0\u00bb<\/em><br \/>\n~ Robert Penn Warren, <strong>All the King&rsquo;s Men<\/strong><\/p>\n<p style=\"text-align: center;\"><em>\u00ab\u00a0C&rsquo;est l\u00e0 aussi que Grenouille a senti pour la premi\u00e8re fois le parfum au sens propre du terme : une simple eau de lavande ou de rose, dont on remplissait les fontaines des jardins lors des galas ; mais aussi des senteurs plus complexes, plus co\u00fbteuses, de teinture de musc m\u00e9lang\u00e9e \u00e0 des huiles de n\u00e9roli et de tub\u00e9reuse, de jonquille, de jasmin ou de cannelle, qui flottaient derri\u00e8re les carrosses comme de riches rubans sur la brise du soir.\u00a0\u00bb<\/em><br \/>\n~ Patrick S\u00fcskind, <strong>Perfume<\/strong><\/p>\n<p>&nbsp;<\/p>\n<p><img fetchpriority=\"high\" decoding=\"async\" class=\"size-medium wp-image-68103 aligncenter\" src=\"https:\/\/dutchhealthstore.com\/wp-content\/uploads\/2018\/02\/Living-Libations-Organic-Logo-800x89.png\" alt=\"Living Libations - Organic Logo\" width=\"800\" height=\"89\" srcset=\"https:\/\/dutchhealthstore.com\/wp-content\/uploads\/2018\/02\/Living-Libations-Organic-Logo-800x89.png 800w, https:\/\/dutchhealthstore.com\/wp-content\/uploads\/2018\/02\/Living-Libations-Organic-Logo-510x57.png 510w, https:\/\/dutchhealthstore.com\/wp-content\/uploads\/2018\/02\/Living-Libations-Organic-Logo-768x85.png 768w, https:\/\/dutchhealthstore.com\/wp-content\/uploads\/2018\/02\/Living-Libations-Organic-Logo.png 1400w\" sizes=\"(max-width: 800px) 100vw, 800px\" \/><\/p>\n","protected":false},"excerpt":{"rendered":"<p><strong>Jonquil Absolute<\/strong> joyeuse est le cousin v\u00e9n\u00e9r\u00e9 de la jacinthe, proche de la tub\u00e9reuse, et rare parmi nos absolus. R\u00e9colt\u00e9e \u00e0 l&rsquo;\u00e9tat sauvage dans les collines et les vall\u00e9es de Provence, il faut plus de 2 500 kilos de fleurs de jonquille fran\u00e7aise pour cr\u00e9er un seul kilo d&rsquo;absolue de jonquille. Le r\u00e9sultat est un floral doux et mielleux avec des notes de terre fra\u00eeche et de tabac.<\/p>\n","protected":false},"featured_media":108565,"comment_status":"open","ping_status":"closed","template":"","meta":[],"product_brand":[],"product_cat":[3754,6734,1507,1211,1209,6733],"product_tag":[21668,21318],"class_list":{"0":"post-119392","1":"product","2":"type-product","3":"status-publish","4":"has-post-thumbnail","6":"product_cat-essences-absolues","7":"product_cat-essential-oils","8":"product_cat-plantes-huiles-essentielles-living-libations","9":"product_cat-living-libations-france","10":"product_cat-par-marques","11":"product_cat-wellness-fr-2","12":"product_tag-arome","13":"product_tag-flowers-fr","14":"pa_brand-livinglibations-fr","15":"pa_essential-oils-product-type-absolute-essences-fr","16":"pa_essential-oils-product-type-essential-oils-fr","17":"pa_size-5-ml-1-4-jojoba-fr","19":"first","20":"instock","21":"taxable","22":"shipping-taxable","23":"purchasable","24":"product-type-simple"},"bundled_by":[],"bundle_stock_status":"instock","bundle_stock_quantity":1,"bundle_virtual":false,"bundle_layout":"","bundle_add_to_cart_form_location":"","bundle_editable_in_cart":false,"bundle_sold_individually_context":"","bundle_item_grouping":"","bundle_min_size":"","bundle_max_size":"","bundle_price":[],"bundled_items":[],"bundle_sell_ids":[],"atum_controlled":true,"out_stock_date":null,"out_stock_threshold":null,"inheritable":false,"stock_on_hold":1,"sold_today":0,"sales_last_days":0,"out_stock_days":0,"lost_sales":0,"update_date":"2026-04-09T11:40:11","atum_locations":[],"atum_stock_status":"instock","restock_status":false,"low_stock_amount":"","sales_update_date":"2026-04-09T11:40:11","calc_backorders":null,"group_of_quantity":0,"min_quantity":0,"max_quantity":"","exclude_order_quantity_value_rules":"no","exclude_category_quantity_rules":"no","combine_variations":"no","yoast_head":"<!-- This site is optimized with the Yoast SEO Premium plugin v26.5 (Yoast SEO v26.5) - https:\/\/yoast.com\/wordpress\/plugins\/seo\/ -->\n<title>Jonquil Absolute Limited Edition | Living Libations<\/title>\n<meta name=\"description\" content=\"R\u00e9colt\u00e9e \u00e0 l&#039;\u00e9tat sauvage dans les collines et les vall\u00e9es de Provence, il faut plus de 2 500 kilos de fleurs de jonquille fran\u00e7aise pour cr\u00e9er un seul kilo d&#039;absolue de jonquille.\" \/>\n<meta name=\"robots\" content=\"index, follow, max-snippet:-1, max-image-preview:large, max-video-preview:-1\" \/>\n<link rel=\"canonical\" href=\"https:\/\/dutchhealthstore.com\/fr\/product\/jonquil-absolute-limited-edition\/\" \/>\n<meta property=\"og:locale\" content=\"fr_FR\" \/>\n<meta property=\"og:type\" content=\"article\" \/>\n<meta property=\"og:title\" content=\"Jonquil Absolute Limited Edition - Dutch Health Store\" \/>\n<meta property=\"og:description\" content=\"R\u00e9colt\u00e9e \u00e0 l&#039;\u00e9tat sauvage dans les collines et les vall\u00e9es de Provence, il faut plus de 2 500 kilos de fleurs de jonquille fran\u00e7aise pour cr\u00e9er un seul kilo d&#039;absolue de jonquille.\" \/>\n<meta property=\"og:url\" content=\"https:\/\/dutchhealthstore.com\/fr\/product\/jonquil-absolute-limited-edition\/\" \/>\n<meta property=\"og:site_name\" content=\"Dutch Health Store\" \/>\n<meta property=\"article:publisher\" content=\"https:\/\/www.instagram.com\/dutchhealthstore\/\" \/>\n<meta property=\"article:modified_time\" content=\"2023-02-23T09:00:25+00:00\" \/>\n<meta property=\"og:image\" content=\"https:\/\/dutchhealthstore.com\/wp-content\/uploads\/2020\/06\/Living-Libations-jonquil-absolute-limited-edition-e1592900731723.jpg\" \/>\n\t<meta property=\"og:image:width\" content=\"500\" \/>\n\t<meta property=\"og:image:height\" content=\"500\" \/>\n\t<meta property=\"og:image:type\" content=\"image\/jpeg\" \/>\n<meta name=\"twitter:card\" content=\"summary_large_image\" \/>\n<meta name=\"twitter:label1\" content=\"Prix\" \/>\n\t<meta name=\"twitter:data1\" content=\"&euro;68,00\" \/>\n\t<meta name=\"twitter:label2\" content=\"Disponibilit\u00e9\" \/>\n\t<meta name=\"twitter:data2\" content=\"En stock\" \/>\n<script type=\"application\/ld+json\" class=\"yoast-schema-graph\">{\"@context\":\"https:\/\/schema.org\",\"@graph\":[{\"@type\":\"WebPage\",\"@id\":\"https:\/\/dutchhealthstore.com\/fr\/product\/jonquil-absolute-limited-edition\/\",\"url\":\"https:\/\/dutchhealthstore.com\/fr\/product\/jonquil-absolute-limited-edition\/\",\"name\":\"Jonquil Absolute Limited Edition | Living Libations\",\"isPartOf\":{\"@id\":\"https:\/\/dutchhealthstore.com\/fr\/#website\"},\"primaryImageOfPage\":{\"@id\":\"https:\/\/dutchhealthstore.com\/fr\/product\/jonquil-absolute-limited-edition\/#primaryimage\"},\"image\":{\"@id\":\"https:\/\/dutchhealthstore.com\/fr\/product\/jonquil-absolute-limited-edition\/#primaryimage\"},\"thumbnailUrl\":\"https:\/\/dutchhealthstore.com\/wp-content\/uploads\/2020\/06\/Living-Libations-jonquil-absolute-limited-edition-e1592900731723.jpg\",\"datePublished\":\"2020-06-23T08:37:40+00:00\",\"dateModified\":\"2023-02-23T09:00:25+00:00\",\"description\":\"R\u00e9colt\u00e9e \u00e0 l'\u00e9tat sauvage dans les collines et les vall\u00e9es de Provence, il faut plus de 2 500 kilos de fleurs de jonquille fran\u00e7aise pour cr\u00e9er un seul kilo d'absolue de jonquille.\",\"breadcrumb\":{\"@id\":\"https:\/\/dutchhealthstore.com\/fr\/product\/jonquil-absolute-limited-edition\/#breadcrumb\"},\"inLanguage\":\"fr-FR\",\"potentialAction\":[{\"@type\":\"ReadAction\",\"target\":[\"https:\/\/dutchhealthstore.com\/fr\/product\/jonquil-absolute-limited-edition\/\"]}]},{\"@type\":\"ImageObject\",\"inLanguage\":\"fr-FR\",\"@id\":\"https:\/\/dutchhealthstore.com\/fr\/product\/jonquil-absolute-limited-edition\/#primaryimage\",\"url\":\"https:\/\/dutchhealthstore.com\/wp-content\/uploads\/2020\/06\/Living-Libations-jonquil-absolute-limited-edition-e1592900731723.jpg\",\"contentUrl\":\"https:\/\/dutchhealthstore.com\/wp-content\/uploads\/2020\/06\/Living-Libations-jonquil-absolute-limited-edition-e1592900731723.jpg\",\"width\":500,\"height\":500,\"caption\":\"Living Libations jonquil absolute limited edition\"},{\"@type\":\"BreadcrumbList\",\"@id\":\"https:\/\/dutchhealthstore.com\/fr\/product\/jonquil-absolute-limited-edition\/#breadcrumb\",\"itemListElement\":[{\"@type\":\"ListItem\",\"position\":1,\"name\":\"Home\",\"item\":\"https:\/\/dutchhealthstore.com\/fr\/\"},{\"@type\":\"ListItem\",\"position\":2,\"name\":\"Shop\",\"item\":\"https:\/\/dutchhealthstore.com\/fr\/shop\/\"},{\"@type\":\"ListItem\",\"position\":3,\"name\":\"Jonquil Absolute Limited Edition\"}]},{\"@type\":\"WebSite\",\"@id\":\"https:\/\/dutchhealthstore.com\/fr\/#website\",\"url\":\"https:\/\/dutchhealthstore.com\/fr\/\",\"name\":\"Dutch Health Store\",\"description\":\"Enhance Your Beauty with Organic &amp; Natural Skincare\",\"publisher\":{\"@id\":\"https:\/\/dutchhealthstore.com\/fr\/#organization\"},\"potentialAction\":[{\"@type\":\"SearchAction\",\"target\":{\"@type\":\"EntryPoint\",\"urlTemplate\":\"https:\/\/dutchhealthstore.com\/fr\/?s={search_term_string}\"},\"query-input\":{\"@type\":\"PropertyValueSpecification\",\"valueRequired\":true,\"valueName\":\"search_term_string\"}}],\"inLanguage\":\"fr-FR\"},{\"@type\":\"Organization\",\"@id\":\"https:\/\/dutchhealthstore.com\/fr\/#organization\",\"name\":\"Dutch Health Store\",\"url\":\"https:\/\/dutchhealthstore.com\/fr\/\",\"logo\":{\"@type\":\"ImageObject\",\"inLanguage\":\"fr-FR\",\"@id\":\"https:\/\/dutchhealthstore.com\/fr\/#\/schema\/logo\/image\/\",\"url\":\"https:\/\/dutchhealthstore.com\/wp-content\/uploads\/2020\/08\/logo-dutchhealthstore-jpg-e1599484957574.jpg\",\"contentUrl\":\"https:\/\/dutchhealthstore.com\/wp-content\/uploads\/2020\/08\/logo-dutchhealthstore-jpg-e1599484957574.jpg\",\"width\":400,\"height\":62,\"caption\":\"Dutch Health Store\"},\"image\":{\"@id\":\"https:\/\/dutchhealthstore.com\/fr\/#\/schema\/logo\/image\/\"},\"sameAs\":[\"https:\/\/www.instagram.com\/dutchhealthstore\/\",\"https:\/\/www.facebook.com\/dutchhealthstore\"]}]}<\/script>\n<meta property=\"product:brand\" content=\"Living Libations\" \/>\n<meta property=\"product:price:amount\" content=\"68.00\" \/>\n<meta property=\"product:price:currency\" content=\"EUR\" \/>\n<meta property=\"og:availability\" content=\"instock\" \/>\n<meta property=\"product:availability\" content=\"instock\" \/>\n<meta property=\"product:condition\" content=\"new\" \/>\n<!-- \/ Yoast SEO Premium plugin. -->","yoast_head_json":{"title":"Jonquil Absolute Limited Edition | Living Libations","description":"R\u00e9colt\u00e9e \u00e0 l'\u00e9tat sauvage dans les collines et les vall\u00e9es de Provence, il faut plus de 2 500 kilos de fleurs de jonquille fran\u00e7aise pour cr\u00e9er un seul kilo d'absolue de jonquille.","robots":{"index":"index","follow":"follow","max-snippet":"max-snippet:-1","max-image-preview":"max-image-preview:large","max-video-preview":"max-video-preview:-1"},"canonical":"https:\/\/dutchhealthstore.com\/fr\/product\/jonquil-absolute-limited-edition\/","og_locale":"fr_FR","og_type":"article","og_title":"Jonquil Absolute Limited Edition - Dutch Health Store","og_description":"R\u00e9colt\u00e9e \u00e0 l'\u00e9tat sauvage dans les collines et les vall\u00e9es de Provence, il faut plus de 2 500 kilos de fleurs de jonquille fran\u00e7aise pour cr\u00e9er un seul kilo d'absolue de jonquille.","og_url":"https:\/\/dutchhealthstore.com\/fr\/product\/jonquil-absolute-limited-edition\/","og_site_name":"Dutch Health Store","article_publisher":"https:\/\/www.instagram.com\/dutchhealthstore\/","article_modified_time":"2023-02-23T09:00:25+00:00","og_image":[{"width":500,"height":500,"url":"https:\/\/dutchhealthstore.com\/wp-content\/uploads\/2020\/06\/Living-Libations-jonquil-absolute-limited-edition-e1592900731723.jpg","type":"image\/jpeg"}],"twitter_card":"summary_large_image","twitter_misc":{"Prix":"&euro;68,00","Disponibilit\u00e9":"En stock"},"schema":{"@context":"https:\/\/schema.org","@graph":[{"@type":"WebPage","@id":"https:\/\/dutchhealthstore.com\/fr\/product\/jonquil-absolute-limited-edition\/","url":"https:\/\/dutchhealthstore.com\/fr\/product\/jonquil-absolute-limited-edition\/","name":"Jonquil Absolute Limited Edition | Living Libations","isPartOf":{"@id":"https:\/\/dutchhealthstore.com\/fr\/#website"},"primaryImageOfPage":{"@id":"https:\/\/dutchhealthstore.com\/fr\/product\/jonquil-absolute-limited-edition\/#primaryimage"},"image":{"@id":"https:\/\/dutchhealthstore.com\/fr\/product\/jonquil-absolute-limited-edition\/#primaryimage"},"thumbnailUrl":"https:\/\/dutchhealthstore.com\/wp-content\/uploads\/2020\/06\/Living-Libations-jonquil-absolute-limited-edition-e1592900731723.jpg","datePublished":"2020-06-23T08:37:40+00:00","dateModified":"2023-02-23T09:00:25+00:00","description":"R\u00e9colt\u00e9e \u00e0 l'\u00e9tat sauvage dans les collines et les vall\u00e9es de Provence, il faut plus de 2 500 kilos de fleurs de jonquille fran\u00e7aise pour cr\u00e9er un seul kilo d'absolue de jonquille.","breadcrumb":{"@id":"https:\/\/dutchhealthstore.com\/fr\/product\/jonquil-absolute-limited-edition\/#breadcrumb"},"inLanguage":"fr-FR","potentialAction":[{"@type":"ReadAction","target":["https:\/\/dutchhealthstore.com\/fr\/product\/jonquil-absolute-limited-edition\/"]}]},{"@type":"ImageObject","inLanguage":"fr-FR","@id":"https:\/\/dutchhealthstore.com\/fr\/product\/jonquil-absolute-limited-edition\/#primaryimage","url":"https:\/\/dutchhealthstore.com\/wp-content\/uploads\/2020\/06\/Living-Libations-jonquil-absolute-limited-edition-e1592900731723.jpg","contentUrl":"https:\/\/dutchhealthstore.com\/wp-content\/uploads\/2020\/06\/Living-Libations-jonquil-absolute-limited-edition-e1592900731723.jpg","width":500,"height":500,"caption":"Living Libations jonquil absolute limited edition"},{"@type":"BreadcrumbList","@id":"https:\/\/dutchhealthstore.com\/fr\/product\/jonquil-absolute-limited-edition\/#breadcrumb","itemListElement":[{"@type":"ListItem","position":1,"name":"Home","item":"https:\/\/dutchhealthstore.com\/fr\/"},{"@type":"ListItem","position":2,"name":"Shop","item":"https:\/\/dutchhealthstore.com\/fr\/shop\/"},{"@type":"ListItem","position":3,"name":"Jonquil Absolute Limited Edition"}]},{"@type":"WebSite","@id":"https:\/\/dutchhealthstore.com\/fr\/#website","url":"https:\/\/dutchhealthstore.com\/fr\/","name":"Dutch Health Store","description":"Enhance Your Beauty with Organic &amp; Natural Skincare","publisher":{"@id":"https:\/\/dutchhealthstore.com\/fr\/#organization"},"potentialAction":[{"@type":"SearchAction","target":{"@type":"EntryPoint","urlTemplate":"https:\/\/dutchhealthstore.com\/fr\/?s={search_term_string}"},"query-input":{"@type":"PropertyValueSpecification","valueRequired":true,"valueName":"search_term_string"}}],"inLanguage":"fr-FR"},{"@type":"Organization","@id":"https:\/\/dutchhealthstore.com\/fr\/#organization","name":"Dutch Health Store","url":"https:\/\/dutchhealthstore.com\/fr\/","logo":{"@type":"ImageObject","inLanguage":"fr-FR","@id":"https:\/\/dutchhealthstore.com\/fr\/#\/schema\/logo\/image\/","url":"https:\/\/dutchhealthstore.com\/wp-content\/uploads\/2020\/08\/logo-dutchhealthstore-jpg-e1599484957574.jpg","contentUrl":"https:\/\/dutchhealthstore.com\/wp-content\/uploads\/2020\/08\/logo-dutchhealthstore-jpg-e1599484957574.jpg","width":400,"height":62,"caption":"Dutch Health Store"},"image":{"@id":"https:\/\/dutchhealthstore.com\/fr\/#\/schema\/logo\/image\/"},"sameAs":["https:\/\/www.instagram.com\/dutchhealthstore\/","https:\/\/www.facebook.com\/dutchhealthstore"]}]},"product_brand":"Living Libations","product_price_amount":"68.00","product_price_currency":"EUR","og_availability":"instock","product_availability":"instock","product_condition":"new"},"_links":{"self":[{"href":"https:\/\/dutchhealthstore.com\/fr\/wp-json\/wp\/v2\/product\/119392","targetHints":{"allow":["GET"]}}],"collection":[{"href":"https:\/\/dutchhealthstore.com\/fr\/wp-json\/wp\/v2\/product"}],"about":[{"href":"https:\/\/dutchhealthstore.com\/fr\/wp-json\/wp\/v2\/types\/product"}],"replies":[{"embeddable":true,"href":"https:\/\/dutchhealthstore.com\/fr\/wp-json\/wp\/v2\/comments?post=119392"}],"wp:featuredmedia":[{"embeddable":true,"href":"https:\/\/dutchhealthstore.com\/fr\/wp-json\/wp\/v2\/media\/108565"}],"wp:attachment":[{"href":"https:\/\/dutchhealthstore.com\/fr\/wp-json\/wp\/v2\/media?parent=119392"}],"wp:term":[{"taxonomy":"product_brand","embeddable":true,"href":"https:\/\/dutchhealthstore.com\/fr\/wp-json\/wp\/v2\/product_brand?post=119392"},{"taxonomy":"product_cat","embeddable":true,"href":"https:\/\/dutchhealthstore.com\/fr\/wp-json\/wp\/v2\/product_cat?post=119392"},{"taxonomy":"product_tag","embeddable":true,"href":"https:\/\/dutchhealthstore.com\/fr\/wp-json\/wp\/v2\/product_tag?post=119392"}],"curies":[{"name":"wp","href":"https:\/\/api.w.org\/{rel}","templated":true}]}}