{"id":119331,"date":"2018-05-28T12:32:13","date_gmt":"2018-05-28T10:32:13","guid":{"rendered":"https:\/\/dutchhealthstore.com\/product\/jasmine-sambac-absolute\/"},"modified":"2024-07-18T10:28:35","modified_gmt":"2024-07-18T08:28:35","slug":"jasmine-sambac-absolute","status":"publish","type":"product","link":"https:\/\/dutchhealthstore.com\/fr\/product\/jasmine-sambac-absolute\/","title":{"rendered":"Jasmine Sambac Absolute"},"content":{"rendered":"<p><img decoding=\"async\" class=\"size-full wp-image-69549 alignright\" src=\"https:\/\/dutchhealthstore.com\/wp-content\/uploads\/2019\/08\/NEW-Living-Libations-Logo.jpg\" alt=\"NEW - Living Libations - Logo\" width=\"175\" height=\"82\"><strong>Nom botanique:<\/strong> Jasminum sambac<br \/>\n<strong>Famille botanique :<\/strong> Oleaceae<br \/>\n<strong>M\u00e9thode d&rsquo;extraction :<\/strong> Absolue<br \/>\n<strong>Partie de la plante distill\u00e9e :<\/strong> Fleurs<br \/>\n<strong>Pays d&rsquo;origine :<\/strong> Inde<br \/>\n<strong>M\u00e9thode de culture :<\/strong> Sauvage<br \/>\n<strong>Composition:<\/strong> 100 % Jasminum sambac<br \/>\n<strong>Consistance :<\/strong> Viscosit\u00e9 moyenne<\/p>\n<h3>Description de l&rsquo;odeur<\/h3>\n<p>Un premier r\u00e9veil d&rsquo;indole rougeoyant embrasse des fleurs miell\u00e9es et des feuilles de th\u00e9. Riche et subtilement sucr\u00e9 avec une \u00e9nergie robuste et \u00e9panouie.<\/p>\n<h3>Dans Living Libations<\/h3>\n<p>Vol de nuit vers V\u00e9nus, Abondance somptueuse, Beurre d&rsquo;amour languissant et Parfum de gard\u00e9nia.<\/p>\n<h3>Se marie bien avec<\/h3>\n<p>Jasmin Grandiflorum, Vanille, Ylang, Santal, Bergamote, Citron, Osmanthus, Gardenia, Nard, V\u00e9tiver, \u0152illet, N\u00e9roli, Champa, Camomille, Orange sanguine, Pamplemousse, Citron vert, Fragonia, et Myrte \u00e0 miel.<\/p>\n<a href=\"https:\/\/dutchhealthstore.com\/wp-content\/uploads\/2018\/05\/ANALYSIS-Jasmine-sambac-Absolute-Living-Libations.pdf\" class=\"button primary is-primary is-small\"  >\n\t\t<span>ANALYSE DES HUILES ESSENTIELLES &gt;<\/span>\n\t<\/a>\n\n<h3>Utilisations<\/h3>\n<p>Aromath\u00e9rapie. Parfumerie. Inspire le d\u00e9sir. Magnifique dans les bains.<\/p>\n<p>Une chose d\u00e9licate et complexe peut-elle aussi \u00eatre forte et imp\u00e9n\u00e9trable? Le masculin et le f\u00e9minin peuvent-ils danser c\u00f4te \u00e0 c\u00f4te en harmonie? Les t\u00e9n\u00e8bres de la nuit laisseront-elles place aux rayons chatoyants de l&rsquo;aube? Le parfum riche et myst\u00e9rieux de l&rsquo;absolu de jasmin Sambac r\u00e9pond \u00e0 ces questions par \u00ab\u00a0oui, oui, mille fois oui\u00a0\u00bb.<\/p>\n<p>La force sensuelle du Jasmin Sambac s&rsquo;\u00e9panouit dans la nuit, s&rsquo;abreuvant du nectar ros\u00e9 des \u00e9toiles. Ce floral riche et complexe est un ar\u00f4me amoureux utilis\u00e9 pour cr\u00e9er des parfums doux, verts, mielleux et des m\u00e9langes de fleurs de nuit. L&rsquo;absolue est fabriqu\u00e9e de mani\u00e8re sauvage en Inde, o\u00f9 des milliers de fleurs sont soigneusement collect\u00e9es pendant la nuit. Chaque fleur doit \u00eatre manipul\u00e9e avec le plus grand soin; une fleur meurtrie ou endommag\u00e9e ne peut \u00eatre utilis\u00e9e dans la distillation, car on pense qu&rsquo;une fleur endommag\u00e9e produit un ar\u00f4me impur. Il faut des milliers de fleurs de Jasmin Sambac pour cr\u00e9er un seul millim\u00e8tre d&rsquo;huile.<\/p>\n<p>Jasmine Sambac Absolute est une huile de l&rsquo;esprit. Il s&rsquo;agit d&rsquo;un jus d&rsquo;\u00e2me connu pour inspirer des sentiments d&rsquo;amour et de joie euphoriques. Il a une affinit\u00e9 particuli\u00e8re avec la communion spirituelle et l&rsquo;amour romantique, et peut \u00eatre utilis\u00e9 pour favoriser des liens plus profonds avec votre partenaire.<\/p>\n<p><strong>Taille : 5 ml<\/strong><\/p>\n<h3>Ingr\u00e9dients biologiques<\/h3>\n<p>l&rsquo;absolue de jasmin sambac (Jasminum sambac).<\/p>\n<p style=\"text-align: center;\"><em>\u00ab\u00a0Aux Philippines, J. sambac est traditionnellement appel\u00e9 Sampaguita, ce qui signifie \u00ab\u00a0Je te promets\u00a0\u00bb. Sa fleur est un symbole de fid\u00e9lit\u00e9, de puret\u00e9 et d&rsquo;amour \u00e9ternel. C&rsquo;est la fleur nationale du pays et elle est consid\u00e9r\u00e9e comme un symbole d&rsquo;honneur et de dignit\u00e9. Les fleurs de jasmin sambac sont une riche source d&rsquo;huile essentielle.\u00a0\u00bb<\/em><br \/>\n~ Victor R. Preedy, <strong>Essential Oils in Food Preservation, Flavor and Safety<\/strong><\/p>\n<p style=\"text-align: center;\"><em>\u00ab\u00a0Des timides bourgeons de jasmin, qui gardent leurs odeurs pour eux toute la journ\u00e9e,<\/em><br \/>\n<em>Mais quand la lumi\u00e8re du soleil dispara\u00eet, laissez leur d\u00e9licieux secret s&rsquo;\u00e9bruiter.\u00a0\u00bb<\/em><br \/>\n~ Ancien po\u00e8me hindou<\/p>\n<p style=\"text-align: center;\"><em>\u00ab\u00a0Le jasmin conf\u00e8re de la douceur et donne vie \u00e0 la cr\u00e9ation du parfumeur&#8230; Le parfum du jasmin est un secret qui \u00e9chappe \u00e0 l&rsquo;habilet\u00e9 du chimiste qui voudrait le reproduire synth\u00e9tiquement. Il y a quelques ann\u00e9es, Joris Karl Huysmans, dans son livre \u00e9sot\u00e9rique \u00ab\u00a0Against All Grain\u00a0\u00bb, parlait des fleurs et de leurs parfums, tenant l&rsquo;inimitable jasmin dans la plus grande v\u00e9n\u00e9ration car il affirmait qu&rsquo;il ne pouvait \u00eatre contrefait.\u00a0\u00bb<\/em><br \/>\n~ Jill Jesse, <strong>Perfume Album<\/strong><\/p>\n<p style=\"text-align: center;\"><em>\u00ab\u00a0L&rsquo;absolu de jasmin a plus de 100 constituants, mais il est domin\u00e9 par des esters aromatiquesnaturel, botaniques] tels que l&rsquo;ac\u00e9tate de benzyle, le jasmonate de m\u00e9thyle et l&rsquo;anthranilate de m\u00e9thyle, et le benzoate de benzyle. Les alcools monoterp\u00e9no\u00efdes tels que le linalol sont pr\u00e9sents, tout comme les alcools aromatiques, tels que l&rsquo;alcool benzylique et le sesquiterp\u00e9nol farn\u00e9sol&#8230; L&rsquo;ar\u00f4me varie en fonction de sa source, mais il est typiquement floral, fruit\u00e9, lourd et animal avec un ass\u00e8chement cireux et \u00e9pic\u00e9\u00a0\u00bb.<\/em><br \/>\n~ Jennifer Peace Rhind, <strong>Essential Oils<\/strong><\/p>\n<p><img fetchpriority=\"high\" decoding=\"async\" class=\"size-full wp-image-31577 aligncenter\" src=\"https:\/\/dutchhealthstore.com\/wp-content\/uploads\/2018\/03\/organic_big.png\" alt=\"Organic and Natural - Living Libations\" width=\"623\" height=\"103\" srcset=\"https:\/\/dutchhealthstore.com\/wp-content\/uploads\/2018\/03\/organic_big.png 623w, https:\/\/dutchhealthstore.com\/wp-content\/uploads\/2018\/03\/organic_big-510x84.png 510w, https:\/\/dutchhealthstore.com\/wp-content\/uploads\/2018\/03\/organic_big-600x99.png 600w, https:\/\/dutchhealthstore.com\/wp-content\/uploads\/2018\/03\/organic_big-350x58.png 350w\" sizes=\"(max-width: 623px) 100vw, 623px\" \/><\/p>\n","protected":false},"excerpt":{"rendered":"<p>Living Libations <strong>Jasmine Sambac Absolute<\/strong> est fabriqu\u00e9 \u00e0 l&rsquo;\u00e9tat sauvage en Inde, tir\u00e9 des profondeurs parfum\u00e9es des fleurs de jasmin sambac \u00e0 floraison nocturne.<br \/>\nContrairement au <i>jasmin grandiflorum<\/i>, qui ouvre ses p\u00e9tales \u00e0 l&rsquo;aube, le jasmin Sambac communie avec le myst\u00e8re de la lune et des \u00e9toiles, capturant l&rsquo;essence parfum\u00e9e de la nuit de velours.<\/p>\n","protected":false},"featured_media":113552,"comment_status":"open","ping_status":"closed","template":"","meta":[],"product_brand":[],"product_cat":[3754,1507,6734,1211,1209,1010,6733],"product_tag":[4495],"class_list":{"0":"post-119331","1":"product","2":"type-product","3":"status-publish","4":"has-post-thumbnail","6":"product_cat-essences-absolues","7":"product_cat-plantes-huiles-essentielles-living-libations","8":"product_cat-essential-oils","9":"product_cat-living-libations-france","10":"product_cat-par-marques","11":"product_cat-notre-boutique","12":"product_cat-wellness-fr-2","13":"product_tag-essential-oil-fr","14":"pa_brand-livinglibations-fr","15":"pa_essential-oils-product-type-absolute-essences-fr","16":"pa_essential-oils-product-type-essential-oils-fr","17":"pa_size-5-ml-fr","19":"first","20":"instock","21":"taxable","22":"shipping-taxable","23":"purchasable","24":"product-type-simple"},"bundled_by":[],"bundle_stock_status":"instock","bundle_stock_quantity":1,"bundle_virtual":false,"bundle_layout":"","bundle_add_to_cart_form_location":"","bundle_editable_in_cart":false,"bundle_sold_individually_context":"","bundle_item_grouping":"","bundle_min_size":"","bundle_max_size":"","bundle_price":[],"bundled_items":[],"bundle_sell_ids":[],"atum_controlled":true,"out_stock_date":null,"out_stock_threshold":null,"inheritable":false,"stock_on_hold":0,"sold_today":0,"sales_last_days":0,"out_stock_days":0,"lost_sales":0,"update_date":"2026-04-30T12:04:38","atum_locations":[],"atum_stock_status":"instock","restock_status":false,"low_stock_amount":"","sales_update_date":"2026-04-30T12:04:38","calc_backorders":null,"group_of_quantity":0,"min_quantity":0,"max_quantity":"","exclude_order_quantity_value_rules":"no","exclude_category_quantity_rules":"no","combine_variations":"no","yoast_head":"<!-- This site is optimized with the Yoast SEO Premium plugin v26.5 (Yoast SEO v26.5) - https:\/\/yoast.com\/wordpress\/plugins\/seo\/ -->\n<title>Jasmine Sambac Absolute | Living Libations<\/title>\n<meta name=\"description\" content=\"Living Libations Jasmine Sambac Absolute est fabriqu\u00e9 \u00e0 l&#039;\u00e9tat sauvage en Inde, puis\u00e9 dans les profondeurs parfum\u00e9es des fleurs de jasmin sambac \u00e0 floraison nocturne.\" \/>\n<meta name=\"robots\" content=\"index, follow, max-snippet:-1, max-image-preview:large, max-video-preview:-1\" \/>\n<link rel=\"canonical\" href=\"https:\/\/dutchhealthstore.com\/fr\/product\/jasmine-sambac-absolute\/\" \/>\n<meta property=\"og:locale\" content=\"fr_FR\" \/>\n<meta property=\"og:type\" content=\"article\" \/>\n<meta property=\"og:title\" content=\"Jasmine Sambac Absolute - Dutch Health Store\" \/>\n<meta property=\"og:description\" content=\"Living Libations Jasmine Sambac Absolute est fabriqu\u00e9 \u00e0 l&#039;\u00e9tat sauvage en Inde, puis\u00e9 dans les profondeurs parfum\u00e9es des fleurs de jasmin sambac \u00e0 floraison nocturne.\" \/>\n<meta property=\"og:url\" content=\"https:\/\/dutchhealthstore.com\/fr\/product\/jasmine-sambac-absolute\/\" \/>\n<meta property=\"og:site_name\" content=\"Dutch Health Store\" \/>\n<meta property=\"article:publisher\" content=\"https:\/\/www.instagram.com\/dutchhealthstore\/\" \/>\n<meta property=\"article:modified_time\" content=\"2024-07-18T08:28:35+00:00\" \/>\n<meta property=\"og:image\" content=\"https:\/\/dutchhealthstore.com\/wp-content\/uploads\/2018\/05\/Living-Libations-Jasmine-Sambac-Absolute-1-e1594718087974.jpg\" \/>\n\t<meta property=\"og:image:width\" content=\"500\" \/>\n\t<meta property=\"og:image:height\" content=\"500\" \/>\n\t<meta property=\"og:image:type\" content=\"image\/jpeg\" \/>\n<meta name=\"twitter:card\" content=\"summary_large_image\" \/>\n<meta name=\"twitter:label1\" content=\"Prix\" \/>\n\t<meta name=\"twitter:data1\" content=\"&euro;110,00\" \/>\n\t<meta name=\"twitter:label2\" content=\"Disponibilit\u00e9\" \/>\n\t<meta name=\"twitter:data2\" content=\"En stock\" \/>\n<script type=\"application\/ld+json\" class=\"yoast-schema-graph\">{\"@context\":\"https:\/\/schema.org\",\"@graph\":[{\"@type\":\"WebPage\",\"@id\":\"https:\/\/dutchhealthstore.com\/fr\/product\/jasmine-sambac-absolute\/\",\"url\":\"https:\/\/dutchhealthstore.com\/fr\/product\/jasmine-sambac-absolute\/\",\"name\":\"Jasmine Sambac Absolute | Living Libations\",\"isPartOf\":{\"@id\":\"https:\/\/dutchhealthstore.com\/fr\/#website\"},\"primaryImageOfPage\":{\"@id\":\"https:\/\/dutchhealthstore.com\/fr\/product\/jasmine-sambac-absolute\/#primaryimage\"},\"image\":{\"@id\":\"https:\/\/dutchhealthstore.com\/fr\/product\/jasmine-sambac-absolute\/#primaryimage\"},\"thumbnailUrl\":\"https:\/\/dutchhealthstore.com\/wp-content\/uploads\/2018\/05\/Living-Libations-Jasmine-Sambac-Absolute-1-e1594718087974.jpg\",\"datePublished\":\"2018-05-28T10:32:13+00:00\",\"dateModified\":\"2024-07-18T08:28:35+00:00\",\"description\":\"Living Libations Jasmine Sambac Absolute est fabriqu\u00e9 \u00e0 l'\u00e9tat sauvage en Inde, puis\u00e9 dans les profondeurs parfum\u00e9es des fleurs de jasmin sambac \u00e0 floraison nocturne.\",\"breadcrumb\":{\"@id\":\"https:\/\/dutchhealthstore.com\/fr\/product\/jasmine-sambac-absolute\/#breadcrumb\"},\"inLanguage\":\"fr-FR\",\"potentialAction\":[{\"@type\":\"ReadAction\",\"target\":[\"https:\/\/dutchhealthstore.com\/fr\/product\/jasmine-sambac-absolute\/\"]}]},{\"@type\":\"ImageObject\",\"inLanguage\":\"fr-FR\",\"@id\":\"https:\/\/dutchhealthstore.com\/fr\/product\/jasmine-sambac-absolute\/#primaryimage\",\"url\":\"https:\/\/dutchhealthstore.com\/wp-content\/uploads\/2018\/05\/Living-Libations-Jasmine-Sambac-Absolute-1-e1594718087974.jpg\",\"contentUrl\":\"https:\/\/dutchhealthstore.com\/wp-content\/uploads\/2018\/05\/Living-Libations-Jasmine-Sambac-Absolute-1-e1594718087974.jpg\",\"width\":500,\"height\":500},{\"@type\":\"BreadcrumbList\",\"@id\":\"https:\/\/dutchhealthstore.com\/fr\/product\/jasmine-sambac-absolute\/#breadcrumb\",\"itemListElement\":[{\"@type\":\"ListItem\",\"position\":1,\"name\":\"Home\",\"item\":\"https:\/\/dutchhealthstore.com\/fr\/\"},{\"@type\":\"ListItem\",\"position\":2,\"name\":\"Shop\",\"item\":\"https:\/\/dutchhealthstore.com\/fr\/shop\/\"},{\"@type\":\"ListItem\",\"position\":3,\"name\":\"Jasmine Sambac Absolute\"}]},{\"@type\":\"WebSite\",\"@id\":\"https:\/\/dutchhealthstore.com\/fr\/#website\",\"url\":\"https:\/\/dutchhealthstore.com\/fr\/\",\"name\":\"Dutch Health Store\",\"description\":\"Enhance Your Beauty with Organic &amp; Natural Skincare\",\"publisher\":{\"@id\":\"https:\/\/dutchhealthstore.com\/fr\/#organization\"},\"potentialAction\":[{\"@type\":\"SearchAction\",\"target\":{\"@type\":\"EntryPoint\",\"urlTemplate\":\"https:\/\/dutchhealthstore.com\/fr\/?s={search_term_string}\"},\"query-input\":{\"@type\":\"PropertyValueSpecification\",\"valueRequired\":true,\"valueName\":\"search_term_string\"}}],\"inLanguage\":\"fr-FR\"},{\"@type\":\"Organization\",\"@id\":\"https:\/\/dutchhealthstore.com\/fr\/#organization\",\"name\":\"Dutch Health Store\",\"url\":\"https:\/\/dutchhealthstore.com\/fr\/\",\"logo\":{\"@type\":\"ImageObject\",\"inLanguage\":\"fr-FR\",\"@id\":\"https:\/\/dutchhealthstore.com\/fr\/#\/schema\/logo\/image\/\",\"url\":\"https:\/\/dutchhealthstore.com\/wp-content\/uploads\/2020\/08\/logo-dutchhealthstore-jpg-e1599484957574.jpg\",\"contentUrl\":\"https:\/\/dutchhealthstore.com\/wp-content\/uploads\/2020\/08\/logo-dutchhealthstore-jpg-e1599484957574.jpg\",\"width\":400,\"height\":62,\"caption\":\"Dutch Health Store\"},\"image\":{\"@id\":\"https:\/\/dutchhealthstore.com\/fr\/#\/schema\/logo\/image\/\"},\"sameAs\":[\"https:\/\/www.instagram.com\/dutchhealthstore\/\",\"https:\/\/www.facebook.com\/dutchhealthstore\"]}]}<\/script>\n<meta property=\"product:brand\" content=\"Living Libations\" \/>\n<meta property=\"product:price:amount\" content=\"110.00\" \/>\n<meta property=\"product:price:currency\" content=\"EUR\" \/>\n<meta property=\"og:availability\" content=\"instock\" \/>\n<meta property=\"product:availability\" content=\"instock\" \/>\n<meta property=\"product:condition\" content=\"new\" \/>\n<!-- \/ Yoast SEO Premium plugin. -->","yoast_head_json":{"title":"Jasmine Sambac Absolute | Living Libations","description":"Living Libations Jasmine Sambac Absolute est fabriqu\u00e9 \u00e0 l'\u00e9tat sauvage en Inde, puis\u00e9 dans les profondeurs parfum\u00e9es des fleurs de jasmin sambac \u00e0 floraison nocturne.","robots":{"index":"index","follow":"follow","max-snippet":"max-snippet:-1","max-image-preview":"max-image-preview:large","max-video-preview":"max-video-preview:-1"},"canonical":"https:\/\/dutchhealthstore.com\/fr\/product\/jasmine-sambac-absolute\/","og_locale":"fr_FR","og_type":"article","og_title":"Jasmine Sambac Absolute - Dutch Health Store","og_description":"Living Libations Jasmine Sambac Absolute est fabriqu\u00e9 \u00e0 l'\u00e9tat sauvage en Inde, puis\u00e9 dans les profondeurs parfum\u00e9es des fleurs de jasmin sambac \u00e0 floraison nocturne.","og_url":"https:\/\/dutchhealthstore.com\/fr\/product\/jasmine-sambac-absolute\/","og_site_name":"Dutch Health Store","article_publisher":"https:\/\/www.instagram.com\/dutchhealthstore\/","article_modified_time":"2024-07-18T08:28:35+00:00","og_image":[{"width":500,"height":500,"url":"https:\/\/dutchhealthstore.com\/wp-content\/uploads\/2018\/05\/Living-Libations-Jasmine-Sambac-Absolute-1-e1594718087974.jpg","type":"image\/jpeg"}],"twitter_card":"summary_large_image","twitter_misc":{"Prix":"&euro;110,00","Disponibilit\u00e9":"En stock"},"schema":{"@context":"https:\/\/schema.org","@graph":[{"@type":"WebPage","@id":"https:\/\/dutchhealthstore.com\/fr\/product\/jasmine-sambac-absolute\/","url":"https:\/\/dutchhealthstore.com\/fr\/product\/jasmine-sambac-absolute\/","name":"Jasmine Sambac Absolute | Living Libations","isPartOf":{"@id":"https:\/\/dutchhealthstore.com\/fr\/#website"},"primaryImageOfPage":{"@id":"https:\/\/dutchhealthstore.com\/fr\/product\/jasmine-sambac-absolute\/#primaryimage"},"image":{"@id":"https:\/\/dutchhealthstore.com\/fr\/product\/jasmine-sambac-absolute\/#primaryimage"},"thumbnailUrl":"https:\/\/dutchhealthstore.com\/wp-content\/uploads\/2018\/05\/Living-Libations-Jasmine-Sambac-Absolute-1-e1594718087974.jpg","datePublished":"2018-05-28T10:32:13+00:00","dateModified":"2024-07-18T08:28:35+00:00","description":"Living Libations Jasmine Sambac Absolute est fabriqu\u00e9 \u00e0 l'\u00e9tat sauvage en Inde, puis\u00e9 dans les profondeurs parfum\u00e9es des fleurs de jasmin sambac \u00e0 floraison nocturne.","breadcrumb":{"@id":"https:\/\/dutchhealthstore.com\/fr\/product\/jasmine-sambac-absolute\/#breadcrumb"},"inLanguage":"fr-FR","potentialAction":[{"@type":"ReadAction","target":["https:\/\/dutchhealthstore.com\/fr\/product\/jasmine-sambac-absolute\/"]}]},{"@type":"ImageObject","inLanguage":"fr-FR","@id":"https:\/\/dutchhealthstore.com\/fr\/product\/jasmine-sambac-absolute\/#primaryimage","url":"https:\/\/dutchhealthstore.com\/wp-content\/uploads\/2018\/05\/Living-Libations-Jasmine-Sambac-Absolute-1-e1594718087974.jpg","contentUrl":"https:\/\/dutchhealthstore.com\/wp-content\/uploads\/2018\/05\/Living-Libations-Jasmine-Sambac-Absolute-1-e1594718087974.jpg","width":500,"height":500},{"@type":"BreadcrumbList","@id":"https:\/\/dutchhealthstore.com\/fr\/product\/jasmine-sambac-absolute\/#breadcrumb","itemListElement":[{"@type":"ListItem","position":1,"name":"Home","item":"https:\/\/dutchhealthstore.com\/fr\/"},{"@type":"ListItem","position":2,"name":"Shop","item":"https:\/\/dutchhealthstore.com\/fr\/shop\/"},{"@type":"ListItem","position":3,"name":"Jasmine Sambac Absolute"}]},{"@type":"WebSite","@id":"https:\/\/dutchhealthstore.com\/fr\/#website","url":"https:\/\/dutchhealthstore.com\/fr\/","name":"Dutch Health Store","description":"Enhance Your Beauty with Organic &amp; Natural Skincare","publisher":{"@id":"https:\/\/dutchhealthstore.com\/fr\/#organization"},"potentialAction":[{"@type":"SearchAction","target":{"@type":"EntryPoint","urlTemplate":"https:\/\/dutchhealthstore.com\/fr\/?s={search_term_string}"},"query-input":{"@type":"PropertyValueSpecification","valueRequired":true,"valueName":"search_term_string"}}],"inLanguage":"fr-FR"},{"@type":"Organization","@id":"https:\/\/dutchhealthstore.com\/fr\/#organization","name":"Dutch Health Store","url":"https:\/\/dutchhealthstore.com\/fr\/","logo":{"@type":"ImageObject","inLanguage":"fr-FR","@id":"https:\/\/dutchhealthstore.com\/fr\/#\/schema\/logo\/image\/","url":"https:\/\/dutchhealthstore.com\/wp-content\/uploads\/2020\/08\/logo-dutchhealthstore-jpg-e1599484957574.jpg","contentUrl":"https:\/\/dutchhealthstore.com\/wp-content\/uploads\/2020\/08\/logo-dutchhealthstore-jpg-e1599484957574.jpg","width":400,"height":62,"caption":"Dutch Health Store"},"image":{"@id":"https:\/\/dutchhealthstore.com\/fr\/#\/schema\/logo\/image\/"},"sameAs":["https:\/\/www.instagram.com\/dutchhealthstore\/","https:\/\/www.facebook.com\/dutchhealthstore"]}]},"product_brand":"Living Libations","product_price_amount":"110.00","product_price_currency":"EUR","og_availability":"instock","product_availability":"instock","product_condition":"new"},"_links":{"self":[{"href":"https:\/\/dutchhealthstore.com\/fr\/wp-json\/wp\/v2\/product\/119331","targetHints":{"allow":["GET"]}}],"collection":[{"href":"https:\/\/dutchhealthstore.com\/fr\/wp-json\/wp\/v2\/product"}],"about":[{"href":"https:\/\/dutchhealthstore.com\/fr\/wp-json\/wp\/v2\/types\/product"}],"replies":[{"embeddable":true,"href":"https:\/\/dutchhealthstore.com\/fr\/wp-json\/wp\/v2\/comments?post=119331"}],"wp:featuredmedia":[{"embeddable":true,"href":"https:\/\/dutchhealthstore.com\/fr\/wp-json\/wp\/v2\/media\/113552"}],"wp:attachment":[{"href":"https:\/\/dutchhealthstore.com\/fr\/wp-json\/wp\/v2\/media?parent=119331"}],"wp:term":[{"taxonomy":"product_brand","embeddable":true,"href":"https:\/\/dutchhealthstore.com\/fr\/wp-json\/wp\/v2\/product_brand?post=119331"},{"taxonomy":"product_cat","embeddable":true,"href":"https:\/\/dutchhealthstore.com\/fr\/wp-json\/wp\/v2\/product_cat?post=119331"},{"taxonomy":"product_tag","embeddable":true,"href":"https:\/\/dutchhealthstore.com\/fr\/wp-json\/wp\/v2\/product_tag?post=119331"}],"curies":[{"name":"wp","href":"https:\/\/api.w.org\/{rel}","templated":true}]}}