{"id":119282,"date":"2020-06-23T13:55:57","date_gmt":"2020-06-23T11:55:57","guid":{"rendered":"https:\/\/dutchhealthstore.com\/product\/inula-essential-oil\/"},"modified":"2024-08-07T15:10:50","modified_gmt":"2024-08-07T13:10:50","slug":"inula-essential-oil","status":"publish","type":"product","link":"https:\/\/dutchhealthstore.com\/fr\/product\/inula-essential-oil\/","title":{"rendered":"Inula Essential Oil"},"content":{"rendered":"<p><img decoding=\"async\" class=\"size-full wp-image-69549 alignright\" src=\"https:\/\/dutchhealthstore.com\/wp-content\/uploads\/2019\/08\/NEW-Living-Libations-Logo.jpg\" alt=\"NEW - Living Libations - Logo\" width=\"175\" height=\"82\"><strong>Nom botanique :<\/strong> Inula graveolens  <strong>Famille botanique :<\/strong> Asteraceae  <strong>M\u00e9thode d&rsquo;extraction :<\/strong> Distillation \u00e0 la vapeur  <strong>Partie de la plante distill\u00e9e :<\/strong> Fleurs  <strong>Pays d&rsquo;origine :<\/strong>  Corse  <strong>M\u00e9thode de culture :<\/strong>  Biologique  <strong>Composition :<\/strong>  100 % Inula graveolens  <strong>Coh\u00e9rence :<\/strong>  Viscosit\u00e9 fine  <\/p>\n<h3>Description de l&rsquo;odeur<\/h3>\n<p>  Riche floral \u00e9lectrique-herbac\u00e9 avec des notes excitantes de cin\u00e9ol.  <\/p>\n<h3>Dans Living Libations<\/h3>\n<p>  M\u00e9lange Revive Alive  <\/p>\n<h3>Se marie bien avec<\/h3>\n<p>  Encens, romarin, rose otto, hysope, myrte citronn\u00e9, immortelle, eucalyptus, thym doux, achill\u00e9e, ravensara, fenouil, sapin blanc, marjolaine et pamplemousse.  <\/p>\n<h3>Utilisations<\/h3>\n<p>  D\u00e9congestionne l&rsquo;esprit. Tonique pour la peau. Diffusez ou massez sur la poitrine pour inspirer une respiration profonde. Indispensable pour les inhalateurs et les diffuseurs de sel, notamment pour le bien-\u00eatre en hiver. Parfait pour les bains. Rafra\u00eechit l&rsquo;haleine.  <\/p>\n<h3>Constituants<\/h3>\n<p>  Compos\u00e9 d&rsquo;esters (ac\u00e9tate de bornyle 50%) et de lactones sesquiterp\u00e9niques.<\/p>\n<a href=\"https:\/\/dutchhealthstore.com\/wp-content\/uploads\/2020\/06\/ANALYSIS-Inula-Essential-Oil-Living-Libations-3.pdf\" class=\"button primary is-primary is-small\"  >\n\t\t<span>ANALYSE DES HUILES ESSENTIELLES &gt;<\/span>\n\t<\/a>\n\n<p>Notre Inula Essential Oil invitante est un magnifique bijou d&rsquo;une essence qui est indispensable dans sa capacit\u00e9 \u00e0 susciter la clart\u00e9, le calme et les voies respiratoires. Inula fait fondre les muscles, dilate le c\u0153ur et inspire une respiration profonde. Il r\u00e9v\u00e8le son immense essence intense d\u00e8s la premi\u00e8re inspiration. Il est \u00e9l\u00e9gant \u00e0 inhaler dans un diffuseur, comme baume pour la poitrine, et dans notre pipe \u00e0 sel.  <strong>Taille : 5 ml, 15 ml et 30 ml<\/strong><\/p>\n<h3>Ingr\u00e9dients Biologiques<\/h3>\n<p>  100% d&rsquo;huile essentielle d&rsquo;inule (Inula graveolens).  <\/p>\n<p style=\"text-align: center;\"><em>\u00ab\u00a0Plante vivace avec une tige de trois \u00e0 quatre pieds de haut, de grandes feuilles en dents de scie se r\u00e9tr\u00e9cissant en un p\u00e9doncule et de grandes t\u00eates de fleurs jaunes. Les fleurs ont un go\u00fbt aromatique semblable \u00e0 celui du camphre, d\u00fb \u00e0 la pr\u00e9sence d&rsquo;une substance cristalline appel\u00e9e h\u00e9l\u00e9nine, dont la constitution chimique est proche de celle de la kr\u00e9osote. Elle contient \u00e9galement une quantit\u00e9 de mati\u00e8re amylac\u00e9e, appel\u00e9e Inuline, qui diff\u00e8re de l&rsquo;amidon ordinaire en ce qu&rsquo;elle est color\u00e9e en jaune par l&rsquo;iode\u00a0\u00bb.<\/em> ~ Dioscoride, <strong>1er si\u00e8cle apr\u00e8s J.-C.<\/strong><\/p>\n<p style=\"text-align: center;\"><em>\u00ab\u00a0Inula graveolens ne se trouve g\u00e9n\u00e9ralement que sur le march\u00e9 fran\u00e7ais de l&rsquo;aromath\u00e9rapie, et encore, \u00e0 un prix tr\u00e8s \u00e9lev\u00e9 et seulement les ann\u00e9es de tr\u00e8s bonne r\u00e9colte&#8230; Elle est si efficace qu&rsquo;une famille de quatre personnes l&rsquo;utilisant correctement n&rsquo;aura certainement pas besoin de plus de 5 millilitres par an&#8230; La meilleure m\u00e9thode d&rsquo;utilisation est dans un diffuseur la nuit&#8230; Sinon, on peut tout \u00e0 fait mettre une goutte sur l&rsquo;oreiller\u00a0\u00bb.<\/em> ~ Kurt Schnaubelt, <strong>Aromath\u00e9rapie avanc\u00e9e<\/strong><\/p>\n<p><img fetchpriority=\"high\" decoding=\"async\" class=\"size-medium wp-image-68103 aligncenter\" src=\"https:\/\/dutchhealthstore.com\/wp-content\/uploads\/2018\/02\/Living-Libations-Organic-Logo-800x89.png\" alt=\"Living Libations - Organic Logo\" width=\"800\" height=\"89\" srcset=\"https:\/\/dutchhealthstore.com\/wp-content\/uploads\/2018\/02\/Living-Libations-Organic-Logo-800x89.png 800w, https:\/\/dutchhealthstore.com\/wp-content\/uploads\/2018\/02\/Living-Libations-Organic-Logo-510x57.png 510w, https:\/\/dutchhealthstore.com\/wp-content\/uploads\/2018\/02\/Living-Libations-Organic-Logo-768x85.png 768w, https:\/\/dutchhealthstore.com\/wp-content\/uploads\/2018\/02\/Living-Libations-Organic-Logo.png 1400w\" sizes=\"(max-width: 800px) 100vw, 800px\" \/><\/p>\n","protected":false},"excerpt":{"rendered":"<p><strong>Inula Essential Oil<\/strong> revigorante est rare et v\u00e9n\u00e9r\u00e9e en aromath\u00e9rapie. L&rsquo;Inula est une essence unique et n&rsquo;est disponible que les ann\u00e9es o\u00f9 la r\u00e9colte est abondante. Les fleurs jaunes accueillantes de l&rsquo;Inula font de cette plante une belle addition \u00e0 la campagne corse. Issue de la famille botanique des Asteraceae, l&rsquo;Inula est une aide pr\u00e9cieuse pour les apothicaires en aromath\u00e9rapie.<\/p>\n","protected":false},"featured_media":108671,"comment_status":"open","ping_status":"closed","template":"","meta":[],"product_brand":[],"product_cat":[6734,1507,1211,1209,3757,6733],"product_tag":[21668,21673],"class_list":{"0":"post-119282","1":"product","2":"type-product","3":"status-publish","4":"has-post-thumbnail","6":"product_cat-essential-oils","7":"product_cat-plantes-huiles-essentielles-living-libations","8":"product_cat-living-libations-france","9":"product_cat-par-marques","10":"product_cat-plantes-huiles-essentielles","11":"product_cat-wellness-fr-2","12":"product_tag-arome","13":"product_tag-purifiant","14":"pa_brand-livinglibations-fr","15":"pa_essential-oils-product-type-essential-oils-fr","16":"pa_size-15-ml-fr","17":"pa_size-30-ml-fr","18":"pa_size-5-ml-fr","20":"first","21":"instock","22":"taxable","23":"shipping-taxable","24":"purchasable","25":"product-type-variable"},"bundled_by":[],"bundle_stock_status":"instock","bundle_stock_quantity":null,"bundle_virtual":false,"bundle_layout":"","bundle_add_to_cart_form_location":"","bundle_editable_in_cart":false,"bundle_sold_individually_context":"","bundle_item_grouping":"","bundle_min_size":"","bundle_max_size":"","bundle_price":[],"bundled_items":[],"bundle_sell_ids":[],"atum_controlled":true,"out_stock_date":null,"out_stock_threshold":null,"inheritable":true,"stock_on_hold":0,"sold_today":0,"sales_last_days":0,"out_stock_days":0,"lost_sales":0,"update_date":"2026-04-17T00:06:18","atum_locations":[],"atum_stock_status":"instock","restock_status":false,"low_stock_amount":"","sales_update_date":"2026-04-17T00:06:18","calc_backorders":null,"group_of_quantity":0,"min_quantity":0,"max_quantity":"","exclude_order_quantity_value_rules":"no","exclude_category_quantity_rules":"no","combine_variations":"no","yoast_head":"<!-- This site is optimized with the Yoast SEO Premium plugin v26.5 (Yoast SEO v26.5) - https:\/\/yoast.com\/wordpress\/plugins\/seo\/ -->\n<title>Inula Essential Oil | Living Libations<\/title>\n<meta name=\"description\" content=\"Inula Essential Oil revigorante est rare et v\u00e9n\u00e9r\u00e9e en aromath\u00e9rapie. L&#039;Inula est une essence unique et n&#039;est disponible que les ann\u00e9es o\u00f9 la r\u00e9colte est abondante.\" \/>\n<meta name=\"robots\" content=\"index, follow, max-snippet:-1, max-image-preview:large, max-video-preview:-1\" \/>\n<link rel=\"canonical\" href=\"https:\/\/dutchhealthstore.com\/fr\/product\/inula-essential-oil\/\" \/>\n<meta property=\"og:locale\" content=\"fr_FR\" \/>\n<meta property=\"og:type\" content=\"article\" \/>\n<meta property=\"og:title\" content=\"Inula Essential Oil - Dutch Health Store\" \/>\n<meta property=\"og:description\" content=\"Inula Essential Oil revigorante est rare et v\u00e9n\u00e9r\u00e9e en aromath\u00e9rapie. L&#039;Inula est une essence unique et n&#039;est disponible que les ann\u00e9es o\u00f9 la r\u00e9colte est abondante.\" \/>\n<meta property=\"og:url\" content=\"https:\/\/dutchhealthstore.com\/fr\/product\/inula-essential-oil\/\" \/>\n<meta property=\"og:site_name\" content=\"Dutch Health Store\" \/>\n<meta property=\"article:publisher\" content=\"https:\/\/www.instagram.com\/dutchhealthstore\/\" \/>\n<meta property=\"article:modified_time\" content=\"2024-08-07T13:10:50+00:00\" \/>\n<meta property=\"og:image\" content=\"https:\/\/dutchhealthstore.com\/wp-content\/uploads\/2020\/06\/Living-libations-Inula-Essential-Oil-e1592919894419.jpg\" \/>\n\t<meta property=\"og:image:width\" content=\"500\" \/>\n\t<meta property=\"og:image:height\" content=\"500\" \/>\n\t<meta property=\"og:image:type\" content=\"image\/jpeg\" \/>\n<meta name=\"twitter:card\" content=\"summary_large_image\" \/>\n<meta name=\"twitter:label1\" content=\"Disponibilit\u00e9\" \/>\n\t<meta name=\"twitter:data1\" content=\"En stock\" \/>\n<script type=\"application\/ld+json\" class=\"yoast-schema-graph\">{\"@context\":\"https:\/\/schema.org\",\"@graph\":[{\"@type\":\"WebPage\",\"@id\":\"https:\/\/dutchhealthstore.com\/fr\/product\/inula-essential-oil\/\",\"url\":\"https:\/\/dutchhealthstore.com\/fr\/product\/inula-essential-oil\/\",\"name\":\"Inula Essential Oil | Living Libations\",\"isPartOf\":{\"@id\":\"https:\/\/dutchhealthstore.com\/fr\/#website\"},\"primaryImageOfPage\":{\"@id\":\"https:\/\/dutchhealthstore.com\/fr\/product\/inula-essential-oil\/#primaryimage\"},\"image\":{\"@id\":\"https:\/\/dutchhealthstore.com\/fr\/product\/inula-essential-oil\/#primaryimage\"},\"thumbnailUrl\":\"https:\/\/dutchhealthstore.com\/wp-content\/uploads\/2020\/06\/Living-libations-Inula-Essential-Oil-e1592919894419.jpg\",\"datePublished\":\"2020-06-23T11:55:57+00:00\",\"dateModified\":\"2024-08-07T13:10:50+00:00\",\"description\":\"Inula Essential Oil revigorante est rare et v\u00e9n\u00e9r\u00e9e en aromath\u00e9rapie. L'Inula est une essence unique et n'est disponible que les ann\u00e9es o\u00f9 la r\u00e9colte est abondante.\",\"breadcrumb\":{\"@id\":\"https:\/\/dutchhealthstore.com\/fr\/product\/inula-essential-oil\/#breadcrumb\"},\"inLanguage\":\"fr-FR\",\"potentialAction\":[{\"@type\":\"ReadAction\",\"target\":[\"https:\/\/dutchhealthstore.com\/fr\/product\/inula-essential-oil\/\"]}]},{\"@type\":\"ImageObject\",\"inLanguage\":\"fr-FR\",\"@id\":\"https:\/\/dutchhealthstore.com\/fr\/product\/inula-essential-oil\/#primaryimage\",\"url\":\"https:\/\/dutchhealthstore.com\/wp-content\/uploads\/2020\/06\/Living-libations-Inula-Essential-Oil-e1592919894419.jpg\",\"contentUrl\":\"https:\/\/dutchhealthstore.com\/wp-content\/uploads\/2020\/06\/Living-libations-Inula-Essential-Oil-e1592919894419.jpg\",\"width\":500,\"height\":500},{\"@type\":\"BreadcrumbList\",\"@id\":\"https:\/\/dutchhealthstore.com\/fr\/product\/inula-essential-oil\/#breadcrumb\",\"itemListElement\":[{\"@type\":\"ListItem\",\"position\":1,\"name\":\"Home\",\"item\":\"https:\/\/dutchhealthstore.com\/fr\/\"},{\"@type\":\"ListItem\",\"position\":2,\"name\":\"Shop\",\"item\":\"https:\/\/dutchhealthstore.com\/fr\/shop\/\"},{\"@type\":\"ListItem\",\"position\":3,\"name\":\"Inula Essential Oil\"}]},{\"@type\":\"WebSite\",\"@id\":\"https:\/\/dutchhealthstore.com\/fr\/#website\",\"url\":\"https:\/\/dutchhealthstore.com\/fr\/\",\"name\":\"Dutch Health Store\",\"description\":\"Enhance Your Beauty with Organic &amp; Natural Skincare\",\"publisher\":{\"@id\":\"https:\/\/dutchhealthstore.com\/fr\/#organization\"},\"potentialAction\":[{\"@type\":\"SearchAction\",\"target\":{\"@type\":\"EntryPoint\",\"urlTemplate\":\"https:\/\/dutchhealthstore.com\/fr\/?s={search_term_string}\"},\"query-input\":{\"@type\":\"PropertyValueSpecification\",\"valueRequired\":true,\"valueName\":\"search_term_string\"}}],\"inLanguage\":\"fr-FR\"},{\"@type\":\"Organization\",\"@id\":\"https:\/\/dutchhealthstore.com\/fr\/#organization\",\"name\":\"Dutch Health Store\",\"url\":\"https:\/\/dutchhealthstore.com\/fr\/\",\"logo\":{\"@type\":\"ImageObject\",\"inLanguage\":\"fr-FR\",\"@id\":\"https:\/\/dutchhealthstore.com\/fr\/#\/schema\/logo\/image\/\",\"url\":\"https:\/\/dutchhealthstore.com\/wp-content\/uploads\/2020\/08\/logo-dutchhealthstore-jpg-e1599484957574.jpg\",\"contentUrl\":\"https:\/\/dutchhealthstore.com\/wp-content\/uploads\/2020\/08\/logo-dutchhealthstore-jpg-e1599484957574.jpg\",\"width\":400,\"height\":62,\"caption\":\"Dutch Health Store\"},\"image\":{\"@id\":\"https:\/\/dutchhealthstore.com\/fr\/#\/schema\/logo\/image\/\"},\"sameAs\":[\"https:\/\/www.instagram.com\/dutchhealthstore\/\",\"https:\/\/www.facebook.com\/dutchhealthstore\"]}]}<\/script>\n<meta property=\"product:brand\" content=\"Living Libations\" \/>\n<meta property=\"og:availability\" content=\"instock\" \/>\n<meta property=\"product:availability\" content=\"instock\" \/>\n<meta property=\"product:condition\" content=\"new\" \/>\n<!-- \/ Yoast SEO Premium plugin. -->","yoast_head_json":{"title":"Inula Essential Oil | Living Libations","description":"Inula Essential Oil revigorante est rare et v\u00e9n\u00e9r\u00e9e en aromath\u00e9rapie. L'Inula est une essence unique et n'est disponible que les ann\u00e9es o\u00f9 la r\u00e9colte est abondante.","robots":{"index":"index","follow":"follow","max-snippet":"max-snippet:-1","max-image-preview":"max-image-preview:large","max-video-preview":"max-video-preview:-1"},"canonical":"https:\/\/dutchhealthstore.com\/fr\/product\/inula-essential-oil\/","og_locale":"fr_FR","og_type":"article","og_title":"Inula Essential Oil - Dutch Health Store","og_description":"Inula Essential Oil revigorante est rare et v\u00e9n\u00e9r\u00e9e en aromath\u00e9rapie. L'Inula est une essence unique et n'est disponible que les ann\u00e9es o\u00f9 la r\u00e9colte est abondante.","og_url":"https:\/\/dutchhealthstore.com\/fr\/product\/inula-essential-oil\/","og_site_name":"Dutch Health Store","article_publisher":"https:\/\/www.instagram.com\/dutchhealthstore\/","article_modified_time":"2024-08-07T13:10:50+00:00","og_image":[{"width":500,"height":500,"url":"https:\/\/dutchhealthstore.com\/wp-content\/uploads\/2020\/06\/Living-libations-Inula-Essential-Oil-e1592919894419.jpg","type":"image\/jpeg"}],"twitter_card":"summary_large_image","twitter_misc":{"Disponibilit\u00e9":"En stock"},"schema":{"@context":"https:\/\/schema.org","@graph":[{"@type":"WebPage","@id":"https:\/\/dutchhealthstore.com\/fr\/product\/inula-essential-oil\/","url":"https:\/\/dutchhealthstore.com\/fr\/product\/inula-essential-oil\/","name":"Inula Essential Oil | Living Libations","isPartOf":{"@id":"https:\/\/dutchhealthstore.com\/fr\/#website"},"primaryImageOfPage":{"@id":"https:\/\/dutchhealthstore.com\/fr\/product\/inula-essential-oil\/#primaryimage"},"image":{"@id":"https:\/\/dutchhealthstore.com\/fr\/product\/inula-essential-oil\/#primaryimage"},"thumbnailUrl":"https:\/\/dutchhealthstore.com\/wp-content\/uploads\/2020\/06\/Living-libations-Inula-Essential-Oil-e1592919894419.jpg","datePublished":"2020-06-23T11:55:57+00:00","dateModified":"2024-08-07T13:10:50+00:00","description":"Inula Essential Oil revigorante est rare et v\u00e9n\u00e9r\u00e9e en aromath\u00e9rapie. L'Inula est une essence unique et n'est disponible que les ann\u00e9es o\u00f9 la r\u00e9colte est abondante.","breadcrumb":{"@id":"https:\/\/dutchhealthstore.com\/fr\/product\/inula-essential-oil\/#breadcrumb"},"inLanguage":"fr-FR","potentialAction":[{"@type":"ReadAction","target":["https:\/\/dutchhealthstore.com\/fr\/product\/inula-essential-oil\/"]}]},{"@type":"ImageObject","inLanguage":"fr-FR","@id":"https:\/\/dutchhealthstore.com\/fr\/product\/inula-essential-oil\/#primaryimage","url":"https:\/\/dutchhealthstore.com\/wp-content\/uploads\/2020\/06\/Living-libations-Inula-Essential-Oil-e1592919894419.jpg","contentUrl":"https:\/\/dutchhealthstore.com\/wp-content\/uploads\/2020\/06\/Living-libations-Inula-Essential-Oil-e1592919894419.jpg","width":500,"height":500},{"@type":"BreadcrumbList","@id":"https:\/\/dutchhealthstore.com\/fr\/product\/inula-essential-oil\/#breadcrumb","itemListElement":[{"@type":"ListItem","position":1,"name":"Home","item":"https:\/\/dutchhealthstore.com\/fr\/"},{"@type":"ListItem","position":2,"name":"Shop","item":"https:\/\/dutchhealthstore.com\/fr\/shop\/"},{"@type":"ListItem","position":3,"name":"Inula Essential Oil"}]},{"@type":"WebSite","@id":"https:\/\/dutchhealthstore.com\/fr\/#website","url":"https:\/\/dutchhealthstore.com\/fr\/","name":"Dutch Health Store","description":"Enhance Your Beauty with Organic &amp; Natural Skincare","publisher":{"@id":"https:\/\/dutchhealthstore.com\/fr\/#organization"},"potentialAction":[{"@type":"SearchAction","target":{"@type":"EntryPoint","urlTemplate":"https:\/\/dutchhealthstore.com\/fr\/?s={search_term_string}"},"query-input":{"@type":"PropertyValueSpecification","valueRequired":true,"valueName":"search_term_string"}}],"inLanguage":"fr-FR"},{"@type":"Organization","@id":"https:\/\/dutchhealthstore.com\/fr\/#organization","name":"Dutch Health Store","url":"https:\/\/dutchhealthstore.com\/fr\/","logo":{"@type":"ImageObject","inLanguage":"fr-FR","@id":"https:\/\/dutchhealthstore.com\/fr\/#\/schema\/logo\/image\/","url":"https:\/\/dutchhealthstore.com\/wp-content\/uploads\/2020\/08\/logo-dutchhealthstore-jpg-e1599484957574.jpg","contentUrl":"https:\/\/dutchhealthstore.com\/wp-content\/uploads\/2020\/08\/logo-dutchhealthstore-jpg-e1599484957574.jpg","width":400,"height":62,"caption":"Dutch Health Store"},"image":{"@id":"https:\/\/dutchhealthstore.com\/fr\/#\/schema\/logo\/image\/"},"sameAs":["https:\/\/www.instagram.com\/dutchhealthstore\/","https:\/\/www.facebook.com\/dutchhealthstore"]}]},"product_brand":"Living Libations","og_availability":"instock","product_availability":"instock","product_condition":"new"},"_links":{"self":[{"href":"https:\/\/dutchhealthstore.com\/fr\/wp-json\/wp\/v2\/product\/119282","targetHints":{"allow":["GET"]}}],"collection":[{"href":"https:\/\/dutchhealthstore.com\/fr\/wp-json\/wp\/v2\/product"}],"about":[{"href":"https:\/\/dutchhealthstore.com\/fr\/wp-json\/wp\/v2\/types\/product"}],"replies":[{"embeddable":true,"href":"https:\/\/dutchhealthstore.com\/fr\/wp-json\/wp\/v2\/comments?post=119282"}],"wp:featuredmedia":[{"embeddable":true,"href":"https:\/\/dutchhealthstore.com\/fr\/wp-json\/wp\/v2\/media\/108671"}],"wp:attachment":[{"href":"https:\/\/dutchhealthstore.com\/fr\/wp-json\/wp\/v2\/media?parent=119282"}],"wp:term":[{"taxonomy":"product_brand","embeddable":true,"href":"https:\/\/dutchhealthstore.com\/fr\/wp-json\/wp\/v2\/product_brand?post=119282"},{"taxonomy":"product_cat","embeddable":true,"href":"https:\/\/dutchhealthstore.com\/fr\/wp-json\/wp\/v2\/product_cat?post=119282"},{"taxonomy":"product_tag","embeddable":true,"href":"https:\/\/dutchhealthstore.com\/fr\/wp-json\/wp\/v2\/product_tag?post=119282"}],"curies":[{"name":"wp","href":"https:\/\/api.w.org\/{rel}","templated":true}]}}