{"id":119239,"date":"2020-07-09T10:15:42","date_gmt":"2020-07-09T08:15:42","guid":{"rendered":"https:\/\/dutchhealthstore.com\/product\/immortelle-essential-oil\/"},"modified":"2026-03-21T12:06:39","modified_gmt":"2026-03-21T11:06:39","slug":"immortelle-essential-oil","status":"publish","type":"product","link":"https:\/\/dutchhealthstore.com\/fr\/product\/immortelle-essential-oil\/","title":{"rendered":"Immortelle Essential Oil"},"content":{"rendered":"<p><strong><img decoding=\"async\" class=\"size-full wp-image-69549 alignright\" src=\"https:\/\/dutchhealthstore.com\/wp-content\/uploads\/2019\/08\/NEW-Living-Libations-Logo.jpg\" alt=\"NEW - Living Libations - Logo\" width=\"175\" height=\"82\">Nom botanique:<\/strong> Helichrysum italicum<br \/>\n<strong>Famille botanique:<\/strong> Asteraceae<br \/>\n<strong>M\u00e9thode d&rsquo;extraction:<\/strong> Distillation \u00e0 la vapeur<br \/>\n<strong>Partie de la plante distill\u00e9e:<\/strong> Fleurs<br \/>\n<strong>Pays d&rsquo;origine:<\/strong> Corse<br \/>\n<strong>Composition:<\/strong> 100% Helichrysum italicum<br \/>\n<strong>Consistance:<\/strong> Viscosit\u00e9 fine<br \/>\n<strong>M\u00e9thode de culture:<\/strong> Biologique\/artisanal<\/p>\n<h3>Description de l&rsquo;odeur<\/h3>\n<p>Notes de miel, d&rsquo;\u00e9pices chaudes, de curry herbac\u00e9 et de fruits succulents et terreux.<\/p>\n<h3>Dans Living Libations<\/h3>\n<p>DewDab, Zippity Dew Dab, Rose Glow Serum, Rose Glow Cr\u00e8me, Chocolate Karat Serum, et Night Nectar.<\/p>\n<h3>Se marie bien avec<\/h3>\n<p>Rose Otto, Thym doux, G\u00e9ranium, Myrrhe, Ciste, Mousse du Groenland, Pamplemousse, Encens, Cypr\u00e8s, Lavande, Ylang, Bergamote et Argousier.<\/p>\n<a href=\"https:\/\/dutchhealthstore.com\/wp-content\/uploads\/2020\/07\/ANALYSIS-Immortelle-Essential-Oil-Living-Libations.pdf\" class=\"button primary is-primary is-small\"  >\n\t\t<span>ANALYSE DES HUILES ESSENTIELLES &gt;<\/span>\n\t<\/a>\n\n<h3>Utilisations<\/h3>\n<p>Il att\u00e9nue les rougeurs et la chaleur et est suffisamment doux pour \u00eatre utilis\u00e9 sur les enfants. Am\u00e9liore l&rsquo;apparence des cicatrices, des ridules et des rides.<\/p>\n<p>Connue \u00e9galement sous le nom de fleur \u00e9ternelle, fleur de paille italienne et huile Sun Gold, cette huile est distill\u00e9e \u00e0 la vapeur \u00e0 partir des pr\u00e9cieux p\u00e9tales de la fleur Helichrysum italicum. Il est fabriqu\u00e9 \u00e0 l&rsquo;\u00e9tat sauvage sur l&rsquo;\u00eele de Corse, o\u00f9 les fleurs peuvent prosp\u00e9rer sous un magnifique soleil jaune. Dans les falaises rocheuses de Corse, les fleurs poussent \u00e0 une altitude de 4 000 pieds. La chimie de ce sol de haute altitude rend l&rsquo;huile plus b\u00e9n\u00e9fique que toute autre vari\u00e9t\u00e9 d&rsquo;immortelle et toute autre distillation.<\/p>\n<p>Immortelle Essential Oil est l&rsquo;une des huiles les plus performantes de l&rsquo;assembl\u00e9e aromatique, notamment pour les soins de la peau. Cependant, ce n&rsquo;est pas seulement la raret\u00e9 qui fait que la v\u00e9ritable Immortelle Essential Oil est si demand\u00e9e! Cette pierre pr\u00e9cieuse poss\u00e8de de puissantes propri\u00e9t\u00e9s r\u00e9paratrices qui am\u00e9liorent consid\u00e9rablement l&rsquo;apparence des imperfections de la peau. Nous avons \u00e9galement fait l&rsquo;exp\u00e9rience de b\u00e9n\u00e9fices \u00e9motionnels \u00e9poustouflants simplement en inhalant cet \u00e9lixir parfum\u00e9 au miel, qui est connu pour aider \u00e0 traiter la douleur \u00e9motionnelle et rendre la compr\u00e9hension transcendante enfin possible.<\/p>\n<p>Que vous souhaitiez restaurer la peau ou rajeunir l&rsquo;esprit, Immortelle Essential Oil vous fera sentir comme une fleur dor\u00e9e immortelle, b\u00e9nie par le soleil. D\u00e9couvrez les couches profondes et cach\u00e9es de votre peau la plus \u00e9clatante et d\u00e9bloquez votre propre radiance \u00e9ternelle!<\/p>\n<p><strong>Taille: 2,5 ml et 5 ml<\/strong><\/p>\n<h3>Ingr\u00e9dients biologiques<\/h3>\n<p>100% huile essentielle d&rsquo;immortelle (Helichrysum italicum).<\/p>\n<p style=\"text-align: center;\"><em>\u00ab\u00a0Parfois, l&rsquo;Immortelle est aussi appel\u00e9e Sun Gold en raison de sa fleur jaune d&rsquo;or en forme de boule. La plante atteint une hauteur de 20 pouces. Elle poss\u00e8de des feuilles d\u00e9licates, en forme de lance, qui, chez certaines esp\u00e8ces, sont couvertes de poils blancs. L&rsquo;odeur d&rsquo;une feuille \u00e9cras\u00e9e est surprenante, avec son parfum intense de curry. Une fois s\u00e9ch\u00e9e, la plante garde sa forme et la fleur, sa couleur jaune. L&rsquo;immortelle semble en effet immortelle &#8211; une grande pr\u00e9tention pour une si petite fleur &#8211; et id\u00e9ale pour les compositions de fleurs s\u00e9ch\u00e9es.\u00a0\u00bb<\/em><br \/>\n~ Susanne Fischer-Rizzi, <strong>The Complete Aromatherapy Handbook<\/strong><\/p>\n<p style=\"text-align: center;\"><em>\u00ab\u00a0L&rsquo;h\u00e9lichryse a des propri\u00e9t\u00e9s sup\u00e9rieures de rajeunissement de la peau&#8230;\u00a0\u00bb<\/em><br \/>\n~ Kurt Schnaubelt, <strong>Advanced Aromatherapy<\/strong><\/p>\n<p style=\"text-align: center;\"><em>\u00ab\u00a0Parfum du monde divin, l&rsquo;h\u00e9lichryse ouvre les c\u0153urs aux \u00e9nergies invisibles qui influent sur nos vies ici-bas.\u00a0\u00bb<\/em><br \/>\n~ Valerie Ann Worwood<\/p>\n<p style=\"text-align: center;\"><em>\u00ab\u00a0L&rsquo;immortelle favorise la respiration profonde et son parfum a un effet relaxant et \u00e9l\u00e9vateur sur l&rsquo;esprit. On pense \u00e9galement que le parfum de l&rsquo;immortelle augmente l&rsquo;activit\u00e9 et la conscience des r\u00eaves, et qu&rsquo;il stimule l&rsquo;intuition. Elle est donc utile pour la m\u00e9ditation, l&rsquo;imagination active et les arts cr\u00e9atifs.\u00a0\u00bb<\/em><br \/>\n~ Julia Lawless, <strong>Aromatherapy and the Mind<\/strong><\/p>\n<p><img fetchpriority=\"high\" decoding=\"async\" class=\"size-medium wp-image-68103 aligncenter\" src=\"https:\/\/dutchhealthstore.com\/wp-content\/uploads\/2018\/02\/Living-Libations-Organic-Logo-800x89.png\" alt=\"Living Libations - Organic Logo\" width=\"800\" height=\"89\" srcset=\"https:\/\/dutchhealthstore.com\/wp-content\/uploads\/2018\/02\/Living-Libations-Organic-Logo-800x89.png 800w, https:\/\/dutchhealthstore.com\/wp-content\/uploads\/2018\/02\/Living-Libations-Organic-Logo-510x57.png 510w, https:\/\/dutchhealthstore.com\/wp-content\/uploads\/2018\/02\/Living-Libations-Organic-Logo-768x85.png 768w, https:\/\/dutchhealthstore.com\/wp-content\/uploads\/2018\/02\/Living-Libations-Organic-Logo.png 1400w\" sizes=\"(max-width: 800px) 100vw, 800px\" \/><\/p>\n","protected":false},"excerpt":{"rendered":"<p><strong>Immortelle Essential Oil<\/strong> \u00e9ternelle est une huile florale de proportions \u00e9th\u00e9r\u00e9es, exquises, et ennoblies.<br \/>\nCette essence enchanteresse est r\u00e9colt\u00e9e \u00e0 l&rsquo;\u00e9tat sauvage dans les falaises rocheuses de haute altitude de la campagne corse.<br \/>\nNadine travaille avec notre brillant distillateur depuis 1994 et nous nous assurons de r\u00e9server notre approvisionnement un an \u00e0 l&rsquo;avance car nos distillateurs ne peuvent cr\u00e9er que quelques litres de cette huile extraordinaire chaque saison.<\/p>\n","protected":false},"featured_media":112417,"comment_status":"open","ping_status":"closed","template":"","meta":[],"product_brand":[],"product_cat":[6734,1507,1211,1209,3757,6733],"product_tag":[4495],"class_list":{"0":"post-119239","1":"product","2":"type-product","3":"status-publish","4":"has-post-thumbnail","6":"product_cat-essential-oils","7":"product_cat-plantes-huiles-essentielles-living-libations","8":"product_cat-living-libations-france","9":"product_cat-par-marques","10":"product_cat-plantes-huiles-essentielles","11":"product_cat-wellness-fr-2","12":"product_tag-essential-oil-fr","13":"pa_brand-livinglibations-fr","14":"pa_essential-oils-product-type-essential-oils-fr","15":"pa_size-2-5-ml-fr","16":"pa_size-5-ml-fr","18":"first","19":"outofstock","20":"taxable","21":"shipping-taxable","22":"purchasable","23":"product-type-variable"},"bundled_by":[],"bundle_stock_status":"outofstock","bundle_stock_quantity":null,"bundle_virtual":false,"bundle_layout":"","bundle_add_to_cart_form_location":"","bundle_editable_in_cart":false,"bundle_sold_individually_context":"","bundle_item_grouping":"","bundle_min_size":"","bundle_max_size":"","bundle_price":[],"bundled_items":[],"bundle_sell_ids":[],"atum_controlled":true,"out_stock_date":null,"out_stock_threshold":null,"inheritable":true,"stock_on_hold":1,"sold_today":0,"sales_last_days":0,"out_stock_days":0,"lost_sales":0,"update_date":"2026-04-04T01:45:01","atum_locations":[],"atum_stock_status":"outofstock","restock_status":false,"low_stock_amount":"","sales_update_date":"2026-04-04T01:45:01","calc_backorders":null,"group_of_quantity":0,"min_quantity":0,"max_quantity":"","exclude_order_quantity_value_rules":"no","exclude_category_quantity_rules":"no","combine_variations":"no","yoast_head":"<!-- This site is optimized with the Yoast SEO Premium plugin v26.5 (Yoast SEO v26.5) - https:\/\/yoast.com\/wordpress\/plugins\/seo\/ -->\n<title>Immortelle Essential Oil | Living Libations<\/title>\n<meta name=\"description\" content=\"Immortelle Essential Oil \u00e9ternelle est une huile florale de proportions \u00e9th\u00e9r\u00e9es, exquises, et ennoblies.\" \/>\n<meta name=\"robots\" content=\"index, follow, max-snippet:-1, max-image-preview:large, max-video-preview:-1\" \/>\n<link rel=\"canonical\" href=\"https:\/\/dutchhealthstore.com\/fr\/product\/immortelle-essential-oil\/\" \/>\n<meta property=\"og:locale\" content=\"fr_FR\" \/>\n<meta property=\"og:type\" content=\"article\" \/>\n<meta property=\"og:title\" content=\"Immortelle Essential Oil - Dutch Health Store\" \/>\n<meta property=\"og:description\" content=\"Immortelle Essential Oil \u00e9ternelle est une huile florale de proportions \u00e9th\u00e9r\u00e9es, exquises, et ennoblies.\" \/>\n<meta property=\"og:url\" content=\"https:\/\/dutchhealthstore.com\/fr\/product\/immortelle-essential-oil\/\" \/>\n<meta property=\"og:site_name\" content=\"Dutch Health Store\" \/>\n<meta property=\"article:publisher\" content=\"https:\/\/www.instagram.com\/dutchhealthstore\/\" \/>\n<meta property=\"article:modified_time\" content=\"2026-03-21T11:06:39+00:00\" \/>\n<meta property=\"og:image\" content=\"https:\/\/dutchhealthstore.com\/wp-content\/uploads\/2020\/07\/Living-Libations-Immortelle-Essential-Oil-e1594289277769.jpg\" \/>\n\t<meta property=\"og:image:width\" content=\"500\" \/>\n\t<meta property=\"og:image:height\" content=\"500\" \/>\n\t<meta property=\"og:image:type\" content=\"image\/jpeg\" \/>\n<meta name=\"twitter:card\" content=\"summary_large_image\" \/>\n<meta name=\"twitter:label1\" content=\"Disponibilit\u00e9\" \/>\n\t<meta name=\"twitter:data1\" content=\"Rupture de stock\" \/>\n<script type=\"application\/ld+json\" class=\"yoast-schema-graph\">{\"@context\":\"https:\/\/schema.org\",\"@graph\":[{\"@type\":\"WebPage\",\"@id\":\"https:\/\/dutchhealthstore.com\/fr\/product\/immortelle-essential-oil\/\",\"url\":\"https:\/\/dutchhealthstore.com\/fr\/product\/immortelle-essential-oil\/\",\"name\":\"Immortelle Essential Oil | Living Libations\",\"isPartOf\":{\"@id\":\"https:\/\/dutchhealthstore.com\/fr\/#website\"},\"primaryImageOfPage\":{\"@id\":\"https:\/\/dutchhealthstore.com\/fr\/product\/immortelle-essential-oil\/#primaryimage\"},\"image\":{\"@id\":\"https:\/\/dutchhealthstore.com\/fr\/product\/immortelle-essential-oil\/#primaryimage\"},\"thumbnailUrl\":\"https:\/\/dutchhealthstore.com\/wp-content\/uploads\/2020\/07\/Living-Libations-Immortelle-Essential-Oil-e1594289277769.jpg\",\"datePublished\":\"2020-07-09T08:15:42+00:00\",\"dateModified\":\"2026-03-21T11:06:39+00:00\",\"description\":\"Immortelle Essential Oil \u00e9ternelle est une huile florale de proportions \u00e9th\u00e9r\u00e9es, exquises, et ennoblies.\",\"breadcrumb\":{\"@id\":\"https:\/\/dutchhealthstore.com\/fr\/product\/immortelle-essential-oil\/#breadcrumb\"},\"inLanguage\":\"fr-FR\",\"potentialAction\":[{\"@type\":\"ReadAction\",\"target\":[\"https:\/\/dutchhealthstore.com\/fr\/product\/immortelle-essential-oil\/\"]}]},{\"@type\":\"ImageObject\",\"inLanguage\":\"fr-FR\",\"@id\":\"https:\/\/dutchhealthstore.com\/fr\/product\/immortelle-essential-oil\/#primaryimage\",\"url\":\"https:\/\/dutchhealthstore.com\/wp-content\/uploads\/2020\/07\/Living-Libations-Immortelle-Essential-Oil-e1594289277769.jpg\",\"contentUrl\":\"https:\/\/dutchhealthstore.com\/wp-content\/uploads\/2020\/07\/Living-Libations-Immortelle-Essential-Oil-e1594289277769.jpg\",\"width\":500,\"height\":500,\"caption\":\"Living Libations Immortelle Essential Oil\"},{\"@type\":\"BreadcrumbList\",\"@id\":\"https:\/\/dutchhealthstore.com\/fr\/product\/immortelle-essential-oil\/#breadcrumb\",\"itemListElement\":[{\"@type\":\"ListItem\",\"position\":1,\"name\":\"Home\",\"item\":\"https:\/\/dutchhealthstore.com\/fr\/\"},{\"@type\":\"ListItem\",\"position\":2,\"name\":\"Shop\",\"item\":\"https:\/\/dutchhealthstore.com\/fr\/shop\/\"},{\"@type\":\"ListItem\",\"position\":3,\"name\":\"Immortelle Essential Oil\"}]},{\"@type\":\"WebSite\",\"@id\":\"https:\/\/dutchhealthstore.com\/fr\/#website\",\"url\":\"https:\/\/dutchhealthstore.com\/fr\/\",\"name\":\"Dutch Health Store\",\"description\":\"Enhance Your Beauty with Organic &amp; Natural Skincare\",\"publisher\":{\"@id\":\"https:\/\/dutchhealthstore.com\/fr\/#organization\"},\"potentialAction\":[{\"@type\":\"SearchAction\",\"target\":{\"@type\":\"EntryPoint\",\"urlTemplate\":\"https:\/\/dutchhealthstore.com\/fr\/?s={search_term_string}\"},\"query-input\":{\"@type\":\"PropertyValueSpecification\",\"valueRequired\":true,\"valueName\":\"search_term_string\"}}],\"inLanguage\":\"fr-FR\"},{\"@type\":\"Organization\",\"@id\":\"https:\/\/dutchhealthstore.com\/fr\/#organization\",\"name\":\"Dutch Health Store\",\"url\":\"https:\/\/dutchhealthstore.com\/fr\/\",\"logo\":{\"@type\":\"ImageObject\",\"inLanguage\":\"fr-FR\",\"@id\":\"https:\/\/dutchhealthstore.com\/fr\/#\/schema\/logo\/image\/\",\"url\":\"https:\/\/dutchhealthstore.com\/wp-content\/uploads\/2020\/08\/logo-dutchhealthstore-jpg-e1599484957574.jpg\",\"contentUrl\":\"https:\/\/dutchhealthstore.com\/wp-content\/uploads\/2020\/08\/logo-dutchhealthstore-jpg-e1599484957574.jpg\",\"width\":400,\"height\":62,\"caption\":\"Dutch Health Store\"},\"image\":{\"@id\":\"https:\/\/dutchhealthstore.com\/fr\/#\/schema\/logo\/image\/\"},\"sameAs\":[\"https:\/\/www.instagram.com\/dutchhealthstore\/\",\"https:\/\/www.facebook.com\/dutchhealthstore\"]}]}<\/script>\n<meta property=\"product:brand\" content=\"Living Libations\" \/>\n<meta property=\"og:availability\" content=\"out of stock\" \/>\n<meta property=\"product:availability\" content=\"out of stock\" \/>\n<meta property=\"product:condition\" content=\"new\" \/>\n<!-- \/ Yoast SEO Premium plugin. -->","yoast_head_json":{"title":"Immortelle Essential Oil | Living Libations","description":"Immortelle Essential Oil \u00e9ternelle est une huile florale de proportions \u00e9th\u00e9r\u00e9es, exquises, et ennoblies.","robots":{"index":"index","follow":"follow","max-snippet":"max-snippet:-1","max-image-preview":"max-image-preview:large","max-video-preview":"max-video-preview:-1"},"canonical":"https:\/\/dutchhealthstore.com\/fr\/product\/immortelle-essential-oil\/","og_locale":"fr_FR","og_type":"article","og_title":"Immortelle Essential Oil - Dutch Health Store","og_description":"Immortelle Essential Oil \u00e9ternelle est une huile florale de proportions \u00e9th\u00e9r\u00e9es, exquises, et ennoblies.","og_url":"https:\/\/dutchhealthstore.com\/fr\/product\/immortelle-essential-oil\/","og_site_name":"Dutch Health Store","article_publisher":"https:\/\/www.instagram.com\/dutchhealthstore\/","article_modified_time":"2026-03-21T11:06:39+00:00","og_image":[{"width":500,"height":500,"url":"https:\/\/dutchhealthstore.com\/wp-content\/uploads\/2020\/07\/Living-Libations-Immortelle-Essential-Oil-e1594289277769.jpg","type":"image\/jpeg"}],"twitter_card":"summary_large_image","twitter_misc":{"Disponibilit\u00e9":"Rupture de stock"},"schema":{"@context":"https:\/\/schema.org","@graph":[{"@type":"WebPage","@id":"https:\/\/dutchhealthstore.com\/fr\/product\/immortelle-essential-oil\/","url":"https:\/\/dutchhealthstore.com\/fr\/product\/immortelle-essential-oil\/","name":"Immortelle Essential Oil | Living Libations","isPartOf":{"@id":"https:\/\/dutchhealthstore.com\/fr\/#website"},"primaryImageOfPage":{"@id":"https:\/\/dutchhealthstore.com\/fr\/product\/immortelle-essential-oil\/#primaryimage"},"image":{"@id":"https:\/\/dutchhealthstore.com\/fr\/product\/immortelle-essential-oil\/#primaryimage"},"thumbnailUrl":"https:\/\/dutchhealthstore.com\/wp-content\/uploads\/2020\/07\/Living-Libations-Immortelle-Essential-Oil-e1594289277769.jpg","datePublished":"2020-07-09T08:15:42+00:00","dateModified":"2026-03-21T11:06:39+00:00","description":"Immortelle Essential Oil \u00e9ternelle est une huile florale de proportions \u00e9th\u00e9r\u00e9es, exquises, et ennoblies.","breadcrumb":{"@id":"https:\/\/dutchhealthstore.com\/fr\/product\/immortelle-essential-oil\/#breadcrumb"},"inLanguage":"fr-FR","potentialAction":[{"@type":"ReadAction","target":["https:\/\/dutchhealthstore.com\/fr\/product\/immortelle-essential-oil\/"]}]},{"@type":"ImageObject","inLanguage":"fr-FR","@id":"https:\/\/dutchhealthstore.com\/fr\/product\/immortelle-essential-oil\/#primaryimage","url":"https:\/\/dutchhealthstore.com\/wp-content\/uploads\/2020\/07\/Living-Libations-Immortelle-Essential-Oil-e1594289277769.jpg","contentUrl":"https:\/\/dutchhealthstore.com\/wp-content\/uploads\/2020\/07\/Living-Libations-Immortelle-Essential-Oil-e1594289277769.jpg","width":500,"height":500,"caption":"Living Libations Immortelle Essential Oil"},{"@type":"BreadcrumbList","@id":"https:\/\/dutchhealthstore.com\/fr\/product\/immortelle-essential-oil\/#breadcrumb","itemListElement":[{"@type":"ListItem","position":1,"name":"Home","item":"https:\/\/dutchhealthstore.com\/fr\/"},{"@type":"ListItem","position":2,"name":"Shop","item":"https:\/\/dutchhealthstore.com\/fr\/shop\/"},{"@type":"ListItem","position":3,"name":"Immortelle Essential Oil"}]},{"@type":"WebSite","@id":"https:\/\/dutchhealthstore.com\/fr\/#website","url":"https:\/\/dutchhealthstore.com\/fr\/","name":"Dutch Health Store","description":"Enhance Your Beauty with Organic &amp; Natural Skincare","publisher":{"@id":"https:\/\/dutchhealthstore.com\/fr\/#organization"},"potentialAction":[{"@type":"SearchAction","target":{"@type":"EntryPoint","urlTemplate":"https:\/\/dutchhealthstore.com\/fr\/?s={search_term_string}"},"query-input":{"@type":"PropertyValueSpecification","valueRequired":true,"valueName":"search_term_string"}}],"inLanguage":"fr-FR"},{"@type":"Organization","@id":"https:\/\/dutchhealthstore.com\/fr\/#organization","name":"Dutch Health Store","url":"https:\/\/dutchhealthstore.com\/fr\/","logo":{"@type":"ImageObject","inLanguage":"fr-FR","@id":"https:\/\/dutchhealthstore.com\/fr\/#\/schema\/logo\/image\/","url":"https:\/\/dutchhealthstore.com\/wp-content\/uploads\/2020\/08\/logo-dutchhealthstore-jpg-e1599484957574.jpg","contentUrl":"https:\/\/dutchhealthstore.com\/wp-content\/uploads\/2020\/08\/logo-dutchhealthstore-jpg-e1599484957574.jpg","width":400,"height":62,"caption":"Dutch Health Store"},"image":{"@id":"https:\/\/dutchhealthstore.com\/fr\/#\/schema\/logo\/image\/"},"sameAs":["https:\/\/www.instagram.com\/dutchhealthstore\/","https:\/\/www.facebook.com\/dutchhealthstore"]}]},"product_brand":"Living Libations","og_availability":"out of stock","product_availability":"out of stock","product_condition":"new"},"_links":{"self":[{"href":"https:\/\/dutchhealthstore.com\/fr\/wp-json\/wp\/v2\/product\/119239","targetHints":{"allow":["GET"]}}],"collection":[{"href":"https:\/\/dutchhealthstore.com\/fr\/wp-json\/wp\/v2\/product"}],"about":[{"href":"https:\/\/dutchhealthstore.com\/fr\/wp-json\/wp\/v2\/types\/product"}],"replies":[{"embeddable":true,"href":"https:\/\/dutchhealthstore.com\/fr\/wp-json\/wp\/v2\/comments?post=119239"}],"wp:featuredmedia":[{"embeddable":true,"href":"https:\/\/dutchhealthstore.com\/fr\/wp-json\/wp\/v2\/media\/112417"}],"wp:attachment":[{"href":"https:\/\/dutchhealthstore.com\/fr\/wp-json\/wp\/v2\/media?parent=119239"}],"wp:term":[{"taxonomy":"product_brand","embeddable":true,"href":"https:\/\/dutchhealthstore.com\/fr\/wp-json\/wp\/v2\/product_brand?post=119239"},{"taxonomy":"product_cat","embeddable":true,"href":"https:\/\/dutchhealthstore.com\/fr\/wp-json\/wp\/v2\/product_cat?post=119239"},{"taxonomy":"product_tag","embeddable":true,"href":"https:\/\/dutchhealthstore.com\/fr\/wp-json\/wp\/v2\/product_tag?post=119239"}],"curies":[{"name":"wp","href":"https:\/\/api.w.org\/{rel}","templated":true}]}}