{"id":119216,"date":"2020-07-07T09:25:45","date_gmt":"2020-07-07T07:25:45","guid":{"rendered":"https:\/\/dutchhealthstore.com\/product\/hyssop-essential-oil\/"},"modified":"2024-07-18T10:25:38","modified_gmt":"2024-07-18T08:25:38","slug":"hyssop-essential-oil","status":"publish","type":"product","link":"https:\/\/dutchhealthstore.com\/fr\/product\/hyssop-essential-oil\/","title":{"rendered":"Hyssop Essential Oil"},"content":{"rendered":"<p><strong><img decoding=\"async\" class=\"size-full wp-image-69549 alignright\" src=\"https:\/\/dutchhealthstore.com\/wp-content\/uploads\/2019\/08\/NEW-Living-Libations-Logo.jpg\" alt=\"NEW - Living Libations - Logo\" width=\"175\" height=\"82\">Nom botanique:<\/strong> Hyssopus officinalis decumbens<br \/>\n<strong>Famille botanique:<\/strong> Lamiaceae<br \/>\n<strong>M\u00e9thode d&rsquo;extraction:<\/strong> Distillation \u00e0 la vapeur<br \/>\n<strong>Partie de la plante distill\u00e9e:<\/strong> Fleurs<br \/>\n<strong>Pays d&rsquo;origine:<\/strong> France<br \/>\n<strong>M\u00e9thode de culture:<\/strong> Organique<br \/>\n<strong>Composition:<\/strong> 100% Hyssopus officinalis decumbens<br \/>\n<strong>Consistance:<\/strong> Viscosit\u00e9 fine<\/p>\n<h3>Description de l&rsquo;odeur<\/h3>\n<p>Lavande et menthe avec des notes chaudes et dor\u00e9es de miel.<\/p>\n<h3>Se marie bien avec<\/h3>\n<p>Eucalyptus, encens, pamplemousse, inule, palmarosa, romarin, mousse du Groenland, sapin de Douglas, laurier et citron.<\/p>\n<a href=\"https:\/\/dutchhealthstore.com\/wp-content\/uploads\/2020\/07\/ANALYSIS-Hyssop-Essential-Oil-Living-Libations-3.pdf\" class=\"button primary is-primary is-small\"  >\n\t\t<span>ANALYSE DES HUILES ESSENTIELLES &gt;<\/span>\n\t<\/a>\n\n<p>B\u00e9nit le souffle. Les baumes pour le corps sont r\u00e9confortants et tonifiants. Ajouter aux s\u00e9rums de conditionnement de la peau. Pratique pour les voyages en avion, la congestion hivernale et la clart\u00e9 mentale. Diffuser, inhaler et oindre. Une beaut\u00e9 baln\u00e9aire. Les utilisations culinaires abondent dans les pastilles, les pastilles et les sirops de miel et d&rsquo;hysope.<\/p>\n<p>L&rsquo;essence Herbaceous Hyssop decumbens a un parfum miell\u00e9, un soup\u00e7on de menthe, l\u00e9g\u00e8rement stringent. Les vertus de cette herbe sacr\u00e9e sont vant\u00e9es dans la litt\u00e9rature, de Shakespeare au psalmiste de la Bible: \u00ab\u00a0purgez-moi avec l&rsquo;hysope et je serai pur\u00a0\u00bb. Les bienfaits de cette huile sont largement connus depuis des si\u00e8cles. Contrairement \u00e0 l&rsquo;Hyssopus officinalis, qui contient de fortes c\u00e9tones, l&rsquo;Hysope decumbens est une vari\u00e9t\u00e9 plus douce qui est \u00e9galement robuste mais suffisamment douce pour \u00eatre utilis\u00e9e sur la peau et dans les soins buccaux. Cette huile a fait ses preuves pour am\u00e9liorer naturelles d\u00e9s\u00e9quilibres cutan\u00e9s tenaces et constitue un excellent compl\u00e9ment aux nettoyants pour peaux acn\u00e9iques.<\/p>\n<p>Les textes h\u00e9breux anciens v\u00e9n\u00e8rent l&rsquo;hysope pour sa capacit\u00e9 \u00e0 purifier et \u00e0 nettoyer \u00e0 la fois le corps et l&rsquo;\u00e2me. Dans les diff\u00e9rentes traductions, on attribue \u00e0 l&rsquo;hysope la capacit\u00e9 de purger, de purifier et d&rsquo;effacer les p\u00e9ch\u00e9s. Les textes de la Gr\u00e8ce antique montrent qu&rsquo;ils l&rsquo;utilisaient pour b\u00e9nir la respiration et \u00e9largir la poitrine.<\/p>\n<p><strong>Taille: 5 ml et 15 ml<\/strong><\/p>\n<h3>Ingr\u00e9dients biologiques<\/h3>\n<p>100% huile essentielle d&rsquo;hysope (Hyssopus officinalis decumbens).<\/p>\n<p style=\"text-align: center;\"><em>\u00ab\u00a0Nos corps sont nos jardins, auxquels nos volont\u00e9s sont jardini\u00e8res. Ainsi, si nous voulons planter des orties ou semer de la laitue, planter de l&rsquo;hysope ou arracher du thym, l&rsquo;approvisionner d&rsquo;un genre d&rsquo;herbes ou le distraire de plusieurs &#8211; soit pour le rendre st\u00e9rile par l&rsquo;oisivet\u00e9, soit pour le fertiliser par l&rsquo;industrie &#8211; eh bien, la puissance et l&rsquo;autorit\u00e9 corrigible de tout cela r\u00e9sident dans nos volont\u00e9s.\u00a0\u00bb<\/em><br \/>\n~ William Shakespeare<\/p>\n<p style=\"text-align: center;\"><em>\u00ab\u00a0A ne pas confondre avec l&rsquo;Hysope officinale, le ch\u00e9motype decumbens est extr\u00eamement doux <span style=\"font-size: 14.4px;\">.<\/span>.. L&rsquo;huile est non toxique, non irritante&#8230;. Le prix de cette huile est \u00e9lev\u00e9, mais elle en vaut la peine. Elle est \u00e9galement connue sous le nom d&rsquo;hysope rampante. Veillez \u00e0 acheter et \u00e0 utiliser le ch\u00e9motype decumbens, car l&rsquo;Hysope officinale est riche en c\u00e9tones.\u00a0\u00bb<\/em><br \/>\n~ Kristen Leigh Bell, <strong>Holistic Aromatherapy for Animals<\/strong><\/p>\n<p><img fetchpriority=\"high\" decoding=\"async\" class=\"size-medium wp-image-68103 aligncenter\" src=\"https:\/\/dutchhealthstore.com\/wp-content\/uploads\/2018\/02\/Living-Libations-Organic-Logo-800x89.png\" alt=\"Living Libations - Organic Logo\" width=\"800\" height=\"89\" srcset=\"https:\/\/dutchhealthstore.com\/wp-content\/uploads\/2018\/02\/Living-Libations-Organic-Logo-800x89.png 800w, https:\/\/dutchhealthstore.com\/wp-content\/uploads\/2018\/02\/Living-Libations-Organic-Logo-510x57.png 510w, https:\/\/dutchhealthstore.com\/wp-content\/uploads\/2018\/02\/Living-Libations-Organic-Logo-768x85.png 768w, https:\/\/dutchhealthstore.com\/wp-content\/uploads\/2018\/02\/Living-Libations-Organic-Logo.png 1400w\" sizes=\"(max-width: 800px) 100vw, 800px\" \/><\/p>\n","protected":false},"excerpt":{"rendered":"<p><strong>Hyssop Essential Oil<\/strong> a un ar\u00f4me accueillant de miel et de plantes et est l&rsquo;une de nos huiles les plus pratiques et les plus puissantes.<br \/>\nLa plante hysope fleurit en tours de joie violettes.<br \/>\nOriginaire du Moyen-Orient et d&rsquo;Europe, le parfum mielleux de cette herbe harmonieuse en fait la pr\u00e9f\u00e9r\u00e9e des apiculteurs (et des abeilles!).<br \/>\nDistill\u00e9e \u00e0 la vapeur et r\u00e9colt\u00e9e biologiquement en France, cette huile est utilis\u00e9e pour b\u00e9nir le souffle, vous transporter dans les saisons florissantes et raviver la peau.<\/p>\n","protected":false},"featured_media":337345,"comment_status":"open","ping_status":"closed","template":"","meta":[],"product_brand":[],"product_cat":[6734,1507,1211,1209,3757,6733],"product_tag":[4495],"class_list":{"0":"post-119216","1":"product","2":"type-product","3":"status-publish","4":"has-post-thumbnail","6":"product_cat-essential-oils","7":"product_cat-plantes-huiles-essentielles-living-libations","8":"product_cat-living-libations-france","9":"product_cat-par-marques","10":"product_cat-plantes-huiles-essentielles","11":"product_cat-wellness-fr-2","12":"product_tag-essential-oil-fr","13":"pa_brand-livinglibations-fr","14":"pa_essential-oils-product-type-essential-oils-fr","15":"pa_size-5-ml-fr","16":"pa_size-15-ml-fr","18":"first","19":"instock","20":"taxable","21":"shipping-taxable","22":"purchasable","23":"product-type-variable"},"bundled_by":[],"bundle_stock_status":"instock","bundle_stock_quantity":null,"bundle_virtual":false,"bundle_layout":"","bundle_add_to_cart_form_location":"","bundle_editable_in_cart":false,"bundle_sold_individually_context":"","bundle_item_grouping":"","bundle_min_size":"","bundle_max_size":"","bundle_price":[],"bundled_items":[],"bundle_sell_ids":[],"atum_controlled":true,"out_stock_date":null,"out_stock_threshold":null,"inheritable":true,"stock_on_hold":1,"sold_today":0,"sales_last_days":0,"out_stock_days":0,"lost_sales":0,"update_date":"2026-04-09T01:47:53","atum_locations":[],"atum_stock_status":"instock","restock_status":false,"low_stock_amount":"","sales_update_date":"2026-04-09T01:47:53","calc_backorders":null,"group_of_quantity":0,"min_quantity":0,"max_quantity":"","exclude_order_quantity_value_rules":"no","exclude_category_quantity_rules":"no","combine_variations":"no","yoast_head":"<!-- This site is optimized with the Yoast SEO Premium plugin v26.5 (Yoast SEO v26.5) - https:\/\/yoast.com\/wordpress\/plugins\/seo\/ -->\n<title>Hyssop Essential Oil | Living Libations<\/title>\n<meta name=\"description\" content=\"Hyssop Essential Oil a un ar\u00f4me accueillant de miel et de plantes et est l&#039;une de nos huiles les plus pratiques et les plus puissantes.\" \/>\n<meta name=\"robots\" content=\"index, follow, max-snippet:-1, max-image-preview:large, max-video-preview:-1\" \/>\n<link rel=\"canonical\" href=\"https:\/\/dutchhealthstore.com\/fr\/product\/hyssop-essential-oil\/\" \/>\n<meta property=\"og:locale\" content=\"fr_FR\" \/>\n<meta property=\"og:type\" content=\"article\" \/>\n<meta property=\"og:title\" content=\"Hyssop Essential Oil - Dutch Health Store\" \/>\n<meta property=\"og:description\" content=\"Hyssop Essential Oil a un ar\u00f4me accueillant de miel et de plantes et est l&#039;une de nos huiles les plus pratiques et les plus puissantes.\" \/>\n<meta property=\"og:url\" content=\"https:\/\/dutchhealthstore.com\/fr\/product\/hyssop-essential-oil\/\" \/>\n<meta property=\"og:site_name\" content=\"Dutch Health Store\" \/>\n<meta property=\"article:publisher\" content=\"https:\/\/www.instagram.com\/dutchhealthstore\/\" \/>\n<meta property=\"article:modified_time\" content=\"2024-07-18T08:25:38+00:00\" \/>\n<meta property=\"og:image\" content=\"https:\/\/dutchhealthstore.com\/wp-content\/uploads\/2020\/07\/Hyssop-Essential-Oil-living-Libations.-.jpg\" \/>\n\t<meta property=\"og:image:width\" content=\"500\" \/>\n\t<meta property=\"og:image:height\" content=\"500\" \/>\n\t<meta property=\"og:image:type\" content=\"image\/jpeg\" \/>\n<meta name=\"twitter:card\" content=\"summary_large_image\" \/>\n<meta name=\"twitter:label1\" content=\"Disponibilit\u00e9\" \/>\n\t<meta name=\"twitter:data1\" content=\"En stock\" \/>\n<script type=\"application\/ld+json\" class=\"yoast-schema-graph\">{\"@context\":\"https:\/\/schema.org\",\"@graph\":[{\"@type\":\"WebPage\",\"@id\":\"https:\/\/dutchhealthstore.com\/fr\/product\/hyssop-essential-oil\/\",\"url\":\"https:\/\/dutchhealthstore.com\/fr\/product\/hyssop-essential-oil\/\",\"name\":\"Hyssop Essential Oil | Living Libations\",\"isPartOf\":{\"@id\":\"https:\/\/dutchhealthstore.com\/fr\/#website\"},\"primaryImageOfPage\":{\"@id\":\"https:\/\/dutchhealthstore.com\/fr\/product\/hyssop-essential-oil\/#primaryimage\"},\"image\":{\"@id\":\"https:\/\/dutchhealthstore.com\/fr\/product\/hyssop-essential-oil\/#primaryimage\"},\"thumbnailUrl\":\"https:\/\/dutchhealthstore.com\/wp-content\/uploads\/2020\/07\/Hyssop-Essential-Oil-\u2013-530x530-1.jpg\",\"datePublished\":\"2020-07-07T07:25:45+00:00\",\"dateModified\":\"2024-07-18T08:25:38+00:00\",\"description\":\"Hyssop Essential Oil a un ar\u00f4me accueillant de miel et de plantes et est l'une de nos huiles les plus pratiques et les plus puissantes.\",\"breadcrumb\":{\"@id\":\"https:\/\/dutchhealthstore.com\/fr\/product\/hyssop-essential-oil\/#breadcrumb\"},\"inLanguage\":\"fr-FR\",\"potentialAction\":[{\"@type\":\"ReadAction\",\"target\":[\"https:\/\/dutchhealthstore.com\/fr\/product\/hyssop-essential-oil\/\"]}]},{\"@type\":\"ImageObject\",\"inLanguage\":\"fr-FR\",\"@id\":\"https:\/\/dutchhealthstore.com\/fr\/product\/hyssop-essential-oil\/#primaryimage\",\"url\":\"https:\/\/dutchhealthstore.com\/wp-content\/uploads\/2020\/07\/Hyssop-Essential-Oil-\u2013-530x530-1.jpg\",\"contentUrl\":\"https:\/\/dutchhealthstore.com\/wp-content\/uploads\/2020\/07\/Hyssop-Essential-Oil-\u2013-530x530-1.jpg\",\"width\":530,\"height\":530},{\"@type\":\"BreadcrumbList\",\"@id\":\"https:\/\/dutchhealthstore.com\/fr\/product\/hyssop-essential-oil\/#breadcrumb\",\"itemListElement\":[{\"@type\":\"ListItem\",\"position\":1,\"name\":\"Home\",\"item\":\"https:\/\/dutchhealthstore.com\/fr\/\"},{\"@type\":\"ListItem\",\"position\":2,\"name\":\"Shop\",\"item\":\"https:\/\/dutchhealthstore.com\/fr\/shop\/\"},{\"@type\":\"ListItem\",\"position\":3,\"name\":\"Hyssop Essential Oil\"}]},{\"@type\":\"WebSite\",\"@id\":\"https:\/\/dutchhealthstore.com\/fr\/#website\",\"url\":\"https:\/\/dutchhealthstore.com\/fr\/\",\"name\":\"Dutch Health Store\",\"description\":\"Enhance Your Beauty with Organic &amp; Natural Skincare\",\"publisher\":{\"@id\":\"https:\/\/dutchhealthstore.com\/fr\/#organization\"},\"potentialAction\":[{\"@type\":\"SearchAction\",\"target\":{\"@type\":\"EntryPoint\",\"urlTemplate\":\"https:\/\/dutchhealthstore.com\/fr\/?s={search_term_string}\"},\"query-input\":{\"@type\":\"PropertyValueSpecification\",\"valueRequired\":true,\"valueName\":\"search_term_string\"}}],\"inLanguage\":\"fr-FR\"},{\"@type\":\"Organization\",\"@id\":\"https:\/\/dutchhealthstore.com\/fr\/#organization\",\"name\":\"Dutch Health Store\",\"url\":\"https:\/\/dutchhealthstore.com\/fr\/\",\"logo\":{\"@type\":\"ImageObject\",\"inLanguage\":\"fr-FR\",\"@id\":\"https:\/\/dutchhealthstore.com\/fr\/#\/schema\/logo\/image\/\",\"url\":\"https:\/\/dutchhealthstore.com\/wp-content\/uploads\/2020\/08\/logo-dutchhealthstore-jpg-e1599484957574.jpg\",\"contentUrl\":\"https:\/\/dutchhealthstore.com\/wp-content\/uploads\/2020\/08\/logo-dutchhealthstore-jpg-e1599484957574.jpg\",\"width\":400,\"height\":62,\"caption\":\"Dutch Health Store\"},\"image\":{\"@id\":\"https:\/\/dutchhealthstore.com\/fr\/#\/schema\/logo\/image\/\"},\"sameAs\":[\"https:\/\/www.instagram.com\/dutchhealthstore\/\",\"https:\/\/www.facebook.com\/dutchhealthstore\"]}]}<\/script>\n<meta property=\"product:brand\" content=\"Living Libations\" \/>\n<meta property=\"og:availability\" content=\"instock\" \/>\n<meta property=\"product:availability\" content=\"instock\" \/>\n<meta property=\"product:condition\" content=\"new\" \/>\n<!-- \/ Yoast SEO Premium plugin. -->","yoast_head_json":{"title":"Hyssop Essential Oil | Living Libations","description":"Hyssop Essential Oil a un ar\u00f4me accueillant de miel et de plantes et est l'une de nos huiles les plus pratiques et les plus puissantes.","robots":{"index":"index","follow":"follow","max-snippet":"max-snippet:-1","max-image-preview":"max-image-preview:large","max-video-preview":"max-video-preview:-1"},"canonical":"https:\/\/dutchhealthstore.com\/fr\/product\/hyssop-essential-oil\/","og_locale":"fr_FR","og_type":"article","og_title":"Hyssop Essential Oil - Dutch Health Store","og_description":"Hyssop Essential Oil a un ar\u00f4me accueillant de miel et de plantes et est l'une de nos huiles les plus pratiques et les plus puissantes.","og_url":"https:\/\/dutchhealthstore.com\/fr\/product\/hyssop-essential-oil\/","og_site_name":"Dutch Health Store","article_publisher":"https:\/\/www.instagram.com\/dutchhealthstore\/","article_modified_time":"2024-07-18T08:25:38+00:00","og_image":[{"width":500,"height":500,"url":"https:\/\/dutchhealthstore.com\/wp-content\/uploads\/2020\/07\/Hyssop-Essential-Oil-living-Libations.-.jpg","type":"image\/jpeg"}],"twitter_card":"summary_large_image","twitter_misc":{"Disponibilit\u00e9":"En stock"},"schema":{"@context":"https:\/\/schema.org","@graph":[{"@type":"WebPage","@id":"https:\/\/dutchhealthstore.com\/fr\/product\/hyssop-essential-oil\/","url":"https:\/\/dutchhealthstore.com\/fr\/product\/hyssop-essential-oil\/","name":"Hyssop Essential Oil | Living Libations","isPartOf":{"@id":"https:\/\/dutchhealthstore.com\/fr\/#website"},"primaryImageOfPage":{"@id":"https:\/\/dutchhealthstore.com\/fr\/product\/hyssop-essential-oil\/#primaryimage"},"image":{"@id":"https:\/\/dutchhealthstore.com\/fr\/product\/hyssop-essential-oil\/#primaryimage"},"thumbnailUrl":"https:\/\/dutchhealthstore.com\/wp-content\/uploads\/2020\/07\/Hyssop-Essential-Oil-\u2013-530x530-1.jpg","datePublished":"2020-07-07T07:25:45+00:00","dateModified":"2024-07-18T08:25:38+00:00","description":"Hyssop Essential Oil a un ar\u00f4me accueillant de miel et de plantes et est l'une de nos huiles les plus pratiques et les plus puissantes.","breadcrumb":{"@id":"https:\/\/dutchhealthstore.com\/fr\/product\/hyssop-essential-oil\/#breadcrumb"},"inLanguage":"fr-FR","potentialAction":[{"@type":"ReadAction","target":["https:\/\/dutchhealthstore.com\/fr\/product\/hyssop-essential-oil\/"]}]},{"@type":"ImageObject","inLanguage":"fr-FR","@id":"https:\/\/dutchhealthstore.com\/fr\/product\/hyssop-essential-oil\/#primaryimage","url":"https:\/\/dutchhealthstore.com\/wp-content\/uploads\/2020\/07\/Hyssop-Essential-Oil-\u2013-530x530-1.jpg","contentUrl":"https:\/\/dutchhealthstore.com\/wp-content\/uploads\/2020\/07\/Hyssop-Essential-Oil-\u2013-530x530-1.jpg","width":530,"height":530},{"@type":"BreadcrumbList","@id":"https:\/\/dutchhealthstore.com\/fr\/product\/hyssop-essential-oil\/#breadcrumb","itemListElement":[{"@type":"ListItem","position":1,"name":"Home","item":"https:\/\/dutchhealthstore.com\/fr\/"},{"@type":"ListItem","position":2,"name":"Shop","item":"https:\/\/dutchhealthstore.com\/fr\/shop\/"},{"@type":"ListItem","position":3,"name":"Hyssop Essential Oil"}]},{"@type":"WebSite","@id":"https:\/\/dutchhealthstore.com\/fr\/#website","url":"https:\/\/dutchhealthstore.com\/fr\/","name":"Dutch Health Store","description":"Enhance Your Beauty with Organic &amp; Natural Skincare","publisher":{"@id":"https:\/\/dutchhealthstore.com\/fr\/#organization"},"potentialAction":[{"@type":"SearchAction","target":{"@type":"EntryPoint","urlTemplate":"https:\/\/dutchhealthstore.com\/fr\/?s={search_term_string}"},"query-input":{"@type":"PropertyValueSpecification","valueRequired":true,"valueName":"search_term_string"}}],"inLanguage":"fr-FR"},{"@type":"Organization","@id":"https:\/\/dutchhealthstore.com\/fr\/#organization","name":"Dutch Health Store","url":"https:\/\/dutchhealthstore.com\/fr\/","logo":{"@type":"ImageObject","inLanguage":"fr-FR","@id":"https:\/\/dutchhealthstore.com\/fr\/#\/schema\/logo\/image\/","url":"https:\/\/dutchhealthstore.com\/wp-content\/uploads\/2020\/08\/logo-dutchhealthstore-jpg-e1599484957574.jpg","contentUrl":"https:\/\/dutchhealthstore.com\/wp-content\/uploads\/2020\/08\/logo-dutchhealthstore-jpg-e1599484957574.jpg","width":400,"height":62,"caption":"Dutch Health Store"},"image":{"@id":"https:\/\/dutchhealthstore.com\/fr\/#\/schema\/logo\/image\/"},"sameAs":["https:\/\/www.instagram.com\/dutchhealthstore\/","https:\/\/www.facebook.com\/dutchhealthstore"]}]},"product_brand":"Living Libations","og_availability":"instock","product_availability":"instock","product_condition":"new"},"_links":{"self":[{"href":"https:\/\/dutchhealthstore.com\/fr\/wp-json\/wp\/v2\/product\/119216","targetHints":{"allow":["GET"]}}],"collection":[{"href":"https:\/\/dutchhealthstore.com\/fr\/wp-json\/wp\/v2\/product"}],"about":[{"href":"https:\/\/dutchhealthstore.com\/fr\/wp-json\/wp\/v2\/types\/product"}],"replies":[{"embeddable":true,"href":"https:\/\/dutchhealthstore.com\/fr\/wp-json\/wp\/v2\/comments?post=119216"}],"wp:featuredmedia":[{"embeddable":true,"href":"https:\/\/dutchhealthstore.com\/fr\/wp-json\/wp\/v2\/media\/337345"}],"wp:attachment":[{"href":"https:\/\/dutchhealthstore.com\/fr\/wp-json\/wp\/v2\/media?parent=119216"}],"wp:term":[{"taxonomy":"product_brand","embeddable":true,"href":"https:\/\/dutchhealthstore.com\/fr\/wp-json\/wp\/v2\/product_brand?post=119216"},{"taxonomy":"product_cat","embeddable":true,"href":"https:\/\/dutchhealthstore.com\/fr\/wp-json\/wp\/v2\/product_cat?post=119216"},{"taxonomy":"product_tag","embeddable":true,"href":"https:\/\/dutchhealthstore.com\/fr\/wp-json\/wp\/v2\/product_tag?post=119216"}],"curies":[{"name":"wp","href":"https:\/\/api.w.org\/{rel}","templated":true}]}}