{"id":119205,"date":"2018-07-31T20:42:23","date_gmt":"2018-07-31T18:42:23","guid":{"rendered":"https:\/\/dutchhealthstore.com\/product\/hops-blossoms-essential-oil\/"},"modified":"2024-02-06T15:01:13","modified_gmt":"2024-02-06T15:01:13","slug":"hops-blossoms-essential-oil","status":"publish","type":"product","link":"https:\/\/dutchhealthstore.com\/fr\/product\/hops-blossoms-essential-oil\/","title":{"rendered":"Hops Blossoms Essential Oil"},"content":{"rendered":"<p style=\"font-weight: 400;\"><b><strong><img decoding=\"async\" class=\"size-full wp-image-37041 alignright\" src=\"https:\/\/dutchhealthstore.com\/wp-content\/uploads\/2018\/04\/Living_Libations-1.png\" alt=\"Organic &amp; Natural Beautyproducts - Living Libations\" width=\"175\" height=\"82\"><\/strong><\/b><\/p>\n<p><strong>Nom botanique :<\/strong> Humulus lupulus<br \/>\n<strong>Famille botanique :<\/strong> Cannabaceae<br \/>\n<strong>M\u00e9thode d&rsquo;extraction<\/strong> : Distillation \u00e0 la vapeur<br \/>\n<strong>Partie de la plante distill\u00e9e :<\/strong> C\u00f4nes<br \/>\n<strong>Pays d&rsquo;origine :<\/strong> Canada<br \/>\n<strong>M\u00e9thode de culture :<\/strong> Organique<br \/>\n<strong>Consistance :<\/strong> Viscosit\u00e9 fine \u00e0 moyenne<\/p>\n<h3>Description de l&rsquo;odeur<\/h3>\n<p>Ar\u00f4me sec, caract\u00e9ristique, vert-r\u00e9sineux, avec des notes fruit\u00e9es-florales d&rsquo;agrumes.<\/p>\n<h3>Se marie bien avec<\/h3>\n<p>Immortelle, Cardamome, Hysope, Sapin baumier, Noix de muscade, Rose Otto, N\u00e9roli, Ylang, Vanille, Lavande, M\u00e9lisse, Encens, Epinette, Citron, Nard, Bergamote, V\u00e9tiver, Thym doux, Sauge sclar\u00e9e, Mandarine, Pamplemousse, Lime et Camomille.<\/p>\n<h3>Utilisations<\/h3>\n<p>Sublime en mati\u00e8re de soins de la peau. Diluer pour utiliser. Des massages pour faire fondre les muscles. Distinctif dans la parfumerie chypre. Diffusez le soir pour faire fondre la journ\u00e9e.<\/p>\n<h3>Constituants<\/h3>\n<p>Monoterp\u00e8nes : myrc\u00e8ne 70%, Sesquiterp\u00e8nes : farn\u00e9s\u00e8ne, b-caryphyll\u00e8ne et a-humul\u00e8ne 15%.<\/p>\n<p><strong>Taille : 5 ml et 15 ml<\/strong><\/p>\n<h3>Ingr\u00e9dients biologiques<\/h3>\n<p>100% huile essentielle de fleurs de houblon (Humulus lupulus).<\/p>\n<p style=\"text-align: center;\"><em>\u00ab\u00a0Car ils cueillent les succulentes baies du houblon, les massent, les tamisent, les broient, les brassent, y m\u00e9langent des jus acides, portent le mo\u00fbt au feu sacr\u00e9 et ne cessent nuit et jour leur labeur, ces fr\u00e8res rus\u00e9s, seigneurs de la cuve.\u00a0\u00bb<\/em><br \/>\n~ James Joyce, <strong>Ulysses<\/strong><\/p>\n<p><img fetchpriority=\"high\" decoding=\"async\" class=\"aligncenter size-full wp-image-31577\" src=\"https:\/\/dutchhealthstore.com\/wp-content\/uploads\/2018\/03\/organic_big.png\" alt=\"Organic and Natural - Living Libations\" width=\"623\" height=\"103\" srcset=\"https:\/\/dutchhealthstore.com\/wp-content\/uploads\/2018\/03\/organic_big.png 623w, https:\/\/dutchhealthstore.com\/wp-content\/uploads\/2018\/03\/organic_big-510x84.png 510w, https:\/\/dutchhealthstore.com\/wp-content\/uploads\/2018\/03\/organic_big-600x99.png 600w, https:\/\/dutchhealthstore.com\/wp-content\/uploads\/2018\/03\/organic_big-350x58.png 350w\" sizes=\"(max-width: 623px) 100vw, 623px\" \/><\/p>\n","protected":false},"excerpt":{"rendered":"<p>L&rsquo;ar\u00f4me distinctif de <strong>Hops Blossom<\/strong> essential oil est distill\u00e9 \u00e0 partir des strobiles imbib\u00e9s de pollen et de s\u00e8ve qui pendent de cette plante fleurie grimpante et tortueuse. L&rsquo;essence d\u00e9gage un ar\u00f4me vert-r\u00e9sineux qui berce une berceuse, fait fondre les muscles, apprivoise les tensions et ensorcelle les sens de sa fragrance fulgurante.<\/p>\n","protected":false},"featured_media":41003,"comment_status":"open","ping_status":"closed","template":"","meta":[],"product_brand":[],"product_cat":[6734,1507,1211,3757,6733],"product_tag":[4495],"class_list":{"0":"post-119205","1":"product","2":"type-product","3":"status-publish","4":"has-post-thumbnail","6":"product_cat-essential-oils","7":"product_cat-plantes-huiles-essentielles-living-libations","8":"product_cat-living-libations-france","9":"product_cat-plantes-huiles-essentielles","10":"product_cat-wellness-fr-2","11":"product_tag-essential-oil-fr","12":"pa_brand-livinglibations-fr","13":"pa_essential-oils-product-type-essential-oils-fr","14":"pa_size-5-ml-fr","15":"pa_size-15-ml-fr","17":"first","18":"instock","19":"taxable","20":"shipping-taxable","21":"purchasable","22":"product-type-variable"},"bundled_by":[],"bundle_stock_status":"instock","bundle_stock_quantity":null,"bundle_virtual":false,"bundle_layout":"","bundle_add_to_cart_form_location":"","bundle_editable_in_cart":false,"bundle_sold_individually_context":"","bundle_item_grouping":"","bundle_min_size":"","bundle_max_size":"","bundle_price":[],"bundled_items":[],"bundle_sell_ids":[],"atum_controlled":true,"out_stock_date":null,"out_stock_threshold":null,"inheritable":true,"stock_on_hold":0,"sold_today":0,"sales_last_days":0,"out_stock_days":0,"lost_sales":0,"update_date":"2026-04-07T13:47:53","atum_locations":[],"atum_stock_status":"instock","restock_status":false,"low_stock_amount":"","sales_update_date":"2026-04-07T13:47:53","calc_backorders":null,"group_of_quantity":0,"min_quantity":0,"max_quantity":"","exclude_order_quantity_value_rules":"no","exclude_category_quantity_rules":"no","combine_variations":"no","yoast_head":"<!-- This site is optimized with the Yoast SEO Premium plugin v26.5 (Yoast SEO v26.5) - https:\/\/yoast.com\/wordpress\/plugins\/seo\/ -->\n<title>Hops Blossoms Essential Oil - Living Libations<\/title>\n<meta name=\"description\" content=\"L&#039;essence d\u00e9gage un ar\u00f4me vert-r\u00e9sineux qui berce une berceuse, fait fondre les muscles, apprivoise les tensions et ensorcelle les sens de sa fragrance fulgurante.\" \/>\n<meta name=\"robots\" content=\"index, follow, max-snippet:-1, max-image-preview:large, max-video-preview:-1\" \/>\n<link rel=\"canonical\" href=\"https:\/\/dutchhealthstore.com\/fr\/product\/hops-blossoms-essential-oil\/\" \/>\n<meta property=\"og:locale\" content=\"fr_FR\" \/>\n<meta property=\"og:type\" content=\"article\" \/>\n<meta property=\"og:title\" content=\"Hops Blossoms Essential Oil - Dutch Health Store\" \/>\n<meta property=\"og:description\" content=\"L&#039;essence d\u00e9gage un ar\u00f4me vert-r\u00e9sineux qui berce une berceuse, fait fondre les muscles, apprivoise les tensions et ensorcelle les sens de sa fragrance fulgurante.\" \/>\n<meta property=\"og:url\" content=\"https:\/\/dutchhealthstore.com\/fr\/product\/hops-blossoms-essential-oil\/\" \/>\n<meta property=\"og:site_name\" content=\"Dutch Health Store\" \/>\n<meta property=\"article:publisher\" content=\"https:\/\/www.instagram.com\/dutchhealthstore\/\" \/>\n<meta property=\"article:modified_time\" content=\"2024-02-06T15:01:13+00:00\" \/>\n<meta property=\"og:image\" content=\"https:\/\/dutchhealthstore.com\/wp-content\/uploads\/2018\/07\/Hops-Blossoms-Essential-Oil-Living-Libations-e1594715068606.jpg\" \/>\n\t<meta property=\"og:image:width\" content=\"500\" \/>\n\t<meta property=\"og:image:height\" content=\"588\" \/>\n\t<meta property=\"og:image:type\" content=\"image\/jpeg\" \/>\n<meta name=\"twitter:card\" content=\"summary_large_image\" \/>\n<meta name=\"twitter:label1\" content=\"Disponibilit\u00e9\" \/>\n\t<meta name=\"twitter:data1\" content=\"En stock\" \/>\n<script type=\"application\/ld+json\" class=\"yoast-schema-graph\">{\"@context\":\"https:\/\/schema.org\",\"@graph\":[{\"@type\":\"WebPage\",\"@id\":\"https:\/\/dutchhealthstore.com\/fr\/product\/hops-blossoms-essential-oil\/\",\"url\":\"https:\/\/dutchhealthstore.com\/fr\/product\/hops-blossoms-essential-oil\/\",\"name\":\"Hops Blossoms Essential Oil - Living Libations\",\"isPartOf\":{\"@id\":\"https:\/\/dutchhealthstore.com\/fr\/#website\"},\"primaryImageOfPage\":{\"@id\":\"https:\/\/dutchhealthstore.com\/fr\/product\/hops-blossoms-essential-oil\/#primaryimage\"},\"image\":{\"@id\":\"https:\/\/dutchhealthstore.com\/fr\/product\/hops-blossoms-essential-oil\/#primaryimage\"},\"thumbnailUrl\":\"https:\/\/dutchhealthstore.com\/wp-content\/uploads\/2018\/07\/Hops-Blossoms-Essential-Oil-Living-Libations-e1594715068606.jpg\",\"datePublished\":\"2018-07-31T18:42:23+00:00\",\"dateModified\":\"2024-02-06T15:01:13+00:00\",\"description\":\"L'essence d\u00e9gage un ar\u00f4me vert-r\u00e9sineux qui berce une berceuse, fait fondre les muscles, apprivoise les tensions et ensorcelle les sens de sa fragrance fulgurante.\",\"breadcrumb\":{\"@id\":\"https:\/\/dutchhealthstore.com\/fr\/product\/hops-blossoms-essential-oil\/#breadcrumb\"},\"inLanguage\":\"fr-FR\",\"potentialAction\":[{\"@type\":\"ReadAction\",\"target\":[\"https:\/\/dutchhealthstore.com\/fr\/product\/hops-blossoms-essential-oil\/\"]}]},{\"@type\":\"ImageObject\",\"inLanguage\":\"fr-FR\",\"@id\":\"https:\/\/dutchhealthstore.com\/fr\/product\/hops-blossoms-essential-oil\/#primaryimage\",\"url\":\"https:\/\/dutchhealthstore.com\/wp-content\/uploads\/2018\/07\/Hops-Blossoms-Essential-Oil-Living-Libations-e1594715068606.jpg\",\"contentUrl\":\"https:\/\/dutchhealthstore.com\/wp-content\/uploads\/2018\/07\/Hops-Blossoms-Essential-Oil-Living-Libations-e1594715068606.jpg\",\"width\":500,\"height\":588,\"caption\":\"Hops Blossoms Essential Oil Living Libations\"},{\"@type\":\"BreadcrumbList\",\"@id\":\"https:\/\/dutchhealthstore.com\/fr\/product\/hops-blossoms-essential-oil\/#breadcrumb\",\"itemListElement\":[{\"@type\":\"ListItem\",\"position\":1,\"name\":\"Home\",\"item\":\"https:\/\/dutchhealthstore.com\/fr\/\"},{\"@type\":\"ListItem\",\"position\":2,\"name\":\"Shop\",\"item\":\"https:\/\/dutchhealthstore.com\/fr\/shop\/\"},{\"@type\":\"ListItem\",\"position\":3,\"name\":\"Hops Blossoms Essential Oil\"}]},{\"@type\":\"WebSite\",\"@id\":\"https:\/\/dutchhealthstore.com\/fr\/#website\",\"url\":\"https:\/\/dutchhealthstore.com\/fr\/\",\"name\":\"Dutch Health Store\",\"description\":\"Enhance Your Beauty with Organic &amp; Natural Skincare\",\"publisher\":{\"@id\":\"https:\/\/dutchhealthstore.com\/fr\/#organization\"},\"potentialAction\":[{\"@type\":\"SearchAction\",\"target\":{\"@type\":\"EntryPoint\",\"urlTemplate\":\"https:\/\/dutchhealthstore.com\/fr\/?s={search_term_string}\"},\"query-input\":{\"@type\":\"PropertyValueSpecification\",\"valueRequired\":true,\"valueName\":\"search_term_string\"}}],\"inLanguage\":\"fr-FR\"},{\"@type\":\"Organization\",\"@id\":\"https:\/\/dutchhealthstore.com\/fr\/#organization\",\"name\":\"Dutch Health Store\",\"url\":\"https:\/\/dutchhealthstore.com\/fr\/\",\"logo\":{\"@type\":\"ImageObject\",\"inLanguage\":\"fr-FR\",\"@id\":\"https:\/\/dutchhealthstore.com\/fr\/#\/schema\/logo\/image\/\",\"url\":\"https:\/\/dutchhealthstore.com\/wp-content\/uploads\/2020\/08\/logo-dutchhealthstore-jpg-e1599484957574.jpg\",\"contentUrl\":\"https:\/\/dutchhealthstore.com\/wp-content\/uploads\/2020\/08\/logo-dutchhealthstore-jpg-e1599484957574.jpg\",\"width\":400,\"height\":62,\"caption\":\"Dutch Health Store\"},\"image\":{\"@id\":\"https:\/\/dutchhealthstore.com\/fr\/#\/schema\/logo\/image\/\"},\"sameAs\":[\"https:\/\/www.instagram.com\/dutchhealthstore\/\",\"https:\/\/www.facebook.com\/dutchhealthstore\"]}]}<\/script>\n<meta property=\"product:brand\" content=\"Living Libations\" \/>\n<meta property=\"og:availability\" content=\"instock\" \/>\n<meta property=\"product:availability\" content=\"instock\" \/>\n<meta property=\"product:condition\" content=\"new\" \/>\n<!-- \/ Yoast SEO Premium plugin. -->","yoast_head_json":{"title":"Hops Blossoms Essential Oil - Living Libations","description":"L'essence d\u00e9gage un ar\u00f4me vert-r\u00e9sineux qui berce une berceuse, fait fondre les muscles, apprivoise les tensions et ensorcelle les sens de sa fragrance fulgurante.","robots":{"index":"index","follow":"follow","max-snippet":"max-snippet:-1","max-image-preview":"max-image-preview:large","max-video-preview":"max-video-preview:-1"},"canonical":"https:\/\/dutchhealthstore.com\/fr\/product\/hops-blossoms-essential-oil\/","og_locale":"fr_FR","og_type":"article","og_title":"Hops Blossoms Essential Oil - Dutch Health Store","og_description":"L'essence d\u00e9gage un ar\u00f4me vert-r\u00e9sineux qui berce une berceuse, fait fondre les muscles, apprivoise les tensions et ensorcelle les sens de sa fragrance fulgurante.","og_url":"https:\/\/dutchhealthstore.com\/fr\/product\/hops-blossoms-essential-oil\/","og_site_name":"Dutch Health Store","article_publisher":"https:\/\/www.instagram.com\/dutchhealthstore\/","article_modified_time":"2024-02-06T15:01:13+00:00","og_image":[{"width":500,"height":588,"url":"https:\/\/dutchhealthstore.com\/wp-content\/uploads\/2018\/07\/Hops-Blossoms-Essential-Oil-Living-Libations-e1594715068606.jpg","type":"image\/jpeg"}],"twitter_card":"summary_large_image","twitter_misc":{"Disponibilit\u00e9":"En stock"},"schema":{"@context":"https:\/\/schema.org","@graph":[{"@type":"WebPage","@id":"https:\/\/dutchhealthstore.com\/fr\/product\/hops-blossoms-essential-oil\/","url":"https:\/\/dutchhealthstore.com\/fr\/product\/hops-blossoms-essential-oil\/","name":"Hops Blossoms Essential Oil - Living Libations","isPartOf":{"@id":"https:\/\/dutchhealthstore.com\/fr\/#website"},"primaryImageOfPage":{"@id":"https:\/\/dutchhealthstore.com\/fr\/product\/hops-blossoms-essential-oil\/#primaryimage"},"image":{"@id":"https:\/\/dutchhealthstore.com\/fr\/product\/hops-blossoms-essential-oil\/#primaryimage"},"thumbnailUrl":"https:\/\/dutchhealthstore.com\/wp-content\/uploads\/2018\/07\/Hops-Blossoms-Essential-Oil-Living-Libations-e1594715068606.jpg","datePublished":"2018-07-31T18:42:23+00:00","dateModified":"2024-02-06T15:01:13+00:00","description":"L'essence d\u00e9gage un ar\u00f4me vert-r\u00e9sineux qui berce une berceuse, fait fondre les muscles, apprivoise les tensions et ensorcelle les sens de sa fragrance fulgurante.","breadcrumb":{"@id":"https:\/\/dutchhealthstore.com\/fr\/product\/hops-blossoms-essential-oil\/#breadcrumb"},"inLanguage":"fr-FR","potentialAction":[{"@type":"ReadAction","target":["https:\/\/dutchhealthstore.com\/fr\/product\/hops-blossoms-essential-oil\/"]}]},{"@type":"ImageObject","inLanguage":"fr-FR","@id":"https:\/\/dutchhealthstore.com\/fr\/product\/hops-blossoms-essential-oil\/#primaryimage","url":"https:\/\/dutchhealthstore.com\/wp-content\/uploads\/2018\/07\/Hops-Blossoms-Essential-Oil-Living-Libations-e1594715068606.jpg","contentUrl":"https:\/\/dutchhealthstore.com\/wp-content\/uploads\/2018\/07\/Hops-Blossoms-Essential-Oil-Living-Libations-e1594715068606.jpg","width":500,"height":588,"caption":"Hops Blossoms Essential Oil Living Libations"},{"@type":"BreadcrumbList","@id":"https:\/\/dutchhealthstore.com\/fr\/product\/hops-blossoms-essential-oil\/#breadcrumb","itemListElement":[{"@type":"ListItem","position":1,"name":"Home","item":"https:\/\/dutchhealthstore.com\/fr\/"},{"@type":"ListItem","position":2,"name":"Shop","item":"https:\/\/dutchhealthstore.com\/fr\/shop\/"},{"@type":"ListItem","position":3,"name":"Hops Blossoms Essential Oil"}]},{"@type":"WebSite","@id":"https:\/\/dutchhealthstore.com\/fr\/#website","url":"https:\/\/dutchhealthstore.com\/fr\/","name":"Dutch Health Store","description":"Enhance Your Beauty with Organic &amp; Natural Skincare","publisher":{"@id":"https:\/\/dutchhealthstore.com\/fr\/#organization"},"potentialAction":[{"@type":"SearchAction","target":{"@type":"EntryPoint","urlTemplate":"https:\/\/dutchhealthstore.com\/fr\/?s={search_term_string}"},"query-input":{"@type":"PropertyValueSpecification","valueRequired":true,"valueName":"search_term_string"}}],"inLanguage":"fr-FR"},{"@type":"Organization","@id":"https:\/\/dutchhealthstore.com\/fr\/#organization","name":"Dutch Health Store","url":"https:\/\/dutchhealthstore.com\/fr\/","logo":{"@type":"ImageObject","inLanguage":"fr-FR","@id":"https:\/\/dutchhealthstore.com\/fr\/#\/schema\/logo\/image\/","url":"https:\/\/dutchhealthstore.com\/wp-content\/uploads\/2020\/08\/logo-dutchhealthstore-jpg-e1599484957574.jpg","contentUrl":"https:\/\/dutchhealthstore.com\/wp-content\/uploads\/2020\/08\/logo-dutchhealthstore-jpg-e1599484957574.jpg","width":400,"height":62,"caption":"Dutch Health Store"},"image":{"@id":"https:\/\/dutchhealthstore.com\/fr\/#\/schema\/logo\/image\/"},"sameAs":["https:\/\/www.instagram.com\/dutchhealthstore\/","https:\/\/www.facebook.com\/dutchhealthstore"]}]},"product_brand":"Living Libations","og_availability":"instock","product_availability":"instock","product_condition":"new"},"_links":{"self":[{"href":"https:\/\/dutchhealthstore.com\/fr\/wp-json\/wp\/v2\/product\/119205","targetHints":{"allow":["GET"]}}],"collection":[{"href":"https:\/\/dutchhealthstore.com\/fr\/wp-json\/wp\/v2\/product"}],"about":[{"href":"https:\/\/dutchhealthstore.com\/fr\/wp-json\/wp\/v2\/types\/product"}],"replies":[{"embeddable":true,"href":"https:\/\/dutchhealthstore.com\/fr\/wp-json\/wp\/v2\/comments?post=119205"}],"wp:featuredmedia":[{"embeddable":true,"href":"https:\/\/dutchhealthstore.com\/fr\/wp-json\/wp\/v2\/media\/41003"}],"wp:attachment":[{"href":"https:\/\/dutchhealthstore.com\/fr\/wp-json\/wp\/v2\/media?parent=119205"}],"wp:term":[{"taxonomy":"product_brand","embeddable":true,"href":"https:\/\/dutchhealthstore.com\/fr\/wp-json\/wp\/v2\/product_brand?post=119205"},{"taxonomy":"product_cat","embeddable":true,"href":"https:\/\/dutchhealthstore.com\/fr\/wp-json\/wp\/v2\/product_cat?post=119205"},{"taxonomy":"product_tag","embeddable":true,"href":"https:\/\/dutchhealthstore.com\/fr\/wp-json\/wp\/v2\/product_tag?post=119205"}],"curies":[{"name":"wp","href":"https:\/\/api.w.org\/{rel}","templated":true}]}}