{"id":119190,"date":"2020-06-23T07:24:29","date_gmt":"2020-06-23T07:24:29","guid":{"rendered":"https:\/\/dutchhealthstore.com\/product\/honeycomb-absolute\/"},"modified":"2024-01-12T13:14:26","modified_gmt":"2024-01-12T13:14:26","slug":"honeycomb-absolute","status":"publish","type":"product","link":"https:\/\/dutchhealthstore.com\/fr\/product\/honeycomb-absolute\/","title":{"rendered":"Honeycomb Absolute"},"content":{"rendered":"<p><img decoding=\"async\" class=\"size-full wp-image-69549 alignright\" src=\"https:\/\/dutchhealthstore.com\/wp-content\/uploads\/2019\/08\/NEW-Living-Libations-Logo.jpg\" alt=\"NEW - Living Libations - Logo\" width=\"175\" height=\"82\"><strong>Nom biologique :<\/strong> Apis mellifera<br \/>\n<strong>Famille :<\/strong> Apidae<br \/>\n<strong>M\u00e9thode d&rsquo;extraction :<\/strong> Extraction par solvant<br \/>\n<strong>Partie de la plante distill\u00e9e :<\/strong> Nid d&rsquo;abeille\/cire d&rsquo;abeille<br \/>\n<strong>Pays d&rsquo;origine :<\/strong> France<br \/>\n<strong>M\u00e9thode de culture :<\/strong> Organique<br \/>\n<strong>Composition :<\/strong> 100% Apis mellifera <strong>(50:50 <span style=\"font-size: 14.4px;\">avec Jojoba bio)<\/span><\/strong><\/p>\n<p><strong>Consistance :<\/strong> \u00c9pais<\/p>\n<h3>Description de l&rsquo;odeur<\/h3>\n<p>Du miel chaud de fleurs sauvages infus\u00e9 avec des arri\u00e8re-pens\u00e9es de pollen, de foin, de tabac doux, de cuir et d&rsquo;un musc d&rsquo;\u00e9rable \u00e9tonnamment subtil.<\/p>\n<h3>Se marie bien avec<\/h3>\n<p>V\u00e9tiver, bois de santal, jasmin, rose, mauve musqu\u00e9e, palo santo, marjolaine, ylang, nard, racine d&rsquo;iris, bergamote, mandarine, pamplemousse, mandarine et vanille.<\/p>\n<h3>Utilisations<\/h3>\n<p>De magnifiques m\u00e9langes de parfums et d&rsquo;aromath\u00e9rapie. Adorable dans les bains et les diffuseurs.<\/p>\n<h3>Conseil de pro<\/h3>\n<p>R\u00e9chauffez le flacon dans de l&rsquo;eau chaude et diluez imm\u00e9diatement avec de l&rsquo;alcool biologique, d&rsquo;autres huiles essentielles ou du jojoba pour une consistance plus fine.<\/p>\n<a href=\"https:\/\/dutchhealthstore.com\/wp-content\/uploads\/2020\/06\/ANALYSIS-Honeycomb-Absolute-Living-Libations-2.pdf\" class=\"button primary is-primary is-small\"  >\n\t\t<span> ANALYSE &gt;<\/span>\n\t<\/a>\n\n<p>Notre Honeycomb Absolute (alias absolue de cire d&rsquo;abeille) est extraite des nids d&rsquo;abeilles heureux des abeilles fran\u00e7aises bourdonnantes, ambassadrices de la sant\u00e9 et gardiennes de la richesse en cire ! Cette cire miraculeuse est la coqueluche des abeilles pour les m\u00e9langes aux parfums subtils et les r\u00e9parations de la peau souple. Cet absolu est de la cire pure, captur\u00e9e directement sur le rayon de miel hexagonal, la forteresse de la reine des abeilles. Avec des notes de fleurs sauvages, de miel et de foin, ce parfum chaud et sucr\u00e9 fera votre bonheur. Honeycomb Absolute est parfait pour la parfumerie. Il a une consistance similaire \u00e0 la m\u00e9lasse et se liqu\u00e9fie dans l&rsquo;eau chaude.<\/p>\n<p>L&rsquo;absolu se pr\u00e9sente sous forme de cire, mais peut \u00eatre facilement utilis\u00e9 dans les m\u00e9langes de parfums en trempant le flacon dans de l&rsquo;eau chaude pour liqu\u00e9fier la cire. Chaque lot est une merveille aromatique car chaque nid d&rsquo;abeille est diff\u00e9rent, offrant ainsi des possibilit\u00e9s infinies d&rsquo;explorations olfactives et de cr\u00e9ations sucr\u00e9es. La senteur de l&rsquo;absolu \u00e9voluera \u00e9galement avec le temps, permettant aux parfums d&rsquo;atteindre des sommets d&rsquo;expression olfactive.<\/p>\n<p><strong>Taille : 5 ml (50:50 Jojoba)<\/strong><\/p>\n<h3>Ingr\u00e9dients biologiques<\/h3>\n<p>100% d&rsquo;absolu d&rsquo;Apis mellifera (ou option 50:50 avec du Jojoba biologique).<\/p>\n<p style=\"text-align: center;\"><em>\u00ab\u00a0Dans la lampe aromatique, le bain et les huiles de massage, l&rsquo;huile de nid d&rsquo;abeille calme, d\u00e9tend et \u00e9quilibre. Elle peut \u00eatre utilis\u00e9e dans un bain pour le confort. Les enfants appr\u00e9cient l&rsquo;huile de nid d&rsquo;abeille m\u00e9lang\u00e9e \u00e0 la mandarine et \u00e0 la vanille&#8230;\u00a0\u00bb<\/em><br \/>\n~ Susanne Fischer-Rizzi, <strong>Complete Aromatherapy Handbook<\/strong><\/p>\n<p style=\"text-align: center;\"><em>\u00ab\u00a0La cire d&rsquo;abeille est le miracle de la ruche. Pour former la cire d&rsquo;abeille en nid d&rsquo;abeille, les abeilles vont se suspendre en cha\u00eene. Au fur et \u00e0 mesure que la cire est exsud\u00e9e des glandes des abeilles productrices de cire, elle passe entre les pattes et la bouche des abeilles qui forment la cha\u00eene, \u00e9tant m\u00e2ch\u00e9e et model\u00e9e en cours de route. Les abeilles utilisent ensuite cette cire pour construire les cellules de miel de forme hexagonale que l&rsquo;on conna\u00eet bien. C&rsquo;est au cours de ce processus que la cire commence \u00e0 d\u00e9velopper sa couleur et son opacit\u00e9. Selon le type de nectar et de pollen qui entre dans la ruche et qui est consomm\u00e9 par les abeilles, des morceaux microscopiques de pollen et de nectar restent et sont ajout\u00e9s \u00e0 la cire. Il faut environ 1 100 \u00e9cailles pour fabriquer un gramme de cire. \u00ab\u00a0<\/em><br \/>\n~ Petra Ahnert,<strong> Beeswax Alchemy<\/strong><\/p>\n<p style=\"text-align: center;\"><em>\u00ab\u00a0Il y avait une merveilleuse atmosph\u00e8re de douceur de l&rsquo;\u00e2ge, une odeur de fleurs et de cire d&rsquo;abeille, douce mais l\u00e9g\u00e8rement aigre et moisie ; une odeur qui vous fait sentir tr\u00e8s tendre envers le pass\u00e9.\u00a0\u00bb<\/em><br \/>\n~ Dodie Smith, <strong>Capture the Castle<\/strong><\/p>\n<p><img fetchpriority=\"high\" decoding=\"async\" class=\"size-medium wp-image-68103 aligncenter\" src=\"https:\/\/dutchhealthstore.com\/wp-content\/uploads\/2018\/02\/Living-Libations-Organic-Logo-800x89.png\" alt=\"Living Libations - Organic Logo\" width=\"800\" height=\"89\" srcset=\"https:\/\/dutchhealthstore.com\/wp-content\/uploads\/2018\/02\/Living-Libations-Organic-Logo-800x89.png 800w, https:\/\/dutchhealthstore.com\/wp-content\/uploads\/2018\/02\/Living-Libations-Organic-Logo-510x57.png 510w, https:\/\/dutchhealthstore.com\/wp-content\/uploads\/2018\/02\/Living-Libations-Organic-Logo-768x85.png 768w, https:\/\/dutchhealthstore.com\/wp-content\/uploads\/2018\/02\/Living-Libations-Organic-Logo.png 1400w\" sizes=\"(max-width: 800px) 100vw, 800px\" \/><\/p>\n","protected":false},"excerpt":{"rendered":"<p><strong>Honeycomb Absolute<\/strong> paradisiaque est obtenu \u00e0 partir de la cire naturel que l&rsquo;on trouve dans les nids d&rsquo;abeilles fran\u00e7ais parfum\u00e9s. Apr\u00e8s avoir extrait la cire du rayon de miel, la cire est ensuite fondue et filtr\u00e9e pour \u00e9liminer les impuret\u00e9s, ne laissant que la cire la plus pure et la plus douce de l&rsquo;abeille heureuse.<\/p>\n","protected":false},"featured_media":108531,"comment_status":"open","ping_status":"closed","template":"","meta":[],"product_brand":[],"product_cat":[3754,1507,6734,1211,1209,6733],"product_tag":[8678,21668,4495,21811],"class_list":{"0":"post-119190","1":"product","2":"type-product","3":"status-publish","4":"has-post-thumbnail","6":"product_cat-essences-absolues","7":"product_cat-plantes-huiles-essentielles-living-libations","8":"product_cat-essential-oils","9":"product_cat-living-libations-france","10":"product_cat-par-marques","11":"product_cat-wellness-fr-2","12":"product_tag-absolute-fr","13":"product_tag-arome","14":"product_tag-essential-oil-fr","15":"product_tag-natural-fr","16":"pa_brand-livinglibations-fr","17":"pa_essential-oils-product-type-absolute-essences-fr","18":"pa_essential-oils-product-type-essential-oils-fr","19":"pa_size-5-ml-5050-jojoba-fr","21":"first","22":"instock","23":"taxable","24":"shipping-taxable","25":"purchasable","26":"product-type-simple"},"bundled_by":[],"bundle_stock_status":"instock","bundle_stock_quantity":3,"bundle_virtual":false,"bundle_layout":"","bundle_add_to_cart_form_location":"","bundle_editable_in_cart":false,"bundle_sold_individually_context":"","bundle_item_grouping":"","bundle_min_size":"","bundle_max_size":"","bundle_price":[],"bundled_items":[],"bundle_sell_ids":[],"atum_controlled":true,"out_stock_date":null,"out_stock_threshold":null,"inheritable":false,"stock_on_hold":1,"sold_today":0,"sales_last_days":0,"out_stock_days":0,"lost_sales":0,"update_date":"2026-04-30T11:56:27","atum_locations":[],"atum_stock_status":"instock","restock_status":false,"low_stock_amount":"","sales_update_date":"2026-04-30T11:56:27","calc_backorders":null,"group_of_quantity":0,"min_quantity":0,"max_quantity":"","exclude_order_quantity_value_rules":"no","exclude_category_quantity_rules":"no","combine_variations":"no","yoast_head":"<!-- This site is optimized with the Yoast SEO Premium plugin v26.5 (Yoast SEO v26.5) - https:\/\/yoast.com\/wordpress\/plugins\/seo\/ -->\n<title>Honeycomb Absolute | Living Libations<\/title>\n<meta name=\"description\" content=\"Honeycomb Absolute paradisiaque est obtenu \u00e0 partir de la cire naturel que l&#039;on trouve dans les nids d&#039;abeilles fran\u00e7ais parfum\u00e9s.\" \/>\n<meta name=\"robots\" content=\"index, follow, max-snippet:-1, max-image-preview:large, max-video-preview:-1\" \/>\n<link rel=\"canonical\" href=\"https:\/\/dutchhealthstore.com\/fr\/product\/honeycomb-absolute\/\" \/>\n<meta property=\"og:locale\" content=\"fr_FR\" \/>\n<meta property=\"og:type\" content=\"article\" \/>\n<meta property=\"og:title\" content=\"Honeycomb Absolute - Dutch Health Store\" \/>\n<meta property=\"og:description\" content=\"Honeycomb Absolute paradisiaque est obtenu \u00e0 partir de la cire naturel que l&#039;on trouve dans les nids d&#039;abeilles fran\u00e7ais parfum\u00e9s.\" \/>\n<meta property=\"og:url\" content=\"https:\/\/dutchhealthstore.com\/fr\/product\/honeycomb-absolute\/\" \/>\n<meta property=\"og:site_name\" content=\"Dutch Health Store\" \/>\n<meta property=\"article:publisher\" content=\"https:\/\/www.instagram.com\/dutchhealthstore\/\" \/>\n<meta property=\"article:modified_time\" content=\"2024-01-12T13:14:26+00:00\" \/>\n<meta property=\"og:image\" content=\"https:\/\/dutchhealthstore.com\/wp-content\/uploads\/2020\/06\/Living-Libations-honeycomb-absolute-e1592895546558.png\" \/>\n\t<meta property=\"og:image:width\" content=\"500\" \/>\n\t<meta property=\"og:image:height\" content=\"500\" \/>\n\t<meta property=\"og:image:type\" content=\"image\/jpeg\" \/>\n<meta name=\"twitter:card\" content=\"summary_large_image\" \/>\n<meta name=\"twitter:label1\" content=\"Prix\" \/>\n\t<meta name=\"twitter:data1\" content=\"&euro;55,00\" \/>\n\t<meta name=\"twitter:label2\" content=\"Disponibilit\u00e9\" \/>\n\t<meta name=\"twitter:data2\" content=\"En stock\" \/>\n<script type=\"application\/ld+json\" class=\"yoast-schema-graph\">{\"@context\":\"https:\/\/schema.org\",\"@graph\":[{\"@type\":\"WebPage\",\"@id\":\"https:\/\/dutchhealthstore.com\/fr\/product\/honeycomb-absolute\/\",\"url\":\"https:\/\/dutchhealthstore.com\/fr\/product\/honeycomb-absolute\/\",\"name\":\"Honeycomb Absolute | Living Libations\",\"isPartOf\":{\"@id\":\"https:\/\/dutchhealthstore.com\/fr\/#website\"},\"primaryImageOfPage\":{\"@id\":\"https:\/\/dutchhealthstore.com\/fr\/product\/honeycomb-absolute\/#primaryimage\"},\"image\":{\"@id\":\"https:\/\/dutchhealthstore.com\/fr\/product\/honeycomb-absolute\/#primaryimage\"},\"thumbnailUrl\":\"https:\/\/dutchhealthstore.com\/wp-content\/uploads\/2020\/06\/Living-Libations-honeycomb-absolute-e1592895546558.png\",\"datePublished\":\"2020-06-23T07:24:29+00:00\",\"dateModified\":\"2024-01-12T13:14:26+00:00\",\"description\":\"Honeycomb Absolute paradisiaque est obtenu \u00e0 partir de la cire naturel que l'on trouve dans les nids d'abeilles fran\u00e7ais parfum\u00e9s.\",\"breadcrumb\":{\"@id\":\"https:\/\/dutchhealthstore.com\/fr\/product\/honeycomb-absolute\/#breadcrumb\"},\"inLanguage\":\"fr-FR\",\"potentialAction\":[{\"@type\":\"ReadAction\",\"target\":[\"https:\/\/dutchhealthstore.com\/fr\/product\/honeycomb-absolute\/\"]}]},{\"@type\":\"ImageObject\",\"inLanguage\":\"fr-FR\",\"@id\":\"https:\/\/dutchhealthstore.com\/fr\/product\/honeycomb-absolute\/#primaryimage\",\"url\":\"https:\/\/dutchhealthstore.com\/wp-content\/uploads\/2020\/06\/Living-Libations-honeycomb-absolute-e1592895546558.png\",\"contentUrl\":\"https:\/\/dutchhealthstore.com\/wp-content\/uploads\/2020\/06\/Living-Libations-honeycomb-absolute-e1592895546558.png\",\"width\":500,\"height\":500,\"caption\":\"Living Libations honeycomb absolute\"},{\"@type\":\"BreadcrumbList\",\"@id\":\"https:\/\/dutchhealthstore.com\/fr\/product\/honeycomb-absolute\/#breadcrumb\",\"itemListElement\":[{\"@type\":\"ListItem\",\"position\":1,\"name\":\"Home\",\"item\":\"https:\/\/dutchhealthstore.com\/fr\/\"},{\"@type\":\"ListItem\",\"position\":2,\"name\":\"Shop\",\"item\":\"https:\/\/dutchhealthstore.com\/fr\/shop\/\"},{\"@type\":\"ListItem\",\"position\":3,\"name\":\"Honeycomb Absolute\"}]},{\"@type\":\"WebSite\",\"@id\":\"https:\/\/dutchhealthstore.com\/fr\/#website\",\"url\":\"https:\/\/dutchhealthstore.com\/fr\/\",\"name\":\"Dutch Health Store\",\"description\":\"Enhance Your Beauty with Organic &amp; Natural Skincare\",\"publisher\":{\"@id\":\"https:\/\/dutchhealthstore.com\/fr\/#organization\"},\"potentialAction\":[{\"@type\":\"SearchAction\",\"target\":{\"@type\":\"EntryPoint\",\"urlTemplate\":\"https:\/\/dutchhealthstore.com\/fr\/?s={search_term_string}\"},\"query-input\":{\"@type\":\"PropertyValueSpecification\",\"valueRequired\":true,\"valueName\":\"search_term_string\"}}],\"inLanguage\":\"fr-FR\"},{\"@type\":\"Organization\",\"@id\":\"https:\/\/dutchhealthstore.com\/fr\/#organization\",\"name\":\"Dutch Health Store\",\"url\":\"https:\/\/dutchhealthstore.com\/fr\/\",\"logo\":{\"@type\":\"ImageObject\",\"inLanguage\":\"fr-FR\",\"@id\":\"https:\/\/dutchhealthstore.com\/fr\/#\/schema\/logo\/image\/\",\"url\":\"https:\/\/dutchhealthstore.com\/wp-content\/uploads\/2020\/08\/logo-dutchhealthstore-jpg-e1599484957574.jpg\",\"contentUrl\":\"https:\/\/dutchhealthstore.com\/wp-content\/uploads\/2020\/08\/logo-dutchhealthstore-jpg-e1599484957574.jpg\",\"width\":400,\"height\":62,\"caption\":\"Dutch Health Store\"},\"image\":{\"@id\":\"https:\/\/dutchhealthstore.com\/fr\/#\/schema\/logo\/image\/\"},\"sameAs\":[\"https:\/\/www.instagram.com\/dutchhealthstore\/\",\"https:\/\/www.facebook.com\/dutchhealthstore\"]}]}<\/script>\n<meta property=\"product:brand\" content=\"Living Libations\" \/>\n<meta property=\"product:price:amount\" content=\"55.00\" \/>\n<meta property=\"product:price:currency\" content=\"EUR\" \/>\n<meta property=\"og:availability\" content=\"instock\" \/>\n<meta property=\"product:availability\" content=\"instock\" \/>\n<meta property=\"product:condition\" content=\"new\" \/>\n<!-- \/ Yoast SEO Premium plugin. -->","yoast_head_json":{"title":"Honeycomb Absolute | Living Libations","description":"Honeycomb Absolute paradisiaque est obtenu \u00e0 partir de la cire naturel que l'on trouve dans les nids d'abeilles fran\u00e7ais parfum\u00e9s.","robots":{"index":"index","follow":"follow","max-snippet":"max-snippet:-1","max-image-preview":"max-image-preview:large","max-video-preview":"max-video-preview:-1"},"canonical":"https:\/\/dutchhealthstore.com\/fr\/product\/honeycomb-absolute\/","og_locale":"fr_FR","og_type":"article","og_title":"Honeycomb Absolute - Dutch Health Store","og_description":"Honeycomb Absolute paradisiaque est obtenu \u00e0 partir de la cire naturel que l'on trouve dans les nids d'abeilles fran\u00e7ais parfum\u00e9s.","og_url":"https:\/\/dutchhealthstore.com\/fr\/product\/honeycomb-absolute\/","og_site_name":"Dutch Health Store","article_publisher":"https:\/\/www.instagram.com\/dutchhealthstore\/","article_modified_time":"2024-01-12T13:14:26+00:00","og_image":[{"width":500,"height":500,"url":"https:\/\/dutchhealthstore.com\/wp-content\/uploads\/2020\/06\/Living-Libations-honeycomb-absolute-e1592895546558.png","type":"image\/jpeg"}],"twitter_card":"summary_large_image","twitter_misc":{"Prix":"&euro;55,00","Disponibilit\u00e9":"En stock"},"schema":{"@context":"https:\/\/schema.org","@graph":[{"@type":"WebPage","@id":"https:\/\/dutchhealthstore.com\/fr\/product\/honeycomb-absolute\/","url":"https:\/\/dutchhealthstore.com\/fr\/product\/honeycomb-absolute\/","name":"Honeycomb Absolute | Living Libations","isPartOf":{"@id":"https:\/\/dutchhealthstore.com\/fr\/#website"},"primaryImageOfPage":{"@id":"https:\/\/dutchhealthstore.com\/fr\/product\/honeycomb-absolute\/#primaryimage"},"image":{"@id":"https:\/\/dutchhealthstore.com\/fr\/product\/honeycomb-absolute\/#primaryimage"},"thumbnailUrl":"https:\/\/dutchhealthstore.com\/wp-content\/uploads\/2020\/06\/Living-Libations-honeycomb-absolute-e1592895546558.png","datePublished":"2020-06-23T07:24:29+00:00","dateModified":"2024-01-12T13:14:26+00:00","description":"Honeycomb Absolute paradisiaque est obtenu \u00e0 partir de la cire naturel que l'on trouve dans les nids d'abeilles fran\u00e7ais parfum\u00e9s.","breadcrumb":{"@id":"https:\/\/dutchhealthstore.com\/fr\/product\/honeycomb-absolute\/#breadcrumb"},"inLanguage":"fr-FR","potentialAction":[{"@type":"ReadAction","target":["https:\/\/dutchhealthstore.com\/fr\/product\/honeycomb-absolute\/"]}]},{"@type":"ImageObject","inLanguage":"fr-FR","@id":"https:\/\/dutchhealthstore.com\/fr\/product\/honeycomb-absolute\/#primaryimage","url":"https:\/\/dutchhealthstore.com\/wp-content\/uploads\/2020\/06\/Living-Libations-honeycomb-absolute-e1592895546558.png","contentUrl":"https:\/\/dutchhealthstore.com\/wp-content\/uploads\/2020\/06\/Living-Libations-honeycomb-absolute-e1592895546558.png","width":500,"height":500,"caption":"Living Libations honeycomb absolute"},{"@type":"BreadcrumbList","@id":"https:\/\/dutchhealthstore.com\/fr\/product\/honeycomb-absolute\/#breadcrumb","itemListElement":[{"@type":"ListItem","position":1,"name":"Home","item":"https:\/\/dutchhealthstore.com\/fr\/"},{"@type":"ListItem","position":2,"name":"Shop","item":"https:\/\/dutchhealthstore.com\/fr\/shop\/"},{"@type":"ListItem","position":3,"name":"Honeycomb Absolute"}]},{"@type":"WebSite","@id":"https:\/\/dutchhealthstore.com\/fr\/#website","url":"https:\/\/dutchhealthstore.com\/fr\/","name":"Dutch Health Store","description":"Enhance Your Beauty with Organic &amp; Natural Skincare","publisher":{"@id":"https:\/\/dutchhealthstore.com\/fr\/#organization"},"potentialAction":[{"@type":"SearchAction","target":{"@type":"EntryPoint","urlTemplate":"https:\/\/dutchhealthstore.com\/fr\/?s={search_term_string}"},"query-input":{"@type":"PropertyValueSpecification","valueRequired":true,"valueName":"search_term_string"}}],"inLanguage":"fr-FR"},{"@type":"Organization","@id":"https:\/\/dutchhealthstore.com\/fr\/#organization","name":"Dutch Health Store","url":"https:\/\/dutchhealthstore.com\/fr\/","logo":{"@type":"ImageObject","inLanguage":"fr-FR","@id":"https:\/\/dutchhealthstore.com\/fr\/#\/schema\/logo\/image\/","url":"https:\/\/dutchhealthstore.com\/wp-content\/uploads\/2020\/08\/logo-dutchhealthstore-jpg-e1599484957574.jpg","contentUrl":"https:\/\/dutchhealthstore.com\/wp-content\/uploads\/2020\/08\/logo-dutchhealthstore-jpg-e1599484957574.jpg","width":400,"height":62,"caption":"Dutch Health Store"},"image":{"@id":"https:\/\/dutchhealthstore.com\/fr\/#\/schema\/logo\/image\/"},"sameAs":["https:\/\/www.instagram.com\/dutchhealthstore\/","https:\/\/www.facebook.com\/dutchhealthstore"]}]},"product_brand":"Living Libations","product_price_amount":"55.00","product_price_currency":"EUR","og_availability":"instock","product_availability":"instock","product_condition":"new"},"_links":{"self":[{"href":"https:\/\/dutchhealthstore.com\/fr\/wp-json\/wp\/v2\/product\/119190","targetHints":{"allow":["GET"]}}],"collection":[{"href":"https:\/\/dutchhealthstore.com\/fr\/wp-json\/wp\/v2\/product"}],"about":[{"href":"https:\/\/dutchhealthstore.com\/fr\/wp-json\/wp\/v2\/types\/product"}],"replies":[{"embeddable":true,"href":"https:\/\/dutchhealthstore.com\/fr\/wp-json\/wp\/v2\/comments?post=119190"}],"wp:featuredmedia":[{"embeddable":true,"href":"https:\/\/dutchhealthstore.com\/fr\/wp-json\/wp\/v2\/media\/108531"}],"wp:attachment":[{"href":"https:\/\/dutchhealthstore.com\/fr\/wp-json\/wp\/v2\/media?parent=119190"}],"wp:term":[{"taxonomy":"product_brand","embeddable":true,"href":"https:\/\/dutchhealthstore.com\/fr\/wp-json\/wp\/v2\/product_brand?post=119190"},{"taxonomy":"product_cat","embeddable":true,"href":"https:\/\/dutchhealthstore.com\/fr\/wp-json\/wp\/v2\/product_cat?post=119190"},{"taxonomy":"product_tag","embeddable":true,"href":"https:\/\/dutchhealthstore.com\/fr\/wp-json\/wp\/v2\/product_tag?post=119190"}],"curies":[{"name":"wp","href":"https:\/\/api.w.org\/{rel}","templated":true}]}}