{"id":118914,"date":"2018-02-10T20:59:09","date_gmt":"2018-02-10T19:59:09","guid":{"rendered":"https:\/\/dutchhealthstore.com\/product\/greenland-moss-essential-oil\/"},"modified":"2024-03-08T14:59:27","modified_gmt":"2024-03-08T14:59:27","slug":"greenland-moss-essential-oil","status":"publish","type":"product","link":"https:\/\/dutchhealthstore.com\/fr\/product\/greenland-moss-essential-oil\/","title":{"rendered":"Greenland Moss Essential Oil"},"content":{"rendered":"<p><img decoding=\"async\" class=\"size-full wp-image-69549 alignright\" src=\"https:\/\/dutchhealthstore.com\/wp-content\/uploads\/2019\/08\/NEW-Living-Libations-Logo.jpg\" alt=\"NEW - Living Libations - Logo\" width=\"175\" height=\"82\">Living Libations\u2019 Greenland Moss Essential Oil est fabriqu\u00e9e \u00e0 l&rsquo;\u00e9tat sauvage et distill\u00e9e \u00e0 la vapeur \u00e0 partir des p\u00e9tales blancs de la plante canadienne du th\u00e9 du Labrador. Les feuilles rid\u00e9es et coriaces de la mousse du Groenland poss\u00e8dent des propri\u00e9t\u00e9s m\u00e9dicinales impressionnantes, notamment pour les organes internes malades. Greenland Moss Essential Oil est cens\u00e9e diminuer l&rsquo;inflammation et pr\u00e9venir l&rsquo;infection. C&rsquo;est \u00e9galement un merveilleux traitement contre l&rsquo;insomnie et un stimulant g\u00e9n\u00e9ral de l&rsquo;immunit\u00e9.<\/p>\n<p><strong>Nom botanique:<\/strong> Ledum Groenlandicum<br \/>\n<strong>M\u00e9thode d&rsquo;extraction:<\/strong> Vapeur<br \/>\n<strong>Partie de la plante distill\u00e9e:<\/strong> Feuilles<br \/>\n<strong>Pays d&rsquo;origine:<\/strong> Canada<br \/>\n<strong>M\u00e9thode de culture:<\/strong> Sauvage<\/p>\n<h3>Description de l&rsquo;odeur<\/h3>\n<p>Le jardin d&rsquo;Eden apr\u00e8s une soudaine averse de printemps<\/p>\n<h3>Dans Living Libations<\/h3>\n<p><a href=\"\/?p=5354\">Feeling Good Today<\/a><\/p>\n<h3>Se m\u00e9lange bien avec<\/h3>\n<p>Douglas, Basilic, Encens, Citron, Pamplemousse, Rose Otto, Lavande, Myrrhe, Sapin argent\u00e9, N\u00e9roli, G\u00e9ranium et Bergamote.<\/p>\n<h3>Utilisations<\/h3>\n<p>D\u00e9toxifiant, s\u00e9datif, anti-inflammatoire, anti-allerg\u00e8ne, anti-anxi\u00e9t\u00e9, digestif, utilis\u00e9 dans les th\u00e9s, l&rsquo;herbe \u00e9tait utilis\u00e9e comme marinade pour la cuisson des viandes, utilis\u00e9e comme ingr\u00e9dient dans le brassage de la bi\u00e8re avant la d\u00e9couverte du houblon.<\/p>\n<p>Notre Greenland Moss Essential Oil est un puissant gu\u00e9risseur, l&rsquo;huile parfum\u00e9e fra\u00eeche qui \u00e9voque des images de non perturb\u00e9, ros\u00e9e lune \u00e9clair\u00e9e nature sauvage. M\u00eame avec son parfum de for\u00eat sauvage, l&rsquo;huile de mousse du Groenland est l&rsquo;une des huiles essentielles les plus puissantes de l&rsquo;arsenal de Living Libations.<\/p>\n<p>Les Am\u00e9rindiens utilisaient la s\u00e8ve et les feuilles de la mousse du Groenland pour d\u00e9sintoxiquer les organes internes, pr\u00e9venir les maladies, calmer les nerfs \u00e0 bout de souffle et amener les \u00e9motions emprisonn\u00e9es \u00e0 la lumi\u00e8re de la conscience. Les feuilles de la plante \u00e9taient m\u00e2ch\u00e9es pour renforcer le syst\u00e8me immunitaire, et simplement pour appr\u00e9cier leur saveur sucr\u00e9e. Commun\u00e9ment appel\u00e9e th\u00e9 du Labrador, l&rsquo;huile de mousse du Groenland a \u00e9t\u00e9 utilis\u00e9e historiquement comme marinade pour la cuisson des viandes, comme ingr\u00e9dient pour le brassage de la bi\u00e8re et comme additif pour les bains de vapeur du visage.<\/p>\n<p><strong>Taille: 5 ml, 15 ml et 30 ml<\/strong><\/p>\n<h3>Ingr\u00e9dients biologiques<\/h3>\n<p>100% d&rsquo;huile essentielle de mousse du Groenland (Ledum Groenlandicum).<\/p>\n<p style=\"text-align: center;\"><em>Il faut environ mille kilogrammes de mousse du Groenland r\u00e9colt\u00e9e \u00e0 l&rsquo;\u00e9tat sauvage pour produire un kilo d&rsquo;huile. Elle pousse dans les tourbi\u00e8res, dans des endroits recul\u00e9s, et m\u00eame bien au nord de la ligne des neiges. Cela contribue certainement \u00e0 la puissance de ses effets.<\/em><br \/>\n\u3030 Suzanne Catty, <strong>Hydrosols: The Next Aromatherapy<\/strong><\/p>\n<p style=\"text-align: center;\"><em>Comme nous l&rsquo;avons vu, les huiles essentielles interagissent avec de nombreux processus dans le foie. Leur induction et leur inhibition des enzymes de d\u00e9toxification de phase I et de phase II n&rsquo;en est qu&rsquo;un exemple. Les connaissances traditionnelles affirment que certaines huiles, notamment les graines de carotte et la mousse du Groenland, favorisent d&rsquo;une certaine mani\u00e8re la r\u00e9g\u00e9n\u00e9ration du foie.<\/em><br \/>\n~Kurt Schnaubelt, <strong>The Healing Intelligence of Essential Oils<\/strong><\/p>\n<p style=\"text-align: center;\"><em> Par le biais du travail d&rsquo;Anne-Marie Giraud-Robert. Elle attribue \u00e0 cette huile la capacit\u00e9 de r\u00e9duire les concentrations \u00e9lev\u00e9es d&rsquo;enzymes transaminases. En d&rsquo;autres termes, l&rsquo;huile essentielle inverse les processus d\u00e9g\u00e9n\u00e9ratifs du foie et restaure l&rsquo;int\u00e9grit\u00e9 de ses membranes cellulaires!<\/em><br \/>\n~Kurt Schnaubelt, <strong>The Healing Intelligence of Essential Oils<\/strong><\/p>\n<h3>Avantages traditionnels, mentaux, physiques et \u00e9motionnels<\/h3>\n<p>L&rsquo;huile de mousse du Groenland est traditionnellement utilis\u00e9e pour d\u00e9sintoxiquer les reins et le foie, r\u00e9duire l&rsquo;inflammation des reins, soulager l&rsquo;insomnie, soulager les sympt\u00f4mes d&rsquo;allergies, stimuler le foie, apaiser les maux d&rsquo;estomac, promouvoir la sant\u00e9 respiratoire et lib\u00e9rer les \u00e9motions qui sont rest\u00e9es coinc\u00e9es dans le corps.<\/p>\n<p>&nbsp;<\/p>\n<p><img fetchpriority=\"high\" decoding=\"async\" class=\"size-medium wp-image-68103 aligncenter\" src=\"https:\/\/dutchhealthstore.com\/wp-content\/uploads\/2018\/02\/Living-Libations-Organic-Logo-800x89.png\" alt=\"Living Libations - Organic Logo\" width=\"800\" height=\"89\" srcset=\"https:\/\/dutchhealthstore.com\/wp-content\/uploads\/2018\/02\/Living-Libations-Organic-Logo-800x89.png 800w, https:\/\/dutchhealthstore.com\/wp-content\/uploads\/2018\/02\/Living-Libations-Organic-Logo-510x57.png 510w, https:\/\/dutchhealthstore.com\/wp-content\/uploads\/2018\/02\/Living-Libations-Organic-Logo-768x85.png 768w, https:\/\/dutchhealthstore.com\/wp-content\/uploads\/2018\/02\/Living-Libations-Organic-Logo.png 1400w\" sizes=\"(max-width: 800px) 100vw, 800px\" \/><\/p>\n<p>&nbsp;<\/p>\n","protected":false},"excerpt":{"rendered":"<p>Notre <strong> Greenland Moss Essential Oil<\/strong> est un puissant gu\u00e9risseur, l&rsquo;huile parfum\u00e9e fra\u00eeche qui \u00e9voque des images de non perturb\u00e9, ros\u00e9e lune clair nature. M\u00eame avec son parfum de for\u00eat sauvage, l&rsquo;huile de mousse du Groenland est l&rsquo;une des huiles essentielles les plus puissantes de l&rsquo;arsenal de Living Libations.<\/p>\n","protected":false},"featured_media":113513,"comment_status":"open","ping_status":"closed","template":"","meta":[],"product_brand":[],"product_cat":[1507,6734,1211,1209,3757,1010,6733],"product_tag":[4495],"class_list":{"0":"post-118914","1":"product","2":"type-product","3":"status-publish","4":"has-post-thumbnail","6":"product_cat-plantes-huiles-essentielles-living-libations","7":"product_cat-essential-oils","8":"product_cat-living-libations-france","9":"product_cat-par-marques","10":"product_cat-plantes-huiles-essentielles","11":"product_cat-notre-boutique","12":"product_cat-wellness-fr-2","13":"product_tag-essential-oil-fr","14":"pa_brand-livinglibations-fr","15":"pa_essential-oils-product-type-essential-oils-fr","16":"pa_size-5-ml-fr","17":"pa_size-15-ml-fr","18":"pa_size-30-ml-fr","20":"first","21":"instock","22":"taxable","23":"shipping-taxable","24":"purchasable","25":"product-type-variable"},"bundled_by":[],"bundle_stock_status":"instock","bundle_stock_quantity":null,"bundle_virtual":false,"bundle_layout":"","bundle_add_to_cart_form_location":"","bundle_editable_in_cart":false,"bundle_sold_individually_context":"","bundle_item_grouping":"","bundle_min_size":"","bundle_max_size":"","bundle_price":[],"bundled_items":[],"bundle_sell_ids":[],"atum_controlled":true,"out_stock_date":null,"out_stock_threshold":null,"inheritable":true,"stock_on_hold":0,"sold_today":0,"sales_last_days":0,"out_stock_days":0,"lost_sales":0,"update_date":"2026-04-06T01:47:22","atum_locations":[],"atum_stock_status":"instock","restock_status":false,"low_stock_amount":"","sales_update_date":"2026-04-06T01:47:22","calc_backorders":null,"group_of_quantity":0,"min_quantity":0,"max_quantity":"","exclude_order_quantity_value_rules":"no","exclude_category_quantity_rules":"no","combine_variations":"no","yoast_head":"<!-- This site is optimized with the Yoast SEO Premium plugin v26.5 (Yoast SEO v26.5) - https:\/\/yoast.com\/wordpress\/plugins\/seo\/ -->\n<title>Greenland Moss Essential Oil | Living Libations<\/title>\n<meta name=\"description\" content=\"Notre Greenland Moss Essential Oil est un puissant gu\u00e9risseur, l&#039;huile parfum\u00e9e fra\u00eeche qui \u00e9voque des images de non perturb\u00e9, ros\u00e9e lune clair nature.\" \/>\n<meta name=\"robots\" content=\"index, follow, max-snippet:-1, max-image-preview:large, max-video-preview:-1\" \/>\n<link rel=\"canonical\" href=\"https:\/\/dutchhealthstore.com\/fr\/product\/greenland-moss-essential-oil\/\" \/>\n<meta property=\"og:locale\" content=\"fr_FR\" \/>\n<meta property=\"og:type\" content=\"article\" \/>\n<meta property=\"og:title\" content=\"Greenland Moss Essential Oil - Dutch Health Store\" \/>\n<meta property=\"og:description\" content=\"Notre Greenland Moss Essential Oil est un puissant gu\u00e9risseur, l&#039;huile parfum\u00e9e fra\u00eeche qui \u00e9voque des images de non perturb\u00e9, ros\u00e9e lune clair nature.\" \/>\n<meta property=\"og:url\" content=\"https:\/\/dutchhealthstore.com\/fr\/product\/greenland-moss-essential-oil\/\" \/>\n<meta property=\"og:site_name\" content=\"Dutch Health Store\" \/>\n<meta property=\"article:publisher\" content=\"https:\/\/www.instagram.com\/dutchhealthstore\/\" \/>\n<meta property=\"article:modified_time\" content=\"2024-03-08T14:59:27+00:00\" \/>\n<meta property=\"og:image\" content=\"https:\/\/dutchhealthstore.com\/wp-content\/uploads\/2018\/02\/Living-Libations-Greenland-Moss-Essential-Oil-e1594713594289.png\" \/>\n\t<meta property=\"og:image:width\" content=\"500\" \/>\n\t<meta property=\"og:image:height\" content=\"500\" \/>\n\t<meta property=\"og:image:type\" content=\"image\/jpeg\" \/>\n<meta name=\"twitter:card\" content=\"summary_large_image\" \/>\n<meta name=\"twitter:label1\" content=\"Disponibilit\u00e9\" \/>\n\t<meta name=\"twitter:data1\" content=\"En stock\" \/>\n<script type=\"application\/ld+json\" class=\"yoast-schema-graph\">{\"@context\":\"https:\/\/schema.org\",\"@graph\":[{\"@type\":\"WebPage\",\"@id\":\"https:\/\/dutchhealthstore.com\/fr\/product\/greenland-moss-essential-oil\/\",\"url\":\"https:\/\/dutchhealthstore.com\/fr\/product\/greenland-moss-essential-oil\/\",\"name\":\"Greenland Moss Essential Oil | Living Libations\",\"isPartOf\":{\"@id\":\"https:\/\/dutchhealthstore.com\/fr\/#website\"},\"primaryImageOfPage\":{\"@id\":\"https:\/\/dutchhealthstore.com\/fr\/product\/greenland-moss-essential-oil\/#primaryimage\"},\"image\":{\"@id\":\"https:\/\/dutchhealthstore.com\/fr\/product\/greenland-moss-essential-oil\/#primaryimage\"},\"thumbnailUrl\":\"https:\/\/dutchhealthstore.com\/wp-content\/uploads\/2018\/02\/Living-Libations-Greenland-Moss-Essential-Oil-e1594713594289.png\",\"datePublished\":\"2018-02-10T19:59:09+00:00\",\"dateModified\":\"2024-03-08T14:59:27+00:00\",\"description\":\"Notre Greenland Moss Essential Oil est un puissant gu\u00e9risseur, l'huile parfum\u00e9e fra\u00eeche qui \u00e9voque des images de non perturb\u00e9, ros\u00e9e lune clair nature.\",\"breadcrumb\":{\"@id\":\"https:\/\/dutchhealthstore.com\/fr\/product\/greenland-moss-essential-oil\/#breadcrumb\"},\"inLanguage\":\"fr-FR\",\"potentialAction\":[{\"@type\":\"ReadAction\",\"target\":[\"https:\/\/dutchhealthstore.com\/fr\/product\/greenland-moss-essential-oil\/\"]}]},{\"@type\":\"ImageObject\",\"inLanguage\":\"fr-FR\",\"@id\":\"https:\/\/dutchhealthstore.com\/fr\/product\/greenland-moss-essential-oil\/#primaryimage\",\"url\":\"https:\/\/dutchhealthstore.com\/wp-content\/uploads\/2018\/02\/Living-Libations-Greenland-Moss-Essential-Oil-e1594713594289.png\",\"contentUrl\":\"https:\/\/dutchhealthstore.com\/wp-content\/uploads\/2018\/02\/Living-Libations-Greenland-Moss-Essential-Oil-e1594713594289.png\",\"width\":500,\"height\":500,\"caption\":\"Living Libations Greenland Moss Essential Oil\"},{\"@type\":\"BreadcrumbList\",\"@id\":\"https:\/\/dutchhealthstore.com\/fr\/product\/greenland-moss-essential-oil\/#breadcrumb\",\"itemListElement\":[{\"@type\":\"ListItem\",\"position\":1,\"name\":\"Home\",\"item\":\"https:\/\/dutchhealthstore.com\/fr\/\"},{\"@type\":\"ListItem\",\"position\":2,\"name\":\"Shop\",\"item\":\"https:\/\/dutchhealthstore.com\/fr\/shop\/\"},{\"@type\":\"ListItem\",\"position\":3,\"name\":\"Greenland Moss Essential Oil\"}]},{\"@type\":\"WebSite\",\"@id\":\"https:\/\/dutchhealthstore.com\/fr\/#website\",\"url\":\"https:\/\/dutchhealthstore.com\/fr\/\",\"name\":\"Dutch Health Store\",\"description\":\"Enhance Your Beauty with Organic &amp; Natural Skincare\",\"publisher\":{\"@id\":\"https:\/\/dutchhealthstore.com\/fr\/#organization\"},\"potentialAction\":[{\"@type\":\"SearchAction\",\"target\":{\"@type\":\"EntryPoint\",\"urlTemplate\":\"https:\/\/dutchhealthstore.com\/fr\/?s={search_term_string}\"},\"query-input\":{\"@type\":\"PropertyValueSpecification\",\"valueRequired\":true,\"valueName\":\"search_term_string\"}}],\"inLanguage\":\"fr-FR\"},{\"@type\":\"Organization\",\"@id\":\"https:\/\/dutchhealthstore.com\/fr\/#organization\",\"name\":\"Dutch Health Store\",\"url\":\"https:\/\/dutchhealthstore.com\/fr\/\",\"logo\":{\"@type\":\"ImageObject\",\"inLanguage\":\"fr-FR\",\"@id\":\"https:\/\/dutchhealthstore.com\/fr\/#\/schema\/logo\/image\/\",\"url\":\"https:\/\/dutchhealthstore.com\/wp-content\/uploads\/2020\/08\/logo-dutchhealthstore-jpg-e1599484957574.jpg\",\"contentUrl\":\"https:\/\/dutchhealthstore.com\/wp-content\/uploads\/2020\/08\/logo-dutchhealthstore-jpg-e1599484957574.jpg\",\"width\":400,\"height\":62,\"caption\":\"Dutch Health Store\"},\"image\":{\"@id\":\"https:\/\/dutchhealthstore.com\/fr\/#\/schema\/logo\/image\/\"},\"sameAs\":[\"https:\/\/www.instagram.com\/dutchhealthstore\/\",\"https:\/\/www.facebook.com\/dutchhealthstore\"]}]}<\/script>\n<meta property=\"product:brand\" content=\"Living Libations\" \/>\n<meta property=\"og:availability\" content=\"instock\" \/>\n<meta property=\"product:availability\" content=\"instock\" \/>\n<meta property=\"product:condition\" content=\"new\" \/>\n<!-- \/ Yoast SEO Premium plugin. -->","yoast_head_json":{"title":"Greenland Moss Essential Oil | Living Libations","description":"Notre Greenland Moss Essential Oil est un puissant gu\u00e9risseur, l'huile parfum\u00e9e fra\u00eeche qui \u00e9voque des images de non perturb\u00e9, ros\u00e9e lune clair nature.","robots":{"index":"index","follow":"follow","max-snippet":"max-snippet:-1","max-image-preview":"max-image-preview:large","max-video-preview":"max-video-preview:-1"},"canonical":"https:\/\/dutchhealthstore.com\/fr\/product\/greenland-moss-essential-oil\/","og_locale":"fr_FR","og_type":"article","og_title":"Greenland Moss Essential Oil - Dutch Health Store","og_description":"Notre Greenland Moss Essential Oil est un puissant gu\u00e9risseur, l'huile parfum\u00e9e fra\u00eeche qui \u00e9voque des images de non perturb\u00e9, ros\u00e9e lune clair nature.","og_url":"https:\/\/dutchhealthstore.com\/fr\/product\/greenland-moss-essential-oil\/","og_site_name":"Dutch Health Store","article_publisher":"https:\/\/www.instagram.com\/dutchhealthstore\/","article_modified_time":"2024-03-08T14:59:27+00:00","og_image":[{"width":500,"height":500,"url":"https:\/\/dutchhealthstore.com\/wp-content\/uploads\/2018\/02\/Living-Libations-Greenland-Moss-Essential-Oil-e1594713594289.png","type":"image\/jpeg"}],"twitter_card":"summary_large_image","twitter_misc":{"Disponibilit\u00e9":"En stock"},"schema":{"@context":"https:\/\/schema.org","@graph":[{"@type":"WebPage","@id":"https:\/\/dutchhealthstore.com\/fr\/product\/greenland-moss-essential-oil\/","url":"https:\/\/dutchhealthstore.com\/fr\/product\/greenland-moss-essential-oil\/","name":"Greenland Moss Essential Oil | Living Libations","isPartOf":{"@id":"https:\/\/dutchhealthstore.com\/fr\/#website"},"primaryImageOfPage":{"@id":"https:\/\/dutchhealthstore.com\/fr\/product\/greenland-moss-essential-oil\/#primaryimage"},"image":{"@id":"https:\/\/dutchhealthstore.com\/fr\/product\/greenland-moss-essential-oil\/#primaryimage"},"thumbnailUrl":"https:\/\/dutchhealthstore.com\/wp-content\/uploads\/2018\/02\/Living-Libations-Greenland-Moss-Essential-Oil-e1594713594289.png","datePublished":"2018-02-10T19:59:09+00:00","dateModified":"2024-03-08T14:59:27+00:00","description":"Notre Greenland Moss Essential Oil est un puissant gu\u00e9risseur, l'huile parfum\u00e9e fra\u00eeche qui \u00e9voque des images de non perturb\u00e9, ros\u00e9e lune clair nature.","breadcrumb":{"@id":"https:\/\/dutchhealthstore.com\/fr\/product\/greenland-moss-essential-oil\/#breadcrumb"},"inLanguage":"fr-FR","potentialAction":[{"@type":"ReadAction","target":["https:\/\/dutchhealthstore.com\/fr\/product\/greenland-moss-essential-oil\/"]}]},{"@type":"ImageObject","inLanguage":"fr-FR","@id":"https:\/\/dutchhealthstore.com\/fr\/product\/greenland-moss-essential-oil\/#primaryimage","url":"https:\/\/dutchhealthstore.com\/wp-content\/uploads\/2018\/02\/Living-Libations-Greenland-Moss-Essential-Oil-e1594713594289.png","contentUrl":"https:\/\/dutchhealthstore.com\/wp-content\/uploads\/2018\/02\/Living-Libations-Greenland-Moss-Essential-Oil-e1594713594289.png","width":500,"height":500,"caption":"Living Libations Greenland Moss Essential Oil"},{"@type":"BreadcrumbList","@id":"https:\/\/dutchhealthstore.com\/fr\/product\/greenland-moss-essential-oil\/#breadcrumb","itemListElement":[{"@type":"ListItem","position":1,"name":"Home","item":"https:\/\/dutchhealthstore.com\/fr\/"},{"@type":"ListItem","position":2,"name":"Shop","item":"https:\/\/dutchhealthstore.com\/fr\/shop\/"},{"@type":"ListItem","position":3,"name":"Greenland Moss Essential Oil"}]},{"@type":"WebSite","@id":"https:\/\/dutchhealthstore.com\/fr\/#website","url":"https:\/\/dutchhealthstore.com\/fr\/","name":"Dutch Health Store","description":"Enhance Your Beauty with Organic &amp; Natural Skincare","publisher":{"@id":"https:\/\/dutchhealthstore.com\/fr\/#organization"},"potentialAction":[{"@type":"SearchAction","target":{"@type":"EntryPoint","urlTemplate":"https:\/\/dutchhealthstore.com\/fr\/?s={search_term_string}"},"query-input":{"@type":"PropertyValueSpecification","valueRequired":true,"valueName":"search_term_string"}}],"inLanguage":"fr-FR"},{"@type":"Organization","@id":"https:\/\/dutchhealthstore.com\/fr\/#organization","name":"Dutch Health Store","url":"https:\/\/dutchhealthstore.com\/fr\/","logo":{"@type":"ImageObject","inLanguage":"fr-FR","@id":"https:\/\/dutchhealthstore.com\/fr\/#\/schema\/logo\/image\/","url":"https:\/\/dutchhealthstore.com\/wp-content\/uploads\/2020\/08\/logo-dutchhealthstore-jpg-e1599484957574.jpg","contentUrl":"https:\/\/dutchhealthstore.com\/wp-content\/uploads\/2020\/08\/logo-dutchhealthstore-jpg-e1599484957574.jpg","width":400,"height":62,"caption":"Dutch Health Store"},"image":{"@id":"https:\/\/dutchhealthstore.com\/fr\/#\/schema\/logo\/image\/"},"sameAs":["https:\/\/www.instagram.com\/dutchhealthstore\/","https:\/\/www.facebook.com\/dutchhealthstore"]}]},"product_brand":"Living Libations","og_availability":"instock","product_availability":"instock","product_condition":"new"},"_links":{"self":[{"href":"https:\/\/dutchhealthstore.com\/fr\/wp-json\/wp\/v2\/product\/118914","targetHints":{"allow":["GET"]}}],"collection":[{"href":"https:\/\/dutchhealthstore.com\/fr\/wp-json\/wp\/v2\/product"}],"about":[{"href":"https:\/\/dutchhealthstore.com\/fr\/wp-json\/wp\/v2\/types\/product"}],"replies":[{"embeddable":true,"href":"https:\/\/dutchhealthstore.com\/fr\/wp-json\/wp\/v2\/comments?post=118914"}],"wp:featuredmedia":[{"embeddable":true,"href":"https:\/\/dutchhealthstore.com\/fr\/wp-json\/wp\/v2\/media\/113513"}],"wp:attachment":[{"href":"https:\/\/dutchhealthstore.com\/fr\/wp-json\/wp\/v2\/media?parent=118914"}],"wp:term":[{"taxonomy":"product_brand","embeddable":true,"href":"https:\/\/dutchhealthstore.com\/fr\/wp-json\/wp\/v2\/product_brand?post=118914"},{"taxonomy":"product_cat","embeddable":true,"href":"https:\/\/dutchhealthstore.com\/fr\/wp-json\/wp\/v2\/product_cat?post=118914"},{"taxonomy":"product_tag","embeddable":true,"href":"https:\/\/dutchhealthstore.com\/fr\/wp-json\/wp\/v2\/product_tag?post=118914"}],"curies":[{"name":"wp","href":"https:\/\/api.w.org\/{rel}","templated":true}]}}