{"id":118889,"date":"2019-01-07T11:53:52","date_gmt":"2019-01-07T11:53:52","guid":{"rendered":"https:\/\/dutchhealthstore.com\/product\/green-hojari-frankincense-essential-oil\/"},"modified":"2024-10-07T10:00:54","modified_gmt":"2024-10-07T08:00:54","slug":"green-hojari-frankincense-essential-oil","status":"publish","type":"product","link":"https:\/\/dutchhealthstore.com\/fr\/product\/green-hojari-frankincense-essential-oil\/","title":{"rendered":"Green Hojari Frankincense Essential Oil"},"content":{"rendered":"<p><img decoding=\"async\" class=\"size-full wp-image-37041 alignright\" src=\"https:\/\/dutchhealthstore.com\/wp-content\/uploads\/2018\/04\/Living_Libations-1.png\" alt=\"Organic &amp; Natural Beautyproducts - Living Libations\" width=\"175\" height=\"82\">Le parfum de menthe et d&rsquo;agrumes de<strong>Green Hojari Frankincense Essential Oil<\/strong> apporte une foule de bienfaits \u00e0 la vie quotidienne.<br \/>\nSon essence longue dur\u00e9e est parfaite pour la parfumerie en note unique ou en compl\u00e9ment des essences florales et foug\u00e8res.<br \/>\nCette vari\u00e9t\u00e9 d&rsquo;encens Hojari est hydrodistill\u00e9e \u00e0 partir d&rsquo;une r\u00e9sine unique de couleur verte qui d\u00e9gage l&rsquo;essence de l&rsquo;encens ancien, de la m\u00e9ditation significative, de la peau sereine et des c\u00e9l\u00e9brations sacr\u00e9es.<\/p>\n<p>Si vous \u00eates un fan de l&rsquo;encens, vous allez adorer ce nouvel ajout comme une bouff\u00e9e d&rsquo;air frais.<\/p>\n<p><strong>Nom botanique :<\/strong> Boswellia dalzielii<br \/>\n<strong>Famille botanique :<\/strong> Burseraceae<br \/>\n<strong>M\u00e9thode d&rsquo;extraction :<\/strong> Distillation \u00e0 la vapeur<br \/>\n<strong>Partie de la plante distill\u00e9e :<\/strong> R\u00e9sine jaune<br \/>\n<strong>Pays d&rsquo;origine :<\/strong> Afrique de l&rsquo;Ouest<br \/>\n<strong>M\u00e9thode de culture :<\/strong> Sauvage<br \/>\n<strong>Composition :<\/strong> 100 % Boswellia dalzielii<br \/>\n<strong>Coh\u00e9rence :<\/strong> Mince<\/p>\n<h3>Analyses de produits<\/h3>\n<p>cliquez sur le lien ci-dessous pour lire le certificat d&rsquo;analyse du produit.<\/p>\n<p><a href=\"https:\/\/dutchhealthstore.com\/wp-content\/uploads\/2019\/06\/ESSENTIAL-OIL-ANALYSIS-Green-Hojari-Frankincense-Essential-Oil-Living-Libations.pdf\" target=\"_blank\" rel=\"noopener noreferrer\"><img decoding=\"async\" class=\"wp-image-56302 size-full alignnone\" src=\"https:\/\/dutchhealthstore.com\/wp-content\/uploads\/2019\/05\/logo-pdf-navi-organics.jpg\" alt=\"logo pdf navi organics\" width=\"100\" height=\"104\"><\/a><\/p>\n<h3>Description de l&rsquo;odeur<\/h3>\n<p>Un ar\u00f4me d&rsquo;agrumes doux et de menthe, a\u00e9rien et aqueux, qui transporte \u00e0 travers le temps.<\/p>\n<h3>Se marie bien avec<\/h3>\n<p>Pamplemousse, Rose Otto, Fragonia, Myrrhe, Immortelle, Ylang, Bergamote, Sauge du d\u00e9sert, Sauge sclar\u00e9e, V\u00e9tiver, Nard, Myrte, Hysope, Marjolaine, Lavande, Sapins, Epic\u00e9as, Vanille et Camomille.<\/p>\n<h3>Composants<\/h3>\n<p>Abondant en monoterp\u00e9no\u00efdes, acide boswellique, menthol, \u03b1-pin\u00e8ne et \u03b1-terpin\u00e8ne.<\/p>\n<h3>Utilisations<\/h3>\n<p>Alors que tous les types d&rsquo;encens sont magnifiques pour les soins de la peau et de la bouche, divins dans les diffuseurs et concentr\u00e9s dans la m\u00e9ditation, l&rsquo;encens Dalzielii est utilis\u00e9 comme encens, dans les c\u00e9r\u00e9monies religieuses et comme r\u00e9pulsif antiparasitaire. Son essence longue dur\u00e9e est belle dans les bains et parfaite pour la parfumerie comme note unique ou comme ajout aux essences florales et foug\u00e8res.<\/p>\n<p>L&rsquo;arbuste Boswellia dalzielii prosp\u00e8re dans les savanes bois\u00e9es d&rsquo;Afrique occidentale. Les feuilles vert p\u00e2le, longues et \u00e9troites, sortent in\u00e9galement de l&rsquo;arbuste et s&rsquo;exfolient avant l&rsquo;\u00e9closion de petites fleurs blanches. L&rsquo;\u00e9corce pel\u00e9e et papuleuse exsude une r\u00e9sine douce, de teinte jaune. Cette r\u00e9sine parfum\u00e9e est s\u00e9ch\u00e9e jusqu&rsquo;\u00e0 l&rsquo;obtention d&rsquo;une gomme cristallis\u00e9e avant d&rsquo;\u00eatre lentement distill\u00e9e \u00e0 la vapeur pour lib\u00e9rer les compos\u00e9s volatils et verdoyants.<\/p>\n<p>Notre essence exclusive est hydrodistill\u00e9e en petits lots dans des alambics en cuivre. Le parfum de bonbon aux agrumes et \u00e0 la menthe distingue l&rsquo;Hojari vert des autres types d&rsquo;encens. L&rsquo;effet est calmant, relaxant, harmonisant et nettoyant. Comme tous les types d&rsquo;huiles d&rsquo;encens, Dalzielii est super apaisant et calmant pour la peau et la bouche. Il est magnifique dans un diffuseur ou dans une pipe \u00e0 sel comme botanique-biotique pour une respiration facile dans les mois plus froids. Chaque vari\u00e9t\u00e9 d&rsquo;encens est une force fulgurante, le soup\u00e7on de menthe et d&rsquo;agrumes doux impr\u00e9gn\u00e9 de Green Hojari offre un portail vers l&rsquo;immortel.<\/p>\n<p><strong>Taille : 5 ml et 15 ml<\/strong><\/p>\n<h3>Ingr\u00e9dients biologiques<\/h3>\n<p>100% d&rsquo;huile essentielle d&rsquo;encens vert hojari (Boswellia dalzielii).<\/p>\n<p><img fetchpriority=\"high\" decoding=\"async\" class=\"size-full wp-image-31577 aligncenter\" src=\"https:\/\/dutchhealthstore.com\/wp-content\/uploads\/2018\/03\/organic_big.png\" alt=\"Organic and Natural - Living Libations\" width=\"623\" height=\"103\" srcset=\"https:\/\/dutchhealthstore.com\/wp-content\/uploads\/2018\/03\/organic_big.png 623w, https:\/\/dutchhealthstore.com\/wp-content\/uploads\/2018\/03\/organic_big-510x84.png 510w, https:\/\/dutchhealthstore.com\/wp-content\/uploads\/2018\/03\/organic_big-600x99.png 600w, https:\/\/dutchhealthstore.com\/wp-content\/uploads\/2018\/03\/organic_big-350x58.png 350w\" sizes=\"(max-width: 623px) 100vw, 623px\" \/><\/p>\n","protected":false},"excerpt":{"rendered":"<p>Le parfum de menthe et d&rsquo;agrumes de l&rsquo;<strong> Green Hojari Frankincense Essential Oil<\/strong> apporte une foule de bienfaits \u00e0 la vie quotidienne.<br \/>\nSon essence longue dur\u00e9e est parfaite pour la parfumerie en note unique ou en compl\u00e9ment des essences florales et foug\u00e8res.<br \/>\nCette vari\u00e9t\u00e9 d&rsquo;encens Hojari est hydrodistill\u00e9e \u00e0 partir d&rsquo;une r\u00e9sine unique de couleur verte qui d\u00e9gage l&rsquo;essence de l&rsquo;encens ancien, de la m\u00e9ditation significative, de la peau sereine et des c\u00e9l\u00e9brations sacr\u00e9es.<\/p>\n<p>Si vous \u00eates un fan de l&rsquo;encens, vous allez adorer ce nouvel ajout comme une bouff\u00e9e d&rsquo;air frais.<\/p>\n","protected":false},"featured_media":59777,"comment_status":"open","ping_status":"closed","template":"","meta":[],"product_brand":[],"product_cat":[1507,6734,1211,1209,3757,1010,6733],"product_tag":[4495],"class_list":{"0":"post-118889","1":"product","2":"type-product","3":"status-publish","4":"has-post-thumbnail","6":"product_cat-plantes-huiles-essentielles-living-libations","7":"product_cat-essential-oils","8":"product_cat-living-libations-france","9":"product_cat-par-marques","10":"product_cat-plantes-huiles-essentielles","11":"product_cat-notre-boutique","12":"product_cat-wellness-fr-2","13":"product_tag-essential-oil-fr","14":"pa_brand-livinglibations-fr","15":"pa_essential-oils-product-type-essential-oils-fr","16":"pa_size-15-ml-fr","17":"pa_size-5-ml-fr","19":"first","20":"instock","21":"taxable","22":"shipping-taxable","23":"purchasable","24":"product-type-variable"},"bundled_by":[],"bundle_stock_status":"instock","bundle_stock_quantity":null,"bundle_virtual":false,"bundle_layout":"","bundle_add_to_cart_form_location":"","bundle_editable_in_cart":false,"bundle_sold_individually_context":"","bundle_item_grouping":"","bundle_min_size":"","bundle_max_size":"","bundle_price":[],"bundled_items":[],"bundle_sell_ids":[],"atum_controlled":true,"out_stock_date":null,"out_stock_threshold":null,"inheritable":true,"stock_on_hold":0,"sold_today":0,"sales_last_days":0,"out_stock_days":0,"lost_sales":0,"update_date":"2026-04-14T08:18:23","atum_locations":[],"atum_stock_status":"instock","restock_status":false,"low_stock_amount":"","sales_update_date":"2026-04-14T08:18:23","calc_backorders":null,"group_of_quantity":0,"min_quantity":0,"max_quantity":"","exclude_order_quantity_value_rules":"no","exclude_category_quantity_rules":"no","combine_variations":"no","yoast_head":"<!-- This site is optimized with the Yoast SEO Premium plugin v26.5 (Yoast SEO v26.5) - https:\/\/yoast.com\/wordpress\/plugins\/seo\/ -->\n<title>Green Hojari Frankincense Essential Oil | Living Libations<\/title>\n<meta name=\"description\" content=\"Le parfum de menthe et d&#039;agrumes de Frankincense Essential Oil apporte une foule de bienfaits \u00e0 la vie quotidienne.\" \/>\n<meta name=\"robots\" content=\"index, follow, max-snippet:-1, max-image-preview:large, max-video-preview:-1\" \/>\n<link rel=\"canonical\" href=\"https:\/\/dutchhealthstore.com\/fr\/product\/green-hojari-frankincense-essential-oil\/\" \/>\n<meta property=\"og:locale\" content=\"fr_FR\" \/>\n<meta property=\"og:type\" content=\"article\" \/>\n<meta property=\"og:title\" content=\"Green Hojari Frankincense Essential Oil - Dutch Health Store\" \/>\n<meta property=\"og:description\" content=\"Le parfum de menthe et d&#039;agrumes de Frankincense Essential Oil apporte une foule de bienfaits \u00e0 la vie quotidienne.\" \/>\n<meta property=\"og:url\" content=\"https:\/\/dutchhealthstore.com\/fr\/product\/green-hojari-frankincense-essential-oil\/\" \/>\n<meta property=\"og:site_name\" content=\"Dutch Health Store\" \/>\n<meta property=\"article:publisher\" content=\"https:\/\/www.instagram.com\/dutchhealthstore\/\" \/>\n<meta property=\"article:modified_time\" content=\"2024-10-07T08:00:54+00:00\" \/>\n<meta property=\"og:image\" content=\"https:\/\/dutchhealthstore.com\/wp-content\/uploads\/2019\/01\/Green-Hojari-Frankincense-Essential-Oil-Living-Libations.jpg\" \/>\n\t<meta property=\"og:image:width\" content=\"1200\" \/>\n\t<meta property=\"og:image:height\" content=\"1200\" \/>\n\t<meta property=\"og:image:type\" content=\"image\/jpeg\" \/>\n<meta name=\"twitter:card\" content=\"summary_large_image\" \/>\n<meta name=\"twitter:label1\" content=\"Disponibilit\u00e9\" \/>\n\t<meta name=\"twitter:data1\" content=\"En stock\" \/>\n<script type=\"application\/ld+json\" class=\"yoast-schema-graph\">{\"@context\":\"https:\/\/schema.org\",\"@graph\":[{\"@type\":\"WebPage\",\"@id\":\"https:\/\/dutchhealthstore.com\/fr\/product\/green-hojari-frankincense-essential-oil\/\",\"url\":\"https:\/\/dutchhealthstore.com\/fr\/product\/green-hojari-frankincense-essential-oil\/\",\"name\":\"Green Hojari Frankincense Essential Oil | Living Libations\",\"isPartOf\":{\"@id\":\"https:\/\/dutchhealthstore.com\/fr\/#website\"},\"primaryImageOfPage\":{\"@id\":\"https:\/\/dutchhealthstore.com\/fr\/product\/green-hojari-frankincense-essential-oil\/#primaryimage\"},\"image\":{\"@id\":\"https:\/\/dutchhealthstore.com\/fr\/product\/green-hojari-frankincense-essential-oil\/#primaryimage\"},\"thumbnailUrl\":\"https:\/\/dutchhealthstore.com\/wp-content\/uploads\/2019\/01\/Green-Hojari-Frankincense-Essential-Oil-Living-Libations.jpg\",\"datePublished\":\"2019-01-07T11:53:52+00:00\",\"dateModified\":\"2024-10-07T08:00:54+00:00\",\"description\":\"Le parfum de menthe et d'agrumes de Frankincense Essential Oil apporte une foule de bienfaits \u00e0 la vie quotidienne.\",\"breadcrumb\":{\"@id\":\"https:\/\/dutchhealthstore.com\/fr\/product\/green-hojari-frankincense-essential-oil\/#breadcrumb\"},\"inLanguage\":\"fr-FR\",\"potentialAction\":[{\"@type\":\"ReadAction\",\"target\":[\"https:\/\/dutchhealthstore.com\/fr\/product\/green-hojari-frankincense-essential-oil\/\"]}]},{\"@type\":\"ImageObject\",\"inLanguage\":\"fr-FR\",\"@id\":\"https:\/\/dutchhealthstore.com\/fr\/product\/green-hojari-frankincense-essential-oil\/#primaryimage\",\"url\":\"https:\/\/dutchhealthstore.com\/wp-content\/uploads\/2019\/01\/Green-Hojari-Frankincense-Essential-Oil-Living-Libations.jpg\",\"contentUrl\":\"https:\/\/dutchhealthstore.com\/wp-content\/uploads\/2019\/01\/Green-Hojari-Frankincense-Essential-Oil-Living-Libations.jpg\",\"width\":1200,\"height\":1200,\"caption\":\"Green Hojari Frankincense Essential Oil - Living Libations\"},{\"@type\":\"BreadcrumbList\",\"@id\":\"https:\/\/dutchhealthstore.com\/fr\/product\/green-hojari-frankincense-essential-oil\/#breadcrumb\",\"itemListElement\":[{\"@type\":\"ListItem\",\"position\":1,\"name\":\"Home\",\"item\":\"https:\/\/dutchhealthstore.com\/fr\/\"},{\"@type\":\"ListItem\",\"position\":2,\"name\":\"Shop\",\"item\":\"https:\/\/dutchhealthstore.com\/fr\/shop\/\"},{\"@type\":\"ListItem\",\"position\":3,\"name\":\"Green Hojari Frankincense Essential Oil\"}]},{\"@type\":\"WebSite\",\"@id\":\"https:\/\/dutchhealthstore.com\/fr\/#website\",\"url\":\"https:\/\/dutchhealthstore.com\/fr\/\",\"name\":\"Dutch Health Store\",\"description\":\"Enhance Your Beauty with Organic &amp; Natural Skincare\",\"publisher\":{\"@id\":\"https:\/\/dutchhealthstore.com\/fr\/#organization\"},\"potentialAction\":[{\"@type\":\"SearchAction\",\"target\":{\"@type\":\"EntryPoint\",\"urlTemplate\":\"https:\/\/dutchhealthstore.com\/fr\/?s={search_term_string}\"},\"query-input\":{\"@type\":\"PropertyValueSpecification\",\"valueRequired\":true,\"valueName\":\"search_term_string\"}}],\"inLanguage\":\"fr-FR\"},{\"@type\":\"Organization\",\"@id\":\"https:\/\/dutchhealthstore.com\/fr\/#organization\",\"name\":\"Dutch Health Store\",\"url\":\"https:\/\/dutchhealthstore.com\/fr\/\",\"logo\":{\"@type\":\"ImageObject\",\"inLanguage\":\"fr-FR\",\"@id\":\"https:\/\/dutchhealthstore.com\/fr\/#\/schema\/logo\/image\/\",\"url\":\"https:\/\/dutchhealthstore.com\/wp-content\/uploads\/2020\/08\/logo-dutchhealthstore-jpg-e1599484957574.jpg\",\"contentUrl\":\"https:\/\/dutchhealthstore.com\/wp-content\/uploads\/2020\/08\/logo-dutchhealthstore-jpg-e1599484957574.jpg\",\"width\":400,\"height\":62,\"caption\":\"Dutch Health Store\"},\"image\":{\"@id\":\"https:\/\/dutchhealthstore.com\/fr\/#\/schema\/logo\/image\/\"},\"sameAs\":[\"https:\/\/www.instagram.com\/dutchhealthstore\/\",\"https:\/\/www.facebook.com\/dutchhealthstore\"]}]}<\/script>\n<meta property=\"product:brand\" content=\"Living Libations\" \/>\n<meta property=\"og:availability\" content=\"instock\" \/>\n<meta property=\"product:availability\" content=\"instock\" \/>\n<meta property=\"product:condition\" content=\"new\" \/>\n<!-- \/ Yoast SEO Premium plugin. -->","yoast_head_json":{"title":"Green Hojari Frankincense Essential Oil | Living Libations","description":"Le parfum de menthe et d'agrumes de Frankincense Essential Oil apporte une foule de bienfaits \u00e0 la vie quotidienne.","robots":{"index":"index","follow":"follow","max-snippet":"max-snippet:-1","max-image-preview":"max-image-preview:large","max-video-preview":"max-video-preview:-1"},"canonical":"https:\/\/dutchhealthstore.com\/fr\/product\/green-hojari-frankincense-essential-oil\/","og_locale":"fr_FR","og_type":"article","og_title":"Green Hojari Frankincense Essential Oil - Dutch Health Store","og_description":"Le parfum de menthe et d'agrumes de Frankincense Essential Oil apporte une foule de bienfaits \u00e0 la vie quotidienne.","og_url":"https:\/\/dutchhealthstore.com\/fr\/product\/green-hojari-frankincense-essential-oil\/","og_site_name":"Dutch Health Store","article_publisher":"https:\/\/www.instagram.com\/dutchhealthstore\/","article_modified_time":"2024-10-07T08:00:54+00:00","og_image":[{"width":1200,"height":1200,"url":"https:\/\/dutchhealthstore.com\/wp-content\/uploads\/2019\/01\/Green-Hojari-Frankincense-Essential-Oil-Living-Libations.jpg","type":"image\/jpeg"}],"twitter_card":"summary_large_image","twitter_misc":{"Disponibilit\u00e9":"En stock"},"schema":{"@context":"https:\/\/schema.org","@graph":[{"@type":"WebPage","@id":"https:\/\/dutchhealthstore.com\/fr\/product\/green-hojari-frankincense-essential-oil\/","url":"https:\/\/dutchhealthstore.com\/fr\/product\/green-hojari-frankincense-essential-oil\/","name":"Green Hojari Frankincense Essential Oil | Living Libations","isPartOf":{"@id":"https:\/\/dutchhealthstore.com\/fr\/#website"},"primaryImageOfPage":{"@id":"https:\/\/dutchhealthstore.com\/fr\/product\/green-hojari-frankincense-essential-oil\/#primaryimage"},"image":{"@id":"https:\/\/dutchhealthstore.com\/fr\/product\/green-hojari-frankincense-essential-oil\/#primaryimage"},"thumbnailUrl":"https:\/\/dutchhealthstore.com\/wp-content\/uploads\/2019\/01\/Green-Hojari-Frankincense-Essential-Oil-Living-Libations.jpg","datePublished":"2019-01-07T11:53:52+00:00","dateModified":"2024-10-07T08:00:54+00:00","description":"Le parfum de menthe et d'agrumes de Frankincense Essential Oil apporte une foule de bienfaits \u00e0 la vie quotidienne.","breadcrumb":{"@id":"https:\/\/dutchhealthstore.com\/fr\/product\/green-hojari-frankincense-essential-oil\/#breadcrumb"},"inLanguage":"fr-FR","potentialAction":[{"@type":"ReadAction","target":["https:\/\/dutchhealthstore.com\/fr\/product\/green-hojari-frankincense-essential-oil\/"]}]},{"@type":"ImageObject","inLanguage":"fr-FR","@id":"https:\/\/dutchhealthstore.com\/fr\/product\/green-hojari-frankincense-essential-oil\/#primaryimage","url":"https:\/\/dutchhealthstore.com\/wp-content\/uploads\/2019\/01\/Green-Hojari-Frankincense-Essential-Oil-Living-Libations.jpg","contentUrl":"https:\/\/dutchhealthstore.com\/wp-content\/uploads\/2019\/01\/Green-Hojari-Frankincense-Essential-Oil-Living-Libations.jpg","width":1200,"height":1200,"caption":"Green Hojari Frankincense Essential Oil - Living Libations"},{"@type":"BreadcrumbList","@id":"https:\/\/dutchhealthstore.com\/fr\/product\/green-hojari-frankincense-essential-oil\/#breadcrumb","itemListElement":[{"@type":"ListItem","position":1,"name":"Home","item":"https:\/\/dutchhealthstore.com\/fr\/"},{"@type":"ListItem","position":2,"name":"Shop","item":"https:\/\/dutchhealthstore.com\/fr\/shop\/"},{"@type":"ListItem","position":3,"name":"Green Hojari Frankincense Essential Oil"}]},{"@type":"WebSite","@id":"https:\/\/dutchhealthstore.com\/fr\/#website","url":"https:\/\/dutchhealthstore.com\/fr\/","name":"Dutch Health Store","description":"Enhance Your Beauty with Organic &amp; Natural Skincare","publisher":{"@id":"https:\/\/dutchhealthstore.com\/fr\/#organization"},"potentialAction":[{"@type":"SearchAction","target":{"@type":"EntryPoint","urlTemplate":"https:\/\/dutchhealthstore.com\/fr\/?s={search_term_string}"},"query-input":{"@type":"PropertyValueSpecification","valueRequired":true,"valueName":"search_term_string"}}],"inLanguage":"fr-FR"},{"@type":"Organization","@id":"https:\/\/dutchhealthstore.com\/fr\/#organization","name":"Dutch Health Store","url":"https:\/\/dutchhealthstore.com\/fr\/","logo":{"@type":"ImageObject","inLanguage":"fr-FR","@id":"https:\/\/dutchhealthstore.com\/fr\/#\/schema\/logo\/image\/","url":"https:\/\/dutchhealthstore.com\/wp-content\/uploads\/2020\/08\/logo-dutchhealthstore-jpg-e1599484957574.jpg","contentUrl":"https:\/\/dutchhealthstore.com\/wp-content\/uploads\/2020\/08\/logo-dutchhealthstore-jpg-e1599484957574.jpg","width":400,"height":62,"caption":"Dutch Health Store"},"image":{"@id":"https:\/\/dutchhealthstore.com\/fr\/#\/schema\/logo\/image\/"},"sameAs":["https:\/\/www.instagram.com\/dutchhealthstore\/","https:\/\/www.facebook.com\/dutchhealthstore"]}]},"product_brand":"Living Libations","og_availability":"instock","product_availability":"instock","product_condition":"new"},"_links":{"self":[{"href":"https:\/\/dutchhealthstore.com\/fr\/wp-json\/wp\/v2\/product\/118889","targetHints":{"allow":["GET"]}}],"collection":[{"href":"https:\/\/dutchhealthstore.com\/fr\/wp-json\/wp\/v2\/product"}],"about":[{"href":"https:\/\/dutchhealthstore.com\/fr\/wp-json\/wp\/v2\/types\/product"}],"replies":[{"embeddable":true,"href":"https:\/\/dutchhealthstore.com\/fr\/wp-json\/wp\/v2\/comments?post=118889"}],"wp:featuredmedia":[{"embeddable":true,"href":"https:\/\/dutchhealthstore.com\/fr\/wp-json\/wp\/v2\/media\/59777"}],"wp:attachment":[{"href":"https:\/\/dutchhealthstore.com\/fr\/wp-json\/wp\/v2\/media?parent=118889"}],"wp:term":[{"taxonomy":"product_brand","embeddable":true,"href":"https:\/\/dutchhealthstore.com\/fr\/wp-json\/wp\/v2\/product_brand?post=118889"},{"taxonomy":"product_cat","embeddable":true,"href":"https:\/\/dutchhealthstore.com\/fr\/wp-json\/wp\/v2\/product_cat?post=118889"},{"taxonomy":"product_tag","embeddable":true,"href":"https:\/\/dutchhealthstore.com\/fr\/wp-json\/wp\/v2\/product_tag?post=118889"}],"curies":[{"name":"wp","href":"https:\/\/api.w.org\/{rel}","templated":true}]}}