{"id":118884,"date":"2018-11-02T16:03:12","date_gmt":"2018-11-02T15:03:12","guid":{"rendered":"https:\/\/dutchhealthstore.com\/product\/grapefruit-essential-oil\/"},"modified":"2025-11-23T13:02:03","modified_gmt":"2025-11-23T12:02:03","slug":"grapefruit-essential-oil","status":"publish","type":"product","link":"https:\/\/dutchhealthstore.com\/fr\/product\/grapefruit-essential-oil\/","title":{"rendered":"Grapefruit Essential Oil"},"content":{"rendered":"<p><b><strong><img decoding=\"async\" class=\"alignright size-full wp-image-37041\" src=\"https:\/\/dutchhealthstore.com\/wp-content\/uploads\/2018\/04\/Living_Libations-1.png\" alt=\"Organic &amp; Natural Beautyproducts - Living Libations\" width=\"175\" height=\"82\">Nom botanique:<\/strong><\/b><i><em>Citrus paradisi<br \/>\n<\/em><\/i><b><strong>Famille botanique : <\/strong><\/b><i><em>Rutaceae<br \/>\n<\/em><\/i><b><strong>M\u00e9thode d&rsquo;extraction : <\/strong><\/b>Presse<br \/>\n<b><strong>Partie de la plante distill\u00e9e:<\/strong><\/b> \u00c9corce<br \/>\n<b><strong>Pays d&rsquo;origine:<\/strong><\/b> Italie<br \/>\n<b><\/b><b><strong>M\u00e9thode de culture:<\/strong><\/b> Organique<\/p>\n<h3>Description de l&rsquo;odeur<\/h3>\n<p><b><\/b>Des agrumes tranchants avec un \u00e9clat de soleil heureux.<\/p>\n<h3>Dans Living Libations<b><strong><br \/>\n<\/strong><\/b><\/h3>\n<p>Seabuckthorn Best Skin Ever, Frankincense Best Skin Ever, Being Free is Lots of Fun Perfume, Ruby Juice Lips Lover, Feeling Good Today, Cell-U-Light Formula, Grapefruit Cellular Renewal<\/p>\n<h3>Se m\u00e9lange bien avec<b><strong><br \/>\n<\/strong><\/b><\/h3>\n<p>Toutes les huiles d&rsquo;agrumes, encens, rose, jasmin, ylang, douglas, sapin baumier, v\u00e9tiver, santal, patchouli, hysope, cardamome, encens et nard.<\/p>\n<h3>Utilisations<b><strong><br \/>\n<\/strong><\/b><\/h3>\n<p>Diffus. Ajouter aux s\u00e9rums pour la peau et le cuir chevelu. \u00c9quilibre les peaux grasses. Doux dans les bains. C&rsquo;est agr\u00e9able \u00e0 inhaler. Fait avancer les choses dans les m\u00e9langes de massage. Il s&rsquo;agit d&rsquo;un compl\u00e9ment id\u00e9al \u00e0 votre r\u00e9gime de nettoyage et de revitalisation de la peau, qui donnera un \u00e9clat particulier \u00e0 vos cheveux.<\/p>\n<h3>Contre-indication<b><strong><br \/>\n<\/strong><\/b><\/h3>\n<p>Photosensibilit\u00e9 (toutes les huiles d&rsquo;agrumes pr\u00e9sentent cette contre-indication).<br \/>\nNe pas utiliser non dilu\u00e9 ou \u00e0 des concentrations sup\u00e9rieures \u00e0 15% et ne pas exposer la peau au soleil.<\/p>\n<p>Cette d\u00e9licieuse distillation exploite le pouvoir v\u00e9g\u00e9tal de l&rsquo;\u00e9corce du fruit, qui est r\u00e9colt\u00e9e biologiquement dans les vergers d&rsquo;Italie. La chair succulente du pamplemousse gleeful est consid\u00e9r\u00e9e comme un hybride de l&rsquo;orange douce et du fruit du shaddock. Tout comme les pouvoirs de cette purification sont de nature myst\u00e9rieuse, les circonstances entourant les origines des fruits sont tout aussi curieuses. Si certains sp\u00e9cialistes font remonter les racines du pamplemousse \u00e0 la Chine antique, d&rsquo;autres affirment que les arbres \u00e0 fleurs blanches sont n\u00e9s dans les Antilles. Partout o\u00f9 le pamplemoussier est n\u00e9, ses anc\u00eatres italiens continuent de faire des offrandes juteuses et succulentes pour le bien de la terre et la joie de ses habitants.<\/p>\n<p>R\u00e9jouissez-vous d&rsquo;une immersion ensoleill\u00e9e dans les agrumes en inhalant le parfum joyeux de l&rsquo;essence de pamplemousse Living Libations.<\/p>\n<h3>Ingr\u00e9dients Biologiques<\/h3>\n<p>100% <span style=\"font-size: 14.4px;\">d&rsquo;huiles<\/span> essentielles de pamplemousse (Citrus paradisi) .<\/p>\n<p style=\"text-align: center;\"><em>\u00ab\u00a0Le pamplemousse tire l&rsquo;esprit humain du sommeil&#8230; il est \u00e9nergisant et vivifiant, <\/em><br \/>\n<em>elle interdit l&rsquo;\u00e9gocentrisme qui consiste \u00e0 vivre uniquement pour le corps sans \u00e9tablir de lien avec l&rsquo;esprit.\u00a0\u00bb<\/em><br \/>\n~ Valerie Ann Worwood, <strong>Aromatherapy for the Soul<\/strong><\/p>\n<p style=\"text-align: center;\"><em>\u00ab\u00a0Peut contenir jusqu&rsquo;\u00e0 98 pour cent de limon\u00e8ne&#8230; <\/em><br \/>\n<em>Son parfum agr\u00e9ablement rafra\u00eechissant et son prix plut\u00f4t abordable en font un produit tr\u00e8s utile pour les diffuseurs et la d\u00e9sinfection de l&rsquo;air ambiant.\u00a0\u00bb<\/em><br \/>\n~ Kurt Schnaubelt, <strong>Advanced Aromatherapy<\/strong><\/p>\n<p style=\"text-align: center;\"><em>\u00ab\u00a0Donne des ailes aux sentiments&#8230; <\/em><br \/>\n<em>Il apporte une nouvelle joie de vivre, de la l\u00e9g\u00e8ret\u00e9 et du bien-\u00eatre. C&rsquo;est un antidote positif dans les moments de doute de soi.\u00a0\u00bb<\/em><br \/>\n~ Suzanne Fischer-Rizzi, <strong>Complete Aromatherapy Handbook<\/strong><\/p>\n<p>&nbsp;<\/p>\n<p><img fetchpriority=\"high\" decoding=\"async\" class=\"size-full wp-image-31577 aligncenter\" src=\"https:\/\/dutchhealthstore.com\/wp-content\/uploads\/2018\/03\/organic_big.png\" alt=\"Organic and Natural - Living Libations\" width=\"623\" height=\"103\" srcset=\"https:\/\/dutchhealthstore.com\/wp-content\/uploads\/2018\/03\/organic_big.png 623w, https:\/\/dutchhealthstore.com\/wp-content\/uploads\/2018\/03\/organic_big-510x84.png 510w, https:\/\/dutchhealthstore.com\/wp-content\/uploads\/2018\/03\/organic_big-600x99.png 600w, https:\/\/dutchhealthstore.com\/wp-content\/uploads\/2018\/03\/organic_big-350x58.png 350w\" sizes=\"(max-width: 623px) 100vw, 623px\" \/><\/p>\n","protected":false},"excerpt":{"rendered":"<p>Ravivez vos sens avec <strong>Grapefruit essential oil<\/strong> de Living Libations. Inhalez de robustes gouttes de pamplemousse rubis pour percevoir un monde ensoleill\u00e9 d&rsquo;agrumes dans lequel la positivit\u00e9 et l&rsquo;harmonie sont c\u00e9l\u00e9br\u00e9es. Le pamplemousse inspire une clart\u00e9 joyeuse et stimule l&rsquo;esprit pour faire avancer les choses.<\/p>\n<p>L&rsquo;essence de pamplemousse est un magnifique tonique pour le corps et le visage, ajoutant un zeste revitalisant qui aide votre peau \u00e0 chanter.<\/p>\n","protected":false},"featured_media":27439,"comment_status":"open","ping_status":"closed","template":"","meta":[],"product_brand":[],"product_cat":[6734,1507,1211,1209,1030,3757,1010,6733],"product_tag":[4495],"class_list":{"0":"post-118884","1":"product","2":"type-product","3":"status-publish","4":"has-post-thumbnail","6":"product_cat-essential-oils","7":"product_cat-plantes-huiles-essentielles-living-libations","8":"product_cat-living-libations-france","9":"product_cat-par-marques","10":"product_cat-par-produits","11":"product_cat-plantes-huiles-essentielles","12":"product_cat-notre-boutique","13":"product_cat-wellness-fr-2","14":"product_tag-essential-oil-fr","15":"pa_brand-livinglibations-fr","16":"pa_essential-oils-product-type-essential-oils-fr","17":"pa_size-5-ml-fr","18":"pa_size-15-ml-fr","19":"pa_size-30-ml-fr","21":"first","22":"instock","23":"taxable","24":"shipping-taxable","25":"purchasable","26":"product-type-variable"},"bundled_by":[],"bundle_stock_status":"instock","bundle_stock_quantity":null,"bundle_virtual":false,"bundle_layout":"","bundle_add_to_cart_form_location":"","bundle_editable_in_cart":false,"bundle_sold_individually_context":"","bundle_item_grouping":"","bundle_min_size":"","bundle_max_size":"","bundle_price":[],"bundled_items":[],"bundle_sell_ids":[],"atum_controlled":true,"out_stock_date":null,"out_stock_threshold":null,"inheritable":true,"stock_on_hold":1,"sold_today":0,"sales_last_days":1,"out_stock_days":0,"lost_sales":0,"update_date":"2026-04-12T00:02:10","atum_locations":[],"atum_stock_status":"instock","restock_status":false,"low_stock_amount":"","sales_update_date":"2026-04-11T00:01:46","calc_backorders":null,"group_of_quantity":0,"min_quantity":0,"max_quantity":"","exclude_order_quantity_value_rules":"no","exclude_category_quantity_rules":"no","combine_variations":"no","yoast_head":"<!-- This site is optimized with the Yoast SEO Premium plugin v26.5 (Yoast SEO v26.5) - https:\/\/yoast.com\/wordpress\/plugins\/seo\/ -->\n<title>Grapefruit Essential Oil | Living Libations<\/title>\n<meta name=\"description\" content=\"L&#039;essence de pamplemousse est un magnifique tonique pour le corps et le visage, ajoutant un zeste revitalisant qui aide votre peau \u00e0 chanter.\" \/>\n<meta name=\"robots\" content=\"index, follow, max-snippet:-1, max-image-preview:large, max-video-preview:-1\" \/>\n<link rel=\"canonical\" href=\"https:\/\/dutchhealthstore.com\/fr\/product\/grapefruit-essential-oil\/\" \/>\n<meta property=\"og:locale\" content=\"fr_FR\" \/>\n<meta property=\"og:type\" content=\"article\" \/>\n<meta property=\"og:title\" content=\"Grapefruit Essential Oil - Dutch Health Store\" \/>\n<meta property=\"og:description\" content=\"L&#039;essence de pamplemousse est un magnifique tonique pour le corps et le visage, ajoutant un zeste revitalisant qui aide votre peau \u00e0 chanter.\" \/>\n<meta property=\"og:url\" content=\"https:\/\/dutchhealthstore.com\/fr\/product\/grapefruit-essential-oil\/\" \/>\n<meta property=\"og:site_name\" content=\"Dutch Health Store\" \/>\n<meta property=\"article:publisher\" content=\"https:\/\/www.instagram.com\/dutchhealthstore\/\" \/>\n<meta property=\"article:modified_time\" content=\"2025-11-23T12:02:03+00:00\" \/>\n<meta property=\"og:image\" content=\"https:\/\/dutchhealthstore.com\/wp-content\/uploads\/2018\/02\/Living_Libations_Grapefruit_Essential_Oil.jpg\" \/>\n\t<meta property=\"og:image:width\" content=\"500\" \/>\n\t<meta property=\"og:image:height\" content=\"500\" \/>\n\t<meta property=\"og:image:type\" content=\"image\/jpeg\" \/>\n<meta name=\"twitter:card\" content=\"summary_large_image\" \/>\n<meta name=\"twitter:label1\" content=\"Disponibilit\u00e9\" \/>\n\t<meta name=\"twitter:data1\" content=\"En stock\" \/>\n<script type=\"application\/ld+json\" class=\"yoast-schema-graph\">{\"@context\":\"https:\/\/schema.org\",\"@graph\":[{\"@type\":\"WebPage\",\"@id\":\"https:\/\/dutchhealthstore.com\/fr\/product\/grapefruit-essential-oil\/\",\"url\":\"https:\/\/dutchhealthstore.com\/fr\/product\/grapefruit-essential-oil\/\",\"name\":\"Grapefruit Essential Oil | Living Libations\",\"isPartOf\":{\"@id\":\"https:\/\/dutchhealthstore.com\/fr\/#website\"},\"primaryImageOfPage\":{\"@id\":\"https:\/\/dutchhealthstore.com\/fr\/product\/grapefruit-essential-oil\/#primaryimage\"},\"image\":{\"@id\":\"https:\/\/dutchhealthstore.com\/fr\/product\/grapefruit-essential-oil\/#primaryimage\"},\"thumbnailUrl\":\"https:\/\/dutchhealthstore.com\/wp-content\/uploads\/2018\/02\/Living_Libations_Grapefruit_Essential_Oil.jpg\",\"datePublished\":\"2018-11-02T15:03:12+00:00\",\"dateModified\":\"2025-11-23T12:02:03+00:00\",\"description\":\"L'essence de pamplemousse est un magnifique tonique pour le corps et le visage, ajoutant un zeste revitalisant qui aide votre peau \u00e0 chanter.\",\"breadcrumb\":{\"@id\":\"https:\/\/dutchhealthstore.com\/fr\/product\/grapefruit-essential-oil\/#breadcrumb\"},\"inLanguage\":\"fr-FR\",\"potentialAction\":[{\"@type\":\"ReadAction\",\"target\":[\"https:\/\/dutchhealthstore.com\/fr\/product\/grapefruit-essential-oil\/\"]}]},{\"@type\":\"ImageObject\",\"inLanguage\":\"fr-FR\",\"@id\":\"https:\/\/dutchhealthstore.com\/fr\/product\/grapefruit-essential-oil\/#primaryimage\",\"url\":\"https:\/\/dutchhealthstore.com\/wp-content\/uploads\/2018\/02\/Living_Libations_Grapefruit_Essential_Oil.jpg\",\"contentUrl\":\"https:\/\/dutchhealthstore.com\/wp-content\/uploads\/2018\/02\/Living_Libations_Grapefruit_Essential_Oil.jpg\",\"width\":500,\"height\":500,\"caption\":\"Living Libations | Grapefruit Essential Oil\"},{\"@type\":\"BreadcrumbList\",\"@id\":\"https:\/\/dutchhealthstore.com\/fr\/product\/grapefruit-essential-oil\/#breadcrumb\",\"itemListElement\":[{\"@type\":\"ListItem\",\"position\":1,\"name\":\"Home\",\"item\":\"https:\/\/dutchhealthstore.com\/fr\/\"},{\"@type\":\"ListItem\",\"position\":2,\"name\":\"Shop\",\"item\":\"https:\/\/dutchhealthstore.com\/fr\/shop\/\"},{\"@type\":\"ListItem\",\"position\":3,\"name\":\"Grapefruit Essential Oil\"}]},{\"@type\":\"WebSite\",\"@id\":\"https:\/\/dutchhealthstore.com\/fr\/#website\",\"url\":\"https:\/\/dutchhealthstore.com\/fr\/\",\"name\":\"Dutch Health Store\",\"description\":\"Enhance Your Beauty with Organic &amp; Natural Skincare\",\"publisher\":{\"@id\":\"https:\/\/dutchhealthstore.com\/fr\/#organization\"},\"potentialAction\":[{\"@type\":\"SearchAction\",\"target\":{\"@type\":\"EntryPoint\",\"urlTemplate\":\"https:\/\/dutchhealthstore.com\/fr\/?s={search_term_string}\"},\"query-input\":{\"@type\":\"PropertyValueSpecification\",\"valueRequired\":true,\"valueName\":\"search_term_string\"}}],\"inLanguage\":\"fr-FR\"},{\"@type\":\"Organization\",\"@id\":\"https:\/\/dutchhealthstore.com\/fr\/#organization\",\"name\":\"Dutch Health Store\",\"url\":\"https:\/\/dutchhealthstore.com\/fr\/\",\"logo\":{\"@type\":\"ImageObject\",\"inLanguage\":\"fr-FR\",\"@id\":\"https:\/\/dutchhealthstore.com\/fr\/#\/schema\/logo\/image\/\",\"url\":\"https:\/\/dutchhealthstore.com\/wp-content\/uploads\/2020\/08\/logo-dutchhealthstore-jpg-e1599484957574.jpg\",\"contentUrl\":\"https:\/\/dutchhealthstore.com\/wp-content\/uploads\/2020\/08\/logo-dutchhealthstore-jpg-e1599484957574.jpg\",\"width\":400,\"height\":62,\"caption\":\"Dutch Health Store\"},\"image\":{\"@id\":\"https:\/\/dutchhealthstore.com\/fr\/#\/schema\/logo\/image\/\"},\"sameAs\":[\"https:\/\/www.instagram.com\/dutchhealthstore\/\",\"https:\/\/www.facebook.com\/dutchhealthstore\"]}]}<\/script>\n<meta property=\"product:brand\" content=\"Living Libations\" \/>\n<meta property=\"og:availability\" content=\"instock\" \/>\n<meta property=\"product:availability\" content=\"instock\" \/>\n<meta property=\"product:condition\" content=\"new\" \/>\n<!-- \/ Yoast SEO Premium plugin. -->","yoast_head_json":{"title":"Grapefruit Essential Oil | Living Libations","description":"L'essence de pamplemousse est un magnifique tonique pour le corps et le visage, ajoutant un zeste revitalisant qui aide votre peau \u00e0 chanter.","robots":{"index":"index","follow":"follow","max-snippet":"max-snippet:-1","max-image-preview":"max-image-preview:large","max-video-preview":"max-video-preview:-1"},"canonical":"https:\/\/dutchhealthstore.com\/fr\/product\/grapefruit-essential-oil\/","og_locale":"fr_FR","og_type":"article","og_title":"Grapefruit Essential Oil - Dutch Health Store","og_description":"L'essence de pamplemousse est un magnifique tonique pour le corps et le visage, ajoutant un zeste revitalisant qui aide votre peau \u00e0 chanter.","og_url":"https:\/\/dutchhealthstore.com\/fr\/product\/grapefruit-essential-oil\/","og_site_name":"Dutch Health Store","article_publisher":"https:\/\/www.instagram.com\/dutchhealthstore\/","article_modified_time":"2025-11-23T12:02:03+00:00","og_image":[{"width":500,"height":500,"url":"https:\/\/dutchhealthstore.com\/wp-content\/uploads\/2018\/02\/Living_Libations_Grapefruit_Essential_Oil.jpg","type":"image\/jpeg"}],"twitter_card":"summary_large_image","twitter_misc":{"Disponibilit\u00e9":"En stock"},"schema":{"@context":"https:\/\/schema.org","@graph":[{"@type":"WebPage","@id":"https:\/\/dutchhealthstore.com\/fr\/product\/grapefruit-essential-oil\/","url":"https:\/\/dutchhealthstore.com\/fr\/product\/grapefruit-essential-oil\/","name":"Grapefruit Essential Oil | Living Libations","isPartOf":{"@id":"https:\/\/dutchhealthstore.com\/fr\/#website"},"primaryImageOfPage":{"@id":"https:\/\/dutchhealthstore.com\/fr\/product\/grapefruit-essential-oil\/#primaryimage"},"image":{"@id":"https:\/\/dutchhealthstore.com\/fr\/product\/grapefruit-essential-oil\/#primaryimage"},"thumbnailUrl":"https:\/\/dutchhealthstore.com\/wp-content\/uploads\/2018\/02\/Living_Libations_Grapefruit_Essential_Oil.jpg","datePublished":"2018-11-02T15:03:12+00:00","dateModified":"2025-11-23T12:02:03+00:00","description":"L'essence de pamplemousse est un magnifique tonique pour le corps et le visage, ajoutant un zeste revitalisant qui aide votre peau \u00e0 chanter.","breadcrumb":{"@id":"https:\/\/dutchhealthstore.com\/fr\/product\/grapefruit-essential-oil\/#breadcrumb"},"inLanguage":"fr-FR","potentialAction":[{"@type":"ReadAction","target":["https:\/\/dutchhealthstore.com\/fr\/product\/grapefruit-essential-oil\/"]}]},{"@type":"ImageObject","inLanguage":"fr-FR","@id":"https:\/\/dutchhealthstore.com\/fr\/product\/grapefruit-essential-oil\/#primaryimage","url":"https:\/\/dutchhealthstore.com\/wp-content\/uploads\/2018\/02\/Living_Libations_Grapefruit_Essential_Oil.jpg","contentUrl":"https:\/\/dutchhealthstore.com\/wp-content\/uploads\/2018\/02\/Living_Libations_Grapefruit_Essential_Oil.jpg","width":500,"height":500,"caption":"Living Libations | Grapefruit Essential Oil"},{"@type":"BreadcrumbList","@id":"https:\/\/dutchhealthstore.com\/fr\/product\/grapefruit-essential-oil\/#breadcrumb","itemListElement":[{"@type":"ListItem","position":1,"name":"Home","item":"https:\/\/dutchhealthstore.com\/fr\/"},{"@type":"ListItem","position":2,"name":"Shop","item":"https:\/\/dutchhealthstore.com\/fr\/shop\/"},{"@type":"ListItem","position":3,"name":"Grapefruit Essential Oil"}]},{"@type":"WebSite","@id":"https:\/\/dutchhealthstore.com\/fr\/#website","url":"https:\/\/dutchhealthstore.com\/fr\/","name":"Dutch Health Store","description":"Enhance Your Beauty with Organic &amp; Natural Skincare","publisher":{"@id":"https:\/\/dutchhealthstore.com\/fr\/#organization"},"potentialAction":[{"@type":"SearchAction","target":{"@type":"EntryPoint","urlTemplate":"https:\/\/dutchhealthstore.com\/fr\/?s={search_term_string}"},"query-input":{"@type":"PropertyValueSpecification","valueRequired":true,"valueName":"search_term_string"}}],"inLanguage":"fr-FR"},{"@type":"Organization","@id":"https:\/\/dutchhealthstore.com\/fr\/#organization","name":"Dutch Health Store","url":"https:\/\/dutchhealthstore.com\/fr\/","logo":{"@type":"ImageObject","inLanguage":"fr-FR","@id":"https:\/\/dutchhealthstore.com\/fr\/#\/schema\/logo\/image\/","url":"https:\/\/dutchhealthstore.com\/wp-content\/uploads\/2020\/08\/logo-dutchhealthstore-jpg-e1599484957574.jpg","contentUrl":"https:\/\/dutchhealthstore.com\/wp-content\/uploads\/2020\/08\/logo-dutchhealthstore-jpg-e1599484957574.jpg","width":400,"height":62,"caption":"Dutch Health Store"},"image":{"@id":"https:\/\/dutchhealthstore.com\/fr\/#\/schema\/logo\/image\/"},"sameAs":["https:\/\/www.instagram.com\/dutchhealthstore\/","https:\/\/www.facebook.com\/dutchhealthstore"]}]},"product_brand":"Living Libations","og_availability":"instock","product_availability":"instock","product_condition":"new"},"_links":{"self":[{"href":"https:\/\/dutchhealthstore.com\/fr\/wp-json\/wp\/v2\/product\/118884","targetHints":{"allow":["GET"]}}],"collection":[{"href":"https:\/\/dutchhealthstore.com\/fr\/wp-json\/wp\/v2\/product"}],"about":[{"href":"https:\/\/dutchhealthstore.com\/fr\/wp-json\/wp\/v2\/types\/product"}],"replies":[{"embeddable":true,"href":"https:\/\/dutchhealthstore.com\/fr\/wp-json\/wp\/v2\/comments?post=118884"}],"wp:featuredmedia":[{"embeddable":true,"href":"https:\/\/dutchhealthstore.com\/fr\/wp-json\/wp\/v2\/media\/27439"}],"wp:attachment":[{"href":"https:\/\/dutchhealthstore.com\/fr\/wp-json\/wp\/v2\/media?parent=118884"}],"wp:term":[{"taxonomy":"product_brand","embeddable":true,"href":"https:\/\/dutchhealthstore.com\/fr\/wp-json\/wp\/v2\/product_brand?post=118884"},{"taxonomy":"product_cat","embeddable":true,"href":"https:\/\/dutchhealthstore.com\/fr\/wp-json\/wp\/v2\/product_cat?post=118884"},{"taxonomy":"product_tag","embeddable":true,"href":"https:\/\/dutchhealthstore.com\/fr\/wp-json\/wp\/v2\/product_tag?post=118884"}],"curies":[{"name":"wp","href":"https:\/\/api.w.org\/{rel}","templated":true}]}}