{"id":118859,"date":"2020-06-25T07:36:18","date_gmt":"2020-06-25T05:36:18","guid":{"rendered":"https:\/\/dutchhealthstore.com\/product\/gingerlily-over-vetiver-essential-oil\/"},"modified":"2023-02-28T13:00:16","modified_gmt":"2023-02-28T13:00:16","slug":"gingerlily-over-vetiver-essential-oil","status":"publish","type":"product","link":"https:\/\/dutchhealthstore.com\/fr\/product\/gingerlily-over-vetiver-essential-oil\/","title":{"rendered":"Gingerlily Over Vetiver Essential Oil"},"content":{"rendered":"<p><img decoding=\"async\" class=\"size-full wp-image-69549 alignright\" src=\"https:\/\/dutchhealthstore.com\/wp-content\/uploads\/2019\/08\/NEW-Living-Libations-Logo.jpg\" alt=\"NEW - Living Libations - Logo\" width=\"175\" height=\"82\"><strong>Nom botanique :<\/strong> Hedychium coronarium sur Vetiveria zizanioides<br \/>\n<strong>M\u00e9thode d&rsquo;extraction :<\/strong> Distillation \u00e0 la vapeur<br \/>\n<strong>Ingr\u00e9dients :<\/strong> Co-distillation de Gingerlily Essential Oil et de Vetiver Essential Oil.<br \/>\n<strong>Partie de la plante distill\u00e9e :<\/strong> Fleur et racine<br \/>\n<strong>Pays d&rsquo;origine :<\/strong> Inde<br \/>\n<strong>M\u00e9thode de culture :<\/strong> Sauvage<br \/>\n<strong>Composition :<\/strong> 100% Hedychium coronarium + Vetiveria zizanioides<br \/>\n<strong>Consistance :<\/strong> Viscosit\u00e9 moyenne<\/p>\n<h3>Description de l&rsquo;odeur<\/h3>\n<p>De profondes et chaudes nuances de bois et de terre herbac\u00e9e, le tout flottant sous une d\u00e9licate note de t\u00eate de gard\u00e9nias flottants.<\/p>\n<h3>Dans Living Libations<\/h3>\n<p>Gingerlily Poetic Pits<\/p>\n<h3>Se marie bien avec<\/h3>\n<p>Bois de santal, jasmin, pamplemousse, lavande, \u0153illet, patchouli et nard.<\/p>\n<h3>Utilisations<\/h3>\n<p>M\u00e9langes d&rsquo;aromath\u00e9rapie. Parfums stabilisants et fondants. S\u00e9rum r\u00e9g\u00e9n\u00e9rateur et hydratant pour la peau. Adorable dans un bain. Pr\u00eat \u00e0 \u00eatre port\u00e9 comme un parfum et un soup\u00e7on comme un d\u00e9odorant.<\/p>\n<a href=\"https:\/\/dutchhealthstore.com\/wp-content\/uploads\/2020\/06\/ANALYSIS-Gingerlily-Over-Vetiver-Essential-Oil-Living-Libations-3.pdf\" class=\"button primary is-primary is-small\"  >\n\t\t<span>ANALYSE DES HUILES ESSENTIELLES &gt;<\/span>\n\t<\/a>\n\n<p>Le parfum glamour de Ginger lily Essential Oil all\u00e8ge l&rsquo;humeur et lib\u00e8re les \u00e9motions refoul\u00e9es. Cette huile florale d\u00e9licate est r\u00e9put\u00e9e pour \u00eatre un stimulant du d\u00e9sir qui inspire la romance et la sensualit\u00e9. Le lys gingembre conf\u00e8re \u00e0 cette distillation un ar\u00f4me semblable \u00e0 celui d&rsquo;un parfum, suffisamment polyvalent pour \u00eatre port\u00e9 lors d&rsquo;une occasion sp\u00e9ciale ou pour cr\u00e9er un sentiment de sensualit\u00e9 \u00e9nergique dans la maison.<\/p>\n<p>Ensemble, ces deux \u00e9lixirs puissants cr\u00e9ent un tonique \u00e9difiant qui c\u00e9l\u00e8bre la l\u00e9g\u00e8ret\u00e9 florale et le calme enracin\u00e9.<\/p>\n<p><strong>Taille : 5 ml et 15 ml<\/strong><\/p>\n<h3>Ingr\u00e9dients biologiques<\/h3>\n<p>100% huile essentielle de gingembre sur v\u00e9tiver (Hedychium coronarium + Vetiveria zizanioides).<\/p>\n<p style=\"text-align: center;\"><em>\u00ab\u00a0Ton parfum, son odeur de v\u00e9tiver, ta propre odeur d\u00e9licate : tous deux \u00e9trangers. Tes pens\u00e9es subtilement sinueuses sont si \u00e9trang\u00e8res \u00e0 mes propres m\u00e9andres, et pourtant plus claires et plus nettes. Bien s\u00fbr, vous n&rsquo;\u00eates pas un \u00e9tranger, mais comme j&rsquo;appr\u00e9cie cette \u00e9tranget\u00e9 en vous. Peut-\u00eatre que garder cet \u00e9l\u00e9ment \u00e9tranger est le secret.\u00a0\u00bb<\/em><br \/>\n~ Herv\u00e9 Le Tellier<\/p>\n<p style=\"text-align: center;\"><em>\u00ab\u00a0<span style=\"font-size: 14.4px;\">[Le lys gingembre<\/span> est] une herbe ornementale, rhizomateuse, pr\u00e9sente dans toutes les parties humides de l&rsquo;Inde. Une huile essentielle, obtenue \u00e0 partir des rhizomes, est active contre les bact\u00e9ries gram positives et les champignons.\u00a0\u00bb<\/em><br \/>\n~ Rashtra Vardhana, <strong>Floristic Plants of the World, Vol. 3<\/strong><\/p>\n<p style=\"text-align: center;\"><em>\u00ab\u00a0Le v\u00e9tiver nourrit les personnes qui ont les pieds froids ou la t\u00eate dans les nuages. Lorsque nous perdons le contact avec le sol qui nous entoure, avec la r\u00e9alit\u00e9, nous payons le prix d&rsquo;un syst\u00e8me immunitaire affaibli.<\/em><br \/>\n<em>Lorsque nous sommes en contact avec la terre, nous respirons de l&rsquo;air frais, nous profitons de la magie d&rsquo;un feu ouvert et nous sentons le vent souffler dans nos cheveux.\u00a0\u00bb<\/em><br \/>\n~ Susanne Fischer-Rizzi, <strong>The Complete Aromatherapy Handbook<\/strong><\/p>\n<p><img fetchpriority=\"high\" decoding=\"async\" class=\"size-medium wp-image-68103 aligncenter\" src=\"https:\/\/dutchhealthstore.com\/wp-content\/uploads\/2018\/02\/Living-Libations-Organic-Logo-800x89.png\" alt=\"Living Libations - Organic Logo\" width=\"800\" height=\"89\" srcset=\"https:\/\/dutchhealthstore.com\/wp-content\/uploads\/2018\/02\/Living-Libations-Organic-Logo-800x89.png 800w, https:\/\/dutchhealthstore.com\/wp-content\/uploads\/2018\/02\/Living-Libations-Organic-Logo-510x57.png 510w, https:\/\/dutchhealthstore.com\/wp-content\/uploads\/2018\/02\/Living-Libations-Organic-Logo-768x85.png 768w, https:\/\/dutchhealthstore.com\/wp-content\/uploads\/2018\/02\/Living-Libations-Organic-Logo.png 1400w\" sizes=\"(max-width: 800px) 100vw, 800px\" \/><\/p>\n","protected":false},"excerpt":{"rendered":"<p><strong>Gingerlily over Vetiver Essential Oil<\/strong> combine l&rsquo;ar\u00f4me mielleux-floral de la fleur de lys de gingembre co-distill\u00e9e avec les notes d&rsquo;amour terreuses du v\u00e9tiver.<br \/>\nCousin de la racine de gingembre largement utilis\u00e9e dans l&rsquo;art culinaire, le lys gingembre est une fleur parfum\u00e9e qui offre des fleurs odorantes. Le v\u00e9tiver, qui \u00e9tait utilis\u00e9 comme ingr\u00e9dient dans les parfums de l&rsquo;Empire britannique \u00e0 l&rsquo;\u00e9poque coloniale, offre une base racinaire rougeoyante \u00e0 cette fantaisie florale.<br \/>\nAppr\u00e9ciez ce parfum cors\u00e9, \u00e0 base de fleurs et de racines, o\u00f9 le v\u00e9tiver temp\u00e8re magnifiquement l&rsquo;envol\u00e9e florale de Ginger lily Essential Oil.<\/p>\n","protected":false},"featured_media":337468,"comment_status":"open","ping_status":"closed","template":"","meta":[],"product_brand":[],"product_cat":[6734,1507,1211,1209,3757,6733],"product_tag":[4495],"class_list":{"0":"post-118859","1":"product","2":"type-product","3":"status-publish","4":"has-post-thumbnail","6":"product_cat-essential-oils","7":"product_cat-plantes-huiles-essentielles-living-libations","8":"product_cat-living-libations-france","9":"product_cat-par-marques","10":"product_cat-plantes-huiles-essentielles","11":"product_cat-wellness-fr-2","12":"product_tag-essential-oil-fr","13":"pa_brand-livinglibations-fr","14":"pa_essential-oils-product-type-essential-oils-fr","15":"pa_size-5-ml-fr","16":"pa_size-15-ml-fr","18":"first","19":"instock","20":"taxable","21":"shipping-taxable","22":"purchasable","23":"product-type-variable"},"bundled_by":[],"bundle_stock_status":"instock","bundle_stock_quantity":null,"bundle_virtual":false,"bundle_layout":"","bundle_add_to_cart_form_location":"","bundle_editable_in_cart":false,"bundle_sold_individually_context":"","bundle_item_grouping":"","bundle_min_size":"","bundle_max_size":"","bundle_price":[],"bundled_items":[],"bundle_sell_ids":[],"atum_controlled":true,"out_stock_date":null,"out_stock_threshold":null,"inheritable":true,"stock_on_hold":0,"sold_today":0,"sales_last_days":0,"out_stock_days":0,"lost_sales":0,"update_date":"2026-04-10T00:00:32","atum_locations":[],"atum_stock_status":"instock","restock_status":false,"low_stock_amount":"","sales_update_date":"2026-04-10T00:00:32","calc_backorders":null,"group_of_quantity":0,"min_quantity":0,"max_quantity":"","exclude_order_quantity_value_rules":"no","exclude_category_quantity_rules":"no","combine_variations":"no","yoast_head":"<!-- This site is optimized with the Yoast SEO Premium plugin v26.5 (Yoast SEO v26.5) - https:\/\/yoast.com\/wordpress\/plugins\/seo\/ -->\n<title>Gingerlily Over Vetiver Essential | Living Libations<\/title>\n<meta name=\"description\" content=\"Gingerlily over Vetiver Essential Oil combine l&#039;ar\u00f4me miell\u00e9-floral de la fleur de Gingerlily co-distill\u00e9e avec les notes d&#039;amour terreuses du Vetiver.\" \/>\n<meta name=\"robots\" content=\"index, follow, max-snippet:-1, max-image-preview:large, max-video-preview:-1\" \/>\n<link rel=\"canonical\" href=\"https:\/\/dutchhealthstore.com\/fr\/product\/gingerlily-over-vetiver-essential-oil\/\" \/>\n<meta property=\"og:locale\" content=\"fr_FR\" \/>\n<meta property=\"og:type\" content=\"article\" \/>\n<meta property=\"og:title\" content=\"Gingerlily Over Vetiver Essential Oil - Dutch Health Store\" \/>\n<meta property=\"og:description\" content=\"Gingerlily over Vetiver Essential Oil combine l&#039;ar\u00f4me miell\u00e9-floral de la fleur de Gingerlily co-distill\u00e9e avec les notes d&#039;amour terreuses du Vetiver.\" \/>\n<meta property=\"og:url\" content=\"https:\/\/dutchhealthstore.com\/fr\/product\/gingerlily-over-vetiver-essential-oil\/\" \/>\n<meta property=\"og:site_name\" content=\"Dutch Health Store\" \/>\n<meta property=\"article:publisher\" content=\"https:\/\/www.instagram.com\/dutchhealthstore\/\" \/>\n<meta property=\"article:modified_time\" content=\"2023-02-28T13:00:16+00:00\" \/>\n<meta property=\"og:image\" content=\"https:\/\/dutchhealthstore.com\/wp-content\/uploads\/2020\/06\/Gingerlily-Over-Vetiver-Living-Libations.-.jpg\" \/>\n\t<meta property=\"og:image:width\" content=\"500\" \/>\n\t<meta property=\"og:image:height\" content=\"500\" \/>\n\t<meta property=\"og:image:type\" content=\"image\/jpeg\" \/>\n<meta name=\"twitter:card\" content=\"summary_large_image\" \/>\n<meta name=\"twitter:label1\" content=\"Disponibilit\u00e9\" \/>\n\t<meta name=\"twitter:data1\" content=\"En stock\" \/>\n<script type=\"application\/ld+json\" class=\"yoast-schema-graph\">{\"@context\":\"https:\/\/schema.org\",\"@graph\":[{\"@type\":\"WebPage\",\"@id\":\"https:\/\/dutchhealthstore.com\/fr\/product\/gingerlily-over-vetiver-essential-oil\/\",\"url\":\"https:\/\/dutchhealthstore.com\/fr\/product\/gingerlily-over-vetiver-essential-oil\/\",\"name\":\"Gingerlily Over Vetiver Essential | Living Libations\",\"isPartOf\":{\"@id\":\"https:\/\/dutchhealthstore.com\/fr\/#website\"},\"primaryImageOfPage\":{\"@id\":\"https:\/\/dutchhealthstore.com\/fr\/product\/gingerlily-over-vetiver-essential-oil\/#primaryimage\"},\"image\":{\"@id\":\"https:\/\/dutchhealthstore.com\/fr\/product\/gingerlily-over-vetiver-essential-oil\/#primaryimage\"},\"thumbnailUrl\":\"https:\/\/dutchhealthstore.com\/wp-content\/uploads\/2020\/06\/2025-04-15-13_43_42-Gingerlily-over-Vetiver-Essential-Oil-\u2013-Living-Libations-INT.jpg\",\"datePublished\":\"2020-06-25T05:36:18+00:00\",\"dateModified\":\"2023-02-28T13:00:16+00:00\",\"description\":\"Gingerlily over Vetiver Essential Oil combine l'ar\u00f4me miell\u00e9-floral de la fleur de Gingerlily co-distill\u00e9e avec les notes d'amour terreuses du Vetiver.\",\"breadcrumb\":{\"@id\":\"https:\/\/dutchhealthstore.com\/fr\/product\/gingerlily-over-vetiver-essential-oil\/#breadcrumb\"},\"inLanguage\":\"fr-FR\",\"potentialAction\":[{\"@type\":\"ReadAction\",\"target\":[\"https:\/\/dutchhealthstore.com\/fr\/product\/gingerlily-over-vetiver-essential-oil\/\"]}]},{\"@type\":\"ImageObject\",\"inLanguage\":\"fr-FR\",\"@id\":\"https:\/\/dutchhealthstore.com\/fr\/product\/gingerlily-over-vetiver-essential-oil\/#primaryimage\",\"url\":\"https:\/\/dutchhealthstore.com\/wp-content\/uploads\/2020\/06\/2025-04-15-13_43_42-Gingerlily-over-Vetiver-Essential-Oil-\u2013-Living-Libations-INT.jpg\",\"contentUrl\":\"https:\/\/dutchhealthstore.com\/wp-content\/uploads\/2020\/06\/2025-04-15-13_43_42-Gingerlily-over-Vetiver-Essential-Oil-\u2013-Living-Libations-INT.jpg\",\"width\":530,\"height\":530},{\"@type\":\"BreadcrumbList\",\"@id\":\"https:\/\/dutchhealthstore.com\/fr\/product\/gingerlily-over-vetiver-essential-oil\/#breadcrumb\",\"itemListElement\":[{\"@type\":\"ListItem\",\"position\":1,\"name\":\"Home\",\"item\":\"https:\/\/dutchhealthstore.com\/fr\/\"},{\"@type\":\"ListItem\",\"position\":2,\"name\":\"Shop\",\"item\":\"https:\/\/dutchhealthstore.com\/fr\/shop\/\"},{\"@type\":\"ListItem\",\"position\":3,\"name\":\"Gingerlily Over Vetiver Essential Oil\"}]},{\"@type\":\"WebSite\",\"@id\":\"https:\/\/dutchhealthstore.com\/fr\/#website\",\"url\":\"https:\/\/dutchhealthstore.com\/fr\/\",\"name\":\"Dutch Health Store\",\"description\":\"Enhance Your Beauty with Organic &amp; Natural Skincare\",\"publisher\":{\"@id\":\"https:\/\/dutchhealthstore.com\/fr\/#organization\"},\"potentialAction\":[{\"@type\":\"SearchAction\",\"target\":{\"@type\":\"EntryPoint\",\"urlTemplate\":\"https:\/\/dutchhealthstore.com\/fr\/?s={search_term_string}\"},\"query-input\":{\"@type\":\"PropertyValueSpecification\",\"valueRequired\":true,\"valueName\":\"search_term_string\"}}],\"inLanguage\":\"fr-FR\"},{\"@type\":\"Organization\",\"@id\":\"https:\/\/dutchhealthstore.com\/fr\/#organization\",\"name\":\"Dutch Health Store\",\"url\":\"https:\/\/dutchhealthstore.com\/fr\/\",\"logo\":{\"@type\":\"ImageObject\",\"inLanguage\":\"fr-FR\",\"@id\":\"https:\/\/dutchhealthstore.com\/fr\/#\/schema\/logo\/image\/\",\"url\":\"https:\/\/dutchhealthstore.com\/wp-content\/uploads\/2020\/08\/logo-dutchhealthstore-jpg-e1599484957574.jpg\",\"contentUrl\":\"https:\/\/dutchhealthstore.com\/wp-content\/uploads\/2020\/08\/logo-dutchhealthstore-jpg-e1599484957574.jpg\",\"width\":400,\"height\":62,\"caption\":\"Dutch Health Store\"},\"image\":{\"@id\":\"https:\/\/dutchhealthstore.com\/fr\/#\/schema\/logo\/image\/\"},\"sameAs\":[\"https:\/\/www.instagram.com\/dutchhealthstore\/\",\"https:\/\/www.facebook.com\/dutchhealthstore\"]}]}<\/script>\n<meta property=\"product:brand\" content=\"Living Libations\" \/>\n<meta property=\"og:availability\" content=\"instock\" \/>\n<meta property=\"product:availability\" content=\"instock\" \/>\n<meta property=\"product:condition\" content=\"new\" \/>\n<!-- \/ Yoast SEO Premium plugin. -->","yoast_head_json":{"title":"Gingerlily Over Vetiver Essential | Living Libations","description":"Gingerlily over Vetiver Essential Oil combine l'ar\u00f4me miell\u00e9-floral de la fleur de Gingerlily co-distill\u00e9e avec les notes d'amour terreuses du Vetiver.","robots":{"index":"index","follow":"follow","max-snippet":"max-snippet:-1","max-image-preview":"max-image-preview:large","max-video-preview":"max-video-preview:-1"},"canonical":"https:\/\/dutchhealthstore.com\/fr\/product\/gingerlily-over-vetiver-essential-oil\/","og_locale":"fr_FR","og_type":"article","og_title":"Gingerlily Over Vetiver Essential Oil - Dutch Health Store","og_description":"Gingerlily over Vetiver Essential Oil combine l'ar\u00f4me miell\u00e9-floral de la fleur de Gingerlily co-distill\u00e9e avec les notes d'amour terreuses du Vetiver.","og_url":"https:\/\/dutchhealthstore.com\/fr\/product\/gingerlily-over-vetiver-essential-oil\/","og_site_name":"Dutch Health Store","article_publisher":"https:\/\/www.instagram.com\/dutchhealthstore\/","article_modified_time":"2023-02-28T13:00:16+00:00","og_image":[{"width":500,"height":500,"url":"https:\/\/dutchhealthstore.com\/wp-content\/uploads\/2020\/06\/Gingerlily-Over-Vetiver-Living-Libations.-.jpg","type":"image\/jpeg"}],"twitter_card":"summary_large_image","twitter_misc":{"Disponibilit\u00e9":"En stock"},"schema":{"@context":"https:\/\/schema.org","@graph":[{"@type":"WebPage","@id":"https:\/\/dutchhealthstore.com\/fr\/product\/gingerlily-over-vetiver-essential-oil\/","url":"https:\/\/dutchhealthstore.com\/fr\/product\/gingerlily-over-vetiver-essential-oil\/","name":"Gingerlily Over Vetiver Essential | Living Libations","isPartOf":{"@id":"https:\/\/dutchhealthstore.com\/fr\/#website"},"primaryImageOfPage":{"@id":"https:\/\/dutchhealthstore.com\/fr\/product\/gingerlily-over-vetiver-essential-oil\/#primaryimage"},"image":{"@id":"https:\/\/dutchhealthstore.com\/fr\/product\/gingerlily-over-vetiver-essential-oil\/#primaryimage"},"thumbnailUrl":"https:\/\/dutchhealthstore.com\/wp-content\/uploads\/2020\/06\/2025-04-15-13_43_42-Gingerlily-over-Vetiver-Essential-Oil-\u2013-Living-Libations-INT.jpg","datePublished":"2020-06-25T05:36:18+00:00","dateModified":"2023-02-28T13:00:16+00:00","description":"Gingerlily over Vetiver Essential Oil combine l'ar\u00f4me miell\u00e9-floral de la fleur de Gingerlily co-distill\u00e9e avec les notes d'amour terreuses du Vetiver.","breadcrumb":{"@id":"https:\/\/dutchhealthstore.com\/fr\/product\/gingerlily-over-vetiver-essential-oil\/#breadcrumb"},"inLanguage":"fr-FR","potentialAction":[{"@type":"ReadAction","target":["https:\/\/dutchhealthstore.com\/fr\/product\/gingerlily-over-vetiver-essential-oil\/"]}]},{"@type":"ImageObject","inLanguage":"fr-FR","@id":"https:\/\/dutchhealthstore.com\/fr\/product\/gingerlily-over-vetiver-essential-oil\/#primaryimage","url":"https:\/\/dutchhealthstore.com\/wp-content\/uploads\/2020\/06\/2025-04-15-13_43_42-Gingerlily-over-Vetiver-Essential-Oil-\u2013-Living-Libations-INT.jpg","contentUrl":"https:\/\/dutchhealthstore.com\/wp-content\/uploads\/2020\/06\/2025-04-15-13_43_42-Gingerlily-over-Vetiver-Essential-Oil-\u2013-Living-Libations-INT.jpg","width":530,"height":530},{"@type":"BreadcrumbList","@id":"https:\/\/dutchhealthstore.com\/fr\/product\/gingerlily-over-vetiver-essential-oil\/#breadcrumb","itemListElement":[{"@type":"ListItem","position":1,"name":"Home","item":"https:\/\/dutchhealthstore.com\/fr\/"},{"@type":"ListItem","position":2,"name":"Shop","item":"https:\/\/dutchhealthstore.com\/fr\/shop\/"},{"@type":"ListItem","position":3,"name":"Gingerlily Over Vetiver Essential Oil"}]},{"@type":"WebSite","@id":"https:\/\/dutchhealthstore.com\/fr\/#website","url":"https:\/\/dutchhealthstore.com\/fr\/","name":"Dutch Health Store","description":"Enhance Your Beauty with Organic &amp; Natural Skincare","publisher":{"@id":"https:\/\/dutchhealthstore.com\/fr\/#organization"},"potentialAction":[{"@type":"SearchAction","target":{"@type":"EntryPoint","urlTemplate":"https:\/\/dutchhealthstore.com\/fr\/?s={search_term_string}"},"query-input":{"@type":"PropertyValueSpecification","valueRequired":true,"valueName":"search_term_string"}}],"inLanguage":"fr-FR"},{"@type":"Organization","@id":"https:\/\/dutchhealthstore.com\/fr\/#organization","name":"Dutch Health Store","url":"https:\/\/dutchhealthstore.com\/fr\/","logo":{"@type":"ImageObject","inLanguage":"fr-FR","@id":"https:\/\/dutchhealthstore.com\/fr\/#\/schema\/logo\/image\/","url":"https:\/\/dutchhealthstore.com\/wp-content\/uploads\/2020\/08\/logo-dutchhealthstore-jpg-e1599484957574.jpg","contentUrl":"https:\/\/dutchhealthstore.com\/wp-content\/uploads\/2020\/08\/logo-dutchhealthstore-jpg-e1599484957574.jpg","width":400,"height":62,"caption":"Dutch Health Store"},"image":{"@id":"https:\/\/dutchhealthstore.com\/fr\/#\/schema\/logo\/image\/"},"sameAs":["https:\/\/www.instagram.com\/dutchhealthstore\/","https:\/\/www.facebook.com\/dutchhealthstore"]}]},"product_brand":"Living Libations","og_availability":"instock","product_availability":"instock","product_condition":"new"},"_links":{"self":[{"href":"https:\/\/dutchhealthstore.com\/fr\/wp-json\/wp\/v2\/product\/118859","targetHints":{"allow":["GET"]}}],"collection":[{"href":"https:\/\/dutchhealthstore.com\/fr\/wp-json\/wp\/v2\/product"}],"about":[{"href":"https:\/\/dutchhealthstore.com\/fr\/wp-json\/wp\/v2\/types\/product"}],"replies":[{"embeddable":true,"href":"https:\/\/dutchhealthstore.com\/fr\/wp-json\/wp\/v2\/comments?post=118859"}],"wp:featuredmedia":[{"embeddable":true,"href":"https:\/\/dutchhealthstore.com\/fr\/wp-json\/wp\/v2\/media\/337468"}],"wp:attachment":[{"href":"https:\/\/dutchhealthstore.com\/fr\/wp-json\/wp\/v2\/media?parent=118859"}],"wp:term":[{"taxonomy":"product_brand","embeddable":true,"href":"https:\/\/dutchhealthstore.com\/fr\/wp-json\/wp\/v2\/product_brand?post=118859"},{"taxonomy":"product_cat","embeddable":true,"href":"https:\/\/dutchhealthstore.com\/fr\/wp-json\/wp\/v2\/product_cat?post=118859"},{"taxonomy":"product_tag","embeddable":true,"href":"https:\/\/dutchhealthstore.com\/fr\/wp-json\/wp\/v2\/product_tag?post=118859"}],"curies":[{"name":"wp","href":"https:\/\/api.w.org\/{rel}","templated":true}]}}