{"id":118770,"date":"2020-07-09T09:10:22","date_gmt":"2020-07-09T07:10:22","guid":{"rendered":"https:\/\/dutchhealthstore.com\/product\/ginger-root-essential-oil\/"},"modified":"2025-08-29T10:06:10","modified_gmt":"2025-08-29T08:06:10","slug":"ginger-root-essential-oil","status":"publish","type":"product","link":"https:\/\/dutchhealthstore.com\/fr\/product\/ginger-root-essential-oil\/","title":{"rendered":"Ginger Root Essential Oil"},"content":{"rendered":"<p><strong><img decoding=\"async\" class=\"size-full wp-image-69549 alignright\" src=\"https:\/\/dutchhealthstore.com\/wp-content\/uploads\/2019\/08\/NEW-Living-Libations-Logo.jpg\" alt=\"NEW - Living Libations - Logo\" width=\"175\" height=\"82\">Nom botanique:<\/strong> Zingiber officinale<br \/>\n<strong>Nom de famille:<\/strong> Zingiberaceae<br \/>\n<strong>M\u00e9thode d&rsquo;extraction:<\/strong> Extrait super-critique<br \/>\n<strong>Partie de la plante distill\u00e9e:<\/strong> Rhizome<br \/>\n<strong>Pays d&rsquo;origine:<\/strong> Madagascar<br \/>\n<strong>M\u00e9thode de culture:<\/strong> Organique<br \/>\n<strong>Composition:<\/strong> 100 % Zingiber officinale<br \/>\n<strong>Consistance:<\/strong> Viscosit\u00e9 fine \u00e0 moyenne<\/p>\n<h3>Description de l&rsquo;odeur<\/h3>\n<p>Un liquide dor\u00e9 \u00e9manant un bouquet chaud, acidul\u00e9, \u00e9pic\u00e9 et balsamique avec un fond terreux et racinaire. Il est utilis\u00e9 comme tonique dans les parfums, les bouquets orientaux, les accords d&rsquo;\u00e9pices, les bouquets d&rsquo;encens et les fleurs \u00e0 l&rsquo;\u00e9tat de traces.<\/p>\n<h3>Dans Living Libations<\/h3>\n<p>Illume Hotberry, Zest the Best<\/p>\n<h3>Se marie bien avec<\/h3>\n<p>Pamplemousse, bergamote, clou de girofle, cannelle, curcuma, poivre noir, jasmin, \u0153illet et ylang.<\/p>\n<a href=\"https:\/\/dutchhealthstore.com\/wp-content\/uploads\/2020\/07\/ANALYSIS-Ginger-Root-Essential-Oil-Living-Libations.pdf\" class=\"button primary is-primary is-small\"  >\n\t\t<span>ANALYSE DES HUILES ESSENTIELLES &gt;<\/span>\n\t<\/a>\n\n<h3>Utilisations<\/h3>\n<p>Huile culinaire \u00e0 d\u00e9guster dans les soupes, les sauces, les desserts et les vinaigrettes; appr\u00e9ci\u00e9e en pastille avec du miel. M\u00e9langes d&rsquo;aromath\u00e9rapie pour les massages qui font fondre les muscles, les parfums qui r\u00e9chauffent le c\u0153ur, et comme liniment d&rsquo;amour. Toujours dilu\u00e9 pour \u00eatre utilis\u00e9 dans les bains et sur la peau. Accentuez la diffusion d&rsquo;huiles d&rsquo;agrumes piquantes avec un soup\u00e7on de gingembre. Un parfum \u00e0 inhaler comme compagnon de voyage pour les avions, les trains et les trajets en voiture. Bien-aim\u00e9 des ventres.<\/p>\n<p>Cette extraction sp\u00e9ciale d&rsquo;essence c\u00e9l\u00e8bre l&rsquo;\u00e9nergie piquante et Yang de la racine de gingembre biologique. Depuis des milliers d&rsquo;ann\u00e9es, le gingembre est consid\u00e9r\u00e9 comme une herbe h\u00e9ro\u00efque par les Indiens et les Chinois de l&rsquo;Antiquit\u00e9. Ce v\u00e9ritable tonique au gingembre exhale la puissance de si\u00e8cles d&rsquo;utilisation, combinant l&rsquo;ar\u00f4me piquant de l&rsquo;herbe avec son essence revigorante.<\/p>\n<p>En Inde, le gingembre est utilis\u00e9 dans un th\u00e9 piquant. Le gingembre est souvent servi comme garniture avec les sushis, et est utilis\u00e9 pour d\u00e9gager le palais entre les plats et encourager l&rsquo;app\u00e9tit. Utilisez une goutte d&rsquo;huile \u00e0 la place de la racine fra\u00eeche ou s\u00e9ch\u00e9e.<\/p>\n<p><strong>Taille: 5 ml et 15 ml<\/strong><\/p>\n<h3>Ingr\u00e9dients Biologiques<\/h3>\n<p>100% huile essentielle de racine de gingembre (Zingiber officinale).<\/p>\n<p style=\"text-align: center;\"><em>\u00ab\u00a0L&rsquo;herbe est originaire des environs de l&rsquo;oc\u00e9an Indien, mais elle est aujourd&rsquo;hui cultiv\u00e9e dans toutes les r\u00e9gions tropicales. Ses propri\u00e9t\u00e9s aromatiques ont \u00e9t\u00e9 d\u00e9crites par Pline l&rsquo;Ancien au premier si\u00e8cle de notre \u00e8re et dans d&rsquo;anciens textes indiens sanskrits.\u00a0\u00bb<\/em><br \/>\n~ Kathi Keville et Mindy Green, <strong>Aromatherapy: A Complete Guide to the Art<\/strong><\/p>\n<p style=\"text-align: center;\"><em>\u00ab\u00a0L&rsquo;huile est domin\u00e9e par des sesquiterp\u00e8nes tels que le zingiber\u00e8ne et l&rsquo;a-curcume, mais on pense que les monoterp\u00e8nes et les ald\u00e9hydes influencent son ar\u00f4me distinctif.\u00a0\u00bb<\/em><br \/>\n~ Jennifer Peace Rhind, <strong>Fragrance and Wellbeing<\/strong><\/p>\n<p style=\"text-align: center;\"><em>\u00ab\u00a0Le gingembre est un parfum de valeur et de courage. Il apporte de l&rsquo;aide \u00e0 ceux qui ont le c\u0153ur fragile et aux faibles, donnant le sentiment d&rsquo;\u00eatre capable et fort pour continuer malgr\u00e9 tout.\u00a0\u00bb<\/em><br \/>\n~ Valerie Ann Worwood, <strong>Aromatherapy for the Soul<\/strong><\/p>\n<p style=\"text-align: center;\"><em>\u00ab\u00a0Avec ses qualit\u00e9s d&rsquo;ar\u00f4me piquant et doux, le Gingembre aborde essentiellement les questions de motivation, de confiance en soi et de courage. Infusant chaleur et passion \u00e0 l&rsquo;\u00e2me et au sentiment de vie&#8230; \u00ab\u00a0<\/em><br \/>\n~ Peter Holmes, <strong>Aromatica<\/strong><\/p>\n<p><img fetchpriority=\"high\" decoding=\"async\" class=\"size-medium wp-image-68103 aligncenter\" src=\"https:\/\/dutchhealthstore.com\/wp-content\/uploads\/2018\/02\/Living-Libations-Organic-Logo-800x89.png\" alt=\"Living Libations - Organic Logo\" width=\"800\" height=\"89\" srcset=\"https:\/\/dutchhealthstore.com\/wp-content\/uploads\/2018\/02\/Living-Libations-Organic-Logo-800x89.png 800w, https:\/\/dutchhealthstore.com\/wp-content\/uploads\/2018\/02\/Living-Libations-Organic-Logo-510x57.png 510w, https:\/\/dutchhealthstore.com\/wp-content\/uploads\/2018\/02\/Living-Libations-Organic-Logo-768x85.png 768w, https:\/\/dutchhealthstore.com\/wp-content\/uploads\/2018\/02\/Living-Libations-Organic-Logo.png 1400w\" sizes=\"(max-width: 800px) 100vw, 800px\" \/><\/p>\n","protected":false},"excerpt":{"rendered":"<p>Le zingiber, <strong>Ginger Root Essential Oil<\/strong> emballe un punch herbac\u00e9! L&rsquo;essence de cette racine robuste est un extrait sp\u00e9cial supercritique de gingembre magnifique cultiv\u00e9 \u00e0 Madagascar, qui cr\u00e9e l&rsquo;huile de gingembre la plus fruit\u00e9e et la plus cors\u00e9e qui soit.<br \/>\nFaites chanter les papilles et revigorez les sens avec cette racine \u00e9pic\u00e9e qui a berc\u00e9 les apothicaires de l&rsquo;Arabie ancienne, de l&rsquo;Inde et de la Chine.<\/p>\n","protected":false},"featured_media":112345,"comment_status":"open","ping_status":"closed","template":"","meta":[],"product_brand":[],"product_cat":[1507,6734,1211,1209,3757,6733],"product_tag":[4495],"class_list":{"0":"post-118770","1":"product","2":"type-product","3":"status-publish","4":"has-post-thumbnail","6":"product_cat-plantes-huiles-essentielles-living-libations","7":"product_cat-essential-oils","8":"product_cat-living-libations-france","9":"product_cat-par-marques","10":"product_cat-plantes-huiles-essentielles","11":"product_cat-wellness-fr-2","12":"product_tag-essential-oil-fr","13":"pa_brand-livinglibations-fr","14":"pa_essential-oils-product-type-essential-oils-fr","15":"pa_size-15-ml-fr","16":"pa_size-5-ml-fr","18":"first","19":"instock","20":"taxable","21":"shipping-taxable","22":"purchasable","23":"product-type-variable"},"bundled_by":[],"bundle_stock_status":"instock","bundle_stock_quantity":null,"bundle_virtual":false,"bundle_layout":"","bundle_add_to_cart_form_location":"","bundle_editable_in_cart":false,"bundle_sold_individually_context":"","bundle_item_grouping":"","bundle_min_size":"","bundle_max_size":"","bundle_price":[],"bundled_items":[],"bundle_sell_ids":[],"atum_controlled":true,"out_stock_date":null,"out_stock_threshold":null,"inheritable":true,"stock_on_hold":1,"sold_today":0,"sales_last_days":0,"out_stock_days":0,"lost_sales":0,"update_date":"2026-04-26T00:12:53","atum_locations":[],"atum_stock_status":"instock","restock_status":false,"low_stock_amount":"","sales_update_date":"2026-04-26T00:12:53","calc_backorders":null,"group_of_quantity":0,"min_quantity":0,"max_quantity":"","exclude_order_quantity_value_rules":"no","exclude_category_quantity_rules":"no","combine_variations":"no","yoast_head":"<!-- This site is optimized with the Yoast SEO Premium plugin v26.5 (Yoast SEO v26.5) - https:\/\/yoast.com\/wordpress\/plugins\/seo\/ -->\n<title>Ginger Root Essential Oil | Living Libations<\/title>\n<meta name=\"description\" content=\"Faites chanter les papilles et revigorez les sens avec cette racine \u00e9pic\u00e9e qui a berc\u00e9 les apothicaires de l&#039;Arabie ancienne, de l&#039;Inde et de la Chine.\" \/>\n<meta name=\"robots\" content=\"index, follow, max-snippet:-1, max-image-preview:large, max-video-preview:-1\" \/>\n<link rel=\"canonical\" href=\"https:\/\/dutchhealthstore.com\/fr\/product\/ginger-root-essential-oil\/\" \/>\n<meta property=\"og:locale\" content=\"fr_FR\" \/>\n<meta property=\"og:type\" content=\"article\" \/>\n<meta property=\"og:title\" content=\"Ginger Root Essential Oil - Dutch Health Store\" \/>\n<meta property=\"og:description\" content=\"Faites chanter les papilles et revigorez les sens avec cette racine \u00e9pic\u00e9e qui a berc\u00e9 les apothicaires de l&#039;Arabie ancienne, de l&#039;Inde et de la Chine.\" \/>\n<meta property=\"og:url\" content=\"https:\/\/dutchhealthstore.com\/fr\/product\/ginger-root-essential-oil\/\" \/>\n<meta property=\"og:site_name\" content=\"Dutch Health Store\" \/>\n<meta property=\"article:publisher\" content=\"https:\/\/www.instagram.com\/dutchhealthstore\/\" \/>\n<meta property=\"article:modified_time\" content=\"2025-08-29T08:06:10+00:00\" \/>\n<meta property=\"og:image\" content=\"https:\/\/dutchhealthstore.com\/wp-content\/uploads\/2020\/07\/Living-Libations-Ginger-Root-e1594285596635.jpg\" \/>\n\t<meta property=\"og:image:width\" content=\"500\" \/>\n\t<meta property=\"og:image:height\" content=\"500\" \/>\n\t<meta property=\"og:image:type\" content=\"image\/jpeg\" \/>\n<meta name=\"twitter:card\" content=\"summary_large_image\" \/>\n<meta name=\"twitter:label1\" content=\"Disponibilit\u00e9\" \/>\n\t<meta name=\"twitter:data1\" content=\"En stock\" \/>\n<script type=\"application\/ld+json\" class=\"yoast-schema-graph\">{\"@context\":\"https:\/\/schema.org\",\"@graph\":[{\"@type\":\"WebPage\",\"@id\":\"https:\/\/dutchhealthstore.com\/fr\/product\/ginger-root-essential-oil\/\",\"url\":\"https:\/\/dutchhealthstore.com\/fr\/product\/ginger-root-essential-oil\/\",\"name\":\"Ginger Root Essential Oil | Living Libations\",\"isPartOf\":{\"@id\":\"https:\/\/dutchhealthstore.com\/fr\/#website\"},\"primaryImageOfPage\":{\"@id\":\"https:\/\/dutchhealthstore.com\/fr\/product\/ginger-root-essential-oil\/#primaryimage\"},\"image\":{\"@id\":\"https:\/\/dutchhealthstore.com\/fr\/product\/ginger-root-essential-oil\/#primaryimage\"},\"thumbnailUrl\":\"https:\/\/dutchhealthstore.com\/wp-content\/uploads\/2020\/07\/Living-Libations-Ginger-Root-e1594285596635.jpg\",\"datePublished\":\"2020-07-09T07:10:22+00:00\",\"dateModified\":\"2025-08-29T08:06:10+00:00\",\"description\":\"Faites chanter les papilles et revigorez les sens avec cette racine \u00e9pic\u00e9e qui a berc\u00e9 les apothicaires de l'Arabie ancienne, de l'Inde et de la Chine.\",\"breadcrumb\":{\"@id\":\"https:\/\/dutchhealthstore.com\/fr\/product\/ginger-root-essential-oil\/#breadcrumb\"},\"inLanguage\":\"fr-FR\",\"potentialAction\":[{\"@type\":\"ReadAction\",\"target\":[\"https:\/\/dutchhealthstore.com\/fr\/product\/ginger-root-essential-oil\/\"]}]},{\"@type\":\"ImageObject\",\"inLanguage\":\"fr-FR\",\"@id\":\"https:\/\/dutchhealthstore.com\/fr\/product\/ginger-root-essential-oil\/#primaryimage\",\"url\":\"https:\/\/dutchhealthstore.com\/wp-content\/uploads\/2020\/07\/Living-Libations-Ginger-Root-e1594285596635.jpg\",\"contentUrl\":\"https:\/\/dutchhealthstore.com\/wp-content\/uploads\/2020\/07\/Living-Libations-Ginger-Root-e1594285596635.jpg\",\"width\":500,\"height\":500,\"caption\":\"Living Libations Ginger Root Essential Oil\"},{\"@type\":\"BreadcrumbList\",\"@id\":\"https:\/\/dutchhealthstore.com\/fr\/product\/ginger-root-essential-oil\/#breadcrumb\",\"itemListElement\":[{\"@type\":\"ListItem\",\"position\":1,\"name\":\"Home\",\"item\":\"https:\/\/dutchhealthstore.com\/fr\/\"},{\"@type\":\"ListItem\",\"position\":2,\"name\":\"Shop\",\"item\":\"https:\/\/dutchhealthstore.com\/fr\/shop\/\"},{\"@type\":\"ListItem\",\"position\":3,\"name\":\"Ginger Root Essential Oil\"}]},{\"@type\":\"WebSite\",\"@id\":\"https:\/\/dutchhealthstore.com\/fr\/#website\",\"url\":\"https:\/\/dutchhealthstore.com\/fr\/\",\"name\":\"Dutch Health Store\",\"description\":\"Enhance Your Beauty with Organic &amp; Natural Skincare\",\"publisher\":{\"@id\":\"https:\/\/dutchhealthstore.com\/fr\/#organization\"},\"potentialAction\":[{\"@type\":\"SearchAction\",\"target\":{\"@type\":\"EntryPoint\",\"urlTemplate\":\"https:\/\/dutchhealthstore.com\/fr\/?s={search_term_string}\"},\"query-input\":{\"@type\":\"PropertyValueSpecification\",\"valueRequired\":true,\"valueName\":\"search_term_string\"}}],\"inLanguage\":\"fr-FR\"},{\"@type\":\"Organization\",\"@id\":\"https:\/\/dutchhealthstore.com\/fr\/#organization\",\"name\":\"Dutch Health Store\",\"url\":\"https:\/\/dutchhealthstore.com\/fr\/\",\"logo\":{\"@type\":\"ImageObject\",\"inLanguage\":\"fr-FR\",\"@id\":\"https:\/\/dutchhealthstore.com\/fr\/#\/schema\/logo\/image\/\",\"url\":\"https:\/\/dutchhealthstore.com\/wp-content\/uploads\/2020\/08\/logo-dutchhealthstore-jpg-e1599484957574.jpg\",\"contentUrl\":\"https:\/\/dutchhealthstore.com\/wp-content\/uploads\/2020\/08\/logo-dutchhealthstore-jpg-e1599484957574.jpg\",\"width\":400,\"height\":62,\"caption\":\"Dutch Health Store\"},\"image\":{\"@id\":\"https:\/\/dutchhealthstore.com\/fr\/#\/schema\/logo\/image\/\"},\"sameAs\":[\"https:\/\/www.instagram.com\/dutchhealthstore\/\",\"https:\/\/www.facebook.com\/dutchhealthstore\"]}]}<\/script>\n<meta property=\"product:brand\" content=\"Living Libations\" \/>\n<meta property=\"og:availability\" content=\"instock\" \/>\n<meta property=\"product:availability\" content=\"instock\" \/>\n<meta property=\"product:condition\" content=\"new\" \/>\n<!-- \/ Yoast SEO Premium plugin. -->","yoast_head_json":{"title":"Ginger Root Essential Oil | Living Libations","description":"Faites chanter les papilles et revigorez les sens avec cette racine \u00e9pic\u00e9e qui a berc\u00e9 les apothicaires de l'Arabie ancienne, de l'Inde et de la Chine.","robots":{"index":"index","follow":"follow","max-snippet":"max-snippet:-1","max-image-preview":"max-image-preview:large","max-video-preview":"max-video-preview:-1"},"canonical":"https:\/\/dutchhealthstore.com\/fr\/product\/ginger-root-essential-oil\/","og_locale":"fr_FR","og_type":"article","og_title":"Ginger Root Essential Oil - Dutch Health Store","og_description":"Faites chanter les papilles et revigorez les sens avec cette racine \u00e9pic\u00e9e qui a berc\u00e9 les apothicaires de l'Arabie ancienne, de l'Inde et de la Chine.","og_url":"https:\/\/dutchhealthstore.com\/fr\/product\/ginger-root-essential-oil\/","og_site_name":"Dutch Health Store","article_publisher":"https:\/\/www.instagram.com\/dutchhealthstore\/","article_modified_time":"2025-08-29T08:06:10+00:00","og_image":[{"width":500,"height":500,"url":"https:\/\/dutchhealthstore.com\/wp-content\/uploads\/2020\/07\/Living-Libations-Ginger-Root-e1594285596635.jpg","type":"image\/jpeg"}],"twitter_card":"summary_large_image","twitter_misc":{"Disponibilit\u00e9":"En stock"},"schema":{"@context":"https:\/\/schema.org","@graph":[{"@type":"WebPage","@id":"https:\/\/dutchhealthstore.com\/fr\/product\/ginger-root-essential-oil\/","url":"https:\/\/dutchhealthstore.com\/fr\/product\/ginger-root-essential-oil\/","name":"Ginger Root Essential Oil | Living Libations","isPartOf":{"@id":"https:\/\/dutchhealthstore.com\/fr\/#website"},"primaryImageOfPage":{"@id":"https:\/\/dutchhealthstore.com\/fr\/product\/ginger-root-essential-oil\/#primaryimage"},"image":{"@id":"https:\/\/dutchhealthstore.com\/fr\/product\/ginger-root-essential-oil\/#primaryimage"},"thumbnailUrl":"https:\/\/dutchhealthstore.com\/wp-content\/uploads\/2020\/07\/Living-Libations-Ginger-Root-e1594285596635.jpg","datePublished":"2020-07-09T07:10:22+00:00","dateModified":"2025-08-29T08:06:10+00:00","description":"Faites chanter les papilles et revigorez les sens avec cette racine \u00e9pic\u00e9e qui a berc\u00e9 les apothicaires de l'Arabie ancienne, de l'Inde et de la Chine.","breadcrumb":{"@id":"https:\/\/dutchhealthstore.com\/fr\/product\/ginger-root-essential-oil\/#breadcrumb"},"inLanguage":"fr-FR","potentialAction":[{"@type":"ReadAction","target":["https:\/\/dutchhealthstore.com\/fr\/product\/ginger-root-essential-oil\/"]}]},{"@type":"ImageObject","inLanguage":"fr-FR","@id":"https:\/\/dutchhealthstore.com\/fr\/product\/ginger-root-essential-oil\/#primaryimage","url":"https:\/\/dutchhealthstore.com\/wp-content\/uploads\/2020\/07\/Living-Libations-Ginger-Root-e1594285596635.jpg","contentUrl":"https:\/\/dutchhealthstore.com\/wp-content\/uploads\/2020\/07\/Living-Libations-Ginger-Root-e1594285596635.jpg","width":500,"height":500,"caption":"Living Libations Ginger Root Essential Oil"},{"@type":"BreadcrumbList","@id":"https:\/\/dutchhealthstore.com\/fr\/product\/ginger-root-essential-oil\/#breadcrumb","itemListElement":[{"@type":"ListItem","position":1,"name":"Home","item":"https:\/\/dutchhealthstore.com\/fr\/"},{"@type":"ListItem","position":2,"name":"Shop","item":"https:\/\/dutchhealthstore.com\/fr\/shop\/"},{"@type":"ListItem","position":3,"name":"Ginger Root Essential Oil"}]},{"@type":"WebSite","@id":"https:\/\/dutchhealthstore.com\/fr\/#website","url":"https:\/\/dutchhealthstore.com\/fr\/","name":"Dutch Health Store","description":"Enhance Your Beauty with Organic &amp; Natural Skincare","publisher":{"@id":"https:\/\/dutchhealthstore.com\/fr\/#organization"},"potentialAction":[{"@type":"SearchAction","target":{"@type":"EntryPoint","urlTemplate":"https:\/\/dutchhealthstore.com\/fr\/?s={search_term_string}"},"query-input":{"@type":"PropertyValueSpecification","valueRequired":true,"valueName":"search_term_string"}}],"inLanguage":"fr-FR"},{"@type":"Organization","@id":"https:\/\/dutchhealthstore.com\/fr\/#organization","name":"Dutch Health Store","url":"https:\/\/dutchhealthstore.com\/fr\/","logo":{"@type":"ImageObject","inLanguage":"fr-FR","@id":"https:\/\/dutchhealthstore.com\/fr\/#\/schema\/logo\/image\/","url":"https:\/\/dutchhealthstore.com\/wp-content\/uploads\/2020\/08\/logo-dutchhealthstore-jpg-e1599484957574.jpg","contentUrl":"https:\/\/dutchhealthstore.com\/wp-content\/uploads\/2020\/08\/logo-dutchhealthstore-jpg-e1599484957574.jpg","width":400,"height":62,"caption":"Dutch Health Store"},"image":{"@id":"https:\/\/dutchhealthstore.com\/fr\/#\/schema\/logo\/image\/"},"sameAs":["https:\/\/www.instagram.com\/dutchhealthstore\/","https:\/\/www.facebook.com\/dutchhealthstore"]}]},"product_brand":"Living Libations","og_availability":"instock","product_availability":"instock","product_condition":"new"},"_links":{"self":[{"href":"https:\/\/dutchhealthstore.com\/fr\/wp-json\/wp\/v2\/product\/118770","targetHints":{"allow":["GET"]}}],"collection":[{"href":"https:\/\/dutchhealthstore.com\/fr\/wp-json\/wp\/v2\/product"}],"about":[{"href":"https:\/\/dutchhealthstore.com\/fr\/wp-json\/wp\/v2\/types\/product"}],"replies":[{"embeddable":true,"href":"https:\/\/dutchhealthstore.com\/fr\/wp-json\/wp\/v2\/comments?post=118770"}],"wp:featuredmedia":[{"embeddable":true,"href":"https:\/\/dutchhealthstore.com\/fr\/wp-json\/wp\/v2\/media\/112345"}],"wp:attachment":[{"href":"https:\/\/dutchhealthstore.com\/fr\/wp-json\/wp\/v2\/media?parent=118770"}],"wp:term":[{"taxonomy":"product_brand","embeddable":true,"href":"https:\/\/dutchhealthstore.com\/fr\/wp-json\/wp\/v2\/product_brand?post=118770"},{"taxonomy":"product_cat","embeddable":true,"href":"https:\/\/dutchhealthstore.com\/fr\/wp-json\/wp\/v2\/product_cat?post=118770"},{"taxonomy":"product_tag","embeddable":true,"href":"https:\/\/dutchhealthstore.com\/fr\/wp-json\/wp\/v2\/product_tag?post=118770"}],"curies":[{"name":"wp","href":"https:\/\/api.w.org\/{rel}","templated":true}]}}