{"id":118750,"date":"2018-02-10T19:33:00","date_gmt":"2018-02-10T18:33:00","guid":{"rendered":"https:\/\/dutchhealthstore.com\/product\/geranium-essential-oil\/"},"modified":"2026-03-28T13:54:05","modified_gmt":"2026-03-28T12:54:05","slug":"geranium-essential-oil","status":"publish","type":"product","link":"https:\/\/dutchhealthstore.com\/fr\/product\/geranium-essential-oil\/","title":{"rendered":"Geranium Essential Oil"},"content":{"rendered":"<p style=\"font-weight: 400;\"><b><strong><img decoding=\"async\" class=\"alignright size-full wp-image-37041\" src=\"https:\/\/dutchhealthstore.com\/wp-content\/uploads\/2018\/04\/Living_Libations-1.png\" alt=\"Organic &amp; Natural Beautyproducts - Living Libations\" width=\"175\" height=\"82\"><\/strong><\/b>Notre belle distillation de g\u00e9ranium est issue des p\u00e9tales du Pelargonium graveolens, un g\u00e9ranium originaire du Rwanda. Les fleurs rouges, blanches, roses et violettes du g\u00e9ranium, avec leur parfum frais et invitant, en font une fleur admir\u00e9e des jardiniers, des chefs et des herboristes. Les g\u00e9raniums ont une grande capacit\u00e9 d&rsquo;adaptation: apr\u00e8s avoir \u00e9t\u00e9 chass\u00e9es de leur Afrique natale, ces fleurs ont prosp\u00e9r\u00e9 en Europe, en Chine et en Russie.<\/p>\n<p style=\"font-weight: 400;\">Son ar\u00f4me l\u00e9ger et rafra\u00eechissant, semblable \u00e0 la douce f\u00e9minit\u00e9 des p\u00e9tales de rose, favorise l&rsquo;adaptabilit\u00e9, la long\u00e9vit\u00e9 et un esprit courageux et nomade. L&rsquo;huile de g\u00e9ranium est \u00e9galement un s\u00e9rum pour la peau merveilleusement conditionnant, et des inhalations profondes \u00e9l\u00e8veront l&rsquo;esprit, dissiperont le doute, stimuleront la sensualit\u00e9 et aideront \u00e0 une perception positive.<\/p>\n<p style=\"font-weight: 400;\"><strong>Nom botanique:<\/strong> Pelargonium graveolens<br \/>\n<strong>Famille botanique:<\/strong> Geraniaceae<br \/>\n<strong>M\u00e9thode d&rsquo;extraction:<\/strong> Distillation \u00e0 la vapeur<br \/>\n<strong>Partie de la plante distill\u00e9e:<\/strong> Fleurs et feuilles<br \/>\n<strong>Pays d&rsquo;origine:<\/strong> Rwanda<br \/>\n<strong>M\u00e9thode de culture:<\/strong> Organique<br \/>\n<strong>Composition:<\/strong> 100% Pelargonium graveolens<br \/>\n<strong>Consistance:<\/strong> Viscosit\u00e9 fine<\/p>\n<h3 style=\"font-weight: 400;\"><strong>Description de l&rsquo;odeur<\/strong><\/h3>\n<p style=\"font-weight: 400;\">Rose herbac\u00e9e avec verdure fra\u00eeche.<\/p>\n<h3 style=\"font-weight: 400;\"><strong>Dans Living Libations<\/strong><\/h3>\n<p style=\"font-weight: 400;\">RoseGlow Serum, RoseGlow Cr\u00e8me, Rose Poetic Pits, Ruby Juice Lip Balm<\/p>\n<h3 style=\"font-weight: 400;\"><strong>Se marie bien avec<\/strong><\/h3>\n<p style=\"font-weight: 400;\">Rose Otto, lavande, sauge sclar\u00e9e, marjolaine, nard, citron, laurier, encens, bois de santal et citron vert.<\/p>\n<a href=\"https:\/\/dutchhealthstore.com\/wp-content\/uploads\/2018\/02\/ANALYSIS-Geranium-Essential-Oil-Living-Libations.pdf\" class=\"button primary is-primary is-small\"  >\n\t\t<span>ANALYSE DES HUILES ESSENTIELLES &gt;<\/span>\n\t<\/a>\n\n<h3 style=\"font-weight: 400;\"><strong>Utilisations<\/strong><\/h3>\n<p style=\"font-weight: 400;\">Beaucoup d&rsquo;utilisations similaires \u00e0 l&rsquo;huile de rose. Ar\u00f4me pour la cuisson. S\u00e9rum supr\u00eame pour tonifier la peau et excellent compl\u00e9ment aux nettoyants. Faire p\u00e9n\u00e9trer par massage dans la peau au moment de l&rsquo;inconfort de la lune. Une beaut\u00e9 baln\u00e9aire. \u00c9quilibrage dans les diffuseurs.<\/p>\n<h3>Ingr\u00e9dients Biologiques<\/h3>\n<p>100% d&rsquo;huile essentielle de g\u00e9ranium (Pelargonium graveolens).<\/p>\n<p style=\"font-weight: 400; text-align: center;\"><i><em>\u00ab\u00a0En aromath\u00e9rapie, l&rsquo;huile de g\u00e9ranium est utilis\u00e9e pour son effet doux et r\u00e9gulateur sur la peau. Il<br \/>\ns&rsquo;agit d&rsquo;un excellent tonique et remontant, que ce soit comme parfum d&rsquo;ambiance, pour le bain ou pour les massages, apaisant et revitalisant.\u00a0\u00bb<br \/>\n<\/em><\/i>\u223c Julia Lawless, <strong>Aromatherapy and the Mind<\/strong><\/p>\n<p style=\"font-weight: 400; text-align: center;\"><i><em>\u00ab\u00a0Aujourd&rsquo;hui, les huiles de g\u00e9ranium de Madagascar se distinguent par leur parfum le plus fin et le plus complet.<br \/>\nL&rsquo;huile est apaisante et relaxante, id\u00e9ale pour les massages et les soins de la peau. \u00a0\u00bb<br \/>\n<\/em><\/i>\u223c Kurt Schnaubelt, <strong>Advanced Aromatherapy<\/strong><\/p>\n<p><img fetchpriority=\"high\" decoding=\"async\" class=\"aligncenter size-full wp-image-31577\" src=\"https:\/\/dutchhealthstore.com\/wp-content\/uploads\/2018\/03\/organic_big.png\" alt=\"Organic and Natural - Living Libations\" width=\"623\" height=\"103\" srcset=\"https:\/\/dutchhealthstore.com\/wp-content\/uploads\/2018\/03\/organic_big.png 623w, https:\/\/dutchhealthstore.com\/wp-content\/uploads\/2018\/03\/organic_big-510x84.png 510w, https:\/\/dutchhealthstore.com\/wp-content\/uploads\/2018\/03\/organic_big-600x99.png 600w, https:\/\/dutchhealthstore.com\/wp-content\/uploads\/2018\/03\/organic_big-350x58.png 350w\" sizes=\"(max-width: 623px) 100vw, 623px\" \/><\/p>\n","protected":false},"excerpt":{"rendered":"<p><strong>Geranium Essential Oil<\/strong>, douce et g\u00e9n\u00e9reuse, \u00e9manent des notes ressour\u00e7antes et clarifiantes de rose citronn\u00e9e et de verdure fra\u00eeche.<br \/>\nDistill\u00e9 \u00e0 la vapeur d&rsquo;eau \u00e0 partir des fleurs du g\u00e9ranium de Madagascar, l&rsquo;une des rares esp\u00e8ces authentiques de g\u00e9ranium qui produisent les essences les plus rondes et les plus cors\u00e9es.<br \/>\nProfitez de ses bienfaits tonifiants pour la peau et de son parfum parfaitement poignant.<\/p>\n","protected":false},"featured_media":49183,"comment_status":"open","ping_status":"closed","template":"","meta":[],"product_brand":[],"product_cat":[1507,6734,1211,1209,3757,1010,6733],"product_tag":[4495],"class_list":{"0":"post-118750","1":"product","2":"type-product","3":"status-publish","4":"has-post-thumbnail","6":"product_cat-plantes-huiles-essentielles-living-libations","7":"product_cat-essential-oils","8":"product_cat-living-libations-france","9":"product_cat-par-marques","10":"product_cat-plantes-huiles-essentielles","11":"product_cat-notre-boutique","12":"product_cat-wellness-fr-2","13":"product_tag-essential-oil-fr","14":"pa_brand-livinglibations-fr","15":"pa_essential-oils-product-type-essential-oils-fr","16":"pa_size-5-ml-fr","17":"pa_size-15-ml-fr","19":"first","20":"outofstock","21":"taxable","22":"shipping-taxable","23":"purchasable","24":"product-type-variable"},"bundled_by":[],"bundle_stock_status":"outofstock","bundle_stock_quantity":null,"bundle_virtual":false,"bundle_layout":"","bundle_add_to_cart_form_location":"","bundle_editable_in_cart":false,"bundle_sold_individually_context":"","bundle_item_grouping":"","bundle_min_size":"","bundle_max_size":"","bundle_price":[],"bundled_items":[],"bundle_sell_ids":[],"atum_controlled":true,"out_stock_date":null,"out_stock_threshold":null,"inheritable":true,"stock_on_hold":0,"sold_today":0,"sales_last_days":0,"out_stock_days":0,"lost_sales":0,"update_date":"2026-04-05T01:45:42","atum_locations":[],"atum_stock_status":"instock","restock_status":false,"low_stock_amount":"","sales_update_date":"2026-03-30T14:00:00","calc_backorders":null,"group_of_quantity":0,"min_quantity":0,"max_quantity":"","exclude_order_quantity_value_rules":"no","exclude_category_quantity_rules":"no","combine_variations":"no","yoast_head":"<!-- This site is optimized with the Yoast SEO Premium plugin v26.5 (Yoast SEO v26.5) - https:\/\/yoast.com\/wordpress\/plugins\/seo\/ -->\n<title>Geranium Essential Oil | Living Libations<\/title>\n<meta name=\"description\" content=\"Geranium Essential Oil, douce et g\u00e9n\u00e9reuse, d\u00e9gage des notes vivifiantes et clarifiantes de rose d\u00e9licate et de verdure fra\u00eeche.\" \/>\n<meta name=\"robots\" content=\"index, follow, max-snippet:-1, max-image-preview:large, max-video-preview:-1\" \/>\n<link rel=\"canonical\" href=\"https:\/\/dutchhealthstore.com\/fr\/product\/geranium-essential-oil\/\" \/>\n<meta property=\"og:locale\" content=\"fr_FR\" \/>\n<meta property=\"og:type\" content=\"article\" \/>\n<meta property=\"og:title\" content=\"Geranium Essential Oil - Dutch Health Store\" \/>\n<meta property=\"og:description\" content=\"Geranium Essential Oil, douce et g\u00e9n\u00e9reuse, d\u00e9gage des notes vivifiantes et clarifiantes de rose d\u00e9licate et de verdure fra\u00eeche.\" \/>\n<meta property=\"og:url\" content=\"https:\/\/dutchhealthstore.com\/fr\/product\/geranium-essential-oil\/\" \/>\n<meta property=\"og:site_name\" content=\"Dutch Health Store\" \/>\n<meta property=\"article:publisher\" content=\"https:\/\/www.instagram.com\/dutchhealthstore\/\" \/>\n<meta property=\"article:modified_time\" content=\"2026-03-28T12:54:05+00:00\" \/>\n<meta property=\"og:image\" content=\"https:\/\/dutchhealthstore.com\/wp-content\/uploads\/2018\/02\/Living-Libations-Geranium-Essential-Oil--e1597313392122.jpg\" \/>\n\t<meta property=\"og:image:width\" content=\"500\" \/>\n\t<meta property=\"og:image:height\" content=\"500\" \/>\n\t<meta property=\"og:image:type\" content=\"image\/jpeg\" \/>\n<meta name=\"twitter:card\" content=\"summary_large_image\" \/>\n<meta name=\"twitter:label1\" content=\"Disponibilit\u00e9\" \/>\n\t<meta name=\"twitter:data1\" content=\"Rupture de stock\" \/>\n<script type=\"application\/ld+json\" class=\"yoast-schema-graph\">{\"@context\":\"https:\/\/schema.org\",\"@graph\":[{\"@type\":\"WebPage\",\"@id\":\"https:\/\/dutchhealthstore.com\/fr\/product\/geranium-essential-oil\/\",\"url\":\"https:\/\/dutchhealthstore.com\/fr\/product\/geranium-essential-oil\/\",\"name\":\"Geranium Essential Oil | Living Libations\",\"isPartOf\":{\"@id\":\"https:\/\/dutchhealthstore.com\/fr\/#website\"},\"primaryImageOfPage\":{\"@id\":\"https:\/\/dutchhealthstore.com\/fr\/product\/geranium-essential-oil\/#primaryimage\"},\"image\":{\"@id\":\"https:\/\/dutchhealthstore.com\/fr\/product\/geranium-essential-oil\/#primaryimage\"},\"thumbnailUrl\":\"https:\/\/dutchhealthstore.com\/wp-content\/uploads\/2018\/02\/Living-Libations-Geranium-Essential-Oil--e1597313392122.jpg\",\"datePublished\":\"2018-02-10T18:33:00+00:00\",\"dateModified\":\"2026-03-28T12:54:05+00:00\",\"description\":\"Geranium Essential Oil, douce et g\u00e9n\u00e9reuse, d\u00e9gage des notes vivifiantes et clarifiantes de rose d\u00e9licate et de verdure fra\u00eeche.\",\"breadcrumb\":{\"@id\":\"https:\/\/dutchhealthstore.com\/fr\/product\/geranium-essential-oil\/#breadcrumb\"},\"inLanguage\":\"fr-FR\",\"potentialAction\":[{\"@type\":\"ReadAction\",\"target\":[\"https:\/\/dutchhealthstore.com\/fr\/product\/geranium-essential-oil\/\"]}]},{\"@type\":\"ImageObject\",\"inLanguage\":\"fr-FR\",\"@id\":\"https:\/\/dutchhealthstore.com\/fr\/product\/geranium-essential-oil\/#primaryimage\",\"url\":\"https:\/\/dutchhealthstore.com\/wp-content\/uploads\/2018\/02\/Living-Libations-Geranium-Essential-Oil--e1597313392122.jpg\",\"contentUrl\":\"https:\/\/dutchhealthstore.com\/wp-content\/uploads\/2018\/02\/Living-Libations-Geranium-Essential-Oil--e1597313392122.jpg\",\"width\":500,\"height\":500,\"caption\":\"Living Libations - Geranium Essential Oil\"},{\"@type\":\"BreadcrumbList\",\"@id\":\"https:\/\/dutchhealthstore.com\/fr\/product\/geranium-essential-oil\/#breadcrumb\",\"itemListElement\":[{\"@type\":\"ListItem\",\"position\":1,\"name\":\"Home\",\"item\":\"https:\/\/dutchhealthstore.com\/fr\/\"},{\"@type\":\"ListItem\",\"position\":2,\"name\":\"Shop\",\"item\":\"https:\/\/dutchhealthstore.com\/fr\/shop\/\"},{\"@type\":\"ListItem\",\"position\":3,\"name\":\"Geranium Essential Oil\"}]},{\"@type\":\"WebSite\",\"@id\":\"https:\/\/dutchhealthstore.com\/fr\/#website\",\"url\":\"https:\/\/dutchhealthstore.com\/fr\/\",\"name\":\"Dutch Health Store\",\"description\":\"Enhance Your Beauty with Organic &amp; Natural Skincare\",\"publisher\":{\"@id\":\"https:\/\/dutchhealthstore.com\/fr\/#organization\"},\"potentialAction\":[{\"@type\":\"SearchAction\",\"target\":{\"@type\":\"EntryPoint\",\"urlTemplate\":\"https:\/\/dutchhealthstore.com\/fr\/?s={search_term_string}\"},\"query-input\":{\"@type\":\"PropertyValueSpecification\",\"valueRequired\":true,\"valueName\":\"search_term_string\"}}],\"inLanguage\":\"fr-FR\"},{\"@type\":\"Organization\",\"@id\":\"https:\/\/dutchhealthstore.com\/fr\/#organization\",\"name\":\"Dutch Health Store\",\"url\":\"https:\/\/dutchhealthstore.com\/fr\/\",\"logo\":{\"@type\":\"ImageObject\",\"inLanguage\":\"fr-FR\",\"@id\":\"https:\/\/dutchhealthstore.com\/fr\/#\/schema\/logo\/image\/\",\"url\":\"https:\/\/dutchhealthstore.com\/wp-content\/uploads\/2020\/08\/logo-dutchhealthstore-jpg-e1599484957574.jpg\",\"contentUrl\":\"https:\/\/dutchhealthstore.com\/wp-content\/uploads\/2020\/08\/logo-dutchhealthstore-jpg-e1599484957574.jpg\",\"width\":400,\"height\":62,\"caption\":\"Dutch Health Store\"},\"image\":{\"@id\":\"https:\/\/dutchhealthstore.com\/fr\/#\/schema\/logo\/image\/\"},\"sameAs\":[\"https:\/\/www.instagram.com\/dutchhealthstore\/\",\"https:\/\/www.facebook.com\/dutchhealthstore\"]}]}<\/script>\n<meta property=\"product:brand\" content=\"Living Libations\" \/>\n<meta property=\"og:availability\" content=\"out of stock\" \/>\n<meta property=\"product:availability\" content=\"out of stock\" \/>\n<meta property=\"product:condition\" content=\"new\" \/>\n<!-- \/ Yoast SEO Premium plugin. -->","yoast_head_json":{"title":"Geranium Essential Oil | Living Libations","description":"Geranium Essential Oil, douce et g\u00e9n\u00e9reuse, d\u00e9gage des notes vivifiantes et clarifiantes de rose d\u00e9licate et de verdure fra\u00eeche.","robots":{"index":"index","follow":"follow","max-snippet":"max-snippet:-1","max-image-preview":"max-image-preview:large","max-video-preview":"max-video-preview:-1"},"canonical":"https:\/\/dutchhealthstore.com\/fr\/product\/geranium-essential-oil\/","og_locale":"fr_FR","og_type":"article","og_title":"Geranium Essential Oil - Dutch Health Store","og_description":"Geranium Essential Oil, douce et g\u00e9n\u00e9reuse, d\u00e9gage des notes vivifiantes et clarifiantes de rose d\u00e9licate et de verdure fra\u00eeche.","og_url":"https:\/\/dutchhealthstore.com\/fr\/product\/geranium-essential-oil\/","og_site_name":"Dutch Health Store","article_publisher":"https:\/\/www.instagram.com\/dutchhealthstore\/","article_modified_time":"2026-03-28T12:54:05+00:00","og_image":[{"width":500,"height":500,"url":"https:\/\/dutchhealthstore.com\/wp-content\/uploads\/2018\/02\/Living-Libations-Geranium-Essential-Oil--e1597313392122.jpg","type":"image\/jpeg"}],"twitter_card":"summary_large_image","twitter_misc":{"Disponibilit\u00e9":"Rupture de stock"},"schema":{"@context":"https:\/\/schema.org","@graph":[{"@type":"WebPage","@id":"https:\/\/dutchhealthstore.com\/fr\/product\/geranium-essential-oil\/","url":"https:\/\/dutchhealthstore.com\/fr\/product\/geranium-essential-oil\/","name":"Geranium Essential Oil | Living Libations","isPartOf":{"@id":"https:\/\/dutchhealthstore.com\/fr\/#website"},"primaryImageOfPage":{"@id":"https:\/\/dutchhealthstore.com\/fr\/product\/geranium-essential-oil\/#primaryimage"},"image":{"@id":"https:\/\/dutchhealthstore.com\/fr\/product\/geranium-essential-oil\/#primaryimage"},"thumbnailUrl":"https:\/\/dutchhealthstore.com\/wp-content\/uploads\/2018\/02\/Living-Libations-Geranium-Essential-Oil--e1597313392122.jpg","datePublished":"2018-02-10T18:33:00+00:00","dateModified":"2026-03-28T12:54:05+00:00","description":"Geranium Essential Oil, douce et g\u00e9n\u00e9reuse, d\u00e9gage des notes vivifiantes et clarifiantes de rose d\u00e9licate et de verdure fra\u00eeche.","breadcrumb":{"@id":"https:\/\/dutchhealthstore.com\/fr\/product\/geranium-essential-oil\/#breadcrumb"},"inLanguage":"fr-FR","potentialAction":[{"@type":"ReadAction","target":["https:\/\/dutchhealthstore.com\/fr\/product\/geranium-essential-oil\/"]}]},{"@type":"ImageObject","inLanguage":"fr-FR","@id":"https:\/\/dutchhealthstore.com\/fr\/product\/geranium-essential-oil\/#primaryimage","url":"https:\/\/dutchhealthstore.com\/wp-content\/uploads\/2018\/02\/Living-Libations-Geranium-Essential-Oil--e1597313392122.jpg","contentUrl":"https:\/\/dutchhealthstore.com\/wp-content\/uploads\/2018\/02\/Living-Libations-Geranium-Essential-Oil--e1597313392122.jpg","width":500,"height":500,"caption":"Living Libations - Geranium Essential Oil"},{"@type":"BreadcrumbList","@id":"https:\/\/dutchhealthstore.com\/fr\/product\/geranium-essential-oil\/#breadcrumb","itemListElement":[{"@type":"ListItem","position":1,"name":"Home","item":"https:\/\/dutchhealthstore.com\/fr\/"},{"@type":"ListItem","position":2,"name":"Shop","item":"https:\/\/dutchhealthstore.com\/fr\/shop\/"},{"@type":"ListItem","position":3,"name":"Geranium Essential Oil"}]},{"@type":"WebSite","@id":"https:\/\/dutchhealthstore.com\/fr\/#website","url":"https:\/\/dutchhealthstore.com\/fr\/","name":"Dutch Health Store","description":"Enhance Your Beauty with Organic &amp; Natural Skincare","publisher":{"@id":"https:\/\/dutchhealthstore.com\/fr\/#organization"},"potentialAction":[{"@type":"SearchAction","target":{"@type":"EntryPoint","urlTemplate":"https:\/\/dutchhealthstore.com\/fr\/?s={search_term_string}"},"query-input":{"@type":"PropertyValueSpecification","valueRequired":true,"valueName":"search_term_string"}}],"inLanguage":"fr-FR"},{"@type":"Organization","@id":"https:\/\/dutchhealthstore.com\/fr\/#organization","name":"Dutch Health Store","url":"https:\/\/dutchhealthstore.com\/fr\/","logo":{"@type":"ImageObject","inLanguage":"fr-FR","@id":"https:\/\/dutchhealthstore.com\/fr\/#\/schema\/logo\/image\/","url":"https:\/\/dutchhealthstore.com\/wp-content\/uploads\/2020\/08\/logo-dutchhealthstore-jpg-e1599484957574.jpg","contentUrl":"https:\/\/dutchhealthstore.com\/wp-content\/uploads\/2020\/08\/logo-dutchhealthstore-jpg-e1599484957574.jpg","width":400,"height":62,"caption":"Dutch Health Store"},"image":{"@id":"https:\/\/dutchhealthstore.com\/fr\/#\/schema\/logo\/image\/"},"sameAs":["https:\/\/www.instagram.com\/dutchhealthstore\/","https:\/\/www.facebook.com\/dutchhealthstore"]}]},"product_brand":"Living Libations","og_availability":"out of stock","product_availability":"out of stock","product_condition":"new"},"_links":{"self":[{"href":"https:\/\/dutchhealthstore.com\/fr\/wp-json\/wp\/v2\/product\/118750","targetHints":{"allow":["GET"]}}],"collection":[{"href":"https:\/\/dutchhealthstore.com\/fr\/wp-json\/wp\/v2\/product"}],"about":[{"href":"https:\/\/dutchhealthstore.com\/fr\/wp-json\/wp\/v2\/types\/product"}],"replies":[{"embeddable":true,"href":"https:\/\/dutchhealthstore.com\/fr\/wp-json\/wp\/v2\/comments?post=118750"}],"wp:featuredmedia":[{"embeddable":true,"href":"https:\/\/dutchhealthstore.com\/fr\/wp-json\/wp\/v2\/media\/49183"}],"wp:attachment":[{"href":"https:\/\/dutchhealthstore.com\/fr\/wp-json\/wp\/v2\/media?parent=118750"}],"wp:term":[{"taxonomy":"product_brand","embeddable":true,"href":"https:\/\/dutchhealthstore.com\/fr\/wp-json\/wp\/v2\/product_brand?post=118750"},{"taxonomy":"product_cat","embeddable":true,"href":"https:\/\/dutchhealthstore.com\/fr\/wp-json\/wp\/v2\/product_cat?post=118750"},{"taxonomy":"product_tag","embeddable":true,"href":"https:\/\/dutchhealthstore.com\/fr\/wp-json\/wp\/v2\/product_tag?post=118750"}],"curies":[{"name":"wp","href":"https:\/\/api.w.org\/{rel}","templated":true}]}}