{"id":118701,"date":"2019-01-05T22:02:13","date_gmt":"2019-01-05T21:02:13","guid":{"rendered":"https:\/\/dutchhealthstore.com\/product\/garlic-essential-oil\/"},"modified":"2023-12-28T12:13:10","modified_gmt":"2023-12-28T12:13:10","slug":"garlic-essential-oil","status":"publish","type":"product","link":"https:\/\/dutchhealthstore.com\/fr\/product\/garlic-essential-oil\/","title":{"rendered":"Garlic Essential Oil"},"content":{"rendered":"<p><img decoding=\"async\" class=\"size-full wp-image-37041 alignright\" src=\"https:\/\/dutchhealthstore.com\/wp-content\/uploads\/2018\/04\/Living_Libations-1.png\" alt=\"Organic &amp; Natural Beautyproducts - Living Libations\" width=\"175\" height=\"82\"><strong>Nom botanique :<\/strong> Allium sativum<br \/>\n<strong>Famille botanique :<\/strong> Amaryllidaceae<br \/>\n<strong>M\u00e9thode d&rsquo;extraction :<\/strong> Distillation mol\u00e9culaire<br \/>\n<strong>Partie de la plante distill\u00e9e :<\/strong> Bulbes<br \/>\n<strong>Pays d&rsquo;origine :<\/strong> Autriche<br \/>\n<strong>M\u00e9thode de culture :<\/strong> Organique<br \/>\n<strong>Composition :<\/strong> 100% Allium sativum<br \/>\n<strong>Consistance :<\/strong> moyenne<\/p>\n<h3>Description de l&rsquo;odeur<\/h3>\n<p>L&rsquo;ail classique distill\u00e9 jusqu&rsquo;\u00e0 la perfection piquante.<\/p>\n<h3>Se marie bien avec<\/h3>\n<p>Cardamone, estragon, coriandre, thym, thym doux, origan, sauge, marjolaine, cannelle, clou de girofle, \u00e9chinac\u00e9e, citron, orange sanguine, hysope, bergamote, vanille et citron vert.<\/p>\n<a href=\"https:\/\/dutchhealthstore.com\/wp-content\/uploads\/2019\/01\/ANALYSIS-Garlic-Essential-Oil-Living-Libations.pdf\" class=\"button primary is-primary is-small\"  >\n\t\t<span>ANALYSE DES HUILES ESSENTIELLES &gt;<\/span>\n\t<\/a>\n\n<h3>Utiliser<\/h3>\n<p>Une seule bouff\u00e9e fait couler le jus. Parfait pour les cr\u00e9ations culinaires et pour faire des concoctions synergiques avec les autres huiles essentielles culinaires list\u00e9es ci-dessus. Ap\u00e9ritif. Diluez dans les aliments pour les utiliser en cuisine, et pour une application topique, diluez 2 gouttes d&rsquo;huile essentielle dans au moins une once fluide (2 cuill\u00e8res \u00e0 soupe) d&rsquo;huile de support.<\/p>\n<p style=\"text-align: center;\"><em>\u00ab\u00a0L&rsquo;ail est divin.\u00a0\u00bb<\/em><\/p>\n<p style=\"text-align: center;\">~Anthony Bourdain, <strong>Kitchen Confidential<\/strong><\/p>\n<p><strong>De l&rsquo;ail glorieux !<\/strong><br \/>\nLe monde a nourri une histoire d&rsquo;amour intemporelle avec cette petite ampoule puissante. Dans son ouvrage The Practice of Aromatherapy, Jean Valnet affirme que l&rsquo;ail \u00e9tait \u00e9lev\u00e9 au rang de divinit\u00e9 dans l&rsquo;\u00c9gypte ancienne et que les b\u00e2tisseurs de pyramides recevaient chaque jour une gousse d&rsquo;ail pour vivifier et renforcer leur pouvoir. Les marins ph\u00e9niciens voyageaient avec de grandes quantit\u00e9s d&rsquo;ail \u00e0 consommer pour renforcer la rectitude interne.<\/p>\n<p>C&rsquo;est bien plus qu&rsquo;une infusion d&rsquo;huile. Notre Garlic Essential Oil est un extrait organique super critique fabriqu\u00e9 par distillation mol\u00e9culaire \u00e0 partir d&rsquo;ail fra\u00eechement r\u00e2p\u00e9, et elle est environ 900 fois plus puissante que l&rsquo;ail frais.<\/p>\n<p>Utilisez cette formidable essence d&rsquo;allium pour toutes les raisons \u00e9tonnantes pour lesquelles vous utiliseriez de l&rsquo;ail frais. C&rsquo;est magnifique en cuisine &#8211; l&rsquo;odeur fait jaillir les jus de fruits et fait gronder le ventre ! Il s&rsquo;agit \u00e9galement d&rsquo;un puissant biotique botanique utilis\u00e9 par voie topique pour pr\u00e9server l&rsquo;\u00e9quilibre corporel. Une goutte de shampooing peut chasser les parasites de l&rsquo;enfance. Diluer pour utiliser.<\/p>\n<p><strong>Taille : 5 ml et 15 ml<\/strong><\/p>\n<h3>Ingr\u00e9dients biologiques<\/h3>\n<p>100% huile essentielle d&rsquo;ail (Allium sativum).<\/p>\n<p style=\"text-align: center;\"><em>\u00ab\u00a0Je pouvais sentir l&rsquo;odeur de l&rsquo;ail, du beurre et du vin &#8211; la combinaison de saveurs la plus d\u00e9licieuse au monde. <\/em><\/p>\n<p style=\"text-align: center;\"><em>\u00c7a m&rsquo;a r\u00e9chauff\u00e9, comme le font toujours les premi\u00e8res gorg\u00e9es de vin.\u00a0\u00bb<\/em><\/p>\n<p style=\"text-align: center;\">~Sarah Jio, <strong>The Violets of March<\/strong><\/p>\n<p><img fetchpriority=\"high\" decoding=\"async\" class=\"size-full wp-image-31577 aligncenter\" src=\"https:\/\/dutchhealthstore.com\/wp-content\/uploads\/2018\/03\/organic_big.png\" alt=\"Organic and Natural - Living Libations\" width=\"623\" height=\"103\" srcset=\"https:\/\/dutchhealthstore.com\/wp-content\/uploads\/2018\/03\/organic_big.png 623w, https:\/\/dutchhealthstore.com\/wp-content\/uploads\/2018\/03\/organic_big-510x84.png 510w, https:\/\/dutchhealthstore.com\/wp-content\/uploads\/2018\/03\/organic_big-600x99.png 600w, https:\/\/dutchhealthstore.com\/wp-content\/uploads\/2018\/03\/organic_big-350x58.png 350w\" sizes=\"(max-width: 623px) 100vw, 623px\" \/><\/p>\n","protected":false},"excerpt":{"rendered":"<p><strong>Garlic Essential Oil <\/strong>capture, la bont\u00e9 de l&rsquo;ail comme une essence liquide dor\u00e9e, et il est exponentiellement plus aromatique que les bulbes d&rsquo;ail frais.<br \/>\nSon pouvoir umami-pungency en fait la reine de la cuisine et ses compos\u00e9s riches en soufre le patron de l&rsquo;\u00e9quilibre botanique-biotique.<\/p>\n","protected":false},"featured_media":337412,"comment_status":"open","ping_status":"closed","template":"","meta":[],"product_brand":[],"product_cat":[1507,6734,1211,1209,3757,1010,6733],"product_tag":[4495],"class_list":{"0":"post-118701","1":"product","2":"type-product","3":"status-publish","4":"has-post-thumbnail","6":"product_cat-plantes-huiles-essentielles-living-libations","7":"product_cat-essential-oils","8":"product_cat-living-libations-france","9":"product_cat-par-marques","10":"product_cat-plantes-huiles-essentielles","11":"product_cat-notre-boutique","12":"product_cat-wellness-fr-2","13":"product_tag-essential-oil-fr","14":"pa_brand-livinglibations-fr","15":"pa_essential-oils-product-type-essential-oils-fr","16":"pa_size-15-ml-fr","17":"pa_size-5-ml-fr","19":"first","20":"instock","21":"taxable","22":"shipping-taxable","23":"purchasable","24":"product-type-variable"},"bundled_by":[],"bundle_stock_status":"instock","bundle_stock_quantity":null,"bundle_virtual":false,"bundle_layout":"","bundle_add_to_cart_form_location":"","bundle_editable_in_cart":false,"bundle_sold_individually_context":"","bundle_item_grouping":"","bundle_min_size":"","bundle_max_size":"","bundle_price":[],"bundled_items":[],"bundle_sell_ids":[],"atum_controlled":true,"out_stock_date":null,"out_stock_threshold":null,"inheritable":true,"stock_on_hold":0,"sold_today":0,"sales_last_days":0,"out_stock_days":0,"lost_sales":0,"update_date":"2026-04-18T00:05:44","atum_locations":[],"atum_stock_status":"instock","restock_status":false,"low_stock_amount":"","sales_update_date":"2026-04-18T00:05:44","calc_backorders":null,"group_of_quantity":0,"min_quantity":0,"max_quantity":"","exclude_order_quantity_value_rules":"no","exclude_category_quantity_rules":"no","combine_variations":"no","yoast_head":"<!-- This site is optimized with the Yoast SEO Premium plugin v26.5 (Yoast SEO v26.5) - https:\/\/yoast.com\/wordpress\/plugins\/seo\/ -->\n<title>Garlic Essential Oil | Living Libations<\/title>\n<meta name=\"description\" content=\"Garlic Essential Oil capture les bienfaits de l&#039;ail sous forme d&#039;essence liquide dor\u00e9e, et elle est exponentiellement plus aromatique que les bulbes d&#039;ail frais.\" \/>\n<meta name=\"robots\" content=\"index, follow, max-snippet:-1, max-image-preview:large, max-video-preview:-1\" \/>\n<link rel=\"canonical\" href=\"https:\/\/dutchhealthstore.com\/fr\/product\/garlic-essential-oil\/\" \/>\n<meta property=\"og:locale\" content=\"fr_FR\" \/>\n<meta property=\"og:type\" content=\"article\" \/>\n<meta property=\"og:title\" content=\"Garlic Essential Oil - Dutch Health Store\" \/>\n<meta property=\"og:description\" content=\"Garlic Essential Oil capture les bienfaits de l&#039;ail sous forme d&#039;essence liquide dor\u00e9e, et elle est exponentiellement plus aromatique que les bulbes d&#039;ail frais.\" \/>\n<meta property=\"og:url\" content=\"https:\/\/dutchhealthstore.com\/fr\/product\/garlic-essential-oil\/\" \/>\n<meta property=\"og:site_name\" content=\"Dutch Health Store\" \/>\n<meta property=\"article:publisher\" content=\"https:\/\/www.instagram.com\/dutchhealthstore\/\" \/>\n<meta property=\"article:modified_time\" content=\"2023-12-28T12:13:10+00:00\" \/>\n<meta property=\"og:image\" content=\"https:\/\/dutchhealthstore.com\/wp-content\/uploads\/2019\/01\/Living-Libations-Garlic-Essential-Oil-1.jpg\" \/>\n\t<meta property=\"og:image:width\" content=\"500\" \/>\n\t<meta property=\"og:image:height\" content=\"500\" \/>\n\t<meta property=\"og:image:type\" content=\"image\/jpeg\" \/>\n<meta name=\"twitter:card\" content=\"summary_large_image\" \/>\n<meta name=\"twitter:label1\" content=\"Disponibilit\u00e9\" \/>\n\t<meta name=\"twitter:data1\" content=\"En stock\" \/>\n<script type=\"application\/ld+json\" class=\"yoast-schema-graph\">{\"@context\":\"https:\/\/schema.org\",\"@graph\":[{\"@type\":\"WebPage\",\"@id\":\"https:\/\/dutchhealthstore.com\/fr\/product\/garlic-essential-oil\/\",\"url\":\"https:\/\/dutchhealthstore.com\/fr\/product\/garlic-essential-oil\/\",\"name\":\"Garlic Essential Oil | Living Libations\",\"isPartOf\":{\"@id\":\"https:\/\/dutchhealthstore.com\/fr\/#website\"},\"primaryImageOfPage\":{\"@id\":\"https:\/\/dutchhealthstore.com\/fr\/product\/garlic-essential-oil\/#primaryimage\"},\"image\":{\"@id\":\"https:\/\/dutchhealthstore.com\/fr\/product\/garlic-essential-oil\/#primaryimage\"},\"thumbnailUrl\":\"https:\/\/dutchhealthstore.com\/wp-content\/uploads\/2019\/01\/2025-04-15-13_35_11-Garlic-Essential-Oil-\u2013-Living-Libations-INT-1.jpg\",\"datePublished\":\"2019-01-05T21:02:13+00:00\",\"dateModified\":\"2023-12-28T12:13:10+00:00\",\"description\":\"Garlic Essential Oil capture les bienfaits de l'ail sous forme d'essence liquide dor\u00e9e, et elle est exponentiellement plus aromatique que les bulbes d'ail frais.\",\"breadcrumb\":{\"@id\":\"https:\/\/dutchhealthstore.com\/fr\/product\/garlic-essential-oil\/#breadcrumb\"},\"inLanguage\":\"fr-FR\",\"potentialAction\":[{\"@type\":\"ReadAction\",\"target\":[\"https:\/\/dutchhealthstore.com\/fr\/product\/garlic-essential-oil\/\"]}]},{\"@type\":\"ImageObject\",\"inLanguage\":\"fr-FR\",\"@id\":\"https:\/\/dutchhealthstore.com\/fr\/product\/garlic-essential-oil\/#primaryimage\",\"url\":\"https:\/\/dutchhealthstore.com\/wp-content\/uploads\/2019\/01\/2025-04-15-13_35_11-Garlic-Essential-Oil-\u2013-Living-Libations-INT-1.jpg\",\"contentUrl\":\"https:\/\/dutchhealthstore.com\/wp-content\/uploads\/2019\/01\/2025-04-15-13_35_11-Garlic-Essential-Oil-\u2013-Living-Libations-INT-1.jpg\",\"width\":530,\"height\":530},{\"@type\":\"BreadcrumbList\",\"@id\":\"https:\/\/dutchhealthstore.com\/fr\/product\/garlic-essential-oil\/#breadcrumb\",\"itemListElement\":[{\"@type\":\"ListItem\",\"position\":1,\"name\":\"Home\",\"item\":\"https:\/\/dutchhealthstore.com\/fr\/\"},{\"@type\":\"ListItem\",\"position\":2,\"name\":\"Shop\",\"item\":\"https:\/\/dutchhealthstore.com\/fr\/shop\/\"},{\"@type\":\"ListItem\",\"position\":3,\"name\":\"Garlic Essential Oil\"}]},{\"@type\":\"WebSite\",\"@id\":\"https:\/\/dutchhealthstore.com\/fr\/#website\",\"url\":\"https:\/\/dutchhealthstore.com\/fr\/\",\"name\":\"Dutch Health Store\",\"description\":\"Enhance Your Beauty with Organic &amp; Natural Skincare\",\"publisher\":{\"@id\":\"https:\/\/dutchhealthstore.com\/fr\/#organization\"},\"potentialAction\":[{\"@type\":\"SearchAction\",\"target\":{\"@type\":\"EntryPoint\",\"urlTemplate\":\"https:\/\/dutchhealthstore.com\/fr\/?s={search_term_string}\"},\"query-input\":{\"@type\":\"PropertyValueSpecification\",\"valueRequired\":true,\"valueName\":\"search_term_string\"}}],\"inLanguage\":\"fr-FR\"},{\"@type\":\"Organization\",\"@id\":\"https:\/\/dutchhealthstore.com\/fr\/#organization\",\"name\":\"Dutch Health Store\",\"url\":\"https:\/\/dutchhealthstore.com\/fr\/\",\"logo\":{\"@type\":\"ImageObject\",\"inLanguage\":\"fr-FR\",\"@id\":\"https:\/\/dutchhealthstore.com\/fr\/#\/schema\/logo\/image\/\",\"url\":\"https:\/\/dutchhealthstore.com\/wp-content\/uploads\/2020\/08\/logo-dutchhealthstore-jpg-e1599484957574.jpg\",\"contentUrl\":\"https:\/\/dutchhealthstore.com\/wp-content\/uploads\/2020\/08\/logo-dutchhealthstore-jpg-e1599484957574.jpg\",\"width\":400,\"height\":62,\"caption\":\"Dutch Health Store\"},\"image\":{\"@id\":\"https:\/\/dutchhealthstore.com\/fr\/#\/schema\/logo\/image\/\"},\"sameAs\":[\"https:\/\/www.instagram.com\/dutchhealthstore\/\",\"https:\/\/www.facebook.com\/dutchhealthstore\"]}]}<\/script>\n<meta property=\"product:brand\" content=\"Living Libations\" \/>\n<meta property=\"og:availability\" content=\"instock\" \/>\n<meta property=\"product:availability\" content=\"instock\" \/>\n<meta property=\"product:condition\" content=\"new\" \/>\n<!-- \/ Yoast SEO Premium plugin. -->","yoast_head_json":{"title":"Garlic Essential Oil | Living Libations","description":"Garlic Essential Oil capture les bienfaits de l'ail sous forme d'essence liquide dor\u00e9e, et elle est exponentiellement plus aromatique que les bulbes d'ail frais.","robots":{"index":"index","follow":"follow","max-snippet":"max-snippet:-1","max-image-preview":"max-image-preview:large","max-video-preview":"max-video-preview:-1"},"canonical":"https:\/\/dutchhealthstore.com\/fr\/product\/garlic-essential-oil\/","og_locale":"fr_FR","og_type":"article","og_title":"Garlic Essential Oil - Dutch Health Store","og_description":"Garlic Essential Oil capture les bienfaits de l'ail sous forme d'essence liquide dor\u00e9e, et elle est exponentiellement plus aromatique que les bulbes d'ail frais.","og_url":"https:\/\/dutchhealthstore.com\/fr\/product\/garlic-essential-oil\/","og_site_name":"Dutch Health Store","article_publisher":"https:\/\/www.instagram.com\/dutchhealthstore\/","article_modified_time":"2023-12-28T12:13:10+00:00","og_image":[{"width":500,"height":500,"url":"https:\/\/dutchhealthstore.com\/wp-content\/uploads\/2019\/01\/Living-Libations-Garlic-Essential-Oil-1.jpg","type":"image\/jpeg"}],"twitter_card":"summary_large_image","twitter_misc":{"Disponibilit\u00e9":"En stock"},"schema":{"@context":"https:\/\/schema.org","@graph":[{"@type":"WebPage","@id":"https:\/\/dutchhealthstore.com\/fr\/product\/garlic-essential-oil\/","url":"https:\/\/dutchhealthstore.com\/fr\/product\/garlic-essential-oil\/","name":"Garlic Essential Oil | Living Libations","isPartOf":{"@id":"https:\/\/dutchhealthstore.com\/fr\/#website"},"primaryImageOfPage":{"@id":"https:\/\/dutchhealthstore.com\/fr\/product\/garlic-essential-oil\/#primaryimage"},"image":{"@id":"https:\/\/dutchhealthstore.com\/fr\/product\/garlic-essential-oil\/#primaryimage"},"thumbnailUrl":"https:\/\/dutchhealthstore.com\/wp-content\/uploads\/2019\/01\/2025-04-15-13_35_11-Garlic-Essential-Oil-\u2013-Living-Libations-INT-1.jpg","datePublished":"2019-01-05T21:02:13+00:00","dateModified":"2023-12-28T12:13:10+00:00","description":"Garlic Essential Oil capture les bienfaits de l'ail sous forme d'essence liquide dor\u00e9e, et elle est exponentiellement plus aromatique que les bulbes d'ail frais.","breadcrumb":{"@id":"https:\/\/dutchhealthstore.com\/fr\/product\/garlic-essential-oil\/#breadcrumb"},"inLanguage":"fr-FR","potentialAction":[{"@type":"ReadAction","target":["https:\/\/dutchhealthstore.com\/fr\/product\/garlic-essential-oil\/"]}]},{"@type":"ImageObject","inLanguage":"fr-FR","@id":"https:\/\/dutchhealthstore.com\/fr\/product\/garlic-essential-oil\/#primaryimage","url":"https:\/\/dutchhealthstore.com\/wp-content\/uploads\/2019\/01\/2025-04-15-13_35_11-Garlic-Essential-Oil-\u2013-Living-Libations-INT-1.jpg","contentUrl":"https:\/\/dutchhealthstore.com\/wp-content\/uploads\/2019\/01\/2025-04-15-13_35_11-Garlic-Essential-Oil-\u2013-Living-Libations-INT-1.jpg","width":530,"height":530},{"@type":"BreadcrumbList","@id":"https:\/\/dutchhealthstore.com\/fr\/product\/garlic-essential-oil\/#breadcrumb","itemListElement":[{"@type":"ListItem","position":1,"name":"Home","item":"https:\/\/dutchhealthstore.com\/fr\/"},{"@type":"ListItem","position":2,"name":"Shop","item":"https:\/\/dutchhealthstore.com\/fr\/shop\/"},{"@type":"ListItem","position":3,"name":"Garlic Essential Oil"}]},{"@type":"WebSite","@id":"https:\/\/dutchhealthstore.com\/fr\/#website","url":"https:\/\/dutchhealthstore.com\/fr\/","name":"Dutch Health Store","description":"Enhance Your Beauty with Organic &amp; Natural Skincare","publisher":{"@id":"https:\/\/dutchhealthstore.com\/fr\/#organization"},"potentialAction":[{"@type":"SearchAction","target":{"@type":"EntryPoint","urlTemplate":"https:\/\/dutchhealthstore.com\/fr\/?s={search_term_string}"},"query-input":{"@type":"PropertyValueSpecification","valueRequired":true,"valueName":"search_term_string"}}],"inLanguage":"fr-FR"},{"@type":"Organization","@id":"https:\/\/dutchhealthstore.com\/fr\/#organization","name":"Dutch Health Store","url":"https:\/\/dutchhealthstore.com\/fr\/","logo":{"@type":"ImageObject","inLanguage":"fr-FR","@id":"https:\/\/dutchhealthstore.com\/fr\/#\/schema\/logo\/image\/","url":"https:\/\/dutchhealthstore.com\/wp-content\/uploads\/2020\/08\/logo-dutchhealthstore-jpg-e1599484957574.jpg","contentUrl":"https:\/\/dutchhealthstore.com\/wp-content\/uploads\/2020\/08\/logo-dutchhealthstore-jpg-e1599484957574.jpg","width":400,"height":62,"caption":"Dutch Health Store"},"image":{"@id":"https:\/\/dutchhealthstore.com\/fr\/#\/schema\/logo\/image\/"},"sameAs":["https:\/\/www.instagram.com\/dutchhealthstore\/","https:\/\/www.facebook.com\/dutchhealthstore"]}]},"product_brand":"Living Libations","og_availability":"instock","product_availability":"instock","product_condition":"new"},"_links":{"self":[{"href":"https:\/\/dutchhealthstore.com\/fr\/wp-json\/wp\/v2\/product\/118701","targetHints":{"allow":["GET"]}}],"collection":[{"href":"https:\/\/dutchhealthstore.com\/fr\/wp-json\/wp\/v2\/product"}],"about":[{"href":"https:\/\/dutchhealthstore.com\/fr\/wp-json\/wp\/v2\/types\/product"}],"replies":[{"embeddable":true,"href":"https:\/\/dutchhealthstore.com\/fr\/wp-json\/wp\/v2\/comments?post=118701"}],"wp:featuredmedia":[{"embeddable":true,"href":"https:\/\/dutchhealthstore.com\/fr\/wp-json\/wp\/v2\/media\/337412"}],"wp:attachment":[{"href":"https:\/\/dutchhealthstore.com\/fr\/wp-json\/wp\/v2\/media?parent=118701"}],"wp:term":[{"taxonomy":"product_brand","embeddable":true,"href":"https:\/\/dutchhealthstore.com\/fr\/wp-json\/wp\/v2\/product_brand?post=118701"},{"taxonomy":"product_cat","embeddable":true,"href":"https:\/\/dutchhealthstore.com\/fr\/wp-json\/wp\/v2\/product_cat?post=118701"},{"taxonomy":"product_tag","embeddable":true,"href":"https:\/\/dutchhealthstore.com\/fr\/wp-json\/wp\/v2\/product_tag?post=118701"}],"curies":[{"name":"wp","href":"https:\/\/api.w.org\/{rel}","templated":true}]}}