{"id":118661,"date":"2018-02-10T21:08:51","date_gmt":"2018-02-10T20:08:51","guid":{"rendered":"https:\/\/dutchhealthstore.com\/product\/frankincense-sacred-essential-oil\/"},"modified":"2025-11-23T12:58:19","modified_gmt":"2025-11-23T11:58:19","slug":"frankincense-sacred-essential-oil","status":"publish","type":"product","link":"https:\/\/dutchhealthstore.com\/fr\/product\/frankincense-sacred-essential-oil\/","title":{"rendered":"Frankincense, Sacred Essential Oil"},"content":{"rendered":"<p><strong><img decoding=\"async\" class=\"size-full wp-image-37041 alignright\" src=\"https:\/\/dutchhealthstore.com\/wp-content\/uploads\/2018\/04\/Living_Libations-1.png\" alt=\"Organic &amp; Natural Beautyproducts - Living Libations\" width=\"175\" height=\"82\">Nom botanique:<\/strong> Boswellia sacra<br \/>\n<strong>Famille botanique:<\/strong> Burseraceae<br \/>\n<strong>M\u00e9thode d&rsquo;extraction:<\/strong> Hydrodistill\u00e9 dans des alambics en verre.<br \/>\n<strong>Partie de la plante distill\u00e9e:<\/strong> R\u00e9sine<br \/>\n<strong>Pays d&rsquo;origine:<\/strong> Oman<br \/>\n<strong>M\u00e9thode de culture:<\/strong> Sauvage<\/p>\n<h3>Description de l&rsquo;odeur<\/h3>\n<p>Une chaleur cors\u00e9e, bois\u00e9e et r\u00e9sineuse qui s&rsquo;enfonce dans la terre tout en faisant un clin d&rsquo;\u0153il aux cieux sauvages avec un murmure d&rsquo;agrumes.<\/p>\n<h3>Se marie bien avec<\/h3>\n<p>Rose, N\u00e9roli, Santal, Bergamote, Camomille, Ciste, Cypr\u00e8s, Myrrhe, Immortelle, Palmarosa, Sapin argent\u00e9, Palo Santo, C\u00e8dre et Sauge.<\/p>\n<a href=\"https:\/\/dutchhealthstore.com\/wp-content\/uploads\/2018\/02\/ANALYSIS-Frankincense-Sacred-Living-Libations-.pdf\" class=\"button primary is-primary is-small\"  >\n\t\t<span>ANALYSE DES HUILES ESSENTIELLES &gt;<\/span>\n\t<\/a>\n\n<h3>Utilisations<\/h3>\n<p>Super pour les soins de la peau \u00e0 tous \u00e9gards &#8211; calme, apaise, d\u00e9tend les rougeurs et adoucit l&rsquo;apparence des cicatrices, des taches et des ridules. Une v\u00e9ritable beaut\u00e9 pour le bain. Diffusez dans l&rsquo;air pour une maison sainte et heureuse. C&rsquo;est si bon dans une pipe \u00e0 sel. Indispensable pour les voyages en avion &#8211; \u00e0 utiliser avec nos masques d&rsquo;aromath\u00e9rapie, nos tubes de sel, ou \u00e0 appliquer comme un baume. Appliquer pur ou dilu\u00e9 sur la peau. Cool dans les eaux de Cologne et magnifique dans la m\u00e9ditation.<\/p>\n<p>Cultiv\u00e9e exclusivement \u00e0 Oman, l&rsquo;huile essentielle huile encens sacr\u00e9 est hydrodistill\u00e9e exclusivement pour nous dans des alambics en verre \u00e0 partir de la s\u00e8ve d&rsquo;une esp\u00e8ce ancienne d&rsquo;arbres d&rsquo;encens dans la r\u00e9gion sud de Dhofar. Cette r\u00e9gion du monde est v\u00e9n\u00e9r\u00e9e depuis l&rsquo;\u00e9poque classique pour sa qualit\u00e9 d&rsquo;encens la plus fine au monde et c&rsquo;est le seul endroit au monde o\u00f9 pousse ce type d&rsquo;encens. Bien que tous les encens soient sacr\u00e9s, l&rsquo;encens sacra est distill\u00e9 \u00e0 partir de bosquets ayant une histoire de cinq mille ans, et cette esp\u00e8ce d&rsquo;encens est consid\u00e9r\u00e9e comme plus pr\u00e9cieuse et plus importante spirituellement que toute autre forme. On dit qu&rsquo;il r\u00e9sonne \u00e0 une fr\u00e9quence vibratoire \u00e9lev\u00e9e, ce qui en fait un choix optimal pour la m\u00e9ditation et la pri\u00e8re. L&rsquo;encens sacr\u00e9 est magnifiquement ancr\u00e9 dans le sol et quintessentiellement apaisant. On dit qu&rsquo;il s&rsquo;agit de l&rsquo;esp\u00e8ce d&rsquo;encens offerte par les trois sages.<\/p>\n<p>Comme elle ne pousse que dans une partie du monde, les commer\u00e7ants parcouraient des milliers de kilom\u00e8tres pour obtenir la pr\u00e9cieuse r\u00e9sine de Boswellia sacra, consid\u00e9r\u00e9e \u00e0 un moment donn\u00e9 de l&rsquo;histoire comme plus pr\u00e9cieuse que l&rsquo;or. Aujourd&rsquo;hui encore, \u00e0 Oman, faire pousser de l&rsquo;encens sacr\u00e9 sur ses terres est un signe de b\u00e9n\u00e9diction et de chance.<\/p>\n<p>R\u00e9cemment, le gouvernement d&rsquo;Oman a ouvert ses r\u00e9serves d&rsquo;encens au reste du monde pour la distillation. L&rsquo;huile essentielle captur\u00e9e de ces arbres arabes est un descendant direct de l&rsquo;huile d&rsquo;encens mentionn\u00e9e dans les textes anciens.<\/p>\n<p>La nature sacr\u00e9e de cette esp\u00e8ce d&rsquo;encens en fait le compagnon id\u00e9al pour le travail spirituel. On dit qu&rsquo;il renforce la s\u00e9paration entre l&rsquo;ego et l&rsquo;esprit, permettant \u00e0 l&rsquo;ego d&rsquo;\u00eatre lib\u00e9r\u00e9 et \u00e0 l&rsquo;esprit d&rsquo;avoir plus de corps. L&rsquo;encens sacr\u00e9 dissipe l&rsquo;ins\u00e9curit\u00e9 et renforce l&rsquo;estime de soi. Il facilite le centrage pendant la m\u00e9ditation, le yoga et l&rsquo;\u00e9tude spirituelle.<\/p>\n<p>Le Frankincense Sacra a des implications parfaitement positives pour les soins de la peau et est souvent utilis\u00e9 sur les peaux matures pour une \u00e9mollience suppl\u00e9mentaire et pour lisser les cicatrices, les ridules et le teint.<\/p>\n<h3>Ingr\u00e9dients Biologiques<\/h3>\n<p>100% d&rsquo;huile essentielle d&rsquo;encens sacr\u00e9 (Boswellia sacra).<\/p>\n<p style=\"text-align: center;\"><em>\u00ab\u00a0D\u00e9tenant la sagesse des \u00e2ges, il [frankincense] attend<br \/>\nce qu&rsquo;on lui demande, et peut faire tout ce qui peut \u00eatre exig\u00e9.\u00a0\u00bb<br \/>\n ~<\/em> Valerie Ann Worwood, <strong>Aromatherapy for the Soul<\/strong><\/p>\n<p><img fetchpriority=\"high\" decoding=\"async\" class=\"aligncenter size-large wp-image-11209\" src=\"https:\/\/dutchhealthstore.com\/wp-content\/uploads\/2015\/12\/organic-1.jpg\" alt=\"organic\" width=\"608\" height=\"85\"><\/p>\n","protected":false},"excerpt":{"rendered":"<p><strong>Sacred Frankincense Essential Oil<\/strong> est un magnifique cadeau de l&rsquo;ancien Maggi. Cultiv\u00e9e exclusivement \u00e0 Oman, cette vari\u00e9t\u00e9 d&rsquo;encens plonge ses racines dans plus de cinq mill\u00e9naires d&rsquo;histoire humaine. La quintessence de l&rsquo;essence pour cultiver la r\u00e9v\u00e9rence est l&rsquo;encens.<br \/>\nOinte et inhal\u00e9e dans les c\u00e9r\u00e9monies spirituelles depuis des milliers d&rsquo;ann\u00e9es, cette huile fine et parfum\u00e9e apaise les nerfs, approfondit la respiration pendant la m\u00e9ditation et accro\u00eet l&rsquo;intuition de notre guidance int\u00e9rieure.<br \/>\nD\u00e9tenteur de la sagesse des \u00e2ges, l&rsquo;encens est une essence formidable pour les soins de la peau.<\/p>\n","protected":false},"featured_media":48589,"comment_status":"open","ping_status":"closed","template":"","meta":[],"product_brand":[],"product_cat":[6734,1507,1211,1209,3757,6733],"product_tag":[4495],"class_list":{"0":"post-118661","1":"product","2":"type-product","3":"status-publish","4":"has-post-thumbnail","6":"product_cat-essential-oils","7":"product_cat-plantes-huiles-essentielles-living-libations","8":"product_cat-living-libations-france","9":"product_cat-par-marques","10":"product_cat-plantes-huiles-essentielles","11":"product_cat-wellness-fr-2","12":"product_tag-essential-oil-fr","13":"pa_bestsellers-goed-fr","14":"pa_brand-livinglibations-fr","15":"pa_essential-oils-product-type-essential-oils-fr","16":"pa_size-5-ml-fr","17":"pa_size-15-ml-fr","18":"pa_size-30-ml-fr","20":"first","21":"instock","22":"taxable","23":"shipping-taxable","24":"purchasable","25":"product-type-variable"},"bundled_by":[],"bundle_stock_status":"instock","bundle_stock_quantity":null,"bundle_virtual":false,"bundle_layout":"","bundle_add_to_cart_form_location":"","bundle_editable_in_cart":false,"bundle_sold_individually_context":"","bundle_item_grouping":"","bundle_min_size":"","bundle_max_size":"","bundle_price":[],"bundled_items":[],"bundle_sell_ids":[],"atum_controlled":true,"out_stock_date":null,"out_stock_threshold":null,"inheritable":true,"stock_on_hold":0,"sold_today":0,"sales_last_days":0,"out_stock_days":0,"lost_sales":0,"update_date":"2026-04-10T09:01:04","atum_locations":[],"atum_stock_status":"instock","restock_status":false,"low_stock_amount":"","sales_update_date":"2026-04-10T09:01:04","calc_backorders":null,"group_of_quantity":0,"min_quantity":0,"max_quantity":"","exclude_order_quantity_value_rules":"no","exclude_category_quantity_rules":"no","combine_variations":"no","yoast_head":"<!-- This site is optimized with the Yoast SEO Premium plugin v26.5 (Yoast SEO v26.5) - https:\/\/yoast.com\/wordpress\/plugins\/seo\/ -->\n<title>Frankincense, Sacred Essential Oil | Living Libations<\/title>\n<meta name=\"description\" content=\"Cette huile fine et parfum\u00e9e nimbe les nerfs, approfondit la respiration pendant la m\u00e9ditation et augmente l&#039;intuition de notre guidance int\u00e9rieure.\" \/>\n<meta name=\"robots\" content=\"index, follow, max-snippet:-1, max-image-preview:large, max-video-preview:-1\" \/>\n<link rel=\"canonical\" href=\"https:\/\/dutchhealthstore.com\/fr\/product\/frankincense-sacred-essential-oil\/\" \/>\n<meta property=\"og:locale\" content=\"fr_FR\" \/>\n<meta property=\"og:type\" content=\"article\" \/>\n<meta property=\"og:title\" content=\"Frankincense, Sacred Essential Oil - Dutch Health Store\" \/>\n<meta property=\"og:description\" content=\"Cette huile fine et parfum\u00e9e nimbe les nerfs, approfondit la respiration pendant la m\u00e9ditation et augmente l&#039;intuition de notre guidance int\u00e9rieure.\" \/>\n<meta property=\"og:url\" content=\"https:\/\/dutchhealthstore.com\/fr\/product\/frankincense-sacred-essential-oil\/\" \/>\n<meta property=\"og:site_name\" content=\"Dutch Health Store\" \/>\n<meta property=\"article:publisher\" content=\"https:\/\/www.instagram.com\/dutchhealthstore\/\" \/>\n<meta property=\"article:modified_time\" content=\"2025-11-23T11:58:19+00:00\" \/>\n<meta property=\"og:image\" content=\"https:\/\/dutchhealthstore.com\/wp-content\/uploads\/2018\/02\/Living-Libations-Sacred-Frankincense-Essential-Oil.jpg\" \/>\n\t<meta property=\"og:image:width\" content=\"529\" \/>\n\t<meta property=\"og:image:height\" content=\"528\" \/>\n\t<meta property=\"og:image:type\" content=\"image\/jpeg\" \/>\n<meta name=\"twitter:card\" content=\"summary_large_image\" \/>\n<meta name=\"twitter:label1\" content=\"Disponibilit\u00e9\" \/>\n\t<meta name=\"twitter:data1\" content=\"En stock\" \/>\n<script type=\"application\/ld+json\" class=\"yoast-schema-graph\">{\"@context\":\"https:\/\/schema.org\",\"@graph\":[{\"@type\":\"WebPage\",\"@id\":\"https:\/\/dutchhealthstore.com\/fr\/product\/frankincense-sacred-essential-oil\/\",\"url\":\"https:\/\/dutchhealthstore.com\/fr\/product\/frankincense-sacred-essential-oil\/\",\"name\":\"Frankincense, Sacred Essential Oil | Living Libations\",\"isPartOf\":{\"@id\":\"https:\/\/dutchhealthstore.com\/fr\/#website\"},\"primaryImageOfPage\":{\"@id\":\"https:\/\/dutchhealthstore.com\/fr\/product\/frankincense-sacred-essential-oil\/#primaryimage\"},\"image\":{\"@id\":\"https:\/\/dutchhealthstore.com\/fr\/product\/frankincense-sacred-essential-oil\/#primaryimage\"},\"thumbnailUrl\":\"https:\/\/dutchhealthstore.com\/wp-content\/uploads\/2018\/02\/Living-Libations-Sacred-Frankincense-Essential-Oil.jpg\",\"datePublished\":\"2018-02-10T20:08:51+00:00\",\"dateModified\":\"2025-11-23T11:58:19+00:00\",\"description\":\"Cette huile fine et parfum\u00e9e nimbe les nerfs, approfondit la respiration pendant la m\u00e9ditation et augmente l'intuition de notre guidance int\u00e9rieure.\",\"breadcrumb\":{\"@id\":\"https:\/\/dutchhealthstore.com\/fr\/product\/frankincense-sacred-essential-oil\/#breadcrumb\"},\"inLanguage\":\"fr-FR\",\"potentialAction\":[{\"@type\":\"ReadAction\",\"target\":[\"https:\/\/dutchhealthstore.com\/fr\/product\/frankincense-sacred-essential-oil\/\"]}]},{\"@type\":\"ImageObject\",\"inLanguage\":\"fr-FR\",\"@id\":\"https:\/\/dutchhealthstore.com\/fr\/product\/frankincense-sacred-essential-oil\/#primaryimage\",\"url\":\"https:\/\/dutchhealthstore.com\/wp-content\/uploads\/2018\/02\/Living-Libations-Sacred-Frankincense-Essential-Oil.jpg\",\"contentUrl\":\"https:\/\/dutchhealthstore.com\/wp-content\/uploads\/2018\/02\/Living-Libations-Sacred-Frankincense-Essential-Oil.jpg\",\"width\":529,\"height\":528,\"caption\":\"Living Libations - Sacred Frankincense Essential Oil\"},{\"@type\":\"BreadcrumbList\",\"@id\":\"https:\/\/dutchhealthstore.com\/fr\/product\/frankincense-sacred-essential-oil\/#breadcrumb\",\"itemListElement\":[{\"@type\":\"ListItem\",\"position\":1,\"name\":\"Home\",\"item\":\"https:\/\/dutchhealthstore.com\/fr\/\"},{\"@type\":\"ListItem\",\"position\":2,\"name\":\"Shop\",\"item\":\"https:\/\/dutchhealthstore.com\/fr\/shop\/\"},{\"@type\":\"ListItem\",\"position\":3,\"name\":\"Frankincense, Sacred Essential Oil\"}]},{\"@type\":\"WebSite\",\"@id\":\"https:\/\/dutchhealthstore.com\/fr\/#website\",\"url\":\"https:\/\/dutchhealthstore.com\/fr\/\",\"name\":\"Dutch Health Store\",\"description\":\"Enhance Your Beauty with Organic &amp; Natural Skincare\",\"publisher\":{\"@id\":\"https:\/\/dutchhealthstore.com\/fr\/#organization\"},\"potentialAction\":[{\"@type\":\"SearchAction\",\"target\":{\"@type\":\"EntryPoint\",\"urlTemplate\":\"https:\/\/dutchhealthstore.com\/fr\/?s={search_term_string}\"},\"query-input\":{\"@type\":\"PropertyValueSpecification\",\"valueRequired\":true,\"valueName\":\"search_term_string\"}}],\"inLanguage\":\"fr-FR\"},{\"@type\":\"Organization\",\"@id\":\"https:\/\/dutchhealthstore.com\/fr\/#organization\",\"name\":\"Dutch Health Store\",\"url\":\"https:\/\/dutchhealthstore.com\/fr\/\",\"logo\":{\"@type\":\"ImageObject\",\"inLanguage\":\"fr-FR\",\"@id\":\"https:\/\/dutchhealthstore.com\/fr\/#\/schema\/logo\/image\/\",\"url\":\"https:\/\/dutchhealthstore.com\/wp-content\/uploads\/2020\/08\/logo-dutchhealthstore-jpg-e1599484957574.jpg\",\"contentUrl\":\"https:\/\/dutchhealthstore.com\/wp-content\/uploads\/2020\/08\/logo-dutchhealthstore-jpg-e1599484957574.jpg\",\"width\":400,\"height\":62,\"caption\":\"Dutch Health Store\"},\"image\":{\"@id\":\"https:\/\/dutchhealthstore.com\/fr\/#\/schema\/logo\/image\/\"},\"sameAs\":[\"https:\/\/www.instagram.com\/dutchhealthstore\/\",\"https:\/\/www.facebook.com\/dutchhealthstore\"]}]}<\/script>\n<meta property=\"product:brand\" content=\"Living Libations\" \/>\n<meta property=\"og:availability\" content=\"instock\" \/>\n<meta property=\"product:availability\" content=\"instock\" \/>\n<meta property=\"product:condition\" content=\"new\" \/>\n<!-- \/ Yoast SEO Premium plugin. -->","yoast_head_json":{"title":"Frankincense, Sacred Essential Oil | Living Libations","description":"Cette huile fine et parfum\u00e9e nimbe les nerfs, approfondit la respiration pendant la m\u00e9ditation et augmente l'intuition de notre guidance int\u00e9rieure.","robots":{"index":"index","follow":"follow","max-snippet":"max-snippet:-1","max-image-preview":"max-image-preview:large","max-video-preview":"max-video-preview:-1"},"canonical":"https:\/\/dutchhealthstore.com\/fr\/product\/frankincense-sacred-essential-oil\/","og_locale":"fr_FR","og_type":"article","og_title":"Frankincense, Sacred Essential Oil - Dutch Health Store","og_description":"Cette huile fine et parfum\u00e9e nimbe les nerfs, approfondit la respiration pendant la m\u00e9ditation et augmente l'intuition de notre guidance int\u00e9rieure.","og_url":"https:\/\/dutchhealthstore.com\/fr\/product\/frankincense-sacred-essential-oil\/","og_site_name":"Dutch Health Store","article_publisher":"https:\/\/www.instagram.com\/dutchhealthstore\/","article_modified_time":"2025-11-23T11:58:19+00:00","og_image":[{"width":529,"height":528,"url":"https:\/\/dutchhealthstore.com\/wp-content\/uploads\/2018\/02\/Living-Libations-Sacred-Frankincense-Essential-Oil.jpg","type":"image\/jpeg"}],"twitter_card":"summary_large_image","twitter_misc":{"Disponibilit\u00e9":"En stock"},"schema":{"@context":"https:\/\/schema.org","@graph":[{"@type":"WebPage","@id":"https:\/\/dutchhealthstore.com\/fr\/product\/frankincense-sacred-essential-oil\/","url":"https:\/\/dutchhealthstore.com\/fr\/product\/frankincense-sacred-essential-oil\/","name":"Frankincense, Sacred Essential Oil | Living Libations","isPartOf":{"@id":"https:\/\/dutchhealthstore.com\/fr\/#website"},"primaryImageOfPage":{"@id":"https:\/\/dutchhealthstore.com\/fr\/product\/frankincense-sacred-essential-oil\/#primaryimage"},"image":{"@id":"https:\/\/dutchhealthstore.com\/fr\/product\/frankincense-sacred-essential-oil\/#primaryimage"},"thumbnailUrl":"https:\/\/dutchhealthstore.com\/wp-content\/uploads\/2018\/02\/Living-Libations-Sacred-Frankincense-Essential-Oil.jpg","datePublished":"2018-02-10T20:08:51+00:00","dateModified":"2025-11-23T11:58:19+00:00","description":"Cette huile fine et parfum\u00e9e nimbe les nerfs, approfondit la respiration pendant la m\u00e9ditation et augmente l'intuition de notre guidance int\u00e9rieure.","breadcrumb":{"@id":"https:\/\/dutchhealthstore.com\/fr\/product\/frankincense-sacred-essential-oil\/#breadcrumb"},"inLanguage":"fr-FR","potentialAction":[{"@type":"ReadAction","target":["https:\/\/dutchhealthstore.com\/fr\/product\/frankincense-sacred-essential-oil\/"]}]},{"@type":"ImageObject","inLanguage":"fr-FR","@id":"https:\/\/dutchhealthstore.com\/fr\/product\/frankincense-sacred-essential-oil\/#primaryimage","url":"https:\/\/dutchhealthstore.com\/wp-content\/uploads\/2018\/02\/Living-Libations-Sacred-Frankincense-Essential-Oil.jpg","contentUrl":"https:\/\/dutchhealthstore.com\/wp-content\/uploads\/2018\/02\/Living-Libations-Sacred-Frankincense-Essential-Oil.jpg","width":529,"height":528,"caption":"Living Libations - Sacred Frankincense Essential Oil"},{"@type":"BreadcrumbList","@id":"https:\/\/dutchhealthstore.com\/fr\/product\/frankincense-sacred-essential-oil\/#breadcrumb","itemListElement":[{"@type":"ListItem","position":1,"name":"Home","item":"https:\/\/dutchhealthstore.com\/fr\/"},{"@type":"ListItem","position":2,"name":"Shop","item":"https:\/\/dutchhealthstore.com\/fr\/shop\/"},{"@type":"ListItem","position":3,"name":"Frankincense, Sacred Essential Oil"}]},{"@type":"WebSite","@id":"https:\/\/dutchhealthstore.com\/fr\/#website","url":"https:\/\/dutchhealthstore.com\/fr\/","name":"Dutch Health Store","description":"Enhance Your Beauty with Organic &amp; Natural Skincare","publisher":{"@id":"https:\/\/dutchhealthstore.com\/fr\/#organization"},"potentialAction":[{"@type":"SearchAction","target":{"@type":"EntryPoint","urlTemplate":"https:\/\/dutchhealthstore.com\/fr\/?s={search_term_string}"},"query-input":{"@type":"PropertyValueSpecification","valueRequired":true,"valueName":"search_term_string"}}],"inLanguage":"fr-FR"},{"@type":"Organization","@id":"https:\/\/dutchhealthstore.com\/fr\/#organization","name":"Dutch Health Store","url":"https:\/\/dutchhealthstore.com\/fr\/","logo":{"@type":"ImageObject","inLanguage":"fr-FR","@id":"https:\/\/dutchhealthstore.com\/fr\/#\/schema\/logo\/image\/","url":"https:\/\/dutchhealthstore.com\/wp-content\/uploads\/2020\/08\/logo-dutchhealthstore-jpg-e1599484957574.jpg","contentUrl":"https:\/\/dutchhealthstore.com\/wp-content\/uploads\/2020\/08\/logo-dutchhealthstore-jpg-e1599484957574.jpg","width":400,"height":62,"caption":"Dutch Health Store"},"image":{"@id":"https:\/\/dutchhealthstore.com\/fr\/#\/schema\/logo\/image\/"},"sameAs":["https:\/\/www.instagram.com\/dutchhealthstore\/","https:\/\/www.facebook.com\/dutchhealthstore"]}]},"product_brand":"Living Libations","og_availability":"instock","product_availability":"instock","product_condition":"new"},"_links":{"self":[{"href":"https:\/\/dutchhealthstore.com\/fr\/wp-json\/wp\/v2\/product\/118661","targetHints":{"allow":["GET"]}}],"collection":[{"href":"https:\/\/dutchhealthstore.com\/fr\/wp-json\/wp\/v2\/product"}],"about":[{"href":"https:\/\/dutchhealthstore.com\/fr\/wp-json\/wp\/v2\/types\/product"}],"replies":[{"embeddable":true,"href":"https:\/\/dutchhealthstore.com\/fr\/wp-json\/wp\/v2\/comments?post=118661"}],"wp:featuredmedia":[{"embeddable":true,"href":"https:\/\/dutchhealthstore.com\/fr\/wp-json\/wp\/v2\/media\/48589"}],"wp:attachment":[{"href":"https:\/\/dutchhealthstore.com\/fr\/wp-json\/wp\/v2\/media?parent=118661"}],"wp:term":[{"taxonomy":"product_brand","embeddable":true,"href":"https:\/\/dutchhealthstore.com\/fr\/wp-json\/wp\/v2\/product_brand?post=118661"},{"taxonomy":"product_cat","embeddable":true,"href":"https:\/\/dutchhealthstore.com\/fr\/wp-json\/wp\/v2\/product_cat?post=118661"},{"taxonomy":"product_tag","embeddable":true,"href":"https:\/\/dutchhealthstore.com\/fr\/wp-json\/wp\/v2\/product_tag?post=118661"}],"curies":[{"name":"wp","href":"https:\/\/api.w.org\/{rel}","templated":true}]}}