{"id":118599,"date":"2018-11-26T20:48:17","date_gmt":"2018-11-26T19:48:17","guid":{"rendered":"https:\/\/dutchhealthstore.com\/product\/royal-hojari-frankincense\/"},"modified":"2025-04-07T11:08:20","modified_gmt":"2025-04-07T09:08:20","slug":"royal-hojari-frankincense","status":"publish","type":"product","link":"https:\/\/dutchhealthstore.com\/fr\/product\/royal-hojari-frankincense\/","title":{"rendered":"Frankincense, Royal Hojari Essential Oil"},"content":{"rendered":"<p dir=\"ltr\"><img decoding=\"async\" class=\"alignright size-full wp-image-37041\" src=\"https:\/\/dutchhealthstore.com\/wp-content\/uploads\/2018\/04\/Living_Libations-1.png\" alt=\"Organic &amp; Natural Beautyproducts - Living Libations\" width=\"175\" height=\"82\"><strong>Nom botanique:<\/strong> Boswellia sacra<br \/>\n<strong>Famille botanique:<\/strong> Burseraceae<br \/>\n<strong>M\u00e9thode d&rsquo;extraction:<\/strong> Hydrodistillation dans des alambics en cuivre.<br \/>\n<strong>Partie de la plante distill\u00e9e:<\/strong> R\u00e9sine blanche<br \/>\n<strong>Pays d&rsquo;origine:<\/strong> Dhofar, Oman<br \/>\n<strong>M\u00e9thode de culture:<\/strong> Sauvage<br \/>\n<strong>Composition:<\/strong> 100% Boswellia sacra<br \/>\n<strong>Coh\u00e9rence:<\/strong> Mince<\/p>\n<h3>Description de l&rsquo;odeur<\/h3>\n<p dir=\"ltr\">Racines douces et r\u00e9sineuses, avec une note balsamique clarifiante.<\/p>\n<h3>Se marie bien avec<\/h3>\n<p dir=\"ltr\">Pamplemousse, Rose Otto, Fragonia, Marjolaine, Sapin, Myrrhe, Epinette, Argousier, Immortelle, Ylang, Santal, Palo Santo, Bergamote, Myrrhe, Thym doux, Sapin argent\u00e9, Origan, Myrte citronn\u00e9e, Sauge sclar\u00e9e, Sauge du d\u00e9sert et Camomille.<\/p>\n<a href=\"https:\/\/dutchhealthstore.com\/wp-content\/uploads\/2018\/11\/ANALYSIS-Frankincense-Royal-Hojari-Essential-Oil-Living-Libations-1.pdf\" class=\"button primary is-primary is-small\"  >\n\t\t<span>ANALYSE DES HUILES ESSENTIELLES &gt;<\/span>\n\t<\/a>\n\n<h3>Utilisations<\/h3>\n<p dir=\"ltr\">Alors que tous les types d&rsquo;encens sont fortifiants et magnifiques pour les soins de la peau et de la bouche, divins dans les diffuseurs, les pipes \u00e0 sel et concentr\u00e9s dans la m\u00e9ditation, la qualit\u00e9 supr\u00eame de l&rsquo;encens Royal Hojari excelle particuli\u00e8rement dans les soins de l&rsquo;esprit, de la m\u00e9ditation et de l&rsquo;\u00e2me. Il s&rsquo;agit \u00e9galement d&rsquo;un parfum royal.<\/p>\n<p dir=\"ltr\">Royal Hojari Frankincense est distill\u00e9 \u00e0 partir de grandes larmes d&rsquo;encens blanches r\u00e9colt\u00e9es sur des encensoirs sauvages dans la r\u00e9gion montagneuse d&rsquo;Oman, uniquement \u00e0 l&rsquo;automne apr\u00e8s les pluies d&rsquo;\u00e9t\u00e9. Cette essence quintessentielle est distill\u00e9e lentement dans des alambics en cuivre pour donner une huile claire et argent\u00e9e, \u00e0 l&rsquo;ar\u00f4me complexe et d\u00e9licat, qui cultive la r\u00e9v\u00e9rence. \u00c0 l&rsquo;\u00e9poque biblique, cette essence \u00e9tait achet\u00e9e au port de Samaram au m\u00eame prix que l&rsquo;or et la myrrhe et \u00e9tait \u00e9chang\u00e9e comme une marchandise pr\u00e9cieuse le long de la route de la soie.<\/p>\n<p dir=\"ltr\"><strong>Taille: 5 ml, 15 ml et 30 ml<\/strong><\/p>\n<h3 dir=\"ltr\">Ingr\u00e9dients Biologiques<\/h3>\n<p dir=\"ltr\">100% huile essentielle d&rsquo;encens royal hojari (Boswellia sacra).<\/p>\n<p dir=\"ltr\" style=\"text-align: center;\"><em>\u00ab\u00a0L&rsquo;encens agit en induisant l&rsquo;\u00e9tat de contemplation focalis\u00e9e n\u00e9cessaire \u00e0 l&rsquo;aspiration vers le divin, vers l&rsquo;esprit. <\/em><br \/>\n<em>D&rsquo;autre part, la r\u00e9sine \u00e9tait br\u00fbl\u00e9e pour b\u00e9nir et inspirer aux humains le parfum m\u00eame de la divinit\u00e9&#8230; C&rsquo;\u00e9tait le parfum de la purification.\u00a0\u00bb<\/em><br \/>\n\u223c Peter Holmes, <strong> huileencens: Le Pont Arc-en-ciel<\/strong><\/p>\n<p><img fetchpriority=\"high\" decoding=\"async\" class=\"aligncenter size-full wp-image-31577\" src=\"https:\/\/dutchhealthstore.com\/wp-content\/uploads\/2018\/03\/organic_big.png\" alt=\"Organic and Natural - Living Libations\" width=\"623\" height=\"103\" srcset=\"https:\/\/dutchhealthstore.com\/wp-content\/uploads\/2018\/03\/organic_big.png 623w, https:\/\/dutchhealthstore.com\/wp-content\/uploads\/2018\/03\/organic_big-510x84.png 510w, https:\/\/dutchhealthstore.com\/wp-content\/uploads\/2018\/03\/organic_big-600x99.png 600w, https:\/\/dutchhealthstore.com\/wp-content\/uploads\/2018\/03\/organic_big-350x58.png 350w\" sizes=\"(max-width: 623px) 100vw, 623px\" \/><\/p>\n","protected":false},"excerpt":{"rendered":"<p dir=\"ltr\"><strong>Royal Hojari Frankincense Essential Oil<\/strong> rare, \u00e9galement connu sous le nom d&rsquo;encens d&rsquo;argent, est distill\u00e9 \u00e0 partir d&rsquo;une qualit\u00e9 exclusive de larmes d&rsquo;encens qui sont g\u00e9n\u00e9ralement r\u00e9serv\u00e9s \u00e0 la royaut\u00e9 et les dirigeants c\u00e9l\u00e8bres.<br \/>\nCette vari\u00e9t\u00e9 d&rsquo;encens trouve ses racines dans plus de cinq mill\u00e9naires d&rsquo;histoire humaine.<br \/>\nOinte et inhal\u00e9e par les chamans et les membres de la royaut\u00e9 lors de c\u00e9r\u00e9monies spirituelles depuis des milliers d&rsquo;ann\u00e9es, cette huile fine et parfum\u00e9e fortifie et dynamise les nerfs, approfondit la respiration pendant la m\u00e9ditation et augmente l&rsquo;intuition de notre guidance int\u00e9rieure.<br \/>\nD\u00e9tenant la sagesse des \u00e2ges, Royal Hojari Frankincense est une essence formidable pour les soins supr\u00eames de la peau et les pratiques spirituelles profondes.<\/p>\n","protected":false},"featured_media":47844,"comment_status":"open","ping_status":"closed","template":"","meta":[],"product_brand":[],"product_cat":[6734,1507,1211,1209,3757,1010,6733],"product_tag":[4495],"class_list":{"0":"post-118599","1":"product","2":"type-product","3":"status-publish","4":"has-post-thumbnail","6":"product_cat-essential-oils","7":"product_cat-plantes-huiles-essentielles-living-libations","8":"product_cat-living-libations-france","9":"product_cat-par-marques","10":"product_cat-plantes-huiles-essentielles","11":"product_cat-notre-boutique","12":"product_cat-wellness-fr-2","13":"product_tag-essential-oil-fr","14":"pa_brand-livinglibations-fr","15":"pa_essential-oils-product-type-essential-oils-fr","16":"pa_size-5-ml-fr","17":"pa_size-15-ml-fr","18":"pa_size-30-ml-fr","20":"first","21":"instock","22":"taxable","23":"shipping-taxable","24":"purchasable","25":"product-type-variable"},"bundled_by":[],"bundle_stock_status":"instock","bundle_stock_quantity":null,"bundle_virtual":false,"bundle_layout":"","bundle_add_to_cart_form_location":"","bundle_editable_in_cart":false,"bundle_sold_individually_context":"","bundle_item_grouping":"","bundle_min_size":"","bundle_max_size":"","bundle_price":[],"bundled_items":[],"bundle_sell_ids":[],"atum_controlled":true,"out_stock_date":null,"out_stock_threshold":null,"inheritable":true,"stock_on_hold":0,"sold_today":0,"sales_last_days":0,"out_stock_days":0,"lost_sales":0,"update_date":"2026-04-08T01:46:57","atum_locations":[],"atum_stock_status":"instock","restock_status":false,"low_stock_amount":"","sales_update_date":"2026-04-08T01:46:57","calc_backorders":null,"group_of_quantity":0,"min_quantity":0,"max_quantity":"","exclude_order_quantity_value_rules":"no","exclude_category_quantity_rules":"no","combine_variations":"no","yoast_head":"<!-- This site is optimized with the Yoast SEO Premium plugin v26.5 (Yoast SEO v26.5) - https:\/\/yoast.com\/wordpress\/plugins\/seo\/ -->\n<title>Frankincense, Royal Hojari Essential Oil | Living Libations<\/title>\n<meta name=\"description\" content=\"Royal Hojari Frankincense Essential Oil, est distill\u00e9 \u00e0 partir d&#039;une qualit\u00e9 exclusive de larmes d&#039;encens qui sont g\u00e9n\u00e9ralement r\u00e9serv\u00e9s \u00e0 la royaut\u00e9.\" \/>\n<meta name=\"robots\" content=\"index, follow, max-snippet:-1, max-image-preview:large, max-video-preview:-1\" \/>\n<link rel=\"canonical\" href=\"https:\/\/dutchhealthstore.com\/fr\/product\/royal-hojari-frankincense\/\" \/>\n<meta property=\"og:locale\" content=\"fr_FR\" \/>\n<meta property=\"og:type\" content=\"article\" \/>\n<meta property=\"og:title\" content=\"Frankincense, Royal Hojari Essential Oil - Dutch Health Store\" \/>\n<meta property=\"og:description\" content=\"Royal Hojari Frankincense Essential Oil, est distill\u00e9 \u00e0 partir d&#039;une qualit\u00e9 exclusive de larmes d&#039;encens qui sont g\u00e9n\u00e9ralement r\u00e9serv\u00e9s \u00e0 la royaut\u00e9.\" \/>\n<meta property=\"og:url\" content=\"https:\/\/dutchhealthstore.com\/fr\/product\/royal-hojari-frankincense\/\" \/>\n<meta property=\"og:site_name\" content=\"Dutch Health Store\" \/>\n<meta property=\"article:publisher\" content=\"https:\/\/www.instagram.com\/dutchhealthstore\/\" \/>\n<meta property=\"article:modified_time\" content=\"2025-04-07T09:08:20+00:00\" \/>\n<meta property=\"og:image\" content=\"https:\/\/dutchhealthstore.com\/wp-content\/uploads\/2018\/11\/Living-Libations-Royal-Hojari-Frankincense-.jpg\" \/>\n\t<meta property=\"og:image:width\" content=\"478\" \/>\n\t<meta property=\"og:image:height\" content=\"478\" \/>\n\t<meta property=\"og:image:type\" content=\"image\/jpeg\" \/>\n<meta name=\"twitter:card\" content=\"summary_large_image\" \/>\n<meta name=\"twitter:label1\" content=\"Disponibilit\u00e9\" \/>\n\t<meta name=\"twitter:data1\" content=\"En stock\" \/>\n<script type=\"application\/ld+json\" class=\"yoast-schema-graph\">{\"@context\":\"https:\/\/schema.org\",\"@graph\":[{\"@type\":\"WebPage\",\"@id\":\"https:\/\/dutchhealthstore.com\/fr\/product\/royal-hojari-frankincense\/\",\"url\":\"https:\/\/dutchhealthstore.com\/fr\/product\/royal-hojari-frankincense\/\",\"name\":\"Frankincense, Royal Hojari Essential Oil | Living Libations\",\"isPartOf\":{\"@id\":\"https:\/\/dutchhealthstore.com\/fr\/#website\"},\"primaryImageOfPage\":{\"@id\":\"https:\/\/dutchhealthstore.com\/fr\/product\/royal-hojari-frankincense\/#primaryimage\"},\"image\":{\"@id\":\"https:\/\/dutchhealthstore.com\/fr\/product\/royal-hojari-frankincense\/#primaryimage\"},\"thumbnailUrl\":\"https:\/\/dutchhealthstore.com\/wp-content\/uploads\/2018\/11\/Living-Libations-Royal-Hojari-Frankincense-.jpg\",\"datePublished\":\"2018-11-26T19:48:17+00:00\",\"dateModified\":\"2025-04-07T09:08:20+00:00\",\"description\":\"Royal Hojari Frankincense Essential Oil, est distill\u00e9 \u00e0 partir d'une qualit\u00e9 exclusive de larmes d'encens qui sont g\u00e9n\u00e9ralement r\u00e9serv\u00e9s \u00e0 la royaut\u00e9.\",\"breadcrumb\":{\"@id\":\"https:\/\/dutchhealthstore.com\/fr\/product\/royal-hojari-frankincense\/#breadcrumb\"},\"inLanguage\":\"fr-FR\",\"potentialAction\":[{\"@type\":\"ReadAction\",\"target\":[\"https:\/\/dutchhealthstore.com\/fr\/product\/royal-hojari-frankincense\/\"]}]},{\"@type\":\"ImageObject\",\"inLanguage\":\"fr-FR\",\"@id\":\"https:\/\/dutchhealthstore.com\/fr\/product\/royal-hojari-frankincense\/#primaryimage\",\"url\":\"https:\/\/dutchhealthstore.com\/wp-content\/uploads\/2018\/11\/Living-Libations-Royal-Hojari-Frankincense-.jpg\",\"contentUrl\":\"https:\/\/dutchhealthstore.com\/wp-content\/uploads\/2018\/11\/Living-Libations-Royal-Hojari-Frankincense-.jpg\",\"width\":478,\"height\":478,\"caption\":\"Living Libations - Royal Hojari Frankincense\"},{\"@type\":\"BreadcrumbList\",\"@id\":\"https:\/\/dutchhealthstore.com\/fr\/product\/royal-hojari-frankincense\/#breadcrumb\",\"itemListElement\":[{\"@type\":\"ListItem\",\"position\":1,\"name\":\"Home\",\"item\":\"https:\/\/dutchhealthstore.com\/fr\/\"},{\"@type\":\"ListItem\",\"position\":2,\"name\":\"Shop\",\"item\":\"https:\/\/dutchhealthstore.com\/fr\/shop\/\"},{\"@type\":\"ListItem\",\"position\":3,\"name\":\"Frankincense, Royal Hojari Essential Oil\"}]},{\"@type\":\"WebSite\",\"@id\":\"https:\/\/dutchhealthstore.com\/fr\/#website\",\"url\":\"https:\/\/dutchhealthstore.com\/fr\/\",\"name\":\"Dutch Health Store\",\"description\":\"Enhance Your Beauty with Organic &amp; Natural Skincare\",\"publisher\":{\"@id\":\"https:\/\/dutchhealthstore.com\/fr\/#organization\"},\"potentialAction\":[{\"@type\":\"SearchAction\",\"target\":{\"@type\":\"EntryPoint\",\"urlTemplate\":\"https:\/\/dutchhealthstore.com\/fr\/?s={search_term_string}\"},\"query-input\":{\"@type\":\"PropertyValueSpecification\",\"valueRequired\":true,\"valueName\":\"search_term_string\"}}],\"inLanguage\":\"fr-FR\"},{\"@type\":\"Organization\",\"@id\":\"https:\/\/dutchhealthstore.com\/fr\/#organization\",\"name\":\"Dutch Health Store\",\"url\":\"https:\/\/dutchhealthstore.com\/fr\/\",\"logo\":{\"@type\":\"ImageObject\",\"inLanguage\":\"fr-FR\",\"@id\":\"https:\/\/dutchhealthstore.com\/fr\/#\/schema\/logo\/image\/\",\"url\":\"https:\/\/dutchhealthstore.com\/wp-content\/uploads\/2020\/08\/logo-dutchhealthstore-jpg-e1599484957574.jpg\",\"contentUrl\":\"https:\/\/dutchhealthstore.com\/wp-content\/uploads\/2020\/08\/logo-dutchhealthstore-jpg-e1599484957574.jpg\",\"width\":400,\"height\":62,\"caption\":\"Dutch Health Store\"},\"image\":{\"@id\":\"https:\/\/dutchhealthstore.com\/fr\/#\/schema\/logo\/image\/\"},\"sameAs\":[\"https:\/\/www.instagram.com\/dutchhealthstore\/\",\"https:\/\/www.facebook.com\/dutchhealthstore\"]}]}<\/script>\n<meta property=\"product:brand\" content=\"Living Libations\" \/>\n<meta property=\"og:availability\" content=\"instock\" \/>\n<meta property=\"product:availability\" content=\"instock\" \/>\n<meta property=\"product:condition\" content=\"new\" \/>\n<!-- \/ Yoast SEO Premium plugin. -->","yoast_head_json":{"title":"Frankincense, Royal Hojari Essential Oil | Living Libations","description":"Royal Hojari Frankincense Essential Oil, est distill\u00e9 \u00e0 partir d'une qualit\u00e9 exclusive de larmes d'encens qui sont g\u00e9n\u00e9ralement r\u00e9serv\u00e9s \u00e0 la royaut\u00e9.","robots":{"index":"index","follow":"follow","max-snippet":"max-snippet:-1","max-image-preview":"max-image-preview:large","max-video-preview":"max-video-preview:-1"},"canonical":"https:\/\/dutchhealthstore.com\/fr\/product\/royal-hojari-frankincense\/","og_locale":"fr_FR","og_type":"article","og_title":"Frankincense, Royal Hojari Essential Oil - Dutch Health Store","og_description":"Royal Hojari Frankincense Essential Oil, est distill\u00e9 \u00e0 partir d'une qualit\u00e9 exclusive de larmes d'encens qui sont g\u00e9n\u00e9ralement r\u00e9serv\u00e9s \u00e0 la royaut\u00e9.","og_url":"https:\/\/dutchhealthstore.com\/fr\/product\/royal-hojari-frankincense\/","og_site_name":"Dutch Health Store","article_publisher":"https:\/\/www.instagram.com\/dutchhealthstore\/","article_modified_time":"2025-04-07T09:08:20+00:00","og_image":[{"width":478,"height":478,"url":"https:\/\/dutchhealthstore.com\/wp-content\/uploads\/2018\/11\/Living-Libations-Royal-Hojari-Frankincense-.jpg","type":"image\/jpeg"}],"twitter_card":"summary_large_image","twitter_misc":{"Disponibilit\u00e9":"En stock"},"schema":{"@context":"https:\/\/schema.org","@graph":[{"@type":"WebPage","@id":"https:\/\/dutchhealthstore.com\/fr\/product\/royal-hojari-frankincense\/","url":"https:\/\/dutchhealthstore.com\/fr\/product\/royal-hojari-frankincense\/","name":"Frankincense, Royal Hojari Essential Oil | Living Libations","isPartOf":{"@id":"https:\/\/dutchhealthstore.com\/fr\/#website"},"primaryImageOfPage":{"@id":"https:\/\/dutchhealthstore.com\/fr\/product\/royal-hojari-frankincense\/#primaryimage"},"image":{"@id":"https:\/\/dutchhealthstore.com\/fr\/product\/royal-hojari-frankincense\/#primaryimage"},"thumbnailUrl":"https:\/\/dutchhealthstore.com\/wp-content\/uploads\/2018\/11\/Living-Libations-Royal-Hojari-Frankincense-.jpg","datePublished":"2018-11-26T19:48:17+00:00","dateModified":"2025-04-07T09:08:20+00:00","description":"Royal Hojari Frankincense Essential Oil, est distill\u00e9 \u00e0 partir d'une qualit\u00e9 exclusive de larmes d'encens qui sont g\u00e9n\u00e9ralement r\u00e9serv\u00e9s \u00e0 la royaut\u00e9.","breadcrumb":{"@id":"https:\/\/dutchhealthstore.com\/fr\/product\/royal-hojari-frankincense\/#breadcrumb"},"inLanguage":"fr-FR","potentialAction":[{"@type":"ReadAction","target":["https:\/\/dutchhealthstore.com\/fr\/product\/royal-hojari-frankincense\/"]}]},{"@type":"ImageObject","inLanguage":"fr-FR","@id":"https:\/\/dutchhealthstore.com\/fr\/product\/royal-hojari-frankincense\/#primaryimage","url":"https:\/\/dutchhealthstore.com\/wp-content\/uploads\/2018\/11\/Living-Libations-Royal-Hojari-Frankincense-.jpg","contentUrl":"https:\/\/dutchhealthstore.com\/wp-content\/uploads\/2018\/11\/Living-Libations-Royal-Hojari-Frankincense-.jpg","width":478,"height":478,"caption":"Living Libations - Royal Hojari Frankincense"},{"@type":"BreadcrumbList","@id":"https:\/\/dutchhealthstore.com\/fr\/product\/royal-hojari-frankincense\/#breadcrumb","itemListElement":[{"@type":"ListItem","position":1,"name":"Home","item":"https:\/\/dutchhealthstore.com\/fr\/"},{"@type":"ListItem","position":2,"name":"Shop","item":"https:\/\/dutchhealthstore.com\/fr\/shop\/"},{"@type":"ListItem","position":3,"name":"Frankincense, Royal Hojari Essential Oil"}]},{"@type":"WebSite","@id":"https:\/\/dutchhealthstore.com\/fr\/#website","url":"https:\/\/dutchhealthstore.com\/fr\/","name":"Dutch Health Store","description":"Enhance Your Beauty with Organic &amp; Natural Skincare","publisher":{"@id":"https:\/\/dutchhealthstore.com\/fr\/#organization"},"potentialAction":[{"@type":"SearchAction","target":{"@type":"EntryPoint","urlTemplate":"https:\/\/dutchhealthstore.com\/fr\/?s={search_term_string}"},"query-input":{"@type":"PropertyValueSpecification","valueRequired":true,"valueName":"search_term_string"}}],"inLanguage":"fr-FR"},{"@type":"Organization","@id":"https:\/\/dutchhealthstore.com\/fr\/#organization","name":"Dutch Health Store","url":"https:\/\/dutchhealthstore.com\/fr\/","logo":{"@type":"ImageObject","inLanguage":"fr-FR","@id":"https:\/\/dutchhealthstore.com\/fr\/#\/schema\/logo\/image\/","url":"https:\/\/dutchhealthstore.com\/wp-content\/uploads\/2020\/08\/logo-dutchhealthstore-jpg-e1599484957574.jpg","contentUrl":"https:\/\/dutchhealthstore.com\/wp-content\/uploads\/2020\/08\/logo-dutchhealthstore-jpg-e1599484957574.jpg","width":400,"height":62,"caption":"Dutch Health Store"},"image":{"@id":"https:\/\/dutchhealthstore.com\/fr\/#\/schema\/logo\/image\/"},"sameAs":["https:\/\/www.instagram.com\/dutchhealthstore\/","https:\/\/www.facebook.com\/dutchhealthstore"]}]},"product_brand":"Living Libations","og_availability":"instock","product_availability":"instock","product_condition":"new"},"_links":{"self":[{"href":"https:\/\/dutchhealthstore.com\/fr\/wp-json\/wp\/v2\/product\/118599","targetHints":{"allow":["GET"]}}],"collection":[{"href":"https:\/\/dutchhealthstore.com\/fr\/wp-json\/wp\/v2\/product"}],"about":[{"href":"https:\/\/dutchhealthstore.com\/fr\/wp-json\/wp\/v2\/types\/product"}],"replies":[{"embeddable":true,"href":"https:\/\/dutchhealthstore.com\/fr\/wp-json\/wp\/v2\/comments?post=118599"}],"wp:featuredmedia":[{"embeddable":true,"href":"https:\/\/dutchhealthstore.com\/fr\/wp-json\/wp\/v2\/media\/47844"}],"wp:attachment":[{"href":"https:\/\/dutchhealthstore.com\/fr\/wp-json\/wp\/v2\/media?parent=118599"}],"wp:term":[{"taxonomy":"product_brand","embeddable":true,"href":"https:\/\/dutchhealthstore.com\/fr\/wp-json\/wp\/v2\/product_brand?post=118599"},{"taxonomy":"product_cat","embeddable":true,"href":"https:\/\/dutchhealthstore.com\/fr\/wp-json\/wp\/v2\/product_cat?post=118599"},{"taxonomy":"product_tag","embeddable":true,"href":"https:\/\/dutchhealthstore.com\/fr\/wp-json\/wp\/v2\/product_tag?post=118599"}],"curies":[{"name":"wp","href":"https:\/\/api.w.org\/{rel}","templated":true}]}}