{"id":118568,"date":"2018-02-10T19:33:04","date_gmt":"2018-02-10T18:33:04","guid":{"rendered":"https:\/\/dutchhealthstore.com\/product\/frankincense-essential-oil\/"},"modified":"2026-01-26T16:02:56","modified_gmt":"2026-01-26T15:02:56","slug":"frankincense-essential-oil","status":"publish","type":"product","link":"https:\/\/dutchhealthstore.com\/fr\/product\/frankincense-essential-oil\/","title":{"rendered":"Frankincense, Carterii Essential Oil"},"content":{"rendered":"<p><img decoding=\"async\" class=\"alignright size-full wp-image-37041\" src=\"https:\/\/dutchhealthstore.com\/wp-content\/uploads\/2018\/04\/Living_Libations-1.png\" alt=\"Organic &amp; Natural Beautyproducts - Living Libations\" width=\"175\" height=\"82\"><\/p>\n<p style=\"font-weight: 400;\"><strong>Nom botanique:<\/strong> Boswellia carterii<br \/>\n<strong>Famille botanique:<\/strong> Burseraceae<br \/>\n<strong>M\u00e9thode d&rsquo;extraction:<\/strong> Extrait Super Critique<br \/>\n<strong>Partie de la plante distill\u00e9e:<\/strong> R\u00e9sine<br \/>\n<strong>Pays d&rsquo;origine:<\/strong> Somalie<br \/>\n<strong>M\u00e9thode de culture:<\/strong> Organique<br \/>\n<strong>Composition:<\/strong> 100% Boswellia carterii<br \/>\n<strong>Consistance:<\/strong> Liquide mobile translucide<\/p>\n<h3>Description de l&rsquo;odeur<\/h3>\n<p style=\"font-weight: 400;\">Racines douces et r\u00e9sineuses, avec une note balsamique clarifiante.<\/p>\n<h3 style=\"font-weight: 400;\"><strong>Se marie bien avec<\/strong><\/h3>\n<p style=\"font-weight: 400;\">Pamplemousse, Rose Otto, Fragonia, Marjolaine, Sapin, Myrrhe, Epinette, Argousier, Immortelle, Ylang, Santal, Palo Santo et Camomille.<\/p>\n<a href=\"https:\/\/dutchhealthstore.com\/wp-content\/uploads\/2018\/02\/ANALYSIS-Frankincense-Essential-Oil-Living-Libations.pdf\" class=\"button primary is-primary is-small\"  >\n\t\t<span>ANALYSE DES HUILES ESSENTIELLES &gt;<\/span>\n\t<\/a>\n\n<h3 style=\"font-weight: 400;\"><strong>Utilisations<\/strong><\/h3>\n<p>Apaise l&rsquo;appr\u00e9hension, refroidit la tension et dissipe les inqui\u00e9tudes. Un super-h\u00e9ros en mati\u00e8re de soins de la peau. Tamponnez sur les lignes fines, les cicatrices et les signes de vieillissement pr\u00e9matur\u00e9 pour une hydratation suppl\u00e9mentaire. Rafra\u00eechit l&rsquo;haleine gr\u00e2ce \u00e0 un biotique v\u00e9g\u00e9tal. Excellent pour les soins bucco-dentaires. Divine dans les diffuseurs. Une beaut\u00e9 classique pour le bain. Fantastique dans les tuyaux de sel. L&rsquo;esprit en m\u00e9diation.<\/p>\n<p>L&rsquo;essence d&rsquo;encens est distill\u00e9e \u00e0 partir de perles liquides de l&rsquo;arbre de vie. Notre Frankincense Essential Oil provient du Somaliland o\u00f9 l&rsquo;on trouve la plus haute qualit\u00e9 de gommes dont les origines se trouvent dans les plus anciens bosquets enracin\u00e9s dans l&rsquo;antiquit\u00e9: La vall\u00e9e du Dhallo, c\u0153ur de la patrie de l&rsquo;encens. Notre distillateur unique est sp\u00e9cialis\u00e9 dans l&rsquo;hydrodistillation des r\u00e9sines ol\u00e9o-gomatiques fra\u00eeches de l&rsquo;encens. Il est tr\u00e8s rare que l&rsquo;encens soit distill\u00e9 avec des mati\u00e8res provenant de la r\u00e9colte fra\u00eeche &#8211; cela cr\u00e9e une huile d&rsquo;encens riche avec un large \u00e9ventail de notes de t\u00eate et de c\u0153ur incroyables.<\/p>\n<p>Notre distillateur d\u00e9crit sa premi\u00e8re visite \u00e0 l&rsquo;ancien bosquet: \u00ab\u00a0Je me tenais sur le bord de l&rsquo;escarpement et je regardais la c\u00f4te du Golfe et les anciens bosquets d&rsquo;encens, Boswellia carterii. En montant le col, nous sommes entr\u00e9s dans les anciens bosquets d&rsquo;encens qui appartenaient aux tribus et \u00e9taient r\u00e9colt\u00e9s depuis des mill\u00e9naires. Des milliers d&rsquo;arbres de la vari\u00e9t\u00e9 Frankincense carterii, avec leurs troncs \u00e0 base de bulbes, poussent \u00e0 partir de conglom\u00e9rats solides. Avec leurs \u00e9cailles et leurs tiges \u00e9paisses, j&rsquo;ai pens\u00e9 que je me trouvais dans un jardin de d\u00e9lices parfum\u00e9 et que c&rsquo;\u00e9tait probablement le jardinier m\u00eame qui avait produit la gomme qui devint le cadeau des Mages pour l&rsquo;enfant J\u00e9sus.\u00a0\u00bb<\/p>\n<p>L&rsquo;huile essentielle huile encens est un tonique fortifiant qui est utilis\u00e9 avec v\u00e9n\u00e9ration depuis des milliers d&rsquo;ann\u00e9es \u00e0 des fins religieuses et c\u00e9r\u00e9monielles, en pharmacop\u00e9e v\u00e9g\u00e9tale, ainsi qu&rsquo;en ablutions pour embellir le corps. D&rsquo;une culture \u00e0 l&rsquo;autre et d&rsquo;une histoire \u00e0 l&rsquo;autre, l&rsquo;ar\u00f4me de l&rsquo;encens est \u00ab\u00a0la vie\u00a0\u00bb. Les fusions d&rsquo;encens ont oint des nouveau-n\u00e9s, des moines en m\u00e9ditation, des chakras du troisi\u00e8me \u0153il, des yogis et des chamans. Les chrismes consacr\u00e9s d&rsquo;encens ont approfondi et revitalis\u00e9 les portes de la perception, le souffle de la r\u00e9ception, et b\u00e9ni de nombreuses inceptions.<\/p>\n<p>L&rsquo;\u00c9gypte ancienne utilisait l&rsquo;encens dans les masques rajeunissants, les cosm\u00e9tiques et les parfums et m\u00e2chait la r\u00e9sine comme gomme pour rafra\u00eechir l&rsquo;haleine et comme tonique oral g\u00e9n\u00e9ral. Dans les soins de la peau, l&rsquo;huile d&rsquo;encens r\u00e9v\u00e8le sa nature balsamique par ses effets miraculeux: elle d\u00e9tend les rougeurs et lisse les ridules. Il nourrit les peaux s\u00e8ches et bl\u00eames.<\/p>\n<h3>Ingr\u00e9dients Biologiques<\/h3>\n<p>100% frankincense carterii (Boswellia carterii) essential oil.<\/p>\n<p><img fetchpriority=\"high\" decoding=\"async\" class=\"aligncenter size-full wp-image-31577\" src=\"https:\/\/dutchhealthstore.com\/wp-content\/uploads\/2018\/03\/organic_big.png\" alt=\"Organic and Natural - Living Libations\" width=\"623\" height=\"103\" srcset=\"https:\/\/dutchhealthstore.com\/wp-content\/uploads\/2018\/03\/organic_big.png 623w, https:\/\/dutchhealthstore.com\/wp-content\/uploads\/2018\/03\/organic_big-510x84.png 510w, https:\/\/dutchhealthstore.com\/wp-content\/uploads\/2018\/03\/organic_big-600x99.png 600w, https:\/\/dutchhealthstore.com\/wp-content\/uploads\/2018\/03\/organic_big-350x58.png 350w\" sizes=\"(max-width: 623px) 100vw, 623px\" \/><\/p>\n","protected":false},"excerpt":{"rendered":"<p>Offrande \u00e9ternelle de la clart\u00e9 cristalline pour toutes choses. Perles liquides de l&rsquo;arbre de vie, <strong>Frankincense Essential Oil<\/strong> est distill\u00e9e \u00e0 partir de la s\u00e8ve de l&rsquo;arbre d&rsquo;encens. La r\u00e9sine riche forme des gouttelettes appel\u00e9es \u00ab\u00a0larmes\u00a0\u00bb ou \u00ab\u00a0perles\u00a0\u00bb. La force de l&rsquo;huile essentielle d&rsquo;encens est exprim\u00e9e par sa note de t\u00eate fra\u00eeche, rehauss\u00e9e par une note de fond balsamique ancienne, profonde et rassurante.<\/p>\n","protected":false},"featured_media":41791,"comment_status":"open","ping_status":"closed","template":"","meta":[],"product_brand":[],"product_cat":[1507,6734,1211,1209,3757,1010,6733],"product_tag":[4495],"class_list":{"0":"post-118568","1":"product","2":"type-product","3":"status-publish","4":"has-post-thumbnail","6":"product_cat-plantes-huiles-essentielles-living-libations","7":"product_cat-essential-oils","8":"product_cat-living-libations-france","9":"product_cat-par-marques","10":"product_cat-plantes-huiles-essentielles","11":"product_cat-notre-boutique","12":"product_cat-wellness-fr-2","13":"product_tag-essential-oil-fr","14":"pa_bestsellers-goed-fr","15":"pa_brand-livinglibations-fr","16":"pa_essential-oils-product-type-essential-oils-fr","17":"pa_size-5-ml-fr","18":"pa_size-15-ml-fr","19":"pa_size-30-ml-fr","21":"first","22":"instock","23":"taxable","24":"shipping-taxable","25":"purchasable","26":"product-type-variable"},"bundled_by":[],"bundle_stock_status":"instock","bundle_stock_quantity":null,"bundle_virtual":false,"bundle_layout":"","bundle_add_to_cart_form_location":"","bundle_editable_in_cart":false,"bundle_sold_individually_context":"","bundle_item_grouping":"","bundle_min_size":"","bundle_max_size":"","bundle_price":[],"bundled_items":[],"bundle_sell_ids":[],"atum_controlled":true,"out_stock_date":null,"out_stock_threshold":null,"inheritable":true,"stock_on_hold":1,"sold_today":0,"sales_last_days":1,"out_stock_days":0,"lost_sales":0,"update_date":"2026-04-07T13:46:16","atum_locations":[],"atum_stock_status":"instock","restock_status":false,"low_stock_amount":"","sales_update_date":"2026-04-07T13:46:16","calc_backorders":null,"group_of_quantity":0,"min_quantity":0,"max_quantity":"","exclude_order_quantity_value_rules":"no","exclude_category_quantity_rules":"no","combine_variations":"no","yoast_head":"<!-- This site is optimized with the Yoast SEO Premium plugin v26.5 (Yoast SEO v26.5) - https:\/\/yoast.com\/wordpress\/plugins\/seo\/ -->\n<title>Frankincense Essential Oil | Living Libations<\/title>\n<meta name=\"description\" content=\"Notre Frankincense Essential Oil provient du Somaliland o\u00f9 se trouvent les gommes de la plus haute qualit\u00e9 dont l&#039;origine se trouve dans les bosquets les plus anciens enracin\u00e9s dans l&#039;antiquit\u00e9.\" \/>\n<meta name=\"robots\" content=\"index, follow, max-snippet:-1, max-image-preview:large, max-video-preview:-1\" \/>\n<link rel=\"canonical\" href=\"https:\/\/dutchhealthstore.com\/fr\/product\/frankincense-essential-oil\/\" \/>\n<meta property=\"og:locale\" content=\"fr_FR\" \/>\n<meta property=\"og:type\" content=\"article\" \/>\n<meta property=\"og:title\" content=\"Frankincense, Carterii Essential Oil - Dutch Health Store\" \/>\n<meta property=\"og:description\" content=\"Notre Frankincense Essential Oil provient du Somaliland o\u00f9 se trouvent les gommes de la plus haute qualit\u00e9 dont l&#039;origine se trouve dans les bosquets les plus anciens enracin\u00e9s dans l&#039;antiquit\u00e9.\" \/>\n<meta property=\"og:url\" content=\"https:\/\/dutchhealthstore.com\/fr\/product\/frankincense-essential-oil\/\" \/>\n<meta property=\"og:site_name\" content=\"Dutch Health Store\" \/>\n<meta property=\"article:publisher\" content=\"https:\/\/www.instagram.com\/dutchhealthstore\/\" \/>\n<meta property=\"article:modified_time\" content=\"2026-01-26T15:02:56+00:00\" \/>\n<meta property=\"og:image\" content=\"https:\/\/dutchhealthstore.com\/wp-content\/uploads\/2018\/02\/Frankincense-Essential-Oil-Living-Libations-e1594648169516.jpg\" \/>\n\t<meta property=\"og:image:width\" content=\"500\" \/>\n\t<meta property=\"og:image:height\" content=\"588\" \/>\n\t<meta property=\"og:image:type\" content=\"image\/jpeg\" \/>\n<meta name=\"twitter:card\" content=\"summary_large_image\" \/>\n<meta name=\"twitter:label1\" content=\"Disponibilit\u00e9\" \/>\n\t<meta name=\"twitter:data1\" content=\"En stock\" \/>\n<script type=\"application\/ld+json\" class=\"yoast-schema-graph\">{\"@context\":\"https:\/\/schema.org\",\"@graph\":[{\"@type\":\"WebPage\",\"@id\":\"https:\/\/dutchhealthstore.com\/fr\/product\/frankincense-essential-oil\/\",\"url\":\"https:\/\/dutchhealthstore.com\/fr\/product\/frankincense-essential-oil\/\",\"name\":\"Frankincense Essential Oil | Living Libations\",\"isPartOf\":{\"@id\":\"https:\/\/dutchhealthstore.com\/fr\/#website\"},\"primaryImageOfPage\":{\"@id\":\"https:\/\/dutchhealthstore.com\/fr\/product\/frankincense-essential-oil\/#primaryimage\"},\"image\":{\"@id\":\"https:\/\/dutchhealthstore.com\/fr\/product\/frankincense-essential-oil\/#primaryimage\"},\"thumbnailUrl\":\"https:\/\/dutchhealthstore.com\/wp-content\/uploads\/2018\/02\/Frankincense-Essential-Oil-Living-Libations-e1594648169516.jpg\",\"datePublished\":\"2018-02-10T18:33:04+00:00\",\"dateModified\":\"2026-01-26T15:02:56+00:00\",\"description\":\"Notre Frankincense Essential Oil provient du Somaliland o\u00f9 se trouvent les gommes de la plus haute qualit\u00e9 dont l'origine se trouve dans les bosquets les plus anciens enracin\u00e9s dans l'antiquit\u00e9.\",\"breadcrumb\":{\"@id\":\"https:\/\/dutchhealthstore.com\/fr\/product\/frankincense-essential-oil\/#breadcrumb\"},\"inLanguage\":\"fr-FR\",\"potentialAction\":[{\"@type\":\"ReadAction\",\"target\":[\"https:\/\/dutchhealthstore.com\/fr\/product\/frankincense-essential-oil\/\"]}]},{\"@type\":\"ImageObject\",\"inLanguage\":\"fr-FR\",\"@id\":\"https:\/\/dutchhealthstore.com\/fr\/product\/frankincense-essential-oil\/#primaryimage\",\"url\":\"https:\/\/dutchhealthstore.com\/wp-content\/uploads\/2018\/02\/Frankincense-Essential-Oil-Living-Libations-e1594648169516.jpg\",\"contentUrl\":\"https:\/\/dutchhealthstore.com\/wp-content\/uploads\/2018\/02\/Frankincense-Essential-Oil-Living-Libations-e1594648169516.jpg\",\"width\":500,\"height\":588,\"caption\":\"Frankincense Essential Oil - Living Libations\"},{\"@type\":\"BreadcrumbList\",\"@id\":\"https:\/\/dutchhealthstore.com\/fr\/product\/frankincense-essential-oil\/#breadcrumb\",\"itemListElement\":[{\"@type\":\"ListItem\",\"position\":1,\"name\":\"Home\",\"item\":\"https:\/\/dutchhealthstore.com\/fr\/\"},{\"@type\":\"ListItem\",\"position\":2,\"name\":\"Shop\",\"item\":\"https:\/\/dutchhealthstore.com\/fr\/shop\/\"},{\"@type\":\"ListItem\",\"position\":3,\"name\":\"Frankincense, Carterii Essential Oil\"}]},{\"@type\":\"WebSite\",\"@id\":\"https:\/\/dutchhealthstore.com\/fr\/#website\",\"url\":\"https:\/\/dutchhealthstore.com\/fr\/\",\"name\":\"Dutch Health Store\",\"description\":\"Enhance Your Beauty with Organic &amp; Natural Skincare\",\"publisher\":{\"@id\":\"https:\/\/dutchhealthstore.com\/fr\/#organization\"},\"potentialAction\":[{\"@type\":\"SearchAction\",\"target\":{\"@type\":\"EntryPoint\",\"urlTemplate\":\"https:\/\/dutchhealthstore.com\/fr\/?s={search_term_string}\"},\"query-input\":{\"@type\":\"PropertyValueSpecification\",\"valueRequired\":true,\"valueName\":\"search_term_string\"}}],\"inLanguage\":\"fr-FR\"},{\"@type\":\"Organization\",\"@id\":\"https:\/\/dutchhealthstore.com\/fr\/#organization\",\"name\":\"Dutch Health Store\",\"url\":\"https:\/\/dutchhealthstore.com\/fr\/\",\"logo\":{\"@type\":\"ImageObject\",\"inLanguage\":\"fr-FR\",\"@id\":\"https:\/\/dutchhealthstore.com\/fr\/#\/schema\/logo\/image\/\",\"url\":\"https:\/\/dutchhealthstore.com\/wp-content\/uploads\/2020\/08\/logo-dutchhealthstore-jpg-e1599484957574.jpg\",\"contentUrl\":\"https:\/\/dutchhealthstore.com\/wp-content\/uploads\/2020\/08\/logo-dutchhealthstore-jpg-e1599484957574.jpg\",\"width\":400,\"height\":62,\"caption\":\"Dutch Health Store\"},\"image\":{\"@id\":\"https:\/\/dutchhealthstore.com\/fr\/#\/schema\/logo\/image\/\"},\"sameAs\":[\"https:\/\/www.instagram.com\/dutchhealthstore\/\",\"https:\/\/www.facebook.com\/dutchhealthstore\"]}]}<\/script>\n<meta property=\"product:brand\" content=\"Living Libations\" \/>\n<meta property=\"og:availability\" content=\"instock\" \/>\n<meta property=\"product:availability\" content=\"instock\" \/>\n<meta property=\"product:condition\" content=\"new\" \/>\n<!-- \/ Yoast SEO Premium plugin. -->","yoast_head_json":{"title":"Frankincense Essential Oil | Living Libations","description":"Notre Frankincense Essential Oil provient du Somaliland o\u00f9 se trouvent les gommes de la plus haute qualit\u00e9 dont l'origine se trouve dans les bosquets les plus anciens enracin\u00e9s dans l'antiquit\u00e9.","robots":{"index":"index","follow":"follow","max-snippet":"max-snippet:-1","max-image-preview":"max-image-preview:large","max-video-preview":"max-video-preview:-1"},"canonical":"https:\/\/dutchhealthstore.com\/fr\/product\/frankincense-essential-oil\/","og_locale":"fr_FR","og_type":"article","og_title":"Frankincense, Carterii Essential Oil - Dutch Health Store","og_description":"Notre Frankincense Essential Oil provient du Somaliland o\u00f9 se trouvent les gommes de la plus haute qualit\u00e9 dont l'origine se trouve dans les bosquets les plus anciens enracin\u00e9s dans l'antiquit\u00e9.","og_url":"https:\/\/dutchhealthstore.com\/fr\/product\/frankincense-essential-oil\/","og_site_name":"Dutch Health Store","article_publisher":"https:\/\/www.instagram.com\/dutchhealthstore\/","article_modified_time":"2026-01-26T15:02:56+00:00","og_image":[{"width":500,"height":588,"url":"https:\/\/dutchhealthstore.com\/wp-content\/uploads\/2018\/02\/Frankincense-Essential-Oil-Living-Libations-e1594648169516.jpg","type":"image\/jpeg"}],"twitter_card":"summary_large_image","twitter_misc":{"Disponibilit\u00e9":"En stock"},"schema":{"@context":"https:\/\/schema.org","@graph":[{"@type":"WebPage","@id":"https:\/\/dutchhealthstore.com\/fr\/product\/frankincense-essential-oil\/","url":"https:\/\/dutchhealthstore.com\/fr\/product\/frankincense-essential-oil\/","name":"Frankincense Essential Oil | Living Libations","isPartOf":{"@id":"https:\/\/dutchhealthstore.com\/fr\/#website"},"primaryImageOfPage":{"@id":"https:\/\/dutchhealthstore.com\/fr\/product\/frankincense-essential-oil\/#primaryimage"},"image":{"@id":"https:\/\/dutchhealthstore.com\/fr\/product\/frankincense-essential-oil\/#primaryimage"},"thumbnailUrl":"https:\/\/dutchhealthstore.com\/wp-content\/uploads\/2018\/02\/Frankincense-Essential-Oil-Living-Libations-e1594648169516.jpg","datePublished":"2018-02-10T18:33:04+00:00","dateModified":"2026-01-26T15:02:56+00:00","description":"Notre Frankincense Essential Oil provient du Somaliland o\u00f9 se trouvent les gommes de la plus haute qualit\u00e9 dont l'origine se trouve dans les bosquets les plus anciens enracin\u00e9s dans l'antiquit\u00e9.","breadcrumb":{"@id":"https:\/\/dutchhealthstore.com\/fr\/product\/frankincense-essential-oil\/#breadcrumb"},"inLanguage":"fr-FR","potentialAction":[{"@type":"ReadAction","target":["https:\/\/dutchhealthstore.com\/fr\/product\/frankincense-essential-oil\/"]}]},{"@type":"ImageObject","inLanguage":"fr-FR","@id":"https:\/\/dutchhealthstore.com\/fr\/product\/frankincense-essential-oil\/#primaryimage","url":"https:\/\/dutchhealthstore.com\/wp-content\/uploads\/2018\/02\/Frankincense-Essential-Oil-Living-Libations-e1594648169516.jpg","contentUrl":"https:\/\/dutchhealthstore.com\/wp-content\/uploads\/2018\/02\/Frankincense-Essential-Oil-Living-Libations-e1594648169516.jpg","width":500,"height":588,"caption":"Frankincense Essential Oil - Living Libations"},{"@type":"BreadcrumbList","@id":"https:\/\/dutchhealthstore.com\/fr\/product\/frankincense-essential-oil\/#breadcrumb","itemListElement":[{"@type":"ListItem","position":1,"name":"Home","item":"https:\/\/dutchhealthstore.com\/fr\/"},{"@type":"ListItem","position":2,"name":"Shop","item":"https:\/\/dutchhealthstore.com\/fr\/shop\/"},{"@type":"ListItem","position":3,"name":"Frankincense, Carterii Essential Oil"}]},{"@type":"WebSite","@id":"https:\/\/dutchhealthstore.com\/fr\/#website","url":"https:\/\/dutchhealthstore.com\/fr\/","name":"Dutch Health Store","description":"Enhance Your Beauty with Organic &amp; Natural Skincare","publisher":{"@id":"https:\/\/dutchhealthstore.com\/fr\/#organization"},"potentialAction":[{"@type":"SearchAction","target":{"@type":"EntryPoint","urlTemplate":"https:\/\/dutchhealthstore.com\/fr\/?s={search_term_string}"},"query-input":{"@type":"PropertyValueSpecification","valueRequired":true,"valueName":"search_term_string"}}],"inLanguage":"fr-FR"},{"@type":"Organization","@id":"https:\/\/dutchhealthstore.com\/fr\/#organization","name":"Dutch Health Store","url":"https:\/\/dutchhealthstore.com\/fr\/","logo":{"@type":"ImageObject","inLanguage":"fr-FR","@id":"https:\/\/dutchhealthstore.com\/fr\/#\/schema\/logo\/image\/","url":"https:\/\/dutchhealthstore.com\/wp-content\/uploads\/2020\/08\/logo-dutchhealthstore-jpg-e1599484957574.jpg","contentUrl":"https:\/\/dutchhealthstore.com\/wp-content\/uploads\/2020\/08\/logo-dutchhealthstore-jpg-e1599484957574.jpg","width":400,"height":62,"caption":"Dutch Health Store"},"image":{"@id":"https:\/\/dutchhealthstore.com\/fr\/#\/schema\/logo\/image\/"},"sameAs":["https:\/\/www.instagram.com\/dutchhealthstore\/","https:\/\/www.facebook.com\/dutchhealthstore"]}]},"product_brand":"Living Libations","og_availability":"instock","product_availability":"instock","product_condition":"new"},"_links":{"self":[{"href":"https:\/\/dutchhealthstore.com\/fr\/wp-json\/wp\/v2\/product\/118568","targetHints":{"allow":["GET"]}}],"collection":[{"href":"https:\/\/dutchhealthstore.com\/fr\/wp-json\/wp\/v2\/product"}],"about":[{"href":"https:\/\/dutchhealthstore.com\/fr\/wp-json\/wp\/v2\/types\/product"}],"replies":[{"embeddable":true,"href":"https:\/\/dutchhealthstore.com\/fr\/wp-json\/wp\/v2\/comments?post=118568"}],"wp:featuredmedia":[{"embeddable":true,"href":"https:\/\/dutchhealthstore.com\/fr\/wp-json\/wp\/v2\/media\/41791"}],"wp:attachment":[{"href":"https:\/\/dutchhealthstore.com\/fr\/wp-json\/wp\/v2\/media?parent=118568"}],"wp:term":[{"taxonomy":"product_brand","embeddable":true,"href":"https:\/\/dutchhealthstore.com\/fr\/wp-json\/wp\/v2\/product_brand?post=118568"},{"taxonomy":"product_cat","embeddable":true,"href":"https:\/\/dutchhealthstore.com\/fr\/wp-json\/wp\/v2\/product_cat?post=118568"},{"taxonomy":"product_tag","embeddable":true,"href":"https:\/\/dutchhealthstore.com\/fr\/wp-json\/wp\/v2\/product_tag?post=118568"}],"curies":[{"name":"wp","href":"https:\/\/api.w.org\/{rel}","templated":true}]}}