{"id":118528,"date":"2018-02-10T20:08:46","date_gmt":"2018-02-10T19:08:46","guid":{"rendered":"https:\/\/dutchhealthstore.com\/product\/frankincense-serrata-essential-oil\/"},"modified":"2025-12-23T09:06:52","modified_gmt":"2025-12-23T08:06:52","slug":"frankincense-serrata-essential-oil","status":"publish","type":"product","link":"https:\/\/dutchhealthstore.com\/fr\/product\/frankincense-serrata-essential-oil\/","title":{"rendered":"Frankincense Serrata Essential Oil"},"content":{"rendered":"<p><img decoding=\"async\" class=\"alignright size-full wp-image-37041\" src=\"https:\/\/dutchhealthstore.com\/wp-content\/uploads\/2018\/04\/Living_Libations-1.png\" alt=\"Organic &amp; Natural Beautyproducts - Living Libations\" width=\"175\" height=\"82\"><strong>Nom botanique:<\/strong> Boswellia serrata<br \/>\n<strong>Famille botanique:<\/strong> Burseraceae<br \/>\n<strong>M\u00e9thode d&rsquo;extraction:<\/strong> Hydrodistill\u00e9<br \/>\n<strong>Partie de la plante distill\u00e9e:<\/strong> R\u00e9sine<br \/>\n<strong>Pays d&rsquo;origine:<\/strong> Inde<br \/>\n<strong>M\u00e9thode de culture:<\/strong> Organique<br \/>\n<strong>Composition:<\/strong> 100% Boswellia serrata<br \/>\n<strong>Coh\u00e9rence:<\/strong> Mince<\/p>\n<h3>Description de l&rsquo;odeur<\/h3>\n<p>Bouquet doux, r\u00e9sineux-conif\u00e8re, avec une note a\u00e9rienne et balsamique.<\/p>\n<h3>Se marie bien avec<\/h3>\n<p>Pamplemousse, Rose Otto, Ylang, Sapin, Epic\u00e9a, Argousier, Immortelle et Camomille.<\/p>\n<h3>Utilisations<\/h3>\n<p>Apaise l&rsquo;appr\u00e9hension, refroidit la tension et dissipe les inqui\u00e9tudes. Un super-h\u00e9ros en mati\u00e8re de soins de la peau. Tamponnez sur les lignes fines, les cicatrices et les signes de vieillissement pr\u00e9matur\u00e9 pour une hydratation suppl\u00e9mentaire. Attention \u00e0 la fra\u00eecheur de l&rsquo;haleine. Excellent pour les soins bucco-dentaires. Divine dans les diffuseurs. Une beaut\u00e9 classique pour le bain. Fantastique dans les tuyaux de sel. L&rsquo;esprit en m\u00e9diation.<\/p>\n<p>Frankincense Serrata Essential Oil est hydrodistill\u00e9e et r\u00e9colt\u00e9e \u00e0 partir de la s\u00e8ve des arbres d&rsquo;encens indiens. Cet \u00e9lixir sacr\u00e9 chante avec une l\u00e9g\u00e8ret\u00e9 \u00e0 des ann\u00e9es-lumi\u00e8re de notre encens de Somalie. Alors que notre encens traditionnel est riche et profond, l&rsquo;encens Serrata est l\u00e9ger et complexe. Il danse avec des notes centrales d&rsquo;agrumes et de fleurs tout en offrant des soins pour la peau et le corps.<\/p>\n<p>Comme Boswellia carterii et Boswellia sacra, Boswellia serrata est un chr\u00eame spirituel sacr\u00e9. L\u00e0 o\u00f9 l&rsquo;huile essentielle huile Boswellia Carterii est efficace pour lib\u00e9rer les r\u00e9sistances et sanctifier la peau, l&rsquo;huile essentielle huile Frankincense Serrata est particuli\u00e8rement adapt\u00e9e pour att\u00e9nuer l&rsquo;apparence des rougeurs, de la chaleur, de la peau s\u00e8che, des ridules et des poches.<\/p>\n<p>L&rsquo;encens Serrata est une inspiration, une incantation, une force in\u00e9gal\u00e9e pour la peau qui a besoin d&rsquo;une force et d&rsquo;un soin suppl\u00e9mentaires!<\/p>\n<h3>Ingr\u00e9dients Biologiques<\/h3>\n<p>100% d&rsquo;huile essentielle d&rsquo;encens (Boswellia serrata).<\/p>\n<p style=\"text-align: center;\"><em>\u00ab\u00a0L&rsquo;amour est plus sage que la philosophie, bien qu&rsquo;elle soit sage, et plus puissant que le pouvoir,<br \/>\nbien qu&rsquo;il soit puissant. Ses ailes sont de couleur flamme, et son corps est de couleur flamme.<br \/>\nSes l\u00e8vres sont douces comme le miel, et son souffle est comme l&rsquo;encens.\u00a0\u00bb<br \/>\n<\/em>\u223c Oscar Wilde, <strong>The Nightingale and the Rose<\/strong><\/p>\n<p style=\"text-align: center;\"><em>\u00ab\u00a0Dans un essai publi\u00e9 en 2011 dans la revue Cancer, des chercheurs \u00e9gyptiens ont examin\u00e9 la capacit\u00e9 du Boswellia&#8230;<br \/>\npour r\u00e9duire l&rsquo;oed\u00e8me c\u00e9r\u00e9bral associ\u00e9 aux traitements par radiation pour les tumeurs c\u00e9r\u00e9brales.<br \/>\nLes chercheurs ont conclu que la BS (encens indien) pourrait potentiellement \u00e9pargner les st\u00e9ro\u00efdes aux patients recevant une irradiation c\u00e9r\u00e9brale.\u00a0\u00bb<\/em><br \/>\n~ Myrna Chandler Goldstein et Mark A. Goldstein M.D., <strong>Healthy Herbs<\/strong>.<\/p>\n<p>&nbsp;<\/p>\n<p><img fetchpriority=\"high\" decoding=\"async\" class=\"size-full wp-image-31577 aligncenter\" src=\"https:\/\/dutchhealthstore.com\/wp-content\/uploads\/2018\/03\/organic_big.png\" alt=\"Organic and Natural - Living Libations\" width=\"623\" height=\"103\" srcset=\"https:\/\/dutchhealthstore.com\/wp-content\/uploads\/2018\/03\/organic_big.png 623w, https:\/\/dutchhealthstore.com\/wp-content\/uploads\/2018\/03\/organic_big-510x84.png 510w, https:\/\/dutchhealthstore.com\/wp-content\/uploads\/2018\/03\/organic_big-600x99.png 600w, https:\/\/dutchhealthstore.com\/wp-content\/uploads\/2018\/03\/organic_big-350x58.png 350w\" sizes=\"(max-width: 623px) 100vw, 623px\" \/><\/p>\n","protected":false},"excerpt":{"rendered":"<p>Flawless <strong>Frankincense Serrata Essential Oil<\/strong> occupe une position v\u00e9n\u00e9rable au c\u0153ur des soins ayurv\u00e9diques depuis des milliers d&rsquo;ann\u00e9es. Cet encens offre une connexion ancestrale directe avec les savons sacr\u00e9s de l&rsquo;Inde ancienne. L&rsquo;encens Serrata peut \u00eatre utilis\u00e9 pour oindre le corps pendant la pri\u00e8re et la m\u00e9ditation, mais ses principaux avantages sont les soins du corps et de la peau.<\/p>\n","protected":false},"featured_media":113405,"comment_status":"open","ping_status":"closed","template":"","meta":[],"product_brand":[],"product_cat":[6734,1507,1211,1209,3757,1010,6733],"product_tag":[4495],"class_list":{"0":"post-118528","1":"product","2":"type-product","3":"status-publish","4":"has-post-thumbnail","6":"product_cat-essential-oils","7":"product_cat-plantes-huiles-essentielles-living-libations","8":"product_cat-living-libations-france","9":"product_cat-par-marques","10":"product_cat-plantes-huiles-essentielles","11":"product_cat-notre-boutique","12":"product_cat-wellness-fr-2","13":"product_tag-essential-oil-fr","14":"pa_bestsellers-goed-fr","15":"pa_brand-livinglibations-fr","16":"pa_essential-oils-product-type-essential-oils-fr","17":"pa_size-5-ml-fr","18":"pa_size-15-ml-fr","20":"first","21":"instock","22":"taxable","23":"shipping-taxable","24":"purchasable","25":"product-type-variable"},"bundled_by":[],"bundle_stock_status":"instock","bundle_stock_quantity":null,"bundle_virtual":false,"bundle_layout":"","bundle_add_to_cart_form_location":"","bundle_editable_in_cart":false,"bundle_sold_individually_context":"","bundle_item_grouping":"","bundle_min_size":"","bundle_max_size":"","bundle_price":[],"bundled_items":[],"bundle_sell_ids":[],"atum_controlled":true,"out_stock_date":null,"out_stock_threshold":null,"inheritable":true,"stock_on_hold":0,"sold_today":0,"sales_last_days":0,"out_stock_days":0,"lost_sales":0,"update_date":"2026-04-08T01:46:56","atum_locations":[],"atum_stock_status":"instock","restock_status":false,"low_stock_amount":"","sales_update_date":"2026-04-08T01:46:56","calc_backorders":null,"group_of_quantity":0,"min_quantity":0,"max_quantity":"","exclude_order_quantity_value_rules":"no","exclude_category_quantity_rules":"no","combine_variations":"no","yoast_head":"<!-- This site is optimized with the Yoast SEO Premium plugin v26.5 (Yoast SEO v26.5) - https:\/\/yoast.com\/wordpress\/plugins\/seo\/ -->\n<title>Frankincense Serrata Essential Oil | Living Libations<\/title>\n<meta name=\"description\" content=\"Frankincense Serrata Essential Oil est particuli\u00e8rement adapt\u00e9e pour att\u00e9nuer l&#039;apparence des rougeurs, de la chaleur, de la peau s\u00e8che, des ridules et des poches.\" \/>\n<meta name=\"robots\" content=\"index, follow, max-snippet:-1, max-image-preview:large, max-video-preview:-1\" \/>\n<link rel=\"canonical\" href=\"https:\/\/dutchhealthstore.com\/fr\/product\/frankincense-serrata-essential-oil\/\" \/>\n<meta property=\"og:locale\" content=\"fr_FR\" \/>\n<meta property=\"og:type\" content=\"article\" \/>\n<meta property=\"og:title\" content=\"Frankincense Serrata Essential Oil - Dutch Health Store\" \/>\n<meta property=\"og:description\" content=\"Frankincense Serrata Essential Oil est particuli\u00e8rement adapt\u00e9e pour att\u00e9nuer l&#039;apparence des rougeurs, de la chaleur, de la peau s\u00e8che, des ridules et des poches.\" \/>\n<meta property=\"og:url\" content=\"https:\/\/dutchhealthstore.com\/fr\/product\/frankincense-serrata-essential-oil\/\" \/>\n<meta property=\"og:site_name\" content=\"Dutch Health Store\" \/>\n<meta property=\"article:publisher\" content=\"https:\/\/www.instagram.com\/dutchhealthstore\/\" \/>\n<meta property=\"article:modified_time\" content=\"2025-12-23T08:06:52+00:00\" \/>\n<meta property=\"og:image\" content=\"https:\/\/dutchhealthstore.com\/wp-content\/uploads\/2018\/02\/Living-Libations-Frankincense-Serrata-Essential-Oil-e1594648611117.png\" \/>\n\t<meta property=\"og:image:width\" content=\"500\" \/>\n\t<meta property=\"og:image:height\" content=\"500\" \/>\n\t<meta property=\"og:image:type\" content=\"image\/jpeg\" \/>\n<meta name=\"twitter:card\" content=\"summary_large_image\" \/>\n<meta name=\"twitter:label1\" content=\"Disponibilit\u00e9\" \/>\n\t<meta name=\"twitter:data1\" content=\"En stock\" \/>\n<script type=\"application\/ld+json\" class=\"yoast-schema-graph\">{\"@context\":\"https:\/\/schema.org\",\"@graph\":[{\"@type\":\"WebPage\",\"@id\":\"https:\/\/dutchhealthstore.com\/fr\/product\/frankincense-serrata-essential-oil\/\",\"url\":\"https:\/\/dutchhealthstore.com\/fr\/product\/frankincense-serrata-essential-oil\/\",\"name\":\"Frankincense Serrata Essential Oil | Living Libations\",\"isPartOf\":{\"@id\":\"https:\/\/dutchhealthstore.com\/fr\/#website\"},\"primaryImageOfPage\":{\"@id\":\"https:\/\/dutchhealthstore.com\/fr\/product\/frankincense-serrata-essential-oil\/#primaryimage\"},\"image\":{\"@id\":\"https:\/\/dutchhealthstore.com\/fr\/product\/frankincense-serrata-essential-oil\/#primaryimage\"},\"thumbnailUrl\":\"https:\/\/dutchhealthstore.com\/wp-content\/uploads\/2018\/02\/Living-Libations-Frankincense-Serrata-Essential-Oil-e1594648611117.png\",\"datePublished\":\"2018-02-10T19:08:46+00:00\",\"dateModified\":\"2025-12-23T08:06:52+00:00\",\"description\":\"Frankincense Serrata Essential Oil est particuli\u00e8rement adapt\u00e9e pour att\u00e9nuer l'apparence des rougeurs, de la chaleur, de la peau s\u00e8che, des ridules et des poches.\",\"breadcrumb\":{\"@id\":\"https:\/\/dutchhealthstore.com\/fr\/product\/frankincense-serrata-essential-oil\/#breadcrumb\"},\"inLanguage\":\"fr-FR\",\"potentialAction\":[{\"@type\":\"ReadAction\",\"target\":[\"https:\/\/dutchhealthstore.com\/fr\/product\/frankincense-serrata-essential-oil\/\"]}]},{\"@type\":\"ImageObject\",\"inLanguage\":\"fr-FR\",\"@id\":\"https:\/\/dutchhealthstore.com\/fr\/product\/frankincense-serrata-essential-oil\/#primaryimage\",\"url\":\"https:\/\/dutchhealthstore.com\/wp-content\/uploads\/2018\/02\/Living-Libations-Frankincense-Serrata-Essential-Oil-e1594648611117.png\",\"contentUrl\":\"https:\/\/dutchhealthstore.com\/wp-content\/uploads\/2018\/02\/Living-Libations-Frankincense-Serrata-Essential-Oil-e1594648611117.png\",\"width\":500,\"height\":500,\"caption\":\"Living Libations Frankincense Serrata Essential Oil\"},{\"@type\":\"BreadcrumbList\",\"@id\":\"https:\/\/dutchhealthstore.com\/fr\/product\/frankincense-serrata-essential-oil\/#breadcrumb\",\"itemListElement\":[{\"@type\":\"ListItem\",\"position\":1,\"name\":\"Home\",\"item\":\"https:\/\/dutchhealthstore.com\/fr\/\"},{\"@type\":\"ListItem\",\"position\":2,\"name\":\"Shop\",\"item\":\"https:\/\/dutchhealthstore.com\/fr\/shop\/\"},{\"@type\":\"ListItem\",\"position\":3,\"name\":\"Frankincense Serrata Essential Oil\"}]},{\"@type\":\"WebSite\",\"@id\":\"https:\/\/dutchhealthstore.com\/fr\/#website\",\"url\":\"https:\/\/dutchhealthstore.com\/fr\/\",\"name\":\"Dutch Health Store\",\"description\":\"Enhance Your Beauty with Organic &amp; Natural Skincare\",\"publisher\":{\"@id\":\"https:\/\/dutchhealthstore.com\/fr\/#organization\"},\"potentialAction\":[{\"@type\":\"SearchAction\",\"target\":{\"@type\":\"EntryPoint\",\"urlTemplate\":\"https:\/\/dutchhealthstore.com\/fr\/?s={search_term_string}\"},\"query-input\":{\"@type\":\"PropertyValueSpecification\",\"valueRequired\":true,\"valueName\":\"search_term_string\"}}],\"inLanguage\":\"fr-FR\"},{\"@type\":\"Organization\",\"@id\":\"https:\/\/dutchhealthstore.com\/fr\/#organization\",\"name\":\"Dutch Health Store\",\"url\":\"https:\/\/dutchhealthstore.com\/fr\/\",\"logo\":{\"@type\":\"ImageObject\",\"inLanguage\":\"fr-FR\",\"@id\":\"https:\/\/dutchhealthstore.com\/fr\/#\/schema\/logo\/image\/\",\"url\":\"https:\/\/dutchhealthstore.com\/wp-content\/uploads\/2020\/08\/logo-dutchhealthstore-jpg-e1599484957574.jpg\",\"contentUrl\":\"https:\/\/dutchhealthstore.com\/wp-content\/uploads\/2020\/08\/logo-dutchhealthstore-jpg-e1599484957574.jpg\",\"width\":400,\"height\":62,\"caption\":\"Dutch Health Store\"},\"image\":{\"@id\":\"https:\/\/dutchhealthstore.com\/fr\/#\/schema\/logo\/image\/\"},\"sameAs\":[\"https:\/\/www.instagram.com\/dutchhealthstore\/\",\"https:\/\/www.facebook.com\/dutchhealthstore\"]}]}<\/script>\n<meta property=\"product:brand\" content=\"Living Libations\" \/>\n<meta property=\"og:availability\" content=\"instock\" \/>\n<meta property=\"product:availability\" content=\"instock\" \/>\n<meta property=\"product:condition\" content=\"new\" \/>\n<!-- \/ Yoast SEO Premium plugin. -->","yoast_head_json":{"title":"Frankincense Serrata Essential Oil | Living Libations","description":"Frankincense Serrata Essential Oil est particuli\u00e8rement adapt\u00e9e pour att\u00e9nuer l'apparence des rougeurs, de la chaleur, de la peau s\u00e8che, des ridules et des poches.","robots":{"index":"index","follow":"follow","max-snippet":"max-snippet:-1","max-image-preview":"max-image-preview:large","max-video-preview":"max-video-preview:-1"},"canonical":"https:\/\/dutchhealthstore.com\/fr\/product\/frankincense-serrata-essential-oil\/","og_locale":"fr_FR","og_type":"article","og_title":"Frankincense Serrata Essential Oil - Dutch Health Store","og_description":"Frankincense Serrata Essential Oil est particuli\u00e8rement adapt\u00e9e pour att\u00e9nuer l'apparence des rougeurs, de la chaleur, de la peau s\u00e8che, des ridules et des poches.","og_url":"https:\/\/dutchhealthstore.com\/fr\/product\/frankincense-serrata-essential-oil\/","og_site_name":"Dutch Health Store","article_publisher":"https:\/\/www.instagram.com\/dutchhealthstore\/","article_modified_time":"2025-12-23T08:06:52+00:00","og_image":[{"width":500,"height":500,"url":"https:\/\/dutchhealthstore.com\/wp-content\/uploads\/2018\/02\/Living-Libations-Frankincense-Serrata-Essential-Oil-e1594648611117.png","type":"image\/jpeg"}],"twitter_card":"summary_large_image","twitter_misc":{"Disponibilit\u00e9":"En stock"},"schema":{"@context":"https:\/\/schema.org","@graph":[{"@type":"WebPage","@id":"https:\/\/dutchhealthstore.com\/fr\/product\/frankincense-serrata-essential-oil\/","url":"https:\/\/dutchhealthstore.com\/fr\/product\/frankincense-serrata-essential-oil\/","name":"Frankincense Serrata Essential Oil | Living Libations","isPartOf":{"@id":"https:\/\/dutchhealthstore.com\/fr\/#website"},"primaryImageOfPage":{"@id":"https:\/\/dutchhealthstore.com\/fr\/product\/frankincense-serrata-essential-oil\/#primaryimage"},"image":{"@id":"https:\/\/dutchhealthstore.com\/fr\/product\/frankincense-serrata-essential-oil\/#primaryimage"},"thumbnailUrl":"https:\/\/dutchhealthstore.com\/wp-content\/uploads\/2018\/02\/Living-Libations-Frankincense-Serrata-Essential-Oil-e1594648611117.png","datePublished":"2018-02-10T19:08:46+00:00","dateModified":"2025-12-23T08:06:52+00:00","description":"Frankincense Serrata Essential Oil est particuli\u00e8rement adapt\u00e9e pour att\u00e9nuer l'apparence des rougeurs, de la chaleur, de la peau s\u00e8che, des ridules et des poches.","breadcrumb":{"@id":"https:\/\/dutchhealthstore.com\/fr\/product\/frankincense-serrata-essential-oil\/#breadcrumb"},"inLanguage":"fr-FR","potentialAction":[{"@type":"ReadAction","target":["https:\/\/dutchhealthstore.com\/fr\/product\/frankincense-serrata-essential-oil\/"]}]},{"@type":"ImageObject","inLanguage":"fr-FR","@id":"https:\/\/dutchhealthstore.com\/fr\/product\/frankincense-serrata-essential-oil\/#primaryimage","url":"https:\/\/dutchhealthstore.com\/wp-content\/uploads\/2018\/02\/Living-Libations-Frankincense-Serrata-Essential-Oil-e1594648611117.png","contentUrl":"https:\/\/dutchhealthstore.com\/wp-content\/uploads\/2018\/02\/Living-Libations-Frankincense-Serrata-Essential-Oil-e1594648611117.png","width":500,"height":500,"caption":"Living Libations Frankincense Serrata Essential Oil"},{"@type":"BreadcrumbList","@id":"https:\/\/dutchhealthstore.com\/fr\/product\/frankincense-serrata-essential-oil\/#breadcrumb","itemListElement":[{"@type":"ListItem","position":1,"name":"Home","item":"https:\/\/dutchhealthstore.com\/fr\/"},{"@type":"ListItem","position":2,"name":"Shop","item":"https:\/\/dutchhealthstore.com\/fr\/shop\/"},{"@type":"ListItem","position":3,"name":"Frankincense Serrata Essential Oil"}]},{"@type":"WebSite","@id":"https:\/\/dutchhealthstore.com\/fr\/#website","url":"https:\/\/dutchhealthstore.com\/fr\/","name":"Dutch Health Store","description":"Enhance Your Beauty with Organic &amp; Natural Skincare","publisher":{"@id":"https:\/\/dutchhealthstore.com\/fr\/#organization"},"potentialAction":[{"@type":"SearchAction","target":{"@type":"EntryPoint","urlTemplate":"https:\/\/dutchhealthstore.com\/fr\/?s={search_term_string}"},"query-input":{"@type":"PropertyValueSpecification","valueRequired":true,"valueName":"search_term_string"}}],"inLanguage":"fr-FR"},{"@type":"Organization","@id":"https:\/\/dutchhealthstore.com\/fr\/#organization","name":"Dutch Health Store","url":"https:\/\/dutchhealthstore.com\/fr\/","logo":{"@type":"ImageObject","inLanguage":"fr-FR","@id":"https:\/\/dutchhealthstore.com\/fr\/#\/schema\/logo\/image\/","url":"https:\/\/dutchhealthstore.com\/wp-content\/uploads\/2020\/08\/logo-dutchhealthstore-jpg-e1599484957574.jpg","contentUrl":"https:\/\/dutchhealthstore.com\/wp-content\/uploads\/2020\/08\/logo-dutchhealthstore-jpg-e1599484957574.jpg","width":400,"height":62,"caption":"Dutch Health Store"},"image":{"@id":"https:\/\/dutchhealthstore.com\/fr\/#\/schema\/logo\/image\/"},"sameAs":["https:\/\/www.instagram.com\/dutchhealthstore\/","https:\/\/www.facebook.com\/dutchhealthstore"]}]},"product_brand":"Living Libations","og_availability":"instock","product_availability":"instock","product_condition":"new"},"_links":{"self":[{"href":"https:\/\/dutchhealthstore.com\/fr\/wp-json\/wp\/v2\/product\/118528","targetHints":{"allow":["GET"]}}],"collection":[{"href":"https:\/\/dutchhealthstore.com\/fr\/wp-json\/wp\/v2\/product"}],"about":[{"href":"https:\/\/dutchhealthstore.com\/fr\/wp-json\/wp\/v2\/types\/product"}],"replies":[{"embeddable":true,"href":"https:\/\/dutchhealthstore.com\/fr\/wp-json\/wp\/v2\/comments?post=118528"}],"wp:featuredmedia":[{"embeddable":true,"href":"https:\/\/dutchhealthstore.com\/fr\/wp-json\/wp\/v2\/media\/113405"}],"wp:attachment":[{"href":"https:\/\/dutchhealthstore.com\/fr\/wp-json\/wp\/v2\/media?parent=118528"}],"wp:term":[{"taxonomy":"product_brand","embeddable":true,"href":"https:\/\/dutchhealthstore.com\/fr\/wp-json\/wp\/v2\/product_brand?post=118528"},{"taxonomy":"product_cat","embeddable":true,"href":"https:\/\/dutchhealthstore.com\/fr\/wp-json\/wp\/v2\/product_cat?post=118528"},{"taxonomy":"product_tag","embeddable":true,"href":"https:\/\/dutchhealthstore.com\/fr\/wp-json\/wp\/v2\/product_tag?post=118528"}],"curies":[{"name":"wp","href":"https:\/\/api.w.org\/{rel}","templated":true}]}}