{"id":118497,"date":"2018-02-10T19:50:06","date_gmt":"2018-02-10T18:50:06","guid":{"rendered":"https:\/\/dutchhealthstore.com\/product\/fragonia-essential-oil\/"},"modified":"2024-08-27T09:53:01","modified_gmt":"2024-08-27T07:53:01","slug":"fragonia-essential-oil","status":"publish","type":"product","link":"https:\/\/dutchhealthstore.com\/fr\/product\/fragonia-essential-oil\/","title":{"rendered":"Fragonia Essential Oil"},"content":{"rendered":"<p><img decoding=\"async\" class=\"size-full wp-image-69549 alignright\" src=\"https:\/\/dutchhealthstore.com\/wp-content\/uploads\/2019\/08\/NEW-Living-Libations-Logo.jpg\" alt=\"NEW - Living Libations - Logo\" width=\"175\" height=\"82\"><strong>Nom botanique:<\/strong> <em>Agonis fragrans<\/em><br \/>\n<strong>M\u00e9thode d&rsquo;extraction:<\/strong> Vapeur<br \/>\n<strong>Partie de la plante distill\u00e9e:<\/strong> Fleurs<br \/>\n<strong>Country of Origin:<\/strong> Australia<br \/>\n<strong>M\u00e9thode de culture:<\/strong> Sauvage<\/p>\n<h3>Description de l&rsquo;odeur<\/h3>\n<p>Tr\u00e8s frais, note de t\u00eate camphr\u00e9e, foin herbac\u00e9 avec un c\u0153ur l\u00e9g\u00e8rement floral, des aspects fruit\u00e9s fugaces et un fond l\u00e9g\u00e8rement balsamique.<\/p>\n<h3>Se m\u00e9lange bien avec<\/h3>\n<p>Bergamote, rose otto, lavande, pamplemousse, palmarosa, myrte citronn\u00e9, encens, douglas, camomille du Cap et sauge sclar\u00e9e.<\/p>\n<p><strong>Taille: 5 ml et 15 ml<\/strong><\/p>\n<h3>Utilisations<\/h3>\n<p>antibact\u00e9rien, antifongique, anti-infectieux, antimicrobien, anti-inflammatoire, expectorant, stimulant du syst\u00e8me immunitaire, antid\u00e9presseur.<\/p>\n<p>Acc\u00e9dez instantan\u00e9ment \u00e0 la paix int\u00e9rieure et au calme zen gr\u00e2ce au pouvoir apaisant de Fragonia Essential Oil. L\u00e9g\u00e8res et parfum\u00e9es, les propri\u00e9t\u00e9s calmantes de Fragonia ont \u00e9t\u00e9 compar\u00e9es \u00e0 celles de la lavande, et les pouvoirs m\u00e9dicinaux de l&rsquo;huile sont comparables \u00e0 ceux de l&rsquo;huile de th\u00e9ier. Fragonia promeut une essence d&rsquo;\u00e9quilibre en toutes choses: le corps, l&rsquo;esprit, l&rsquo;\u00e2me et le monde ext\u00e9rieur. Avec Fragonia, les \u00e9motions n\u00e9gatives du pass\u00e9 peuvent enfin \u00eatre lib\u00e9r\u00e9es, et le corps et l&rsquo;\u00e2me se remettent en harmonie avec le moment pr\u00e9sent.<\/p>\n<p>Les fleurs de la plante Fragonia contiennent de puissants agents antimicrobiens qui se sont av\u00e9r\u00e9s efficaces pour traiter les amygdalites bact\u00e9riennes et le muguet. Comme les compos\u00e9s naturel cherchent \u00e0 \u00e9quilibrer l&rsquo;organisme, ils r\u00e9gulent les d\u00e9s\u00e9quilibres hormonaux comme ceux qui provoquent les sympt\u00f4mes menstruels. En fait, des recherches cliniques men\u00e9es en Australie ont r\u00e9v\u00e9l\u00e9 que l&rsquo;huile de Fragonia suffisait \u00e0 elle seule \u00e0 \u00e9liminer les crampes, les ballonnements, les irritations et la d\u00e9pression associ\u00e9s aux menstruations.<\/p>\n<p>L&rsquo;huile essentielle Fragonia soutient un changement profond dans nos psych\u00e9s. Il s&rsquo;agit d&rsquo;un guide merveilleux dans les moments de contrainte, et dans les p\u00e9riodes de profonds bouleversements int\u00e9rieurs. Fragonia nous aide \u00e0 l\u00e2cher le pass\u00e9, \u00e0 gu\u00e9rir les traumatismes \u00e9motionnels enfouis et \u00e0 surmonter les temp\u00eates int\u00e9rieures qui font rage en chacun de nous. Si vous mettez fin \u00e0 une relation, changez d&#8217;emploi, d\u00e9m\u00e9nagez dans une nouvelle ville ou enqu\u00eatez sur des \u00e9v\u00e9nements de votre enfance, Fragonia Essential Oil de Living Libations sera votre guide sage et aromatique.<\/p>\n<p style=\"text-align: center;\"><em>\u00ab\u00a0C&rsquo;est une huile extr\u00eamement s\u00e9duisante. Je n&rsquo;ai rencontr\u00e9 personne qui ne l&rsquo;aime pas. Du point de vue de la chimie, l&rsquo;\u00e9l\u00e9ment frappant est la composition extr\u00eamement bien \u00e9quilibr\u00e9e de l&rsquo;huile. En fait, alors que je travaillais sur les r\u00e9sultats de l&rsquo;analyse GC, il m&rsquo;est apparu que pour la toute premi\u00e8re fois, j&rsquo;avais devant moi une formule unique. Je ne parle pas ici des mol\u00e9cules individuelles qui composent l&rsquo;huile. Je fais r\u00e9f\u00e9rence aux proportions respectives des familles de composants entre elles et aux proportions des composants individuels entre eux, notamment \u00e0 l&rsquo;int\u00e9rieur des monoterp\u00e9nols. J&rsquo;ai \u00e9t\u00e9 stup\u00e9fait de d\u00e9couvrir que le nombre sacr\u00e9 connu sous le nom de proportion dor\u00e9e s&rsquo;exprimait presque parfaitement \u00e0 travers la chimie de cette huile essentielle. Que signifie cette prise de conscience ? Cela signifie que nous devons aller au-del\u00e0 de la chimie analytique afin de comprendre, de mani\u00e8re holistique, le pouvoir unique d&rsquo;harmonisation et de r\u00e9\u00e9quilibrage de cette huile. Ce n&rsquo;est pas seulement que cette huile est utile pour le syst\u00e8me respiratoire ou diverses conditions infectieuses, ce qui a \u00e9t\u00e9 prouv\u00e9 par des tests sur diff\u00e9rentes souches de bact\u00e9ries.\u00a0\u00bb<\/em><br \/>\n~ Dr. Daniel Pen\u00f6el, <strong>(m\u00e9decin fran\u00e7ais, sp\u00e9cialis\u00e9 dans l&rsquo;utilisation th\u00e9rapeutique des huiles essentielles)<\/strong><\/p>\n<h3>Avantages traditionnels, mentaux, physiques et \u00e9motionnels<\/h3>\n<p>D\u00e9gage les sinus et la poitrine de la congestion, soulage les douleurs dans les articulations et les muscles, lib\u00e8re la n\u00e9gativit\u00e9 et les cicatrices \u00e9motionnelles profond\u00e9ment ancr\u00e9es, soutient les sentiments d&rsquo;amour de soi et d&rsquo;amour pour les autres, aide le corps et l&rsquo;esprit \u00e0 trouver l&rsquo;\u00e9quilibre, utilis\u00e9 comme un parfum doux, att\u00e9nue le d\u00e9calage horaire, r\u00e9tablit l&rsquo;hom\u00e9ostasie.<\/p>\n<h3>Ingr\u00e9dients Biologiques<\/h3>\n<p>100% d&rsquo;huile essentielle de fragonia (Agonis fragrans).<\/p>\n<p><img fetchpriority=\"high\" decoding=\"async\" class=\"size-medium wp-image-68103 aligncenter\" src=\"https:\/\/dutchhealthstore.com\/wp-content\/uploads\/2018\/02\/Living-Libations-Organic-Logo-800x89.png\" alt=\"Living Libations - Organic Logo\" width=\"800\" height=\"89\" srcset=\"https:\/\/dutchhealthstore.com\/wp-content\/uploads\/2018\/02\/Living-Libations-Organic-Logo-800x89.png 800w, https:\/\/dutchhealthstore.com\/wp-content\/uploads\/2018\/02\/Living-Libations-Organic-Logo-510x57.png 510w, https:\/\/dutchhealthstore.com\/wp-content\/uploads\/2018\/02\/Living-Libations-Organic-Logo-768x85.png 768w, https:\/\/dutchhealthstore.com\/wp-content\/uploads\/2018\/02\/Living-Libations-Organic-Logo.png 1400w\" sizes=\"(max-width: 800px) 100vw, 800px\" \/><\/p>\n","protected":false},"excerpt":{"rendered":"<p>R\u00e9jouissez-vous de la perfection \u00e9quilibr\u00e9e deFragonia Essential Oil de <strong>Living Libations<\/strong>. Provenant des vents sauvages et amicaux de l&rsquo;outback australien, les \u00e9l\u00e9ments de l&rsquo;huile Fragonia sont parfaitement \u00e9quilibr\u00e9s. En vous entourant de ces \u00e9l\u00e9ments \u00e9quilibr\u00e9s, vous d\u00e9couvrirez votre propre \u00e9tat int\u00e9rieur de parfaite hom\u00e9ostasie. Douce mais puissante, notre huile de Fragonia soulage les douleurs musculaires, fait reculer les infections respiratoires et stimule le syst\u00e8me immunitaire. Son ar\u00f4me irr\u00e9sistible est r\u00e9put\u00e9 \u00eatre un gu\u00e9risseur \u00e9motionnel extr\u00eamement puissant.<\/p>\n","protected":false},"featured_media":292683,"comment_status":"open","ping_status":"closed","template":"","meta":[],"product_brand":[],"product_cat":[1507,6734,1211,1209,3757,1010,6733],"product_tag":[4495],"class_list":{"0":"post-118497","1":"product","2":"type-product","3":"status-publish","4":"has-post-thumbnail","6":"product_cat-plantes-huiles-essentielles-living-libations","7":"product_cat-essential-oils","8":"product_cat-living-libations-france","9":"product_cat-par-marques","10":"product_cat-plantes-huiles-essentielles","11":"product_cat-notre-boutique","12":"product_cat-wellness-fr-2","13":"product_tag-essential-oil-fr","14":"pa_brand-livinglibations-fr","15":"pa_essential-oils-product-type-essential-oils-fr","16":"pa_size-15-ml-fr","17":"pa_size-5-ml-fr","19":"first","20":"instock","21":"taxable","22":"shipping-taxable","23":"purchasable","24":"product-type-variable"},"bundled_by":[],"bundle_stock_status":"instock","bundle_stock_quantity":null,"bundle_virtual":false,"bundle_layout":"","bundle_add_to_cart_form_location":"","bundle_editable_in_cart":false,"bundle_sold_individually_context":"","bundle_item_grouping":"","bundle_min_size":"","bundle_max_size":"","bundle_price":[],"bundled_items":[],"bundle_sell_ids":[],"atum_controlled":true,"out_stock_date":null,"out_stock_threshold":null,"inheritable":true,"stock_on_hold":0,"sold_today":0,"sales_last_days":0,"out_stock_days":0,"lost_sales":0,"update_date":"2026-04-17T00:06:13","atum_locations":[],"atum_stock_status":"instock","restock_status":false,"low_stock_amount":"","sales_update_date":"2026-04-17T00:06:12","calc_backorders":null,"group_of_quantity":0,"min_quantity":0,"max_quantity":"","exclude_order_quantity_value_rules":"no","exclude_category_quantity_rules":"no","combine_variations":"no","yoast_head":"<!-- This site is optimized with the Yoast SEO Premium plugin v26.5 (Yoast SEO v26.5) - https:\/\/yoast.com\/wordpress\/plugins\/seo\/ -->\n<title>Fragonia Essential Oil - Living Libations<\/title>\n<meta name=\"description\" content=\"Acc\u00e9dez instantan\u00e9ment \u00e0 la paix int\u00e9rieure et au calme zen avec le pouvoir apaisant de Fragonia Essential Oil (Living Libations).\" \/>\n<meta name=\"robots\" content=\"index, follow, max-snippet:-1, max-image-preview:large, max-video-preview:-1\" \/>\n<link rel=\"canonical\" href=\"https:\/\/dutchhealthstore.com\/fr\/product\/fragonia-essential-oil\/\" \/>\n<meta property=\"og:locale\" content=\"fr_FR\" \/>\n<meta property=\"og:type\" content=\"article\" \/>\n<meta property=\"og:title\" content=\"Fragonia Essential Oil - Dutch Health Store\" \/>\n<meta property=\"og:description\" content=\"Acc\u00e9dez instantan\u00e9ment \u00e0 la paix int\u00e9rieure et au calme zen avec le pouvoir apaisant de Fragonia Essential Oil (Living Libations).\" \/>\n<meta property=\"og:url\" content=\"https:\/\/dutchhealthstore.com\/fr\/product\/fragonia-essential-oil\/\" \/>\n<meta property=\"og:site_name\" content=\"Dutch Health Store\" \/>\n<meta property=\"article:publisher\" content=\"https:\/\/www.instagram.com\/dutchhealthstore\/\" \/>\n<meta property=\"article:modified_time\" content=\"2024-08-27T07:53:01+00:00\" \/>\n<meta property=\"og:image\" content=\"https:\/\/dutchhealthstore.com\/wp-content\/uploads\/2018\/02\/Fragonia_Essential_Oil_Living_Libations_Europe.jpg\" \/>\n\t<meta property=\"og:image:width\" content=\"640\" \/>\n\t<meta property=\"og:image:height\" content=\"480\" \/>\n\t<meta property=\"og:image:type\" content=\"image\/jpeg\" \/>\n<meta name=\"twitter:card\" content=\"summary_large_image\" \/>\n<meta name=\"twitter:label1\" content=\"Disponibilit\u00e9\" \/>\n\t<meta name=\"twitter:data1\" content=\"En stock\" \/>\n<script type=\"application\/ld+json\" class=\"yoast-schema-graph\">{\"@context\":\"https:\/\/schema.org\",\"@graph\":[{\"@type\":\"WebPage\",\"@id\":\"https:\/\/dutchhealthstore.com\/fr\/product\/fragonia-essential-oil\/\",\"url\":\"https:\/\/dutchhealthstore.com\/fr\/product\/fragonia-essential-oil\/\",\"name\":\"Fragonia Essential Oil - Living Libations\",\"isPartOf\":{\"@id\":\"https:\/\/dutchhealthstore.com\/fr\/#website\"},\"primaryImageOfPage\":{\"@id\":\"https:\/\/dutchhealthstore.com\/fr\/product\/fragonia-essential-oil\/#primaryimage\"},\"image\":{\"@id\":\"https:\/\/dutchhealthstore.com\/fr\/product\/fragonia-essential-oil\/#primaryimage\"},\"thumbnailUrl\":\"https:\/\/dutchhealthstore.com\/wp-content\/uploads\/2018\/02\/fragonia_c80fa6e7-6f0c-4f40-bc26-f55610d0a157_1024x1024@2x.webp\",\"datePublished\":\"2018-02-10T18:50:06+00:00\",\"dateModified\":\"2024-08-27T07:53:01+00:00\",\"description\":\"Acc\u00e9dez instantan\u00e9ment \u00e0 la paix int\u00e9rieure et au calme zen avec le pouvoir apaisant de Fragonia Essential Oil (Living Libations).\",\"breadcrumb\":{\"@id\":\"https:\/\/dutchhealthstore.com\/fr\/product\/fragonia-essential-oil\/#breadcrumb\"},\"inLanguage\":\"fr-FR\",\"potentialAction\":[{\"@type\":\"ReadAction\",\"target\":[\"https:\/\/dutchhealthstore.com\/fr\/product\/fragonia-essential-oil\/\"]}]},{\"@type\":\"ImageObject\",\"inLanguage\":\"fr-FR\",\"@id\":\"https:\/\/dutchhealthstore.com\/fr\/product\/fragonia-essential-oil\/#primaryimage\",\"url\":\"https:\/\/dutchhealthstore.com\/wp-content\/uploads\/2018\/02\/fragonia_c80fa6e7-6f0c-4f40-bc26-f55610d0a157_1024x1024@2x.webp\",\"contentUrl\":\"https:\/\/dutchhealthstore.com\/wp-content\/uploads\/2018\/02\/fragonia_c80fa6e7-6f0c-4f40-bc26-f55610d0a157_1024x1024@2x.webp\",\"width\":1200,\"height\":1200},{\"@type\":\"BreadcrumbList\",\"@id\":\"https:\/\/dutchhealthstore.com\/fr\/product\/fragonia-essential-oil\/#breadcrumb\",\"itemListElement\":[{\"@type\":\"ListItem\",\"position\":1,\"name\":\"Home\",\"item\":\"https:\/\/dutchhealthstore.com\/fr\/\"},{\"@type\":\"ListItem\",\"position\":2,\"name\":\"Shop\",\"item\":\"https:\/\/dutchhealthstore.com\/fr\/shop\/\"},{\"@type\":\"ListItem\",\"position\":3,\"name\":\"Fragonia Essential Oil\"}]},{\"@type\":\"WebSite\",\"@id\":\"https:\/\/dutchhealthstore.com\/fr\/#website\",\"url\":\"https:\/\/dutchhealthstore.com\/fr\/\",\"name\":\"Dutch Health Store\",\"description\":\"Enhance Your Beauty with Organic &amp; Natural Skincare\",\"publisher\":{\"@id\":\"https:\/\/dutchhealthstore.com\/fr\/#organization\"},\"potentialAction\":[{\"@type\":\"SearchAction\",\"target\":{\"@type\":\"EntryPoint\",\"urlTemplate\":\"https:\/\/dutchhealthstore.com\/fr\/?s={search_term_string}\"},\"query-input\":{\"@type\":\"PropertyValueSpecification\",\"valueRequired\":true,\"valueName\":\"search_term_string\"}}],\"inLanguage\":\"fr-FR\"},{\"@type\":\"Organization\",\"@id\":\"https:\/\/dutchhealthstore.com\/fr\/#organization\",\"name\":\"Dutch Health Store\",\"url\":\"https:\/\/dutchhealthstore.com\/fr\/\",\"logo\":{\"@type\":\"ImageObject\",\"inLanguage\":\"fr-FR\",\"@id\":\"https:\/\/dutchhealthstore.com\/fr\/#\/schema\/logo\/image\/\",\"url\":\"https:\/\/dutchhealthstore.com\/wp-content\/uploads\/2020\/08\/logo-dutchhealthstore-jpg-e1599484957574.jpg\",\"contentUrl\":\"https:\/\/dutchhealthstore.com\/wp-content\/uploads\/2020\/08\/logo-dutchhealthstore-jpg-e1599484957574.jpg\",\"width\":400,\"height\":62,\"caption\":\"Dutch Health Store\"},\"image\":{\"@id\":\"https:\/\/dutchhealthstore.com\/fr\/#\/schema\/logo\/image\/\"},\"sameAs\":[\"https:\/\/www.instagram.com\/dutchhealthstore\/\",\"https:\/\/www.facebook.com\/dutchhealthstore\"]}]}<\/script>\n<meta property=\"product:brand\" content=\"Living Libations\" \/>\n<meta property=\"og:availability\" content=\"instock\" \/>\n<meta property=\"product:availability\" content=\"instock\" \/>\n<meta property=\"product:condition\" content=\"new\" \/>\n<!-- \/ Yoast SEO Premium plugin. -->","yoast_head_json":{"title":"Fragonia Essential Oil - Living Libations","description":"Acc\u00e9dez instantan\u00e9ment \u00e0 la paix int\u00e9rieure et au calme zen avec le pouvoir apaisant de Fragonia Essential Oil (Living Libations).","robots":{"index":"index","follow":"follow","max-snippet":"max-snippet:-1","max-image-preview":"max-image-preview:large","max-video-preview":"max-video-preview:-1"},"canonical":"https:\/\/dutchhealthstore.com\/fr\/product\/fragonia-essential-oil\/","og_locale":"fr_FR","og_type":"article","og_title":"Fragonia Essential Oil - Dutch Health Store","og_description":"Acc\u00e9dez instantan\u00e9ment \u00e0 la paix int\u00e9rieure et au calme zen avec le pouvoir apaisant de Fragonia Essential Oil (Living Libations).","og_url":"https:\/\/dutchhealthstore.com\/fr\/product\/fragonia-essential-oil\/","og_site_name":"Dutch Health Store","article_publisher":"https:\/\/www.instagram.com\/dutchhealthstore\/","article_modified_time":"2024-08-27T07:53:01+00:00","og_image":[{"width":640,"height":480,"url":"https:\/\/dutchhealthstore.com\/wp-content\/uploads\/2018\/02\/Fragonia_Essential_Oil_Living_Libations_Europe.jpg","type":"image\/jpeg"}],"twitter_card":"summary_large_image","twitter_misc":{"Disponibilit\u00e9":"En stock"},"schema":{"@context":"https:\/\/schema.org","@graph":[{"@type":"WebPage","@id":"https:\/\/dutchhealthstore.com\/fr\/product\/fragonia-essential-oil\/","url":"https:\/\/dutchhealthstore.com\/fr\/product\/fragonia-essential-oil\/","name":"Fragonia Essential Oil - Living Libations","isPartOf":{"@id":"https:\/\/dutchhealthstore.com\/fr\/#website"},"primaryImageOfPage":{"@id":"https:\/\/dutchhealthstore.com\/fr\/product\/fragonia-essential-oil\/#primaryimage"},"image":{"@id":"https:\/\/dutchhealthstore.com\/fr\/product\/fragonia-essential-oil\/#primaryimage"},"thumbnailUrl":"https:\/\/dutchhealthstore.com\/wp-content\/uploads\/2018\/02\/fragonia_c80fa6e7-6f0c-4f40-bc26-f55610d0a157_1024x1024@2x.webp","datePublished":"2018-02-10T18:50:06+00:00","dateModified":"2024-08-27T07:53:01+00:00","description":"Acc\u00e9dez instantan\u00e9ment \u00e0 la paix int\u00e9rieure et au calme zen avec le pouvoir apaisant de Fragonia Essential Oil (Living Libations).","breadcrumb":{"@id":"https:\/\/dutchhealthstore.com\/fr\/product\/fragonia-essential-oil\/#breadcrumb"},"inLanguage":"fr-FR","potentialAction":[{"@type":"ReadAction","target":["https:\/\/dutchhealthstore.com\/fr\/product\/fragonia-essential-oil\/"]}]},{"@type":"ImageObject","inLanguage":"fr-FR","@id":"https:\/\/dutchhealthstore.com\/fr\/product\/fragonia-essential-oil\/#primaryimage","url":"https:\/\/dutchhealthstore.com\/wp-content\/uploads\/2018\/02\/fragonia_c80fa6e7-6f0c-4f40-bc26-f55610d0a157_1024x1024@2x.webp","contentUrl":"https:\/\/dutchhealthstore.com\/wp-content\/uploads\/2018\/02\/fragonia_c80fa6e7-6f0c-4f40-bc26-f55610d0a157_1024x1024@2x.webp","width":1200,"height":1200},{"@type":"BreadcrumbList","@id":"https:\/\/dutchhealthstore.com\/fr\/product\/fragonia-essential-oil\/#breadcrumb","itemListElement":[{"@type":"ListItem","position":1,"name":"Home","item":"https:\/\/dutchhealthstore.com\/fr\/"},{"@type":"ListItem","position":2,"name":"Shop","item":"https:\/\/dutchhealthstore.com\/fr\/shop\/"},{"@type":"ListItem","position":3,"name":"Fragonia Essential Oil"}]},{"@type":"WebSite","@id":"https:\/\/dutchhealthstore.com\/fr\/#website","url":"https:\/\/dutchhealthstore.com\/fr\/","name":"Dutch Health Store","description":"Enhance Your Beauty with Organic &amp; Natural Skincare","publisher":{"@id":"https:\/\/dutchhealthstore.com\/fr\/#organization"},"potentialAction":[{"@type":"SearchAction","target":{"@type":"EntryPoint","urlTemplate":"https:\/\/dutchhealthstore.com\/fr\/?s={search_term_string}"},"query-input":{"@type":"PropertyValueSpecification","valueRequired":true,"valueName":"search_term_string"}}],"inLanguage":"fr-FR"},{"@type":"Organization","@id":"https:\/\/dutchhealthstore.com\/fr\/#organization","name":"Dutch Health Store","url":"https:\/\/dutchhealthstore.com\/fr\/","logo":{"@type":"ImageObject","inLanguage":"fr-FR","@id":"https:\/\/dutchhealthstore.com\/fr\/#\/schema\/logo\/image\/","url":"https:\/\/dutchhealthstore.com\/wp-content\/uploads\/2020\/08\/logo-dutchhealthstore-jpg-e1599484957574.jpg","contentUrl":"https:\/\/dutchhealthstore.com\/wp-content\/uploads\/2020\/08\/logo-dutchhealthstore-jpg-e1599484957574.jpg","width":400,"height":62,"caption":"Dutch Health Store"},"image":{"@id":"https:\/\/dutchhealthstore.com\/fr\/#\/schema\/logo\/image\/"},"sameAs":["https:\/\/www.instagram.com\/dutchhealthstore\/","https:\/\/www.facebook.com\/dutchhealthstore"]}]},"product_brand":"Living Libations","og_availability":"instock","product_availability":"instock","product_condition":"new"},"_links":{"self":[{"href":"https:\/\/dutchhealthstore.com\/fr\/wp-json\/wp\/v2\/product\/118497","targetHints":{"allow":["GET"]}}],"collection":[{"href":"https:\/\/dutchhealthstore.com\/fr\/wp-json\/wp\/v2\/product"}],"about":[{"href":"https:\/\/dutchhealthstore.com\/fr\/wp-json\/wp\/v2\/types\/product"}],"replies":[{"embeddable":true,"href":"https:\/\/dutchhealthstore.com\/fr\/wp-json\/wp\/v2\/comments?post=118497"}],"wp:featuredmedia":[{"embeddable":true,"href":"https:\/\/dutchhealthstore.com\/fr\/wp-json\/wp\/v2\/media\/292683"}],"wp:attachment":[{"href":"https:\/\/dutchhealthstore.com\/fr\/wp-json\/wp\/v2\/media?parent=118497"}],"wp:term":[{"taxonomy":"product_brand","embeddable":true,"href":"https:\/\/dutchhealthstore.com\/fr\/wp-json\/wp\/v2\/product_brand?post=118497"},{"taxonomy":"product_cat","embeddable":true,"href":"https:\/\/dutchhealthstore.com\/fr\/wp-json\/wp\/v2\/product_cat?post=118497"},{"taxonomy":"product_tag","embeddable":true,"href":"https:\/\/dutchhealthstore.com\/fr\/wp-json\/wp\/v2\/product_tag?post=118497"}],"curies":[{"name":"wp","href":"https:\/\/api.w.org\/{rel}","templated":true}]}}