{"id":118491,"date":"2020-06-25T08:20:27","date_gmt":"2020-06-25T06:20:27","guid":{"rendered":"https:\/\/dutchhealthstore.com\/product\/forest-amber-essential-oil\/"},"modified":"2025-12-11T08:56:38","modified_gmt":"2025-12-11T07:56:38","slug":"forest-amber-essential-oil","status":"publish","type":"product","link":"https:\/\/dutchhealthstore.com\/fr\/product\/forest-amber-essential-oil\/","title":{"rendered":"Forest Amber Essential Oil"},"content":{"rendered":"<p><img decoding=\"async\" class=\"size-full wp-image-69549 alignright\" src=\"https:\/\/dutchhealthstore.com\/wp-content\/uploads\/2019\/08\/NEW-Living-Libations-Logo.jpg\" alt=\"NEW - Living Libations - Logo\" width=\"175\" height=\"82\"><strong>Nom botanique:<\/strong> Pinus monophylla<br \/>\n<strong>Famille botanique:<\/strong> Pinaceae<br \/>\n<strong>M\u00e9thode d&rsquo;extraction:<\/strong> Distillation \u00e0 la vapeur<br \/>\n<strong>Partie de la plante distill\u00e9e:<\/strong> R\u00e9sine<br \/>\n<strong>Pays d&rsquo;origine:<\/strong> Ouest des \u00c9tats-Unis<br \/>\n<strong>M\u00e9thode de culture:<\/strong> R\u00e9colte sauvage<br \/>\n<strong>Composition:<\/strong> 100% Pinus monophylla<br \/>\n<strong>Consistance:<\/strong> L\u00e9g\u00e8rement plus \u00e9paisse que la viscosit\u00e9 fine<\/p>\n<h3>Description de l&rsquo;odeur<\/h3>\n<p>Une m\u00e9moire ancienne d\u00e9livr\u00e9e par des brises sacr\u00e9es d&rsquo;encens, de myrrhe et de pin rouge frais.<\/p>\n<h3>Se marie bien avec<\/h3>\n<p>Encens, myrrhe, pin, hysope, sapin blanc, pamplemousse, nard, lavande, laurier et bergamote.<\/p>\n<h3>Utilisations<\/h3>\n<p>Oindre le chakra frontal. Diffus. Ajoutez quelques gouttes \u00e0 un bain chaud. Tr\u00e8s bien dans les huiles de massage.<\/p>\n<a href=\"https:\/\/dutchhealthstore.com\/wp-content\/uploads\/2020\/06\/ANALYSIS-Forest-Amber-Essential-Oil-Living-Libations-3.pdf\" class=\"button primary is-primary is-small\"  >\n\t\t<span>ANALYSE DES HUILES ESSENTIELLES &gt;<\/span>\n\t<\/a>\n\n<p>L&rsquo;essence d&rsquo;ambre de la for\u00eat, richement r\u00e9sineuse, est une offre unique dans notre collection de distillations divines. La s\u00e8ve succulente trouv\u00e9e p\u00e9tillante sur l&rsquo;\u00e9corce d&rsquo;un pin Pi\u00f1on fra\u00eechement tomb\u00e9 a conduit notre distillateur \u00e0 la tester. Ce qu&rsquo;il a trouv\u00e9 est un lien avec le pass\u00e9, un portail vers les d\u00e9buts de la vie du puissant pin. En combinant la r\u00e9sine vieillie avec l&rsquo;huile essentielle fra\u00eeche du m\u00eame arbre, l&rsquo;ambre de la for\u00eat est n\u00e9.<\/p>\n<p>Alors que l&rsquo;huile de c\u00f4ne de pin Pi\u00f1on est r\u00e9put\u00e9e pour sa capacit\u00e9 \u00e0 d\u00e9velopper la cr\u00e9ativit\u00e9 et \u00e0 favoriser les r\u00eaves lucides, l&rsquo;ambre de la for\u00eat am\u00e9liore le temps en trois dimensions, ouvrant le chakra de la glande pin\u00e9ale \u00e0 ce qui se trouve au-del\u00e0 dans toutes les directions &#8211; pass\u00e9, pr\u00e9sent et for\u00eat. Notre distillateur sugg\u00e8re: ajoutez une goutte sur votre front et sous votre nez car la r\u00e9sine alt\u00e9r\u00e9e est \u00e9lectro-magn\u00e9tiquement active dans l&rsquo;huile essentielle.<\/p>\n<p>Pour la lucidit\u00e9, la clart\u00e9 et la connexion avec les moments pass\u00e9s et ceux \u00e0 venir, l&rsquo;essence Forest Amber est votre lien d\u00e9lectable avec l&rsquo;horizon toujours pr\u00e9sent et \u00e9ternellement en expansion du maintenant.<\/p>\n<p><strong>Taille: 5 ml et 15 ml<\/strong><\/p>\n<h3>Ingr\u00e9dients biologiques<\/h3>\n<p>100% d&rsquo;huile essentielle d&rsquo;ambre forestier (Pinus monophylla).<\/p>\n<p style=\"text-align: center;\"><em>\u00ab\u00a0Tout tend \u00e0 nous faire croire qu&rsquo;il existe un certain point de l&rsquo;esprit o\u00f9 la vie et la mort, le r\u00e9el et l&rsquo;imaginaire, le pass\u00e9 et la for\u00eat, le communicable et l&rsquo;incommunicable, le haut et le bas, cessent d&rsquo;\u00eatre per\u00e7us comme des contradictions.\u00a0\u00bb<\/em><br \/>\n~ Andr\u00e9 Breton<\/p>\n<p><img fetchpriority=\"high\" decoding=\"async\" class=\"size-medium wp-image-68103 aligncenter\" src=\"https:\/\/dutchhealthstore.com\/wp-content\/uploads\/2018\/02\/Living-Libations-Organic-Logo-800x89.png\" alt=\"Living Libations - Organic Logo\" width=\"800\" height=\"89\" srcset=\"https:\/\/dutchhealthstore.com\/wp-content\/uploads\/2018\/02\/Living-Libations-Organic-Logo-800x89.png 800w, https:\/\/dutchhealthstore.com\/wp-content\/uploads\/2018\/02\/Living-Libations-Organic-Logo-510x57.png 510w, https:\/\/dutchhealthstore.com\/wp-content\/uploads\/2018\/02\/Living-Libations-Organic-Logo-768x85.png 768w, https:\/\/dutchhealthstore.com\/wp-content\/uploads\/2018\/02\/Living-Libations-Organic-Logo.png 1400w\" sizes=\"(max-width: 800px) 100vw, 800px\" \/><\/p>\n","protected":false},"excerpt":{"rendered":"<p><strong>Forest Amber Essential Oil<\/strong> parfum\u00e9e cr\u00e9e un espace sacr\u00e9 dans lequel le pass\u00e9 et la for\u00eat culminent dans le pr\u00e9sent \u00e9ternel.<br \/>\nL&rsquo;ambre de la for\u00eat est une offre tout \u00e0 fait unique de notre distillateur. C&rsquo;est une co-distillation chor\u00e9graphi\u00e9e des riches r\u00e9sines du pin Pi\u00f1on avec les huiles essentielles naturel de l&rsquo;arbre.<br \/>\nEnsemble, ces deux \u00e9l\u00e9ments relient le corps et l&rsquo;\u00e2me au pass\u00e9 ancien par le biais de la r\u00e9sine mature, et aux mol\u00e9cules foresti\u00e8res odorantes et fugaces du pr\u00e9sent par une communication directe avec les sph\u00e8res c\u00e9r\u00e9brales et le chakra frontal.<\/p>\n","protected":false},"featured_media":109063,"comment_status":"open","ping_status":"closed","template":"","meta":[],"product_brand":[],"product_cat":[6734,1507,1211,1209,3757,6733],"product_tag":[21668,21525,4495,21811],"class_list":{"0":"post-118491","1":"product","2":"type-product","3":"status-publish","4":"has-post-thumbnail","6":"product_cat-essential-oils","7":"product_cat-plantes-huiles-essentielles-living-libations","8":"product_cat-living-libations-france","9":"product_cat-par-marques","10":"product_cat-plantes-huiles-essentielles","11":"product_cat-wellness-fr-2","12":"product_tag-arome","13":"product_tag-detente","14":"product_tag-essential-oil-fr","15":"product_tag-natural-fr","16":"pa_brand-livinglibations-fr","17":"pa_essential-oils-product-type-essential-oils-fr","18":"pa_size-5-ml-fr","19":"pa_size-15-ml-fr","21":"first","22":"instock","23":"taxable","24":"shipping-taxable","25":"purchasable","26":"product-type-variable"},"bundled_by":[],"bundle_stock_status":"instock","bundle_stock_quantity":null,"bundle_virtual":false,"bundle_layout":"","bundle_add_to_cart_form_location":"","bundle_editable_in_cart":false,"bundle_sold_individually_context":"","bundle_item_grouping":"","bundle_min_size":"","bundle_max_size":"","bundle_price":[],"bundled_items":[],"bundle_sell_ids":[],"atum_controlled":true,"out_stock_date":null,"out_stock_threshold":null,"inheritable":true,"stock_on_hold":0,"sold_today":0,"sales_last_days":0,"out_stock_days":0,"lost_sales":0,"update_date":"2026-04-05T01:46:30","atum_locations":[],"atum_stock_status":"instock","restock_status":false,"low_stock_amount":"","sales_update_date":"2026-04-05T01:46:30","calc_backorders":null,"group_of_quantity":0,"min_quantity":0,"max_quantity":"","exclude_order_quantity_value_rules":"no","exclude_category_quantity_rules":"no","combine_variations":"no","yoast_head":"<!-- This site is optimized with the Yoast SEO Premium plugin v26.5 (Yoast SEO v26.5) - https:\/\/yoast.com\/wordpress\/plugins\/seo\/ -->\n<title>Forest Amber Essential Oil | Living Libations<\/title>\n<meta name=\"description\" content=\"Forest Amber Essential Oil parfum\u00e9e cr\u00e9e un espace sacr\u00e9 dans lequel le pass\u00e9 et la for\u00eat culminent dans le pr\u00e9sent \u00e9ternel.\" \/>\n<meta name=\"robots\" content=\"index, follow, max-snippet:-1, max-image-preview:large, max-video-preview:-1\" \/>\n<link rel=\"canonical\" href=\"https:\/\/dutchhealthstore.com\/fr\/product\/forest-amber-essential-oil\/\" \/>\n<meta property=\"og:locale\" content=\"fr_FR\" \/>\n<meta property=\"og:type\" content=\"article\" \/>\n<meta property=\"og:title\" content=\"Forest Amber Essential Oil - Dutch Health Store\" \/>\n<meta property=\"og:description\" content=\"Forest Amber Essential Oil parfum\u00e9e cr\u00e9e un espace sacr\u00e9 dans lequel le pass\u00e9 et la for\u00eat culminent dans le pr\u00e9sent \u00e9ternel.\" \/>\n<meta property=\"og:url\" content=\"https:\/\/dutchhealthstore.com\/fr\/product\/forest-amber-essential-oil\/\" \/>\n<meta property=\"og:site_name\" content=\"Dutch Health Store\" \/>\n<meta property=\"article:publisher\" content=\"https:\/\/www.instagram.com\/dutchhealthstore\/\" \/>\n<meta property=\"article:modified_time\" content=\"2025-12-11T07:56:38+00:00\" \/>\n<meta property=\"og:image\" content=\"https:\/\/dutchhealthstore.com\/wp-content\/uploads\/2020\/06\/Living-libations-Forest-Amber-Essential-Oil-1.png\" \/>\n\t<meta property=\"og:image:width\" content=\"500\" \/>\n\t<meta property=\"og:image:height\" content=\"500\" \/>\n\t<meta property=\"og:image:type\" content=\"image\/jpeg\" \/>\n<meta name=\"twitter:card\" content=\"summary_large_image\" \/>\n<meta name=\"twitter:label1\" content=\"Disponibilit\u00e9\" \/>\n\t<meta name=\"twitter:data1\" content=\"En stock\" \/>\n<script type=\"application\/ld+json\" class=\"yoast-schema-graph\">{\"@context\":\"https:\/\/schema.org\",\"@graph\":[{\"@type\":\"WebPage\",\"@id\":\"https:\/\/dutchhealthstore.com\/fr\/product\/forest-amber-essential-oil\/\",\"url\":\"https:\/\/dutchhealthstore.com\/fr\/product\/forest-amber-essential-oil\/\",\"name\":\"Forest Amber Essential Oil | Living Libations\",\"isPartOf\":{\"@id\":\"https:\/\/dutchhealthstore.com\/fr\/#website\"},\"primaryImageOfPage\":{\"@id\":\"https:\/\/dutchhealthstore.com\/fr\/product\/forest-amber-essential-oil\/#primaryimage\"},\"image\":{\"@id\":\"https:\/\/dutchhealthstore.com\/fr\/product\/forest-amber-essential-oil\/#primaryimage\"},\"thumbnailUrl\":\"https:\/\/dutchhealthstore.com\/wp-content\/uploads\/2020\/06\/Living-libations-Forest-Amber-Essential-Oil-1.png\",\"datePublished\":\"2020-06-25T06:20:27+00:00\",\"dateModified\":\"2025-12-11T07:56:38+00:00\",\"description\":\"Forest Amber Essential Oil parfum\u00e9e cr\u00e9e un espace sacr\u00e9 dans lequel le pass\u00e9 et la for\u00eat culminent dans le pr\u00e9sent \u00e9ternel.\",\"breadcrumb\":{\"@id\":\"https:\/\/dutchhealthstore.com\/fr\/product\/forest-amber-essential-oil\/#breadcrumb\"},\"inLanguage\":\"fr-FR\",\"potentialAction\":[{\"@type\":\"ReadAction\",\"target\":[\"https:\/\/dutchhealthstore.com\/fr\/product\/forest-amber-essential-oil\/\"]}]},{\"@type\":\"ImageObject\",\"inLanguage\":\"fr-FR\",\"@id\":\"https:\/\/dutchhealthstore.com\/fr\/product\/forest-amber-essential-oil\/#primaryimage\",\"url\":\"https:\/\/dutchhealthstore.com\/wp-content\/uploads\/2020\/06\/Living-libations-Forest-Amber-Essential-Oil-1.png\",\"contentUrl\":\"https:\/\/dutchhealthstore.com\/wp-content\/uploads\/2020\/06\/Living-libations-Forest-Amber-Essential-Oil-1.png\",\"width\":500,\"height\":500,\"caption\":\"Living libations - Forest Amber Essential Oil\"},{\"@type\":\"BreadcrumbList\",\"@id\":\"https:\/\/dutchhealthstore.com\/fr\/product\/forest-amber-essential-oil\/#breadcrumb\",\"itemListElement\":[{\"@type\":\"ListItem\",\"position\":1,\"name\":\"Home\",\"item\":\"https:\/\/dutchhealthstore.com\/fr\/\"},{\"@type\":\"ListItem\",\"position\":2,\"name\":\"Shop\",\"item\":\"https:\/\/dutchhealthstore.com\/fr\/shop\/\"},{\"@type\":\"ListItem\",\"position\":3,\"name\":\"Forest Amber Essential Oil\"}]},{\"@type\":\"WebSite\",\"@id\":\"https:\/\/dutchhealthstore.com\/fr\/#website\",\"url\":\"https:\/\/dutchhealthstore.com\/fr\/\",\"name\":\"Dutch Health Store\",\"description\":\"Enhance Your Beauty with Organic &amp; Natural Skincare\",\"publisher\":{\"@id\":\"https:\/\/dutchhealthstore.com\/fr\/#organization\"},\"potentialAction\":[{\"@type\":\"SearchAction\",\"target\":{\"@type\":\"EntryPoint\",\"urlTemplate\":\"https:\/\/dutchhealthstore.com\/fr\/?s={search_term_string}\"},\"query-input\":{\"@type\":\"PropertyValueSpecification\",\"valueRequired\":true,\"valueName\":\"search_term_string\"}}],\"inLanguage\":\"fr-FR\"},{\"@type\":\"Organization\",\"@id\":\"https:\/\/dutchhealthstore.com\/fr\/#organization\",\"name\":\"Dutch Health Store\",\"url\":\"https:\/\/dutchhealthstore.com\/fr\/\",\"logo\":{\"@type\":\"ImageObject\",\"inLanguage\":\"fr-FR\",\"@id\":\"https:\/\/dutchhealthstore.com\/fr\/#\/schema\/logo\/image\/\",\"url\":\"https:\/\/dutchhealthstore.com\/wp-content\/uploads\/2020\/08\/logo-dutchhealthstore-jpg-e1599484957574.jpg\",\"contentUrl\":\"https:\/\/dutchhealthstore.com\/wp-content\/uploads\/2020\/08\/logo-dutchhealthstore-jpg-e1599484957574.jpg\",\"width\":400,\"height\":62,\"caption\":\"Dutch Health Store\"},\"image\":{\"@id\":\"https:\/\/dutchhealthstore.com\/fr\/#\/schema\/logo\/image\/\"},\"sameAs\":[\"https:\/\/www.instagram.com\/dutchhealthstore\/\",\"https:\/\/www.facebook.com\/dutchhealthstore\"]}]}<\/script>\n<meta property=\"product:brand\" content=\"Living Libations\" \/>\n<meta property=\"og:availability\" content=\"instock\" \/>\n<meta property=\"product:availability\" content=\"instock\" \/>\n<meta property=\"product:condition\" content=\"new\" \/>\n<!-- \/ Yoast SEO Premium plugin. -->","yoast_head_json":{"title":"Forest Amber Essential Oil | Living Libations","description":"Forest Amber Essential Oil parfum\u00e9e cr\u00e9e un espace sacr\u00e9 dans lequel le pass\u00e9 et la for\u00eat culminent dans le pr\u00e9sent \u00e9ternel.","robots":{"index":"index","follow":"follow","max-snippet":"max-snippet:-1","max-image-preview":"max-image-preview:large","max-video-preview":"max-video-preview:-1"},"canonical":"https:\/\/dutchhealthstore.com\/fr\/product\/forest-amber-essential-oil\/","og_locale":"fr_FR","og_type":"article","og_title":"Forest Amber Essential Oil - Dutch Health Store","og_description":"Forest Amber Essential Oil parfum\u00e9e cr\u00e9e un espace sacr\u00e9 dans lequel le pass\u00e9 et la for\u00eat culminent dans le pr\u00e9sent \u00e9ternel.","og_url":"https:\/\/dutchhealthstore.com\/fr\/product\/forest-amber-essential-oil\/","og_site_name":"Dutch Health Store","article_publisher":"https:\/\/www.instagram.com\/dutchhealthstore\/","article_modified_time":"2025-12-11T07:56:38+00:00","og_image":[{"width":500,"height":500,"url":"https:\/\/dutchhealthstore.com\/wp-content\/uploads\/2020\/06\/Living-libations-Forest-Amber-Essential-Oil-1.png","type":"image\/jpeg"}],"twitter_card":"summary_large_image","twitter_misc":{"Disponibilit\u00e9":"En stock"},"schema":{"@context":"https:\/\/schema.org","@graph":[{"@type":"WebPage","@id":"https:\/\/dutchhealthstore.com\/fr\/product\/forest-amber-essential-oil\/","url":"https:\/\/dutchhealthstore.com\/fr\/product\/forest-amber-essential-oil\/","name":"Forest Amber Essential Oil | Living Libations","isPartOf":{"@id":"https:\/\/dutchhealthstore.com\/fr\/#website"},"primaryImageOfPage":{"@id":"https:\/\/dutchhealthstore.com\/fr\/product\/forest-amber-essential-oil\/#primaryimage"},"image":{"@id":"https:\/\/dutchhealthstore.com\/fr\/product\/forest-amber-essential-oil\/#primaryimage"},"thumbnailUrl":"https:\/\/dutchhealthstore.com\/wp-content\/uploads\/2020\/06\/Living-libations-Forest-Amber-Essential-Oil-1.png","datePublished":"2020-06-25T06:20:27+00:00","dateModified":"2025-12-11T07:56:38+00:00","description":"Forest Amber Essential Oil parfum\u00e9e cr\u00e9e un espace sacr\u00e9 dans lequel le pass\u00e9 et la for\u00eat culminent dans le pr\u00e9sent \u00e9ternel.","breadcrumb":{"@id":"https:\/\/dutchhealthstore.com\/fr\/product\/forest-amber-essential-oil\/#breadcrumb"},"inLanguage":"fr-FR","potentialAction":[{"@type":"ReadAction","target":["https:\/\/dutchhealthstore.com\/fr\/product\/forest-amber-essential-oil\/"]}]},{"@type":"ImageObject","inLanguage":"fr-FR","@id":"https:\/\/dutchhealthstore.com\/fr\/product\/forest-amber-essential-oil\/#primaryimage","url":"https:\/\/dutchhealthstore.com\/wp-content\/uploads\/2020\/06\/Living-libations-Forest-Amber-Essential-Oil-1.png","contentUrl":"https:\/\/dutchhealthstore.com\/wp-content\/uploads\/2020\/06\/Living-libations-Forest-Amber-Essential-Oil-1.png","width":500,"height":500,"caption":"Living libations - Forest Amber Essential Oil"},{"@type":"BreadcrumbList","@id":"https:\/\/dutchhealthstore.com\/fr\/product\/forest-amber-essential-oil\/#breadcrumb","itemListElement":[{"@type":"ListItem","position":1,"name":"Home","item":"https:\/\/dutchhealthstore.com\/fr\/"},{"@type":"ListItem","position":2,"name":"Shop","item":"https:\/\/dutchhealthstore.com\/fr\/shop\/"},{"@type":"ListItem","position":3,"name":"Forest Amber Essential Oil"}]},{"@type":"WebSite","@id":"https:\/\/dutchhealthstore.com\/fr\/#website","url":"https:\/\/dutchhealthstore.com\/fr\/","name":"Dutch Health Store","description":"Enhance Your Beauty with Organic &amp; Natural Skincare","publisher":{"@id":"https:\/\/dutchhealthstore.com\/fr\/#organization"},"potentialAction":[{"@type":"SearchAction","target":{"@type":"EntryPoint","urlTemplate":"https:\/\/dutchhealthstore.com\/fr\/?s={search_term_string}"},"query-input":{"@type":"PropertyValueSpecification","valueRequired":true,"valueName":"search_term_string"}}],"inLanguage":"fr-FR"},{"@type":"Organization","@id":"https:\/\/dutchhealthstore.com\/fr\/#organization","name":"Dutch Health Store","url":"https:\/\/dutchhealthstore.com\/fr\/","logo":{"@type":"ImageObject","inLanguage":"fr-FR","@id":"https:\/\/dutchhealthstore.com\/fr\/#\/schema\/logo\/image\/","url":"https:\/\/dutchhealthstore.com\/wp-content\/uploads\/2020\/08\/logo-dutchhealthstore-jpg-e1599484957574.jpg","contentUrl":"https:\/\/dutchhealthstore.com\/wp-content\/uploads\/2020\/08\/logo-dutchhealthstore-jpg-e1599484957574.jpg","width":400,"height":62,"caption":"Dutch Health Store"},"image":{"@id":"https:\/\/dutchhealthstore.com\/fr\/#\/schema\/logo\/image\/"},"sameAs":["https:\/\/www.instagram.com\/dutchhealthstore\/","https:\/\/www.facebook.com\/dutchhealthstore"]}]},"product_brand":"Living Libations","og_availability":"instock","product_availability":"instock","product_condition":"new"},"_links":{"self":[{"href":"https:\/\/dutchhealthstore.com\/fr\/wp-json\/wp\/v2\/product\/118491","targetHints":{"allow":["GET"]}}],"collection":[{"href":"https:\/\/dutchhealthstore.com\/fr\/wp-json\/wp\/v2\/product"}],"about":[{"href":"https:\/\/dutchhealthstore.com\/fr\/wp-json\/wp\/v2\/types\/product"}],"replies":[{"embeddable":true,"href":"https:\/\/dutchhealthstore.com\/fr\/wp-json\/wp\/v2\/comments?post=118491"}],"wp:featuredmedia":[{"embeddable":true,"href":"https:\/\/dutchhealthstore.com\/fr\/wp-json\/wp\/v2\/media\/109063"}],"wp:attachment":[{"href":"https:\/\/dutchhealthstore.com\/fr\/wp-json\/wp\/v2\/media?parent=118491"}],"wp:term":[{"taxonomy":"product_brand","embeddable":true,"href":"https:\/\/dutchhealthstore.com\/fr\/wp-json\/wp\/v2\/product_brand?post=118491"},{"taxonomy":"product_cat","embeddable":true,"href":"https:\/\/dutchhealthstore.com\/fr\/wp-json\/wp\/v2\/product_cat?post=118491"},{"taxonomy":"product_tag","embeddable":true,"href":"https:\/\/dutchhealthstore.com\/fr\/wp-json\/wp\/v2\/product_tag?post=118491"}],"curies":[{"name":"wp","href":"https:\/\/api.w.org\/{rel}","templated":true}]}}