{"id":118366,"date":"2020-06-04T06:44:02","date_gmt":"2020-06-04T06:44:02","guid":{"rendered":"https:\/\/dutchhealthstore.com\/product\/fir-siberian-essential-oil\/"},"modified":"2025-10-28T10:47:06","modified_gmt":"2025-10-28T09:47:06","slug":"fir-siberian-essential-oil","status":"publish","type":"product","link":"https:\/\/dutchhealthstore.com\/fr\/product\/fir-siberian-essential-oil\/","title":{"rendered":"Fir, Siberian Essential Oil"},"content":{"rendered":"<p><img decoding=\"async\" class=\"size-full wp-image-69549 alignright\" src=\"https:\/\/dutchhealthstore.com\/wp-content\/uploads\/2019\/08\/NEW-Living-Libations-Logo.jpg\" alt=\"NEW - Living Libations - Logo\" width=\"175\" height=\"82\"><strong>Nom botanique:<\/strong> Abies sibirica<br \/>\n<strong>Famille botanique:<\/strong> Pinaceae<br \/>\n<strong>M\u00e9thode d&rsquo;extraction:<\/strong> Distillation \u00e0 la vapeur<br \/>\n<strong>Partie de la plante distill\u00e9e:<\/strong> Aiguilles<br \/>\n<strong>Pays d&rsquo;origine:<\/strong> Russie<br \/>\n<strong>M\u00e9thode de culture:<\/strong> Sauvage<\/p>\n<h3>Description de l&rsquo;odeur<\/h3>\n<p>De fines et fra\u00eeches notes d&rsquo;arbres de No\u00ebl fr\u00e9missant sous la neige fra\u00eechement tomb\u00e9e.<\/p>\n<h3>Se m\u00e9lange avec<\/h3>\n<p>Sapin argent\u00e9, bergamote, pamplemousse, pin, encens, hysope, romarin, palo santo, v\u00e9tiver, nard, marjolaine, origan, lavande, g\u00e9ranium, thym, ciste, \u00e9pinette, cypr\u00e8s, arbre \u00e0 th\u00e9, niaouli et myrte.<\/p>\n<h3>Utilisations<\/h3>\n<p>Parfait pour le pipeau \u00e0 sel ou le stylo \u00e0 fumer, g\u00e9nial dans les diffuseurs d&rsquo;ar\u00f4mes et une goutte de Boreal-bliss dans les bains. Associez-le \u00e0 d&rsquo;autres conif\u00e8res pour obtenir un travail d&rsquo;\u00e9quipe super efficace pour soigner les poumons et essuyer les sinus. M\u00e9langez avec la marjolaine et la menthe pour un massage qui fait fondre les muscles. Appr\u00e9ciez-le avec la bergamote et le v\u00e9tiver dans les eaux de Cologne et m\u00e9ditez sur les mantras mol\u00e9culaires de ce sapin sylvestre de la ta\u00efga qui touchera les vrilles de votre chi et \u00e9l\u00e8vera amoureusement votre esprit vers le haut et vers l&rsquo;avenir.<\/p>\n<a href=\"https:\/\/dutchhealthstore.com\/wp-content\/uploads\/2020\/06\/ANALYSIS-Fir-Siberian-Essential-Oil-Living-Libations-3.pdf\" class=\"button primary is-primary is-small\"  >\n\t\t<span>ANALYSE DES HUILES ESSENTIELLES &gt;<\/span>\n\t<\/a>\n\n<p style=\"font-weight: 400;\">Siberian Fir is est connu pour sa gr\u00e2ce spirituelle. Il est \u00e9galement magnifique pour masser les muscles et faire fondre les tensions.<\/p>\n<p style=\"font-weight: 400;\">Sur le plan \u00e9motionnel et spirituel,Siberian Fir aide \u00e0 naviguer dans les grands changements de la vie, y compris les changements spirituels et l&rsquo;\u00e9volution. On dit qu&rsquo;elle stabilise l&rsquo;esprit et le c\u0153ur pendant les p\u00e9riodes de bouleversement \u00e9motionnel &#8211; la fin d&rsquo;une relation, le d\u00e9but d&rsquo;un nouveau travail ou un profond changement de conscience. Lorsque le monde vous semble d\u00e9s\u00e9quilibr\u00e9, Siberian Fir rafra\u00eechit les sentiments fortifi\u00e9s d&rsquo;\u00e9quilibre et renforce l&rsquo;esprit \u00e0 nouveau.<\/p>\n<p><strong>Taille: 5 ml, 15 ml, 30 ml et 100 ml<\/strong><\/p>\n<h3>Ingr\u00e9dients biologiques<\/h3>\n<p>100% huile essentielle de sapin de Sib\u00e9rie (Abies sibirica).<\/p>\n<p style=\"text-align: center;\"><em>\u00ab\u00a0M\u00eame en Sib\u00e9rie, il y a du bonheur.\u00a0\u00bb<\/em><br \/>\n~ Anton Tchekhov<\/p>\n<p style=\"text-align: center;\"><em>\u00ab\u00a0Dans le cercle traditionnel de la sant\u00e9 et de la forme physique, l&rsquo;huile de sapin de Sib\u00e9rie a toujours \u00e9t\u00e9 consid\u00e9r\u00e9e comme un rem\u00e8de respiratoire de type polycrest et un tonique \u00e9nerg\u00e9tique revitalisant r\u00e9unis en un seul produit. Comme les conditions qui favorisent la croissance de l&rsquo;arbre le sugg\u00e8rent, l&rsquo;huile incarne la vitalit\u00e9 n\u00e9cessaire pour r\u00e9sister aux conditions difficiles&#8230; Plus pr\u00e9cis\u00e9ment, elle exerce une triple action sur les poumons et les bronches : r\u00e9paratrice, d\u00e9congestionnante et relaxante&#8230; La qualit\u00e9 intemporelle d&rsquo;endurance que ce conif\u00e8re incarne peut \u00e9galement agir comme un alli\u00e9 dans les \u00e9tats de deuil, de burnout et de d\u00e9pression nerveuse. Avec le temps, le sapin de Sib\u00e9rie \u00e9veillera doucement mais fermement, avec insistance, un soup\u00e7on d&rsquo;inspiration, une nouvelle vision, qui peut amener l&rsquo;individu \u00e0 faire l&rsquo;exp\u00e9rience d&rsquo;une confiance, d&rsquo;une positivit\u00e9 et d&rsquo;une motivation nouvelles. Matsubara, et. al (2011) citent des \u00e9tudes qui indiquent que l&rsquo;huile essentielle de sapin de Sib\u00e9rie a une activit\u00e9 antibact\u00e9rienne et antivirale, et ils commentent que l&rsquo;arbre fait partie de la m\u00e9decine traditionnelle sib\u00e9rienne, aidant \u00e0 maintenir la sant\u00e9 pendant les hivers rigoureux. Leur \u00e9tude de 2011 a r\u00e9v\u00e9l\u00e9 que l&rsquo;inhalation d&rsquo;air contenant l&rsquo;huile essentielle r\u00e9duisait les niveaux d&rsquo;\u00e9veil apr\u00e8s une t\u00e2che prolong\u00e9e sur un terminal \u00e0 \u00e9cran de visualisation (TEV). Le travail prolong\u00e9 sur VDT peut entra\u00eener une fatigue mentale, des troubles du sommeil et de l&rsquo;anxi\u00e9t\u00e9, il a donc \u00e9t\u00e9 sugg\u00e9r\u00e9 que l&rsquo;huile essentielle de sapin de Sib\u00e9rie avait le potentiel de pr\u00e9venir ces probl\u00e8mes sans influencer la performance de la t\u00e2che.\u00a0\u00bb<\/em><br \/>\n~ Jennifer Peace Rhind and David Pirie, <strong>Essential Oils: A Handbook for Aromatherapy Practice<\/strong><\/p>\n<p>Avantages traditionnels \u00e9motionnels\/mentaux\/physiques: Siberian Fir Essential Oil est traditionnellement utilis\u00e9e pour rafra\u00eechir la respiration, am\u00e9liorer la concentration et guider l&rsquo;esprit pendant les saisons hivernales et les p\u00e9riodes de changement majeur et de bouleversement \u00e9motionnel.<\/p>\n<p><img fetchpriority=\"high\" decoding=\"async\" class=\"size-medium wp-image-68103 aligncenter\" src=\"https:\/\/dutchhealthstore.com\/wp-content\/uploads\/2018\/02\/Living-Libations-Organic-Logo-800x89.png\" alt=\"Living Libations - Organic Logo\" width=\"800\" height=\"89\" srcset=\"https:\/\/dutchhealthstore.com\/wp-content\/uploads\/2018\/02\/Living-Libations-Organic-Logo-800x89.png 800w, https:\/\/dutchhealthstore.com\/wp-content\/uploads\/2018\/02\/Living-Libations-Organic-Logo-510x57.png 510w, https:\/\/dutchhealthstore.com\/wp-content\/uploads\/2018\/02\/Living-Libations-Organic-Logo-768x85.png 768w, https:\/\/dutchhealthstore.com\/wp-content\/uploads\/2018\/02\/Living-Libations-Organic-Logo.png 1400w\" sizes=\"(max-width: 800px) 100vw, 800px\" \/><\/p>\n","protected":false},"excerpt":{"rendered":"<p>L&rsquo;huile essentielle Living Libations <strong>Siberian Fir<\/strong> est tir\u00e9e des sapins frais qui pars\u00e8ment l&rsquo;immensit\u00e9 \u00e9tincelante et enneig\u00e9e du biome de la for\u00eat bor\u00e9ale de Sib\u00e9rie.<br \/>\nL&rsquo;huile essentielle est distill\u00e9e pendant les courts \u00e9t\u00e9s de la ta\u00efga. Ce conif\u00e8re classique a \u00e9t\u00e9 utilis\u00e9 pour la premi\u00e8re fois dans les spas europ\u00e9ens et russes pour raviver les muscles et revigorer l&rsquo;esprit au cours des ann\u00e9es 1800. Le bois de l&rsquo;arbre \u00e9tait assez solide pour construire des bateaux et des maisons, tandis que l&rsquo;huile \u00e9tait utilis\u00e9e pour impr\u00e9gner le temps de No\u00ebl de l&rsquo;esprit frais et parfum\u00e9 de la for\u00eat.<\/p>\n","protected":false},"featured_media":104327,"comment_status":"open","ping_status":"closed","template":"","meta":[],"product_brand":[],"product_cat":[6734,1507,1211,1209,3757,6733],"product_tag":[4495],"class_list":{"0":"post-118366","1":"product","2":"type-product","3":"status-publish","4":"has-post-thumbnail","6":"product_cat-essential-oils","7":"product_cat-plantes-huiles-essentielles-living-libations","8":"product_cat-living-libations-france","9":"product_cat-par-marques","10":"product_cat-plantes-huiles-essentielles","11":"product_cat-wellness-fr-2","12":"product_tag-essential-oil-fr","13":"pa_brand-livinglibations-fr","14":"pa_essential-oils-product-type-essential-oils-fr","15":"pa_size-100-ml-fr","16":"pa_size-15-ml-fr","17":"pa_size-30-ml-fr","18":"pa_size-5-ml-fr","20":"first","21":"instock","22":"taxable","23":"shipping-taxable","24":"purchasable","25":"product-type-variable"},"bundled_by":[],"bundle_stock_status":"instock","bundle_stock_quantity":null,"bundle_virtual":false,"bundle_layout":"","bundle_add_to_cart_form_location":"","bundle_editable_in_cart":false,"bundle_sold_individually_context":"","bundle_item_grouping":"","bundle_min_size":"","bundle_max_size":"","bundle_price":[],"bundled_items":[],"bundle_sell_ids":[],"atum_controlled":true,"out_stock_date":null,"out_stock_threshold":null,"inheritable":true,"stock_on_hold":0,"sold_today":0,"sales_last_days":0,"out_stock_days":0,"lost_sales":0,"update_date":"2026-04-17T00:06:00","atum_locations":[],"atum_stock_status":"instock","restock_status":false,"low_stock_amount":"","sales_update_date":"2026-04-17T00:06:00","calc_backorders":null,"group_of_quantity":0,"min_quantity":0,"max_quantity":"","exclude_order_quantity_value_rules":"no","exclude_category_quantity_rules":"no","combine_variations":"no","yoast_head":"<!-- This site is optimized with the Yoast SEO Premium plugin v26.5 (Yoast SEO v26.5) - https:\/\/yoast.com\/wordpress\/plugins\/seo\/ -->\n<title>Fir, Siberian Essential Oil | Living Libations<\/title>\n<meta name=\"description\" content=\"Les constituants du camph\u00e8ne et de l&#039;ester ac\u00e9tate de bornyle sont un sapin populaire pour revitaliser tout ce qui respire.\" \/>\n<meta name=\"robots\" content=\"index, follow, max-snippet:-1, max-image-preview:large, max-video-preview:-1\" \/>\n<link rel=\"canonical\" href=\"https:\/\/dutchhealthstore.com\/fr\/product\/fir-siberian-essential-oil\/\" \/>\n<meta property=\"og:locale\" content=\"fr_FR\" \/>\n<meta property=\"og:type\" content=\"article\" \/>\n<meta property=\"og:title\" content=\"Fir, Siberian Essential Oil - Dutch Health Store\" \/>\n<meta property=\"og:description\" content=\"Les constituants du camph\u00e8ne et de l&#039;ester ac\u00e9tate de bornyle sont un sapin populaire pour revitaliser tout ce qui respire.\" \/>\n<meta property=\"og:url\" content=\"https:\/\/dutchhealthstore.com\/fr\/product\/fir-siberian-essential-oil\/\" \/>\n<meta property=\"og:site_name\" content=\"Dutch Health Store\" \/>\n<meta property=\"article:publisher\" content=\"https:\/\/www.instagram.com\/dutchhealthstore\/\" \/>\n<meta property=\"article:modified_time\" content=\"2025-10-28T09:47:06+00:00\" \/>\n<meta property=\"og:image\" content=\"https:\/\/dutchhealthstore.com\/wp-content\/uploads\/2020\/06\/Living-Libations-Fir-Siberian-Essential-Oil.jpg\" \/>\n\t<meta property=\"og:image:width\" content=\"700\" \/>\n\t<meta property=\"og:image:height\" content=\"700\" \/>\n\t<meta property=\"og:image:type\" content=\"image\/jpeg\" \/>\n<meta name=\"twitter:card\" content=\"summary_large_image\" \/>\n<meta name=\"twitter:label1\" content=\"Disponibilit\u00e9\" \/>\n\t<meta name=\"twitter:data1\" content=\"En stock\" \/>\n<script type=\"application\/ld+json\" class=\"yoast-schema-graph\">{\"@context\":\"https:\/\/schema.org\",\"@graph\":[{\"@type\":\"WebPage\",\"@id\":\"https:\/\/dutchhealthstore.com\/fr\/product\/fir-siberian-essential-oil\/\",\"url\":\"https:\/\/dutchhealthstore.com\/fr\/product\/fir-siberian-essential-oil\/\",\"name\":\"Fir, Siberian Essential Oil | Living Libations\",\"isPartOf\":{\"@id\":\"https:\/\/dutchhealthstore.com\/fr\/#website\"},\"primaryImageOfPage\":{\"@id\":\"https:\/\/dutchhealthstore.com\/fr\/product\/fir-siberian-essential-oil\/#primaryimage\"},\"image\":{\"@id\":\"https:\/\/dutchhealthstore.com\/fr\/product\/fir-siberian-essential-oil\/#primaryimage\"},\"thumbnailUrl\":\"https:\/\/dutchhealthstore.com\/wp-content\/uploads\/2020\/06\/Living-Libations-Fir-Siberian-Essential-Oil.jpg\",\"datePublished\":\"2020-06-04T06:44:02+00:00\",\"dateModified\":\"2025-10-28T09:47:06+00:00\",\"description\":\"Les constituants du camph\u00e8ne et de l'ester ac\u00e9tate de bornyle sont un sapin populaire pour revitaliser tout ce qui respire.\",\"breadcrumb\":{\"@id\":\"https:\/\/dutchhealthstore.com\/fr\/product\/fir-siberian-essential-oil\/#breadcrumb\"},\"inLanguage\":\"fr-FR\",\"potentialAction\":[{\"@type\":\"ReadAction\",\"target\":[\"https:\/\/dutchhealthstore.com\/fr\/product\/fir-siberian-essential-oil\/\"]}]},{\"@type\":\"ImageObject\",\"inLanguage\":\"fr-FR\",\"@id\":\"https:\/\/dutchhealthstore.com\/fr\/product\/fir-siberian-essential-oil\/#primaryimage\",\"url\":\"https:\/\/dutchhealthstore.com\/wp-content\/uploads\/2020\/06\/Living-Libations-Fir-Siberian-Essential-Oil.jpg\",\"contentUrl\":\"https:\/\/dutchhealthstore.com\/wp-content\/uploads\/2020\/06\/Living-Libations-Fir-Siberian-Essential-Oil.jpg\",\"width\":700,\"height\":700},{\"@type\":\"BreadcrumbList\",\"@id\":\"https:\/\/dutchhealthstore.com\/fr\/product\/fir-siberian-essential-oil\/#breadcrumb\",\"itemListElement\":[{\"@type\":\"ListItem\",\"position\":1,\"name\":\"Home\",\"item\":\"https:\/\/dutchhealthstore.com\/fr\/\"},{\"@type\":\"ListItem\",\"position\":2,\"name\":\"Shop\",\"item\":\"https:\/\/dutchhealthstore.com\/fr\/shop\/\"},{\"@type\":\"ListItem\",\"position\":3,\"name\":\"Fir, Siberian Essential Oil\"}]},{\"@type\":\"WebSite\",\"@id\":\"https:\/\/dutchhealthstore.com\/fr\/#website\",\"url\":\"https:\/\/dutchhealthstore.com\/fr\/\",\"name\":\"Dutch Health Store\",\"description\":\"Enhance Your Beauty with Organic &amp; Natural Skincare\",\"publisher\":{\"@id\":\"https:\/\/dutchhealthstore.com\/fr\/#organization\"},\"potentialAction\":[{\"@type\":\"SearchAction\",\"target\":{\"@type\":\"EntryPoint\",\"urlTemplate\":\"https:\/\/dutchhealthstore.com\/fr\/?s={search_term_string}\"},\"query-input\":{\"@type\":\"PropertyValueSpecification\",\"valueRequired\":true,\"valueName\":\"search_term_string\"}}],\"inLanguage\":\"fr-FR\"},{\"@type\":\"Organization\",\"@id\":\"https:\/\/dutchhealthstore.com\/fr\/#organization\",\"name\":\"Dutch Health Store\",\"url\":\"https:\/\/dutchhealthstore.com\/fr\/\",\"logo\":{\"@type\":\"ImageObject\",\"inLanguage\":\"fr-FR\",\"@id\":\"https:\/\/dutchhealthstore.com\/fr\/#\/schema\/logo\/image\/\",\"url\":\"https:\/\/dutchhealthstore.com\/wp-content\/uploads\/2020\/08\/logo-dutchhealthstore-jpg-e1599484957574.jpg\",\"contentUrl\":\"https:\/\/dutchhealthstore.com\/wp-content\/uploads\/2020\/08\/logo-dutchhealthstore-jpg-e1599484957574.jpg\",\"width\":400,\"height\":62,\"caption\":\"Dutch Health Store\"},\"image\":{\"@id\":\"https:\/\/dutchhealthstore.com\/fr\/#\/schema\/logo\/image\/\"},\"sameAs\":[\"https:\/\/www.instagram.com\/dutchhealthstore\/\",\"https:\/\/www.facebook.com\/dutchhealthstore\"]}]}<\/script>\n<meta property=\"product:brand\" content=\"Living Libations\" \/>\n<meta property=\"og:availability\" content=\"instock\" \/>\n<meta property=\"product:availability\" content=\"instock\" \/>\n<meta property=\"product:condition\" content=\"new\" \/>\n<!-- \/ Yoast SEO Premium plugin. -->","yoast_head_json":{"title":"Fir, Siberian Essential Oil | Living Libations","description":"Les constituants du camph\u00e8ne et de l'ester ac\u00e9tate de bornyle sont un sapin populaire pour revitaliser tout ce qui respire.","robots":{"index":"index","follow":"follow","max-snippet":"max-snippet:-1","max-image-preview":"max-image-preview:large","max-video-preview":"max-video-preview:-1"},"canonical":"https:\/\/dutchhealthstore.com\/fr\/product\/fir-siberian-essential-oil\/","og_locale":"fr_FR","og_type":"article","og_title":"Fir, Siberian Essential Oil - Dutch Health Store","og_description":"Les constituants du camph\u00e8ne et de l'ester ac\u00e9tate de bornyle sont un sapin populaire pour revitaliser tout ce qui respire.","og_url":"https:\/\/dutchhealthstore.com\/fr\/product\/fir-siberian-essential-oil\/","og_site_name":"Dutch Health Store","article_publisher":"https:\/\/www.instagram.com\/dutchhealthstore\/","article_modified_time":"2025-10-28T09:47:06+00:00","og_image":[{"width":700,"height":700,"url":"https:\/\/dutchhealthstore.com\/wp-content\/uploads\/2020\/06\/Living-Libations-Fir-Siberian-Essential-Oil.jpg","type":"image\/jpeg"}],"twitter_card":"summary_large_image","twitter_misc":{"Disponibilit\u00e9":"En stock"},"schema":{"@context":"https:\/\/schema.org","@graph":[{"@type":"WebPage","@id":"https:\/\/dutchhealthstore.com\/fr\/product\/fir-siberian-essential-oil\/","url":"https:\/\/dutchhealthstore.com\/fr\/product\/fir-siberian-essential-oil\/","name":"Fir, Siberian Essential Oil | Living Libations","isPartOf":{"@id":"https:\/\/dutchhealthstore.com\/fr\/#website"},"primaryImageOfPage":{"@id":"https:\/\/dutchhealthstore.com\/fr\/product\/fir-siberian-essential-oil\/#primaryimage"},"image":{"@id":"https:\/\/dutchhealthstore.com\/fr\/product\/fir-siberian-essential-oil\/#primaryimage"},"thumbnailUrl":"https:\/\/dutchhealthstore.com\/wp-content\/uploads\/2020\/06\/Living-Libations-Fir-Siberian-Essential-Oil.jpg","datePublished":"2020-06-04T06:44:02+00:00","dateModified":"2025-10-28T09:47:06+00:00","description":"Les constituants du camph\u00e8ne et de l'ester ac\u00e9tate de bornyle sont un sapin populaire pour revitaliser tout ce qui respire.","breadcrumb":{"@id":"https:\/\/dutchhealthstore.com\/fr\/product\/fir-siberian-essential-oil\/#breadcrumb"},"inLanguage":"fr-FR","potentialAction":[{"@type":"ReadAction","target":["https:\/\/dutchhealthstore.com\/fr\/product\/fir-siberian-essential-oil\/"]}]},{"@type":"ImageObject","inLanguage":"fr-FR","@id":"https:\/\/dutchhealthstore.com\/fr\/product\/fir-siberian-essential-oil\/#primaryimage","url":"https:\/\/dutchhealthstore.com\/wp-content\/uploads\/2020\/06\/Living-Libations-Fir-Siberian-Essential-Oil.jpg","contentUrl":"https:\/\/dutchhealthstore.com\/wp-content\/uploads\/2020\/06\/Living-Libations-Fir-Siberian-Essential-Oil.jpg","width":700,"height":700},{"@type":"BreadcrumbList","@id":"https:\/\/dutchhealthstore.com\/fr\/product\/fir-siberian-essential-oil\/#breadcrumb","itemListElement":[{"@type":"ListItem","position":1,"name":"Home","item":"https:\/\/dutchhealthstore.com\/fr\/"},{"@type":"ListItem","position":2,"name":"Shop","item":"https:\/\/dutchhealthstore.com\/fr\/shop\/"},{"@type":"ListItem","position":3,"name":"Fir, Siberian Essential Oil"}]},{"@type":"WebSite","@id":"https:\/\/dutchhealthstore.com\/fr\/#website","url":"https:\/\/dutchhealthstore.com\/fr\/","name":"Dutch Health Store","description":"Enhance Your Beauty with Organic &amp; Natural Skincare","publisher":{"@id":"https:\/\/dutchhealthstore.com\/fr\/#organization"},"potentialAction":[{"@type":"SearchAction","target":{"@type":"EntryPoint","urlTemplate":"https:\/\/dutchhealthstore.com\/fr\/?s={search_term_string}"},"query-input":{"@type":"PropertyValueSpecification","valueRequired":true,"valueName":"search_term_string"}}],"inLanguage":"fr-FR"},{"@type":"Organization","@id":"https:\/\/dutchhealthstore.com\/fr\/#organization","name":"Dutch Health Store","url":"https:\/\/dutchhealthstore.com\/fr\/","logo":{"@type":"ImageObject","inLanguage":"fr-FR","@id":"https:\/\/dutchhealthstore.com\/fr\/#\/schema\/logo\/image\/","url":"https:\/\/dutchhealthstore.com\/wp-content\/uploads\/2020\/08\/logo-dutchhealthstore-jpg-e1599484957574.jpg","contentUrl":"https:\/\/dutchhealthstore.com\/wp-content\/uploads\/2020\/08\/logo-dutchhealthstore-jpg-e1599484957574.jpg","width":400,"height":62,"caption":"Dutch Health Store"},"image":{"@id":"https:\/\/dutchhealthstore.com\/fr\/#\/schema\/logo\/image\/"},"sameAs":["https:\/\/www.instagram.com\/dutchhealthstore\/","https:\/\/www.facebook.com\/dutchhealthstore"]}]},"product_brand":"Living Libations","og_availability":"instock","product_availability":"instock","product_condition":"new"},"_links":{"self":[{"href":"https:\/\/dutchhealthstore.com\/fr\/wp-json\/wp\/v2\/product\/118366","targetHints":{"allow":["GET"]}}],"collection":[{"href":"https:\/\/dutchhealthstore.com\/fr\/wp-json\/wp\/v2\/product"}],"about":[{"href":"https:\/\/dutchhealthstore.com\/fr\/wp-json\/wp\/v2\/types\/product"}],"replies":[{"embeddable":true,"href":"https:\/\/dutchhealthstore.com\/fr\/wp-json\/wp\/v2\/comments?post=118366"}],"wp:featuredmedia":[{"embeddable":true,"href":"https:\/\/dutchhealthstore.com\/fr\/wp-json\/wp\/v2\/media\/104327"}],"wp:attachment":[{"href":"https:\/\/dutchhealthstore.com\/fr\/wp-json\/wp\/v2\/media?parent=118366"}],"wp:term":[{"taxonomy":"product_brand","embeddable":true,"href":"https:\/\/dutchhealthstore.com\/fr\/wp-json\/wp\/v2\/product_brand?post=118366"},{"taxonomy":"product_cat","embeddable":true,"href":"https:\/\/dutchhealthstore.com\/fr\/wp-json\/wp\/v2\/product_cat?post=118366"},{"taxonomy":"product_tag","embeddable":true,"href":"https:\/\/dutchhealthstore.com\/fr\/wp-json\/wp\/v2\/product_tag?post=118366"}],"curies":[{"name":"wp","href":"https:\/\/api.w.org\/{rel}","templated":true}]}}