{"id":118349,"date":"2020-06-15T09:06:02","date_gmt":"2020-06-15T07:06:02","guid":{"rendered":"https:\/\/dutchhealthstore.com\/product\/fir-grand-essential-oil\/"},"modified":"2024-10-21T10:26:37","modified_gmt":"2024-10-21T08:26:37","slug":"fir-grand-essential-oil","status":"publish","type":"product","link":"https:\/\/dutchhealthstore.com\/fr\/product\/fir-grand-essential-oil\/","title":{"rendered":"Fir, Grand Essential Oil"},"content":{"rendered":"<h3><img decoding=\"async\" class=\"size-full wp-image-69549 alignright\" src=\"https:\/\/dutchhealthstore.com\/wp-content\/uploads\/2019\/08\/NEW-Living-Libations-Logo.jpg\" alt=\"NEW - Living Libations - Logo\" width=\"175\" height=\"82\"><\/h3>\n<p><strong>Nom botanique :<\/strong> Abies grandis<br \/>\n<strong>Nom botanique :<\/strong> Pinaceae<br \/>\n<strong>M\u00e9thode d&rsquo;extraction :<\/strong> Distillation \u00e0 la vapeur<br \/>\n<strong>Partie de la plante distill\u00e9e :<\/strong> Aiguilles<br \/>\n<strong>Pays d&rsquo;origine :<\/strong> France<br \/>\n<strong>M\u00e9thode de culture :<\/strong> Sauvage<br \/>\n<strong>Composition :<\/strong> 100% Abies grandis<br \/>\n<strong>Consistance :<\/strong> Viscosit\u00e9 fine<\/p>\n<h3>Description de l&rsquo;odeur<\/h3>\n<p>No\u00ebl, pin conif\u00e8re avec des v\u00eapres d&rsquo;agrumes.<\/p>\n<h3>Se marie bien avec<\/h3>\n<p>Sauge, pin, lavande, marjolaine, girofle, bergamote, encens, patchouli, v\u00e9tiver, pamplemousse, hysope, ravensara, cannelle et eucalyptus.<\/p>\n<h3>Utilisations<\/h3>\n<p>Grand Fir Essential Oil est un composant essentiel des s\u00e9rums de beaut\u00e9, des soins de nettoyage \u00e0 domicile et des huiles de massage. D\u00e9sodorisant. A\u00e9rateur de salle de bain. Additif pour les parfums et les lotions. D\u00e9odorant. Grand dans les bains. Majestueux jusqu&rsquo;\u00e0 la poitrine dans les tuyaux de sel. Magnifique dans les baumes.<\/p>\n<a href=\"https:\/\/dutchhealthstore.com\/wp-content\/uploads\/2020\/06\/ANALYSIS-Fir-Grand-Essential-Oil-Living-Libations-3-1.pdf\" class=\"button primary is-primary is-small\"  >\n\t\t<span>ANALYSE DES HUILES ESSENTIELLES &gt;<\/span>\n\t<\/a>\n\n<p>Cette essence nostalgique d&rsquo;aiguilles de sapin porte bien son nom ; l&rsquo;huile puissante et fra\u00eeche est d&rsquo;une grande port\u00e9e et d&rsquo;un grand parfum, et \u00e9voque des images d&rsquo;un matin de No\u00ebl au chalet sous une couverture de neige fra\u00eechement tomb\u00e9e.<\/p>\n<p>Le Grand Sapin est utilis\u00e9 depuis des si\u00e8cles par les Am\u00e9rindiens qui faisaient infuser les aiguilles fra\u00eeches dans de l&rsquo;eau chaude pour pr\u00e9parer des th\u00e9s et des bains. Les premiers chamans utilisaient les aiguilles du Grand Sapin pour purifier la peau des individus avant les c\u00e9r\u00e9monies religieuses, et les branches de ce magnifique arbre \u00e9taient utilis\u00e9es pour les costumes de c\u00e9r\u00e9monie et les c\u00e9l\u00e9brations. De nombreuses tribus br\u00fblaient m\u00eame les aiguilles et inhalaient la fum\u00e9e pour purifier leur corps et leur esprit.<\/p>\n<p>Des aiguilles et des fruits de ces beaut\u00e9s sto\u00efques \u00e9mane le parfum naturel et nostalgique du pin d&rsquo;hiver et de la joie des f\u00eates. Il \u00e9l\u00e8ve l&rsquo;esprit \u00e0 un niveau de f\u00eate, \u00e0 tout moment de l&rsquo;ann\u00e9e.<\/p>\n<p><strong>Taille : 5 ml et 15 ml<\/strong><\/p>\n<h3>Ingr\u00e9dients biologiques<\/h3>\n<p>100% d&rsquo;huiles essentielles de grand sapin (Abies grandis).<\/p>\n<p style=\"text-align: center;\"><em>\u00ab\u00a0Le parfum de l&rsquo;\u00e9pinette noire conf\u00e8re un sentiment d&rsquo;endurance et de r\u00e9sistance, surtout s&rsquo;il est associ\u00e9 au sapin grand format.\u00a0\u00bb<\/em><br \/>\n~ Jennifer Peace Rhind, <strong>Essential Oils: A Handbook for Aromatherapy Practice<\/strong><\/p>\n<p>&nbsp;<\/p>\n<p>&nbsp;<\/p>\n<p><img fetchpriority=\"high\" decoding=\"async\" class=\"size-medium wp-image-68103 aligncenter\" src=\"https:\/\/dutchhealthstore.com\/wp-content\/uploads\/2018\/02\/Living-Libations-Organic-Logo-800x89.png\" alt=\"Living Libations - Organic Logo\" width=\"800\" height=\"89\" srcset=\"https:\/\/dutchhealthstore.com\/wp-content\/uploads\/2018\/02\/Living-Libations-Organic-Logo-800x89.png 800w, https:\/\/dutchhealthstore.com\/wp-content\/uploads\/2018\/02\/Living-Libations-Organic-Logo-510x57.png 510w, https:\/\/dutchhealthstore.com\/wp-content\/uploads\/2018\/02\/Living-Libations-Organic-Logo-768x85.png 768w, https:\/\/dutchhealthstore.com\/wp-content\/uploads\/2018\/02\/Living-Libations-Organic-Logo.png 1400w\" sizes=\"(max-width: 800px) 100vw, 800px\" \/><\/p>\n","protected":false},"excerpt":{"rendered":"<p><strong>Grand Fir Essential Oil<\/strong> de gargantuesque de Gargantua est distill\u00e9e \u00e0 la vapeur et produite de mani\u00e8re sauvage \u00e0 partir des plus grands arbres de France. Les aiguilles de ce sapin majestueux et imposant contiennent de magnifiques pouvoirs v\u00e9g\u00e9taux qui \u00e9taient c\u00e9l\u00e9br\u00e9s par les Grecs et les Romains.<br \/>\nInhalez la nostalgie parfum\u00e9e de cet ami festif de la for\u00eat et respirez tranquillement avec cette huile essentielle vraiment grandiose.<\/p>\n","protected":false},"featured_media":106949,"comment_status":"open","ping_status":"closed","template":"","meta":[],"product_brand":[],"product_cat":[1507,6734,1211,1209,3757,6733],"product_tag":[4495],"class_list":{"0":"post-118349","1":"product","2":"type-product","3":"status-publish","4":"has-post-thumbnail","6":"product_cat-plantes-huiles-essentielles-living-libations","7":"product_cat-essential-oils","8":"product_cat-living-libations-france","9":"product_cat-par-marques","10":"product_cat-plantes-huiles-essentielles","11":"product_cat-wellness-fr-2","12":"product_tag-essential-oil-fr","13":"pa_brand-livinglibations-fr","14":"pa_essential-oils-product-type-essential-oils-fr","15":"pa_size-15-ml-fr","16":"pa_size-5-ml-fr","18":"first","19":"instock","20":"taxable","21":"shipping-taxable","22":"purchasable","23":"product-type-variable"},"bundled_by":[],"bundle_stock_status":"instock","bundle_stock_quantity":null,"bundle_virtual":false,"bundle_layout":"","bundle_add_to_cart_form_location":"","bundle_editable_in_cart":false,"bundle_sold_individually_context":"","bundle_item_grouping":"","bundle_min_size":"","bundle_max_size":"","bundle_price":[],"bundled_items":[],"bundle_sell_ids":[],"atum_controlled":true,"out_stock_date":null,"out_stock_threshold":null,"inheritable":true,"stock_on_hold":0,"sold_today":0,"sales_last_days":0,"out_stock_days":0,"lost_sales":0,"update_date":"2026-04-12T00:02:27","atum_locations":[],"atum_stock_status":"instock","restock_status":false,"low_stock_amount":"","sales_update_date":"2026-04-12T00:02:27","calc_backorders":null,"group_of_quantity":0,"min_quantity":0,"max_quantity":"","exclude_order_quantity_value_rules":"no","exclude_category_quantity_rules":"no","combine_variations":"no","yoast_head":"<!-- This site is optimized with the Yoast SEO Premium plugin v26.5 (Yoast SEO v26.5) - https:\/\/yoast.com\/wordpress\/plugins\/seo\/ -->\n<title>Fir, Grand Essential Oil | Living Libations<\/title>\n<meta name=\"description\" content=\"Grand Fir Essential Oil de gargantuesque est distill\u00e9e \u00e0 la vapeur et produite de mani\u00e8re sauvage \u00e0 partir des plus grands arbres de France.\" \/>\n<meta name=\"robots\" content=\"index, follow, max-snippet:-1, max-image-preview:large, max-video-preview:-1\" \/>\n<link rel=\"canonical\" href=\"https:\/\/dutchhealthstore.com\/fr\/product\/fir-grand-essential-oil\/\" \/>\n<meta property=\"og:locale\" content=\"fr_FR\" \/>\n<meta property=\"og:type\" content=\"article\" \/>\n<meta property=\"og:title\" content=\"Fir, Grand Essential Oil - Dutch Health Store\" \/>\n<meta property=\"og:description\" content=\"Grand Fir Essential Oil de gargantuesque est distill\u00e9e \u00e0 la vapeur et produite de mani\u00e8re sauvage \u00e0 partir des plus grands arbres de France.\" \/>\n<meta property=\"og:url\" content=\"https:\/\/dutchhealthstore.com\/fr\/product\/fir-grand-essential-oil\/\" \/>\n<meta property=\"og:site_name\" content=\"Dutch Health Store\" \/>\n<meta property=\"article:publisher\" content=\"https:\/\/www.instagram.com\/dutchhealthstore\/\" \/>\n<meta property=\"article:modified_time\" content=\"2024-10-21T08:26:37+00:00\" \/>\n<meta property=\"og:image\" content=\"https:\/\/dutchhealthstore.com\/wp-content\/uploads\/2020\/06\/Living-Libations-Fir-Grand-e1592211212448-1.jpg\" \/>\n\t<meta property=\"og:image:width\" content=\"500\" \/>\n\t<meta property=\"og:image:height\" content=\"500\" \/>\n\t<meta property=\"og:image:type\" content=\"image\/jpeg\" \/>\n<meta name=\"twitter:card\" content=\"summary_large_image\" \/>\n<meta name=\"twitter:label1\" content=\"Disponibilit\u00e9\" \/>\n\t<meta name=\"twitter:data1\" content=\"En stock\" \/>\n<script type=\"application\/ld+json\" class=\"yoast-schema-graph\">{\"@context\":\"https:\/\/schema.org\",\"@graph\":[{\"@type\":\"WebPage\",\"@id\":\"https:\/\/dutchhealthstore.com\/fr\/product\/fir-grand-essential-oil\/\",\"url\":\"https:\/\/dutchhealthstore.com\/fr\/product\/fir-grand-essential-oil\/\",\"name\":\"Fir, Grand Essential Oil | Living Libations\",\"isPartOf\":{\"@id\":\"https:\/\/dutchhealthstore.com\/fr\/#website\"},\"primaryImageOfPage\":{\"@id\":\"https:\/\/dutchhealthstore.com\/fr\/product\/fir-grand-essential-oil\/#primaryimage\"},\"image\":{\"@id\":\"https:\/\/dutchhealthstore.com\/fr\/product\/fir-grand-essential-oil\/#primaryimage\"},\"thumbnailUrl\":\"https:\/\/dutchhealthstore.com\/wp-content\/uploads\/2020\/06\/Living-Libations-Fir-Grand-e1592211212448-1.jpg\",\"datePublished\":\"2020-06-15T07:06:02+00:00\",\"dateModified\":\"2024-10-21T08:26:37+00:00\",\"description\":\"Grand Fir Essential Oil de gargantuesque est distill\u00e9e \u00e0 la vapeur et produite de mani\u00e8re sauvage \u00e0 partir des plus grands arbres de France.\",\"breadcrumb\":{\"@id\":\"https:\/\/dutchhealthstore.com\/fr\/product\/fir-grand-essential-oil\/#breadcrumb\"},\"inLanguage\":\"fr-FR\",\"potentialAction\":[{\"@type\":\"ReadAction\",\"target\":[\"https:\/\/dutchhealthstore.com\/fr\/product\/fir-grand-essential-oil\/\"]}]},{\"@type\":\"ImageObject\",\"inLanguage\":\"fr-FR\",\"@id\":\"https:\/\/dutchhealthstore.com\/fr\/product\/fir-grand-essential-oil\/#primaryimage\",\"url\":\"https:\/\/dutchhealthstore.com\/wp-content\/uploads\/2020\/06\/Living-Libations-Fir-Grand-e1592211212448-1.jpg\",\"contentUrl\":\"https:\/\/dutchhealthstore.com\/wp-content\/uploads\/2020\/06\/Living-Libations-Fir-Grand-e1592211212448-1.jpg\",\"width\":500,\"height\":500},{\"@type\":\"BreadcrumbList\",\"@id\":\"https:\/\/dutchhealthstore.com\/fr\/product\/fir-grand-essential-oil\/#breadcrumb\",\"itemListElement\":[{\"@type\":\"ListItem\",\"position\":1,\"name\":\"Home\",\"item\":\"https:\/\/dutchhealthstore.com\/fr\/\"},{\"@type\":\"ListItem\",\"position\":2,\"name\":\"Shop\",\"item\":\"https:\/\/dutchhealthstore.com\/fr\/shop\/\"},{\"@type\":\"ListItem\",\"position\":3,\"name\":\"Fir, Grand Essential Oil\"}]},{\"@type\":\"WebSite\",\"@id\":\"https:\/\/dutchhealthstore.com\/fr\/#website\",\"url\":\"https:\/\/dutchhealthstore.com\/fr\/\",\"name\":\"Dutch Health Store\",\"description\":\"Enhance Your Beauty with Organic &amp; Natural Skincare\",\"publisher\":{\"@id\":\"https:\/\/dutchhealthstore.com\/fr\/#organization\"},\"potentialAction\":[{\"@type\":\"SearchAction\",\"target\":{\"@type\":\"EntryPoint\",\"urlTemplate\":\"https:\/\/dutchhealthstore.com\/fr\/?s={search_term_string}\"},\"query-input\":{\"@type\":\"PropertyValueSpecification\",\"valueRequired\":true,\"valueName\":\"search_term_string\"}}],\"inLanguage\":\"fr-FR\"},{\"@type\":\"Organization\",\"@id\":\"https:\/\/dutchhealthstore.com\/fr\/#organization\",\"name\":\"Dutch Health Store\",\"url\":\"https:\/\/dutchhealthstore.com\/fr\/\",\"logo\":{\"@type\":\"ImageObject\",\"inLanguage\":\"fr-FR\",\"@id\":\"https:\/\/dutchhealthstore.com\/fr\/#\/schema\/logo\/image\/\",\"url\":\"https:\/\/dutchhealthstore.com\/wp-content\/uploads\/2020\/08\/logo-dutchhealthstore-jpg-e1599484957574.jpg\",\"contentUrl\":\"https:\/\/dutchhealthstore.com\/wp-content\/uploads\/2020\/08\/logo-dutchhealthstore-jpg-e1599484957574.jpg\",\"width\":400,\"height\":62,\"caption\":\"Dutch Health Store\"},\"image\":{\"@id\":\"https:\/\/dutchhealthstore.com\/fr\/#\/schema\/logo\/image\/\"},\"sameAs\":[\"https:\/\/www.instagram.com\/dutchhealthstore\/\",\"https:\/\/www.facebook.com\/dutchhealthstore\"]}]}<\/script>\n<meta property=\"product:brand\" content=\"Living Libations\" \/>\n<meta property=\"og:availability\" content=\"instock\" \/>\n<meta property=\"product:availability\" content=\"instock\" \/>\n<meta property=\"product:condition\" content=\"new\" \/>\n<!-- \/ Yoast SEO Premium plugin. -->","yoast_head_json":{"title":"Fir, Grand Essential Oil | Living Libations","description":"Grand Fir Essential Oil de gargantuesque est distill\u00e9e \u00e0 la vapeur et produite de mani\u00e8re sauvage \u00e0 partir des plus grands arbres de France.","robots":{"index":"index","follow":"follow","max-snippet":"max-snippet:-1","max-image-preview":"max-image-preview:large","max-video-preview":"max-video-preview:-1"},"canonical":"https:\/\/dutchhealthstore.com\/fr\/product\/fir-grand-essential-oil\/","og_locale":"fr_FR","og_type":"article","og_title":"Fir, Grand Essential Oil - Dutch Health Store","og_description":"Grand Fir Essential Oil de gargantuesque est distill\u00e9e \u00e0 la vapeur et produite de mani\u00e8re sauvage \u00e0 partir des plus grands arbres de France.","og_url":"https:\/\/dutchhealthstore.com\/fr\/product\/fir-grand-essential-oil\/","og_site_name":"Dutch Health Store","article_publisher":"https:\/\/www.instagram.com\/dutchhealthstore\/","article_modified_time":"2024-10-21T08:26:37+00:00","og_image":[{"width":500,"height":500,"url":"https:\/\/dutchhealthstore.com\/wp-content\/uploads\/2020\/06\/Living-Libations-Fir-Grand-e1592211212448-1.jpg","type":"image\/jpeg"}],"twitter_card":"summary_large_image","twitter_misc":{"Disponibilit\u00e9":"En stock"},"schema":{"@context":"https:\/\/schema.org","@graph":[{"@type":"WebPage","@id":"https:\/\/dutchhealthstore.com\/fr\/product\/fir-grand-essential-oil\/","url":"https:\/\/dutchhealthstore.com\/fr\/product\/fir-grand-essential-oil\/","name":"Fir, Grand Essential Oil | Living Libations","isPartOf":{"@id":"https:\/\/dutchhealthstore.com\/fr\/#website"},"primaryImageOfPage":{"@id":"https:\/\/dutchhealthstore.com\/fr\/product\/fir-grand-essential-oil\/#primaryimage"},"image":{"@id":"https:\/\/dutchhealthstore.com\/fr\/product\/fir-grand-essential-oil\/#primaryimage"},"thumbnailUrl":"https:\/\/dutchhealthstore.com\/wp-content\/uploads\/2020\/06\/Living-Libations-Fir-Grand-e1592211212448-1.jpg","datePublished":"2020-06-15T07:06:02+00:00","dateModified":"2024-10-21T08:26:37+00:00","description":"Grand Fir Essential Oil de gargantuesque est distill\u00e9e \u00e0 la vapeur et produite de mani\u00e8re sauvage \u00e0 partir des plus grands arbres de France.","breadcrumb":{"@id":"https:\/\/dutchhealthstore.com\/fr\/product\/fir-grand-essential-oil\/#breadcrumb"},"inLanguage":"fr-FR","potentialAction":[{"@type":"ReadAction","target":["https:\/\/dutchhealthstore.com\/fr\/product\/fir-grand-essential-oil\/"]}]},{"@type":"ImageObject","inLanguage":"fr-FR","@id":"https:\/\/dutchhealthstore.com\/fr\/product\/fir-grand-essential-oil\/#primaryimage","url":"https:\/\/dutchhealthstore.com\/wp-content\/uploads\/2020\/06\/Living-Libations-Fir-Grand-e1592211212448-1.jpg","contentUrl":"https:\/\/dutchhealthstore.com\/wp-content\/uploads\/2020\/06\/Living-Libations-Fir-Grand-e1592211212448-1.jpg","width":500,"height":500},{"@type":"BreadcrumbList","@id":"https:\/\/dutchhealthstore.com\/fr\/product\/fir-grand-essential-oil\/#breadcrumb","itemListElement":[{"@type":"ListItem","position":1,"name":"Home","item":"https:\/\/dutchhealthstore.com\/fr\/"},{"@type":"ListItem","position":2,"name":"Shop","item":"https:\/\/dutchhealthstore.com\/fr\/shop\/"},{"@type":"ListItem","position":3,"name":"Fir, Grand Essential Oil"}]},{"@type":"WebSite","@id":"https:\/\/dutchhealthstore.com\/fr\/#website","url":"https:\/\/dutchhealthstore.com\/fr\/","name":"Dutch Health Store","description":"Enhance Your Beauty with Organic &amp; Natural Skincare","publisher":{"@id":"https:\/\/dutchhealthstore.com\/fr\/#organization"},"potentialAction":[{"@type":"SearchAction","target":{"@type":"EntryPoint","urlTemplate":"https:\/\/dutchhealthstore.com\/fr\/?s={search_term_string}"},"query-input":{"@type":"PropertyValueSpecification","valueRequired":true,"valueName":"search_term_string"}}],"inLanguage":"fr-FR"},{"@type":"Organization","@id":"https:\/\/dutchhealthstore.com\/fr\/#organization","name":"Dutch Health Store","url":"https:\/\/dutchhealthstore.com\/fr\/","logo":{"@type":"ImageObject","inLanguage":"fr-FR","@id":"https:\/\/dutchhealthstore.com\/fr\/#\/schema\/logo\/image\/","url":"https:\/\/dutchhealthstore.com\/wp-content\/uploads\/2020\/08\/logo-dutchhealthstore-jpg-e1599484957574.jpg","contentUrl":"https:\/\/dutchhealthstore.com\/wp-content\/uploads\/2020\/08\/logo-dutchhealthstore-jpg-e1599484957574.jpg","width":400,"height":62,"caption":"Dutch Health Store"},"image":{"@id":"https:\/\/dutchhealthstore.com\/fr\/#\/schema\/logo\/image\/"},"sameAs":["https:\/\/www.instagram.com\/dutchhealthstore\/","https:\/\/www.facebook.com\/dutchhealthstore"]}]},"product_brand":"Living Libations","og_availability":"instock","product_availability":"instock","product_condition":"new"},"_links":{"self":[{"href":"https:\/\/dutchhealthstore.com\/fr\/wp-json\/wp\/v2\/product\/118349","targetHints":{"allow":["GET"]}}],"collection":[{"href":"https:\/\/dutchhealthstore.com\/fr\/wp-json\/wp\/v2\/product"}],"about":[{"href":"https:\/\/dutchhealthstore.com\/fr\/wp-json\/wp\/v2\/types\/product"}],"replies":[{"embeddable":true,"href":"https:\/\/dutchhealthstore.com\/fr\/wp-json\/wp\/v2\/comments?post=118349"}],"wp:featuredmedia":[{"embeddable":true,"href":"https:\/\/dutchhealthstore.com\/fr\/wp-json\/wp\/v2\/media\/106949"}],"wp:attachment":[{"href":"https:\/\/dutchhealthstore.com\/fr\/wp-json\/wp\/v2\/media?parent=118349"}],"wp:term":[{"taxonomy":"product_brand","embeddable":true,"href":"https:\/\/dutchhealthstore.com\/fr\/wp-json\/wp\/v2\/product_brand?post=118349"},{"taxonomy":"product_cat","embeddable":true,"href":"https:\/\/dutchhealthstore.com\/fr\/wp-json\/wp\/v2\/product_cat?post=118349"},{"taxonomy":"product_tag","embeddable":true,"href":"https:\/\/dutchhealthstore.com\/fr\/wp-json\/wp\/v2\/product_tag?post=118349"}],"curies":[{"name":"wp","href":"https:\/\/api.w.org\/{rel}","templated":true}]}}