{"id":118338,"date":"2020-06-15T09:26:16","date_gmt":"2020-06-15T07:26:16","guid":{"rendered":"https:\/\/dutchhealthstore.com\/product\/fir-douglas-essential-oil\/"},"modified":"2025-10-28T10:47:15","modified_gmt":"2025-10-28T09:47:15","slug":"fir-douglas-essential-oil","status":"publish","type":"product","link":"https:\/\/dutchhealthstore.com\/fr\/product\/fir-douglas-essential-oil\/","title":{"rendered":"Fir, Douglas Essential Oil"},"content":{"rendered":"<p><img decoding=\"async\" class=\"size-full wp-image-69549 alignright\" src=\"https:\/\/dutchhealthstore.com\/wp-content\/uploads\/2019\/08\/NEW-Living-Libations-Logo.jpg\" alt=\"NEW - Living Libations - Logo\" width=\"175\" height=\"82\"><strong>Nom botanique :<\/strong> Pseudotsuga douglasii<br \/>\n<strong>Famille botanique:<\/strong> Pinaceae<br \/>\n<strong>M\u00e9thode d&rsquo;extraction :<\/strong> Distillation \u00e0 la vapeur<br \/>\n<strong>Partie de la plante distill\u00e9e :<\/strong> Aiguilles<br \/>\n<strong>Pays d&rsquo;origine :<\/strong> France<br \/>\n<strong>M\u00e9thode de culture :<\/strong> Sauvage<br \/>\n<strong>Composition :<\/strong> 100% Pseudotsuga douglasii<br \/>\n<strong>Consistance :<\/strong> Viscosit\u00e9 fine<\/p>\n<h3>Description de l&rsquo;odeur<\/h3>\n<p>Fruit\u00e9-pomme-vert avec une bouff\u00e9e d&rsquo;air frais de la montagne.<\/p>\n<h3>Dans Living Libations<\/h3>\n<p>Trees Please, Poetic Pits<\/p>\n<h3>Se marie bien avec<\/h3>\n<p>Encens, pamplemousse, v\u00e9tiver, sauge, c\u00e8dre, bergamote, sapin argent\u00e9, c\u00e8dre, rose, myrrhe, myrte, citron, vanille et orange.<\/p>\n<h3>Utilisations<\/h3>\n<p>Majestueux dans les huiles de massage. Composants cl\u00e9s des eaux de Cologne, des d\u00e9odorants et des pschitt de c\u00e9r\u00e9monie. D\u00e9licieux dans les diffuseurs, il harmonise le foyer et la maison. Revitalisation dans un tuyau de sel. Restorative dans les bains.<\/p>\n<a href=\"https:\/\/dutchhealthstore.com\/wp-content\/uploads\/2020\/06\/ANALYSIS-Fir-Douglas-Essential-Oil-Living-Libations-3.pdf\" class=\"button primary is-primary is-small\"  >\n\t\t<span>ANALYSE DES HUILES ESSENTIELLES &gt;<\/span>\n\t<\/a>\n\n<p>Cette essence distingu\u00e9e d\u00e9voile la majest\u00e9, le charme et le pouvoir revitalisant des festivals de fra\u00eecheur foresti\u00e8re de la campagne fran\u00e7aise. Chaque aiguille regorge de propri\u00e9t\u00e9s bienveillantes qui sont un d\u00e9lice \u00e0 inhaler et \u00e0 r\u00e9galer le corps.<\/p>\n<p>Le nom latin du Douglas, Pseudotsuga, indique qu&rsquo;il s&rsquo;agit d&rsquo;une fausse pruche. L&rsquo;huile essentielle est distill\u00e9e \u00e0 partir des aiguilles et elle contient des notes fruit\u00e9es et une touche de douceur gr\u00e2ce \u00e0 des quantit\u00e9s g\u00e9n\u00e9reuses de g\u00e9raniol et de citral joyeux.<\/p>\n<p>L&rsquo;ar\u00f4me frais de pin et de conif\u00e8re de Douglas Fir Essential Oil facilite la respiration profonde et un \u00e9tat d&rsquo;esprit calme et m\u00e9ditatif. Les Am\u00e9rindiens du nord-ouest du Pacifique utilisaient le bois, les aiguilles et les fruits du sapin comme th\u00e9 apaisant et pour revigorer les sens et ralentir l&rsquo;esprit lors de bains de vapeur prolong\u00e9s. Avec votre premi\u00e8re inhalation de Douglas Fir, vous commencerez \u00e0 puiser dans le pouvoir illimit\u00e9 du digne Douglas.<\/p>\n<p><strong>Taille : 15 ml et 30 ml<\/strong><\/p>\n<h3>Ingr\u00e9dients biologiques<\/h3>\n<p>100% huile essentielle de sapin douglas (Pseudotsuga douglasii).<\/p>\n<p style=\"text-align: center;\"><em>\u00ab\u00a0Le Douglas s&rsquo;\u00e9panouit si, tous les quelques ann\u00e9es, un bon feu nettoyant vient d\u00e9barrasser le bois mort et les broussailles basses \u00e0 sa base afin que ses semis puissent prosp\u00e9rer\u00a0\u00bb.<\/em><br \/>\n~ David Suzuki et Wayne Grady, <strong>Tree : Une histoire de vie<\/strong><\/p>\n<p style=\"text-align: center;\"><em>\u00ab\u00a0Ce sapin vigoureux est toujours beau, accueillant les vents de montagne et la neige aussi bien que la douce lumi\u00e8re de l&rsquo;\u00e9t\u00e9, et conservant sa fra\u00eecheur juv\u00e9nile inalt\u00e9r\u00e9e de si\u00e8cle en si\u00e8cle \u00e0 travers mille temp\u00eates.\u00a0\u00bb<\/em><br \/>\n~ John Muir<\/p>\n<p style=\"text-align: center;\"><em>\u00ab\u00a0Il y a trois cents millions d&rsquo;ann\u00e9es, les huiles essentielles telles que nous les connaissons aujourd&rsquo;hui \u00e9taient les substances secondaires omnipr\u00e9sentes dans les arbres \u00e0 aiguilles conif\u00e8res. \u00c0 ce stade de d\u00e9veloppement, ces plantes ont r\u00e9ussi \u00e0 produire des huiles essentielles compos\u00e9es principalement de monoterp\u00e8nes. Gr\u00e2ce aux arbres \u00e0 aiguilles, nous savons que le limon\u00e8ne, le pin\u00e8ne, le born\u00e9ol, le carvacrol et le thymol, entre autres, ont jou\u00e9 un r\u00f4le important dans la chimie de la vie sur cette plan\u00e8te.\u00a0\u00bb<\/em><br \/>\n~ Kurt Schnaubelt, <strong>Advanced Aromatherapy<\/strong><\/p>\n<p>&nbsp;<\/p>\n<p><img fetchpriority=\"high\" decoding=\"async\" class=\"size-medium wp-image-68103 aligncenter\" src=\"https:\/\/dutchhealthstore.com\/wp-content\/uploads\/2018\/02\/Living-Libations-Organic-Logo-800x89.png\" alt=\"Living Libations - Organic Logo\" width=\"800\" height=\"89\" srcset=\"https:\/\/dutchhealthstore.com\/wp-content\/uploads\/2018\/02\/Living-Libations-Organic-Logo-800x89.png 800w, https:\/\/dutchhealthstore.com\/wp-content\/uploads\/2018\/02\/Living-Libations-Organic-Logo-510x57.png 510w, https:\/\/dutchhealthstore.com\/wp-content\/uploads\/2018\/02\/Living-Libations-Organic-Logo-768x85.png 768w, https:\/\/dutchhealthstore.com\/wp-content\/uploads\/2018\/02\/Living-Libations-Organic-Logo.png 1400w\" sizes=\"(max-width: 800px) 100vw, 800px\" \/><\/p>\n","protected":false},"excerpt":{"rendered":"<p><strong>Douglas Fir Essential Oil<\/strong> distingu\u00e9 calmera et \u00e9l\u00e8vera les esprits tout en b\u00e9nissant la respiration profonde et en ralentissant les esprits tournants.<br \/>\nLe Douglas exploite la puissance majestueuse de la campagne fran\u00e7aise, o\u00f9 les montagnes sto\u00efques veillent sur les vastes champs forestiers. Cette distillation exquise de Douglas Fir Essential Oil est une bouff\u00e9e d&rsquo;air frais qui ravive l&rsquo;\u00eatre.<\/p>\n","protected":false},"featured_media":106972,"comment_status":"open","ping_status":"closed","template":"","meta":[],"product_brand":[],"product_cat":[6734,1507,1211,1209,3757,6733],"product_tag":[4495],"class_list":{"0":"post-118338","1":"product","2":"type-product","3":"status-publish","4":"has-post-thumbnail","6":"product_cat-essential-oils","7":"product_cat-plantes-huiles-essentielles-living-libations","8":"product_cat-living-libations-france","9":"product_cat-par-marques","10":"product_cat-plantes-huiles-essentielles","11":"product_cat-wellness-fr-2","12":"product_tag-essential-oil-fr","13":"pa_brand-livinglibations-fr","14":"pa_essential-oils-product-type-essential-oils-fr","15":"pa_size-5-ml-fr","16":"pa_size-15-ml-fr","18":"first","19":"instock","20":"taxable","21":"shipping-taxable","22":"purchasable","23":"product-type-variable"},"bundled_by":[],"bundle_stock_status":"instock","bundle_stock_quantity":null,"bundle_virtual":false,"bundle_layout":"","bundle_add_to_cart_form_location":"","bundle_editable_in_cart":false,"bundle_sold_individually_context":"","bundle_item_grouping":"","bundle_min_size":"","bundle_max_size":"","bundle_price":[],"bundled_items":[],"bundle_sell_ids":[],"atum_controlled":true,"out_stock_date":null,"out_stock_threshold":null,"inheritable":true,"stock_on_hold":0,"sold_today":0,"sales_last_days":0,"out_stock_days":0,"lost_sales":0,"update_date":"2026-04-06T01:47:07","atum_locations":[],"atum_stock_status":"instock","restock_status":false,"low_stock_amount":"","sales_update_date":"2026-04-06T01:47:07","calc_backorders":null,"group_of_quantity":0,"min_quantity":0,"max_quantity":"","exclude_order_quantity_value_rules":"no","exclude_category_quantity_rules":"no","combine_variations":"no","yoast_head":"<!-- This site is optimized with the Yoast SEO Premium plugin v26.5 (Yoast SEO v26.5) - https:\/\/yoast.com\/wordpress\/plugins\/seo\/ -->\n<title>Fir, Douglas Essential Oil | Living Libations<\/title>\n<meta name=\"description\" content=\"Douglas Fir Essential Oil distingu\u00e9 calmera et \u00e9l\u00e8vera les esprits tout en b\u00e9nissant la respiration profonde et en ralentissant les esprits tournants.\" \/>\n<meta name=\"robots\" content=\"index, follow, max-snippet:-1, max-image-preview:large, max-video-preview:-1\" \/>\n<link rel=\"canonical\" href=\"https:\/\/dutchhealthstore.com\/fr\/product\/fir-douglas-essential-oil\/\" \/>\n<meta property=\"og:locale\" content=\"fr_FR\" \/>\n<meta property=\"og:type\" content=\"article\" \/>\n<meta property=\"og:title\" content=\"Fir, Douglas Essential Oil - Dutch Health Store\" \/>\n<meta property=\"og:description\" content=\"Douglas Fir Essential Oil distingu\u00e9 calmera et \u00e9l\u00e8vera les esprits tout en b\u00e9nissant la respiration profonde et en ralentissant les esprits tournants.\" \/>\n<meta property=\"og:url\" content=\"https:\/\/dutchhealthstore.com\/fr\/product\/fir-douglas-essential-oil\/\" \/>\n<meta property=\"og:site_name\" content=\"Dutch Health Store\" \/>\n<meta property=\"article:publisher\" content=\"https:\/\/www.instagram.com\/dutchhealthstore\/\" \/>\n<meta property=\"article:modified_time\" content=\"2025-10-28T09:47:15+00:00\" \/>\n<meta property=\"og:image\" content=\"https:\/\/dutchhealthstore.com\/wp-content\/uploads\/2020\/06\/Living-Libations-Fir-Douglas-e1592212942890.png\" \/>\n\t<meta property=\"og:image:width\" content=\"500\" \/>\n\t<meta property=\"og:image:height\" content=\"500\" \/>\n\t<meta property=\"og:image:type\" content=\"image\/jpeg\" \/>\n<meta name=\"twitter:card\" content=\"summary_large_image\" \/>\n<meta name=\"twitter:label1\" content=\"Disponibilit\u00e9\" \/>\n\t<meta name=\"twitter:data1\" content=\"En stock\" \/>\n<script type=\"application\/ld+json\" class=\"yoast-schema-graph\">{\"@context\":\"https:\/\/schema.org\",\"@graph\":[{\"@type\":\"WebPage\",\"@id\":\"https:\/\/dutchhealthstore.com\/fr\/product\/fir-douglas-essential-oil\/\",\"url\":\"https:\/\/dutchhealthstore.com\/fr\/product\/fir-douglas-essential-oil\/\",\"name\":\"Fir, Douglas Essential Oil | Living Libations\",\"isPartOf\":{\"@id\":\"https:\/\/dutchhealthstore.com\/fr\/#website\"},\"primaryImageOfPage\":{\"@id\":\"https:\/\/dutchhealthstore.com\/fr\/product\/fir-douglas-essential-oil\/#primaryimage\"},\"image\":{\"@id\":\"https:\/\/dutchhealthstore.com\/fr\/product\/fir-douglas-essential-oil\/#primaryimage\"},\"thumbnailUrl\":\"https:\/\/dutchhealthstore.com\/wp-content\/uploads\/2020\/06\/Living-Libations-Fir-Douglas-e1592212942890.png\",\"datePublished\":\"2020-06-15T07:26:16+00:00\",\"dateModified\":\"2025-10-28T09:47:15+00:00\",\"description\":\"Douglas Fir Essential Oil distingu\u00e9 calmera et \u00e9l\u00e8vera les esprits tout en b\u00e9nissant la respiration profonde et en ralentissant les esprits tournants.\",\"breadcrumb\":{\"@id\":\"https:\/\/dutchhealthstore.com\/fr\/product\/fir-douglas-essential-oil\/#breadcrumb\"},\"inLanguage\":\"fr-FR\",\"potentialAction\":[{\"@type\":\"ReadAction\",\"target\":[\"https:\/\/dutchhealthstore.com\/fr\/product\/fir-douglas-essential-oil\/\"]}]},{\"@type\":\"ImageObject\",\"inLanguage\":\"fr-FR\",\"@id\":\"https:\/\/dutchhealthstore.com\/fr\/product\/fir-douglas-essential-oil\/#primaryimage\",\"url\":\"https:\/\/dutchhealthstore.com\/wp-content\/uploads\/2020\/06\/Living-Libations-Fir-Douglas-e1592212942890.png\",\"contentUrl\":\"https:\/\/dutchhealthstore.com\/wp-content\/uploads\/2020\/06\/Living-Libations-Fir-Douglas-e1592212942890.png\",\"width\":500,\"height\":500},{\"@type\":\"BreadcrumbList\",\"@id\":\"https:\/\/dutchhealthstore.com\/fr\/product\/fir-douglas-essential-oil\/#breadcrumb\",\"itemListElement\":[{\"@type\":\"ListItem\",\"position\":1,\"name\":\"Home\",\"item\":\"https:\/\/dutchhealthstore.com\/fr\/\"},{\"@type\":\"ListItem\",\"position\":2,\"name\":\"Shop\",\"item\":\"https:\/\/dutchhealthstore.com\/fr\/shop\/\"},{\"@type\":\"ListItem\",\"position\":3,\"name\":\"Fir, Douglas Essential Oil\"}]},{\"@type\":\"WebSite\",\"@id\":\"https:\/\/dutchhealthstore.com\/fr\/#website\",\"url\":\"https:\/\/dutchhealthstore.com\/fr\/\",\"name\":\"Dutch Health Store\",\"description\":\"Enhance Your Beauty with Organic &amp; Natural Skincare\",\"publisher\":{\"@id\":\"https:\/\/dutchhealthstore.com\/fr\/#organization\"},\"potentialAction\":[{\"@type\":\"SearchAction\",\"target\":{\"@type\":\"EntryPoint\",\"urlTemplate\":\"https:\/\/dutchhealthstore.com\/fr\/?s={search_term_string}\"},\"query-input\":{\"@type\":\"PropertyValueSpecification\",\"valueRequired\":true,\"valueName\":\"search_term_string\"}}],\"inLanguage\":\"fr-FR\"},{\"@type\":\"Organization\",\"@id\":\"https:\/\/dutchhealthstore.com\/fr\/#organization\",\"name\":\"Dutch Health Store\",\"url\":\"https:\/\/dutchhealthstore.com\/fr\/\",\"logo\":{\"@type\":\"ImageObject\",\"inLanguage\":\"fr-FR\",\"@id\":\"https:\/\/dutchhealthstore.com\/fr\/#\/schema\/logo\/image\/\",\"url\":\"https:\/\/dutchhealthstore.com\/wp-content\/uploads\/2020\/08\/logo-dutchhealthstore-jpg-e1599484957574.jpg\",\"contentUrl\":\"https:\/\/dutchhealthstore.com\/wp-content\/uploads\/2020\/08\/logo-dutchhealthstore-jpg-e1599484957574.jpg\",\"width\":400,\"height\":62,\"caption\":\"Dutch Health Store\"},\"image\":{\"@id\":\"https:\/\/dutchhealthstore.com\/fr\/#\/schema\/logo\/image\/\"},\"sameAs\":[\"https:\/\/www.instagram.com\/dutchhealthstore\/\",\"https:\/\/www.facebook.com\/dutchhealthstore\"]}]}<\/script>\n<meta property=\"product:brand\" content=\"Living Libations\" \/>\n<meta property=\"og:availability\" content=\"instock\" \/>\n<meta property=\"product:availability\" content=\"instock\" \/>\n<meta property=\"product:condition\" content=\"new\" \/>\n<!-- \/ Yoast SEO Premium plugin. -->","yoast_head_json":{"title":"Fir, Douglas Essential Oil | Living Libations","description":"Douglas Fir Essential Oil distingu\u00e9 calmera et \u00e9l\u00e8vera les esprits tout en b\u00e9nissant la respiration profonde et en ralentissant les esprits tournants.","robots":{"index":"index","follow":"follow","max-snippet":"max-snippet:-1","max-image-preview":"max-image-preview:large","max-video-preview":"max-video-preview:-1"},"canonical":"https:\/\/dutchhealthstore.com\/fr\/product\/fir-douglas-essential-oil\/","og_locale":"fr_FR","og_type":"article","og_title":"Fir, Douglas Essential Oil - Dutch Health Store","og_description":"Douglas Fir Essential Oil distingu\u00e9 calmera et \u00e9l\u00e8vera les esprits tout en b\u00e9nissant la respiration profonde et en ralentissant les esprits tournants.","og_url":"https:\/\/dutchhealthstore.com\/fr\/product\/fir-douglas-essential-oil\/","og_site_name":"Dutch Health Store","article_publisher":"https:\/\/www.instagram.com\/dutchhealthstore\/","article_modified_time":"2025-10-28T09:47:15+00:00","og_image":[{"width":500,"height":500,"url":"https:\/\/dutchhealthstore.com\/wp-content\/uploads\/2020\/06\/Living-Libations-Fir-Douglas-e1592212942890.png","type":"image\/jpeg"}],"twitter_card":"summary_large_image","twitter_misc":{"Disponibilit\u00e9":"En stock"},"schema":{"@context":"https:\/\/schema.org","@graph":[{"@type":"WebPage","@id":"https:\/\/dutchhealthstore.com\/fr\/product\/fir-douglas-essential-oil\/","url":"https:\/\/dutchhealthstore.com\/fr\/product\/fir-douglas-essential-oil\/","name":"Fir, Douglas Essential Oil | Living Libations","isPartOf":{"@id":"https:\/\/dutchhealthstore.com\/fr\/#website"},"primaryImageOfPage":{"@id":"https:\/\/dutchhealthstore.com\/fr\/product\/fir-douglas-essential-oil\/#primaryimage"},"image":{"@id":"https:\/\/dutchhealthstore.com\/fr\/product\/fir-douglas-essential-oil\/#primaryimage"},"thumbnailUrl":"https:\/\/dutchhealthstore.com\/wp-content\/uploads\/2020\/06\/Living-Libations-Fir-Douglas-e1592212942890.png","datePublished":"2020-06-15T07:26:16+00:00","dateModified":"2025-10-28T09:47:15+00:00","description":"Douglas Fir Essential Oil distingu\u00e9 calmera et \u00e9l\u00e8vera les esprits tout en b\u00e9nissant la respiration profonde et en ralentissant les esprits tournants.","breadcrumb":{"@id":"https:\/\/dutchhealthstore.com\/fr\/product\/fir-douglas-essential-oil\/#breadcrumb"},"inLanguage":"fr-FR","potentialAction":[{"@type":"ReadAction","target":["https:\/\/dutchhealthstore.com\/fr\/product\/fir-douglas-essential-oil\/"]}]},{"@type":"ImageObject","inLanguage":"fr-FR","@id":"https:\/\/dutchhealthstore.com\/fr\/product\/fir-douglas-essential-oil\/#primaryimage","url":"https:\/\/dutchhealthstore.com\/wp-content\/uploads\/2020\/06\/Living-Libations-Fir-Douglas-e1592212942890.png","contentUrl":"https:\/\/dutchhealthstore.com\/wp-content\/uploads\/2020\/06\/Living-Libations-Fir-Douglas-e1592212942890.png","width":500,"height":500},{"@type":"BreadcrumbList","@id":"https:\/\/dutchhealthstore.com\/fr\/product\/fir-douglas-essential-oil\/#breadcrumb","itemListElement":[{"@type":"ListItem","position":1,"name":"Home","item":"https:\/\/dutchhealthstore.com\/fr\/"},{"@type":"ListItem","position":2,"name":"Shop","item":"https:\/\/dutchhealthstore.com\/fr\/shop\/"},{"@type":"ListItem","position":3,"name":"Fir, Douglas Essential Oil"}]},{"@type":"WebSite","@id":"https:\/\/dutchhealthstore.com\/fr\/#website","url":"https:\/\/dutchhealthstore.com\/fr\/","name":"Dutch Health Store","description":"Enhance Your Beauty with Organic &amp; Natural Skincare","publisher":{"@id":"https:\/\/dutchhealthstore.com\/fr\/#organization"},"potentialAction":[{"@type":"SearchAction","target":{"@type":"EntryPoint","urlTemplate":"https:\/\/dutchhealthstore.com\/fr\/?s={search_term_string}"},"query-input":{"@type":"PropertyValueSpecification","valueRequired":true,"valueName":"search_term_string"}}],"inLanguage":"fr-FR"},{"@type":"Organization","@id":"https:\/\/dutchhealthstore.com\/fr\/#organization","name":"Dutch Health Store","url":"https:\/\/dutchhealthstore.com\/fr\/","logo":{"@type":"ImageObject","inLanguage":"fr-FR","@id":"https:\/\/dutchhealthstore.com\/fr\/#\/schema\/logo\/image\/","url":"https:\/\/dutchhealthstore.com\/wp-content\/uploads\/2020\/08\/logo-dutchhealthstore-jpg-e1599484957574.jpg","contentUrl":"https:\/\/dutchhealthstore.com\/wp-content\/uploads\/2020\/08\/logo-dutchhealthstore-jpg-e1599484957574.jpg","width":400,"height":62,"caption":"Dutch Health Store"},"image":{"@id":"https:\/\/dutchhealthstore.com\/fr\/#\/schema\/logo\/image\/"},"sameAs":["https:\/\/www.instagram.com\/dutchhealthstore\/","https:\/\/www.facebook.com\/dutchhealthstore"]}]},"product_brand":"Living Libations","og_availability":"instock","product_availability":"instock","product_condition":"new"},"_links":{"self":[{"href":"https:\/\/dutchhealthstore.com\/fr\/wp-json\/wp\/v2\/product\/118338","targetHints":{"allow":["GET"]}}],"collection":[{"href":"https:\/\/dutchhealthstore.com\/fr\/wp-json\/wp\/v2\/product"}],"about":[{"href":"https:\/\/dutchhealthstore.com\/fr\/wp-json\/wp\/v2\/types\/product"}],"replies":[{"embeddable":true,"href":"https:\/\/dutchhealthstore.com\/fr\/wp-json\/wp\/v2\/comments?post=118338"}],"wp:featuredmedia":[{"embeddable":true,"href":"https:\/\/dutchhealthstore.com\/fr\/wp-json\/wp\/v2\/media\/106972"}],"wp:attachment":[{"href":"https:\/\/dutchhealthstore.com\/fr\/wp-json\/wp\/v2\/media?parent=118338"}],"wp:term":[{"taxonomy":"product_brand","embeddable":true,"href":"https:\/\/dutchhealthstore.com\/fr\/wp-json\/wp\/v2\/product_brand?post=118338"},{"taxonomy":"product_cat","embeddable":true,"href":"https:\/\/dutchhealthstore.com\/fr\/wp-json\/wp\/v2\/product_cat?post=118338"},{"taxonomy":"product_tag","embeddable":true,"href":"https:\/\/dutchhealthstore.com\/fr\/wp-json\/wp\/v2\/product_tag?post=118338"}],"curies":[{"name":"wp","href":"https:\/\/api.w.org\/{rel}","templated":true}]}}